{"id":1945,"date":"2022-06-19T10:29:53","date_gmt":"2022-06-19T10:29:53","guid":{"rendered":"https:\/\/serpilasamhairclinic.com\/kirurgjia-e-veshit-otoplastika\/"},"modified":"2022-08-11T10:58:23","modified_gmt":"2022-08-11T10:58:23","slug":"kirurgjia-e-veshit-otoplastika","status":"publish","type":"page","link":"https:\/\/serpilasamhairclinic.com\/sq\/kirurgjia-e-veshit-otoplastika\/","title":{"rendered":"Kirurgjia e veshit Otoplastika"},"content":{"rendered":"\t\t<div data-elementor-type=\"wp-page\" data-elementor-id=\"1945\" class=\"elementor elementor-1945 elementor-1717\" data-elementor-post-type=\"page\">\n\t\t\t\t\t\t<section class=\"elementor-section elementor-top-section elementor-element elementor-element-2c1131e elementor-section-boxed elementor-section-height-default elementor-section-height-default\" data-id=\"2c1131e\" data-element_type=\"section\" data-e-type=\"section\" data-settings=\"{&quot;background_background&quot;:&quot;classic&quot;}\">\n\t\t\t\t\t\t<div class=\"elementor-container elementor-column-gap-default\">\n\t\t\t\t\t<div class=\"elementor-column elementor-col-100 elementor-top-column elementor-element elementor-element-b7c6070\" data-id=\"b7c6070\" data-element_type=\"column\" data-e-type=\"column\">\n\t\t\t<div class=\"elementor-widget-wrap elementor-element-populated\">\n\t\t\t\t\t\t<div class=\"elementor-element elementor-element-6d48f61 elementor-widget elementor-widget-heading\" data-id=\"6d48f61\" data-element_type=\"widget\" data-e-type=\"widget\" data-widget_type=\"heading.default\">\n\t\t\t\t<div class=\"elementor-widget-container\">\n\t\t\t\t\t<h1 class=\"elementor-heading-title elementor-size-default\">Kirurgjia e veshit Otoplastika<\/h1>\t\t\t\t<\/div>\n\t\t\t\t<\/div>\n\t\t\t\t\t<\/div>\n\t\t<\/div>\n\t\t\t\t\t<\/div>\n\t\t<\/section>\n\t\t\t\t<section class=\"elementor-section elementor-top-section elementor-element elementor-element-af4e8b8 elementor-section-boxed elementor-section-height-default elementor-section-height-default\" data-id=\"af4e8b8\" data-element_type=\"section\" data-e-type=\"section\">\n\t\t\t\t\t\t<div class=\"elementor-container elementor-column-gap-default\">\n\t\t\t\t\t<div class=\"elementor-column elementor-col-100 elementor-top-column elementor-element elementor-element-cc94c6d\" data-id=\"cc94c6d\" data-element_type=\"column\" data-e-type=\"column\">\n\t\t\t<div class=\"elementor-widget-wrap elementor-element-populated\">\n\t\t\t\t\t\t<div class=\"elementor-element elementor-element-7ff20f8 elementor-widget elementor-widget-image\" data-id=\"7ff20f8\" data-element_type=\"widget\" data-e-type=\"widget\" data-widget_type=\"image.default\">\n\t\t\t\t<div class=\"elementor-widget-container\">\n\t\t\t\t\t\t\t\t\t\t\t\t\t\t\t<img fetchpriority=\"high\" decoding=\"async\" width=\"512\" height=\"512\" src=\"https:\/\/serpilasamhairclinic.com\/wp-content\/uploads\/2022\/02\/cropped-serpil-asam-hair-clinic.png\" class=\"attachment-large size-large wp-image-567\" alt=\"\" srcset=\"https:\/\/serpilasamhairclinic.com\/wp-content\/uploads\/2022\/02\/cropped-serpil-asam-hair-clinic.png 512w, https:\/\/serpilasamhairclinic.com\/wp-content\/uploads\/2022\/02\/cropped-serpil-asam-hair-clinic-300x300.png 300w, https:\/\/serpilasamhairclinic.com\/wp-content\/uploads\/2022\/02\/cropped-serpil-asam-hair-clinic-150x150.png 150w, https:\/\/serpilasamhairclinic.com\/wp-content\/uploads\/2022\/02\/cropped-serpil-asam-hair-clinic-270x270.png 270w, https:\/\/serpilasamhairclinic.com\/wp-content\/uploads\/2022\/02\/cropped-serpil-asam-hair-clinic-192x192.png 192w, https:\/\/serpilasamhairclinic.com\/wp-content\/uploads\/2022\/02\/cropped-serpil-asam-hair-clinic-180x180.png 180w, https:\/\/serpilasamhairclinic.com\/wp-content\/uploads\/2022\/02\/cropped-serpil-asam-hair-clinic-32x32.png 32w, https:\/\/serpilasamhairclinic.com\/wp-content\/uploads\/2022\/02\/elementor\/thumbs\/cropped-serpil-asam-hair-clinic-pl86ot7mn65h0vfy9cnyzqizj4tcprgkh8aswotqc2.png 85w\" sizes=\"(max-width: 512px) 100vw, 512px\" title=\"\">\t\t\t\t\t\t\t\t\t\t\t\t\t\t\t<\/div>\n\t\t\t\t<\/div>\n\t\t\t\t\t<\/div>\n\t\t<\/div>\n\t\t\t\t\t<\/div>\n\t\t<\/section>\n\t\t\t\t<section class=\"elementor-section elementor-top-section elementor-element elementor-element-632af8c elementor-section-boxed elementor-section-height-default elementor-section-height-default\" data-id=\"632af8c\" data-element_type=\"section\" data-e-type=\"section\" id=\"estetik\" data-settings=\"{&quot;background_background&quot;:&quot;classic&quot;}\">\n\t\t\t\t\t\t<div class=\"elementor-container elementor-column-gap-default\">\n\t\t\t\t\t<div class=\"elementor-column elementor-col-100 elementor-top-column elementor-element elementor-element-45c92d73\" data-id=\"45c92d73\" data-element_type=\"column\" data-e-type=\"column\">\n\t\t\t<div class=\"elementor-widget-wrap elementor-element-populated\">\n\t\t\t\t\t\t<div class=\"elementor-element elementor-element-74b40ae elementor-widget elementor-widget-text-editor\" data-id=\"74b40ae\" data-element_type=\"widget\" data-e-type=\"widget\" data-widget_type=\"text-editor.default\">\n\t\t\t\t<div class=\"elementor-widget-container\">\n\t\t\t\t\t\t\t\t\t<p>Struktura e jashtme e vesh\u00ebve, funksioni kryesor i t\u00eb cil\u00ebve \u00ebsht\u00eb shqisa e d\u00ebgjimit, \u00ebsht\u00eb e dukshme. P\u00ebr k\u00ebt\u00eb arsye, p\u00ebr shkak t\u00eb disa deformimeve apo deformimeve t\u00eb lindura n\u00eb vesh, njer\u00ebzit shqet\u00ebsohen. Deformimet e veshit, q\u00eb shkaktojn\u00eb probleme psikologjike n\u00eb mosh\u00eb t\u00eb re, sidomos tek f\u00ebmij\u00ebt, mund t\u00eb shkaktojn\u00eb probleme t\u00eb vet\u00ebbesimit n\u00eb moshat e m\u00ebvonshme. P\u00ebr k\u00ebt\u00eb arsye, \u00ebsht\u00eb e mundur q\u00eb me operacion estetik t\u00eb veshit t\u00eb ket\u00eb nj\u00eb zgjidhje t\u00eb p\u00ebrhershme p\u00ebr p\u00ebrkeq\u00ebsimin e struktur\u00ebs s\u00eb veshit, e cila ka p\u00ebrfunduar zhvillimin e saj q\u00eb n\u00eb mosh\u00ebn 6-vje\u00e7are. N\u00ebse nuk doni q\u00eb psikologjia e f\u00ebmij\u00ebve tuaj t\u00eb p\u00ebrkeq\u00ebsohet ose n\u00ebse d\u00ebshironi t\u00eb rrisni vet\u00ebbesimin tuaj t\u00eb ul\u00ebt, mund t\u00eb zgjidhni kirurgjin\u00eb estetike t\u00eb veshit.<\/p><h2><strong>Operacioni estetik i veshit<\/strong><\/h2><p>Vesh\u00ebt e p\u00ebrfundojn\u00eb zhvillimin e tyre pas mosh\u00ebs 6 vje\u00e7are. Probleme t\u00eb lindura ose aksidentale n\u00eb vesh\u00eb p\u00ebrjetohen tek individ\u00ebt. Kjo mund t\u00eb shkaktoj\u00eb probleme t\u00eb vet\u00ebbesimit te shum\u00eb njer\u00ebz. \u00cbsht\u00eb e mundur t\u00eb zgjidhet operacioni i estetik\u00ebs s\u00eb veshit n\u00ebse vesh\u00ebt mungojn\u00eb plot\u00ebsisht ose pjes\u00ebrisht n\u00eb lindje, k\u00ebrci rreth veshit \u00ebsht\u00eb i zgjatur, veshi duket i rrudhur, majat e veshit jan\u00eb tep\u00ebr t\u00eb theksuar, vesh\u00ebt jan\u00eb anuar p\u00ebrpara ose pjesa e veshit \u00ebsht\u00eb humbur si pasoj\u00eb e nj\u00eb aksidenti. N\u00eb disa raste, problemi n\u00eb nj\u00ebrin vesh mund t\u00eb shfaqet n\u00eb t\u00eb dy vesh\u00ebt n\u00eb disa raste. Problemi m\u00eb i zakonsh\u00ebm \u00ebsht\u00eb pamja e dukshme e veshit. Duke qen\u00eb se njer\u00ebzit jan\u00eb t\u00eb pak\u00ebnaqur nga pik\u00ebpamja estetike, mund t\u00eb ken\u00eb nj\u00eb zgjidhje t\u00eb p\u00ebrhershme me kirurgjin\u00eb estetike t\u00eb veshit, e cila \u00ebsht\u00eb shum\u00eb e leht\u00eb.<\/p><h2><strong>Si kryhet operacioni i spikatur i veshit?<\/strong><\/h2><p>N\u00ebse pacienti i shquar i kirurgjis\u00eb s\u00eb veshit \u00ebsht\u00eb i rritur, procedura fillon duke dh\u00ebn\u00eb anestezi lokale pas ila\u00e7it qet\u00ebsues. N\u00ebse pacienti \u00ebsht\u00eb n\u00eb mosh\u00eb t\u00eb re, procedura fillon duke aplikuar anestezi t\u00eb p\u00ebrgjithshme. P\u00ebrcaktohen vendet q\u00eb do t\u00eb qepen pas veshit. B\u00ebhet nj\u00eb prerje n\u00eb l\u00ebkur\u00ebn pas veshit dhe indi i k\u00ebrcit futet p\u00ebrmes k\u00ebtyre prerjeve p\u00ebr t&#8217;i dh\u00ebn\u00eb veshit pamjen e d\u00ebshiruar t\u00eb lakuar. K\u00ebndi midis veshit dhe kok\u00ebs ngushtohet me qepje midis sip\u00ebrfaqes s\u00eb veshit dhe membran\u00ebs s\u00eb kock\u00ebs s\u00eb kafk\u00ebs dhe forma e planifikuar e veshit jepet me qepje. N\u00eb disa raste, llapa e veshit mund t\u00eb duhet gjithashtu t\u00eb trajtohet p\u00ebr t\u00eb ruajtur proporcionin. N\u00eb k\u00ebt\u00eb rast, indi hiqet nga prapa llap\u00ebs s\u00eb veshit. N\u00eb faz\u00ebn e fundit, procesi p\u00ebrfundon me sutura estetike.<\/p><h2><strong>Gj\u00ebrat q\u00eb duhen marr\u00eb parasysh pas operacionit<\/strong><\/h2><p>Gj\u00ebrat q\u00eb duhen marr\u00eb parasysh pas operacionit n\u00eb vesh;<\/p><ul><li>Nj\u00eb dit\u00eb pas operacionit duhet b\u00ebr\u00eb veshja.<\/li><li>Pas inspektimit t\u00eb par\u00eb, ngjitet nj\u00eb rrip flok\u00ebsh q\u00eb nuk \u00ebsht\u00eb shum\u00eb i ngusht\u00eb, por do t&#8217;i mbaj\u00eb vesh\u00ebt t\u00eb q\u00ebndruesh\u00ebm. Ju duhet ta mbani k\u00ebt\u00eb brez p\u00ebr aq koh\u00eb sa ju rekomandon mjeku juaj.<\/li><li>Nj\u00eb shirit flok\u00ebsh duhet mbajtur p\u00ebr t\u00eb pakt\u00ebn 1 muaj gjat\u00eb nat\u00ebs p\u00ebr t\u00eb parandaluar p\u00ebrdredhjen dhe p\u00ebr t\u00eb mbrojtur veshin, ve\u00e7an\u00ebrisht gjat\u00eb nat\u00ebs.<\/li><li>Pas operacionit, duhet t\u00eb aplikohet akull p\u00ebr t\u00eb reduktuar \u00ebnjtjen.<\/li><li>Ila\u00e7et e dh\u00ebna duhet t\u00eb p\u00ebrdoren plot\u00ebsisht.<\/li><li>Mund t\u00eb ket\u00eb mpirje n\u00eb indin e l\u00ebkur\u00ebs s\u00eb veshit p\u00ebr disa jav\u00eb, kjo \u00ebsht\u00eb normale.<\/li><li>Mos aplikoni trajtime termike si tharja e flok\u00ebve derisa mjeku juaj t\u00eb miratoj\u00eb.<\/li><li>Problemi i gjakderdhjes q\u00eb v\u00ebrehet pas \u00e7do procedure kirurgjikale p\u00ebrjetohet edhe n\u00eb operacionet e veshit. Mund t\u00eb ket\u00eb grumbullim gjaku brenda dhe pas veshit, dhe n\u00ebse kjo ndodh, duhet t\u00eb konsultoheni me mjekun tuaj.<\/li><li>N\u00ebse zona nuk preket me dor\u00eb pas operacionit, mund t\u00eb ndodh\u00eb infeksion.<\/li><li>N\u00eb disa raste, qepjet e vendosura n\u00eb vesh mund t\u00eb shkaktojn\u00eb formimin e akneve. N\u00eb nj\u00eb situat\u00eb t\u00eb till\u00eb, njoftoni mjekun tuaj dhe n\u00ebse \u00ebsht\u00eb e nevojshme, qepjet do t\u00eb hiqen me nj\u00eb proces pastrimi.<\/li><\/ul><h2><strong>A ka nj\u00eb kufi moshe p\u00ebr kirurgjin\u00eb e dukshme t\u00eb veshit?<\/strong><\/h2><p>Zhvillimi i veshit p\u00ebrfundon kryesisht pas mosh\u00ebs 6 vje\u00e7are. P\u00ebr k\u00ebt\u00eb arsye, n\u00ebse ka nj\u00eb problem t\u00eb madh p\u00ebrsa i p\u00ebrket sh\u00ebndetit, operacioni i veshit mund t\u00eb kryhet pas mosh\u00ebs 6 vje\u00e7are. Kryerja e operacioneve t\u00eb tilla n\u00eb mosh\u00eb t\u00eb re, nj\u00ebkoh\u00ebsisht shkurton periudh\u00ebn e rikuperimit dhe parandalon traumat psikologjike q\u00eb f\u00ebmija do t\u00eb p\u00ebrjetoj\u00eb n\u00eb t\u00eb ardhmen. Operacioni i veshit kryhet me anestezi t\u00eb p\u00ebrgjithshme tek f\u00ebmij\u00ebt dhe t\u00eb rinjt\u00eb, nd\u00ebrsa me anestezi lokale tek t\u00eb rriturit.<\/p><h2><strong>Sa koh\u00eb zgjat nj\u00eb operacion i shquar i veshit?<\/strong><\/h2><p>Operacioni i veshit zakonisht zgjat 1.5 or\u00eb n\u00ebse nuk ndodh ndonj\u00eb situat\u00eb shtes\u00eb.<\/p><p><strong>A do t\u00eb ket\u00eb ndonj\u00eb plag\u00eb pas nj\u00eb operacioni t\u00eb duksh\u00ebm n\u00eb vesh?<\/strong><\/p><p>Operacionet e dukshme t\u00eb veshit jan\u00eb nj\u00eb procedur\u00eb q\u00eb kryhet me prerje t\u00eb b\u00ebra n\u00eb pjes\u00ebn e pasme t\u00eb veshit. Prandaj, nuk ka asnj\u00eb gjurm\u00eb t\u00eb dukshme. Pas veshit, ka nj\u00eb mbres\u00eb shum\u00eb t\u00eb vog\u00ebl t\u00eb dukshme.<\/p><h2><strong>A e pengon kirurgjia d\u00ebgjimin?<\/strong><\/h2><p>Operacionet estetike t\u00eb veshit jan\u00eb operacione q\u00eb kryhen p\u00ebr t\u00eb ndryshuar struktur\u00ebn e veshit t\u00eb jasht\u00ebm, n\u00eb m\u00ebnyr\u00eb q\u00eb t\u00eb mos pengojn\u00eb d\u00ebgjimin.<\/p><h2><strong>A do t\u00eb ket\u00eb dhimbje pas<\/strong> <strong>otoplastik\u00ebs s\u00eb spikatur?<\/strong><\/h2><p>Duke qen\u00eb se operacioni i duksh\u00ebm i veshit \u00ebsht\u00eb nj\u00eb procedur\u00eb kirurgjikale, \u00ebsht\u00eb normale t\u00eb kesh dhimbje n\u00eb dit\u00ebt e para. Gjat\u00eb k\u00ebsaj kohe, ju mund t\u00eb p\u00ebrdorni qet\u00ebsues dhimbjesh t\u00eb dh\u00ebna nga mjeku juaj. Megjithat\u00eb, k\u00ebto dhimbje nuk jan\u00eb t\u00eb padurueshme.<\/p><h2><strong>A do t\u00eb jet\u00eb e qart\u00eb se operacioni i spikatur i veshit \u00ebsht\u00eb kryer pas operacionit?<\/strong><\/h2><p>Kur keni operacionin e par\u00eb, shfaqen \u00ebnjtje dhe mavijosje p\u00ebr shkak t\u00eb procedur\u00ebs kirurgjikale. K\u00ebto \u00ebnjtje fillojn\u00eb t\u00eb ulen pas 1 jave dhe qepjet derdhen, maksimumi 1 muaj m\u00eb von\u00eb, nuk \u00ebsht\u00eb e dukshme q\u00eb keni operacion.<\/p><h2><strong>Kur hiqen qepjet?<\/strong><\/h2><p>Suturat vet\u00eb-shp\u00ebrndar\u00ebse p\u00ebrdoren p\u00ebrgjith\u00ebsisht n\u00eb operacionet e dukshme t\u00eb veshit. 1 jav\u00eb pas operacionit, qepjet fillojn\u00eb t\u00eb shp\u00ebrndahen dhe zhduken plot\u00ebsisht brenda 2-3 jav\u00ebsh.<\/p><h2><strong>Kur duhet b\u00ebr\u00eb dush pas operacionit?<\/strong><\/h2><p>Pas operacionit n\u00eb vesh, uji nuk duhet t\u00eb prek\u00eb zon\u00ebn e qepur p\u00ebr nj\u00eb koh\u00eb. Mund t\u00eb b\u00ebni nj\u00eb dush t\u00eb shkurt\u00ebr 1 jav\u00eb pas operacionit. Pas 15 dit\u00ebsh, mund t\u00eb b\u00ebni dush sipas d\u00ebshir\u00ebs.<\/p><h2><strong>Sa koh\u00eb mban shiriti i kok\u00ebs?<\/strong><\/h2><p>Pas nj\u00eb operacioni t\u00eb duksh\u00ebm n\u00eb vesh, rekomandohet t\u00eb vishni nj\u00eb shirit flok\u00ebsh, ve\u00e7an\u00ebrisht gjat\u00eb nat\u00ebs, p\u00ebr t\u00eb parandaluar p\u00ebrkuljen e vesh\u00ebve dhe p\u00ebr t\u00eb mbrojtur vesh\u00ebt. Edhe pse kjo periudh\u00eb ndryshon nga personi n\u00eb person, rekomandohet mesatarisht 1 muaj.<\/p>\t\t\t\t\t\t\t\t<\/div>\n\t\t\t\t<\/div>\n\t\t\t\t\t<\/div>\n\t\t<\/div>\n\t\t\t\t\t<\/div>\n\t\t<\/section>\n\t\t\t\t<\/div>\n\t\t","protected":false},"excerpt":{"rendered":"<p>Kirurgjia e veshit Otoplastika Struktura e jashtme e vesh\u00ebve, funksioni kryesor i t\u00eb cil\u00ebve \u00ebsht\u00eb shqisa e d\u00ebgjimit, \u00ebsht\u00eb e dukshme. P\u00ebr k\u00ebt\u00eb arsye, p\u00ebr shkak t\u00eb disa deformimeve apo deformimeve t\u00eb lindura n\u00eb vesh, njer\u00ebzit shqet\u00ebsohen. Deformimet e veshit, q\u00eb shkaktojn\u00eb probleme psikologjike n\u00eb mosh\u00eb t\u00eb re, sidomos tek f\u00ebmij\u00ebt, mund t\u00eb shkaktojn\u00eb probleme [&hellip;]<\/p>\n","protected":false},"author":1,"featured_media":0,"parent":0,"menu_order":0,"comment_status":"closed","ping_status":"closed","template":"","meta":{"footnotes":""},"class_list":["post-1945","page","type-page","status-publish","hentry"],"_links":{"self":[{"href":"https:\/\/serpilasamhairclinic.com\/sq\/wp-json\/wp\/v2\/pages\/1945","targetHints":{"allow":["GET"]}}],"collection":[{"href":"https:\/\/serpilasamhairclinic.com\/sq\/wp-json\/wp\/v2\/pages"}],"about":[{"href":"https:\/\/serpilasamhairclinic.com\/sq\/wp-json\/wp\/v2\/types\/page"}],"author":[{"embeddable":true,"href":"https:\/\/serpilasamhairclinic.com\/sq\/wp-json\/wp\/v2\/users\/1"}],"replies":[{"embeddable":true,"href":"https:\/\/serpilasamhairclinic.com\/sq\/wp-json\/wp\/v2\/comments?post=1945"}],"version-history":[{"count":0,"href":"https:\/\/serpilasamhairclinic.com\/sq\/wp-json\/wp\/v2\/pages\/1945\/revisions"}],"wp:attachment":[{"href":"https:\/\/serpilasamhairclinic.com\/sq\/wp-json\/wp\/v2\/media?parent=1945"}],"curies":[{"name":"wp","href":"https:\/\/api.w.org\/{rel}","templated":true}]}}