{"id":1939,"date":"2022-06-16T06:45:57","date_gmt":"2022-06-16T06:45:57","guid":{"rendered":"https:\/\/serpilasamhairclinic.com\/kirurgjia-e-qepallave\/"},"modified":"2022-08-11T10:58:28","modified_gmt":"2022-08-11T10:58:28","slug":"kirurgjia-e-qepallave","status":"publish","type":"page","link":"https:\/\/serpilasamhairclinic.com\/sq\/kirurgjia-e-qepallave\/","title":{"rendered":"Kirurgjia e qepallave"},"content":{"rendered":"\t\t<div data-elementor-type=\"wp-page\" data-elementor-id=\"1939\" class=\"elementor elementor-1939 elementor-1702\" data-elementor-post-type=\"page\">\n\t\t\t\t\t\t<section class=\"elementor-section elementor-top-section elementor-element elementor-element-2c1131e elementor-section-boxed elementor-section-height-default elementor-section-height-default\" data-id=\"2c1131e\" data-element_type=\"section\" data-e-type=\"section\" data-settings=\"{&quot;background_background&quot;:&quot;classic&quot;}\">\n\t\t\t\t\t\t<div class=\"elementor-container elementor-column-gap-default\">\n\t\t\t\t\t<div class=\"elementor-column elementor-col-100 elementor-top-column elementor-element elementor-element-b7c6070\" data-id=\"b7c6070\" data-element_type=\"column\" data-e-type=\"column\">\n\t\t\t<div class=\"elementor-widget-wrap elementor-element-populated\">\n\t\t\t\t\t\t<div class=\"elementor-element elementor-element-6d48f61 elementor-widget elementor-widget-heading\" data-id=\"6d48f61\" data-element_type=\"widget\" data-e-type=\"widget\" data-widget_type=\"heading.default\">\n\t\t\t\t<div class=\"elementor-widget-container\">\n\t\t\t\t\t<h1 class=\"elementor-heading-title elementor-size-default\">Kirurgjia e qepallave<\/h1>\t\t\t\t<\/div>\n\t\t\t\t<\/div>\n\t\t\t\t\t<\/div>\n\t\t<\/div>\n\t\t\t\t\t<\/div>\n\t\t<\/section>\n\t\t\t\t<section class=\"elementor-section elementor-top-section elementor-element elementor-element-af4e8b8 elementor-section-boxed elementor-section-height-default elementor-section-height-default\" data-id=\"af4e8b8\" data-element_type=\"section\" data-e-type=\"section\">\n\t\t\t\t\t\t<div class=\"elementor-container elementor-column-gap-default\">\n\t\t\t\t\t<div class=\"elementor-column elementor-col-100 elementor-top-column elementor-element elementor-element-cc94c6d\" data-id=\"cc94c6d\" data-element_type=\"column\" data-e-type=\"column\">\n\t\t\t<div class=\"elementor-widget-wrap elementor-element-populated\">\n\t\t\t\t\t\t<div class=\"elementor-element elementor-element-7ff20f8 elementor-widget elementor-widget-image\" data-id=\"7ff20f8\" data-element_type=\"widget\" data-e-type=\"widget\" data-widget_type=\"image.default\">\n\t\t\t\t<div class=\"elementor-widget-container\">\n\t\t\t\t\t\t\t\t\t\t\t\t\t\t\t<img fetchpriority=\"high\" decoding=\"async\" width=\"800\" height=\"534\" src=\"https:\/\/serpilasamhairclinic.com\/wp-content\/uploads\/2022\/06\/eyelid-surgery-1024x683.jpg\" class=\"attachment-large size-large wp-image-1705\" alt=\"\" srcset=\"https:\/\/serpilasamhairclinic.com\/wp-content\/uploads\/2022\/06\/eyelid-surgery-1024x683.jpg 1024w, https:\/\/serpilasamhairclinic.com\/wp-content\/uploads\/2022\/06\/eyelid-surgery-300x200.jpg 300w, https:\/\/serpilasamhairclinic.com\/wp-content\/uploads\/2022\/06\/eyelid-surgery-768x512.jpg 768w, https:\/\/serpilasamhairclinic.com\/wp-content\/uploads\/2022\/06\/eyelid-surgery-1536x1024.jpg 1536w, https:\/\/serpilasamhairclinic.com\/wp-content\/uploads\/2022\/06\/eyelid-surgery-2048x1365.jpg 2048w\" sizes=\"(max-width: 800px) 100vw, 800px\" title=\"\">\t\t\t\t\t\t\t\t\t\t\t\t\t\t\t<\/div>\n\t\t\t\t<\/div>\n\t\t\t\t\t<\/div>\n\t\t<\/div>\n\t\t\t\t\t<\/div>\n\t\t<\/section>\n\t\t\t\t<section class=\"elementor-section elementor-top-section elementor-element elementor-element-632af8c elementor-section-boxed elementor-section-height-default elementor-section-height-default\" data-id=\"632af8c\" data-element_type=\"section\" data-e-type=\"section\" id=\"estetik\" data-settings=\"{&quot;background_background&quot;:&quot;classic&quot;}\">\n\t\t\t\t\t\t<div class=\"elementor-container elementor-column-gap-default\">\n\t\t\t\t\t<div class=\"elementor-column elementor-col-100 elementor-top-column elementor-element elementor-element-45c92d73\" data-id=\"45c92d73\" data-element_type=\"column\" data-e-type=\"column\">\n\t\t\t<div class=\"elementor-widget-wrap elementor-element-populated\">\n\t\t\t\t\t\t<div class=\"elementor-element elementor-element-74b40ae elementor-widget elementor-widget-text-editor\" data-id=\"74b40ae\" data-element_type=\"widget\" data-e-type=\"widget\" data-widget_type=\"text-editor.default\">\n\t\t\t\t<div class=\"elementor-widget-container\">\n\t\t\t\t\t\t\t\t\t<h2><strong>\u00c7far\u00eb \u00ebsht\u00eb Estetika e Qepallave<\/strong><\/h2><p>Syt\u00eb jan\u00eb nj\u00eb nga zonat m\u00eb t\u00eb habitshme n\u00eb fytyr\u00ebn e njeriut. Njer\u00ebzit shpesh b\u00ebjn\u00eb kontakt me sy kur komunikojn\u00eb. N\u00eb raste t\u00eb tilla, estetika e shikimit tuaj dhe zon\u00ebs s\u00eb syve b\u00ebhet nj\u00eb faktor shum\u00eb mbres\u00ebl\u00ebn\u00ebs. Duke pasur parasysh shqet\u00ebsimet estetike, personat me qepall\u00eb t\u00eb r\u00ebn\u00eb nuk duan t\u00eb ken\u00eb kontakt me sy, gj\u00eb q\u00eb shkakton munges\u00eb vet\u00ebbesimi. Sidomos femrat kan\u00eb v\u00ebshtir\u00ebsi n\u00eb grimin. P\u00ebr sa i p\u00ebrket sh\u00ebndetit, qepallat e varura ju pengojn\u00eb shikimin. P\u00ebrjetimi i nj\u00eb situate t\u00eb till\u00eb \u00ebsht\u00eb nj\u00eb shkak i pak\u00ebnaq\u00ebsis\u00eb si p\u00ebr grat\u00eb ashtu edhe p\u00ebr burrat. Megjithat\u00eb, ju nuk keni pse ta p\u00ebrjetoni k\u00ebt\u00eb situat\u00eb, fal\u00eb risive mjek\u00ebsore dhe teknologjike n\u00eb zhvillim, ju mund t\u00eb shp\u00ebtoni p\u00ebrgjithmon\u00eb nga k\u00ebto negativitete p\u00ebr sh\u00ebndetin dhe pamjen tuaj estetike, fal\u00eb estetik\u00ebs s\u00eb qepallave. N\u00ebse d\u00ebshironi q\u00eb lumturia juaj t\u00eb pasqyrohet n\u00eb syt\u00eb tuaj, mund t\u00eb keni estetik\u00eb t\u00eb qepallave p\u00ebr t\u00eb hequr qafe problemin e qepallave q\u00eb ju b\u00ebn t\u00eb palumtur.<\/p><h2><strong>Si kryhet kirurgjia e qepallave?<\/strong><\/h2><p>Pasi t\u00eb b\u00ebhen kontrollet e nevojshme para operacionit t\u00eb qepallave, pacient\u00ebt t\u00eb cil\u00ebt jan\u00eb t\u00eb p\u00ebrshtatsh\u00ebm p\u00ebr operacion \u00e7ohen n\u00eb zon\u00ebn e k\u00ebrkuar p\u00ebr procedur\u00ebn. Kirurgjia e qepallave zakonisht kryhet n\u00ebn anestezi lokale dhe n\u00eb disa raste kryhet n\u00ebn anestezi t\u00eb p\u00ebrgjithshme. Procedura zgjat nga 30 minuta deri n\u00eb 1 or\u00eb. N\u00eb kirurgjin\u00eb e ndalimit, dhjami i tep\u00ebrt hiqet nga syri dhe shkalla e komplikimeve t\u00eb t\u00ebrheqjes zvog\u00eblohet. N\u00eb kirurgjin\u00eb e qepallave, indi i tep\u00ebrt i l\u00ebkur\u00ebs hiqet me prerje t\u00eb vogla dhe vendosen qepje estetike. Aplikimi i akullit rekomandohet p\u00ebr t\u00eb reduktuar \u00ebnjtjen dhe mavijosjen pas operacionit.<\/p><h2><strong>Detaje rreth Kirurgjis\u00eb s\u00eb Qepallave<\/strong><\/h2><p>Zona e fytyr\u00ebs, sidomos e syve, \u00ebsht\u00eb shum\u00eb e r\u00ebnd\u00ebsishme si p\u00ebr femrat ashtu edhe p\u00ebr meshkujt n\u00eb aspektin estetik. N\u00eb disa raste, p\u00ebrkeq\u00ebsimi i shikimit p\u00ebrjetohet n\u00eb zon\u00ebn e syve p\u00ebr shkak t\u00eb aksidenteve, nd\u00ebrsa disa njer\u00ebz kan\u00eb r\u00ebnie kongjenitale t\u00eb qepallave. Me efektin e plakjes, vihet re nj\u00eb r\u00ebnie e qepallave p\u00ebr shkak t\u00eb dob\u00ebsimit t\u00eb muskujve t\u00eb syrit. N\u00eb k\u00ebt\u00eb rast, m\u00ebnyra p\u00ebr t\u00eb eliminuar problemet estetike dhe sh\u00ebndet\u00ebsore \u00ebsht\u00eb operacioni estetik i qepallave. P\u00ebr sa i p\u00ebrket sh\u00ebndetit, \u00ebsht\u00eb e mundur t\u00eb zgjidhet qepalla e varur n\u00eb nj\u00eb nivel q\u00eb do t\u00eb parandaloj\u00eb shikimin me kalimin e koh\u00ebs me k\u00ebt\u00eb operacion t\u00eb leht\u00eb. Sidomos femrat jan\u00eb t\u00eb pak\u00ebnaqura p\u00ebr shkak t\u00eb zon\u00ebs s\u00eb ul\u00ebt apo t\u00eb vog\u00ebl t\u00eb palosjes kur aplikojn\u00eb make-up, dhe kjo situat\u00eb gjen zgjidhje fal\u00eb nj\u00eb operacioni shum\u00eb t\u00eb thjesht\u00eb estetik t\u00eb qepallave.<\/p><ul><li><h3><strong>\u00c7far\u00eb \u00ebsht\u00eb qepalla e varur?<\/strong><\/h3><\/li><\/ul><p>Disa njer\u00ebz kan\u00eb nj\u00eb pamje t\u00eb dob\u00ebt dhe t\u00eb p\u00ebrgjumur p\u00ebr shkak t\u00eb qepallave t\u00eb varura t\u00eb quajtura ptosis. Kjo gjendje quhet r\u00ebnia e qepallave. R\u00ebnia e qepallave ndodh p\u00ebr shkak t\u00eb p\u00ebrkeq\u00ebsimit t\u00eb shtres\u00ebs s\u00eb muskujve. N\u00ebse qepalla e mbulon pjes\u00ebn e ngjyrosur t\u00eb syrit me 1-1,5 mm, \u00ebsht\u00eb e sh\u00ebndetshme.<\/p><ul><li><h3><strong>Cilat jan\u00eb shkaqet e qepallave t\u00eb varura?<\/strong><\/h3><\/li><\/ul><p>Ka shkaqe t\u00eb ndryshme t\u00eb r\u00ebnies s\u00eb qepallave. Tek t\u00eb rriturit, p\u00ebrkeq\u00ebsimi i indit muskulor t\u00eb syrit, p\u00ebrdorimi i lenteve p\u00ebr shum\u00eb vite, faktor\u00ebt gjenetik\u00eb, p\u00ebrkeq\u00ebsimi aksidental i struktur\u00ebs s\u00eb syrit ose qepallave, s\u00ebmundjet e sistemit neuromuskular dhe n\u00eb disa raste diabeti shkaktojn\u00eb r\u00ebnie t\u00eb qepallave.<\/p><ul><li><h3><strong>A \u00ebsht\u00eb e v\u00ebshtir\u00eb operacioni i qepallave?<\/strong><\/h3><\/li><\/ul><p>Estetika e qepallave nuk \u00ebsht\u00eb nj\u00eb operacion i v\u00ebshtir\u00eb. \u00cbsht\u00eb normale t\u00eb ndjeni dhimbje t\u00eb lehta pas operacionit. K\u00ebto dhimbje largohen p\u00ebr 2-3 dit\u00eb.<\/p><h2><strong>A do t\u00eb ket\u00eb mavijosje pas operacionit t\u00eb qepallave?<\/strong><\/h2><p>Nj\u00eb nga efektet an\u00ebsore m\u00eb t\u00eb zakonshme pas operacionit t\u00eb qepallave \u00ebsht\u00eb mavijosja rreth syve. Edhe n\u00ebse \u00ebsht\u00eb nj\u00eb procedur\u00eb e vog\u00ebl, estetika e qepallave \u00ebsht\u00eb nj\u00eb operacion kirurgjik, ndaj \u00ebsht\u00eb shum\u00eb normale t\u00eb ket\u00eb mavijosje dhe \u00ebnjtje. Mavijosjet q\u00eb shfaqen fillojn\u00eb t\u00eb sh\u00ebrohen ngadal\u00eb n\u00eb jav\u00ebn e par\u00eb pas operacionit.<\/p><h2><strong>Sa koh\u00eb zgjat operacioni i qepallave?<\/strong><\/h2><p>Kirurgjia e qepallave zgjat mesatarisht 30 minuta deri n\u00eb 1 or\u00eb.<\/p><h2><strong>Kur \u00ebsht\u00eb kthimi n\u00eb jet\u00ebn e pun\u00ebs pas operacionit t\u00eb qepallave?<\/strong><\/h2><p>Pas operacionit t\u00eb qepallave, ju mund t\u00eb ktheheni n\u00eb jet\u00ebn tuaj t\u00eb pun\u00ebs n\u00eb nj\u00eb mesatare prej 7 deri n\u00eb 10 dit\u00eb. Mjeku juaj p\u00ebrcakton dat\u00ebn e sakt\u00eb t\u00eb k\u00ebsaj periudhe.<\/p><h2><strong>A ekziston rreziku i kirurgjis\u00eb estetike t\u00eb qepallave?<\/strong><\/h2><p>Ekziston nj\u00eb rrezik n\u00eb \u00e7do operacion kirurgjik. Duke qen\u00eb se operacionet estetike jan\u00eb m\u00eb shum\u00eb procedura t\u00eb programuara dhe t\u00eb planifikuara, ka m\u00eb pak faktor\u00eb rreziku. N\u00eb kirurgjin\u00eb e qepallave, edhe pse faktori i rrezikut \u00ebsht\u00eb shum\u00eb i ul\u00ebt, ka rreziqe t\u00eb tilla si d\u00ebmtimi i zon\u00ebs s\u00eb syve apo mosarritja e pamjes estetike t\u00eb d\u00ebshiruar.<\/p><h2><strong>Sa dit\u00eb duhet t\u00eb pushoj pas operacionit?<\/strong><\/h2><p>Do t\u00eb jet\u00eb e dobishme p\u00ebr ju t\u00eb pushoni p\u00ebr nj\u00eb periudh\u00eb t\u00eb caktuar kohe dhe t\u00eb q\u00ebndroni larg faktor\u00ebve mjedisor\u00eb pas operacionit t\u00eb qepallave. Ata q\u00eb b\u00ebjn\u00eb nj\u00eb jet\u00eb aktive biznesi mund t\u00eb vazhdojn\u00eb t\u00eb pushojn\u00eb duke marr\u00eb nj\u00eb raport nga mjeku i tyre.<\/p><h2><strong>Kur t\u00eb shkoni te kontrolli i mjekut pas operacionit?<\/strong><\/h2><p>Kryhet nj\u00eb program kontrolli pas operacionit. N\u00eb p\u00ebrgjith\u00ebsi, kontrolli i par\u00eb kryhet 1 jav\u00eb pas operacionit.<\/p><h2><strong>Cili \u00ebsht\u00eb kufiri i mosh\u00ebs p\u00ebr kirurgjin\u00eb e qepallave?<\/strong><\/h2><p>N\u00ebse qepalla e r\u00ebn\u00eb e pengon shikimin, kryhet pas mosh\u00ebs 18 vje\u00e7are. Kufiri i sip\u00ebrm i mosh\u00ebs p\u00ebr operacion \u00ebsht\u00eb 70 vje\u00e7. P\u00ebr ata q\u00eb p\u00ebrjetojn\u00eb r\u00ebnie t\u00eb qepallave p\u00ebr shkak t\u00eb plakjes, mosha e rekomanduar \u00ebsht\u00eb 30 vje\u00e7 e lart.<\/p><h2><strong>A ndryshon rezultati i operacionit nga personi n\u00eb person?<\/strong><\/h2><p>T\u00eb gjitha operacionet kirurgjikale zakonisht ndryshojn\u00eb nga personi n\u00eb person. Sidomos n\u00eb operacionet estetike, rezultati ose procedura e aplikuar ndryshon sipas madh\u00ebsis\u00eb s\u00eb problemit n\u00eb struktur\u00ebn e l\u00ebkur\u00ebs s\u00eb personit. Shkalla e suksesit t\u00eb rezultateve ndryshon sipas problemit t\u00eb pacientit.<\/p><ul><li><h3><strong>A \u00ebsht\u00eb e p\u00ebrhershme kirurgjia estetike e qepallave?<\/strong><\/h3><\/li><\/ul><p>N\u00eb ve\u00e7anti, r\u00ebnia e qepallave \u00ebsht\u00eb nj\u00eb shenj\u00eb e plakjes. Asnj\u00eb operacion nuk \u00ebsht\u00eb i garantuar p\u00ebrgjithmon\u00eb. N\u00eb k\u00ebt\u00eb rast, operacioni i qepallave gjithashtu mund t\u00eb p\u00ebsoj\u00eb nj\u00eb p\u00ebrkeq\u00ebsim me kalimin e koh\u00ebs, edhe n\u00ebse jo plot\u00ebsisht. Ekziston mund\u00ebsia e p\u00ebrjetimit t\u00eb k\u00ebtyre deformimeve n\u00eb nj\u00eb mesatare prej pes\u00eb deri n\u00eb dhjet\u00eb vjet.<\/p><ul><li><h3><strong>Kur p\u00ebrdoren lentet pas operacionit?<\/strong><\/h3><\/li><\/ul><p>N\u00ebse mjeku juaj miraton pas operacionit t\u00eb qepallave, ju mund t\u00eb p\u00ebrdorni lentet 1 jav\u00eb m\u00eb von\u00eb. Gjat\u00eb k\u00ebsaj periudhe, syzet mund t\u00eb p\u00ebrdoren me miratimin e mjekut.<\/p><ul><li><h3><strong>A p\u00ebrs\u00ebritet qepalla e varur?<\/strong><\/h3><\/li><\/ul><p>Kur operacioni i qepallave kryhet nga nj\u00eb specialist, jep rezultate t\u00eb p\u00ebrhershme. Megjithat\u00eb, deformimet shihen si nj\u00eb proces natyror n\u00eb moshat e avancuara.<\/p><ul><li><h3><strong>N\u00eb sa dit\u00eb sh\u00ebrohet kirurgjia e qepallave?<\/strong><\/h3><\/li><\/ul><p>Qepalla \u00ebsht\u00eb nj\u00eb nga zonat m\u00eb t\u00eb ndjeshme. Prerjet e krijuara pas operacionit fillojn\u00eb t\u00eb sh\u00ebrohen gradualisht brenda nj\u00eb muaji mesatarisht.<\/p><ul><li><h3><strong>A ndodh d\u00ebmtimi i shikimit pas operacionit?<\/strong><\/h3><\/li><\/ul><p>Pas operacionit t\u00eb qepallave, v\u00ebrehet turbullim i shikimit p\u00ebr nj\u00eb koh\u00eb t\u00eb shkurt\u00ebr, e cila \u00ebsht\u00eb e p\u00ebrkohshme. Megjithat\u00eb, nuk ka d\u00ebmtim t\u00eb p\u00ebrhersh\u00ebm t\u00eb shikimit pas operacionit t\u00eb qepallave.<\/p>\t\t\t\t\t\t\t\t<\/div>\n\t\t\t\t<\/div>\n\t\t\t\t\t<\/div>\n\t\t<\/div>\n\t\t\t\t\t<\/div>\n\t\t<\/section>\n\t\t\t\t<\/div>\n\t\t","protected":false},"excerpt":{"rendered":"<p>Kirurgjia e qepallave \u00c7far\u00eb \u00ebsht\u00eb Estetika e Qepallave Syt\u00eb jan\u00eb nj\u00eb nga zonat m\u00eb t\u00eb habitshme n\u00eb fytyr\u00ebn e njeriut. Njer\u00ebzit shpesh b\u00ebjn\u00eb kontakt me sy kur komunikojn\u00eb. N\u00eb raste t\u00eb tilla, estetika e shikimit tuaj dhe zon\u00ebs s\u00eb syve b\u00ebhet nj\u00eb faktor shum\u00eb mbres\u00ebl\u00ebn\u00ebs. Duke pasur parasysh shqet\u00ebsimet estetike, personat me qepall\u00eb t\u00eb r\u00ebn\u00eb [&hellip;]<\/p>\n","protected":false},"author":1,"featured_media":0,"parent":0,"menu_order":0,"comment_status":"closed","ping_status":"closed","template":"","meta":{"footnotes":""},"class_list":["post-1939","page","type-page","status-publish","hentry"],"_links":{"self":[{"href":"https:\/\/serpilasamhairclinic.com\/sq\/wp-json\/wp\/v2\/pages\/1939","targetHints":{"allow":["GET"]}}],"collection":[{"href":"https:\/\/serpilasamhairclinic.com\/sq\/wp-json\/wp\/v2\/pages"}],"about":[{"href":"https:\/\/serpilasamhairclinic.com\/sq\/wp-json\/wp\/v2\/types\/page"}],"author":[{"embeddable":true,"href":"https:\/\/serpilasamhairclinic.com\/sq\/wp-json\/wp\/v2\/users\/1"}],"replies":[{"embeddable":true,"href":"https:\/\/serpilasamhairclinic.com\/sq\/wp-json\/wp\/v2\/comments?post=1939"}],"version-history":[{"count":0,"href":"https:\/\/serpilasamhairclinic.com\/sq\/wp-json\/wp\/v2\/pages\/1939\/revisions"}],"wp:attachment":[{"href":"https:\/\/serpilasamhairclinic.com\/sq\/wp-json\/wp\/v2\/media?parent=1939"}],"curies":[{"name":"wp","href":"https:\/\/api.w.org\/{rel}","templated":true}]}}