{"id":1272,"date":"2022-03-17T10:12:37","date_gmt":"2022-03-17T10:12:37","guid":{"rendered":"https:\/\/serpilasamhairclinic.com\/transplanti-i-flokeve-pa-rruaj\/"},"modified":"2022-03-17T10:25:47","modified_gmt":"2022-03-17T10:25:47","slug":"transplanti-i-flokeve-pa-rruaj","status":"publish","type":"page","link":"https:\/\/serpilasamhairclinic.com\/sq\/transplanti-i-flokeve-pa-rruaj\/","title":{"rendered":"Transplanti i flokeve pa rruaj"},"content":{"rendered":"\t\t<div data-elementor-type=\"wp-page\" data-elementor-id=\"1272\" class=\"elementor elementor-1272 elementor-1160\" data-elementor-post-type=\"page\">\n\t\t\t\t\t\t<section class=\"elementor-section elementor-top-section elementor-element elementor-element-2c1131e elementor-section-boxed elementor-section-height-default elementor-section-height-default\" data-id=\"2c1131e\" data-element_type=\"section\" data-e-type=\"section\" data-settings=\"{&quot;background_background&quot;:&quot;classic&quot;}\">\n\t\t\t\t\t\t<div class=\"elementor-container elementor-column-gap-default\">\n\t\t\t\t\t<div class=\"elementor-column elementor-col-100 elementor-top-column elementor-element elementor-element-b7c6070\" data-id=\"b7c6070\" data-element_type=\"column\" data-e-type=\"column\">\n\t\t\t<div class=\"elementor-widget-wrap elementor-element-populated\">\n\t\t\t\t\t\t<div class=\"elementor-element elementor-element-6d48f61 elementor-widget elementor-widget-heading\" data-id=\"6d48f61\" data-element_type=\"widget\" data-e-type=\"widget\" data-widget_type=\"heading.default\">\n\t\t\t\t<div class=\"elementor-widget-container\">\n\t\t\t\t\t<h1 class=\"elementor-heading-title elementor-size-default\">Transplanti i flokeve pa rruaj<\/h1>\t\t\t\t<\/div>\n\t\t\t\t<\/div>\n\t\t\t\t\t<\/div>\n\t\t<\/div>\n\t\t\t\t\t<\/div>\n\t\t<\/section>\n\t\t\t\t<section class=\"elementor-section elementor-top-section elementor-element elementor-element-af4e8b8 elementor-section-boxed elementor-section-height-default elementor-section-height-default\" data-id=\"af4e8b8\" data-element_type=\"section\" data-e-type=\"section\">\n\t\t\t\t\t\t<div class=\"elementor-container elementor-column-gap-default\">\n\t\t\t\t\t<div class=\"elementor-column elementor-col-50 elementor-top-column elementor-element elementor-element-cc94c6d\" data-id=\"cc94c6d\" data-element_type=\"column\" data-e-type=\"column\">\n\t\t\t<div class=\"elementor-widget-wrap elementor-element-populated\">\n\t\t\t\t\t\t<div class=\"elementor-element elementor-element-7ff20f8 elementor-widget elementor-widget-image\" data-id=\"7ff20f8\" data-element_type=\"widget\" data-e-type=\"widget\" data-widget_type=\"image.default\">\n\t\t\t\t<div class=\"elementor-widget-container\">\n\t\t\t\t\t\t\t\t\t\t\t\t\t\t\t<img fetchpriority=\"high\" decoding=\"async\" width=\"800\" height=\"480\" src=\"https:\/\/serpilasamhairclinic.com\/wp-content\/uploads\/2022\/02\/serpil-asam-hair-transplant-slider-1024x615.jpg\" class=\"attachment-large size-large wp-image-639\" alt=\"\" srcset=\"https:\/\/serpilasamhairclinic.com\/wp-content\/uploads\/2022\/02\/serpil-asam-hair-transplant-slider-1024x615.jpg 1024w, https:\/\/serpilasamhairclinic.com\/wp-content\/uploads\/2022\/02\/serpil-asam-hair-transplant-slider-300x180.jpg 300w, https:\/\/serpilasamhairclinic.com\/wp-content\/uploads\/2022\/02\/serpil-asam-hair-transplant-slider-768x461.jpg 768w, https:\/\/serpilasamhairclinic.com\/wp-content\/uploads\/2022\/02\/serpil-asam-hair-transplant-slider-1536x922.jpg 1536w, https:\/\/serpilasamhairclinic.com\/wp-content\/uploads\/2022\/02\/serpil-asam-hair-transplant-slider.jpg 1800w\" sizes=\"(max-width: 800px) 100vw, 800px\" title=\"\">\t\t\t\t\t\t\t\t\t\t\t\t\t\t\t<\/div>\n\t\t\t\t<\/div>\n\t\t\t\t\t<\/div>\n\t\t<\/div>\n\t\t\t\t<div class=\"elementor-column elementor-col-50 elementor-top-column elementor-element elementor-element-5a7d9ee\" data-id=\"5a7d9ee\" data-element_type=\"column\" data-e-type=\"column\">\n\t\t\t<div class=\"elementor-widget-wrap elementor-element-populated\">\n\t\t\t\t\t\t<div class=\"elementor-element elementor-element-ea7f270 elementor-widget elementor-widget-image\" data-id=\"ea7f270\" data-element_type=\"widget\" data-e-type=\"widget\" data-widget_type=\"image.default\">\n\t\t\t\t<div class=\"elementor-widget-container\">\n\t\t\t\t\t\t\t\t\t\t\t\t\t\t\t<img decoding=\"async\" width=\"800\" height=\"480\" src=\"https:\/\/serpilasamhairclinic.com\/wp-content\/uploads\/2022\/02\/hair-transplant-sa-1024x615.jpg\" class=\"attachment-large size-large wp-image-573\" alt=\"\" srcset=\"https:\/\/serpilasamhairclinic.com\/wp-content\/uploads\/2022\/02\/hair-transplant-sa-1024x615.jpg 1024w, https:\/\/serpilasamhairclinic.com\/wp-content\/uploads\/2022\/02\/hair-transplant-sa-300x180.jpg 300w, https:\/\/serpilasamhairclinic.com\/wp-content\/uploads\/2022\/02\/hair-transplant-sa-768x461.jpg 768w, https:\/\/serpilasamhairclinic.com\/wp-content\/uploads\/2022\/02\/hair-transplant-sa-1536x922.jpg 1536w, https:\/\/serpilasamhairclinic.com\/wp-content\/uploads\/2022\/02\/hair-transplant-sa.jpg 1800w\" sizes=\"(max-width: 800px) 100vw, 800px\" title=\"\">\t\t\t\t\t\t\t\t\t\t\t\t\t\t\t<\/div>\n\t\t\t\t<\/div>\n\t\t\t\t\t<\/div>\n\t\t<\/div>\n\t\t\t\t\t<\/div>\n\t\t<\/section>\n\t\t\t\t<section class=\"elementor-section elementor-top-section elementor-element elementor-element-632af8c elementor-section-boxed elementor-section-height-default elementor-section-height-default\" data-id=\"632af8c\" data-element_type=\"section\" data-e-type=\"section\" id=\"estetik\" data-settings=\"{&quot;background_background&quot;:&quot;classic&quot;}\">\n\t\t\t\t\t\t<div class=\"elementor-container elementor-column-gap-default\">\n\t\t\t\t\t<div class=\"elementor-column elementor-col-100 elementor-top-column elementor-element elementor-element-45c92d73\" data-id=\"45c92d73\" data-element_type=\"column\" data-e-type=\"column\">\n\t\t\t<div class=\"elementor-widget-wrap elementor-element-populated\">\n\t\t\t\t\t\t<div class=\"elementor-element elementor-element-74b40ae elementor-widget elementor-widget-text-editor\" data-id=\"74b40ae\" data-element_type=\"widget\" data-e-type=\"widget\" data-widget_type=\"text-editor.default\">\n\t\t\t\t<div class=\"elementor-widget-container\">\n\t\t\t\t\t\t\t\t\t<h2><strong>\u00c7FAR\u00cb \u00cbSHT\u00cb TRANSLANTI I FLOK\u00cbVE T\u00cb PA rruar?<\/strong><\/h2><p><strong>Transplantimi i flok\u00ebve<\/strong> t\u00eb pa rruar \u00ebsht\u00eb nj\u00eb metod\u00eb e transplantimit t\u00eb flok\u00ebve q\u00eb kryhet duke rruar vet\u00ebm zon\u00ebn e dhuruesit pa rruar pjes\u00ebn e p\u00ebrparme, an\u00ebsore dhe t\u00eb pasme t\u00eb flok\u00ebve ose t\u00eb gjith\u00eb zon\u00ebn me qime t\u00eb kok\u00ebs. N\u00eb k\u00ebt\u00eb metod\u00eb, p\u00ebrcaktimi i vij\u00ebs s\u00eb flok\u00ebve dhe zon\u00ebs dhuruese dhe n\u00ebse \u00ebsht\u00eb i p\u00ebrshtatsh\u00ebm p\u00ebr mbjelljen e flok\u00ebve t\u00eb pa rruar b\u00ebhet nga eksperti. Njer\u00ebzit me flok\u00eb t\u00eb gjat\u00eb n\u00eb p\u00ebrgjith\u00ebsi preferojn\u00eb transplantin e flok\u00ebve t\u00eb pa rruar. Zona e rruar e dhuruesit kamuflohet leht\u00ebsisht duke mbuluar flok\u00ebt e gjat\u00eb. Transplantimi i flok\u00ebve t\u00eb parruar, pjes\u00ebrisht i parruar, transplantimi i flok\u00ebve me nj\u00ebsi folkulare ( <strong>fue<\/strong> ) dhe kryhet n\u00eb dy metoda si transplantimi direkt i flok\u00ebve ( <strong>dhi<\/strong> ).<\/p><h2><strong>\u00c7far\u00eb \u00ebsht\u00eb Metoda e Ekstraktimit t\u00eb Nj\u00ebsis\u00eb Folikulare (Fe)?<\/strong><\/h2><p>Kjo \u00ebsht\u00eb nj\u00eb nga metodat e transferimit t\u00eb gj\u00ebndr\u00ebs s\u00eb flok\u00ebve. N\u00eb k\u00ebt\u00eb metod\u00eb, folikulat e flok\u00ebve merren nga zona e p\u00ebrcaktuar dhuruese me nj\u00eb procedur\u00eb mikrokirurgjikale dhe p\u00ebrgatiten p\u00ebr transferim n\u00eb zon\u00ebn q\u00eb do t\u00eb transplantohet. Ai p\u00ebrb\u00ebhet nga 2 faza si grumbullimi dhe transferimi, dhe ofron mund\u00ebsin\u00eb p\u00ebr t\u00eb mbledhur mesatarisht 2500-3500 fara t\u00eb folikulit t\u00eb qimeve n\u00eb faz\u00ebn e par\u00eb t\u00eb mbledhjes s\u00eb far\u00ebs s\u00eb folikulit t\u00eb flok\u00ebve.<\/p><h2><strong>\u00c7far\u00eb \u00ebsht\u00eb Metoda e Transplantit Direkt t\u00eb Flok\u00ebve (DHI)?<\/strong><\/h2><p>Koh\u00ebt e fundit \u00ebsht\u00eb nj\u00eb metod\u00eb q\u00eb u mund\u00ebson pacient\u00ebve t\u00eb p\u00ebrshtatsh\u00ebm transplantin e flok\u00ebve pa rruajtje. N\u00eb k\u00ebt\u00eb metod\u00eb, farat e folikulit t\u00eb flok\u00ebve merren nga zona e dhuruesit me nj\u00eb stilolaps t\u00eb ve\u00e7ant\u00eb mjek\u00ebsor t\u00eb quajtur choi pa hapur asnj\u00eb kanal dhe me ndihm\u00ebn e t\u00eb nj\u00ebjtit stilolaps mjek\u00ebsor vendosen n\u00eb nj\u00eb k\u00ebnd t\u00eb p\u00ebrshtatsh\u00ebm me zon\u00ebn q\u00eb do t\u00eb transplantohet me drit\u00eb. presioni.<\/p><h2><strong>KUSH DUHET T\u00cb PREFEROJ\u00cb TRANSPLANTIN E FLOK\u00cbVE T\u00cb PA RRUARA?<\/strong><\/h2><p>Mbjellja e flok\u00ebve t\u00eb pa rruar \u00ebsht\u00eb nj\u00eb nga metodat m\u00eb t\u00eb preferuara. Sidomos nga femrat dhe meshkujt me flok\u00eb t\u00eb gjat\u00eb q\u00eb nuk duan t&#8217;i presin flok\u00ebt. Personat q\u00eb preferojn\u00eb transplantin e flok\u00ebve t\u00eb parruar;<\/p><ul><li>Personat q\u00eb p\u00ebrjetojn\u00eb r\u00ebnie rajonale t\u00eb flok\u00ebve si pasoj\u00eb e ndonj\u00eb aksidenti.<\/li><li>Grat\u00eb q\u00eb nuk duan t\u00eb rruhen t\u00eb gjith\u00eb flok\u00ebt.<\/li><li>Meshkujt me flok\u00eb t\u00eb gjat\u00eb duan t\u00eb mbulojn\u00eb zon\u00ebn tullac me flok\u00eb t\u00eb gjat\u00eb fal\u00eb transplantimit t\u00eb flok\u00ebve t\u00eb parruar ose transplantimit t\u00eb flok\u00ebve pjes\u00ebrisht t\u00eb rruar.<\/li><li>Ata me flok\u00eb t\u00eb rrall\u00eb dhe jo tullac n\u00eb maj\u00eb t\u00eb kok\u00ebs.<\/li><\/ul><h2><strong>Si b\u00ebhet transplantimi i flok\u00ebve t\u00eb pa rruar dhe cilat jan\u00eb fazat?<\/strong><\/h2><ol><li><strong> Konsultimi (Inspektimi)<\/strong><\/li><\/ol><p>\u00cbsht\u00eb faza e par\u00eb n\u00eb t\u00eb cil\u00ebn planifikohet transplantimi i flok\u00ebve t\u00eb parruar. N\u00eb k\u00ebt\u00eb faz\u00eb, mjeku i transferon informacionin e nevojsh\u00ebm personit q\u00eb do t\u00eb b\u00ebj\u00eb mbjelljen e flok\u00ebve dhe n\u00ebse \u00ebsht\u00eb i p\u00ebrshtatsh\u00ebm p\u00ebr mbjelljen e flok\u00ebve p\u00ebrcaktohet nga ekzaminimi dhe analiza. Kur \u00ebsht\u00eb e sigurt se nuk ka asnj\u00eb penges\u00eb p\u00ebr mbjelljen e flok\u00ebve, vija e flok\u00ebve p\u00ebr mbjelljen e flok\u00ebve t\u00eb pa rruar p\u00ebrcaktohet nga mjeku.<\/p><ol start=\"2\"><li><strong> Faza e P\u00ebrgatitjes<\/strong><\/li><\/ol><p>N\u00eb k\u00ebt\u00eb faz\u00eb, t\u00eb gjith\u00eb flok\u00ebt lahen dhe sterilizohen. Zona e dhurimit p\u00ebrcaktohet nga specialisti dhe anestezohet me anestezi lokale.<\/p><ol start=\"3\"><li><strong> Koleksioni i farave t\u00eb rr\u00ebnj\u00ebve t\u00eb flok\u00ebve (shartesa)<\/strong><\/li><\/ol><p>Fillojn\u00eb t\u00eb mblidhen farat e folikulit t\u00eb flok\u00ebve nga zona e dhurimit, e cila anestezohet me anestezi lokale. Numri i farave t\u00eb folikulit t\u00eb flok\u00ebve q\u00eb do t\u00eb mblidhen p\u00ebrcaktohet n\u00eb faz\u00ebn e par\u00eb t\u00eb ekzaminimit. N\u00eb p\u00ebrgjith\u00ebsi, flok\u00ebt n\u00eb zon\u00ebn e zverkut zgjidhen si zon\u00eb dhuruese sepse jan\u00eb m\u00eb rezistente ndaj r\u00ebnies. Farat e mbledhura t\u00eb folikulave t\u00eb flok\u00ebve t\u00eb sh\u00ebndetsh\u00ebm b\u00ebhen gati p\u00ebr t&#8217;u transferuar n\u00eb zon\u00ebn q\u00eb do t\u00eb mbillet.<\/p><ol start=\"4\"><li><strong>4<\/strong> . <strong>Hapja e kanaleve<\/strong><\/li><\/ol><p>Farat e folikulave t\u00eb flok\u00ebve t\u00eb mbledhura p\u00ebr mbjelljen e flok\u00ebve duhet t\u00eb jen\u00eb n\u00eb t\u00eb nj\u00ebjtin drejtim dhe thell\u00ebsi si flok\u00ebt n\u00eb zon\u00ebn q\u00eb do t\u00eb mbillet. P\u00ebr k\u00ebt\u00eb arsye, k\u00ebndi i kanaleve t\u00eb hapura duhet t\u00eb hapet sipas drejtimit t\u00eb rritjes s\u00eb qimeve n\u00eb zon\u00ebn q\u00eb do t\u00eb transplantohet. N\u00eb k\u00ebt\u00eb faz\u00eb, distanca e kanaleve rregullohet, ky \u00ebsht\u00eb nj\u00eb proces q\u00eb k\u00ebrkon kujdes dhe mund t\u00eb ndikoj\u00eb n\u00eb procesin pas mbjelljes. N\u00eb metod\u00ebn DHI, ky proces grooving nuk kryhet, farat e folikulit t\u00eb flok\u00ebve mblidhen nj\u00eb nga nj\u00eb me nj\u00eb stilolaps t\u00eb ve\u00e7ant\u00eb direkt dhe vendosen me presion t\u00eb leht\u00eb n\u00eb zon\u00ebn e mbjelljes s\u00eb flok\u00ebve me t\u00eb nj\u00ebjtin stilolaps.<\/p><ol start=\"5\"><li><strong> Transplantimi i flokeve<\/strong><\/li><\/ol><p>Kjo faz\u00eb \u00ebsht\u00eb faza e fundit dhe m\u00eb e r\u00ebnd\u00ebsishme e operacionit t\u00eb mbjelljes s\u00eb flok\u00ebve. \u00cbsht\u00eb shum\u00eb e r\u00ebnd\u00ebsishme q\u00eb farat e mbledhura t\u00eb folikulit t\u00eb flok\u00ebve t\u00eb vendosen n\u00eb kanalet e hapura n\u00eb k\u00ebndin e duhur. Mjeku specialist vendos numrin e duhur t\u00eb farave t\u00eb folikulave t\u00eb flok\u00ebve n\u00eb kanalet e duhura sipas planit dhe kryen transplantin e flok\u00ebve.<\/p><h2><strong>Avantazhet e transplantit t\u00eb flok\u00ebve t\u00eb pa rruar<\/strong><\/h2><ol><li>Personi q\u00eb do t\u00eb operohet do t\u00eb mund t&#8217;i rikthehet jet\u00ebs s\u00eb tij shoq\u00ebrore n\u00eb nj\u00eb koh\u00eb m\u00eb t\u00eb shkurt\u00ebr, pasi zona ku b\u00ebhet mbjellja e flok\u00ebve \u00ebsht\u00eb e mbuluar me qime t\u00eb tjera, pasi nuk duket shum\u00eb.<\/li><li>Pas operacionit, duke qen\u00eb se zona e dhuruesit \u00ebsht\u00eb e mbuluar me qime t\u00eb tjera t\u00eb gjata, koret sh\u00ebrohen m\u00eb shpejt.<\/li><li>Mbjellja e flok\u00ebve t\u00eb parruara \u00ebsht\u00eb nj\u00eb proces m\u00eb komod n\u00eb aspektin estetik dhe psikologjik, sidomos tek femrat.<\/li><li>Meqen\u00ebse m\u00eb pak fara (graft) t\u00eb gj\u00ebndrave t\u00eb flok\u00ebve p\u00ebrdoren n\u00eb transplantimin e flok\u00ebve t\u00eb pa rruar, procesi i sh\u00ebrimit \u00ebsht\u00eb m\u00eb i shpejt\u00eb.<\/li><\/ol>\t\t\t\t\t\t\t\t<\/div>\n\t\t\t\t<\/div>\n\t\t\t\t\t<\/div>\n\t\t<\/div>\n\t\t\t\t\t<\/div>\n\t\t<\/section>\n\t\t\t\t<\/div>\n\t\t","protected":false},"excerpt":{"rendered":"<p>Transplanti i flokeve pa rruaj \u00c7FAR\u00cb \u00cbSHT\u00cb TRANSLANTI I FLOK\u00cbVE T\u00cb PA rruar? Transplantimi i flok\u00ebve t\u00eb pa rruar \u00ebsht\u00eb nj\u00eb metod\u00eb e transplantimit t\u00eb flok\u00ebve q\u00eb kryhet duke rruar vet\u00ebm zon\u00ebn e dhuruesit pa rruar pjes\u00ebn e p\u00ebrparme, an\u00ebsore dhe t\u00eb pasme t\u00eb flok\u00ebve ose t\u00eb gjith\u00eb zon\u00ebn me qime t\u00eb kok\u00ebs. N\u00eb k\u00ebt\u00eb [&hellip;]<\/p>\n","protected":false},"author":1,"featured_media":0,"parent":0,"menu_order":0,"comment_status":"closed","ping_status":"closed","template":"","meta":{"footnotes":""},"class_list":["post-1272","page","type-page","status-publish","hentry"],"_links":{"self":[{"href":"https:\/\/serpilasamhairclinic.com\/sq\/wp-json\/wp\/v2\/pages\/1272","targetHints":{"allow":["GET"]}}],"collection":[{"href":"https:\/\/serpilasamhairclinic.com\/sq\/wp-json\/wp\/v2\/pages"}],"about":[{"href":"https:\/\/serpilasamhairclinic.com\/sq\/wp-json\/wp\/v2\/types\/page"}],"author":[{"embeddable":true,"href":"https:\/\/serpilasamhairclinic.com\/sq\/wp-json\/wp\/v2\/users\/1"}],"replies":[{"embeddable":true,"href":"https:\/\/serpilasamhairclinic.com\/sq\/wp-json\/wp\/v2\/comments?post=1272"}],"version-history":[{"count":0,"href":"https:\/\/serpilasamhairclinic.com\/sq\/wp-json\/wp\/v2\/pages\/1272\/revisions"}],"wp:attachment":[{"href":"https:\/\/serpilasamhairclinic.com\/sq\/wp-json\/wp\/v2\/media?parent=1272"}],"curies":[{"name":"wp","href":"https:\/\/api.w.org\/{rel}","templated":true}]}}