{"id":1254,"date":"2022-03-17T10:11:13","date_gmt":"2022-03-17T10:11:13","guid":{"rendered":"https:\/\/serpilasamhairclinic.com\/transplanti-i-flokeve-me-safir\/"},"modified":"2022-03-17T10:24:16","modified_gmt":"2022-03-17T10:24:16","slug":"transplanti-i-flokeve-me-safir","status":"publish","type":"page","link":"https:\/\/serpilasamhairclinic.com\/sq\/transplanti-i-flokeve-me-safir\/","title":{"rendered":"Transplanti i flokeve me safir"},"content":{"rendered":"\t\t<div data-elementor-type=\"wp-page\" data-elementor-id=\"1254\" class=\"elementor elementor-1254 elementor-1155\" data-elementor-post-type=\"page\">\n\t\t\t\t\t\t<section class=\"elementor-section elementor-top-section elementor-element elementor-element-2c1131e elementor-section-boxed elementor-section-height-default elementor-section-height-default\" data-id=\"2c1131e\" data-element_type=\"section\" data-e-type=\"section\" data-settings=\"{&quot;background_background&quot;:&quot;classic&quot;}\">\n\t\t\t\t\t\t<div class=\"elementor-container elementor-column-gap-default\">\n\t\t\t\t\t<div class=\"elementor-column elementor-col-100 elementor-top-column elementor-element elementor-element-b7c6070\" data-id=\"b7c6070\" data-element_type=\"column\" data-e-type=\"column\">\n\t\t\t<div class=\"elementor-widget-wrap elementor-element-populated\">\n\t\t\t\t\t\t<div class=\"elementor-element elementor-element-6d48f61 elementor-widget elementor-widget-heading\" data-id=\"6d48f61\" data-element_type=\"widget\" data-e-type=\"widget\" data-widget_type=\"heading.default\">\n\t\t\t\t<div class=\"elementor-widget-container\">\n\t\t\t\t\t<h1 class=\"elementor-heading-title elementor-size-default\">Transplanti i flokeve me safir<\/h1>\t\t\t\t<\/div>\n\t\t\t\t<\/div>\n\t\t\t\t\t<\/div>\n\t\t<\/div>\n\t\t\t\t\t<\/div>\n\t\t<\/section>\n\t\t\t\t<section class=\"elementor-section elementor-top-section elementor-element elementor-element-af4e8b8 elementor-section-boxed elementor-section-height-default elementor-section-height-default\" data-id=\"af4e8b8\" data-element_type=\"section\" data-e-type=\"section\">\n\t\t\t\t\t\t<div class=\"elementor-container elementor-column-gap-default\">\n\t\t\t\t\t<div class=\"elementor-column elementor-col-50 elementor-top-column elementor-element elementor-element-cc94c6d\" data-id=\"cc94c6d\" data-element_type=\"column\" data-e-type=\"column\">\n\t\t\t<div class=\"elementor-widget-wrap elementor-element-populated\">\n\t\t\t\t\t\t<div class=\"elementor-element elementor-element-7ff20f8 elementor-widget elementor-widget-image\" data-id=\"7ff20f8\" data-element_type=\"widget\" data-e-type=\"widget\" data-widget_type=\"image.default\">\n\t\t\t\t<div class=\"elementor-widget-container\">\n\t\t\t\t\t\t\t\t\t\t\t\t\t\t\t<img fetchpriority=\"high\" decoding=\"async\" width=\"800\" height=\"480\" src=\"https:\/\/serpilasamhairclinic.com\/wp-content\/uploads\/2022\/02\/hair-transplant-sa-1-1024x615.jpg\" class=\"attachment-large size-large wp-image-579\" alt=\"\" srcset=\"https:\/\/serpilasamhairclinic.com\/wp-content\/uploads\/2022\/02\/hair-transplant-sa-1-1024x615.jpg 1024w, https:\/\/serpilasamhairclinic.com\/wp-content\/uploads\/2022\/02\/hair-transplant-sa-1-300x180.jpg 300w, https:\/\/serpilasamhairclinic.com\/wp-content\/uploads\/2022\/02\/hair-transplant-sa-1-768x461.jpg 768w, https:\/\/serpilasamhairclinic.com\/wp-content\/uploads\/2022\/02\/hair-transplant-sa-1-1536x922.jpg 1536w, https:\/\/serpilasamhairclinic.com\/wp-content\/uploads\/2022\/02\/hair-transplant-sa-1.jpg 1800w\" sizes=\"(max-width: 800px) 100vw, 800px\" title=\"\">\t\t\t\t\t\t\t\t\t\t\t\t\t\t\t<\/div>\n\t\t\t\t<\/div>\n\t\t\t\t\t<\/div>\n\t\t<\/div>\n\t\t\t\t<div class=\"elementor-column elementor-col-50 elementor-top-column elementor-element elementor-element-5a7d9ee\" data-id=\"5a7d9ee\" data-element_type=\"column\" data-e-type=\"column\">\n\t\t\t<div class=\"elementor-widget-wrap elementor-element-populated\">\n\t\t\t\t\t\t<div class=\"elementor-element elementor-element-ea7f270 elementor-widget elementor-widget-image\" data-id=\"ea7f270\" data-element_type=\"widget\" data-e-type=\"widget\" data-widget_type=\"image.default\">\n\t\t\t\t<div class=\"elementor-widget-container\">\n\t\t\t\t\t\t\t\t\t\t\t\t\t\t\t<img decoding=\"async\" width=\"800\" height=\"480\" src=\"https:\/\/serpilasamhairclinic.com\/wp-content\/uploads\/2022\/02\/hair-transplant-sa-1024x615.jpg\" class=\"attachment-large size-large wp-image-573\" alt=\"\" srcset=\"https:\/\/serpilasamhairclinic.com\/wp-content\/uploads\/2022\/02\/hair-transplant-sa-1024x615.jpg 1024w, https:\/\/serpilasamhairclinic.com\/wp-content\/uploads\/2022\/02\/hair-transplant-sa-300x180.jpg 300w, https:\/\/serpilasamhairclinic.com\/wp-content\/uploads\/2022\/02\/hair-transplant-sa-768x461.jpg 768w, https:\/\/serpilasamhairclinic.com\/wp-content\/uploads\/2022\/02\/hair-transplant-sa-1536x922.jpg 1536w, https:\/\/serpilasamhairclinic.com\/wp-content\/uploads\/2022\/02\/hair-transplant-sa.jpg 1800w\" sizes=\"(max-width: 800px) 100vw, 800px\" title=\"\">\t\t\t\t\t\t\t\t\t\t\t\t\t\t\t<\/div>\n\t\t\t\t<\/div>\n\t\t\t\t\t<\/div>\n\t\t<\/div>\n\t\t\t\t\t<\/div>\n\t\t<\/section>\n\t\t\t\t<section class=\"elementor-section elementor-top-section elementor-element elementor-element-632af8c elementor-section-boxed elementor-section-height-default elementor-section-height-default\" data-id=\"632af8c\" data-element_type=\"section\" data-e-type=\"section\" id=\"estetik\" data-settings=\"{&quot;background_background&quot;:&quot;classic&quot;}\">\n\t\t\t\t\t\t<div class=\"elementor-container elementor-column-gap-default\">\n\t\t\t\t\t<div class=\"elementor-column elementor-col-100 elementor-top-column elementor-element elementor-element-45c92d73\" data-id=\"45c92d73\" data-element_type=\"column\" data-e-type=\"column\">\n\t\t\t<div class=\"elementor-widget-wrap elementor-element-populated\">\n\t\t\t\t\t\t<div class=\"elementor-element elementor-element-74b40ae elementor-widget elementor-widget-text-editor\" data-id=\"74b40ae\" data-element_type=\"widget\" data-e-type=\"widget\" data-widget_type=\"text-editor.default\">\n\t\t\t\t<div class=\"elementor-widget-container\">\n\t\t\t\t\t\t\t\t\t<p>Sot, krahas zhvillimeve teknologjike, ka pasur zhvillime edhe n\u00eb teknikat e mbjelljes s\u00eb flok\u00ebve, nj\u00eb prej t\u00eb cilave \u00ebsht\u00eb metoda e mbjelljes s\u00eb flok\u00ebve Sapphire. Q\u00eb nga viti 2001, kjo metod\u00eb \u00ebsht\u00eb aplikuar shpesh n\u00eb t\u00eb gjith\u00eb bot\u00ebn. Teknika e mbjelljes s\u00eb flok\u00ebve me safir njihet si metoda e transplantimit t\u00eb flok\u00ebve Sapphire Fue duke p\u00ebrdorur instrumente speciale me maj\u00eb safiri. Ndryshe nga besimi popullor, k\u00ebto instrumente t\u00eb ve\u00e7anta me maj\u00eb safiri nuk jan\u00eb b\u00ebr\u00eb prej guri safiri. Tehet e safirit prodhohen nga safiri sintetik (Al2O3 = oksid alumini) dhe jan\u00eb qindra her\u00eb m\u00eb t\u00eb q\u00ebndrueshme se \u00e7eliku normal. Ato jan\u00eb b\u00ebr\u00eb perfekte p\u00ebr operacionet e mbjelljes s\u00eb flok\u00ebve duke kaluar n\u00ebp\u00ebr faza t\u00eb ve\u00e7anta.<\/p><h2><strong>\u00c7far\u00eb \u00ebsht\u00eb transplantimi i flok\u00ebve me safir?<\/strong><\/h2><p>\u00cbsht\u00eb e mundur t\u00eb arrihen rezultate t\u00eb p\u00ebrhershme me metod\u00ebn e transplantimit t\u00eb flok\u00ebve me safir p\u00ebr r\u00ebnien dhe rrallimin e flok\u00ebve t\u00eb shkaktuar si nga faktor\u00eb gjenetik\u00eb ashtu edhe nga faktor\u00eb mjedisor\u00eb tek burrat dhe grat\u00eb q\u00eb nga e kaluara e deri m\u00eb sot.<\/p><p>transplant flok\u00ebsh safir; \u00cbsht\u00eb nj\u00eb teknik\u00eb e transplantimit t\u00eb flok\u00ebve duke p\u00ebrdorur tehe me maj\u00eb safiri t\u00eb p\u00ebrdorura s\u00eb bashku me metod\u00ebn fue. Fal\u00eb k\u00ebtyre teheve t\u00eb safirit t\u00eb p\u00ebrdorur, duke qen\u00eb se kanalet e hapura jan\u00eb m\u00eb minimale, sh\u00ebrimi \u00ebsht\u00eb m\u00eb i shpejt\u00eb me t\u00eb nj\u00ebjtin rit\u00ebm.<\/p><h2><strong>Cilat jan\u00eb fazat e transplantimit t\u00eb flok\u00ebve me safir?<\/strong><\/h2><ol><li>Pas vendimit p\u00ebr t\u00eb b\u00ebr\u00eb nj\u00eb transplant flok\u00ebsh prej safiri, fillimisht b\u00ebhet nj\u00eb kontroll gjith\u00ebp\u00ebrfshir\u00ebs nga mjeku.<\/li><li>Pas ekzaminimeve dhe analizave, p\u00ebrcaktohet zona q\u00eb do t\u00eb transplantohet me safir dhe zona dhuruese. M\u00eb pas vizatohet vija e flok\u00ebve t\u00eb zon\u00ebs q\u00eb do t\u00eb transplantohet me qime safiri. N\u00eb k\u00ebt\u00eb faz\u00eb, sasia mesatare e farave t\u00eb folikulit t\u00eb flok\u00ebve q\u00eb do t\u00eb merret p\u00ebrcaktohet sipas gjer\u00ebsis\u00eb s\u00eb zon\u00ebs q\u00eb do t\u00eb transferohet.<\/li><li>Zona q\u00eb do t\u00eb transplantohet me safir dhe zona dhuruese anestezohen me anestezi lokale.<\/li><li>N\u00eb transplantimin e flok\u00ebve prej safiri, farat e folikulit t\u00eb flok\u00ebve (graft) merren nga zona e dhuruesit duke p\u00ebrdorur mikro motor\u00eb me metod\u00ebn fue.<\/li><li>Farat e folikulave t\u00eb flok\u00ebve t\u00eb marra me ndihm\u00ebn e mikro motor\u00ebve mblidhen me kujdes n\u00eb nj\u00eb seksion.<\/li><li>Pasi t\u00eb p\u00ebrfundoj\u00eb procesi i mbledhjes s\u00eb folikulave t\u00eb qimeve, hapi tjet\u00ebr, duke p\u00ebrdorur teh\u00ebt me maj\u00eb safiri, hapen kanalet me dhimbjen, drejtimin dhe frekuenc\u00ebn e d\u00ebshiruar n\u00eb zon\u00ebn q\u00eb do t\u00eb transplantohet.<\/li><li>Si hap i fundit, farat e folikulit t\u00eb flok\u00ebve t\u00eb mbledhura me ndihm\u00ebn e mikromotoreve vendosen n\u00eb kanalet e hapura me tehe me maj\u00eb safiri. K\u00ebshtu, transplantimi i flok\u00ebve me safir p\u00ebrfundon.<\/li><\/ol><h2><strong>Gj\u00ebrat q\u00eb duhen marr\u00eb parasysh p\u00ebrpara transplantimit t\u00eb flok\u00ebve me safir<\/strong><\/h2><ul><li>Nuk duhet t\u00eb p\u00ebrdoren hollues gjaku p\u00ebrpara transplantimit t\u00eb flok\u00ebve me safir.<\/li><li>Pirja e duhanit dhe p\u00ebrdorimi i alkoolit duhet t\u00eb nd\u00ebrpritet t\u00eb pakt\u00ebn 1 jav\u00eb para mbjelljes s\u00eb flok\u00ebve safir.<\/li><li>Duhet t\u00eb informoni mjekun tuaj n\u00ebse keni nj\u00eb s\u00ebmundje kronike ose medikamente q\u00eb i p\u00ebrdorni vazhdimisht.<\/li><li>Ju duhet t\u00eb pushoni mir\u00eb dhe t\u00eb flini para operacionit t\u00eb mbjelljes s\u00eb flok\u00ebve me safir.<\/li><\/ul><h2><strong>Gj\u00ebrat q\u00eb duhen marr\u00eb parasysh pas transplantimit t\u00eb flok\u00ebve me safir<\/strong><\/h2><ol><li>Nuk duhet t\u00eb vishni rroba t\u00eb ngushta para dhe pas operacionit t\u00eb mbjelljes s\u00eb flok\u00ebve me safir, mund t\u00eb d\u00ebmtoni zon\u00ebn e transplantuar gjat\u00eb veshjes.<\/li><li>Pas transplantimit t\u00eb flok\u00ebve me safir, nuk duhet t\u00eb p\u00ebrdorni alkool dhe cigare p\u00ebr periudh\u00ebn e p\u00ebrcaktuar nga mjeku juaj.<\/li><li>Pas operacionit, duhet t\u00eb p\u00ebrdorni barnat e dh\u00ebna nga mjeku juaj p\u00ebr periudh\u00ebn e rekomanduar nga mjeku juaj.<\/li><li>Nuk duhet t\u00eb ekspozoheni n\u00eb diell p\u00ebr 15 dit\u00ebt e para pas operacionit t\u00eb mbjelljes s\u00eb flok\u00ebve me safir dhe duhet t\u00eb q\u00ebndroni larg aktiviteteve t\u00eb tilla si deti, banja turke dhe sauna.<\/li><li>Duhet pasur kujdes kur jeni shtrir\u00eb dhe nuk duhet t\u00eb p\u00ebrdorni aksesor\u00eb si kapele, shalle, shalle pa miratimin e mjekut.<\/li><li>Pas transplantimit t\u00eb flok\u00ebve me safir, nuk duhet t\u00eb b\u00ebni presion n\u00eb zon\u00ebn e transplantuar me dor\u00eb.<\/li><li>Derisa mjeku juaj t\u00eb miratoj\u00eb, nuk duhet t\u00eb rruheni ose t\u00eb aplikoni trajtim termik si thar\u00ebse flok\u00ebsh.<\/li><\/ol><h2><strong>Kujdesi p\u00ebr flok\u00ebt pas transplantimit t\u00eb flok\u00ebve me safir<\/strong><\/h2><p>Pas operacionit t\u00eb mbjelljes s\u00eb flok\u00ebve me safir, larja e par\u00eb zakonisht b\u00ebhet nga mjeku. N\u00eb faz\u00ebn tjet\u00ebr, kur skadon koha e p\u00ebrcaktuar nga hap\u00ebsira, larja mund t\u00eb b\u00ebhet me nj\u00eb shampo t\u00eb ve\u00e7ant\u00eb t\u00eb p\u00ebrshkruar nga specialisti. Pas transplantimit t\u00eb flok\u00ebve me safir, nuk duhet t\u00eb p\u00ebrdorni asnj\u00eb produkt tjet\u00ebr p\u00ebrve\u00e7 ila\u00e7eve dhe kremrave t\u00eb rekomanduara nga mjeku juaj. Pas transplantimit t\u00eb flok\u00ebve me safir, metoda e rruajtjes pa g\u00ebrsh\u00ebr\u00eb nuk rekomandohet. Sipas shkall\u00ebs s\u00eb rikuperimit t\u00eb personit, mund t\u00eb rruheni me rekomandimin e mjekut. Mos p\u00ebrdorni asnj\u00eb produkt p\u00ebr kujdesin e flok\u00ebve p\u00ebr flok\u00ebt tuaj gjat\u00eb faz\u00ebs s\u00eb rikuperimit dhe mos b\u00ebni asnj\u00eb procedur\u00eb q\u00eb do t\u00eb ekspozohet ndaj nxeht\u00ebsis\u00eb.<\/p><h2><strong>Kush mund t\u00eb b\u00ebj\u00eb transplant flok\u00ebsh me safir?<\/strong><\/h2><p>Personat e p\u00ebrshtatsh\u00ebm p\u00ebr transplantimin e flok\u00ebve prej safiri p\u00ebrcaktohen vet\u00ebm pas nj\u00eb ekzaminimi gjith\u00ebp\u00ebrfshir\u00ebs. P\u00ebrve\u00e7 sh\u00ebndetit t\u00eb flok\u00ebve dhe folikulave t\u00eb flok\u00ebve, sh\u00ebndeti juaj i p\u00ebrgjithsh\u00ebm duhet t\u00eb jet\u00eb gjithashtu i favorsh\u00ebm. Duhet t\u00eb jeni mbi 18 vje\u00e7 p\u00ebr t\u00eb aplikuar transplantin e flok\u00ebve me safir.<\/p>\t\t\t\t\t\t\t\t<\/div>\n\t\t\t\t<\/div>\n\t\t\t\t\t<\/div>\n\t\t<\/div>\n\t\t\t\t\t<\/div>\n\t\t<\/section>\n\t\t\t\t<\/div>\n\t\t","protected":false},"excerpt":{"rendered":"<p>Transplanti i flokeve me safir Sot, krahas zhvillimeve teknologjike, ka pasur zhvillime edhe n\u00eb teknikat e mbjelljes s\u00eb flok\u00ebve, nj\u00eb prej t\u00eb cilave \u00ebsht\u00eb metoda e mbjelljes s\u00eb flok\u00ebve Sapphire. Q\u00eb nga viti 2001, kjo metod\u00eb \u00ebsht\u00eb aplikuar shpesh n\u00eb t\u00eb gjith\u00eb bot\u00ebn. Teknika e mbjelljes s\u00eb flok\u00ebve me safir njihet si metoda e transplantimit [&hellip;]<\/p>\n","protected":false},"author":1,"featured_media":0,"parent":0,"menu_order":0,"comment_status":"closed","ping_status":"closed","template":"","meta":{"footnotes":""},"class_list":["post-1254","page","type-page","status-publish","hentry"],"_links":{"self":[{"href":"https:\/\/serpilasamhairclinic.com\/sq\/wp-json\/wp\/v2\/pages\/1254","targetHints":{"allow":["GET"]}}],"collection":[{"href":"https:\/\/serpilasamhairclinic.com\/sq\/wp-json\/wp\/v2\/pages"}],"about":[{"href":"https:\/\/serpilasamhairclinic.com\/sq\/wp-json\/wp\/v2\/types\/page"}],"author":[{"embeddable":true,"href":"https:\/\/serpilasamhairclinic.com\/sq\/wp-json\/wp\/v2\/users\/1"}],"replies":[{"embeddable":true,"href":"https:\/\/serpilasamhairclinic.com\/sq\/wp-json\/wp\/v2\/comments?post=1254"}],"version-history":[{"count":0,"href":"https:\/\/serpilasamhairclinic.com\/sq\/wp-json\/wp\/v2\/pages\/1254\/revisions"}],"wp:attachment":[{"href":"https:\/\/serpilasamhairclinic.com\/sq\/wp-json\/wp\/v2\/media?parent=1254"}],"curies":[{"name":"wp","href":"https:\/\/api.w.org\/{rel}","templated":true}]}}