{"id":1238,"date":"2022-03-17T10:07:43","date_gmt":"2022-03-17T10:07:43","guid":{"rendered":"https:\/\/serpilasamhairclinic.com\/trajtimi-prp\/"},"modified":"2022-03-17T10:22:50","modified_gmt":"2022-03-17T10:22:50","slug":"trajtimi-prp","status":"publish","type":"page","link":"https:\/\/serpilasamhairclinic.com\/sq\/trajtimi-prp\/","title":{"rendered":"Trajtimi PRP"},"content":{"rendered":"\t\t<div data-elementor-type=\"wp-page\" data-elementor-id=\"1238\" class=\"elementor elementor-1238\" data-elementor-post-type=\"page\">\n\t\t\t\t\t\t<section class=\"elementor-section elementor-top-section elementor-element elementor-element-2c1131e elementor-section-boxed elementor-section-height-default elementor-section-height-default\" data-id=\"2c1131e\" data-element_type=\"section\" data-e-type=\"section\" data-settings=\"{&quot;background_background&quot;:&quot;classic&quot;}\">\n\t\t\t\t\t\t<div class=\"elementor-container elementor-column-gap-default\">\n\t\t\t\t\t<div class=\"elementor-column elementor-col-100 elementor-top-column elementor-element elementor-element-b7c6070\" data-id=\"b7c6070\" data-element_type=\"column\" data-e-type=\"column\">\n\t\t\t<div class=\"elementor-widget-wrap elementor-element-populated\">\n\t\t\t\t\t\t<div class=\"elementor-element elementor-element-6d48f61 elementor-widget elementor-widget-heading\" data-id=\"6d48f61\" data-element_type=\"widget\" data-e-type=\"widget\" data-widget_type=\"heading.default\">\n\t\t\t\t<div class=\"elementor-widget-container\">\n\t\t\t\t\t<h1 class=\"elementor-heading-title elementor-size-default\">Trajtimi PRP<\/h1>\t\t\t\t<\/div>\n\t\t\t\t<\/div>\n\t\t\t\t\t<\/div>\n\t\t<\/div>\n\t\t\t\t\t<\/div>\n\t\t<\/section>\n\t\t\t\t<section class=\"elementor-section elementor-top-section elementor-element elementor-element-af4e8b8 elementor-section-boxed elementor-section-height-default elementor-section-height-default\" data-id=\"af4e8b8\" data-element_type=\"section\" data-e-type=\"section\">\n\t\t\t\t\t\t<div class=\"elementor-container elementor-column-gap-default\">\n\t\t\t\t\t<div class=\"elementor-column elementor-col-50 elementor-top-column elementor-element elementor-element-cc94c6d\" data-id=\"cc94c6d\" data-element_type=\"column\" data-e-type=\"column\">\n\t\t\t<div class=\"elementor-widget-wrap elementor-element-populated\">\n\t\t\t\t\t\t<div class=\"elementor-element elementor-element-7ff20f8 elementor-widget elementor-widget-image\" data-id=\"7ff20f8\" data-element_type=\"widget\" data-e-type=\"widget\" data-widget_type=\"image.default\">\n\t\t\t\t<div class=\"elementor-widget-container\">\n\t\t\t\t\t\t\t\t\t\t\t\t\t\t\t<img fetchpriority=\"high\" decoding=\"async\" width=\"800\" height=\"480\" src=\"https:\/\/serpilasamhairclinic.com\/wp-content\/uploads\/2022\/02\/hair-transplant-sa-2-1024x615.jpg\" class=\"attachment-large size-large wp-image-585\" alt=\"\" srcset=\"https:\/\/serpilasamhairclinic.com\/wp-content\/uploads\/2022\/02\/hair-transplant-sa-2-1024x615.jpg 1024w, https:\/\/serpilasamhairclinic.com\/wp-content\/uploads\/2022\/02\/hair-transplant-sa-2-300x180.jpg 300w, https:\/\/serpilasamhairclinic.com\/wp-content\/uploads\/2022\/02\/hair-transplant-sa-2-768x461.jpg 768w, https:\/\/serpilasamhairclinic.com\/wp-content\/uploads\/2022\/02\/hair-transplant-sa-2-1536x922.jpg 1536w, https:\/\/serpilasamhairclinic.com\/wp-content\/uploads\/2022\/02\/hair-transplant-sa-2.jpg 1800w\" sizes=\"(max-width: 800px) 100vw, 800px\" title=\"\">\t\t\t\t\t\t\t\t\t\t\t\t\t\t\t<\/div>\n\t\t\t\t<\/div>\n\t\t\t\t\t<\/div>\n\t\t<\/div>\n\t\t\t\t<div class=\"elementor-column elementor-col-50 elementor-top-column elementor-element elementor-element-5a7d9ee\" data-id=\"5a7d9ee\" data-element_type=\"column\" data-e-type=\"column\">\n\t\t\t<div class=\"elementor-widget-wrap elementor-element-populated\">\n\t\t\t\t\t\t<div class=\"elementor-element elementor-element-ea7f270 elementor-widget elementor-widget-image\" data-id=\"ea7f270\" data-element_type=\"widget\" data-e-type=\"widget\" data-widget_type=\"image.default\">\n\t\t\t\t<div class=\"elementor-widget-container\">\n\t\t\t\t\t\t\t\t\t\t\t\t\t\t\t<img decoding=\"async\" width=\"800\" height=\"480\" src=\"https:\/\/serpilasamhairclinic.com\/wp-content\/uploads\/2022\/02\/hair-transplant-sa-1024x615.jpg\" class=\"attachment-large size-large wp-image-573\" alt=\"\" srcset=\"https:\/\/serpilasamhairclinic.com\/wp-content\/uploads\/2022\/02\/hair-transplant-sa-1024x615.jpg 1024w, https:\/\/serpilasamhairclinic.com\/wp-content\/uploads\/2022\/02\/hair-transplant-sa-300x180.jpg 300w, https:\/\/serpilasamhairclinic.com\/wp-content\/uploads\/2022\/02\/hair-transplant-sa-768x461.jpg 768w, https:\/\/serpilasamhairclinic.com\/wp-content\/uploads\/2022\/02\/hair-transplant-sa-1536x922.jpg 1536w, https:\/\/serpilasamhairclinic.com\/wp-content\/uploads\/2022\/02\/hair-transplant-sa.jpg 1800w\" sizes=\"(max-width: 800px) 100vw, 800px\" title=\"\">\t\t\t\t\t\t\t\t\t\t\t\t\t\t\t<\/div>\n\t\t\t\t<\/div>\n\t\t\t\t\t<\/div>\n\t\t<\/div>\n\t\t\t\t\t<\/div>\n\t\t<\/section>\n\t\t\t\t<section class=\"elementor-section elementor-top-section elementor-element elementor-element-632af8c elementor-section-boxed elementor-section-height-default elementor-section-height-default\" data-id=\"632af8c\" data-element_type=\"section\" data-e-type=\"section\" id=\"estetik\" data-settings=\"{&quot;background_background&quot;:&quot;classic&quot;}\">\n\t\t\t\t\t\t<div class=\"elementor-container elementor-column-gap-default\">\n\t\t\t\t\t<div class=\"elementor-column elementor-col-100 elementor-top-column elementor-element elementor-element-45c92d73\" data-id=\"45c92d73\" data-element_type=\"column\" data-e-type=\"column\">\n\t\t\t<div class=\"elementor-widget-wrap elementor-element-populated\">\n\t\t\t\t\t\t<div class=\"elementor-element elementor-element-74b40ae elementor-widget elementor-widget-text-editor\" data-id=\"74b40ae\" data-element_type=\"widget\" data-e-type=\"widget\" data-widget_type=\"text-editor.default\">\n\t\t\t\t<div class=\"elementor-widget-container\">\n\t\t\t\t\t\t\t\t\t<p>PRP; \u00cbsht\u00eb nj\u00eb form\u00eb trajtimi me injeksion t\u00eb nj\u00eb substance t\u00eb marr\u00eb nga gjaku i vet\u00eb personit. Substanca e injektuar \u00ebsht\u00eb plazma e pasuruar me trombocitet. Plazma \u00ebsht\u00eb nj\u00eb p\u00ebrb\u00ebr\u00ebs i gjakut q\u00eb ndihmon gjakun t\u00eb mpikset dhe p\u00ebrmban qeliza t\u00eb ve\u00e7anta t\u00eb quajtura trombocitet ose faktor\u00eb dhe proteina t\u00eb tjer\u00eb. K\u00ebto plazma p\u00ebrmbajn\u00eb gjithashtu proteina q\u00eb nxisin rritjen e qelizave. Me ndarjen dhe koncentrimin e plazm\u00ebs nga gjaku, fitohet prp, nj\u00eb plazm\u00eb m\u00eb e pasur me qeliza trombocitesh. K\u00ebshtu, ai injektohet n\u00eb indet e d\u00ebmtuara dhe siguron p\u00ebrhapjen e qelizave t\u00eb sh\u00ebndetshme.<\/p><h2><strong>Si \u00ebsht\u00eb trajtimi Prp?<\/strong><\/h2><p>Trajtimi me Prp fillon me grumbullimin dhe grumbullimin e gjakut t\u00eb pacientit n\u00eb nj\u00eb tub. Pastaj gjaku merret n\u00eb nj\u00eb tub q\u00eb p\u00ebrmban xhel. Gjaku i grumbulluar ndahet brenda 5-8 minutash me metod\u00ebn e centrifugimit. Pjesa plazmatike e gjakut e pasur me trombocite dhe faktor\u00eb t\u00eb rritjes \u00ebsht\u00eb e ndar\u00eb. Gjaku i fituar aplikohet n\u00eb zon\u00ebn e p\u00ebrcaktuar me ndihm\u00ebn e injektimit.<\/p><p><strong>Fushat e Trajtimit Prp<\/strong><\/p><ul><li>P\u00ebr t&#8217;i dh\u00ebn\u00eb elasticitet dhe shk\u00eblqim l\u00ebkur\u00ebs<\/li><li>Parandaloni r\u00ebnien e flok\u00ebve, forconi flok\u00ebt<\/li><li>Parandaloni rrudhat dhe depresionet<\/li><li>Rind\u00ebrtimi i l\u00ebkur\u00ebs n\u00eb plag\u00eb, \u00e7arje dhe d\u00ebmtime t\u00eb l\u00ebkur\u00ebs<\/li><li>P\u00ebr t\u00eb siguruar sh\u00ebrimin e djegieve n\u00eb l\u00ebkur\u00eb pas procedurave t\u00eb tilla si lazer.<\/li><li>P\u00ebrdoret n\u00eb zona t\u00eb tilla si fytyra, duart dhe krah\u00ebt, pjesa e brendshme e k\u00ebmb\u00ebve, qafa n\u00eb estetik\u00ebn mjek\u00ebsore.<\/li><\/ul><h2><strong>Trajtimi i flok\u00ebve me Prp<\/strong><\/h2><p>\u00cbsht\u00eb normale t\u00eb humbas\u00ebsh 100-150 qime n\u00eb jet\u00ebn e p\u00ebrditshme. Megjithat\u00eb, nj\u00eb rritje n\u00eb k\u00ebt\u00eb num\u00ebr tregon se duhet t\u00eb merrni masa paraprake. Pas k\u00ebsaj pike, prp \u00ebsht\u00eb nj\u00eb nga metodat e para q\u00eb do t\u00eb hasni. N\u00eb procesin ku flok\u00ebt fillojn\u00eb t\u00eb bien shpesh, ju mund t\u00eb zgjidhni trajtimin prp p\u00ebr ngjitjen e folikulave t\u00eb flok\u00ebve dhe rritje m\u00eb t\u00eb sh\u00ebndetshme pas operacionit t\u00eb mbjelljes s\u00eb flok\u00ebve.<\/p><p>Q\u00eb prp t\u00eb aplikohet p\u00ebr r\u00ebnien e flok\u00ebve, pacientit i merret mesatarisht 10 cc gjak. Ky gjak i marr\u00eb ndahet n\u00eb dy pjes\u00eb si gjak i bardh\u00eb dhe gjak i kuq duke iu n\u00ebnshtruar nj\u00eb procesi t\u00eb ve\u00e7ant\u00eb. Ka faktor t\u00eb rritjes s\u00eb trombociteve n\u00eb pjes\u00ebn e kuqe. Pas nj\u00eb trajtimi t\u00eb ve\u00e7ant\u00eb p\u00ebr gjakun e kuq, ai injektohet n\u00eb pjes\u00ebn me derdhje ose hollim me metod\u00ebn nap aj. Baza e k\u00ebtij aplikimi \u00ebsht\u00eb ushqimi i flok\u00ebve dhe rigjenerimi i indeve. Pacienti nuk ndjen dhimbje gjat\u00eb procedur\u00ebs.<\/p><h2><strong>Kur duhet t\u00eb jet\u00eb Prp pas transplantimit t\u00eb flok\u00ebve?<\/strong><\/h2><p>PRP \u00ebsht\u00eb nj\u00eb metod\u00eb trajtimi q\u00eb p\u00ebrdoret prej shum\u00eb vitesh n\u00eb mbar\u00eb bot\u00ebn dhe vitet e fundit ka filluar t\u00eb preferohet m\u00eb shum\u00eb. Rritja e flok\u00ebve mb\u00ebshtetet nga kjo metod\u00eb trajtimi. Prandaj, trajtimi PRP pas transplantimit t\u00eb flok\u00ebve mund t&#8217;u rekomandohet disa njer\u00ebzve. PRP \u00ebsht\u00eb nj\u00eb opsion i mir\u00eb p\u00ebr t\u00eb rritur suksesin e transplantimit t\u00eb flok\u00ebve.<\/p><p>Me PRP, faktor\u00ebt e rritjes dhe trombocitet shfaqen n\u00eb l\u00ebkur\u00ebn e kok\u00ebs. Kjo ndikon pozitivisht n\u00eb t\u00eb gjith\u00eb procesin e sh\u00ebrimit. Megjithat\u00eb, n\u00eb m\u00ebnyr\u00eb q\u00eb trajtimi PRP t\u00eb jet\u00eb i suksessh\u00ebm, \u00ebsht\u00eb jasht\u00ebzakonisht e r\u00ebnd\u00ebsishme q\u00eb t\u00eb b\u00ebhet n\u00eb koh\u00ebn e duhur. Trajtimi PRP mund t\u00eb b\u00ebhet 10 dit\u00eb pas nj\u00eb procedure t\u00eb mbjelljes s\u00eb flok\u00ebve pa probleme. Seancat e tjera duhet t\u00eb planifikohen pas 1 muaji, 3 muajsh dhe 6 muajsh. N\u00eb p\u00ebrgjith\u00ebsi, gjithsej 4 seanca trajtimi do t\u00eb jen\u00eb t\u00eb mjaftueshme.<\/p><p> N\u00eb t\u00eb nj\u00ebjt\u00ebn koh\u00eb, numri i proceseve dhe seancave mund t\u00eb ndryshoj\u00eb nga personi n\u00eb person. N\u00eb raste t\u00eb tilla, trajtimi me prp mund t\u00eb kryhet 3-4 muaj pas operacionit. Numri i seancave mund t\u00eb ndryshoj\u00eb n\u00eb var\u00ebsi t\u00eb gjendjes s\u00eb personit.<\/p><h2><strong>Sa koh\u00eb zgjat trajtimi i flok\u00ebve me Prp?<\/strong><\/h2><p>Trajtimi i flok\u00ebve me Prp \u00ebsht\u00eb n\u00eb seanca q\u00eb b\u00ebhen mesatarisht \u00e7do 15 dit\u00eb. Numri i seancave mund t\u00eb ndryshoj\u00eb n\u00eb var\u00ebsi t\u00eb nevojave t\u00eb personit dhe vendimit t\u00eb mjekut specialist. Procesi zgjat mesatarisht 30 minuta. Ky proces mund t\u00eb zgjas\u00eb 3-4 muaj ose m\u00eb shum\u00eb sipas nevojave t\u00eb personit. Pas p\u00ebrfundimit t\u00eb seancave t\u00eb trajtimit me prp, rekomandohet trajtimi me prp nj\u00eb her\u00eb n\u00eb vit.<\/p><h2><strong>Cilat jan\u00eb avantazhet e trajtimit Prp?<\/strong><\/h2><ul><li>Meqen\u00ebse plazma speciale merret nga gjaku i vet\u00eb personit, nuk ka rrezik p\u00ebr alergji.<\/li><li>Fal\u00eb injeksionit t\u00eb p\u00ebrdorur n\u00eb trajtimin Prp, nuk ka mbres\u00eb pas procedur\u00ebs.<\/li><li>Gjat\u00eb trajtimit nuk ndjehet dhimbje.<\/li><li>Ndihmon q\u00eb plag\u00ebt t\u00eb sh\u00ebrohen m\u00eb shpejt, ve\u00e7an\u00ebrisht pas operacionit t\u00eb mbjelljes s\u00eb flok\u00ebve.<\/li><li>Mb\u00ebshtet rritjen m\u00eb t\u00eb sh\u00ebndetshme t\u00eb flok\u00ebve pas operacionit t\u00eb transplantimit t\u00eb flok\u00ebve.<\/li><li>Mbron flok\u00ebt nga derdhjet,<\/li><li>Rrit vitalitetin e gj\u00ebndr\u00ebs s\u00eb flok\u00ebve,<\/li><li>Riparon struktur\u00ebn e flok\u00ebve dhe nxit rritjen e flok\u00ebve,<\/li><li>Rigjall\u00ebron folikulat e fjetura t\u00eb flok\u00ebve.<\/li><\/ul><h2><strong>\u00c7far\u00eb duhet t\u00eb jet\u00eb pas aplikimit t\u00eb PRP?<\/strong><\/h2><ul><li>Pas aplikimit t\u00eb PRP, \u00ebsht\u00eb e p\u00ebrshtatshme t\u00eb aplikoni akull dhe t\u00eb p\u00ebrdorni qet\u00ebsues dhimbjesh p\u00ebr dhimbje shum\u00eb t\u00eb lehta.<\/li><li>Mund t\u00eb b\u00ebhen ushtrime t\u00eb thjeshta shtrirjeje, por ushtrimet e rezistenc\u00ebs ndaj pesh\u00ebs duhet t\u00eb shmangen. Koha p\u00ebr t&#8217;u kthyer n\u00eb sport mund t\u00eb ndryshoj\u00eb nga 3-6 jav\u00eb.<\/li><li>Meqen\u00ebse trajtimi PRP aplikohet n\u00eb zon\u00ebn e kok\u00ebs pas transplantimit t\u00eb flok\u00ebve, \u00ebsht\u00eb e nevojshme t\u00eb mos ushtrohet presion n\u00eb zon\u00ebn e saj.<\/li><li>Do t\u00eb ishte e p\u00ebrshtatshme t\u00eb pyesni mjekun tuaj p\u00ebr barnat q\u00eb mund t\u00eb p\u00ebrdorni pas aplikimit t\u00eb PRP dhe kthimit tuaj n\u00eb sport.<\/li><\/ul>\t\t\t\t\t\t\t\t<\/div>\n\t\t\t\t<\/div>\n\t\t\t\t\t<\/div>\n\t\t<\/div>\n\t\t\t\t\t<\/div>\n\t\t<\/section>\n\t\t\t\t<\/div>\n\t\t","protected":false},"excerpt":{"rendered":"<p>Trajtimi PRP PRP; \u00cbsht\u00eb nj\u00eb form\u00eb trajtimi me injeksion t\u00eb nj\u00eb substance t\u00eb marr\u00eb nga gjaku i vet\u00eb personit. Substanca e injektuar \u00ebsht\u00eb plazma e pasuruar me trombocitet. Plazma \u00ebsht\u00eb nj\u00eb p\u00ebrb\u00ebr\u00ebs i gjakut q\u00eb ndihmon gjakun t\u00eb mpikset dhe p\u00ebrmban qeliza t\u00eb ve\u00e7anta t\u00eb quajtura trombocitet ose faktor\u00eb dhe proteina t\u00eb tjer\u00eb. K\u00ebto plazma [&hellip;]<\/p>\n","protected":false},"author":1,"featured_media":0,"parent":0,"menu_order":0,"comment_status":"closed","ping_status":"closed","template":"","meta":{"footnotes":""},"class_list":["post-1238","page","type-page","status-publish","hentry"],"_links":{"self":[{"href":"https:\/\/serpilasamhairclinic.com\/sq\/wp-json\/wp\/v2\/pages\/1238","targetHints":{"allow":["GET"]}}],"collection":[{"href":"https:\/\/serpilasamhairclinic.com\/sq\/wp-json\/wp\/v2\/pages"}],"about":[{"href":"https:\/\/serpilasamhairclinic.com\/sq\/wp-json\/wp\/v2\/types\/page"}],"author":[{"embeddable":true,"href":"https:\/\/serpilasamhairclinic.com\/sq\/wp-json\/wp\/v2\/users\/1"}],"replies":[{"embeddable":true,"href":"https:\/\/serpilasamhairclinic.com\/sq\/wp-json\/wp\/v2\/comments?post=1238"}],"version-history":[{"count":0,"href":"https:\/\/serpilasamhairclinic.com\/sq\/wp-json\/wp\/v2\/pages\/1238\/revisions"}],"wp:attachment":[{"href":"https:\/\/serpilasamhairclinic.com\/sq\/wp-json\/wp\/v2\/media?parent=1238"}],"curies":[{"name":"wp","href":"https:\/\/api.w.org\/{rel}","templated":true}]}}