{"id":1222,"date":"2022-03-17T10:02:55","date_gmt":"2022-03-17T10:02:55","guid":{"rendered":"https:\/\/serpilasamhairclinic.com\/transplantimi-i-flokeve-gjate-gjumit\/"},"modified":"2022-03-17T10:21:29","modified_gmt":"2022-03-17T10:21:29","slug":"transplantimi-i-flokeve-gjate-gjumit","status":"publish","type":"page","link":"https:\/\/serpilasamhairclinic.com\/sq\/transplantimi-i-flokeve-gjate-gjumit\/","title":{"rendered":"Transplantimi i flok\u00ebve gjat\u00eb gjumit"},"content":{"rendered":"\t\t<div data-elementor-type=\"wp-page\" data-elementor-id=\"1222\" class=\"elementor elementor-1222 elementor-1135\" data-elementor-post-type=\"page\">\n\t\t\t\t\t\t<section class=\"elementor-section elementor-top-section elementor-element elementor-element-2c1131e elementor-section-boxed elementor-section-height-default elementor-section-height-default\" data-id=\"2c1131e\" data-element_type=\"section\" data-e-type=\"section\" data-settings=\"{&quot;background_background&quot;:&quot;classic&quot;}\">\n\t\t\t\t\t\t<div class=\"elementor-container elementor-column-gap-default\">\n\t\t\t\t\t<div class=\"elementor-column elementor-col-100 elementor-top-column elementor-element elementor-element-b7c6070\" data-id=\"b7c6070\" data-element_type=\"column\" data-e-type=\"column\">\n\t\t\t<div class=\"elementor-widget-wrap elementor-element-populated\">\n\t\t\t\t\t\t<div class=\"elementor-element elementor-element-6d48f61 elementor-widget elementor-widget-heading\" data-id=\"6d48f61\" data-element_type=\"widget\" data-e-type=\"widget\" data-widget_type=\"heading.default\">\n\t\t\t\t<div class=\"elementor-widget-container\">\n\t\t\t\t\t<h1 class=\"elementor-heading-title elementor-size-default\">Transplantimi i flok\u00ebve gjat\u00eb gjumit<\/h1>\t\t\t\t<\/div>\n\t\t\t\t<\/div>\n\t\t\t\t\t<\/div>\n\t\t<\/div>\n\t\t\t\t\t<\/div>\n\t\t<\/section>\n\t\t\t\t<section class=\"elementor-section elementor-top-section elementor-element elementor-element-af4e8b8 elementor-section-boxed elementor-section-height-default elementor-section-height-default\" data-id=\"af4e8b8\" data-element_type=\"section\" data-e-type=\"section\">\n\t\t\t\t\t\t<div class=\"elementor-container elementor-column-gap-default\">\n\t\t\t\t\t<div class=\"elementor-column elementor-col-50 elementor-top-column elementor-element elementor-element-cc94c6d\" data-id=\"cc94c6d\" data-element_type=\"column\" data-e-type=\"column\">\n\t\t\t<div class=\"elementor-widget-wrap elementor-element-populated\">\n\t\t\t\t\t\t<div class=\"elementor-element elementor-element-7ff20f8 elementor-widget elementor-widget-image\" data-id=\"7ff20f8\" data-element_type=\"widget\" data-e-type=\"widget\" data-widget_type=\"image.default\">\n\t\t\t\t<div class=\"elementor-widget-container\">\n\t\t\t\t\t\t\t\t\t\t\t\t\t\t\t<img fetchpriority=\"high\" decoding=\"async\" width=\"800\" height=\"480\" src=\"https:\/\/serpilasamhairclinic.com\/wp-content\/uploads\/2022\/02\/hair-transplant-sa-1-1024x615.jpg\" class=\"attachment-large size-large wp-image-579\" alt=\"\" srcset=\"https:\/\/serpilasamhairclinic.com\/wp-content\/uploads\/2022\/02\/hair-transplant-sa-1-1024x615.jpg 1024w, https:\/\/serpilasamhairclinic.com\/wp-content\/uploads\/2022\/02\/hair-transplant-sa-1-300x180.jpg 300w, https:\/\/serpilasamhairclinic.com\/wp-content\/uploads\/2022\/02\/hair-transplant-sa-1-768x461.jpg 768w, https:\/\/serpilasamhairclinic.com\/wp-content\/uploads\/2022\/02\/hair-transplant-sa-1-1536x922.jpg 1536w, https:\/\/serpilasamhairclinic.com\/wp-content\/uploads\/2022\/02\/hair-transplant-sa-1.jpg 1800w\" sizes=\"(max-width: 800px) 100vw, 800px\" title=\"\">\t\t\t\t\t\t\t\t\t\t\t\t\t\t\t<\/div>\n\t\t\t\t<\/div>\n\t\t\t\t\t<\/div>\n\t\t<\/div>\n\t\t\t\t<div class=\"elementor-column elementor-col-50 elementor-top-column elementor-element elementor-element-5a7d9ee\" data-id=\"5a7d9ee\" data-element_type=\"column\" data-e-type=\"column\">\n\t\t\t<div class=\"elementor-widget-wrap elementor-element-populated\">\n\t\t\t\t\t\t<div class=\"elementor-element elementor-element-ea7f270 elementor-widget elementor-widget-image\" data-id=\"ea7f270\" data-element_type=\"widget\" data-e-type=\"widget\" data-widget_type=\"image.default\">\n\t\t\t\t<div class=\"elementor-widget-container\">\n\t\t\t\t\t\t\t\t\t\t\t\t\t\t\t<img decoding=\"async\" width=\"800\" height=\"480\" src=\"https:\/\/serpilasamhairclinic.com\/wp-content\/uploads\/2022\/02\/hair-transplant-sa-1024x615.jpg\" class=\"attachment-large size-large wp-image-573\" alt=\"\" srcset=\"https:\/\/serpilasamhairclinic.com\/wp-content\/uploads\/2022\/02\/hair-transplant-sa-1024x615.jpg 1024w, https:\/\/serpilasamhairclinic.com\/wp-content\/uploads\/2022\/02\/hair-transplant-sa-300x180.jpg 300w, https:\/\/serpilasamhairclinic.com\/wp-content\/uploads\/2022\/02\/hair-transplant-sa-768x461.jpg 768w, https:\/\/serpilasamhairclinic.com\/wp-content\/uploads\/2022\/02\/hair-transplant-sa-1536x922.jpg 1536w, https:\/\/serpilasamhairclinic.com\/wp-content\/uploads\/2022\/02\/hair-transplant-sa.jpg 1800w\" sizes=\"(max-width: 800px) 100vw, 800px\" title=\"\">\t\t\t\t\t\t\t\t\t\t\t\t\t\t\t<\/div>\n\t\t\t\t<\/div>\n\t\t\t\t\t<\/div>\n\t\t<\/div>\n\t\t\t\t\t<\/div>\n\t\t<\/section>\n\t\t\t\t<section class=\"elementor-section elementor-top-section elementor-element elementor-element-632af8c elementor-section-boxed elementor-section-height-default elementor-section-height-default\" data-id=\"632af8c\" data-element_type=\"section\" data-e-type=\"section\" id=\"estetik\" data-settings=\"{&quot;background_background&quot;:&quot;classic&quot;}\">\n\t\t\t\t\t\t<div class=\"elementor-container elementor-column-gap-default\">\n\t\t\t\t\t<div class=\"elementor-column elementor-col-100 elementor-top-column elementor-element elementor-element-45c92d73\" data-id=\"45c92d73\" data-element_type=\"column\" data-e-type=\"column\">\n\t\t\t<div class=\"elementor-widget-wrap elementor-element-populated\">\n\t\t\t\t\t\t<div class=\"elementor-element elementor-element-74b40ae elementor-widget elementor-widget-text-editor\" data-id=\"74b40ae\" data-element_type=\"widget\" data-e-type=\"widget\" data-widget_type=\"text-editor.default\">\n\t\t\t\t<div class=\"elementor-widget-container\">\n\t\t\t\t\t\t\t\t\t<h2><strong>Gjumi pas transplantit t\u00eb flok\u00ebve<\/strong><\/h2><p>Metoda e transplantimit t\u00eb flok\u00ebve ofron nj\u00eb zgjidhje t\u00eb p\u00ebrhershme p\u00ebr njer\u00ebzit q\u00eb p\u00ebrjetojn\u00eb r\u00ebnie t\u00eb flok\u00ebve. Ka shum\u00eb pik\u00ebpyetje n\u00eb mendjet e njer\u00ebzve p\u00ebr t\u00eb b\u00ebr\u00eb nj\u00eb transplant flok\u00ebsh. Nj\u00eb prej tyre \u00ebsht\u00eb pozicioni i gjumit pas operacionit t\u00eb mbjelljes s\u00eb flok\u00ebve. Faza e par\u00eb pas operacionit t\u00eb mbjelljes s\u00eb flok\u00ebve \u00ebsht\u00eb procesi i sh\u00ebrimit dhe periudha <strong>10-ditore<\/strong> \u00ebsht\u00eb e r\u00ebnd\u00ebsishme n\u00eb k\u00ebt\u00eb faz\u00eb. Gjat\u00eb k\u00ebsaj periudhe, zona e transplantuar duhet t\u00eb mbrohet me kujdes nga \u00e7do ndikim, ndikim dhe presion. I detyron njer\u00ebzit t&#8217;i kushtojn\u00eb v\u00ebmendje, ve\u00e7an\u00ebrisht gjat\u00eb faz\u00ebs s\u00eb gjumit kur ne veprojm\u00eb n\u00eb m\u00ebnyr\u00eb t\u00eb pand\u00ebrgjegjshme. Meqen\u00ebse kjo \u00ebsht\u00eb ve\u00e7an\u00ebrisht e r\u00ebnd\u00ebsishme q\u00eb gj\u00ebndrat e flok\u00ebve t\u00eb ngjiten n\u00eb kanale gjat\u00eb periudh\u00ebs <strong>10-ditore<\/strong> , duhet t&#8217;i kushtojm\u00eb v\u00ebmendje pozicionit ton\u00eb <strong>gjat\u00eb gjumit<\/strong> .<\/p><h2><strong>Pozicioni i par\u00eb i gjumit t\u00eb nat\u00ebs pas transplantit t\u00eb flok\u00ebve<\/strong><\/h2><p>Nata e par\u00eb pas mbjelljes s\u00eb flok\u00ebve \u00ebsht\u00eb shum\u00eb e r\u00ebnd\u00ebsishme p\u00ebr sa i p\u00ebrket mbajtjes s\u00eb farave t\u00eb folikulit t\u00eb qimeve t\u00eb mbjella. P\u00ebr k\u00ebt\u00eb arsye, duhet t&#8217;i kushtojm\u00eb v\u00ebmendje pozicionit ton\u00eb t\u00eb gjumit <strong>nat\u00ebn e par\u00eb<\/strong> . Komplikacioni m\u00eb i zakonsh\u00ebm pas operacionit t\u00eb mbjelljes s\u00eb flok\u00ebve \u00ebsht\u00eb edema dhe \u00ebnjtja. N\u00ebse \u00ebsht\u00eb e mundur, \u00ebsht\u00eb e nevojshme t\u00eb shtriheni n\u00eb nj\u00eb k\u00ebnd prej 45 grad\u00eb, pasi shtrirja plot\u00ebsisht pas operacionit t\u00eb mbjelljes s\u00eb flok\u00ebve do t\u00eb shkaktoj\u00eb edem\u00eb dhe \u00ebnjtje. Vendosja e dy jast\u00ebk\u00ebve n\u00eb shpin\u00eb <strong>nat\u00ebn e par\u00eb pas<\/strong> transplantimit t\u00eb flok\u00ebve do t&#8217;ju ndihmoj\u00eb t\u00eb arrini nj\u00eb k\u00ebnd prej 45 grad\u00eb.<\/p><h3><strong>Pozicioni 1 javor i gjumit pas transplantit t\u00eb flok\u00ebve<\/strong><\/h3><p>Pas transplantimit t\u00eb flok\u00ebve, n\u00ebse operacioni \u00ebsht\u00eb aplikuar n\u00eb zon\u00ebn e kok\u00ebs, ve\u00e7an\u00ebrisht n\u00eb zverkun e dhuruesit, \u00ebsht\u00eb e nevojshme t\u00eb mos ushtroni presion mbi dokumentin p\u00ebr sa i p\u00ebrket sh\u00ebndetit t\u00eb tij. \u00cbsht\u00eb e r\u00ebnd\u00ebsishme t&#8217;i kushtoni v\u00ebmendje k\u00ebsaj p\u00ebr t\u00eb arritur rezultatin e d\u00ebshiruar n\u00eb fazat e ardhshme, p\u00ebrndryshe, n\u00ebse zona e mbjelljes s\u00eb flok\u00ebve d\u00ebmtohet, rritja e pritshme e flok\u00ebve mund t\u00eb mos ndodh\u00eb. N\u00ebse transplantimi i flok\u00ebve \u00ebsht\u00eb b\u00ebr\u00eb vet\u00ebm n\u00eb pjes\u00ebn e p\u00ebrparme, pas jav\u00ebs s\u00eb par\u00eb, mund t\u00eb shtriheni n\u00eb shpin\u00eb. Megjithat\u00eb, rekomandohet q\u00eb gjat\u00eb k\u00ebsaj periudhe t\u00eb shtriheni n\u00eb nj\u00eb k\u00ebnd prej 45 grad\u00eb, n\u00ebse \u00ebsht\u00eb e mundur. N\u00ebse transplantimi i flok\u00ebve b\u00ebhet n\u00eb zon\u00ebn e kuror\u00ebs, duke marr\u00eb parasysh t\u00eb gjitha mund\u00ebsit\u00eb, mund t\u00eb arrihet nj\u00eb k\u00ebnd 45 grad\u00eb dhe t\u00eb p\u00ebrdoret nj\u00eb jast\u00ebk udh\u00ebtimi p\u00ebr t\u00eb fjetur. Gjat\u00eb k\u00ebsaj periudhe 1-javore, duhet t\u00eb shtriheni n\u00eb nj\u00eb k\u00ebnd prej 45 grad\u00eb pa ushtruar presion n\u00eb zon\u00ebn e mbjelljes s\u00eb flok\u00ebve.<\/p><h2><strong>T\u00eb shtrir\u00eb n\u00eb krah pas transplantit t\u00eb flok\u00ebve?<\/strong><\/h2><p>Shtrirja n\u00eb krah pas transplantimit t\u00eb flok\u00ebve nuk rekomandohet pasi do t\u00eb shkaktoj\u00eb \u00ebnjtje n\u00eb kok\u00eb dhe fytyr\u00eb. Megjithat\u00eb, pasi t\u00eb ken\u00eb kaluar 10 dit\u00ebt e para, mund t\u00eb shtriheni n\u00eb krah me miratimin e mjekut. N\u00eb transplantimin e flok\u00ebve, n\u00ebse zona e dhurimit \u00ebsht\u00eb zverku, ju mund t\u00eb shtriheni n\u00eb an\u00ebn tuaj me nj\u00eb jast\u00ebk t\u00eb ngritur.<\/p><h3><strong>P\u00ebrdorimi i jast\u00ebk\u00ebve dhe shtret\u00ebrve mjek\u00ebsor\u00eb pas transplantimit t\u00eb flok\u00ebve<\/strong><\/h3><p>Pas operacionit t\u00eb mbjelljes s\u00eb flok\u00ebve ka v\u00ebshtir\u00ebsi p\u00ebr shkak t\u00eb prishjes s\u00eb gjumit dhe form\u00ebs s\u00eb njer\u00ebzve. N\u00eb k\u00ebt\u00eb proces rekomandohet p\u00ebrdorimi i jast\u00ebk\u00ebve dhe dyshek\u00ebve mjek\u00ebsor\u00eb. Arsyeja p\u00ebr k\u00ebt\u00eb \u00ebsht\u00eb dhimbja n\u00eb rajonin e kok\u00ebs, qaf\u00ebs dhe shpin\u00ebs p\u00ebr shkak t\u00eb ndryshimit t\u00eb pozicionit t\u00eb gjumit, dhe jast\u00ebku mjek\u00ebsor dhe dysheku i p\u00ebrdorur i zvog\u00eblojn\u00eb k\u00ebto dhimbje n\u00eb minimum.<\/p><h2><strong>Cilat jan\u00eb masat paraprake q\u00eb duhen marr\u00eb para se t\u00eb flini pas transplantimit t\u00eb flok\u00ebve?<\/strong><\/h2><ol><li>Duhet b\u00ebr\u00eb nj\u00eb plan i sakt\u00eb dhe parimor i gjumit; sepse megjith\u00ebse transplantimi i flok\u00ebve nuk \u00ebsht\u00eb nj\u00eb proces i dhimbsh\u00ebm me anestezi lokale, duke qen\u00eb se procesi i rikuperimit k\u00ebrkon koh\u00eb, trupi juaj mund t\u00eb humbas\u00eb rezistenc\u00ebn dhe procesi juaj i sh\u00ebrimit mund t\u00eb zgjatet n\u00ebse nuk mund t\u00eb flini n\u00eb m\u00ebnyr\u00eb efikase.<\/li><li>Kujdesuni p\u00ebr higjien\u00ebn e vendit ku flini; Pas operacionit t\u00eb mbjelljes s\u00eb flok\u00ebve, kanalet e hapura, edhe n\u00ebse jan\u00eb shum\u00eb t\u00eb vogla, jan\u00eb n\u00eb form\u00ebn e plag\u00ebve t\u00eb hapura dhe \u00ebsht\u00eb e r\u00ebnd\u00ebsishme q\u00eb kjo zon\u00eb t\u00eb mos infektohet.<\/li><li>N\u00eb jast\u00ebk\u00eb duhet p\u00ebrdorur nj\u00eb leck\u00eb ose peshqir i past\u00ebr; Pas operacionit t\u00eb mbjelljes s\u00eb flok\u00ebve, mund t\u00eb ket\u00eb gjakderdhje ose rrjedhje nga plag\u00ebt n\u00eb zonat e transplantuara. P\u00ebr ta parandaluar k\u00ebt\u00eb, mund t\u00eb vendosni nj\u00eb peshqir ose leck\u00eb mbi jast\u00ebk\u00ebt tuaj.<\/li><li>Duhet t\u00eb shmanget kontakti i zon\u00ebs s\u00eb mbjelljes s\u00eb flok\u00ebve me jast\u00ebkun; Presioni q\u00eb do t\u00eb ndodh\u00eb gjat\u00eb k\u00ebtij kontakti mund t\u00eb parandaloj\u00eb ngjitjen e farave t\u00eb folikulit t\u00eb flok\u00ebve n\u00eb zon\u00ebn e mbjelljes s\u00eb flok\u00ebve.<\/li><\/ol><h2><strong>Kur mund t\u00eb flini normalisht pas transplantimit t\u00eb flok\u00ebve?<\/strong><\/h2><p>Mund\u00ebsia p\u00ebr t\u00eb fjetur normalisht pas operacionit t\u00eb mbjelljes s\u00eb flok\u00ebve varet kryesisht nga funksioni i trupit tuaj p\u00ebr sh\u00ebrimin e plag\u00ebve, k\u00ebshtu q\u00eb kjo koh\u00eb mund t\u00eb ndryshoj\u00eb n\u00eb individ\u00eb. N\u00eb k\u00ebt\u00eb proces, n\u00ebse merrni parasysh rekomandimet e mjekut tuaj dhe b\u00ebni kujdesin e nevojsh\u00ebm, kjo periudh\u00eb do t\u00eb shkurtohet.<\/p><p>10 dit\u00ebt e para pas operacionit t\u00eb mbjelljes s\u00eb flok\u00ebve jan\u00eb periudha m\u00eb e r\u00ebnd\u00ebsishme e procesit. Edhe n\u00ebse keni v\u00ebshtir\u00ebsi n\u00eb k\u00ebt\u00eb proces 10-ditor, \u00ebsht\u00eb mir\u00eb t\u00eb d\u00ebgjoni k\u00ebshillat e mjekut dhe t\u00eb shtriheni n\u00eb shpin\u00eb me nj\u00eb k\u00ebnd 45 grad\u00eb.<\/p><p>N\u00ebse ndiqni plot\u00ebsisht rekomandimet e mjekut dhe shtriheni me k\u00ebndin e rekomanduar prej 45 grad\u00eb n\u00eb nj\u00eb periudh\u00eb 10-ditore, n\u00ebse keni shkall\u00ebn e nevojshme t\u00eb rikuperimit n\u00ebn kontrollin e specialistit, mund t\u00eb kaloni n\u00eb pozicionin tuaj rutin\u00eb t\u00eb gjumit me miratimin e mjekun tuaj. N\u00ebse kjo periudh\u00eb shkurtohet apo zgjatet \u00ebsht\u00eb n\u00eb duart tuaja.<\/p>\t\t\t\t\t\t\t\t<\/div>\n\t\t\t\t<\/div>\n\t\t\t\t\t<\/div>\n\t\t<\/div>\n\t\t\t\t\t<\/div>\n\t\t<\/section>\n\t\t\t\t<\/div>\n\t\t","protected":false},"excerpt":{"rendered":"<p>Transplantimi i flok\u00ebve gjat\u00eb gjumit Gjumi pas transplantit t\u00eb flok\u00ebve Metoda e transplantimit t\u00eb flok\u00ebve ofron nj\u00eb zgjidhje t\u00eb p\u00ebrhershme p\u00ebr njer\u00ebzit q\u00eb p\u00ebrjetojn\u00eb r\u00ebnie t\u00eb flok\u00ebve. Ka shum\u00eb pik\u00ebpyetje n\u00eb mendjet e njer\u00ebzve p\u00ebr t\u00eb b\u00ebr\u00eb nj\u00eb transplant flok\u00ebsh. Nj\u00eb prej tyre \u00ebsht\u00eb pozicioni i gjumit pas operacionit t\u00eb mbjelljes s\u00eb flok\u00ebve. Faza e [&hellip;]<\/p>\n","protected":false},"author":1,"featured_media":0,"parent":0,"menu_order":0,"comment_status":"closed","ping_status":"closed","template":"","meta":{"footnotes":""},"class_list":["post-1222","page","type-page","status-publish","hentry"],"_links":{"self":[{"href":"https:\/\/serpilasamhairclinic.com\/sq\/wp-json\/wp\/v2\/pages\/1222","targetHints":{"allow":["GET"]}}],"collection":[{"href":"https:\/\/serpilasamhairclinic.com\/sq\/wp-json\/wp\/v2\/pages"}],"about":[{"href":"https:\/\/serpilasamhairclinic.com\/sq\/wp-json\/wp\/v2\/types\/page"}],"author":[{"embeddable":true,"href":"https:\/\/serpilasamhairclinic.com\/sq\/wp-json\/wp\/v2\/users\/1"}],"replies":[{"embeddable":true,"href":"https:\/\/serpilasamhairclinic.com\/sq\/wp-json\/wp\/v2\/comments?post=1222"}],"version-history":[{"count":0,"href":"https:\/\/serpilasamhairclinic.com\/sq\/wp-json\/wp\/v2\/pages\/1222\/revisions"}],"wp:attachment":[{"href":"https:\/\/serpilasamhairclinic.com\/sq\/wp-json\/wp\/v2\/media?parent=1222"}],"curies":[{"name":"wp","href":"https:\/\/api.w.org\/{rel}","templated":true}]}}