{"id":1204,"date":"2022-03-17T10:01:22","date_gmt":"2022-03-17T10:01:22","guid":{"rendered":"https:\/\/serpilasamhairclinic.com\/transplanti-i-flokeve-fue\/"},"modified":"2022-03-17T10:19:55","modified_gmt":"2022-03-17T10:19:55","slug":"transplanti-i-flokeve-fue","status":"publish","type":"page","link":"https:\/\/serpilasamhairclinic.com\/sq\/transplanti-i-flokeve-fue\/","title":{"rendered":"Transplanti i flok\u00ebve FUE"},"content":{"rendered":"\t\t<div data-elementor-type=\"wp-page\" data-elementor-id=\"1204\" class=\"elementor elementor-1204 elementor-1130\" data-elementor-post-type=\"page\">\n\t\t\t\t\t\t<section class=\"elementor-section elementor-top-section elementor-element elementor-element-2c1131e elementor-section-boxed elementor-section-height-default elementor-section-height-default\" data-id=\"2c1131e\" data-element_type=\"section\" data-e-type=\"section\" data-settings=\"{&quot;background_background&quot;:&quot;classic&quot;}\">\n\t\t\t\t\t\t<div class=\"elementor-container elementor-column-gap-default\">\n\t\t\t\t\t<div class=\"elementor-column elementor-col-100 elementor-top-column elementor-element elementor-element-b7c6070\" data-id=\"b7c6070\" data-element_type=\"column\" data-e-type=\"column\">\n\t\t\t<div class=\"elementor-widget-wrap elementor-element-populated\">\n\t\t\t\t\t\t<div class=\"elementor-element elementor-element-6d48f61 elementor-widget elementor-widget-heading\" data-id=\"6d48f61\" data-element_type=\"widget\" data-e-type=\"widget\" data-widget_type=\"heading.default\">\n\t\t\t\t<div class=\"elementor-widget-container\">\n\t\t\t\t\t<h1 class=\"elementor-heading-title elementor-size-default\">Transplanti i flok\u00ebve FUE<\/h1>\t\t\t\t<\/div>\n\t\t\t\t<\/div>\n\t\t\t\t\t<\/div>\n\t\t<\/div>\n\t\t\t\t\t<\/div>\n\t\t<\/section>\n\t\t\t\t<section class=\"elementor-section elementor-top-section elementor-element elementor-element-af4e8b8 elementor-section-boxed elementor-section-height-default elementor-section-height-default\" data-id=\"af4e8b8\" data-element_type=\"section\" data-e-type=\"section\">\n\t\t\t\t\t\t<div class=\"elementor-container elementor-column-gap-default\">\n\t\t\t\t\t<div class=\"elementor-column elementor-col-50 elementor-top-column elementor-element elementor-element-cc94c6d\" data-id=\"cc94c6d\" data-element_type=\"column\" data-e-type=\"column\">\n\t\t\t<div class=\"elementor-widget-wrap elementor-element-populated\">\n\t\t\t\t\t\t<div class=\"elementor-element elementor-element-7ff20f8 elementor-widget elementor-widget-image\" data-id=\"7ff20f8\" data-element_type=\"widget\" data-e-type=\"widget\" data-widget_type=\"image.default\">\n\t\t\t\t<div class=\"elementor-widget-container\">\n\t\t\t\t\t\t\t\t\t\t\t\t\t\t\t<img fetchpriority=\"high\" decoding=\"async\" width=\"800\" height=\"480\" src=\"https:\/\/serpilasamhairclinic.com\/wp-content\/uploads\/2022\/02\/hair-transplant-sa-1-1024x615.jpg\" class=\"attachment-large size-large wp-image-579\" alt=\"\" srcset=\"https:\/\/serpilasamhairclinic.com\/wp-content\/uploads\/2022\/02\/hair-transplant-sa-1-1024x615.jpg 1024w, https:\/\/serpilasamhairclinic.com\/wp-content\/uploads\/2022\/02\/hair-transplant-sa-1-300x180.jpg 300w, https:\/\/serpilasamhairclinic.com\/wp-content\/uploads\/2022\/02\/hair-transplant-sa-1-768x461.jpg 768w, https:\/\/serpilasamhairclinic.com\/wp-content\/uploads\/2022\/02\/hair-transplant-sa-1-1536x922.jpg 1536w, https:\/\/serpilasamhairclinic.com\/wp-content\/uploads\/2022\/02\/hair-transplant-sa-1.jpg 1800w\" sizes=\"(max-width: 800px) 100vw, 800px\" title=\"\">\t\t\t\t\t\t\t\t\t\t\t\t\t\t\t<\/div>\n\t\t\t\t<\/div>\n\t\t\t\t\t<\/div>\n\t\t<\/div>\n\t\t\t\t<div class=\"elementor-column elementor-col-50 elementor-top-column elementor-element elementor-element-5a7d9ee\" data-id=\"5a7d9ee\" data-element_type=\"column\" data-e-type=\"column\">\n\t\t\t<div class=\"elementor-widget-wrap elementor-element-populated\">\n\t\t\t\t\t\t<div class=\"elementor-element elementor-element-ea7f270 elementor-widget elementor-widget-image\" data-id=\"ea7f270\" data-element_type=\"widget\" data-e-type=\"widget\" data-widget_type=\"image.default\">\n\t\t\t\t<div class=\"elementor-widget-container\">\n\t\t\t\t\t\t\t\t\t\t\t\t\t\t\t<img decoding=\"async\" width=\"800\" height=\"480\" src=\"https:\/\/serpilasamhairclinic.com\/wp-content\/uploads\/2022\/02\/hair-transplant-sa-1024x615.jpg\" class=\"attachment-large size-large wp-image-573\" alt=\"\" srcset=\"https:\/\/serpilasamhairclinic.com\/wp-content\/uploads\/2022\/02\/hair-transplant-sa-1024x615.jpg 1024w, https:\/\/serpilasamhairclinic.com\/wp-content\/uploads\/2022\/02\/hair-transplant-sa-300x180.jpg 300w, https:\/\/serpilasamhairclinic.com\/wp-content\/uploads\/2022\/02\/hair-transplant-sa-768x461.jpg 768w, https:\/\/serpilasamhairclinic.com\/wp-content\/uploads\/2022\/02\/hair-transplant-sa-1536x922.jpg 1536w, https:\/\/serpilasamhairclinic.com\/wp-content\/uploads\/2022\/02\/hair-transplant-sa.jpg 1800w\" sizes=\"(max-width: 800px) 100vw, 800px\" title=\"\">\t\t\t\t\t\t\t\t\t\t\t\t\t\t\t<\/div>\n\t\t\t\t<\/div>\n\t\t\t\t\t<\/div>\n\t\t<\/div>\n\t\t\t\t\t<\/div>\n\t\t<\/section>\n\t\t\t\t<section class=\"elementor-section elementor-top-section elementor-element elementor-element-632af8c elementor-section-boxed elementor-section-height-default elementor-section-height-default\" data-id=\"632af8c\" data-element_type=\"section\" data-e-type=\"section\" id=\"estetik\" data-settings=\"{&quot;background_background&quot;:&quot;classic&quot;}\">\n\t\t\t\t\t\t<div class=\"elementor-container elementor-column-gap-default\">\n\t\t\t\t\t<div class=\"elementor-column elementor-col-100 elementor-top-column elementor-element elementor-element-45c92d73\" data-id=\"45c92d73\" data-element_type=\"column\" data-e-type=\"column\">\n\t\t\t<div class=\"elementor-widget-wrap elementor-element-populated\">\n\t\t\t\t\t\t<div class=\"elementor-element elementor-element-74b40ae elementor-widget elementor-widget-text-editor\" data-id=\"74b40ae\" data-element_type=\"widget\" data-e-type=\"widget\" data-widget_type=\"text-editor.default\">\n\t\t\t\t<div class=\"elementor-widget-container\">\n\t\t\t\t\t\t\t\t\t<h2><strong>Nxjerrja e nj\u00ebsis\u00eb folikulare (FUE)<\/strong><\/h2><p>Transplantimi i flok\u00ebve Fue \u00ebsht\u00eb nj\u00eb metod\u00eb q\u00eb p\u00ebrdoret m\u00eb s\u00eb shpeshti p\u00ebr zgjidhjen e p\u00ebrhershme t\u00eb problemeve t\u00eb r\u00ebnies s\u00eb flok\u00ebve dhe r\u00ebnies s\u00eb flok\u00ebve (tullacis\u00eb) n\u00eb mbar\u00eb bot\u00ebn. \u00cbsht\u00eb nj\u00eb metod\u00eb e preferuar si nga femrat ashtu edhe nga meshkujt p\u00ebr t\u00eb arritur flok\u00eb natyral\u00eb n\u00eb m\u00ebnyr\u00eb komode dhe t\u00eb p\u00ebrhershme pa dhimbje. Teknika e mbjelljes s\u00eb <strong>flok\u00ebve Fue<\/strong> kryhet duke mbledhur farat e folikulave t\u00eb flok\u00ebve (grafts) t\u00eb sh\u00ebndetshme nga zona me qime n\u00eb kok\u00eb dhe duke i vendosur ato n\u00eb zon\u00ebn tullac ku ka rrallim ose derdhje t\u00eb plot\u00eb.<\/p><p>\u00cbsht\u00eb aplikuar n\u00eb m\u00ebnyr\u00eb t\u00eb sigurt n\u00eb t\u00eb gjith\u00eb bot\u00ebn q\u00eb nga viti 2004. Teknika e mbjelljes s\u00eb flok\u00ebve Fue kryhet me transplantin e flok\u00ebve Sapphire <strong>Fue, transplantin e flok\u00ebve<\/strong> Unhaven Fue, transplantin e flok\u00ebve Fue pjes\u00ebrisht t\u00eb rruar dhe transplantin e flok\u00ebve Sedated n\u00eb p\u00ebrputhje me k\u00ebrkesat dhe nevojat e pacientit. Pavar\u00ebsisht nga gruaja apo mashkulli, flok\u00ebt tan\u00eb jan\u00eb aksesori yn\u00eb m\u00eb i r\u00ebnd\u00ebsish\u00ebm, ndaj teknika e mbjelljes s\u00eb flok\u00ebve fue ofron nj\u00eb zgjidhje t\u00eb p\u00ebrhershme dhe natyrale.<\/p><h2><strong>Para transplantit t\u00eb flok\u00ebve Fue<\/strong><\/h2><p>Personat q\u00eb vendosin t\u00eb kryejn\u00eb <strong>metod\u00ebn e mbjelljes s\u00eb flok\u00ebve Fue<\/strong> kryejn\u00eb fillimisht ekzaminimin e par\u00eb me nj\u00eb person me p\u00ebrvoj\u00eb dhe ekspert. N\u00eb k\u00ebt\u00eb faz\u00eb, struktura e flok\u00ebve, shkalla e rrallimit ose tullacis\u00eb, p\u00ebrmasat e kok\u00ebs dhe fytyr\u00ebs shqyrtohen me imt\u00ebsi nga mjeku, i cili nuk ka nj\u00eb gjendje mjek\u00ebsore q\u00eb pengon operacionin. M\u00eb pas, linja e mbjelljes s\u00eb flok\u00ebve p\u00ebrcaktohet duke b\u00ebr\u00eb matje milimetrike t\u00eb zon\u00ebs q\u00eb do t\u00eb transplantohet. Kjo faz\u00eb \u00ebsht\u00eb shum\u00eb e r\u00ebnd\u00ebsishme p\u00ebr sa i p\u00ebrket pamjes vizuale q\u00eb do t\u00eb ndodh\u00eb pas mbjelljes s\u00eb flok\u00ebve dhe duhet trajtuar me p\u00ebrpik\u00ebri. M\u00eb pas b\u00ebhen ekzaminimet e nevojshme dhe p\u00ebrcaktohet koha e duhur p\u00ebr mbjelljen e flok\u00ebve.<\/p><h2><strong>Cilat jan\u00eb fazat e transplantit t\u00eb flok\u00ebve FUE?<\/strong><\/h2><ol><li><strong>Mbledhja e farave t\u00eb rr\u00ebnj\u00ebve t\u00eb qimeve<\/strong><\/li><\/ol><p>Pas ekzaminimit t\u00eb par\u00eb dhe faz\u00ebs p\u00ebrgatitore, zonat ku do t\u00eb aplikohet transplantimi i flok\u00ebve FUE dezinfektohen dhe anestezohen me anestezi lokale p\u00ebr t\u00eb siguruar nj\u00eb operacion pa dhimbje. Kjo zon\u00eb \u00ebsht\u00eb zakonisht zona e zverkut sepse flok\u00ebt n\u00eb zon\u00ebn e zverkut jan\u00eb m\u00eb rezistente ndaj r\u00ebnies. Farat e folikulave t\u00eb flok\u00ebve t\u00eb sh\u00ebndetshme dhe t\u00eb p\u00ebrshtatshme nga zona e p\u00ebrcaktuar dhuruese kan\u00eb filluar t\u00eb mblidhen me an\u00eb t\u00eb mikro motor\u00ebve me maj\u00eb shum\u00eb t\u00eb im\u00ebt. \u00cbsht\u00eb shum\u00eb e r\u00ebnd\u00ebsishme q\u00eb k\u00ebto fara t\u00eb folikulave t\u00eb flok\u00ebve t\u00eb merren me shum\u00eb kujdes n\u00eb m\u00ebnyr\u00eb q\u00eb t\u00eb jen\u00eb t\u00eb p\u00ebrhershme n\u00eb faz\u00ebn tjet\u00ebr t\u00eb operacionit, k\u00ebshtu q\u00eb farat e mbledhura t\u00eb folikulave t\u00eb flok\u00ebve duhet t\u00eb jen\u00eb m\u00eb t\u00eb sh\u00ebndetshmet. N\u00eb k\u00ebt\u00eb faz\u00eb, \u00e7do gj\u00ebnd\u00ebr flok\u00ebsh p\u00ebrmban mesatarisht 2.7 qime. Sipas p\u00ebrshtatshm\u00ebris\u00eb s\u00eb zon\u00ebs dhuruese, mesatarisht 2000-2500 fara t\u00eb folikulit t\u00eb qimeve mund t\u00eb merren n\u00eb nj\u00eb seanc\u00eb t\u00eb vetme. Farat e mbledhura t\u00eb rr\u00ebnj\u00ebs s\u00eb flok\u00ebve t\u00eb sh\u00ebndetshme ruhen me kujdes n\u00eb nj\u00eb tret\u00ebsir\u00eb t\u00eb ve\u00e7ant\u00eb.<\/p><ol start=\"2\"><li><strong>Vendosja e farave t\u00eb rr\u00ebnj\u00ebs s\u00eb qimeve n\u00eb kanale<\/strong><\/li><\/ol><p>Duhet t\u00eb hapen kanale p\u00ebr t\u00eb vendosur farat e folikulit t\u00eb flok\u00ebve t\u00eb mbledhura p\u00ebr transplantin e flok\u00ebve FUE. N\u00eb k\u00ebt\u00eb faz\u00eb, mjeku specialist hap me kujdes numrin e p\u00ebrcaktuar t\u00eb kanaleve me t\u00eb \u00e7ara shum\u00eb t\u00eb holla me maj\u00eb \u00e7eliku n\u00eb form\u00eb lapsi n\u00eb zon\u00ebn ku do t\u00eb transplantohen flok\u00ebt. Farat e folikulave t\u00eb flok\u00ebve t\u00eb mbledhura n\u00eb transplantin e flok\u00ebve FUE vendosen me kujdes n\u00eb kanalet e hapura nj\u00eb nga nj\u00eb. N\u00eb k\u00ebt\u00eb faz\u00eb duhet t&#8217;i kushtohet v\u00ebmendje drejtimeve t\u00eb daljes s\u00eb qimeve t\u00eb tjera n\u00eb zon\u00ebn ku do t\u00eb vendosen rr\u00ebnj\u00ebt. Procedurat e mbjelljes s\u00eb flok\u00ebve Fue p\u00ebrfundojn\u00eb brenda 6-9 or\u00ebsh n\u00eb t\u00eb nj\u00ebjt\u00ebn dit\u00eb.<\/p><h2><strong>Pas transplantit t\u00eb flok\u00ebve Fue<\/strong><\/h2><p>Pas transplantimit t\u00eb flok\u00ebve Fue, n\u00eb zon\u00eb ndodhin \u00ebnjtje dhe skuqje t\u00eb leht\u00eb, por k\u00ebto do t\u00eb kalojn\u00eb me kalimin e koh\u00ebs. Pas transplantimit t\u00eb flok\u00ebve FUE, kore t\u00eb ngjashme me gjilp\u00ebrat do t\u00eb shfaqen brenda nj\u00eb jave dhe me kalimin e koh\u00ebs, k\u00ebto do t\u00eb sh\u00ebrohen dhe do t\u00eb bien n\u00eb form\u00ebn e zbokthit. Gjat\u00eb procesit t\u00eb sh\u00ebrimit, dhimbje dhe dhimbje t\u00eb lehta mund t\u00eb ndjehen p\u00ebr nj\u00eb koh\u00eb, kjo \u00ebsht\u00eb normale dhe p\u00ebrmir\u00ebsohet me kalimin e koh\u00ebs. Pas operacionit, do t\u00eb ket\u00eb nj\u00eb sasi t\u00eb caktuar derdhjeje. Pas muajit t\u00eb 3-t\u00eb, flok\u00ebt do t\u00eb fillojn\u00eb t\u00eb rriten s\u00ebrish. Pas muajit t\u00eb 6-t\u00eb do t\u00eb keni nj\u00eb pamje vizuale m\u00eb t\u00eb mir\u00eb. Rezultati neto do t\u00eb shihet pas 12 ose 18 muajsh.<\/p><h2><strong>Cilat jan\u00eb avantazhet e transplantit t\u00eb flok\u00ebve Fue?<\/strong><\/h2><p>P\u00ebrfitimet e mbjelljes s\u00eb flok\u00ebve Fue jan\u00eb t\u00eb shumta, n\u00ebse i rendisim nj\u00eb nga nj\u00eb;<\/p><ul><li>Duke qen\u00eb se nuk ka qepje gjat\u00eb operacionit, nuk ka rrezik p\u00ebr dh\u00ebmbje m\u00eb pas.<\/li><li>Nuk ka dhimbje gjat\u00eb procedur\u00ebs dhe faza e rikuperimit \u00ebsht\u00eb m\u00eb e shkurt\u00ebr se metodat e tjera.<\/li><li>Pas operacionit, duke filluar nga muaji i 6-t\u00eb, flok\u00ebt fillojn\u00eb t\u00eb duken mir\u00eb vizualisht.<\/li><li>Zgjidhja e p\u00ebrhershme arrihet brenda 12 deri n\u00eb 18 muaj pas operacionit.<\/li><li>Transplantimi i flok\u00ebve Fue \u00ebsht\u00eb nj\u00eb zgjidhje e p\u00ebrhershme p\u00ebr r\u00ebnien dhe tullacitetin, ve\u00e7an\u00ebrisht pasi \u00ebsht\u00eb b\u00ebr\u00eb nga farat e folikulave t\u00eb flok\u00ebve t\u00eb sh\u00ebndetsh\u00ebm n\u00eb zon\u00ebn e zverkut.<\/li><\/ul>\t\t\t\t\t\t\t\t<\/div>\n\t\t\t\t<\/div>\n\t\t\t\t\t<\/div>\n\t\t<\/div>\n\t\t\t\t\t<\/div>\n\t\t<\/section>\n\t\t\t\t<\/div>\n\t\t","protected":false},"excerpt":{"rendered":"<p>Transplanti i flok\u00ebve FUE Nxjerrja e nj\u00ebsis\u00eb folikulare (FUE) Transplantimi i flok\u00ebve Fue \u00ebsht\u00eb nj\u00eb metod\u00eb q\u00eb p\u00ebrdoret m\u00eb s\u00eb shpeshti p\u00ebr zgjidhjen e p\u00ebrhershme t\u00eb problemeve t\u00eb r\u00ebnies s\u00eb flok\u00ebve dhe r\u00ebnies s\u00eb flok\u00ebve (tullacis\u00eb) n\u00eb mbar\u00eb bot\u00ebn. \u00cbsht\u00eb nj\u00eb metod\u00eb e preferuar si nga femrat ashtu edhe nga meshkujt p\u00ebr t\u00eb arritur flok\u00eb [&hellip;]<\/p>\n","protected":false},"author":1,"featured_media":0,"parent":0,"menu_order":0,"comment_status":"closed","ping_status":"closed","template":"","meta":{"footnotes":""},"class_list":["post-1204","page","type-page","status-publish","hentry"],"_links":{"self":[{"href":"https:\/\/serpilasamhairclinic.com\/sq\/wp-json\/wp\/v2\/pages\/1204","targetHints":{"allow":["GET"]}}],"collection":[{"href":"https:\/\/serpilasamhairclinic.com\/sq\/wp-json\/wp\/v2\/pages"}],"about":[{"href":"https:\/\/serpilasamhairclinic.com\/sq\/wp-json\/wp\/v2\/types\/page"}],"author":[{"embeddable":true,"href":"https:\/\/serpilasamhairclinic.com\/sq\/wp-json\/wp\/v2\/users\/1"}],"replies":[{"embeddable":true,"href":"https:\/\/serpilasamhairclinic.com\/sq\/wp-json\/wp\/v2\/comments?post=1204"}],"version-history":[{"count":0,"href":"https:\/\/serpilasamhairclinic.com\/sq\/wp-json\/wp\/v2\/pages\/1204\/revisions"}],"wp:attachment":[{"href":"https:\/\/serpilasamhairclinic.com\/sq\/wp-json\/wp\/v2\/media?parent=1204"}],"curies":[{"name":"wp","href":"https:\/\/api.w.org\/{rel}","templated":true}]}}