{"id":1188,"date":"2022-03-17T10:05:13","date_gmt":"2022-03-17T10:05:13","guid":{"rendered":"https:\/\/serpilasamhairclinic.com\/transplanti-i-vetullave\/"},"modified":"2022-03-17T10:18:24","modified_gmt":"2022-03-17T10:18:24","slug":"transplanti-i-vetullave","status":"publish","type":"page","link":"https:\/\/serpilasamhairclinic.com\/sq\/transplanti-i-vetullave\/","title":{"rendered":"Transplanti i vetullave"},"content":{"rendered":"\t\t<div data-elementor-type=\"wp-page\" data-elementor-id=\"1188\" class=\"elementor elementor-1188 elementor-1140\" data-elementor-post-type=\"page\">\n\t\t\t\t\t\t<section class=\"elementor-section elementor-top-section elementor-element elementor-element-2c1131e elementor-section-boxed elementor-section-height-default elementor-section-height-default\" data-id=\"2c1131e\" data-element_type=\"section\" data-e-type=\"section\" data-settings=\"{&quot;background_background&quot;:&quot;classic&quot;}\">\n\t\t\t\t\t\t<div class=\"elementor-container elementor-column-gap-default\">\n\t\t\t\t\t<div class=\"elementor-column elementor-col-100 elementor-top-column elementor-element elementor-element-b7c6070\" data-id=\"b7c6070\" data-element_type=\"column\" data-e-type=\"column\">\n\t\t\t<div class=\"elementor-widget-wrap elementor-element-populated\">\n\t\t\t\t\t\t<div class=\"elementor-element elementor-element-6d48f61 elementor-widget elementor-widget-heading\" data-id=\"6d48f61\" data-element_type=\"widget\" data-e-type=\"widget\" data-widget_type=\"heading.default\">\n\t\t\t\t<div class=\"elementor-widget-container\">\n\t\t\t\t\t<h1 class=\"elementor-heading-title elementor-size-default\">Transplanti i vetullave<\/h1>\t\t\t\t<\/div>\n\t\t\t\t<\/div>\n\t\t\t\t\t<\/div>\n\t\t<\/div>\n\t\t\t\t\t<\/div>\n\t\t<\/section>\n\t\t\t\t<section class=\"elementor-section elementor-top-section elementor-element elementor-element-af4e8b8 elementor-section-boxed elementor-section-height-default elementor-section-height-default\" data-id=\"af4e8b8\" data-element_type=\"section\" data-e-type=\"section\">\n\t\t\t\t\t\t<div class=\"elementor-container elementor-column-gap-default\">\n\t\t\t\t\t<div class=\"elementor-column elementor-col-50 elementor-top-column elementor-element elementor-element-cc94c6d\" data-id=\"cc94c6d\" data-element_type=\"column\" data-e-type=\"column\">\n\t\t\t<div class=\"elementor-widget-wrap\">\n\t\t\t\t\t\t\t<\/div>\n\t\t<\/div>\n\t\t\t\t<div class=\"elementor-column elementor-col-50 elementor-top-column elementor-element elementor-element-5a7d9ee\" data-id=\"5a7d9ee\" data-element_type=\"column\" data-e-type=\"column\">\n\t\t\t<div class=\"elementor-widget-wrap\">\n\t\t\t\t\t\t\t<\/div>\n\t\t<\/div>\n\t\t\t\t\t<\/div>\n\t\t<\/section>\n\t\t\t\t<section class=\"elementor-section elementor-top-section elementor-element elementor-element-632af8c elementor-section-boxed elementor-section-height-default elementor-section-height-default\" data-id=\"632af8c\" data-element_type=\"section\" data-e-type=\"section\" id=\"estetik\" data-settings=\"{&quot;background_background&quot;:&quot;classic&quot;}\">\n\t\t\t\t\t\t<div class=\"elementor-container elementor-column-gap-default\">\n\t\t\t\t\t<div class=\"elementor-column elementor-col-100 elementor-top-column elementor-element elementor-element-45c92d73\" data-id=\"45c92d73\" data-element_type=\"column\" data-e-type=\"column\">\n\t\t\t<div class=\"elementor-widget-wrap elementor-element-populated\">\n\t\t\t\t\t\t<div class=\"elementor-element elementor-element-74b40ae elementor-widget elementor-widget-text-editor\" data-id=\"74b40ae\" data-element_type=\"widget\" data-e-type=\"widget\" data-widget_type=\"text-editor.default\">\n\t\t\t\t<div class=\"elementor-widget-container\">\n\t\t\t\t\t\t\t\t\t<p>Vetullat luajn\u00eb nj\u00eb rol t\u00eb r\u00ebnd\u00ebsish\u00ebm n\u00eb shprehjen e fytyr\u00ebs duke rrethuar syt\u00eb. Humbja e shprehjes mund t\u00eb ndodh\u00eb si rezultat i rrallimit ose derdhjes s\u00eb vetullave. Ka nj\u00eb zgjidhje p\u00ebr k\u00ebto derdhje dhe rrallime, q\u00eb i b\u00ebn femrat t\u00eb pak\u00ebnaqura n\u00eb aspektin estetik, me transplantin e vetullave. Numri i personave q\u00eb <strong>kryejn\u00eb transplantin e vetullave<\/strong> po rritet dita dit\u00ebs. P\u00ebrve\u00e7 humbjes s\u00eb vetullave, sidomos p\u00ebr arsye sh\u00ebndet\u00ebsore, ata q\u00eb duan t\u00eb ken\u00eb pamje m\u00eb t\u00eb plot\u00eb, m\u00eb t\u00eb qart\u00eb dhe m\u00eb natyrale nga ana estetike b\u00ebjn\u00eb transplantin e vetullave. Krahas shqet\u00ebsimeve estetike, transplantimi i vetullave \u00ebsht\u00eb metoda m\u00eb natyrale dhe e p\u00ebrhershme p\u00ebr d\u00ebmtimet n\u00eb zon\u00ebn e vetullave, djegiet dhe plag\u00ebt e p\u00ebrhershme.<\/p><h2><strong>\u00c7far\u00eb \u00ebsht\u00eb transplantimi i vetullave?<\/strong><\/h2><p>Transplantimi i vetullave \u00ebsht\u00eb procesi i vendosjes s\u00eb farave t\u00eb gj\u00ebndr\u00ebs s\u00eb qimeve t\u00eb marra nga gj\u00ebndrat e <strong>flok\u00ebve<\/strong> t\u00eb vet\u00eb personit t\u00eb rrallimit ose humbjes rajonale t\u00eb qimeve t\u00eb vetullave n\u00eb zon\u00ebn e vetullave tek grat\u00eb ose burrat, me prerje shum\u00eb minimale.<\/p><h2><strong>Para transplantit t\u00eb vetullave<\/strong><\/h2><p>Pas vendosjes p\u00ebr nj\u00eb operacion t\u00eb transplantimit t\u00eb vetullave, duhet t\u00eb kryhet nj\u00eb proces i kujdessh\u00ebm ekzaminimi nga nj\u00eb mjek specialist dhe me p\u00ebrvoj\u00eb. Ky proces \u00ebsht\u00eb shum\u00eb i r\u00ebnd\u00ebsish\u00ebm si p\u00ebr personin q\u00eb d\u00ebshiron t\u00eb b\u00ebj\u00eb transplantin e vetullave ashtu edhe p\u00ebr specialistin. Pas ekzaminimit dhe analizave t\u00eb nevojshme, d\u00ebshirat e personit q\u00eb vendos t\u00eb b\u00ebj\u00eb <strong>transplantin e vetullave<\/strong> dhe pritshm\u00ebrit\u00eb e tij nga operacioni duhet t\u00eb d\u00ebgjohen nga specialisti dhe t\u00eb merret nj\u00eb vendim i qart\u00eb. N\u00eb k\u00ebt\u00eb proces merret raporti i art\u00eb sipas llojit t\u00eb fytyr\u00ebs s\u00eb personit q\u00eb do t\u00eb transplantohet dhe b\u00ebhen matjet e nevojshme dhe vizatohet forma p\u00ebrfundimtare me sy dhe nj\u00eb ide se si do t\u00eb jet\u00eb pas operacionit.<\/p><h2><strong>Pas operacionit t\u00eb transplantit t\u00eb vetullave?<\/strong><\/h2><ul><li>Meqen\u00ebse operacioni i vetullave \u00ebsht\u00eb nj\u00eb procedur\u00eb shum\u00eb m\u00eb e shkurt\u00ebr se metodat e tjera t\u00eb transplantimit, \u00ebsht\u00eb nj\u00eb proces relativisht i leht\u00eb pas k\u00ebsaj. Procedura zgjat mesatarisht 1 deri n\u00eb 2 or\u00eb, megjith\u00ebse procesi i rikuperimit pas procedur\u00ebs ndryshon nga personi n\u00eb person, zgjat mesatarisht 7 dit\u00eb. N\u00eb k\u00ebt\u00eb periudh\u00eb 7-ditore, n\u00eb zon\u00ebn e vetullave t\u00eb transplantuara ndodh kore. Kjo pamje kore derdhet gradualisht n\u00eb k\u00ebt\u00eb proces dhe personi mund t\u00eb kthehet leht\u00ebsisht n\u00eb jet\u00ebn shoq\u00ebrore dhe t\u00eb biznesit. Pas operacionit, duhet t\u00eb pushoni p\u00ebr periudh\u00ebn e p\u00ebrcaktuar nga mjeku juaj. Pas operacionit t\u00eb <strong>transplantimit t\u00eb vetullave<\/strong> , duhet t\u00eb aplikoni plot\u00ebsisht recet\u00ebn dhe nuk duhet t\u00eb b\u00ebni asnj\u00eb presion n\u00eb zon\u00ebn e mbjelljes s\u00eb vetullave.<\/li><li>N\u00eb k\u00ebt\u00eb proces, kur vetullat fillojn\u00eb t\u00eb rriten, krehja e but\u00eb n\u00eb drejtim t\u00eb vetull\u00ebs suaj do t\u00eb rregulloj\u00eb drejtimin e vetullave dhe vizualisht do t\u00eb jet\u00eb mir\u00eb. Ve\u00e7 k\u00ebsaj, vetullat e transplantuara rriten m\u00eb shpejt se vetullat e tjera sepse jan\u00eb fara t\u00eb rr\u00ebnj\u00ebve t\u00eb qimeve, ndaj duhen shkurtuar \u00e7do 15 dit\u00eb ose sipas shpesht\u00ebsis\u00eb s\u00eb rritjes.<\/li><li>Aktivitete t\u00eb tilla si noti n\u00eb det dhe banja dielli jan\u00eb rrept\u00ebsisht t\u00eb ndaluara p\u00ebr 15 dit\u00eb pas operacionit t\u00eb transplantimit t\u00eb vetullave.<\/li><li>Pas transplantimit t\u00eb vetullave duhet pritur 10-15 dit\u00eb p\u00ebr t\u00eb shkuar n\u00eb vende si hamami dhe sauna.<\/li><li>N\u00eb k\u00ebt\u00eb proces, asnj\u00eb substanc\u00eb tjet\u00ebr p\u00ebrve\u00e7 ila\u00e7eve t\u00eb rekomanduara nga mjeku juaj nuk duhet t\u00eb aplikohet n\u00eb vetulla dhe nuk duhet t\u00eb aplikohet make-up n\u00eb at\u00eb zon\u00eb.<\/li><li>Pas operacionit t\u00eb mbjelljes s\u00eb vetullave mund t\u00eb ket\u00eb derdhje t\u00eb vetullave p\u00ebr nj\u00eb koh\u00eb, kjo \u00ebsht\u00eb normale, mos u nervozoni.<\/li><li>Vetullat e transplantuara do t\u00eb fillojn\u00eb t\u00eb rriten s\u00ebrish pas 3 muajsh. N\u00eb fund t\u00eb nj\u00eb procesi 7-8 mujor, ju mund t\u00eb shihni rezultatin neto. Megjithat\u00eb, ky proces mund t\u00eb zgjas\u00eb deri n\u00eb 1 vit. Pas p\u00ebrfundimit t\u00eb k\u00ebsaj kohe, do t\u00eb keni vetulla natyrale dhe t\u00eb p\u00ebrhershme.<\/li><\/ul><h2><strong>Cilat jan\u00eb fazat e transplantimit t\u00eb vetullave?<\/strong><\/h2><p>Pas vendosjes s\u00eb operacionit t\u00eb mbjelljes s\u00eb vetullave, fazat e <strong>transplantimit t\u00eb vetullave<\/strong> t\u00eb personave q\u00eb nuk p\u00ebrb\u00ebjn\u00eb penges\u00eb p\u00ebr operacionin;<\/p><ul><li>Nj\u00eb ekzaminim dhe analiz\u00eb n\u00ebse \u00ebsht\u00eb i p\u00ebrshtatsh\u00ebm p\u00ebr transplantin e vetullave.<\/li><li>Duke vendosur p\u00ebr form\u00ebn e vetullave dhe duke b\u00ebr\u00eb matjet e nevojshme dhe duke vizatuar form\u00ebn p\u00ebrfundimtare t\u00eb form\u00ebs s\u00eb vetullave duke marr\u00eb raportin e art\u00eb.<\/li><li>Zona dhuruese dhe vetullat anestezohen me anestezi lokale.<\/li><li>Sipas zon\u00ebs s\u00eb nevojshme, nga zona merret numri i farave t\u00eb folikulit t\u00eb flok\u00ebve t\u00eb p\u00ebrcaktuar m\u00eb par\u00eb.<\/li><li>Farat e hequra t\u00eb folikulit t\u00eb qimeve vendosen n\u00eb prerje duke b\u00ebr\u00eb prerje minimale n\u00eb zonat e p\u00ebrcaktuara n\u00eb vetull.<\/li><li>Duke qen\u00eb se vetullat jan\u00eb nj\u00eb zon\u00eb q\u00eb mund t\u00eb shihet qart\u00eb n\u00eb zon\u00ebn e fytyr\u00ebs, n\u00eb faz\u00ebn tjet\u00ebr duhet t\u00eb b\u00ebhen prerje shum\u00eb t\u00eb vogla nga ekspert\u00ebt n\u00eb m\u00ebnyr\u00eb q\u00eb personat q\u00eb b\u00ebjn\u00eb transplant vetullash t\u00eb mos ken\u00eb probleme estetike.<\/li><li>Procesi zgjat 1 ose 2 or\u00eb n\u00eb var\u00ebsi t\u00eb njer\u00ebzve dhe metod\u00ebs s\u00eb aplikuar. Pacienti nuk ka nevoj\u00eb t\u00eb q\u00ebndroj\u00eb n\u00eb spital pas operacionit. Ai lirohet n\u00eb t\u00eb nj\u00ebjt\u00ebn dit\u00eb.<\/li><\/ul>\t\t\t\t\t\t\t\t<\/div>\n\t\t\t\t<\/div>\n\t\t\t\t\t<\/div>\n\t\t<\/div>\n\t\t\t\t\t<\/div>\n\t\t<\/section>\n\t\t\t\t<\/div>\n\t\t","protected":false},"excerpt":{"rendered":"<p>Transplanti i vetullave Vetullat luajn\u00eb nj\u00eb rol t\u00eb r\u00ebnd\u00ebsish\u00ebm n\u00eb shprehjen e fytyr\u00ebs duke rrethuar syt\u00eb. Humbja e shprehjes mund t\u00eb ndodh\u00eb si rezultat i rrallimit ose derdhjes s\u00eb vetullave. Ka nj\u00eb zgjidhje p\u00ebr k\u00ebto derdhje dhe rrallime, q\u00eb i b\u00ebn femrat t\u00eb pak\u00ebnaqura n\u00eb aspektin estetik, me transplantin e vetullave. Numri i personave q\u00eb [&hellip;]<\/p>\n","protected":false},"author":1,"featured_media":0,"parent":0,"menu_order":0,"comment_status":"closed","ping_status":"closed","template":"","meta":{"footnotes":""},"class_list":["post-1188","page","type-page","status-publish","hentry"],"_links":{"self":[{"href":"https:\/\/serpilasamhairclinic.com\/sq\/wp-json\/wp\/v2\/pages\/1188","targetHints":{"allow":["GET"]}}],"collection":[{"href":"https:\/\/serpilasamhairclinic.com\/sq\/wp-json\/wp\/v2\/pages"}],"about":[{"href":"https:\/\/serpilasamhairclinic.com\/sq\/wp-json\/wp\/v2\/types\/page"}],"author":[{"embeddable":true,"href":"https:\/\/serpilasamhairclinic.com\/sq\/wp-json\/wp\/v2\/users\/1"}],"replies":[{"embeddable":true,"href":"https:\/\/serpilasamhairclinic.com\/sq\/wp-json\/wp\/v2\/comments?post=1188"}],"version-history":[{"count":0,"href":"https:\/\/serpilasamhairclinic.com\/sq\/wp-json\/wp\/v2\/pages\/1188\/revisions"}],"wp:attachment":[{"href":"https:\/\/serpilasamhairclinic.com\/sq\/wp-json\/wp\/v2\/media?parent=1188"}],"curies":[{"name":"wp","href":"https:\/\/api.w.org\/{rel}","templated":true}]}}