{"id":1172,"date":"2022-03-17T10:09:25","date_gmt":"2022-03-17T10:09:25","guid":{"rendered":"https:\/\/serpilasamhairclinic.com\/transplantimi-i-mjekres-dhe-mustaqeve\/"},"modified":"2022-03-17T10:16:54","modified_gmt":"2022-03-17T10:16:54","slug":"transplantimi-i-mjekres-dhe-mustaqeve","status":"publish","type":"page","link":"https:\/\/serpilasamhairclinic.com\/sq\/transplantimi-i-mjekres-dhe-mustaqeve\/","title":{"rendered":"Transplantimi i mjekr\u00ebs dhe mustaqeve"},"content":{"rendered":"\t\t<div data-elementor-type=\"wp-page\" data-elementor-id=\"1172\" class=\"elementor elementor-1172 elementor-1150\" data-elementor-post-type=\"page\">\n\t\t\t\t\t\t<section class=\"elementor-section elementor-top-section elementor-element elementor-element-2c1131e elementor-section-boxed elementor-section-height-default elementor-section-height-default\" data-id=\"2c1131e\" data-element_type=\"section\" data-e-type=\"section\" data-settings=\"{&quot;background_background&quot;:&quot;classic&quot;}\">\n\t\t\t\t\t\t<div class=\"elementor-container elementor-column-gap-default\">\n\t\t\t\t\t<div class=\"elementor-column elementor-col-100 elementor-top-column elementor-element elementor-element-b7c6070\" data-id=\"b7c6070\" data-element_type=\"column\" data-e-type=\"column\">\n\t\t\t<div class=\"elementor-widget-wrap elementor-element-populated\">\n\t\t\t\t\t\t<div class=\"elementor-element elementor-element-6d48f61 elementor-widget elementor-widget-heading\" data-id=\"6d48f61\" data-element_type=\"widget\" data-e-type=\"widget\" data-widget_type=\"heading.default\">\n\t\t\t\t<div class=\"elementor-widget-container\">\n\t\t\t\t\t<h1 class=\"elementor-heading-title elementor-size-default\">Transplantimi i mjekr\u00ebs dhe mustaqeve<\/h1>\t\t\t\t<\/div>\n\t\t\t\t<\/div>\n\t\t\t\t\t<\/div>\n\t\t<\/div>\n\t\t\t\t\t<\/div>\n\t\t<\/section>\n\t\t\t\t<section class=\"elementor-section elementor-top-section elementor-element elementor-element-af4e8b8 elementor-section-boxed elementor-section-height-default elementor-section-height-default\" data-id=\"af4e8b8\" data-element_type=\"section\" data-e-type=\"section\">\n\t\t\t\t\t\t<div class=\"elementor-container elementor-column-gap-default\">\n\t\t\t\t\t<div class=\"elementor-column elementor-col-50 elementor-top-column elementor-element elementor-element-cc94c6d\" data-id=\"cc94c6d\" data-element_type=\"column\" data-e-type=\"column\">\n\t\t\t<div class=\"elementor-widget-wrap elementor-element-populated\">\n\t\t\t\t\t\t<div class=\"elementor-element elementor-element-b02fa68 elementor-widget elementor-widget-image\" data-id=\"b02fa68\" data-element_type=\"widget\" data-e-type=\"widget\" data-widget_type=\"image.default\">\n\t\t\t\t<div class=\"elementor-widget-container\">\n\t\t\t\t\t\t\t\t\t\t\t\t\t\t\t<img fetchpriority=\"high\" decoding=\"async\" width=\"800\" height=\"534\" src=\"https:\/\/serpilasamhairclinic.com\/wp-content\/uploads\/2022\/02\/beard-transplant-1024x683.jpg\" class=\"attachment-large size-large wp-image-651\" alt=\"\" srcset=\"https:\/\/serpilasamhairclinic.com\/wp-content\/uploads\/2022\/02\/beard-transplant-1024x683.jpg 1024w, https:\/\/serpilasamhairclinic.com\/wp-content\/uploads\/2022\/02\/beard-transplant-300x200.jpg 300w, https:\/\/serpilasamhairclinic.com\/wp-content\/uploads\/2022\/02\/beard-transplant-768x512.jpg 768w, https:\/\/serpilasamhairclinic.com\/wp-content\/uploads\/2022\/02\/beard-transplant-1536x1024.jpg 1536w, https:\/\/serpilasamhairclinic.com\/wp-content\/uploads\/2022\/02\/beard-transplant-2048x1365.jpg 2048w\" sizes=\"(max-width: 800px) 100vw, 800px\" title=\"\">\t\t\t\t\t\t\t\t\t\t\t\t\t\t\t<\/div>\n\t\t\t\t<\/div>\n\t\t\t\t\t<\/div>\n\t\t<\/div>\n\t\t\t\t<div class=\"elementor-column elementor-col-50 elementor-top-column elementor-element elementor-element-5a7d9ee\" data-id=\"5a7d9ee\" data-element_type=\"column\" data-e-type=\"column\">\n\t\t\t<div class=\"elementor-widget-wrap\">\n\t\t\t\t\t\t\t<\/div>\n\t\t<\/div>\n\t\t\t\t\t<\/div>\n\t\t<\/section>\n\t\t\t\t<section class=\"elementor-section elementor-top-section elementor-element elementor-element-632af8c elementor-section-boxed elementor-section-height-default elementor-section-height-default\" data-id=\"632af8c\" data-element_type=\"section\" data-e-type=\"section\" id=\"estetik\" data-settings=\"{&quot;background_background&quot;:&quot;classic&quot;}\">\n\t\t\t\t\t\t<div class=\"elementor-container elementor-column-gap-default\">\n\t\t\t\t\t<div class=\"elementor-column elementor-col-100 elementor-top-column elementor-element elementor-element-45c92d73\" data-id=\"45c92d73\" data-element_type=\"column\" data-e-type=\"column\">\n\t\t\t<div class=\"elementor-widget-wrap elementor-element-populated\">\n\t\t\t\t\t\t<div class=\"elementor-element elementor-element-74b40ae elementor-widget elementor-widget-text-editor\" data-id=\"74b40ae\" data-element_type=\"widget\" data-e-type=\"widget\" data-widget_type=\"text-editor.default\">\n\t\t\t\t<div class=\"elementor-widget-container\">\n\t\t\t\t\t\t\t\t\t<p><strong>Mjekra dhe mustaqet<\/strong> luajn\u00eb nj\u00eb rol t\u00eb r\u00ebnd\u00ebsish\u00ebm n\u00eb shprehjen e fytyr\u00ebs s\u00eb meshkujve. Mjekra dhe mustaqet, t\u00eb cilat konsiderohen si aksesor\u00eb p\u00ebr meshkuj, mund t\u00eb rrallohen ose t\u00eb derdhen p\u00ebr arsye t\u00eb ndryshme. Mund t\u00eb mos dal\u00eb fare p\u00ebr shkak t\u00eb disa faktor\u00ebve gjenetik\u00eb. Humbja e shprehjes mund t\u00eb ndodh\u00eb si rezultat i rrallimit ose r\u00ebnies s\u00eb mjekr\u00ebs dhe mustaqeve. Ka nj\u00eb zgjidhje p\u00ebr k\u00ebto r\u00ebnie dhe rrallime t\u00eb flok\u00ebve, q\u00eb i b\u00ebn meshkujt t\u00eb pak\u00ebnaqur nga pik\u00ebpamja estetike, me mbjelljen e mjekr\u00ebs dhe mustaqeve. Numri i personave q\u00eb kryejn\u00eb operacione t\u00eb transplantimit t\u00eb mjekr\u00ebs dhe mustaqeve po rritet dita-dit\u00ebs. P\u00ebrve\u00e7 humbjes s\u00eb mjekr\u00ebs dhe mustaqeve, sidomos p\u00ebr arsye sh\u00ebndet\u00ebsore, ata q\u00eb duan nj\u00eb pamje m\u00eb t\u00eb plot\u00eb dhe m\u00eb natyrale nga ana estetike, b\u00ebjn\u00eb <strong>transplantin e mjekr\u00ebs dhe mustaqeve<\/strong> . Krahas shqet\u00ebsimeve estetike, transplantimi i vetullave \u00ebsht\u00eb metoda m\u00eb natyrale dhe e p\u00ebrhershme p\u00ebr d\u00ebmtimet n\u00eb zon\u00ebn e mjekr\u00ebs apo mustaqeve, djegiet dhe plag\u00ebt e p\u00ebrhershme.<\/p><h2><strong>\u00c7far\u00eb \u00ebsht\u00eb nj\u00eb mjek\u00ebr dhe mustaqe?<\/strong><\/h2><p>Transplantimi i mjekr\u00ebs dhe mustaqeve \u00ebsht\u00eb procesi i vendosjes s\u00eb rrallimit ose derdhjes rajonale n\u00eb zon\u00ebn e fytyr\u00ebs dhe buz\u00ebs s\u00eb sip\u00ebrme t\u00eb meshkujve, gj\u00ebndra e flok\u00ebve merr farat nga vet\u00eb personi, duke hapur kanale shum\u00eb t\u00eb vogla dhe duke i vendosur ato n\u00eb zon\u00ebn e <strong>mjekr\u00ebs ose mustaqeve<\/strong> q\u00eb do t\u00eb mbillen. .<\/p><h2><strong>Si \u00ebsht\u00eb transplantimi i mjekr\u00ebs dhe mustaqeve?<\/strong><\/h2><p>Si zon\u00eb dhuruese p\u00ebrcaktohet transplantimi i mjekr\u00ebs ose i mustaqeve, qimet n\u00eb pjes\u00ebn e pasme t\u00eb kok\u00ebs q\u00eb jan\u00eb rezistente ndaj derdhjes. Nj\u00eb rajon tjet\u00ebr \u00ebsht\u00eb regjioni i moll\u00ebzave dhe i qaf\u00ebs, t\u00eb cilat mund t\u00eb zgjidhen si rajon dhurues n\u00eb k\u00ebto rajone dhe kan\u00eb nj\u00eb struktur\u00eb rr\u00ebnj\u00eb t\u00eb p\u00ebrshtatshme p\u00ebr transplantimin e mjekr\u00ebs dhe mustaqeve. N\u00eb disa metoda, sipas struktur\u00ebs s\u00eb flok\u00ebve dhe rr\u00ebnj\u00ebve n\u00eb kraharorin ose shpin\u00ebn e personit, ata zgjidhen si dhurues n\u00eb ato rajone. Megjithat\u00eb, struktura e flok\u00ebve n\u00eb k\u00ebto zona nuk preferohet sepse nuk \u00ebsht\u00eb aq e fort\u00eb dhe e q\u00ebndrueshme sa flok\u00ebt n\u00eb zon\u00ebn e mjekr\u00ebs apo mustaqeve. Mblidhen farat e folikulit t\u00eb flok\u00ebve t\u00eb sh\u00ebndetsh\u00ebm n\u00eb zon\u00ebn e dhurimit. N\u00eb procesin e radh\u00ebs hapen kanale shum\u00eb t\u00eb vogla n\u00eb m\u00ebnyr\u00eb q\u00eb t\u00eb mos ket\u00eb gjurm\u00eb q\u00eb mund t\u00eb duken keq nga pik\u00ebpamja estetike. Mbjellja e mjekr\u00ebs dhe mustaqeve kryhet duke vendosur farat e folikulave t\u00eb qimeve n\u00eb k\u00ebto kanale t\u00eb hapura.<\/p><h2><strong>Cilat jan\u00eb fazat e transplantit t\u00eb mjekr\u00ebs dhe mustaqeve?<\/strong><\/h2><p>Pas vendosjes p\u00ebr nj\u00eb operacion transplantimi t\u00eb mjekr\u00ebs ose mustaqeve, fazat e transplantimit t\u00eb mjekr\u00ebs ose mustaqeve t\u00eb personave q\u00eb nuk p\u00ebrb\u00ebjn\u00eb penges\u00eb p\u00ebr operacionin;<\/p><ul><li>Nj\u00eb ekzaminim dhe analiz\u00eb n\u00ebse \u00ebsht\u00eb i p\u00ebrshtatsh\u00ebm p\u00ebr transplantin e mjekr\u00ebs apo mustaqeve.<\/li><li>Vendoset forma e mjekr\u00ebs ose mustaqeve dhe b\u00ebhen matjet e nevojshme dhe vizatohet forma p\u00ebrfundimtare n\u00eb m\u00ebnyr\u00eb vizuale.<\/li><li>Zona dhuruese dhe zona e mustaqeve apo mjekr\u00ebs q\u00eb do t\u00eb transplantohen anestezohen me anestezi lokale.<\/li><li>Sipas zon\u00ebs s\u00eb nevojshme, nga zona merret numri i farave t\u00eb folikulit t\u00eb flok\u00ebve t\u00eb p\u00ebrcaktuar m\u00eb par\u00eb.<\/li><li>Farat e hequra t\u00eb folikulit t\u00eb qimeve vendosen n\u00eb prerje duke hapur kanale minimale n\u00eb zonat e mustaqeve ose mjekr\u00ebs pa pritur.<\/li><li>Duke qen\u00eb se mjekra dhe mustaqet jan\u00eb nj\u00eb zon\u00eb q\u00eb duken qart\u00eb n\u00eb zon\u00ebn e fytyr\u00ebs, kjo duhet b\u00ebr\u00eb duke krijuar kanale shum\u00eb t\u00eb vogla nga specialist\u00eb, n\u00eb m\u00ebnyr\u00eb q\u00eb personat e transplantuar t\u00eb mos ken\u00eb probleme estetike n\u00eb procesin e ardhsh\u00ebm.<\/li><li>Procesi zgjat nga 1 deri n\u00eb 2 or\u00eb n\u00eb var\u00ebsi t\u00eb njer\u00ebzve, metod\u00ebs s\u00eb aplikuar dhe madh\u00ebsis\u00eb s\u00eb zon\u00ebs. Pacienti nuk ka nevoj\u00eb t\u00eb q\u00ebndroj\u00eb n\u00eb spital pas operacionit. Ai lirohet n\u00eb t\u00eb nj\u00ebjt\u00ebn dit\u00eb.<\/li><\/ul><h2><strong>Para transplantit t\u00eb mjekr\u00ebs dhe mustaqeve<\/strong><\/h2><p>Pas vendosjes p\u00ebr t\u00eb kryer transplantin e mjekr\u00ebs dhe mustaqeve, duhet kryer nj\u00eb proces i kujdessh\u00ebm ekzaminimi nga nj\u00eb mjek specialist dhe me p\u00ebrvoj\u00eb. Pas ekzaminimit dhe analizave t\u00eb nevojshme, d\u00ebshirat e personit q\u00eb vendos t\u00eb transplantoj\u00eb mjekr\u00ebn ose mustaqet dhe pritshm\u00ebrit\u00eb e tij nga operacioni duhet t\u00eb d\u00ebgjohen nga specialisti dhe t\u00eb merret nj\u00eb vendim i qart\u00eb. N\u00eb k\u00ebt\u00eb proces, p\u00ebrcaktohen pjes\u00ebt e derdhura ose t\u00eb holluara t\u00eb zon\u00ebs s\u00eb fytyr\u00ebs s\u00eb personit q\u00eb do t\u00eb transplantohet dhe vizatohet forma p\u00ebrfundimtare dhe krijohet nj\u00eb ide se si do t\u00eb jet\u00eb vizualisht pas operacionit. N\u00ebse sip\u00ebrfaqja q\u00eb do t\u00eb mbillet \u00ebsht\u00eb e madhe, pamja e vler\u00ebsuar p\u00ebrcaktohet me vizatime dhe shk\u00ebmbehen idet\u00eb.<\/p><h2><strong>Avantazhet e operacionit t\u00eb transplantit t\u00eb mjekr\u00ebs dhe mustaqeve<\/strong><\/h2><p>N\u00ebse keni ndjekur udh\u00ebzimet e mjekut tuaj pas operacionit korrekt t\u00eb transplantimit t\u00eb mjekr\u00ebs dhe mustaqeve, do t\u00eb keni mjek\u00ebr dhe mustaqe q\u00eb nuk kuptohen nga jasht\u00eb.<\/p><p>Do ndiheni m\u00eb komode dhe t\u00eb lumtur nga ana estetike dhe psikologjike. Ju do t\u00eb keni mjekra dhe mustaqe natyrale dhe me shkurre p\u00ebrgjithmon\u00eb.<\/p>\t\t\t\t\t\t\t\t<\/div>\n\t\t\t\t<\/div>\n\t\t\t\t\t<\/div>\n\t\t<\/div>\n\t\t\t\t\t<\/div>\n\t\t<\/section>\n\t\t\t\t<\/div>\n\t\t","protected":false},"excerpt":{"rendered":"<p>Transplantimi i mjekr\u00ebs dhe mustaqeve Mjekra dhe mustaqet luajn\u00eb nj\u00eb rol t\u00eb r\u00ebnd\u00ebsish\u00ebm n\u00eb shprehjen e fytyr\u00ebs s\u00eb meshkujve. Mjekra dhe mustaqet, t\u00eb cilat konsiderohen si aksesor\u00eb p\u00ebr meshkuj, mund t\u00eb rrallohen ose t\u00eb derdhen p\u00ebr arsye t\u00eb ndryshme. Mund t\u00eb mos dal\u00eb fare p\u00ebr shkak t\u00eb disa faktor\u00ebve gjenetik\u00eb. Humbja e shprehjes mund t\u00eb [&hellip;]<\/p>\n","protected":false},"author":1,"featured_media":0,"parent":0,"menu_order":0,"comment_status":"closed","ping_status":"closed","template":"","meta":{"footnotes":""},"class_list":["post-1172","page","type-page","status-publish","hentry"],"_links":{"self":[{"href":"https:\/\/serpilasamhairclinic.com\/sq\/wp-json\/wp\/v2\/pages\/1172","targetHints":{"allow":["GET"]}}],"collection":[{"href":"https:\/\/serpilasamhairclinic.com\/sq\/wp-json\/wp\/v2\/pages"}],"about":[{"href":"https:\/\/serpilasamhairclinic.com\/sq\/wp-json\/wp\/v2\/types\/page"}],"author":[{"embeddable":true,"href":"https:\/\/serpilasamhairclinic.com\/sq\/wp-json\/wp\/v2\/users\/1"}],"replies":[{"embeddable":true,"href":"https:\/\/serpilasamhairclinic.com\/sq\/wp-json\/wp\/v2\/comments?post=1172"}],"version-history":[{"count":0,"href":"https:\/\/serpilasamhairclinic.com\/sq\/wp-json\/wp\/v2\/pages\/1172\/revisions"}],"wp:attachment":[{"href":"https:\/\/serpilasamhairclinic.com\/sq\/wp-json\/wp\/v2\/media?parent=1172"}],"curies":[{"name":"wp","href":"https:\/\/api.w.org\/{rel}","templated":true}]}}