{"id":1114,"date":"2022-03-11T06:31:58","date_gmt":"2022-03-11T06:31:58","guid":{"rendered":"https:\/\/serpilasamhairclinic.com\/transplanti-i-flokeve-te-dhi\/"},"modified":"2022-03-11T06:37:27","modified_gmt":"2022-03-11T06:37:27","slug":"transplanti-i-flokeve-te-dhi","status":"publish","type":"page","link":"https:\/\/serpilasamhairclinic.com\/sq\/transplanti-i-flokeve-te-dhi\/","title":{"rendered":"Transplanti i flok\u00ebve t\u00eb DHI"},"content":{"rendered":"\t\t<div data-elementor-type=\"wp-page\" data-elementor-id=\"1114\" class=\"elementor elementor-1114 elementor-1103\" data-elementor-post-type=\"page\">\n\t\t\t\t\t\t<section class=\"elementor-section elementor-top-section elementor-element elementor-element-2c1131e elementor-section-boxed elementor-section-height-default elementor-section-height-default\" data-id=\"2c1131e\" data-element_type=\"section\" data-e-type=\"section\" data-settings=\"{&quot;background_background&quot;:&quot;classic&quot;}\">\n\t\t\t\t\t\t<div class=\"elementor-container elementor-column-gap-default\">\n\t\t\t\t\t<div class=\"elementor-column elementor-col-100 elementor-top-column elementor-element elementor-element-b7c6070\" data-id=\"b7c6070\" data-element_type=\"column\" data-e-type=\"column\">\n\t\t\t<div class=\"elementor-widget-wrap elementor-element-populated\">\n\t\t\t\t\t\t<div class=\"elementor-element elementor-element-6d48f61 elementor-widget elementor-widget-heading\" data-id=\"6d48f61\" data-element_type=\"widget\" data-e-type=\"widget\" data-widget_type=\"heading.default\">\n\t\t\t\t<div class=\"elementor-widget-container\">\n\t\t\t\t\t<h1 class=\"elementor-heading-title elementor-size-default\">Transplanti i flok\u00ebve t\u00eb DHI<\/h1>\t\t\t\t<\/div>\n\t\t\t\t<\/div>\n\t\t\t\t\t<\/div>\n\t\t<\/div>\n\t\t\t\t\t<\/div>\n\t\t<\/section>\n\t\t\t\t<section class=\"elementor-section elementor-top-section elementor-element elementor-element-af4e8b8 elementor-section-boxed elementor-section-height-default elementor-section-height-default\" data-id=\"af4e8b8\" data-element_type=\"section\" data-e-type=\"section\">\n\t\t\t\t\t\t<div class=\"elementor-container elementor-column-gap-default\">\n\t\t\t\t\t<div class=\"elementor-column elementor-col-50 elementor-top-column elementor-element elementor-element-cc94c6d\" data-id=\"cc94c6d\" data-element_type=\"column\" data-e-type=\"column\">\n\t\t\t<div class=\"elementor-widget-wrap elementor-element-populated\">\n\t\t\t\t\t\t<div class=\"elementor-element elementor-element-7ff20f8 elementor-widget elementor-widget-image\" data-id=\"7ff20f8\" data-element_type=\"widget\" data-e-type=\"widget\" data-widget_type=\"image.default\">\n\t\t\t\t<div class=\"elementor-widget-container\">\n\t\t\t\t\t\t\t\t\t\t\t\t\t\t\t<img fetchpriority=\"high\" decoding=\"async\" width=\"800\" height=\"480\" src=\"https:\/\/serpilasamhairclinic.com\/wp-content\/uploads\/2022\/02\/hair-transplant-sa-1-1024x615.jpg\" class=\"attachment-large size-large wp-image-579\" alt=\"\" srcset=\"https:\/\/serpilasamhairclinic.com\/wp-content\/uploads\/2022\/02\/hair-transplant-sa-1-1024x615.jpg 1024w, https:\/\/serpilasamhairclinic.com\/wp-content\/uploads\/2022\/02\/hair-transplant-sa-1-300x180.jpg 300w, https:\/\/serpilasamhairclinic.com\/wp-content\/uploads\/2022\/02\/hair-transplant-sa-1-768x461.jpg 768w, https:\/\/serpilasamhairclinic.com\/wp-content\/uploads\/2022\/02\/hair-transplant-sa-1-1536x922.jpg 1536w, https:\/\/serpilasamhairclinic.com\/wp-content\/uploads\/2022\/02\/hair-transplant-sa-1.jpg 1800w\" sizes=\"(max-width: 800px) 100vw, 800px\" title=\"\">\t\t\t\t\t\t\t\t\t\t\t\t\t\t\t<\/div>\n\t\t\t\t<\/div>\n\t\t\t\t\t<\/div>\n\t\t<\/div>\n\t\t\t\t<div class=\"elementor-column elementor-col-50 elementor-top-column elementor-element elementor-element-5a7d9ee\" data-id=\"5a7d9ee\" data-element_type=\"column\" data-e-type=\"column\">\n\t\t\t<div class=\"elementor-widget-wrap elementor-element-populated\">\n\t\t\t\t\t\t<div class=\"elementor-element elementor-element-ea7f270 elementor-widget elementor-widget-image\" data-id=\"ea7f270\" data-element_type=\"widget\" data-e-type=\"widget\" data-widget_type=\"image.default\">\n\t\t\t\t<div class=\"elementor-widget-container\">\n\t\t\t\t\t\t\t\t\t\t\t\t\t\t\t<img decoding=\"async\" width=\"800\" height=\"480\" src=\"https:\/\/serpilasamhairclinic.com\/wp-content\/uploads\/2022\/02\/hair-transplant-sa-1024x615.jpg\" class=\"attachment-large size-large wp-image-573\" alt=\"\" srcset=\"https:\/\/serpilasamhairclinic.com\/wp-content\/uploads\/2022\/02\/hair-transplant-sa-1024x615.jpg 1024w, https:\/\/serpilasamhairclinic.com\/wp-content\/uploads\/2022\/02\/hair-transplant-sa-300x180.jpg 300w, https:\/\/serpilasamhairclinic.com\/wp-content\/uploads\/2022\/02\/hair-transplant-sa-768x461.jpg 768w, https:\/\/serpilasamhairclinic.com\/wp-content\/uploads\/2022\/02\/hair-transplant-sa-1536x922.jpg 1536w, https:\/\/serpilasamhairclinic.com\/wp-content\/uploads\/2022\/02\/hair-transplant-sa.jpg 1800w\" sizes=\"(max-width: 800px) 100vw, 800px\" title=\"\">\t\t\t\t\t\t\t\t\t\t\t\t\t\t\t<\/div>\n\t\t\t\t<\/div>\n\t\t\t\t\t<\/div>\n\t\t<\/div>\n\t\t\t\t\t<\/div>\n\t\t<\/section>\n\t\t\t\t<section class=\"elementor-section elementor-top-section elementor-element elementor-element-632af8c elementor-section-boxed elementor-section-height-default elementor-section-height-default\" data-id=\"632af8c\" data-element_type=\"section\" data-e-type=\"section\" id=\"estetik\" data-settings=\"{&quot;background_background&quot;:&quot;classic&quot;}\">\n\t\t\t\t\t\t<div class=\"elementor-container elementor-column-gap-default\">\n\t\t\t\t\t<div class=\"elementor-column elementor-col-100 elementor-top-column elementor-element elementor-element-45c92d73\" data-id=\"45c92d73\" data-element_type=\"column\" data-e-type=\"column\">\n\t\t\t<div class=\"elementor-widget-wrap elementor-element-populated\">\n\t\t\t\t\t\t<div class=\"elementor-element elementor-element-74b40ae elementor-widget elementor-widget-text-editor\" data-id=\"74b40ae\" data-element_type=\"widget\" data-e-type=\"widget\" data-widget_type=\"text-editor.default\">\n\t\t\t\t<div class=\"elementor-widget-container\">\n\t\t\t\t\t\t\t\t\t<h2><strong>Transplantimi i Flok\u00ebve Dhi (implantimi i drejtp\u00ebrdrejt\u00eb i flok\u00ebve)<\/strong><\/h2><p><strong>R\u00ebnia e flok\u00ebve ndodh<\/strong> p\u00ebr arsye t\u00eb tilla si stresi, faktor\u00ebt gjenetik\u00eb, cil\u00ebsia e ul\u00ebt e jet\u00ebs dhe ushqimi joadekuat nga e kaluara e deri m\u00eb sot. Megjith\u00ebse gjykimi i p\u00ebrgjithsh\u00ebm duket t\u00eb jet\u00eb nj\u00eb problem mjek\u00ebsor dhe estetik i p\u00ebrjetuar nga burrat, humbja e flok\u00ebve \u00ebsht\u00eb nj\u00eb problem i zakonsh\u00ebm q\u00eb p\u00ebrjetohet nga grat\u00eb. Sot, fal\u00eb zhvillimeve mjek\u00ebsore dhe teknologjike, r\u00ebnia e flok\u00ebve \u00ebsht\u00eb zgjidhur me metoda t\u00eb ndryshme.<\/p><p>Nj\u00eb prej tyre \u00ebsht\u00eb <strong>transplantimi i flok\u00ebve DHI,<\/strong> \u201cDirect Hair Implant\u201d.<\/p><h2><strong>\u00c7far\u00eb \u00ebsht\u00eb transplantimi i flok\u00ebve Dhi?<\/strong><\/h2><p><strong>Transplantimi i flok\u00ebve DHI<\/strong> quhet implant direkt i flok\u00ebve. Preferohet sepse \u00ebsht\u00eb m\u00eb komode se metodat e tjera t\u00eb mbjelljes s\u00eb flok\u00ebve.<\/p><h2><strong>\u00c7far\u00eb \u00ebsht\u00eb stilolapsi mjek\u00ebsor Cho\u0131?<\/strong><\/h2><p><strong>Stilolapsi mjek\u00ebsor Choi<\/strong> \u00ebsht\u00eb nj\u00eb pajisje mjek\u00ebsore shum\u00eb e holl\u00eb dhe me maj\u00eb, e cila, fal\u00eb struktur\u00ebs s\u00eb saj t\u00eb ve\u00e7ant\u00eb, folikulat e flok\u00ebve do t\u00eb vendosen n\u00eb stilolapsin mjek\u00ebsor choi, m\u00eb pas do t\u00eb transplantohen duke shtypur zon\u00ebn e ve\u00e7ant\u00eb pas saj n\u00eb t\u00eb nj\u00ebjt\u00ebn m\u00ebnyr\u00eb, pa b\u00ebr\u00eb asnj\u00eb prerje.<\/p><h2><strong>P\u00ebrgatitjet Para Transplantit t\u00eb Flok\u00ebve Dhi?<\/strong><\/h2><ul><li>\u00cbsht\u00eb e nevojshme t\u00eb b\u00ebni nj\u00eb pushim nga holluesit e gjakut p\u00ebrpara operacioneve t\u00eb transplantit t\u00eb flok\u00ebve.<\/li><li>Alkooli dhe pirja e duhanit duhet t\u00eb nd\u00ebrpriten disa dit\u00eb para operacionit.<\/li><li>Klinika duhet t\u00eb informohet p\u00ebr alergjit\u00eb, s\u00ebmundjet kronike dhe medikamentet q\u00eb p\u00ebrdoren vazhdimisht.<\/li><li>Para transplantimit t\u00eb flok\u00ebve, grat\u00eb duhet t\u00eb shmangin procedurat si boja e flok\u00ebve dhe k\u00ebna.<\/li><li>N\u00ebse ka ekzem\u00eb ose s\u00ebmundje t\u00eb ngjashme n\u00eb l\u00ebkur\u00ebn e kok\u00ebs, specialisti duhet t\u00eb trajtohet nga nj\u00eb dermatolog.<\/li><\/ul><h2><strong>Cilat jan\u00eb fazat e transplantit t\u00eb flok\u00ebve Dhi?<\/strong><\/h2><ul><li>P\u00ebrcaktohet rajoni q\u00eb do t\u00eb mbillet dhe b\u00ebhet vizatimi i nevojsh\u00ebm nga eksperti.<\/li><li>Pasi t\u00eb p\u00ebrcaktohet zona e dhurimit, aplikohet anestezi lokale p\u00ebr t\u00eb relaksuar gj\u00ebndrat e flok\u00ebve n\u00eb zon\u00eb.<\/li><li>Farat e folikulave t\u00eb flok\u00ebve t\u00eb sh\u00ebndetsh\u00ebm merren nga zona ku aplikohet anestezi lokale, nga k\u00ebndi i duhur.<\/li><li>Pas futjes s\u00eb farave t\u00eb sh\u00ebndetshme n\u00eb stilolaps t\u00eb ve\u00e7ant\u00eb choi, farat e marra t\u00eb rr\u00ebnj\u00ebve t\u00eb sh\u00ebndetshme t\u00eb flok\u00ebve vendosen n\u00eb zon\u00ebn tullac.<\/li><li>Transplantimi i flok\u00ebve DHI duhet t\u00eb b\u00ebhet nga njer\u00ebz profesionist\u00eb t\u00eb cil\u00ebt jan\u00eb ekspert n\u00eb k\u00ebt\u00eb procedur\u00eb.<\/li><li>Pas p\u00ebrfundimit t\u00eb procesit t\u00eb mbjelljes, nj\u00eb ekzaminim kontrolli kryhet pas dit\u00ebs s\u00eb par\u00eb pas procedur\u00ebs, si n\u00eb metodat e tjera. Larja b\u00ebhet n\u00eb dit\u00ebn e dyt\u00eb.<\/li><\/ul><h2><strong>Rekomandime Pas Transplantit t\u00eb Flok\u00ebve Dhi<\/strong><\/h2><p>Alkooli dhe cigaret nuk duhet t\u00eb p\u00ebrdoren gjat\u00eb periudh\u00ebs s\u00eb p\u00ebrcaktuar nga rritja e <strong>flok\u00ebve pas transplantimit t\u00eb flok\u00ebve.<\/strong><\/p><ul><li>N\u00eb asnj\u00eb rrethan\u00eb nuk duhet t\u00eb ushtrohet presion n\u00eb zon\u00ebn e transplantuar.<\/li><li>Duhet pasur kujdes gjat\u00eb shtrirjes dhe nuk duhen p\u00ebrdorur aksesor\u00eb si kapele dhe shalle p\u00ebrve\u00e7 rekomandimit t\u00eb mjekut.<\/li><li>Barnat e p\u00ebrshkruara duhet t\u00eb p\u00ebrdoren plot\u00ebsisht.<\/li><li>Ju nuk duhet t\u00eb p\u00ebrdorni thar\u00ebse flok\u00ebsh derisa mjeku juaj t\u00eb miratoj\u00eb.<\/li><li>Derisa mjeku juaj t\u00eb miratoj\u00eb, nuk duhet t\u00eb b\u00ebni ushtrime t\u00eb r\u00ebnda dhe aktivitete t\u00eb r\u00ebnda sportive, duhet t\u00eb hani fruta dhe perime dhe t\u00eb konsumoni shum\u00eb uj\u00eb.<\/li><\/ul><h2><strong>Sa zgjat koha e sh\u00ebrimit t\u00eb transplantit t\u00eb flok\u00ebve Dhi?<\/strong><\/h2><p>Koha e rikuperimit <strong>t\u00eb transplantit t\u00eb flok\u00ebve DHI<\/strong> \u00ebsht\u00eb shum\u00eb m\u00eb e shkurt\u00ebr se metodat e tjera. N\u00eb metod\u00ebn dh\u0131 t\u00eb mbjelljes s\u00eb flok\u00ebve, pacienti del nga spitali n\u00eb t\u00eb nj\u00ebjt\u00ebn dit\u00eb. Nj\u00eb dit\u00eb pas operacionit, pacienti do t\u00eb jet\u00eb n\u00eb gjendje t\u00eb kthehet n\u00eb pun\u00eb.<\/p><p>Pas operacionit, farat do t\u00eb rriten p\u00ebr 10 dit\u00eb, pas 2 muajsh disa nga farat do t\u00eb fillojn\u00eb t\u00eb bien por \u00ebsht\u00eb normale n\u00eb at\u00eb faz\u00eb, pas muajit t\u00eb 3 farat do t\u00eb fillojn\u00eb t\u00eb rriten.<\/p><p>Pas transplantimit t\u00eb flok\u00ebve, koha e nevojshme p\u00ebr t\u00eb p\u00ebrfunduar fazat e mbjelljes s\u00eb flok\u00ebve varion nga rreth 12 muaj dhe n\u00eb fund t\u00eb k\u00ebtij procesi, ju keni mund\u00ebsin\u00eb t\u00eb shihni qart\u00eb gjendjen p\u00ebrfundimtare t\u00eb flok\u00ebve tuaj.<\/p><h2><strong>Cilat jan\u00eb avantazhet e transplantit t\u00eb flok\u00ebve Dhi?<\/strong><\/h2><ul><li>Ata q\u00eb nuk duan t&#8217;i rruajn\u00eb flok\u00ebt, ve\u00e7an\u00ebrisht femrat, preferohet kjo metod\u00eb.<\/li><li>Fal\u00eb <strong>stilolapsit special mjek\u00ebsor cho\u0131<\/strong> , koha e sh\u00ebrimit \u00ebsht\u00eb m\u00eb e shkurt\u00ebr pasi prerjet dhe kanalet nuk hapen si metodat e tjera.<\/li><li>Duke qen\u00eb se kanalet e prerjes dhe mbjelljes nuk hapen dhe zona q\u00eb do t\u00eb trajtohet \u00ebsht\u00eb m\u00eb e sh\u00ebndetshme, mund t\u00eb aplikohet mbjellje m\u00eb e shpesht\u00eb, e cila siguron nj\u00eb pamje m\u00eb intensive dhe estetike n\u00eb faz\u00ebn tjet\u00ebr.<\/li><li>Duke qen\u00eb se nuk ka rruajtje dhe prerje n\u00eb metod\u00ebn e transplantit dh\u0131 ha\u0131r, ata q\u00eb kan\u00eb transplantuar kan\u00eb nj\u00eb proces rikuperimi m\u00eb t\u00eb shpejt\u00eb dhe m\u00eb t\u00eb rehatsh\u00ebm.<\/li><li>\u00cbsht\u00eb nj\u00eb metod\u00eb alternative p\u00ebr t\u00eb mos rruar, ve\u00e7an\u00ebrisht p\u00ebr grat\u00eb q\u00eb nuk duan t\u00eb rruajn\u00eb kok\u00ebn.<\/li><\/ul><h2><strong>Cil\u00ebt jan\u00eb njer\u00ebzit q\u00eb nuk mund t\u00eb b\u00ebjn\u00eb transplant flok\u00ebsh Dhi?<\/strong><\/h2><p>Personat q\u00eb nuk mund t\u00eb b\u00ebjn\u00eb transplant flok\u00ebsh jan\u00eb ata q\u00eb kan\u00eb disa s\u00ebmundje. <strong>Transplantimi i flok\u00ebve<\/strong> nuk aplikohet tek pacient\u00ebt me k\u00ebto s\u00ebmundje, hepatit C, AIDS, liken, pseudopelade.<\/p><p>Personat e tjer\u00eb p\u00ebr t\u00eb cil\u00ebt nuk mund t\u00eb kryhet transplantimi i flok\u00ebve jan\u00eb pacient\u00ebt kronik\u00eb q\u00eb nuk kan\u00eb arritur nj\u00eb faz\u00eb t\u00eb caktuar dhe pacient\u00ebt me presion t\u00eb gjakut dhe diabeti t\u00eb cil\u00ebve nuk u jepet vota e mjekut.<\/p><p>Meqen\u00ebse transplantimi i flok\u00ebve \u00ebsht\u00eb nj\u00eb procedur\u00eb q\u00eb kryhet me farat e folikulave t\u00eb tyre t\u00eb flok\u00ebve, <strong>transplantimi<\/strong> i flok\u00ebve nuk mund t\u00eb kryhet tek njer\u00ebzit q\u00eb nuk kan\u00eb fara t\u00eb mjaftueshme dhe t\u00eb sh\u00ebndetshme t\u00eb gj\u00ebndr\u00ebs s\u00eb flok\u00ebve.<\/p><p>Metoda e mbjelljes s\u00eb <strong>flok\u00ebve DHI<\/strong> nuk rekomandohet p\u00ebr personat q\u00eb kan\u00eb kryer m\u00eb shum\u00eb se 3 operacione t\u00eb mbjelljes s\u00eb flok\u00ebve m\u00eb par\u00eb dhe nuk kan\u00eb arritur rezultate.<\/p><p>S\u00eb fundi, personat n\u00ebn mosh\u00ebn 18 vje\u00e7 nuk mund t&#8217;i n\u00ebnshtrohen legalisht <strong>transplantimit t\u00eb flok\u00ebve<\/strong> .<\/p>\t\t\t\t\t\t\t\t<\/div>\n\t\t\t\t<\/div>\n\t\t\t\t\t<\/div>\n\t\t<\/div>\n\t\t\t\t\t<\/div>\n\t\t<\/section>\n\t\t\t\t<\/div>\n\t\t","protected":false},"excerpt":{"rendered":"<p>Transplanti i flok\u00ebve t\u00eb DHI Transplantimi i Flok\u00ebve Dhi (implantimi i drejtp\u00ebrdrejt\u00eb i flok\u00ebve) R\u00ebnia e flok\u00ebve ndodh p\u00ebr arsye t\u00eb tilla si stresi, faktor\u00ebt gjenetik\u00eb, cil\u00ebsia e ul\u00ebt e jet\u00ebs dhe ushqimi joadekuat nga e kaluara e deri m\u00eb sot. Megjith\u00ebse gjykimi i p\u00ebrgjithsh\u00ebm duket t\u00eb jet\u00eb nj\u00eb problem mjek\u00ebsor dhe estetik i p\u00ebrjetuar [&hellip;]<\/p>\n","protected":false},"author":1,"featured_media":0,"parent":0,"menu_order":0,"comment_status":"closed","ping_status":"closed","template":"","meta":{"footnotes":""},"class_list":["post-1114","page","type-page","status-publish","hentry"],"_links":{"self":[{"href":"https:\/\/serpilasamhairclinic.com\/sq\/wp-json\/wp\/v2\/pages\/1114","targetHints":{"allow":["GET"]}}],"collection":[{"href":"https:\/\/serpilasamhairclinic.com\/sq\/wp-json\/wp\/v2\/pages"}],"about":[{"href":"https:\/\/serpilasamhairclinic.com\/sq\/wp-json\/wp\/v2\/types\/page"}],"author":[{"embeddable":true,"href":"https:\/\/serpilasamhairclinic.com\/sq\/wp-json\/wp\/v2\/users\/1"}],"replies":[{"embeddable":true,"href":"https:\/\/serpilasamhairclinic.com\/sq\/wp-json\/wp\/v2\/comments?post=1114"}],"version-history":[{"count":0,"href":"https:\/\/serpilasamhairclinic.com\/sq\/wp-json\/wp\/v2\/pages\/1114\/revisions"}],"wp:attachment":[{"href":"https:\/\/serpilasamhairclinic.com\/sq\/wp-json\/wp\/v2\/media?parent=1114"}],"curies":[{"name":"wp","href":"https:\/\/api.w.org\/{rel}","templated":true}]}}