{"id":1052,"date":"2022-02-21T09:30:06","date_gmt":"2022-02-21T09:30:06","guid":{"rendered":"https:\/\/serpilasamhairclinic.com\/rinoplastika\/"},"modified":"2022-03-09T09:49:56","modified_gmt":"2022-03-09T09:49:56","slug":"rinoplastika","status":"publish","type":"page","link":"https:\/\/serpilasamhairclinic.com\/sq\/rinoplastika\/","title":{"rendered":"Rinoplastika"},"content":{"rendered":"\t\t<div data-elementor-type=\"wp-page\" data-elementor-id=\"1052\" class=\"elementor elementor-1052 elementor-255\" data-elementor-post-type=\"page\">\n\t\t\t\t\t\t<section class=\"elementor-section elementor-top-section elementor-element elementor-element-2c1131e elementor-section-boxed elementor-section-height-default elementor-section-height-default\" data-id=\"2c1131e\" data-element_type=\"section\" data-e-type=\"section\" data-settings=\"{&quot;background_background&quot;:&quot;classic&quot;}\">\n\t\t\t\t\t\t<div class=\"elementor-container elementor-column-gap-default\">\n\t\t\t\t\t<div class=\"elementor-column elementor-col-100 elementor-top-column elementor-element elementor-element-b7c6070\" data-id=\"b7c6070\" data-element_type=\"column\" data-e-type=\"column\">\n\t\t\t<div class=\"elementor-widget-wrap elementor-element-populated\">\n\t\t\t\t\t\t<div class=\"elementor-element elementor-element-6d48f61 elementor-widget elementor-widget-heading\" data-id=\"6d48f61\" data-element_type=\"widget\" data-e-type=\"widget\" data-widget_type=\"heading.default\">\n\t\t\t\t<div class=\"elementor-widget-container\">\n\t\t\t\t\t<h1 class=\"elementor-heading-title elementor-size-default\">Rinoplastika<\/h1>\t\t\t\t<\/div>\n\t\t\t\t<\/div>\n\t\t\t\t\t<\/div>\n\t\t<\/div>\n\t\t\t\t\t<\/div>\n\t\t<\/section>\n\t\t\t\t<section class=\"elementor-section elementor-top-section elementor-element elementor-element-af4e8b8 elementor-section-boxed elementor-section-height-default elementor-section-height-default\" data-id=\"af4e8b8\" data-element_type=\"section\" data-e-type=\"section\">\n\t\t\t\t\t\t<div class=\"elementor-container elementor-column-gap-default\">\n\t\t\t\t\t<div class=\"elementor-column elementor-col-50 elementor-top-column elementor-element elementor-element-cc94c6d\" data-id=\"cc94c6d\" data-element_type=\"column\" data-e-type=\"column\">\n\t\t\t<div class=\"elementor-widget-wrap elementor-element-populated\">\n\t\t\t\t\t\t<div class=\"elementor-element elementor-element-7ff20f8 elementor-widget elementor-widget-image\" data-id=\"7ff20f8\" data-element_type=\"widget\" data-e-type=\"widget\" data-widget_type=\"image.default\">\n\t\t\t\t<div class=\"elementor-widget-container\">\n\t\t\t\t\t\t\t\t\t\t\t\t\t\t\t<img fetchpriority=\"high\" decoding=\"async\" width=\"800\" height=\"480\" src=\"https:\/\/serpilasamhairclinic.com\/wp-content\/uploads\/2022\/02\/rhinoplasty-sa-2-1024x615.jpg\" class=\"attachment-large size-large wp-image-615\" alt=\"\" srcset=\"https:\/\/serpilasamhairclinic.com\/wp-content\/uploads\/2022\/02\/rhinoplasty-sa-2-1024x615.jpg 1024w, https:\/\/serpilasamhairclinic.com\/wp-content\/uploads\/2022\/02\/rhinoplasty-sa-2-300x180.jpg 300w, https:\/\/serpilasamhairclinic.com\/wp-content\/uploads\/2022\/02\/rhinoplasty-sa-2-768x461.jpg 768w, https:\/\/serpilasamhairclinic.com\/wp-content\/uploads\/2022\/02\/rhinoplasty-sa-2-1536x922.jpg 1536w, https:\/\/serpilasamhairclinic.com\/wp-content\/uploads\/2022\/02\/rhinoplasty-sa-2.jpg 1800w\" sizes=\"(max-width: 800px) 100vw, 800px\" title=\"\">\t\t\t\t\t\t\t\t\t\t\t\t\t\t\t<\/div>\n\t\t\t\t<\/div>\n\t\t\t\t\t<\/div>\n\t\t<\/div>\n\t\t\t\t<div class=\"elementor-column elementor-col-50 elementor-top-column elementor-element elementor-element-5a7d9ee\" data-id=\"5a7d9ee\" data-element_type=\"column\" data-e-type=\"column\">\n\t\t\t<div class=\"elementor-widget-wrap elementor-element-populated\">\n\t\t\t\t\t\t<div class=\"elementor-element elementor-element-ea7f270 elementor-widget elementor-widget-image\" data-id=\"ea7f270\" data-element_type=\"widget\" data-e-type=\"widget\" data-widget_type=\"image.default\">\n\t\t\t\t<div class=\"elementor-widget-container\">\n\t\t\t\t\t\t\t\t\t\t\t\t\t\t\t<img decoding=\"async\" width=\"800\" height=\"480\" src=\"https:\/\/serpilasamhairclinic.com\/wp-content\/uploads\/2022\/02\/rhinoplasty-sa-1-1024x615.jpg\" class=\"attachment-large size-large wp-image-609\" alt=\"\" srcset=\"https:\/\/serpilasamhairclinic.com\/wp-content\/uploads\/2022\/02\/rhinoplasty-sa-1-1024x615.jpg 1024w, https:\/\/serpilasamhairclinic.com\/wp-content\/uploads\/2022\/02\/rhinoplasty-sa-1-300x180.jpg 300w, https:\/\/serpilasamhairclinic.com\/wp-content\/uploads\/2022\/02\/rhinoplasty-sa-1-768x461.jpg 768w, https:\/\/serpilasamhairclinic.com\/wp-content\/uploads\/2022\/02\/rhinoplasty-sa-1-1536x922.jpg 1536w, https:\/\/serpilasamhairclinic.com\/wp-content\/uploads\/2022\/02\/rhinoplasty-sa-1.jpg 1800w\" sizes=\"(max-width: 800px) 100vw, 800px\" title=\"\">\t\t\t\t\t\t\t\t\t\t\t\t\t\t\t<\/div>\n\t\t\t\t<\/div>\n\t\t\t\t\t<\/div>\n\t\t<\/div>\n\t\t\t\t\t<\/div>\n\t\t<\/section>\n\t\t\t\t<section class=\"elementor-section elementor-top-section elementor-element elementor-element-632af8c elementor-section-boxed elementor-section-height-default elementor-section-height-default\" data-id=\"632af8c\" data-element_type=\"section\" data-e-type=\"section\" id=\"estetik\" data-settings=\"{&quot;background_background&quot;:&quot;classic&quot;}\">\n\t\t\t\t\t\t<div class=\"elementor-container elementor-column-gap-default\">\n\t\t\t\t\t<div class=\"elementor-column elementor-col-100 elementor-top-column elementor-element elementor-element-45c92d73\" data-id=\"45c92d73\" data-element_type=\"column\" data-e-type=\"column\">\n\t\t\t<div class=\"elementor-widget-wrap elementor-element-populated\">\n\t\t\t\t\t\t<div class=\"elementor-element elementor-element-74b40ae elementor-widget elementor-widget-text-editor\" data-id=\"74b40ae\" data-element_type=\"widget\" data-e-type=\"widget\" data-widget_type=\"text-editor.default\">\n\t\t\t\t<div class=\"elementor-widget-container\">\n\t\t\t\t\t\t\t\t\t<p>Operacionet e rinoplastik\u00ebs mund t\u00eb kryhen pas mosh\u00ebs 18 vje\u00e7 te meshkujt dhe 17 te femrat. K\u00ebto operacione jo vet\u00ebm q\u00eb i japin hund\u00ebs nj\u00eb pamje estetike, por eliminojn\u00eb edhe disa probleme si v\u00ebshtir\u00ebsit\u00eb n\u00eb frym\u00ebmarrje. Nj\u00eb nga fushat m\u00eb t\u00eb habitshme gjat\u00eb komunikimit social \u00ebsht\u00eb hunda. M\u00ebnyra se si duket hunda ndikon n\u00eb imazhin e personit. P\u00ebr <strong>rinoplastik\u00ebn<\/strong> , njer\u00ebzit shpesh preferojn\u00eb pamjen natyrale. P\u00ebr t\u00eb arritur k\u00ebt\u00eb pamje, mund t\u00eb aplikohen procedura t\u00eb tilla si ngritja e hund\u00ebs, rr\u00ebshqitja e hund\u00ebs dhe korrigjimi i hund\u00ebs me hark. Para se t\u00eb kryhen k\u00ebto operacione, hunda mund t\u00eb shihet n\u00eb 3D, duke e b\u00ebr\u00eb m\u00eb t\u00eb leht\u00eb p\u00ebr personin t\u00eb vendos\u00eb.<\/p><h2>Cila \u00ebsht\u00eb koh\u00ebzgjatja e operacionit rinoplastik?<\/h2><p><br><strong>Kirurgjia e rinoplastik\u00ebs<\/strong> zgjat af\u00ebrsisht 1 deri n\u00eb 2 or\u00eb. N\u00ebse operacioni \u00ebsht\u00eb dyt\u00ebsor ose m\u00eb i nd\u00ebrlikuar, koh\u00ebzgjatja mund t\u00eb jet\u00eb m\u00eb e gjat\u00eb. N\u00eb m\u00ebnyr\u00eb q\u00eb pacient\u00ebt t\u00eb jen\u00eb t\u00eb rehatsh\u00ebm, mund t\u00eb k\u00ebrkohet anestezi para operacionit t\u00eb <strong>rinoplastik\u00ebs<\/strong> . Rrall\u00eb, operacionet mund t\u00eb kryhen me qet\u00ebsues. Q\u00eb operacioni t\u00eb kryhet duhet t\u00eb zhvillohet struktura e hund\u00ebs. Sidomos t\u00eb rinjt\u00eb q\u00eb jan\u00eb n\u00eb adoleshenc\u00eb mund t\u00eb preken negativisht psikologjikisht p\u00ebr shkak t\u00eb struktur\u00ebs s\u00eb hund\u00ebs. N\u00eb prani t\u00eb nj\u00eb situate t\u00eb till\u00eb, ju mund ta \u00e7oni f\u00ebmij\u00ebn tuaj te mjeku dhe t\u00eb zbuloni n\u00ebse ai \u00ebsht\u00eb i p\u00ebrshtatsh\u00ebm p\u00ebr operacion.<\/p><h2>Si \u00ebsht\u00eb procesi i rikuperimit n\u00eb kirurgjin\u00eb e rinoplastik\u00ebs?<\/h2><p><br><span style=\"text-decoration: underline;\">Rikuperimi n\u00eb kirurgjin\u00eb rinoplastike<\/span> nuk \u00ebsht\u00eb i menj\u00ebhersh\u00ebm. Duhet t\u00eb pakt\u00ebn 1 jav\u00eb q\u00eb njer\u00ebzit t\u00eb kthehen n\u00eb jet\u00ebn e tyre normale. Nuk do t\u00eb ishte e drejt\u00eb t\u00eb hyje n\u00eb jet\u00ebn shoq\u00ebrore p\u00ebrpara k\u00ebsaj periudhe. Pas p\u00ebrfundimit t\u00eb operacionit, pacientit i vendoset all\u00e7i dhe shirita n\u00eb hund\u00eb. Suva dhe shiritat hiqen mesatarisht pas 1 jave. Pas operacionit, pacienti mund t\u00eb ket\u00eb \u00ebnjtje dhe mavijosje. \u00cbnjtje dhe mavijosje zhduken brenda 10 dit\u00ebsh. Nuk \u00ebsht\u00eb e mundur q\u00eb hunda t\u00eb marr\u00eb form\u00ebn e saj t\u00eb plot\u00eb menj\u00ebher\u00eb pas rinoplastik\u00ebs. \u00cbsht\u00eb e nevojshme t\u00eb prisni nj\u00eb koh\u00eb q\u00eb hunda t\u00eb marr\u00eb form\u00ebn e saj p\u00ebrfundimtare. Pasi t\u00eb hiqet suva nga hunda, do t\u00eb shfaqet hunda estetike. Megjithat\u00eb, nuk \u00ebsht\u00eb e mundur q\u00eb hunda t\u00eb marr\u00eb form\u00ebn e saj p\u00ebrfundimtare para se t\u00eb kaloj\u00eb 1 vit. Duke qen\u00eb se nuk do t\u00eb ket\u00eb \u00ebnjtje dhe mavijosje n\u00eb hund\u00eb, jeta e p\u00ebrditshme e njer\u00ebzve nuk do t\u00eb ndikohet negativisht edhe para se hunda t\u00eb marr\u00eb form\u00ebn e saj p\u00ebrfundimtare.<\/p><h2>A \u00ebsht\u00eb e mundur t\u00eb rregullohen operacionet e d\u00ebshtuara t\u00eb rinoplastik\u00ebs?<\/h2><p><br>Mund t\u00eb ket\u00eb <strong>nj\u00eb operacion rinoplastik t\u00eb pasuksessh\u00ebm<\/strong> . Synimi kryesor n\u00eb operacione \u00ebsht\u00eb arritja e nj\u00eb rezultati q\u00eb t\u00eb jet\u00eb n\u00eb p\u00ebrputhje me fytyr\u00ebn e pacientit, t\u00eb duket natyral dhe t\u00eb p\u00ebrmbush\u00eb funksionin e tij. Suksesi i operacionit t\u00eb hund\u00ebs varet nga shum\u00eb faktor\u00eb t\u00eb ndrysh\u00ebm, si\u00e7 \u00ebsht\u00eb p\u00ebrvoja e mjekut. Jo \u00e7do kirurg mund t\u00eb ket\u00eb njohuri dhe p\u00ebrvoj\u00eb t\u00eb mjaftueshme p\u00ebr t\u00eb kryer operacione t\u00eb suksesshme t\u00eb hund\u00ebs. Personat q\u00eb kan\u00eb b\u00ebr\u00eb m\u00eb par\u00eb nj\u00eb operacion t\u00eb hund\u00ebs mund t\u00eb d\u00ebshirojn\u00eb t\u00eb b\u00ebjn\u00eb s\u00ebrish nj\u00eb operacion hund\u00eb p\u00ebr t\u00eb korrigjuar rezultatet e pasuksesshme. Pacient\u00ebt b\u00ebhen m\u00eb t\u00eb shqet\u00ebsuar kur duan nj\u00eb operacion t\u00eb dyt\u00eb t\u00eb hund\u00ebs. Megjithat\u00eb, \u00ebsht\u00eb e mundur t\u00eb korrigjohen operacionet e pasuksesshme.<\/p><h2>A kombinohen operacionet e rinoplastik\u00ebs me operacione t\u00eb tjera?<\/h2><p><br>\u00cbsht\u00eb e mundur t\u00eb kryhet <span style=\"text-decoration: underline;\">nj\u00eb operacion i kombinuar i rinoplastik\u00ebs<\/span> . Operacione t\u00eb tjera q\u00eb mund t\u00eb kombinohen mund t\u00eb renditen si m\u00eb posht\u00eb:<\/p><p>zvog\u00eblimi i gjoksit,<br>zmadhimi i gjoksit,<br>heqja e yndyr\u00ebs,<br>gjinekomastia etj.<br>Operacionet e ballit, moll\u00ebz\u00ebs dhe mjekr\u00ebs gjithashtu mund t\u00eb kryhen me sukses s\u00eb bashku me operacionet e hund\u00ebs p\u00ebr t\u00eb siguruar raportin e art\u00eb.<\/p><h2>\u00c7far\u00eb \u00ebsht\u00eb estetika e maj\u00ebs s\u00eb hund\u00ebs?<\/h2><p><br><strong>Estetika e maj\u00ebs s\u00eb hund\u00ebs<\/strong> \u00ebsht\u00eb nj\u00eb nga procedurat m\u00eb t\u00eb kryera. Forma e maj\u00ebs s\u00eb hund\u00ebs p\u00ebrcakton se si duket e gjith\u00eb hunda. Disa deformime n\u00eb maj\u00eb t\u00eb hund\u00ebs mund t\u00eb \u00e7ojn\u00eb n\u00eb nj\u00eb pamje t\u00eb keqe. Deformimet e zakonshme t\u00eb maj\u00ebs s\u00eb hund\u00ebs p\u00ebrfshijn\u00eb:<\/p><p>Ngritja e maj\u00ebs s\u00eb hund\u00ebs,<br>Maja e hund\u00ebs \u00ebsht\u00eb m\u00eb e gjat\u00eb se sa duhet,<br>Maja e hund\u00ebs me maj\u00eb,<br>Maja e hund\u00ebs q\u00eb duket e ngjeshur,<br>Maja e hund\u00ebs \u00ebsht\u00eb e ul\u00ebt,<br>N\u00eb rastet kur vrimat e hund\u00ebs nuk jan\u00eb simetrike me nj\u00ebra-tjetr\u00ebn, mund t\u00eb k\u00ebrkohet estetika e maj\u00ebs s\u00eb hund\u00ebs.<br>Estetika e maj\u00ebs s\u00eb hund\u00ebs njihet si nj\u00eb n\u00ebndeg\u00eb e rinoplastik\u00ebs. N\u00eb asnj\u00eb nga k\u00ebto operacione, pjesa kockore e hund\u00ebs nuk preket. Procedura kryhet vet\u00ebm me indin e but\u00eb t\u00eb vendosur n\u00eb maj\u00eb t\u00eb hund\u00ebs. Kjo \u00ebsht\u00eb arsyeja pse estetika e maj\u00ebs s\u00eb hund\u00ebs \u00ebsht\u00eb m\u00eb e leht\u00eb se operacionet rinoplastike.<\/p><h2>Si kryhen operacionet e rinoplastik\u00ebs?<\/h2><p><br>Zakonisht k\u00ebrkohet anestezi e p\u00ebrgjithshme p\u00ebrpara se t\u00eb kryhet <span style=\"text-decoration: underline;\">operacioni i rinoplastik\u00ebs<\/span> . N\u00eb rastet kur do t\u00eb b\u00ebhen prekje t\u00eb vogla, mund t\u00eb k\u00ebrkohet edhe anestezi lokale n\u00ebn kontrollin e kirurgut. P\u00ebr k\u00ebto operacione nevojitet mesatarisht 1 dit\u00eb. Ka 2 teknika t\u00eb ndryshme t\u00eb rinoplastik\u00ebs q\u00eb jan\u00eb m\u00eb t\u00eb preferuara. N\u00eb teknik\u00ebn e par\u00eb b\u00ebhet nj\u00eb prerje e vog\u00ebl midis vrimave t\u00eb hund\u00ebs dhe synohet t\u00eb zgjerohet fusha e shikimit t\u00eb kirurgut p\u00ebrmes k\u00ebtij prerje. N\u00ebse personi ka deformim t\u00eb avancuar t\u00eb hund\u00ebs ose n\u00ebse ky \u00ebsht\u00eb operacioni i dyt\u00eb i pacientit, duhet t\u00eb kryhet nj\u00eb operacion i hapur. N\u00ebse p\u00ebrdoret teknika e kirurgjis\u00eb s\u00eb hapur, procesi i sh\u00ebrimit do t\u00eb zgjatet. P\u00ebrve\u00e7 k\u00ebsaj, edem\u00eb, mavijosje dhe probleme t\u00eb ngjashme pas operacionit do t\u00eb shihen m\u00eb shum\u00eb.<\/p><h2>\u00c7far\u00eb duhet pasur parasysh pas rinoplastik\u00ebs?<\/h2><p><br><strong>Gj\u00ebrat q\u00eb duhen marr\u00eb parasysh pas rinoplastik\u00ebs<\/strong> , ju mund ta kaloni operacionin pa dhimbje dhe komode. Dhimbja \u00ebsht\u00eb e zakonshme pas operacionit. P\u00ebr k\u00ebt\u00eb arsye, \u00ebsht\u00eb e nevojshme q\u00eb pacienti t\u00eb aplikoj\u00eb qet\u00ebsues para se t\u00eb kaloj\u00eb efekti i anestezis\u00eb s\u00eb p\u00ebrgjithshme. Mjeku do t&#8217;ju jap\u00eb disa ila\u00e7e p\u00ebr t&#8217;i p\u00ebrdorur pas operacionit. \u00cbsht\u00eb e r\u00ebnd\u00ebsishme q\u00eb k\u00ebto barna t\u00eb p\u00ebrdoren pa nd\u00ebrprerje. Nuk rekomandohet t\u00eb q\u00ebndroni n\u00eb k\u00ebmb\u00eb nd\u00ebrmjet 4 or\u00ebve t\u00eb para dhe 6 or\u00ebve pas operacionit. Kur ngriheni p\u00ebr her\u00eb t\u00eb par\u00eb, mund t\u00eb hasni probleme t\u00eb tilla si err\u00ebsir\u00eb dhe marramendje. Kjo \u00ebsht\u00eb arsyeja pse keni nevoj\u00eb p\u00ebr ndihm\u00eb nga nj\u00eb i af\u00ebrm. Pas operacionit, gjaku mund t\u00eb rrjedh\u00eb nga hunda. Kjo \u00ebsht\u00eb krejt\u00ebsisht normale. Edhe pse pacient\u00ebt nuk jan\u00eb t\u00eb vet\u00ebdijsh\u00ebm p\u00ebr k\u00ebt\u00eb, ata mund t\u00eb shqet\u00ebsohen nga ankesa e t\u00eb p\u00ebrzierave p\u00ebr shkak t\u00eb k\u00ebsaj situate. N\u00eb 6 or\u00ebt e para pas operacionit, n\u00ebse pacienti nuk ka problem me t\u00eb p\u00ebrziera, mund t\u00eb pihet uj\u00eb dhe t\u00eb konsumohet nj\u00eb sasi e vog\u00ebl ushqimesh t\u00eb kripura.<\/p><p>Ushqimi i l\u00ebngsh\u00ebm rekomandohet n\u00eb dit\u00ebt e para pas operacionit. Pacient\u00ebt mund t\u00eb p\u00ebrjetojn\u00eb \u00ebnjtje dhe mavijosje, ve\u00e7an\u00ebrisht n\u00ebn sy, rreth hund\u00ebs dhe n\u00eb pjes\u00eb t\u00eb caktuara t\u00eb fytyr\u00ebs s\u00eb tyre. Me kalimin e dit\u00ebve, k\u00ebto ankesa zhduken. \u00cbsht\u00eb e r\u00ebnd\u00ebsishme t\u00eb mbani jast\u00ebk\u00ebt lart n\u00eb m\u00ebnyr\u00eb q\u00eb t\u00eb reduktoni ankesat. P\u00ebrve\u00e7 k\u00ebsaj, uji nuk duhet t\u00eb futet n\u00eb hund\u00eb n\u00eb 15 dit\u00ebt e para pas operacionit. \u00cbsht\u00eb normale q\u00eb hunda t\u00eb mbetet e bllokuar pas operacionit. Nuk rekomandohet p\u00ebrdorimi i syzeve p\u00ebr 6 muajt e par\u00eb pas operacionit.<\/p><h2>A e pengojn\u00eb frym\u00ebmarrjen operacionet e rinoplastik\u00ebs?<\/h2><p><br><span style=\"text-decoration: underline;\">Frym\u00ebmarrja definitivisht nuk parandalohet n\u00eb kirurgjin\u00eb e rinoplastik\u00ebs<\/span> . Q\u00ebllimi i k\u00ebtyre operacioneve \u00ebsht\u00eb q\u00eb personi t\u00eb marr\u00eb frym\u00eb m\u00eb leht\u00eb. Gjat\u00eb marrjes s\u00eb nj\u00eb hunde estetike, \u00ebsht\u00eb shum\u00eb e r\u00ebnd\u00ebsishme q\u00eb hunda t\u00eb jet\u00eb funksionale n\u00eb t\u00eb nj\u00ebjt\u00ebn koh\u00eb. N\u00eb m\u00ebnyr\u00eb q\u00eb hunda t\u00eb shihet thjesht estetike, nuk duhet t\u00eb sakrifikohen funksionet e hund\u00ebs. Indi mukoz q\u00eb mbulon pjes\u00ebn e brendshme t\u00eb hund\u00ebs mund t\u00eb fryhet dhe zmadhohet p\u00ebr arsye t\u00eb tilla si alergjit\u00eb dhe pirja e duhanit. K\u00ebto kushte mund t\u00eb b\u00ebjn\u00eb q\u00eb pacienti t\u00eb ndjej\u00eb kongjestion nazal. N\u00eb nj\u00eb rast t\u00eb till\u00eb, pacient\u00ebt duhet t\u00eb ekzaminohen. N\u00ebse ka arsye obstruktive, k\u00ebto arsye duhet t\u00eb eliminohen gjat\u00eb operacionit. P\u00ebrndryshe, kalimi i ajrit mund t\u00eb ngushtohet me 10 deri n\u00eb 20 p\u00ebr qind.<\/p><h2>\u00c7far\u00eb duhet t\u00eb b\u00ebj pas rinoplastik\u00ebs?<\/h2><p><br><strong>Gj\u00ebrat p\u00ebr t\u00eb b\u00ebr\u00eb pas rinoplastik\u00ebs<\/strong> mund t\u00eb renditen si m\u00eb posht\u00eb:<\/p><p>Mos e l\u00ebndoni hund\u00ebn gjat\u00eb larjes s\u00eb dh\u00ebmb\u00ebve,<br>Pushoni n\u00eb shtrat p\u00ebr nj\u00eb jav\u00eb pas operacionit,<br>Ju mund ta lani fytyr\u00ebn pa i lagur veshjet tuaja,<br>Mos i lani flok\u00ebt p\u00ebr 1 jav\u00eb,<br>Mos b\u00ebni telefonata t\u00eb gjata,<br>Ju mund t\u00eb aplikoni akull dhe xhel t\u00eb ftoht\u00eb rreth syve dhe faqeve pas operacionit t\u00eb rinoplastik\u00ebs,<br>Mos konsumoni ushqime shum\u00eb t\u00eb nxehta,<br>Flini me 2 ose 4 jast\u00ebk\u00eb, jo vet\u00ebm me nj\u00eb.<br>Sigurohuni q\u00eb t\u00eb mos e ktheni kok\u00ebn m\u00eb shum\u00eb se 45 grad\u00eb,<br>Mos b\u00ebni sport 2 jav\u00eb pas operacionit,<br>Mos kryeni marr\u00ebdh\u00ebnie seksuale<br>Mos p\u00ebrtypni ushqime shum\u00eb t\u00eb forta,<\/p>\t\t\t\t\t\t\t\t<\/div>\n\t\t\t\t<\/div>\n\t\t\t\t\t<\/div>\n\t\t<\/div>\n\t\t\t\t\t<\/div>\n\t\t<\/section>\n\t\t\t\t<\/div>\n\t\t","protected":false},"excerpt":{"rendered":"<p>Rinoplastika Operacionet e rinoplastik\u00ebs mund t\u00eb kryhen pas mosh\u00ebs 18 vje\u00e7 te meshkujt dhe 17 te femrat. K\u00ebto operacione jo vet\u00ebm q\u00eb i japin hund\u00ebs nj\u00eb pamje estetike, por eliminojn\u00eb edhe disa probleme si v\u00ebshtir\u00ebsit\u00eb n\u00eb frym\u00ebmarrje. Nj\u00eb nga fushat m\u00eb t\u00eb habitshme gjat\u00eb komunikimit social \u00ebsht\u00eb hunda. M\u00ebnyra se si duket hunda ndikon n\u00eb [&hellip;]<\/p>\n","protected":false},"author":1,"featured_media":0,"parent":0,"menu_order":0,"comment_status":"closed","ping_status":"closed","template":"","meta":{"footnotes":""},"class_list":["post-1052","page","type-page","status-publish","hentry"],"_links":{"self":[{"href":"https:\/\/serpilasamhairclinic.com\/sq\/wp-json\/wp\/v2\/pages\/1052","targetHints":{"allow":["GET"]}}],"collection":[{"href":"https:\/\/serpilasamhairclinic.com\/sq\/wp-json\/wp\/v2\/pages"}],"about":[{"href":"https:\/\/serpilasamhairclinic.com\/sq\/wp-json\/wp\/v2\/types\/page"}],"author":[{"embeddable":true,"href":"https:\/\/serpilasamhairclinic.com\/sq\/wp-json\/wp\/v2\/users\/1"}],"replies":[{"embeddable":true,"href":"https:\/\/serpilasamhairclinic.com\/sq\/wp-json\/wp\/v2\/comments?post=1052"}],"version-history":[{"count":0,"href":"https:\/\/serpilasamhairclinic.com\/sq\/wp-json\/wp\/v2\/pages\/1052\/revisions"}],"wp:attachment":[{"href":"https:\/\/serpilasamhairclinic.com\/sq\/wp-json\/wp\/v2\/media?parent=1052"}],"curies":[{"name":"wp","href":"https:\/\/api.w.org\/{rel}","templated":true}]}}