{"id":2458,"date":"2022-02-21T09:30:06","date_gmt":"2022-02-21T09:30:06","guid":{"rendered":"https:\/\/serpilasamhairclinic.com\/rinoplastika\/"},"modified":"2022-11-02T08:04:44","modified_gmt":"2022-11-02T08:04:44","slug":"rinoplastika","status":"publish","type":"page","link":"https:\/\/serpilasamhairclinic.com\/sl\/rinoplastika\/","title":{"rendered":"Rinoplastika"},"content":{"rendered":"\t\t<div data-elementor-type=\"wp-page\" data-elementor-id=\"2458\" class=\"elementor elementor-2458 elementor-255\" data-elementor-post-type=\"page\">\n\t\t\t\t\t\t<section class=\"elementor-section elementor-top-section elementor-element elementor-element-2c1131e elementor-section-boxed elementor-section-height-default elementor-section-height-default\" data-id=\"2c1131e\" data-element_type=\"section\" data-e-type=\"section\" data-settings=\"{&quot;background_background&quot;:&quot;classic&quot;}\">\n\t\t\t\t\t\t<div class=\"elementor-container elementor-column-gap-default\">\n\t\t\t\t\t<div class=\"elementor-column elementor-col-100 elementor-top-column elementor-element elementor-element-b7c6070\" data-id=\"b7c6070\" data-element_type=\"column\" data-e-type=\"column\">\n\t\t\t<div class=\"elementor-widget-wrap elementor-element-populated\">\n\t\t\t\t\t\t<div class=\"elementor-element elementor-element-6d48f61 elementor-widget elementor-widget-heading\" data-id=\"6d48f61\" data-element_type=\"widget\" data-e-type=\"widget\" data-widget_type=\"heading.default\">\n\t\t\t\t<div class=\"elementor-widget-container\">\n\t\t\t\t\t<h1 class=\"elementor-heading-title elementor-size-default\">Rinoplastika<\/h1>\t\t\t\t<\/div>\n\t\t\t\t<\/div>\n\t\t\t\t\t<\/div>\n\t\t<\/div>\n\t\t\t\t\t<\/div>\n\t\t<\/section>\n\t\t\t\t<section class=\"elementor-section elementor-top-section elementor-element elementor-element-af4e8b8 elementor-section-boxed elementor-section-height-default elementor-section-height-default\" data-id=\"af4e8b8\" data-element_type=\"section\" data-e-type=\"section\">\n\t\t\t\t\t\t<div class=\"elementor-container elementor-column-gap-default\">\n\t\t\t\t\t<div class=\"elementor-column elementor-col-50 elementor-top-column elementor-element elementor-element-cc94c6d\" data-id=\"cc94c6d\" data-element_type=\"column\" data-e-type=\"column\">\n\t\t\t<div class=\"elementor-widget-wrap elementor-element-populated\">\n\t\t\t\t\t\t<div class=\"elementor-element elementor-element-7ff20f8 elementor-widget elementor-widget-image\" data-id=\"7ff20f8\" data-element_type=\"widget\" data-e-type=\"widget\" data-widget_type=\"image.default\">\n\t\t\t\t<div class=\"elementor-widget-container\">\n\t\t\t\t\t\t\t\t\t\t\t\t\t\t\t<img fetchpriority=\"high\" decoding=\"async\" width=\"800\" height=\"480\" src=\"https:\/\/serpilasamhairclinic.com\/wp-content\/uploads\/2022\/02\/rhinoplasty-sa-2-1024x615.jpg\" class=\"attachment-large size-large wp-image-2359\" alt=\"\" srcset=\"https:\/\/serpilasamhairclinic.com\/wp-content\/uploads\/2022\/02\/rhinoplasty-sa-2-1024x615.jpg 1024w, https:\/\/serpilasamhairclinic.com\/wp-content\/uploads\/2022\/02\/rhinoplasty-sa-2-300x180.jpg 300w, https:\/\/serpilasamhairclinic.com\/wp-content\/uploads\/2022\/02\/rhinoplasty-sa-2-768x461.jpg 768w, https:\/\/serpilasamhairclinic.com\/wp-content\/uploads\/2022\/02\/rhinoplasty-sa-2-1536x922.jpg 1536w, https:\/\/serpilasamhairclinic.com\/wp-content\/uploads\/2022\/02\/rhinoplasty-sa-2.jpg 1800w\" sizes=\"(max-width: 800px) 100vw, 800px\" title=\"\">\t\t\t\t\t\t\t\t\t\t\t\t\t\t\t<\/div>\n\t\t\t\t<\/div>\n\t\t\t\t\t<\/div>\n\t\t<\/div>\n\t\t\t\t<div class=\"elementor-column elementor-col-50 elementor-top-column elementor-element elementor-element-5a7d9ee\" data-id=\"5a7d9ee\" data-element_type=\"column\" data-e-type=\"column\">\n\t\t\t<div class=\"elementor-widget-wrap elementor-element-populated\">\n\t\t\t\t\t\t<div class=\"elementor-element elementor-element-ea7f270 elementor-widget elementor-widget-image\" data-id=\"ea7f270\" data-element_type=\"widget\" data-e-type=\"widget\" data-widget_type=\"image.default\">\n\t\t\t\t<div class=\"elementor-widget-container\">\n\t\t\t\t\t\t\t\t\t\t\t\t\t\t\t<img decoding=\"async\" width=\"800\" height=\"480\" src=\"https:\/\/serpilasamhairclinic.com\/wp-content\/uploads\/2022\/02\/rhinoplasty-sa-1-1024x615.jpg\" class=\"attachment-large size-large wp-image-2358\" alt=\"\" srcset=\"https:\/\/serpilasamhairclinic.com\/wp-content\/uploads\/2022\/02\/rhinoplasty-sa-1-1024x615.jpg 1024w, https:\/\/serpilasamhairclinic.com\/wp-content\/uploads\/2022\/02\/rhinoplasty-sa-1-300x180.jpg 300w, https:\/\/serpilasamhairclinic.com\/wp-content\/uploads\/2022\/02\/rhinoplasty-sa-1-768x461.jpg 768w, https:\/\/serpilasamhairclinic.com\/wp-content\/uploads\/2022\/02\/rhinoplasty-sa-1-1536x922.jpg 1536w, https:\/\/serpilasamhairclinic.com\/wp-content\/uploads\/2022\/02\/rhinoplasty-sa-1.jpg 1800w\" sizes=\"(max-width: 800px) 100vw, 800px\" title=\"\">\t\t\t\t\t\t\t\t\t\t\t\t\t\t\t<\/div>\n\t\t\t\t<\/div>\n\t\t\t\t\t<\/div>\n\t\t<\/div>\n\t\t\t\t\t<\/div>\n\t\t<\/section>\n\t\t\t\t<section class=\"elementor-section elementor-top-section elementor-element elementor-element-632af8c elementor-section-boxed elementor-section-height-default elementor-section-height-default\" data-id=\"632af8c\" data-element_type=\"section\" data-e-type=\"section\" id=\"estetik\" data-settings=\"{&quot;background_background&quot;:&quot;classic&quot;}\">\n\t\t\t\t\t\t<div class=\"elementor-container elementor-column-gap-default\">\n\t\t\t\t\t<div class=\"elementor-column elementor-col-100 elementor-top-column elementor-element elementor-element-45c92d73\" data-id=\"45c92d73\" data-element_type=\"column\" data-e-type=\"column\">\n\t\t\t<div class=\"elementor-widget-wrap elementor-element-populated\">\n\t\t\t\t\t\t<div class=\"elementor-element elementor-element-74b40ae elementor-widget elementor-widget-text-editor\" data-id=\"74b40ae\" data-element_type=\"widget\" data-e-type=\"widget\" data-widget_type=\"text-editor.default\">\n\t\t\t\t<div class=\"elementor-widget-container\">\n\t\t\t\t\t\t\t\t\t<p>Operacije rinoplastike se lahko opravijo po 18. letu starosti pri mo\u0161kih in po 17. letu starosti pri \u017eenskah. Te operacije ne zagotavljajo le estetskega videza nosu, temve\u010d odpravljajo tudi nekatere te\u017eave, kot so te\u017eave z dihanjem. Eno od najbolj opaznih podro\u010dij med socialno komunikacijo je nos. Videz nosu vpliva na podobo osebe. Pri <strong>rinoplastiki<\/strong> imajo ljudje pogosto raje naravni videz. Za doseganje tega videza se lahko uporabijo postopki, kot so lifting nosu, razpiranje nosu in korekcija nosnega loka. Pred izvedbo teh operacij je nos mogo\u010de videti v 3D-tehniki, zato se oseba la\u017eje odlo\u010di.<\/p>\n<h2>Koliko \u010dasa traja operacija rinoplastike?<\/h2>\n<p><strong>Operacija rinoplastike<\/strong> traja pribli\u017eno 1 do 2 uri. \u010ce je operacija sekundarna ali bolj zapletena, je lahko trajanje dalj\u0161e. Da bi se pacienti po\u010dutili udobno, je pred operacijo <strong>rinoplastike<\/strong> morda potrebna anestezija. Redko se lahko operacije opravijo s sedacijo. Za izvedbo operacije je treba razviti strukturo nosu. Predvsem mladi ljudje v puberteti so lahko zaradi strukture nosu psiholo\u0161ko negativno prizadeti. V takem primeru lahko otroka odpeljete k zdravniku in ugotovite, ali je primeren za operacijo.<\/p>\n<h2>Kako poteka okrevanje po operaciji rinoplastike?<\/h2>\n<p><span style=\"text-decoration: underline;\">Okrevanje po operaciji rinoplastike<\/span> ni takoj\u0161nje. Ljudje potrebujejo vsaj en teden, da se vrnejo k obi\u010dajnemu \u017eivljenju. Pred tem obdobjem ne bi bilo primerno vstopiti v dru\u017ebeno \u017eivljenje. Po kon\u010dani operaciji na nos namestijo mavec in trakove. Mavec in trakovi se odstranijo v povpre\u010dju po enem tednu. Po operaciji lahko pride do otekline in modrice. Otekline in modrice izginejo v 10 dneh. Nos po rinoplastiki ne more takoj dobiti polne oblike. Nekaj \u010dasa je treba po\u010dakati, da nos dobi kon\u010dno obliko. Po odstranitvi mavca z nosu se pojavi estetski nos. Vendar pa nos ne more dobiti svoje kon\u010dne oblike pred potekom enega leta. Ker na nosu ne bo oteklin in modric, to ne bo negativno vplivalo na vsakdanje \u017eivljenje ljudi, \u0161e preden nos dobi svojo kon\u010dno obliko.<\/p>\n<h2>Ali je mogo\u010de popraviti neuspele operacije rinoplastike?<\/h2>\n<p> <strong>Operacija rinoplastike<\/strong> je lahko <strong>neuspe\u0161na<\/strong>. Glavni cilj pri operacijah je dose\u010di rezultat, ki je skladen z obrazom pacienta, je videti naravno in izpolnjuje svojo funkcijo. Uspeh operacije nosu je odvisen od \u0161tevilnih razli\u010dnih dejavnikov, kot so izku\u0161nje zdravnika. Ni nujno, da ima vsak kirurg dovolj znanja in izku\u0161enj za uspe\u0161no izvedbo operacije nosu. Ljudje, ki so \u017ee imeli operacijo nosu, bodo morda \u017eeleli ponovno opraviti operacijo nosu, da bi popravili neuspe\u0161ne rezultate. Pacienti postanejo bolj zaskrbljeni, kadar \u017eelijo opraviti drugo operacijo nosu. Neuspe\u0161ne operacije pa je mogo\u010de popraviti.<\/p>\n<h2>Ali se operacije rinoplastike kombinirajo z drugimi operacijami?<\/h2>\n<p>Mo\u017eno je izvesti <span style=\"text-decoration: underline;\">kombinirano operacijo rinoplastike<\/span>. Druge operacije, ki jih je mogo\u010de kombinirati, so na\u0161tete v nadaljevanju:<\/p>\n<p>zmanj\u0161anje prsi,<br \/>pove\u010danje prsi,<br \/>odstranjevanje ma\u0161\u010dobe,<br \/>ginekomastija itd.<br \/>Operacije \u010dela, li\u010dnic in brade se lahko uspe\u0161no izvedejo tudi skupaj z operacijami nosu, da se zagotovi zlato razmerje.<\/p>\n<h2>Kaj je estetika nosnih konic?<\/h2>\n<p><strong>Estetika nosnih konic<\/strong> je eden od najpogosteje opravljenih posegov. Od oblike konice nosu je odvisen videz celotnega nosu. Nekatere deformacije na konici nosu lahko povzro\u010dijo slab videz. Pogoste deformacije nosne konice so:<\/p>\n<p>Dvig konice nosu,<br \/>Konica nosu je dalj\u0161a, kot bi morala biti,<br \/>Koni\u010dasta konica nosu,<br \/>Konica nosu, ki je videti stisnjena,<br \/>Konica nosu je nizka,<br \/>V primerih, ko nosnici nista simetri\u010dni med seboj, je morda potrebna estetika nosne konice.<br \/>Estetika nosne konice je znana kot podpanoga rinoplastike. Pri nobenem od teh posegov se kostni del nosu ne dotakne. Postopek se izvede samo z mehkim tkivom na konici nosu. To je razlog, zakaj je estetika nosne konice la\u017eja od operacij rinoplastike.<\/p>\n<h2>Kako se izvajajo operacije rinoplastike?<\/h2>\n<p>Pred <span style=\"text-decoration: underline;\">operacijo rinoplastike<\/span> je obi\u010dajno potrebna splo\u0161na anestezija. Pri manj\u0161ih posegih je lahko potrebna tudi lokalna anestezija pod nadzorom kirurga. Te operacije trajajo povpre\u010dno en dan. Obstajata dve razli\u010dni tehniki rinoplastike, ki sta najprimernej\u0161i. Pri prvi tehniki se naredi majhen rez med nosnicami, s katerim se raz\u0161iri kirurgovo vidno polje. \u010ce ima oseba napredovalo deformacijo nosu ali \u010de gre za drugo operacijo, je treba izvesti odprto operacijo. \u010ce se uporabi odprta kirur\u0161ka tehnika, se postopek celjenja podalj\u0161a. Poleg tega je po operaciji ve\u010d edemov, modric in podobnih te\u017eav.<\/p>\n<h2>Kaj je treba upo\u0161tevati po operaciji nosu?<\/h2>\n<p><strong>Stvari, ki jih je treba upo\u0161tevati po rinoplastiki<\/strong>, lahko operacijo pre\u017eivite nebole\u010de in udobno. Po operaciji je bole\u010dina pogosta. Zaradi tega je treba bolniku uporabiti zdravila proti bole\u010dinam, preden u\u010dinek splo\u0161ne anestezije mine. Zdravnik vam bo dal nekaj zdravil za uporabo po operaciji. Pomembno je, da ta zdravila uporabljate brez prekinitve. Med prvimi 4 in 6 urami po operaciji ni priporo\u010dljivo vstati. Ko prvi\u010d vstanete, se lahko pojavijo te\u017eave, kot so izpadi zavesti in omotica. Zato potrebujete pomo\u010d sorodnika. Po operaciji lahko iz nosu izte\u010de kri. To je povsem normalno. \u010ceprav se bolniki tega ne zavedajo, jih lahko zaradi tega vznemiri prito\u017eba o slabosti. \u010ce bolnik nima te\u017eav s slabostjo, lahko v prvih \u0161estih urah po operaciji pije vodo in zau\u017eije majhno koli\u010dino slane hrane.<\/p>\n<p>Prve dni po operaciji je priporo\u010dljiva teko\u010da prehrana. Pri bolnikih se lahko pojavijo otekline in modrice, zlasti pod o\u010dmi, okoli nosu in na nekaterih delih obraza. S\u010dasoma te prito\u017ebe izginejo. Pomembno je, da so vzglavniki visoki, da bi zmanj\u0161ali prito\u017ebe. Poleg tega prvih 15 dni po operaciji v nos ne smete spu\u0161\u010dati vode. Normalno je, da nos po operaciji ostane zama\u0161en. Prvih 6 mesecev po operaciji ni priporo\u010dljivo uporabljati o\u010dal.<\/p>\n<h2>Ali operacije rinoplastike prepre\u010dujejo dihanje?<\/h2>\n<p><span style=\"text-decoration: underline;\">Dihanje pri<\/span> operaciji <span style=\"text-decoration: underline;\">rinoplastike nikakor ni onemogo\u010deno<\/span>. Namen teh operacij je, da oseba la\u017eje diha. Pri estetskem nosu je zelo pomembno, da je nos hkrati tudi funkcionalen. Da bi bil nos videti zgolj estetski, ne smemo \u017ertvovati njegovih funkcij. Sluznica, ki pokriva notranjost nosu, lahko nabrekne in se pove\u010da zaradi razlogov, kot so alergije in kajenje. Ta stanja lahko pri bolniku povzro\u010dijo zama\u0161enost nosu. V takem primeru je treba bolnike pregledati. \u010ce obstajajo ovirajo\u010di razlogi, jih je treba med operacijo odpraviti. V nasprotnem primeru se lahko zra\u010dni kanal zo\u017ei za 10 do 20 odstotkov.<\/p>\n<h2>Kaj naj storim po operaciji nosu?<\/h2>\n<p><strong>Stvari, ki jih je treba storiti po rinoplastiki<\/strong>, so na\u0161tete na naslednji na\u010din:<\/p>\n<p>Med umivanjem zob si ne po\u0161kodujte nosu,<br \/>Teden dni po operaciji po\u010divajte v postelji,<br \/>Obraz si lahko umivate, ne da bi si zmo\u010dili obloge,<br \/>En teden ne umivajte las,<br \/>Ne opravljajte dolgih telefonskih klicev,<br \/>Po operaciji rinoplastike lahko okoli o\u010di in li\u010dnic uporabljate led in hladne gele,<br \/>Ne u\u017eivajte zelo vro\u010de hrane,<br \/>Spite na 2 ali 4 blazinah, ne le na eni.<br \/>Pazite, da glave ne obrnete za ve\u010d kot 45 stopinj,<br \/>2 tedna po operaciji se ne ukvarjajte s \u0161portom,<br \/>Ne imejte spolnih odnosov<br \/>Ne \u017eve\u010dite zelo trde hrane,<\/p>\n\t\t\t\t\t\t\t\t<\/div>\n\t\t\t\t<\/div>\n\t\t\t\t\t<\/div>\n\t\t<\/div>\n\t\t\t\t\t<\/div>\n\t\t<\/section>\n\t\t\t\t<\/div>\n\t\t","protected":false},"excerpt":{"rendered":"<p>Rinoplastika Operacije rinoplastike se lahko opravijo po 18. letu starosti pri mo\u0161kih in po 17. letu starosti pri \u017eenskah. Te operacije ne zagotavljajo le estetskega videza nosu, temve\u010d odpravljajo tudi nekatere te\u017eave, kot so te\u017eave z dihanjem. Eno od najbolj opaznih podro\u010dij med socialno komunikacijo je nos. Videz nosu vpliva na podobo osebe. Pri rinoplastiki [&hellip;]<\/p>\n","protected":false},"author":1,"featured_media":0,"parent":0,"menu_order":0,"comment_status":"closed","ping_status":"closed","template":"","meta":{"footnotes":""},"class_list":["post-2458","page","type-page","status-publish","hentry"],"_links":{"self":[{"href":"https:\/\/serpilasamhairclinic.com\/sl\/wp-json\/wp\/v2\/pages\/2458","targetHints":{"allow":["GET"]}}],"collection":[{"href":"https:\/\/serpilasamhairclinic.com\/sl\/wp-json\/wp\/v2\/pages"}],"about":[{"href":"https:\/\/serpilasamhairclinic.com\/sl\/wp-json\/wp\/v2\/types\/page"}],"author":[{"embeddable":true,"href":"https:\/\/serpilasamhairclinic.com\/sl\/wp-json\/wp\/v2\/users\/1"}],"replies":[{"embeddable":true,"href":"https:\/\/serpilasamhairclinic.com\/sl\/wp-json\/wp\/v2\/comments?post=2458"}],"version-history":[{"count":0,"href":"https:\/\/serpilasamhairclinic.com\/sl\/wp-json\/wp\/v2\/pages\/2458\/revisions"}],"wp:attachment":[{"href":"https:\/\/serpilasamhairclinic.com\/sl\/wp-json\/wp\/v2\/media?parent=2458"}],"curies":[{"name":"wp","href":"https:\/\/api.w.org\/{rel}","templated":true}]}}