{"id":2455,"date":"2022-06-16T06:45:57","date_gmt":"2022-06-16T06:45:57","guid":{"rendered":"https:\/\/serpilasamhairclinic.com\/kirurgija-vek\/"},"modified":"2022-11-02T08:04:43","modified_gmt":"2022-11-02T08:04:43","slug":"kirurgija-vek","status":"publish","type":"page","link":"https:\/\/serpilasamhairclinic.com\/sl\/kirurgija-vek\/","title":{"rendered":"Kirurgija vek"},"content":{"rendered":"\t\t<div data-elementor-type=\"wp-page\" data-elementor-id=\"2455\" class=\"elementor elementor-2455\" data-elementor-post-type=\"page\">\n\t\t\t\t\t\t<section class=\"elementor-section elementor-top-section elementor-element elementor-element-2c1131e elementor-section-boxed elementor-section-height-default elementor-section-height-default\" data-id=\"2c1131e\" data-element_type=\"section\" data-e-type=\"section\" data-settings=\"{&quot;background_background&quot;:&quot;classic&quot;}\">\n\t\t\t\t\t\t<div class=\"elementor-container elementor-column-gap-default\">\n\t\t\t\t\t<div class=\"elementor-column elementor-col-100 elementor-top-column elementor-element elementor-element-b7c6070\" data-id=\"b7c6070\" data-element_type=\"column\" data-e-type=\"column\">\n\t\t\t<div class=\"elementor-widget-wrap elementor-element-populated\">\n\t\t\t\t\t\t<div class=\"elementor-element elementor-element-6d48f61 elementor-widget elementor-widget-heading\" data-id=\"6d48f61\" data-element_type=\"widget\" data-e-type=\"widget\" data-widget_type=\"heading.default\">\n\t\t\t\t<div class=\"elementor-widget-container\">\n\t\t\t\t\t<h1 class=\"elementor-heading-title elementor-size-default\">Kirurgija vek<\/h1>\t\t\t\t<\/div>\n\t\t\t\t<\/div>\n\t\t\t\t\t<\/div>\n\t\t<\/div>\n\t\t\t\t\t<\/div>\n\t\t<\/section>\n\t\t\t\t<section class=\"elementor-section elementor-top-section elementor-element elementor-element-af4e8b8 elementor-section-boxed elementor-section-height-default elementor-section-height-default\" data-id=\"af4e8b8\" data-element_type=\"section\" data-e-type=\"section\">\n\t\t\t\t\t\t<div class=\"elementor-container elementor-column-gap-default\">\n\t\t\t\t\t<div class=\"elementor-column elementor-col-100 elementor-top-column elementor-element elementor-element-cc94c6d\" data-id=\"cc94c6d\" data-element_type=\"column\" data-e-type=\"column\">\n\t\t\t<div class=\"elementor-widget-wrap elementor-element-populated\">\n\t\t\t\t\t\t<div class=\"elementor-element elementor-element-7ff20f8 elementor-widget elementor-widget-image\" data-id=\"7ff20f8\" data-element_type=\"widget\" data-e-type=\"widget\" data-widget_type=\"image.default\">\n\t\t\t\t<div class=\"elementor-widget-container\">\n\t\t\t\t\t\t\t\t\t\t\t\t\t\t\t<img fetchpriority=\"high\" decoding=\"async\" width=\"800\" height=\"534\" src=\"https:\/\/serpilasamhairclinic.com\/wp-content\/uploads\/2022\/06\/eyelid-surgery-1024x683.jpg\" class=\"attachment-large size-large wp-image-2407\" alt=\"\" srcset=\"https:\/\/serpilasamhairclinic.com\/wp-content\/uploads\/2022\/06\/eyelid-surgery-1024x683.jpg 1024w, https:\/\/serpilasamhairclinic.com\/wp-content\/uploads\/2022\/06\/eyelid-surgery-300x200.jpg 300w, https:\/\/serpilasamhairclinic.com\/wp-content\/uploads\/2022\/06\/eyelid-surgery-768x512.jpg 768w, https:\/\/serpilasamhairclinic.com\/wp-content\/uploads\/2022\/06\/eyelid-surgery-1536x1024.jpg 1536w, https:\/\/serpilasamhairclinic.com\/wp-content\/uploads\/2022\/06\/eyelid-surgery-2048x1365.jpg 2048w\" sizes=\"(max-width: 800px) 100vw, 800px\" title=\"\">\t\t\t\t\t\t\t\t\t\t\t\t\t\t\t<\/div>\n\t\t\t\t<\/div>\n\t\t\t\t\t<\/div>\n\t\t<\/div>\n\t\t\t\t\t<\/div>\n\t\t<\/section>\n\t\t\t\t<section class=\"elementor-section elementor-top-section elementor-element elementor-element-632af8c elementor-section-boxed elementor-section-height-default elementor-section-height-default\" data-id=\"632af8c\" data-element_type=\"section\" data-e-type=\"section\" id=\"estetik\" data-settings=\"{&quot;background_background&quot;:&quot;classic&quot;}\">\n\t\t\t\t\t\t<div class=\"elementor-container elementor-column-gap-default\">\n\t\t\t\t\t<div class=\"elementor-column elementor-col-100 elementor-top-column elementor-element elementor-element-45c92d73\" data-id=\"45c92d73\" data-element_type=\"column\" data-e-type=\"column\">\n\t\t\t<div class=\"elementor-widget-wrap elementor-element-populated\">\n\t\t\t\t\t\t<div class=\"elementor-element elementor-element-74b40ae elementor-widget elementor-widget-text-editor\" data-id=\"74b40ae\" data-element_type=\"widget\" data-e-type=\"widget\" data-widget_type=\"text-editor.default\">\n\t\t\t\t<div class=\"elementor-widget-container\">\n\t\t\t\t\t\t\t\t\t<h2><strong>Kaj je estetika vek<\/strong><\/h2>\n<p>O\u010di so eden od najbolj izrazitih delov \u010dlove\u0161kega obraza. Ljudje pri komunikaciji pogosto vzpostavljajo o\u010desni stik. V tak\u0161nih primerih postane estetika va\u0161ega pogleda in okolice o\u010di zelo pomemben dejavnik. Glede na estetske te\u017eave ljudje z pove\u0161enimi vekami ne \u017eelijo vzpostaviti o\u010desnega stika, kar povzro\u010da pomanjkanje samozavesti. Zlasti \u017eenske imajo te\u017eave pri li\u010denju. Z zdravstvenega vidika pove\u0161ene veke ovirajo va\u0161 vid. Tak\u0161na izku\u0161nja je razlog za nesre\u010do tako za \u017eenske kot za mo\u0161ke. Vendar vam tega ni treba do\u017eiveti, saj se lahko zaradi razvoja medicinskih in tehnolo\u0161kih inovacij trajno znebite teh negativnih vplivov na va\u0161e zdravje in estetski videz, zahvaljujo\u010d estetiki vek. \u010ce \u017eelite, da se va\u0161a sre\u010da zrcali v va\u0161ih o\u010deh, se lahko z estetskim zdravljenjem vek znebite te\u017eav z vekami, zaradi katerih ste nesre\u010dni.<\/p>\n<h2><strong>Kako se izvaja operacija vek?<\/strong><\/h2>\n<p>Po opravljenem potrebnem nadzoru pred operacijo vek se paciente, ki so primerni za operacijo, odpelje na zahtevano obmo\u010dje za poseg. Operacija vek se obi\u010dajno izvaja v lokalni anesteziji, v nekaterih primerih pa v splo\u0161ni anesteziji. Postopek traja od 30 minut do ene ure. Pri operaciji zadr\u017eevanja se iz o\u010desa odstrani odve\u010dna ma\u0161\u010doba, zmanj\u0161a pa se tudi stopnja zapletov pri odvzemu. Pri operaciji vek se z majhnimi rezi odstrani odve\u010dno ko\u017eno tkivo in namestijo estetski \u0161ivi. Za zmanj\u0161anje otekline in modric po operaciji se priporo\u010da uporaba ledu.<\/p>\n<h2><strong>Podrobnosti o kirurgiji vek<\/strong><\/h2>\n<p>Podro\u010dje obraza, zlasti o\u010di, je za \u017eenske in mo\u0161ke zelo pomembno z vidika estetike. V nekaterih primerih se vid v predelu o\u010di poslab\u0161a zaradi nesre\u010d, pri nekaterih ljudeh pa je padec vek prirojen. S staranjem se zaradi oslabitve o\u010desnih mi\u0161ic pove\u0161ajo veke. V tem primeru je na\u010din za odpravo estetskih in zdravstvenih te\u017eav estetska operacija vek. Kar zadeva zdravje, je mogo\u010de s tem enostavnim posegom re\u0161iti pove\u0161ene veke na ravni, ki bo s\u010dasoma prepre\u010dila vid. Predvsem \u017eenske so nesre\u010dne zaradi nizke ali majhne gubice pri li\u010denju, kar se da re\u0161iti z zelo preprostim estetskim posegom na vekah.<\/p>\n<ul>\n<li>\n<h3><strong>Kaj je pove\u0161ena veka?<\/strong><\/h3>\n<\/li>\n<\/ul>\n<p>Nekateri ljudje so zaradi pove\u0161enih vek, imenovanih ptoza, videti mlahavi in zaspani. To stanje se imenuje pove\u0161anje vek. Do pove\u0161enja vek pride zaradi okvare mi\u0161i\u010dne plasti. \u010ce veka prekriva barvni del o\u010desa za 1-1,5 mm, je zdrava.<\/p>\n<ul>\n<li>\n<h3><strong>Kateri so vzroki za pove\u0161ene veke?<\/strong><\/h3>\n<\/li>\n<\/ul>\n<p>Za pove\u0161ene veke obstajajo razli\u010dni vzroki. Pri odraslih so vzrok za pove\u0161ene veke propadanje o\u010desnega mi\u0161i\u010dnega tkiva, dolgoletno no\u0161enje le\u010d, genetski dejavniki, nenamerno poslab\u0161anje strukture o\u010desa ali vek, bolezni \u017eiv\u010dno-mi\u0161i\u010dnega sistema in v nekaterih primerih sladkorna bolezen.<\/p>\n<ul>\n<li>\n<h3><strong>Ali je operacija vek te\u017eavna?<\/strong><\/h3>\n<\/li>\n<\/ul>\n<p>Estetika vek ni zahtevna operacija. Normalno je, da po operaciji \u010dutite rahlo bole\u010dino. Te bole\u010dine izginejo v 2-3 dneh.<\/p>\n<h2><strong>Ali bodo po operaciji vek nastale modrice?<\/strong><\/h2>\n<p>Eden najpogostej\u0161ih stranskih u\u010dinkov po operaciji vek je modrica okoli o\u010di. Tudi \u010de gre za majhen poseg, je estetski poseg na vekah kirur\u0161ki poseg, zato je normalno, da se pojavijo modrice in otekline. Nastale modrice se v prvem tednu po operaciji za\u010dnejo po\u010dasi celiti.<\/p>\n<h2><strong>Koliko \u010dasa traja operacija vek?<\/strong><\/h2>\n<p>Operacija vek traja povpre\u010dno od 30 minut do ene ure.<\/p>\n<h2><strong>Kdaj se je mogo\u010de vrniti na delo po operaciji vek?<\/strong><\/h2>\n<p>Po operaciji vek se lahko v povpre\u010dju v 7 do 10 dneh vrnete k svojemu poklicnemu \u017eivljenju. Natan\u010den datum tega obdobja dolo\u010di va\u0161 zdravnik.<\/p>\n<h2><strong>Ali obstaja tveganje pri estetski operaciji vek?<\/strong><\/h2>\n<p>Pri vsakem kirur\u0161kem posegu obstaja dolo\u010deno tveganje. Ker so estetski posegi bolj programirani in na\u010drtovani, je dejavnikov tveganja manj. \u010ceprav je dejavnik tveganja pri operaciji vek zelo majhen, obstajajo tveganja, kot so po\u0161kodbe o\u010desnega ozadja ali nedoseganje \u017eelenega estetskega videza.<\/p>\n<h2><strong>Koliko dni naj po\u010divam po operaciji?<\/strong><\/h2>\n<p>Po operaciji vek bo koristno, \u010de boste nekaj \u010dasa po\u010divali in se izogibali okoljskim dejavnikom. Tisti, ki \u017eivijo aktivno poslovno \u017eivljenje, lahko \u0161e naprej po\u010divajo tako, da dobijo poro\u010dilo od svojega zdravnika.<\/p>\n<h2><strong>Kdaj po operaciji obiskati zdravnika?<\/strong><\/h2>\n<p>Izvede se program pooperativnega nadzora. Na splo\u0161no se prva kontrola opravi 1 teden po operaciji.<\/p>\n<h2><strong>Kak\u0161na je starostna meja za operacijo vek?<\/strong><\/h2>\n<p>\u010ce pove\u0161ena veka ovira vid, se operacija opravi po 18. letu starosti. Zgornja starostna meja za operacijo je 70 let. Za tiste, ki imajo pove\u0161ene veke zaradi staranja, je priporo\u010dljiva starost 30 let in ve\u010d.<\/p>\n<h2><strong>Ali se rezultat operacije razlikuje od osebe do osebe?<\/strong><\/h2>\n<p>Vsi kirur\u0161ki posegi se obi\u010dajno razlikujejo od osebe do osebe. Zlasti pri estetskih posegih se rezultat ali uporabljeni postopek razlikuje glede na velikost te\u017eave v strukturi ko\u017ee osebe. Stopnja uspe\u0161nosti rezultatov se razlikuje glede na bolnikovo te\u017eavo.<\/p>\n<ul>\n<li>\n<h3><strong>Ali je estetska operacija vek trajna?<\/strong><\/h3>\n<\/li>\n<\/ul>\n<p>Zlasti pove\u0161ene veke so znak staranja. Nobena operacija ni zagotovljena za vedno. V tem primeru se lahko operacija vek s\u010dasoma tudi nekoliko poslab\u0161a, \u010deprav ne v celoti. Te deformacije se lahko pojavijo v povpre\u010dju v petih do desetih letih.<\/p>\n<ul>\n<li>\n<h3><strong>Kdaj se uporabljajo le\u010de po operaciji?<\/strong><\/h3>\n<\/li>\n<\/ul>\n<p>\u010ce zdravnik po operaciji vek dovoli, lahko le\u010de uporabljate en teden pozneje. V tem obdobju lahko o\u010dala uporabljate z odobritvijo zdravnika.<\/p>\n<ul>\n<li>\n<h3><strong>Ali se ponavlja suhljata veka?<\/strong><\/h3>\n<\/li>\n<\/ul>\n<p>\u010ce operacijo vek opravi strokovnjak, so rezultati trajni. Vendar pa se deformacije \u0161tejejo za naravni proces v starosti.<\/p>\n<ul>\n<li>\n<h3><strong>V koliko dneh se zaceli operacija vek?<\/strong><\/h3>\n<\/li>\n<\/ul>\n<p>Veka je eno najbolj ob\u010dutljivih podro\u010dij. Rezi, ki nastanejo po operaciji, se za\u010dnejo postopoma celiti v povpre\u010dju v enem mesecu.<\/p>\n<ul>\n<li>\n<h3><strong>Ali po operaciji pride do okvare vida?<\/strong><\/h3>\n<\/li>\n<\/ul>\n<p>Po operaciji vek se za kratek \u010das pojavi zameglitev vida, ki je za\u010dasna. Vendar po operaciji vek ni trajne okvare vida.<\/p>\n\t\t\t\t\t\t\t\t<\/div>\n\t\t\t\t<\/div>\n\t\t\t\t\t<\/div>\n\t\t<\/div>\n\t\t\t\t\t<\/div>\n\t\t<\/section>\n\t\t\t\t<\/div>\n\t\t","protected":false},"excerpt":{"rendered":"<p>Kirurgija vek Kaj je estetika vek O\u010di so eden od najbolj izrazitih delov \u010dlove\u0161kega obraza. Ljudje pri komunikaciji pogosto vzpostavljajo o\u010desni stik. V tak\u0161nih primerih postane estetika va\u0161ega pogleda in okolice o\u010di zelo pomemben dejavnik. Glede na estetske te\u017eave ljudje z pove\u0161enimi vekami ne \u017eelijo vzpostaviti o\u010desnega stika, kar povzro\u010da pomanjkanje samozavesti. Zlasti \u017eenske imajo [&hellip;]<\/p>\n","protected":false},"author":1,"featured_media":0,"parent":0,"menu_order":0,"comment_status":"closed","ping_status":"closed","template":"","meta":{"footnotes":""},"class_list":["post-2455","page","type-page","status-publish","hentry"],"_links":{"self":[{"href":"https:\/\/serpilasamhairclinic.com\/sl\/wp-json\/wp\/v2\/pages\/2455","targetHints":{"allow":["GET"]}}],"collection":[{"href":"https:\/\/serpilasamhairclinic.com\/sl\/wp-json\/wp\/v2\/pages"}],"about":[{"href":"https:\/\/serpilasamhairclinic.com\/sl\/wp-json\/wp\/v2\/types\/page"}],"author":[{"embeddable":true,"href":"https:\/\/serpilasamhairclinic.com\/sl\/wp-json\/wp\/v2\/users\/1"}],"replies":[{"embeddable":true,"href":"https:\/\/serpilasamhairclinic.com\/sl\/wp-json\/wp\/v2\/comments?post=2455"}],"version-history":[{"count":0,"href":"https:\/\/serpilasamhairclinic.com\/sl\/wp-json\/wp\/v2\/pages\/2455\/revisions"}],"wp:attachment":[{"href":"https:\/\/serpilasamhairclinic.com\/sl\/wp-json\/wp\/v2\/media?parent=2455"}],"curies":[{"name":"wp","href":"https:\/\/api.w.org\/{rel}","templated":true}]}}