{"id":2454,"date":"2022-03-17T10:07:43","date_gmt":"2022-03-17T10:07:43","guid":{"rendered":"https:\/\/serpilasamhairclinic.com\/zdravljenje-s-prp\/"},"modified":"2022-11-02T08:04:44","modified_gmt":"2022-11-02T08:04:44","slug":"zdravljenje-s-prp","status":"publish","type":"page","link":"https:\/\/serpilasamhairclinic.com\/sl\/zdravljenje-s-prp\/","title":{"rendered":"Zdravljenje s PRP"},"content":{"rendered":"\t\t<div data-elementor-type=\"wp-page\" data-elementor-id=\"2454\" class=\"elementor elementor-2454\" data-elementor-post-type=\"page\">\n\t\t\t\t\t\t<section class=\"elementor-section elementor-top-section elementor-element elementor-element-2c1131e elementor-section-boxed elementor-section-height-default elementor-section-height-default\" data-id=\"2c1131e\" data-element_type=\"section\" data-e-type=\"section\" data-settings=\"{&quot;background_background&quot;:&quot;classic&quot;}\">\n\t\t\t\t\t\t<div class=\"elementor-container elementor-column-gap-default\">\n\t\t\t\t\t<div class=\"elementor-column elementor-col-100 elementor-top-column elementor-element elementor-element-b7c6070\" data-id=\"b7c6070\" data-element_type=\"column\" data-e-type=\"column\">\n\t\t\t<div class=\"elementor-widget-wrap elementor-element-populated\">\n\t\t\t\t\t\t<div class=\"elementor-element elementor-element-6d48f61 elementor-widget elementor-widget-heading\" data-id=\"6d48f61\" data-element_type=\"widget\" data-e-type=\"widget\" data-widget_type=\"heading.default\">\n\t\t\t\t<div class=\"elementor-widget-container\">\n\t\t\t\t\t<h1 class=\"elementor-heading-title elementor-size-default\">Zdravljenje s PRP<\/h1>\t\t\t\t<\/div>\n\t\t\t\t<\/div>\n\t\t\t\t\t<\/div>\n\t\t<\/div>\n\t\t\t\t\t<\/div>\n\t\t<\/section>\n\t\t\t\t<section class=\"elementor-section elementor-top-section elementor-element elementor-element-af4e8b8 elementor-section-boxed elementor-section-height-default elementor-section-height-default\" data-id=\"af4e8b8\" data-element_type=\"section\" data-e-type=\"section\">\n\t\t\t\t\t\t<div class=\"elementor-container elementor-column-gap-default\">\n\t\t\t\t\t<div class=\"elementor-column elementor-col-50 elementor-top-column elementor-element elementor-element-cc94c6d\" data-id=\"cc94c6d\" data-element_type=\"column\" data-e-type=\"column\">\n\t\t\t<div class=\"elementor-widget-wrap elementor-element-populated\">\n\t\t\t\t\t\t<div class=\"elementor-element elementor-element-7ff20f8 elementor-widget elementor-widget-image\" data-id=\"7ff20f8\" data-element_type=\"widget\" data-e-type=\"widget\" data-widget_type=\"image.default\">\n\t\t\t\t<div class=\"elementor-widget-container\">\n\t\t\t\t\t\t\t\t\t\t\t\t\t\t\t<img fetchpriority=\"high\" decoding=\"async\" width=\"800\" height=\"480\" src=\"https:\/\/serpilasamhairclinic.com\/wp-content\/uploads\/2022\/02\/hair-transplant-sa-2-1024x615.jpg\" class=\"attachment-large size-large wp-image-2354\" alt=\"\" srcset=\"https:\/\/serpilasamhairclinic.com\/wp-content\/uploads\/2022\/02\/hair-transplant-sa-2-1024x615.jpg 1024w, https:\/\/serpilasamhairclinic.com\/wp-content\/uploads\/2022\/02\/hair-transplant-sa-2-300x180.jpg 300w, https:\/\/serpilasamhairclinic.com\/wp-content\/uploads\/2022\/02\/hair-transplant-sa-2-768x461.jpg 768w, https:\/\/serpilasamhairclinic.com\/wp-content\/uploads\/2022\/02\/hair-transplant-sa-2-1536x922.jpg 1536w, https:\/\/serpilasamhairclinic.com\/wp-content\/uploads\/2022\/02\/hair-transplant-sa-2.jpg 1800w\" sizes=\"(max-width: 800px) 100vw, 800px\" title=\"\">\t\t\t\t\t\t\t\t\t\t\t\t\t\t\t<\/div>\n\t\t\t\t<\/div>\n\t\t\t\t\t<\/div>\n\t\t<\/div>\n\t\t\t\t<div class=\"elementor-column elementor-col-50 elementor-top-column elementor-element elementor-element-5a7d9ee\" data-id=\"5a7d9ee\" data-element_type=\"column\" data-e-type=\"column\">\n\t\t\t<div class=\"elementor-widget-wrap elementor-element-populated\">\n\t\t\t\t\t\t<div class=\"elementor-element elementor-element-ea7f270 elementor-widget elementor-widget-image\" data-id=\"ea7f270\" data-element_type=\"widget\" data-e-type=\"widget\" data-widget_type=\"image.default\">\n\t\t\t\t<div class=\"elementor-widget-container\">\n\t\t\t\t\t\t\t\t\t\t\t\t\t\t\t<img decoding=\"async\" width=\"800\" height=\"480\" src=\"https:\/\/serpilasamhairclinic.com\/wp-content\/uploads\/2022\/02\/hair-transplant-sa-1024x615.jpg\" class=\"attachment-large size-large wp-image-2352\" alt=\"\" srcset=\"https:\/\/serpilasamhairclinic.com\/wp-content\/uploads\/2022\/02\/hair-transplant-sa-1024x615.jpg 1024w, https:\/\/serpilasamhairclinic.com\/wp-content\/uploads\/2022\/02\/hair-transplant-sa-300x180.jpg 300w, https:\/\/serpilasamhairclinic.com\/wp-content\/uploads\/2022\/02\/hair-transplant-sa-768x461.jpg 768w, https:\/\/serpilasamhairclinic.com\/wp-content\/uploads\/2022\/02\/hair-transplant-sa-1536x922.jpg 1536w, https:\/\/serpilasamhairclinic.com\/wp-content\/uploads\/2022\/02\/hair-transplant-sa.jpg 1800w\" sizes=\"(max-width: 800px) 100vw, 800px\" title=\"\">\t\t\t\t\t\t\t\t\t\t\t\t\t\t\t<\/div>\n\t\t\t\t<\/div>\n\t\t\t\t\t<\/div>\n\t\t<\/div>\n\t\t\t\t\t<\/div>\n\t\t<\/section>\n\t\t\t\t<section class=\"elementor-section elementor-top-section elementor-element elementor-element-632af8c elementor-section-boxed elementor-section-height-default elementor-section-height-default\" data-id=\"632af8c\" data-element_type=\"section\" data-e-type=\"section\" id=\"estetik\" data-settings=\"{&quot;background_background&quot;:&quot;classic&quot;}\">\n\t\t\t\t\t\t<div class=\"elementor-container elementor-column-gap-default\">\n\t\t\t\t\t<div class=\"elementor-column elementor-col-100 elementor-top-column elementor-element elementor-element-45c92d73\" data-id=\"45c92d73\" data-element_type=\"column\" data-e-type=\"column\">\n\t\t\t<div class=\"elementor-widget-wrap elementor-element-populated\">\n\t\t\t\t\t\t<div class=\"elementor-element elementor-element-74b40ae elementor-widget elementor-widget-text-editor\" data-id=\"74b40ae\" data-element_type=\"widget\" data-e-type=\"widget\" data-widget_type=\"text-editor.default\">\n\t\t\t\t<div class=\"elementor-widget-container\">\n\t\t\t\t\t\t\t\t\t<p>PRP; gre za obliko zdravljenja z vbrizgavanjem snovi, pridobljene iz lastne krvi. Vbrizgana snov je s trombociti obogatena plazma. Plazma je sestavina krvi, ki pomaga pri strjevanju krvi in vsebuje posebne celice, imenovane trombociti, ali druge dejavnike in beljakovine. Te plazme vsebujejo tudi beljakovine, ki spodbujajo rast celic. Z lo\u010devanjem in zgo\u0161\u010devanjem plazme iz krvi dobimo prp, plazmo, ki je bogatej\u0161a s trombociti. Tako ga vbrizgamo v po\u0161kodovana tkiva in poskrbimo za razmno\u017eevanje zdravih celic.<\/p>\n<h2><strong>Kako poteka zdravljenje Prp?<\/strong><\/h2>\n<p>Zdravljenje Prp se za\u010dne z odvzemom bolnikove krvi, ki se zbere v epruveti. Nato se kri odvzame v epruveto z gelom. Odvzeta kri se s centrifugiranjem lo\u010di v 5-8 minutah. Iz krvi se izlo\u010di plazemski del, bogat s trombociti in rastnimi dejavniki. Pridobljeno kri z injekcijo nanesemo na dolo\u010deno obmo\u010dje.<\/p>\n<p><strong>Podro\u010dja zdravljenja Prp<\/strong><\/p>\n<ul>\n<li>Za zagotavljanje elasti\u010dnosti in sijaja ko\u017ee<\/li>\n<li>Prepre\u010devanje izpadanja las, krepitev las<\/li>\n<li>Prepre\u010devanje nastanka gub in vdolbin<\/li>\n<li>Rekonstrukcija ko\u017ee pri ranah, razpokah in po\u0161kodbah ko\u017ee<\/li>\n<li>Za celjenje opeklin na ko\u017ei po postopkih, kot je laserski.<\/li>\n<li>V medicinski estetiki se uporablja na podro\u010djih, kot so obraz, roke in roke, notranje strani nog in vrat.<\/li>\n<\/ul>\n<h2><strong>Zdravljenje las s Prp<\/strong><\/h2>\n<p>Normalno je, da v vsakdanjem \u017eivljenju izgubimo 100-150 las. Vendar pa pove\u010danje tega \u0161tevila pomeni, da je treba sprejeti previdnostne ukrepe. Po tej to\u010dki je prp ena od prvih metod, s katerimi se boste sre\u010dali. \u010ce lasje za\u010dnejo pogosto izpadati, se lahko odlo\u010dite za zdravljenje s prp za pritrditev lasnih me\u0161i\u010dkov in bolj zdravo rast po operaciji presaditve las.<\/p>\n<p>Za uporabo prp pri izpadanju las je treba bolniku vzeti povpre\u010dno 10 cm3 krvi. Odvzeta kri se s posebnim postopkom razdeli na dva dela, belo in rde\u010do kri. V rde\u010dem delu je trombocitni rastni faktor. Po posebni obdelavi se rde\u010da kri vbrizga v del s prelivanjem ali red\u010denjem z metodo nap aj . Osnova te uporabe je hranjenje las in obnavljanje tkiv. Bolnik med postopkom ne \u010duti bole\u010dine.<\/p>\n<h2><strong>Kdaj naj bo Prp po presaditvi las?<\/strong><\/h2>\n<p>PRP je metoda zdravljenja, ki se po vsem svetu uporablja \u017ee vrsto let, v zadnjih letih pa je postala bolj priljubljena. Ta metoda zdravljenja podpira rast las. Zato je zdravljenje s PRP po presaditvi las nekaterim ljudem priporo\u010dljivo. PRP je dobra mo\u017enost za pove\u010danje uspe\u0161nosti presaditve las.<\/p>\n<p>Pri PRP se na lasi\u0161\u010du pojavijo rastni dejavniki in trombociti. To pozitivno vpliva na celoten proces zdravljenja. Vendar je za uspeh zdravljenja s PRP izjemno pomembno, da ga opravite ob pravem \u010dasu. Zdravljenje s PRP lahko opravite 10 dni po postopku presaditve las brez te\u017eav. Druge seanse je treba na\u010drtovati po enem mesecu, treh mesecih in \u0161estih mesecih. Na splo\u0161no zado\u0161\u010dajo 4 tretmaji zdravljenja.<\/p>\n<p>  Hkrati se lahko \u0161tevilo postopkov in seans razlikuje od osebe do osebe. V takih primerih se lahko zdravljenje prp izvaja 3-4 mesece po operaciji. \u0160tevilo seans se lahko razlikuje glede na stanje osebe.<\/p>\n<h2><strong>Kako dolgo traja zdravljenje las s Prp?<\/strong><\/h2>\n<p>Zdravljenje las z metodo Prp poteka v seansah, ki jih v povpre\u010dju opravite vsakih 15 dni. \u0160tevilo seans se lahko razlikuje glede na potrebe osebe in odlo\u010ditev zdravnika specialista. Postopek traja povpre\u010dno 30 minut. Ta postopek lahko traja od 3 do 4 mesece ali ve\u010d, odvisno od potreb posameznika. Po zaklju\u010dku zdravljenja s prp se priporo\u010da zdravljenje s prp enkrat na leto.<\/p>\n<h2><strong>Kak\u0161ne so prednosti zdravljenja Prp?<\/strong><\/h2>\n<ul>\n<li>Ker je posebna plazma pridobljena iz lastne krvi, ni tveganja za alergijo.<\/li>\n<li>Zaradi injekcije, ki se uporablja pri zdravljenju Prp, po postopku ni brazgotin.<\/li>\n<li>Med zdravljenjem ni bole\u010din.<\/li>\n<li>Pomaga pri hitrej\u0161em celjenju ran, zlasti po operaciji presaditve las.<\/li>\n<li>Podpira bolj zdravo rast las po operaciji presaditve las.<\/li>\n<li>\u0160\u010diti lase pred razlitjem,<\/li>\n<li>Pove\u010da vitalnost lasnih me\u0161i\u010dkov,<\/li>\n<li>Popravlja strukturo las in spodbuja njihovo rast,<\/li>\n<li>O\u017eivlja mirujo\u010de lasne me\u0161i\u010dke.<\/li>\n<\/ul>\n<h2><strong>Kaj mora biti po uporabi PRP?<\/strong><\/h2>\n<ul>\n<li>Po nanosu PRP je primerno uporabiti led in protibole\u010dinska sredstva za zelo blage bole\u010dine.<\/li>\n<li>Izvajate lahko preproste raztezne vaje, vendar se izogibajte vajam z odporom in ute\u017emi. \u010cas vrnitve k \u0161portnim aktivnostim je lahko od 3 do 6 tednov.<\/li>\n<li>Ker se po presaditvi las zdravljenje s PRP izvaja na predelu glave, je treba prepre\u010diti pritisk na to podro\u010dje.<\/li>\n<li>O zdravilih, ki jih lahko uporabljate po aplikaciji PRP in vrnitvi k \u0161portnim aktivnostim, se je treba pozanimati pri zdravniku.<\/li>\n<\/ul>\n\t\t\t\t\t\t\t\t<\/div>\n\t\t\t\t<\/div>\n\t\t\t\t\t<\/div>\n\t\t<\/div>\n\t\t\t\t\t<\/div>\n\t\t<\/section>\n\t\t\t\t<\/div>\n\t\t","protected":false},"excerpt":{"rendered":"<p>Zdravljenje s PRP PRP; gre za obliko zdravljenja z vbrizgavanjem snovi, pridobljene iz lastne krvi. Vbrizgana snov je s trombociti obogatena plazma. Plazma je sestavina krvi, ki pomaga pri strjevanju krvi in vsebuje posebne celice, imenovane trombociti, ali druge dejavnike in beljakovine. Te plazme vsebujejo tudi beljakovine, ki spodbujajo rast celic. Z lo\u010devanjem in zgo\u0161\u010devanjem [&hellip;]<\/p>\n","protected":false},"author":1,"featured_media":0,"parent":0,"menu_order":0,"comment_status":"closed","ping_status":"closed","template":"","meta":{"footnotes":""},"class_list":["post-2454","page","type-page","status-publish","hentry"],"_links":{"self":[{"href":"https:\/\/serpilasamhairclinic.com\/sl\/wp-json\/wp\/v2\/pages\/2454","targetHints":{"allow":["GET"]}}],"collection":[{"href":"https:\/\/serpilasamhairclinic.com\/sl\/wp-json\/wp\/v2\/pages"}],"about":[{"href":"https:\/\/serpilasamhairclinic.com\/sl\/wp-json\/wp\/v2\/types\/page"}],"author":[{"embeddable":true,"href":"https:\/\/serpilasamhairclinic.com\/sl\/wp-json\/wp\/v2\/users\/1"}],"replies":[{"embeddable":true,"href":"https:\/\/serpilasamhairclinic.com\/sl\/wp-json\/wp\/v2\/comments?post=2454"}],"version-history":[{"count":0,"href":"https:\/\/serpilasamhairclinic.com\/sl\/wp-json\/wp\/v2\/pages\/2454\/revisions"}],"wp:attachment":[{"href":"https:\/\/serpilasamhairclinic.com\/sl\/wp-json\/wp\/v2\/media?parent=2454"}],"curies":[{"name":"wp","href":"https:\/\/api.w.org\/{rel}","templated":true}]}}