{"id":2450,"date":"2022-03-17T10:05:13","date_gmt":"2022-03-17T10:05:13","guid":{"rendered":"https:\/\/serpilasamhairclinic.com\/presaditev-obrvi\/"},"modified":"2022-11-02T08:04:42","modified_gmt":"2022-11-02T08:04:42","slug":"presaditev-obrvi","status":"publish","type":"page","link":"https:\/\/serpilasamhairclinic.com\/sl\/presaditev-obrvi\/","title":{"rendered":"Presaditev obrvi"},"content":{"rendered":"\t\t<div data-elementor-type=\"wp-page\" data-elementor-id=\"2450\" class=\"elementor elementor-2450 elementor-1140\" data-elementor-post-type=\"page\">\n\t\t\t\t\t\t<section class=\"elementor-section elementor-top-section elementor-element elementor-element-2c1131e elementor-section-boxed elementor-section-height-default elementor-section-height-default\" data-id=\"2c1131e\" data-element_type=\"section\" data-e-type=\"section\" data-settings=\"{&quot;background_background&quot;:&quot;classic&quot;}\">\n\t\t\t\t\t\t<div class=\"elementor-container elementor-column-gap-default\">\n\t\t\t\t\t<div class=\"elementor-column elementor-col-100 elementor-top-column elementor-element elementor-element-b7c6070\" data-id=\"b7c6070\" data-element_type=\"column\" data-e-type=\"column\">\n\t\t\t<div class=\"elementor-widget-wrap elementor-element-populated\">\n\t\t\t\t\t\t<div class=\"elementor-element elementor-element-6d48f61 elementor-widget elementor-widget-heading\" data-id=\"6d48f61\" data-element_type=\"widget\" data-e-type=\"widget\" data-widget_type=\"heading.default\">\n\t\t\t\t<div class=\"elementor-widget-container\">\n\t\t\t\t\t<h1 class=\"elementor-heading-title elementor-size-default\">Presaditev obrvi<\/h1>\t\t\t\t<\/div>\n\t\t\t\t<\/div>\n\t\t\t\t\t<\/div>\n\t\t<\/div>\n\t\t\t\t\t<\/div>\n\t\t<\/section>\n\t\t\t\t<section class=\"elementor-section elementor-top-section elementor-element elementor-element-af4e8b8 elementor-section-boxed elementor-section-height-default elementor-section-height-default\" data-id=\"af4e8b8\" data-element_type=\"section\" data-e-type=\"section\">\n\t\t\t\t\t\t<div class=\"elementor-container elementor-column-gap-default\">\n\t\t\t\t\t<div class=\"elementor-column elementor-col-50 elementor-top-column elementor-element elementor-element-cc94c6d\" data-id=\"cc94c6d\" data-element_type=\"column\" data-e-type=\"column\">\n\t\t\t<div class=\"elementor-widget-wrap\">\n\t\t\t\t\t\t\t<\/div>\n\t\t<\/div>\n\t\t\t\t<div class=\"elementor-column elementor-col-50 elementor-top-column elementor-element elementor-element-5a7d9ee\" data-id=\"5a7d9ee\" data-element_type=\"column\" data-e-type=\"column\">\n\t\t\t<div class=\"elementor-widget-wrap\">\n\t\t\t\t\t\t\t<\/div>\n\t\t<\/div>\n\t\t\t\t\t<\/div>\n\t\t<\/section>\n\t\t\t\t<section class=\"elementor-section elementor-top-section elementor-element elementor-element-632af8c elementor-section-boxed elementor-section-height-default elementor-section-height-default\" data-id=\"632af8c\" data-element_type=\"section\" data-e-type=\"section\" id=\"estetik\" data-settings=\"{&quot;background_background&quot;:&quot;classic&quot;}\">\n\t\t\t\t\t\t<div class=\"elementor-container elementor-column-gap-default\">\n\t\t\t\t\t<div class=\"elementor-column elementor-col-100 elementor-top-column elementor-element elementor-element-45c92d73\" data-id=\"45c92d73\" data-element_type=\"column\" data-e-type=\"column\">\n\t\t\t<div class=\"elementor-widget-wrap elementor-element-populated\">\n\t\t\t\t\t\t<div class=\"elementor-element elementor-element-74b40ae elementor-widget elementor-widget-text-editor\" data-id=\"74b40ae\" data-element_type=\"widget\" data-e-type=\"widget\" data-widget_type=\"text-editor.default\">\n\t\t\t\t<div class=\"elementor-widget-container\">\n\t\t\t\t\t\t\t\t\t<p>Obrvi imajo pomembno vlogo pri izra\u017eanju obraza, saj obkro\u017eajo o\u010di. Izguba izraza je lahko posledica tanj\u0161anja ali izpadanja obrvi. Re\u0161itev za to izpadanje in tanj\u0161anje, zaradi katerih so \u017eenske estetsko nezadovoljne, je presaditev obrvi. \u0160tevilo ljudi, ki se odlo\u010dijo za <strong>presaditev obrvi<\/strong>, se iz dneva v dan pove\u010duje. Poleg izgube obrvi, zlasti zaradi zdravstvenih razlogov, se tisti, ki \u017eelijo imeti polnej\u0161i, jasnej\u0161i in bolj naraven estetski videz, odlo\u010dijo za presaditev obrvi. Poleg estetskega vidika je presaditev obrvi najbolj naravna in trajna metoda pri po\u0161kodbah na podro\u010dju obrvi, opeklinah in trajnih brazgotinah.<\/p>\n<h2><strong>Kaj je presaditev obrvi?<\/strong><\/h2>\n<p>Presaditev obrvi je postopek name\u0161\u010danja semen lasnih me\u0161i\u010dkov, odvzetih iz lastnih <strong>lasnih me\u0161i\u010dkov<\/strong> pri tanj\u0161anju ali regionalnem izpadanju obrvi, na podro\u010dje obrvi pri \u017eenskah ali mo\u0161kih z zelo minimalnimi rezi.<\/p>\n<h2><strong>Pred presaditvijo obrvi<\/strong><\/h2>\n<p>Ko se odlo\u010dite za presaditev obrvi, mora strokovnjak in izku\u0161en zdravnik opraviti natan\u010den pregled. Ta postopek je zelo pomemben tako za osebo, ki \u017eeli presaditi obrvi, kot za strokovnjaka. Po pregledu in potrebnih analizah mora specialist sli\u0161ati \u017eelje osebe, ki se odlo\u010di za <strong>presaditev obrvi<\/strong>, in njena pri\u010dakovanja od operacije ter sprejeti jasno odlo\u010ditev. Pri tem se glede na tip obraza osebe, ki jo je treba presaditi, upo\u0161teva zlato rezilo, opravijo se potrebne meritve, vizualno se izri\u0161e kon\u010dna oblika in predstava o tem, kak\u0161na bo po operaciji.<\/p>\n<h2><strong>Po operaciji presaditve obrvi?<\/strong><\/h2>\n<ul>\n<li>Ker je operacija obrvi veliko kraj\u0161i postopek kot druge metode presaditve, je postopek po njej razmeroma enostaven. Postopek traja v povpre\u010dju od 1 do 2 uri, \u010deprav se okrevanje po postopku razlikuje od osebe do osebe, v povpre\u010dju traja 7 dni. V tem sedemdnevnem obdobju se na presajenem obmo\u010dju obrvi pojavijo kraste. Pri tem se ta videz skorje postopoma izlije in oseba se lahko brez te\u017eav vrne v dru\u017eabno in poslovno \u017eivljenje. Po operaciji morate po\u010divati toliko \u010dasa, kot je dolo\u010dil zdravnik. Po operaciji <strong>presaditve obrvi<\/strong> morate recept popolnoma odstraniti in ne smete pritiskati na obmo\u010dje presaditve obrvi.<\/li>\n<li>Ko za\u010dnejo obrvi rasti, z ne\u017enim \u010desanjem v smeri obrvi dolo\u010dite smer obrvi in vizualno bo videti dobro. Poleg tega presajene obrvi rastejo hitreje kot druge obrvi, saj gre za semena lasnih korenin, zato jih je treba skraj\u0161ati vsakih 15 dni ali glede na pogostost rasti.<\/li>\n<li>Aktivnosti, kot sta plavanje v morju in son\u010denje, so 15 dni po presaditvi obrvi strogo prepovedane.<\/li>\n<li>Po presaditvi obrvi je treba po\u010dakati 10-15 dni, da se odpravite na mesta, kot sta hammam in savna.<\/li>\n<li>Pri tem na obrvi ne smete nana\u0161ati nobenih drugih snovi, razen zdravil, ki jih je priporo\u010dil zdravnik, in na to podro\u010dje ne smete nana\u0161ati li\u010dil.<\/li>\n<li>Po operaciji presaditve obrvi lahko nekaj \u010dasa prihaja do izpadanja obrvi, kar je normalno, ne bodite nervozni.<\/li>\n<li>Presajene obrvi bodo za\u010dele ponovno rasti po treh mesecih. Na koncu 7-8-mese\u010dnega procesa lahko vidite kon\u010dni rezultat. Vendar lahko ta postopek traja tudi do enega leta. Po preteku tega \u010dasa boste imeli naravne in trajne obrvi.<\/li>\n<\/ul>\n<h2><strong>Katere so faze presaditve obrvi?<\/strong><\/h2>\n<p>Ko se odlo\u010dite za operacijo presaditve obrvi, se seznanite s fazami <strong>presaditve obrvi<\/strong> pri ljudeh, ki niso ovira za operacijo;<\/p>\n<ul>\n<li>Pregled in analiza, ali je primerna za presaditev obrvi.<\/li>\n<li>Odlo\u010ditev o obliki obrvi, potrebne meritve in izris kon\u010dne oblike obrvi z upo\u0161tevanjem zlatega reza.<\/li>\n<li>Donorsko obmo\u010dje in obrvi se anestezirata z lokalno anestezijo.<\/li>\n<li>Glede na potrebno povr\u0161ino se z obmo\u010dja vzame vnaprej dolo\u010deno \u0161tevilo semen lasnih me\u0161i\u010dkov.<\/li>\n<li>Odstranjena semena lasnih me\u0161i\u010dkov se namestijo v zareze z minimalnimi rezi na dolo\u010denih mestih na obrvi.<\/li>\n<li>Ker so obrvi podro\u010dje, ki je na obrazu jasno vidno, morajo strokovnjaki v naslednji fazi opraviti zelo majhne reze, da ljudje, pri katerih se opravi presaditev obrvi, ne bi imeli estetskih te\u017eav.<\/li>\n<li>Postopek traja od 1 do 2 uri, odvisno od oseb in uporabljene metode. Bolniku po operaciji ni treba ostati v bolni\u0161nici. \u0160e isti dan ga odpustijo.<\/li>\n<\/ul>\n\t\t\t\t\t\t\t\t<\/div>\n\t\t\t\t<\/div>\n\t\t\t\t\t<\/div>\n\t\t<\/div>\n\t\t\t\t\t<\/div>\n\t\t<\/section>\n\t\t\t\t<\/div>\n\t\t","protected":false},"excerpt":{"rendered":"<p>Presaditev obrvi Obrvi imajo pomembno vlogo pri izra\u017eanju obraza, saj obkro\u017eajo o\u010di. Izguba izraza je lahko posledica tanj\u0161anja ali izpadanja obrvi. Re\u0161itev za to izpadanje in tanj\u0161anje, zaradi katerih so \u017eenske estetsko nezadovoljne, je presaditev obrvi. \u0160tevilo ljudi, ki se odlo\u010dijo za presaditev obrvi, se iz dneva v dan pove\u010duje. Poleg izgube obrvi, zlasti zaradi [&hellip;]<\/p>\n","protected":false},"author":1,"featured_media":0,"parent":0,"menu_order":0,"comment_status":"closed","ping_status":"closed","template":"","meta":{"footnotes":""},"class_list":["post-2450","page","type-page","status-publish","hentry"],"_links":{"self":[{"href":"https:\/\/serpilasamhairclinic.com\/sl\/wp-json\/wp\/v2\/pages\/2450","targetHints":{"allow":["GET"]}}],"collection":[{"href":"https:\/\/serpilasamhairclinic.com\/sl\/wp-json\/wp\/v2\/pages"}],"about":[{"href":"https:\/\/serpilasamhairclinic.com\/sl\/wp-json\/wp\/v2\/types\/page"}],"author":[{"embeddable":true,"href":"https:\/\/serpilasamhairclinic.com\/sl\/wp-json\/wp\/v2\/users\/1"}],"replies":[{"embeddable":true,"href":"https:\/\/serpilasamhairclinic.com\/sl\/wp-json\/wp\/v2\/comments?post=2450"}],"version-history":[{"count":0,"href":"https:\/\/serpilasamhairclinic.com\/sl\/wp-json\/wp\/v2\/pages\/2450\/revisions"}],"wp:attachment":[{"href":"https:\/\/serpilasamhairclinic.com\/sl\/wp-json\/wp\/v2\/media?parent=2450"}],"curies":[{"name":"wp","href":"https:\/\/api.w.org\/{rel}","templated":true}]}}