{"id":2448,"date":"2022-03-17T10:02:55","date_gmt":"2022-03-17T10:02:55","guid":{"rendered":"https:\/\/serpilasamhairclinic.com\/presaditev-las-med-spanjem\/"},"modified":"2022-11-02T08:04:44","modified_gmt":"2022-11-02T08:04:44","slug":"presaditev-las-med-spanjem","status":"publish","type":"page","link":"https:\/\/serpilasamhairclinic.com\/sl\/presaditev-las-med-spanjem\/","title":{"rendered":"Presaditev las med spanjem"},"content":{"rendered":"\t\t<div data-elementor-type=\"wp-page\" data-elementor-id=\"2448\" class=\"elementor elementor-2448 elementor-1135\" data-elementor-post-type=\"page\">\n\t\t\t\t\t\t<section class=\"elementor-section elementor-top-section elementor-element elementor-element-2c1131e elementor-section-boxed elementor-section-height-default elementor-section-height-default\" data-id=\"2c1131e\" data-element_type=\"section\" data-e-type=\"section\" data-settings=\"{&quot;background_background&quot;:&quot;classic&quot;}\">\n\t\t\t\t\t\t<div class=\"elementor-container elementor-column-gap-default\">\n\t\t\t\t\t<div class=\"elementor-column elementor-col-100 elementor-top-column elementor-element elementor-element-b7c6070\" data-id=\"b7c6070\" data-element_type=\"column\" data-e-type=\"column\">\n\t\t\t<div class=\"elementor-widget-wrap elementor-element-populated\">\n\t\t\t\t\t\t<div class=\"elementor-element elementor-element-6d48f61 elementor-widget elementor-widget-heading\" data-id=\"6d48f61\" data-element_type=\"widget\" data-e-type=\"widget\" data-widget_type=\"heading.default\">\n\t\t\t\t<div class=\"elementor-widget-container\">\n\t\t\t\t\t<h1 class=\"elementor-heading-title elementor-size-default\">Presaditev las med spanjem<\/h1>\t\t\t\t<\/div>\n\t\t\t\t<\/div>\n\t\t\t\t\t<\/div>\n\t\t<\/div>\n\t\t\t\t\t<\/div>\n\t\t<\/section>\n\t\t\t\t<section class=\"elementor-section elementor-top-section elementor-element elementor-element-af4e8b8 elementor-section-boxed elementor-section-height-default elementor-section-height-default\" data-id=\"af4e8b8\" data-element_type=\"section\" data-e-type=\"section\">\n\t\t\t\t\t\t<div class=\"elementor-container elementor-column-gap-default\">\n\t\t\t\t\t<div class=\"elementor-column elementor-col-50 elementor-top-column elementor-element elementor-element-cc94c6d\" data-id=\"cc94c6d\" data-element_type=\"column\" data-e-type=\"column\">\n\t\t\t<div class=\"elementor-widget-wrap elementor-element-populated\">\n\t\t\t\t\t\t<div class=\"elementor-element elementor-element-7ff20f8 elementor-widget elementor-widget-image\" data-id=\"7ff20f8\" data-element_type=\"widget\" data-e-type=\"widget\" data-widget_type=\"image.default\">\n\t\t\t\t<div class=\"elementor-widget-container\">\n\t\t\t\t\t\t\t\t\t\t\t\t\t\t\t<img fetchpriority=\"high\" decoding=\"async\" width=\"800\" height=\"480\" src=\"https:\/\/serpilasamhairclinic.com\/wp-content\/uploads\/2022\/02\/hair-transplant-sa-1-1024x615.jpg\" class=\"attachment-large size-large wp-image-2353\" alt=\"\" srcset=\"https:\/\/serpilasamhairclinic.com\/wp-content\/uploads\/2022\/02\/hair-transplant-sa-1-1024x615.jpg 1024w, https:\/\/serpilasamhairclinic.com\/wp-content\/uploads\/2022\/02\/hair-transplant-sa-1-300x180.jpg 300w, https:\/\/serpilasamhairclinic.com\/wp-content\/uploads\/2022\/02\/hair-transplant-sa-1-768x461.jpg 768w, https:\/\/serpilasamhairclinic.com\/wp-content\/uploads\/2022\/02\/hair-transplant-sa-1-1536x922.jpg 1536w, https:\/\/serpilasamhairclinic.com\/wp-content\/uploads\/2022\/02\/hair-transplant-sa-1.jpg 1800w\" sizes=\"(max-width: 800px) 100vw, 800px\" title=\"\">\t\t\t\t\t\t\t\t\t\t\t\t\t\t\t<\/div>\n\t\t\t\t<\/div>\n\t\t\t\t\t<\/div>\n\t\t<\/div>\n\t\t\t\t<div class=\"elementor-column elementor-col-50 elementor-top-column elementor-element elementor-element-5a7d9ee\" data-id=\"5a7d9ee\" data-element_type=\"column\" data-e-type=\"column\">\n\t\t\t<div class=\"elementor-widget-wrap elementor-element-populated\">\n\t\t\t\t\t\t<div class=\"elementor-element elementor-element-ea7f270 elementor-widget elementor-widget-image\" data-id=\"ea7f270\" data-element_type=\"widget\" data-e-type=\"widget\" data-widget_type=\"image.default\">\n\t\t\t\t<div class=\"elementor-widget-container\">\n\t\t\t\t\t\t\t\t\t\t\t\t\t\t\t<img decoding=\"async\" width=\"800\" height=\"480\" src=\"https:\/\/serpilasamhairclinic.com\/wp-content\/uploads\/2022\/02\/hair-transplant-sa-1024x615.jpg\" class=\"attachment-large size-large wp-image-2352\" alt=\"\" srcset=\"https:\/\/serpilasamhairclinic.com\/wp-content\/uploads\/2022\/02\/hair-transplant-sa-1024x615.jpg 1024w, https:\/\/serpilasamhairclinic.com\/wp-content\/uploads\/2022\/02\/hair-transplant-sa-300x180.jpg 300w, https:\/\/serpilasamhairclinic.com\/wp-content\/uploads\/2022\/02\/hair-transplant-sa-768x461.jpg 768w, https:\/\/serpilasamhairclinic.com\/wp-content\/uploads\/2022\/02\/hair-transplant-sa-1536x922.jpg 1536w, https:\/\/serpilasamhairclinic.com\/wp-content\/uploads\/2022\/02\/hair-transplant-sa.jpg 1800w\" sizes=\"(max-width: 800px) 100vw, 800px\" title=\"\">\t\t\t\t\t\t\t\t\t\t\t\t\t\t\t<\/div>\n\t\t\t\t<\/div>\n\t\t\t\t\t<\/div>\n\t\t<\/div>\n\t\t\t\t\t<\/div>\n\t\t<\/section>\n\t\t\t\t<section class=\"elementor-section elementor-top-section elementor-element elementor-element-632af8c elementor-section-boxed elementor-section-height-default elementor-section-height-default\" data-id=\"632af8c\" data-element_type=\"section\" data-e-type=\"section\" id=\"estetik\" data-settings=\"{&quot;background_background&quot;:&quot;classic&quot;}\">\n\t\t\t\t\t\t<div class=\"elementor-container elementor-column-gap-default\">\n\t\t\t\t\t<div class=\"elementor-column elementor-col-100 elementor-top-column elementor-element elementor-element-45c92d73\" data-id=\"45c92d73\" data-element_type=\"column\" data-e-type=\"column\">\n\t\t\t<div class=\"elementor-widget-wrap elementor-element-populated\">\n\t\t\t\t\t\t<div class=\"elementor-element elementor-element-74b40ae elementor-widget elementor-widget-text-editor\" data-id=\"74b40ae\" data-element_type=\"widget\" data-e-type=\"widget\" data-widget_type=\"text-editor.default\">\n\t\t\t\t<div class=\"elementor-widget-container\">\n\t\t\t\t\t\t\t\t\t<h2><strong>Spanje po presaditvi las<\/strong><\/h2>\n<p>Metoda presaditve las predstavlja trajno re\u0161itev za ljudi, ki se soo\u010dajo z izpadanjem las. Ljudje se velikokrat spra\u0161ujejo o presaditvi las. Eden od njih je polo\u017eaj za spanje po presaditvi las. Prva faza po operaciji presaditve las je proces celjenja, pri \u010demer je pomembno <strong>desetdnevno<\/strong> obdobje. V tem obdobju je treba presajeno obmo\u010dje skrbno za\u0161\u010dititi pred vsakr\u0161nimi udarci, trki in pritiski. Ljudi prisili, da so pozorni, zlasti v fazi spanja, ko delujemo nezavedno. Ker je to \u0161e posebej pomembno za to, da se lasni me\u0161i\u010dki v <strong>10-dnevnem<\/strong> obdobju prilepijo na kanale, moramo biti pozorni na svoj polo\u017eaj <strong>med spanjem<\/strong>.<\/p>\n<h2><strong>Polo\u017eaj za spanje prvo no\u010d po presaditvi las<\/strong><\/h2>\n<p>Prva no\u010d po presaditvi las je zelo pomembna, saj se semena lasnega me\u0161i\u010dka obdr\u017eijo. Zato moramo biti <strong>prvo no\u010d<\/strong> pozorni na polo\u017eaj, v katerem spimo. Najpogostej\u0161i zaplet po presaditvi las je edem in oteklina. \u010ce je mogo\u010de, je treba le\u017eati pod kotom 45 stopinj, saj popolno le\u017eanje po operaciji presaditve las povzro\u010di edem in oteklino.  <strong>Prvo no\u010d po<\/strong> presaditvi las si na hrbet polo\u017eite dva vzglavnika, kar vam bo pomagalo dose\u010di kot 45 stopinj.<\/p>\n<h3><strong>Polo\u017eaj spanja 1 teden po presaditvi las<\/strong><\/h3>\n<p>Po presaditvi las, \u010de je bila operacija uporabljena na obmo\u010dju glave, zlasti na tilniku darovalca, je treba prepre\u010diti pritisk na dokument v smislu njegovega zdravja. Pomembno je, da ste na to pozorni, da bi v prihodnjih fazah dosegli \u017eeleni rezultat, saj v nasprotnem primeru, \u010de je obmo\u010dje presajanja las po\u0161kodovano, pri\u010dakovana rast las ne bo mogo\u010da. \u010ce je bila presaditev las opravljena le na sprednjem delu, lahko po prvem tednu le\u017eite na hrbtu. Vendar je priporo\u010dljivo, da v tem obdobju le\u017eite pod kotom 45 stopinj, \u010de je le mogo\u010de. \u010ce se presaditev las opravi na podro\u010dju krone, lahko ob upo\u0161tevanju vseh mo\u017enosti dose\u017eemo kot 45 stopinj in za spanje uporabimo potovalni vzglavnik. V tem enotedenskem obdobju morate le\u017eati pod kotom 45 stopinj, ne da bi pritiskali na obmo\u010dje presajenih las.<\/p>\n<h2><strong>Le\u017eanje na boku po presaditvi las?<\/strong><\/h2>\n<p>Po presaditvi las ni priporo\u010dljivo le\u017eati na boku, saj to povzro\u010di otekanje glave in obraza. Po preteku prvih 10 dni pa lahko z zdravnikovo odobritvijo le\u017eite na boku. Pri presaditvi las, \u010de je donorsko obmo\u010dje tilnik, lahko le\u017eite na boku z dvignjenim vzglavnikom.<\/p>\n<h3><strong>Uporaba medicinskih blazin in postelj po presaditvi las<\/strong><\/h3>\n<p>Po operaciji presaditve las se pojavijo te\u017eave, saj sta motena spalni vzorec in oblika ljudi. Pri tem je priporo\u010dljiva uporaba medicinskih blazin in le\u017ei\u0161\u010d. Razlog za to so bole\u010dine v predelu glave, vratu in hrbta, ki nastanejo zaradi spreminjanja polo\u017eaja med spanjem, medicinski vzglavnik in le\u017ei\u0161\u010de pa te bole\u010dine zmanj\u0161ata na minimum.<\/p>\n<h2><strong>Kak\u0161ni so previdnostni ukrepi pred spanjem po presaditvi las?<\/strong><\/h2>\n<ol>\n<li>Pripraviti je treba pravilen in na\u010delen na\u010drt spanja, saj \u010deprav presaditev las z lokalno anestezijo ni bole\u010d postopek, lahko va\u0161e telo zaradi dolgotrajnega okrevanja izgubi odpornost in se proces zdravljenja podalj\u0161a, \u010de ne morete u\u010dinkovito spati.<\/li>\n<li>Bodite pozorni na higieno prostora, kjer spite; Po operaciji presaditve las so odprti kanali, tudi \u010de so zelo majhni, v obliki odprtih ran, zato je pomembno, da se ta prostor ne oku\u017ei.<\/li>\n<li>Na blazinah je treba uporabiti \u010disto krpo ali brisa\u010do; Po operaciji presaditve las lahko pride do krvavitve ali izcedka iz ran na presajenih mestih. Da bi to prepre\u010dili, lahko na blazine polo\u017eite brisa\u010do ali krpo.<\/li>\n<li>Izogibajte se stiku presajenega dela las z vzglavnikom; pritisk, ki se pojavi ob tem stiku, lahko prepre\u010di, da bi se semena lasnih me\u0161i\u010dkov pritrdila na presajeni del las.<\/li>\n<\/ol>\n<h2><strong>Kdaj lahko normalno spite po presaditvi las?<\/strong><\/h2>\n<p>To, da lahko po operaciji presaditve las normalno spite, je v veliki meri odvisno od delovanja va\u0161ega telesa pri celjenju ran, zato se ta \u010das pri posameznikih lahko razlikuje. \u010ce boste pri tem upo\u0161tevali priporo\u010dila zdravnika in opravili potrebno nego, se bo to obdobje skraj\u0161alo.<\/p>\n<p>Prvih 10 dni po presaditvi las je najpomembnej\u0161e obdobje procesa. Tudi \u010de imate pri tem desetdnevnem postopku te\u017eave, je najbolje, da poslu\u0161ate nasvet zdravnika in le\u017eite na hrbtu pod kotom 45 stopinj.<\/p>\n<p>\u010ce v celoti upo\u0161tevate zdravnikova priporo\u010dila in v 10 dneh le\u017eite pod priporo\u010denim kotom 45 stopinj, \u010de je stopnja okrevanja pod nadzorom specialista potrebna, lahko z odobritvijo zdravnika preidete na obi\u010dajen polo\u017eaj za spanje. Od vas je odvisno, ali bo to obdobje skraj\u0161ano ali podalj\u0161ano.<\/p>\n\t\t\t\t\t\t\t\t<\/div>\n\t\t\t\t<\/div>\n\t\t\t\t\t<\/div>\n\t\t<\/div>\n\t\t\t\t\t<\/div>\n\t\t<\/section>\n\t\t\t\t<\/div>\n\t\t","protected":false},"excerpt":{"rendered":"<p>Presaditev las med spanjem Spanje po presaditvi las Metoda presaditve las predstavlja trajno re\u0161itev za ljudi, ki se soo\u010dajo z izpadanjem las. Ljudje se velikokrat spra\u0161ujejo o presaditvi las. Eden od njih je polo\u017eaj za spanje po presaditvi las. Prva faza po operaciji presaditve las je proces celjenja, pri \u010demer je pomembno desetdnevno obdobje. V [&hellip;]<\/p>\n","protected":false},"author":1,"featured_media":0,"parent":0,"menu_order":0,"comment_status":"closed","ping_status":"closed","template":"","meta":{"footnotes":""},"class_list":["post-2448","page","type-page","status-publish","hentry"],"_links":{"self":[{"href":"https:\/\/serpilasamhairclinic.com\/sl\/wp-json\/wp\/v2\/pages\/2448","targetHints":{"allow":["GET"]}}],"collection":[{"href":"https:\/\/serpilasamhairclinic.com\/sl\/wp-json\/wp\/v2\/pages"}],"about":[{"href":"https:\/\/serpilasamhairclinic.com\/sl\/wp-json\/wp\/v2\/types\/page"}],"author":[{"embeddable":true,"href":"https:\/\/serpilasamhairclinic.com\/sl\/wp-json\/wp\/v2\/users\/1"}],"replies":[{"embeddable":true,"href":"https:\/\/serpilasamhairclinic.com\/sl\/wp-json\/wp\/v2\/comments?post=2448"}],"version-history":[{"count":0,"href":"https:\/\/serpilasamhairclinic.com\/sl\/wp-json\/wp\/v2\/pages\/2448\/revisions"}],"wp:attachment":[{"href":"https:\/\/serpilasamhairclinic.com\/sl\/wp-json\/wp\/v2\/media?parent=2448"}],"curies":[{"name":"wp","href":"https:\/\/api.w.org\/{rel}","templated":true}]}}