{"id":2439,"date":"2022-03-11T06:31:58","date_gmt":"2022-03-11T06:31:58","guid":{"rendered":"https:\/\/serpilasamhairclinic.com\/dhi-presaditev-las\/"},"modified":"2022-11-02T08:04:42","modified_gmt":"2022-11-02T08:04:42","slug":"dhi-presaditev-las","status":"publish","type":"page","link":"https:\/\/serpilasamhairclinic.com\/sl\/dhi-presaditev-las\/","title":{"rendered":"DHI presaditev las"},"content":{"rendered":"\t\t<div data-elementor-type=\"wp-page\" data-elementor-id=\"2439\" class=\"elementor elementor-2439 elementor-1103\" data-elementor-post-type=\"page\">\n\t\t\t\t\t\t<section class=\"elementor-section elementor-top-section elementor-element elementor-element-2c1131e elementor-section-boxed elementor-section-height-default elementor-section-height-default\" data-id=\"2c1131e\" data-element_type=\"section\" data-e-type=\"section\" data-settings=\"{&quot;background_background&quot;:&quot;classic&quot;}\">\n\t\t\t\t\t\t<div class=\"elementor-container elementor-column-gap-default\">\n\t\t\t\t\t<div class=\"elementor-column elementor-col-100 elementor-top-column elementor-element elementor-element-b7c6070\" data-id=\"b7c6070\" data-element_type=\"column\" data-e-type=\"column\">\n\t\t\t<div class=\"elementor-widget-wrap elementor-element-populated\">\n\t\t\t\t\t\t<div class=\"elementor-element elementor-element-6d48f61 elementor-widget elementor-widget-heading\" data-id=\"6d48f61\" data-element_type=\"widget\" data-e-type=\"widget\" data-widget_type=\"heading.default\">\n\t\t\t\t<div class=\"elementor-widget-container\">\n\t\t\t\t\t<h1 class=\"elementor-heading-title elementor-size-default\">DHI presaditev las<\/h1>\t\t\t\t<\/div>\n\t\t\t\t<\/div>\n\t\t\t\t\t<\/div>\n\t\t<\/div>\n\t\t\t\t\t<\/div>\n\t\t<\/section>\n\t\t\t\t<section class=\"elementor-section elementor-top-section elementor-element elementor-element-af4e8b8 elementor-section-boxed elementor-section-height-default elementor-section-height-default\" data-id=\"af4e8b8\" data-element_type=\"section\" data-e-type=\"section\">\n\t\t\t\t\t\t<div class=\"elementor-container elementor-column-gap-default\">\n\t\t\t\t\t<div class=\"elementor-column elementor-col-50 elementor-top-column elementor-element elementor-element-cc94c6d\" data-id=\"cc94c6d\" data-element_type=\"column\" data-e-type=\"column\">\n\t\t\t<div class=\"elementor-widget-wrap elementor-element-populated\">\n\t\t\t\t\t\t<div class=\"elementor-element elementor-element-7ff20f8 elementor-widget elementor-widget-image\" data-id=\"7ff20f8\" data-element_type=\"widget\" data-e-type=\"widget\" data-widget_type=\"image.default\">\n\t\t\t\t<div class=\"elementor-widget-container\">\n\t\t\t\t\t\t\t\t\t\t\t\t\t\t\t<img fetchpriority=\"high\" decoding=\"async\" width=\"800\" height=\"480\" src=\"https:\/\/serpilasamhairclinic.com\/wp-content\/uploads\/2022\/02\/hair-transplant-sa-1-1024x615.jpg\" class=\"attachment-large size-large wp-image-2353\" alt=\"\" srcset=\"https:\/\/serpilasamhairclinic.com\/wp-content\/uploads\/2022\/02\/hair-transplant-sa-1-1024x615.jpg 1024w, https:\/\/serpilasamhairclinic.com\/wp-content\/uploads\/2022\/02\/hair-transplant-sa-1-300x180.jpg 300w, https:\/\/serpilasamhairclinic.com\/wp-content\/uploads\/2022\/02\/hair-transplant-sa-1-768x461.jpg 768w, https:\/\/serpilasamhairclinic.com\/wp-content\/uploads\/2022\/02\/hair-transplant-sa-1-1536x922.jpg 1536w, https:\/\/serpilasamhairclinic.com\/wp-content\/uploads\/2022\/02\/hair-transplant-sa-1.jpg 1800w\" sizes=\"(max-width: 800px) 100vw, 800px\" title=\"\">\t\t\t\t\t\t\t\t\t\t\t\t\t\t\t<\/div>\n\t\t\t\t<\/div>\n\t\t\t\t\t<\/div>\n\t\t<\/div>\n\t\t\t\t<div class=\"elementor-column elementor-col-50 elementor-top-column elementor-element elementor-element-5a7d9ee\" data-id=\"5a7d9ee\" data-element_type=\"column\" data-e-type=\"column\">\n\t\t\t<div class=\"elementor-widget-wrap elementor-element-populated\">\n\t\t\t\t\t\t<div class=\"elementor-element elementor-element-ea7f270 elementor-widget elementor-widget-image\" data-id=\"ea7f270\" data-element_type=\"widget\" data-e-type=\"widget\" data-widget_type=\"image.default\">\n\t\t\t\t<div class=\"elementor-widget-container\">\n\t\t\t\t\t\t\t\t\t\t\t\t\t\t\t<img decoding=\"async\" width=\"800\" height=\"480\" src=\"https:\/\/serpilasamhairclinic.com\/wp-content\/uploads\/2022\/02\/hair-transplant-sa-1024x615.jpg\" class=\"attachment-large size-large wp-image-2352\" alt=\"\" srcset=\"https:\/\/serpilasamhairclinic.com\/wp-content\/uploads\/2022\/02\/hair-transplant-sa-1024x615.jpg 1024w, https:\/\/serpilasamhairclinic.com\/wp-content\/uploads\/2022\/02\/hair-transplant-sa-300x180.jpg 300w, https:\/\/serpilasamhairclinic.com\/wp-content\/uploads\/2022\/02\/hair-transplant-sa-768x461.jpg 768w, https:\/\/serpilasamhairclinic.com\/wp-content\/uploads\/2022\/02\/hair-transplant-sa-1536x922.jpg 1536w, https:\/\/serpilasamhairclinic.com\/wp-content\/uploads\/2022\/02\/hair-transplant-sa.jpg 1800w\" sizes=\"(max-width: 800px) 100vw, 800px\" title=\"\">\t\t\t\t\t\t\t\t\t\t\t\t\t\t\t<\/div>\n\t\t\t\t<\/div>\n\t\t\t\t\t<\/div>\n\t\t<\/div>\n\t\t\t\t\t<\/div>\n\t\t<\/section>\n\t\t\t\t<section class=\"elementor-section elementor-top-section elementor-element elementor-element-632af8c elementor-section-boxed elementor-section-height-default elementor-section-height-default\" data-id=\"632af8c\" data-element_type=\"section\" data-e-type=\"section\" id=\"estetik\" data-settings=\"{&quot;background_background&quot;:&quot;classic&quot;}\">\n\t\t\t\t\t\t<div class=\"elementor-container elementor-column-gap-default\">\n\t\t\t\t\t<div class=\"elementor-column elementor-col-100 elementor-top-column elementor-element elementor-element-45c92d73\" data-id=\"45c92d73\" data-element_type=\"column\" data-e-type=\"column\">\n\t\t\t<div class=\"elementor-widget-wrap elementor-element-populated\">\n\t\t\t\t\t\t<div class=\"elementor-element elementor-element-74b40ae elementor-widget elementor-widget-text-editor\" data-id=\"74b40ae\" data-element_type=\"widget\" data-e-type=\"widget\" data-widget_type=\"text-editor.default\">\n\t\t\t\t<div class=\"elementor-widget-container\">\n\t\t\t\t\t\t\t\t\t<h2><strong>Transplantacija las Dhi (neposredna implantacija las)<\/strong><\/h2>\n<p><strong>Do izpadanja las prihaja<\/strong> zaradi razlogov, kot so stres, genetski dejavniki, nizka kakovost \u017eivljenja in neustrezna prehrana od preteklosti do danes. \u010ceprav se zdi, da gre po splo\u0161ni presoji za zdravstveno in estetsko te\u017eavo mo\u0161kih, je izpadanje las pogosta te\u017eava tudi pri \u017eenskah. Danes se zaradi medicinskega in tehnolo\u0161kega razvoja izpadanje las re\u0161uje z razli\u010dnimi metodami.<\/p>\n<p>Eden od njih je <strong>presaditev las DHI <\/strong>, &#8220;neposredni lasni vsadek&#8221;.<\/p>\n<h2><strong>Kaj je presaditev las Dhi?<\/strong><\/h2>\n<p><strong>DHI presaditev las<\/strong> se imenuje neposredni vsadki za lase. Ta metoda je primernej\u0161a, ker je udobnej\u0161a od drugih metod presaditve las.<\/p>\n<h2><strong>Kaj je medicinsko pero Cho\u0131?<\/strong><\/h2>\n<p><strong>Medicinsko pero Choi<\/strong> je zelo tanek in koni\u010dast medicinski pripomo\u010dek, ki zaradi svoje posebne strukture lasne me\u0161i\u010dke postavi na medicinsko pero Choi in jih nato presadi s pritiskom na posebno obmo\u010dje za njim na enak na\u010din, brez kakr\u0161nih koli rezov.<\/p>\n<h2><strong>Priprave pred presaditvijo las Dhi?<\/strong><\/h2>\n<ul>\n<li>Pred operacijo presaditve las je treba prekiniti jemanje zdravil za red\u010denje krvi.<\/li>\n<li>Nekaj dni pred operacijo je treba prenehati u\u017eivati alkohol in kaditi.<\/li>\n<li>Kliniko je treba obvestiti o alergijah, kroni\u010dnih boleznih in zdravilih, ki se uporabljajo stalno.<\/li>\n<li>Pred presaditvijo las se morajo \u017eenske izogibati postopkom, kot sta barvanje las in uporaba kane.<\/li>\n<li>\u010ce se na lasi\u0161\u010du pojavi ekcem ali podobne bolezni, mora specialista zdraviti dermatolog.<\/li>\n<\/ul>\n<h2><strong>Katere so faze presaditve las Dhi?<\/strong><\/h2>\n<ul>\n<li>Strokovnjak dolo\u010di obmo\u010dje, ki ga je treba zasaditi, in izdela potreben na\u010drt.<\/li>\n<li>Po dolo\u010ditvi donorskega obmo\u010dja se uporabi lokalna anestezija, ki sprosti lasne me\u0161i\u010dke na tem obmo\u010dju.<\/li>\n<li>Semena zdravih lasnih me\u0161i\u010dkov se odvzamejo pod pravim kotom s podro\u010dja, kjer je uporabljena lokalna anestezija.<\/li>\n<li>Po vstavitvi zdravih semen v posebno pisalo choi se na ple\u0161asto podro\u010dje polo\u017eijo semena zdravih lasnih korenin.<\/li>\n<li>DHI presaditev las mora opraviti strokovni ljudje, ki je strokovnjak za ta postopek.<\/li>\n<li>Po kon\u010dani setvi se opravi kontrolni pregled po prvem dnevu po postopku, tako kot pri drugih metodah. Umivanje se opravi drugi dan.<\/li>\n<\/ul>\n<h2><strong>Priporo\u010dila po presaditvi las Dhi<\/strong><\/h2>\n<p>V obdobju rasti las po <strong>presaditvi<\/strong> las ne smete u\u017eivati alkohola in cigaret.<\/p>\n<ul>\n<li>Na presajeno obmo\u010dje nikakor ne smete pritiskati.<\/li>\n<li>Pri le\u017eanju je treba biti previden, pripomo\u010dkov, kot so klobuki in \u0161ali, pa se ne sme uporabljati, razen po priporo\u010dilu zdravnika.<\/li>\n<li>Predpisana zdravila je treba uporabiti v celoti.<\/li>\n<li>Su\u0161ilnika za lase ne smete uporabljati, dokler vam tega ne odobri zdravnik.<\/li>\n<li>Dokler vam zdravnik ne odobri, ne smete izvajati te\u017ekih vaj in napornih \u0161portnih dejavnosti, jesti morate sadje in zelenjavo ter u\u017eivati veliko vode.<\/li>\n<\/ul>\n<h2><strong>Kako dolgo traja \u010das zdravljenja presaditve las Dhi?<\/strong><\/h2>\n<p>\u010cas okrevanja po <strong>presaditvi las DHI<\/strong> je veliko kraj\u0161i kot pri drugih metodah. Pri metodi presaditve las dh\u0131 je pacient odpu\u0161\u010den \u0161e isti dan. Dan po operaciji se bo bolnik lahko vrnil na delo.<\/p>\n<p>Po operaciji bodo semena zrasla v 10 dneh, nato bodo v dveh mesecih nekatera semena za\u010dela padati, kar je v tej fazi normalno, po tretjem mesecu pa bodo semena za\u010dela rasti.<\/p>\n<p>Po presaditvi las je \u010das, potreben za dokon\u010danje faz presaditve las, pribli\u017eno 12 mesecev, ob koncu tega postopka pa imate prilo\u017enost jasno videti kon\u010dno stanje svojih las.<\/p>\n<h2><strong>Kak\u0161ne so prednosti presaditve las Dhi?<\/strong><\/h2>\n<ul>\n<li>Kdo ne \u017eeli obriti svoje lase, zlasti \u017eenske, ta metoda je bolj\u0161a.<\/li>\n<li>Zaradi posebnega <strong>medicinskega peresa cho\u0131<\/strong> je \u010das zdravljenja kraj\u0161i, saj se rezi in kanali ne odpirajo kot pri drugih metodah.<\/li>\n<li>Ker rez in kanali za sajenje niso odprti in je obmo\u010dje, ki ga je treba obdelati, bolj zdravo, se lahko uporablja pogostej\u0161e sajenje, ki v naslednji fazi zagotavlja intenzivnej\u0161i in estetski videz.<\/li>\n<li>Ker pri metodi presaditve dh\u0131 ha\u0131r ni britja in rezov, imajo presajeni hitrej\u0161i in udobnej\u0161i proces okrevanja.<\/li>\n<li>To je alternativna metoda, da se ne brijejo, zlasti za \u017eenske, ki si ne \u017eelijo obriti glave.<\/li>\n<\/ul>\n<h2><strong>Kdo so ljudje, ki ne morejo imeti presaditve las Dhi?<\/strong><\/h2>\n<p>Ljudje, ki ne morejo imeti presaditve las dh\u0131, so tisti, ki imajo dolo\u010dene bolezni. <strong>Presaditev las<\/strong> se ne izvaja pri bolnikih s temi boleznimi: hepatitis c, a\u0131ds, li\u0161aji, psevdopelado.<\/p>\n<p>Druge osebe, pri katerih ni mogo\u010de opraviti presaditve las dh\u0131, so kroni\u010dni bolniki, ki niso dosegli dolo\u010dene stopnje, ter bolniki s krvnim tlakom in sladkorno boleznijo, ki nimajo zdravni\u0161kega glasu.<\/p>\n<p>Ker je presaditev las postopek, ki se izvaja z lastnimi semeni lasnih me\u0161i\u010dkov, <strong>presaditve las<\/strong> ni mogo\u010de izvesti pri ljudeh, ki nimajo dovolj zdravih semen lasnih me\u0161i\u010dkov.<\/p>\n<p>Metoda <strong>presajanja las DHI<\/strong> ni priporo\u010dljiva za ljudi, ki so pred tem opravili ve\u010d kot 3 operacije presajanja las in niso dosegli rezultatov.<\/p>\n<p> <strong>Presaditev las<\/strong> ni dovoljena tudi osebam, mlaj\u0161im od 18 let.<\/p>\n\t\t\t\t\t\t\t\t<\/div>\n\t\t\t\t<\/div>\n\t\t\t\t\t<\/div>\n\t\t<\/div>\n\t\t\t\t\t<\/div>\n\t\t<\/section>\n\t\t\t\t<\/div>\n\t\t","protected":false},"excerpt":{"rendered":"<p>DHI presaditev las Transplantacija las Dhi (neposredna implantacija las) Do izpadanja las prihaja zaradi razlogov, kot so stres, genetski dejavniki, nizka kakovost \u017eivljenja in neustrezna prehrana od preteklosti do danes. \u010ceprav se zdi, da gre po splo\u0161ni presoji za zdravstveno in estetsko te\u017eavo mo\u0161kih, je izpadanje las pogosta te\u017eava tudi pri \u017eenskah. Danes se zaradi [&hellip;]<\/p>\n","protected":false},"author":1,"featured_media":0,"parent":0,"menu_order":0,"comment_status":"closed","ping_status":"closed","template":"","meta":{"footnotes":""},"class_list":["post-2439","page","type-page","status-publish","hentry"],"_links":{"self":[{"href":"https:\/\/serpilasamhairclinic.com\/sl\/wp-json\/wp\/v2\/pages\/2439","targetHints":{"allow":["GET"]}}],"collection":[{"href":"https:\/\/serpilasamhairclinic.com\/sl\/wp-json\/wp\/v2\/pages"}],"about":[{"href":"https:\/\/serpilasamhairclinic.com\/sl\/wp-json\/wp\/v2\/types\/page"}],"author":[{"embeddable":true,"href":"https:\/\/serpilasamhairclinic.com\/sl\/wp-json\/wp\/v2\/users\/1"}],"replies":[{"embeddable":true,"href":"https:\/\/serpilasamhairclinic.com\/sl\/wp-json\/wp\/v2\/comments?post=2439"}],"version-history":[{"count":0,"href":"https:\/\/serpilasamhairclinic.com\/sl\/wp-json\/wp\/v2\/pages\/2439\/revisions"}],"wp:attachment":[{"href":"https:\/\/serpilasamhairclinic.com\/sl\/wp-json\/wp\/v2\/media?parent=2439"}],"curies":[{"name":"wp","href":"https:\/\/api.w.org\/{rel}","templated":true}]}}