{"id":2438,"date":"2022-03-17T10:12:37","date_gmt":"2022-03-17T10:12:37","guid":{"rendered":"https:\/\/serpilasamhairclinic.com\/presaditev-las-brez-goleni\/"},"modified":"2022-11-02T08:04:35","modified_gmt":"2022-11-02T08:04:35","slug":"presaditev-las-brez-goleni","status":"publish","type":"page","link":"https:\/\/serpilasamhairclinic.com\/sl\/presaditev-las-brez-goleni\/","title":{"rendered":"Presaditev las brez goleni"},"content":{"rendered":"\t\t<div data-elementor-type=\"wp-page\" data-elementor-id=\"2438\" class=\"elementor elementor-2438 elementor-1160\" data-elementor-post-type=\"page\">\n\t\t\t\t\t\t<section class=\"elementor-section elementor-top-section elementor-element elementor-element-2c1131e elementor-section-boxed elementor-section-height-default elementor-section-height-default\" data-id=\"2c1131e\" data-element_type=\"section\" data-e-type=\"section\" data-settings=\"{&quot;background_background&quot;:&quot;classic&quot;}\">\n\t\t\t\t\t\t<div class=\"elementor-container elementor-column-gap-default\">\n\t\t\t\t\t<div class=\"elementor-column elementor-col-100 elementor-top-column elementor-element elementor-element-b7c6070\" data-id=\"b7c6070\" data-element_type=\"column\" data-e-type=\"column\">\n\t\t\t<div class=\"elementor-widget-wrap elementor-element-populated\">\n\t\t\t\t\t\t<div class=\"elementor-element elementor-element-6d48f61 elementor-widget elementor-widget-heading\" data-id=\"6d48f61\" data-element_type=\"widget\" data-e-type=\"widget\" data-widget_type=\"heading.default\">\n\t\t\t\t<div class=\"elementor-widget-container\">\n\t\t\t\t\t<h1 class=\"elementor-heading-title elementor-size-default\">Presaditev las brez goleni<\/h1>\t\t\t\t<\/div>\n\t\t\t\t<\/div>\n\t\t\t\t\t<\/div>\n\t\t<\/div>\n\t\t\t\t\t<\/div>\n\t\t<\/section>\n\t\t\t\t<section class=\"elementor-section elementor-top-section elementor-element elementor-element-af4e8b8 elementor-section-boxed elementor-section-height-default elementor-section-height-default\" data-id=\"af4e8b8\" data-element_type=\"section\" data-e-type=\"section\">\n\t\t\t\t\t\t<div class=\"elementor-container elementor-column-gap-default\">\n\t\t\t\t\t<div class=\"elementor-column elementor-col-50 elementor-top-column elementor-element elementor-element-cc94c6d\" data-id=\"cc94c6d\" data-element_type=\"column\" data-e-type=\"column\">\n\t\t\t<div class=\"elementor-widget-wrap elementor-element-populated\">\n\t\t\t\t\t\t<div class=\"elementor-element elementor-element-7ff20f8 elementor-widget elementor-widget-image\" data-id=\"7ff20f8\" data-element_type=\"widget\" data-e-type=\"widget\" data-widget_type=\"image.default\">\n\t\t\t\t<div class=\"elementor-widget-container\">\n\t\t\t\t\t\t\t\t\t\t\t\t\t\t\t<img fetchpriority=\"high\" decoding=\"async\" width=\"800\" height=\"480\" src=\"https:\/\/serpilasamhairclinic.com\/wp-content\/uploads\/2022\/02\/serpil-asam-hair-transplant-slider-1024x615.jpg\" class=\"attachment-large size-large wp-image-2363\" alt=\"\" srcset=\"https:\/\/serpilasamhairclinic.com\/wp-content\/uploads\/2022\/02\/serpil-asam-hair-transplant-slider-1024x615.jpg 1024w, https:\/\/serpilasamhairclinic.com\/wp-content\/uploads\/2022\/02\/serpil-asam-hair-transplant-slider-300x180.jpg 300w, https:\/\/serpilasamhairclinic.com\/wp-content\/uploads\/2022\/02\/serpil-asam-hair-transplant-slider-768x461.jpg 768w, https:\/\/serpilasamhairclinic.com\/wp-content\/uploads\/2022\/02\/serpil-asam-hair-transplant-slider-1536x922.jpg 1536w, https:\/\/serpilasamhairclinic.com\/wp-content\/uploads\/2022\/02\/serpil-asam-hair-transplant-slider.jpg 1800w\" sizes=\"(max-width: 800px) 100vw, 800px\" title=\"\">\t\t\t\t\t\t\t\t\t\t\t\t\t\t\t<\/div>\n\t\t\t\t<\/div>\n\t\t\t\t\t<\/div>\n\t\t<\/div>\n\t\t\t\t<div class=\"elementor-column elementor-col-50 elementor-top-column elementor-element elementor-element-5a7d9ee\" data-id=\"5a7d9ee\" data-element_type=\"column\" data-e-type=\"column\">\n\t\t\t<div class=\"elementor-widget-wrap elementor-element-populated\">\n\t\t\t\t\t\t<div class=\"elementor-element elementor-element-ea7f270 elementor-widget elementor-widget-image\" data-id=\"ea7f270\" data-element_type=\"widget\" data-e-type=\"widget\" data-widget_type=\"image.default\">\n\t\t\t\t<div class=\"elementor-widget-container\">\n\t\t\t\t\t\t\t\t\t\t\t\t\t\t\t<img decoding=\"async\" width=\"800\" height=\"480\" src=\"https:\/\/serpilasamhairclinic.com\/wp-content\/uploads\/2022\/02\/hair-transplant-sa-1024x615.jpg\" class=\"attachment-large size-large wp-image-2352\" alt=\"\" srcset=\"https:\/\/serpilasamhairclinic.com\/wp-content\/uploads\/2022\/02\/hair-transplant-sa-1024x615.jpg 1024w, https:\/\/serpilasamhairclinic.com\/wp-content\/uploads\/2022\/02\/hair-transplant-sa-300x180.jpg 300w, https:\/\/serpilasamhairclinic.com\/wp-content\/uploads\/2022\/02\/hair-transplant-sa-768x461.jpg 768w, https:\/\/serpilasamhairclinic.com\/wp-content\/uploads\/2022\/02\/hair-transplant-sa-1536x922.jpg 1536w, https:\/\/serpilasamhairclinic.com\/wp-content\/uploads\/2022\/02\/hair-transplant-sa.jpg 1800w\" sizes=\"(max-width: 800px) 100vw, 800px\" title=\"\">\t\t\t\t\t\t\t\t\t\t\t\t\t\t\t<\/div>\n\t\t\t\t<\/div>\n\t\t\t\t\t<\/div>\n\t\t<\/div>\n\t\t\t\t\t<\/div>\n\t\t<\/section>\n\t\t\t\t<section class=\"elementor-section elementor-top-section elementor-element elementor-element-632af8c elementor-section-boxed elementor-section-height-default elementor-section-height-default\" data-id=\"632af8c\" data-element_type=\"section\" data-e-type=\"section\" id=\"estetik\" data-settings=\"{&quot;background_background&quot;:&quot;classic&quot;}\">\n\t\t\t\t\t\t<div class=\"elementor-container elementor-column-gap-default\">\n\t\t\t\t\t<div class=\"elementor-column elementor-col-100 elementor-top-column elementor-element elementor-element-45c92d73\" data-id=\"45c92d73\" data-element_type=\"column\" data-e-type=\"column\">\n\t\t\t<div class=\"elementor-widget-wrap elementor-element-populated\">\n\t\t\t\t\t\t<div class=\"elementor-element elementor-element-74b40ae elementor-widget elementor-widget-text-editor\" data-id=\"74b40ae\" data-element_type=\"widget\" data-e-type=\"widget\" data-widget_type=\"text-editor.default\">\n\t\t\t\t<div class=\"elementor-widget-container\">\n\t\t\t\t\t\t\t\t\t<h2><strong>KAJ JE PRESADITEV NEOBRITIH LAS?<\/strong><\/h2>\n<p><strong>Presaditev neobritih las<\/strong> je metoda presaditve las, pri kateri se obrije samo donorsko obmo\u010dje, ne da bi se obrili sprednji, stranski in zadnji deli las ali celotno pora\u0161\u010deno obmo\u010dje glave. Pri tej metodi strokovnjak dolo\u010di linijo las in donorsko obmo\u010dje ter ugotovi, ali je primerno za presaditev neobritih las. Ljudje z dolgimi lasmi imajo obi\u010dajno raje presaditev neobritih las. Obrito donorsko obmo\u010dje se zlahka prikrije s prekrivanjem dolgih las. Presaditev neobritih las Delno presaditev neobritih las folkularna un\u0131t extrus\u0131on<strong>(fue)<\/strong> in \u0131t se izvaja v dveh metodah kot d\u0131rect ha\u0131r transplant<strong>(dhi)<\/strong>.<\/p>\n<h2><strong>Kaj je metoda ekstrakcije folikularnih enot (fue)?<\/strong><\/h2>\n<p>To je ena od metod prenosa lasnih me\u0161i\u010dkov. Pri tej metodi se lasni me\u0161i\u010dki z mikrokirur\u0161kim posegom odvzamejo z dolo\u010denega donorskega obmo\u010dja in pripravijo za prenos na obmo\u010dje, ki ga je treba presaditi. Sestavljena je iz dveh stopenj, in sicer zbiranja in prenosa, v prvi stopnji zbiranja semen lasnih me\u0161i\u010dkov pa omogo\u010da zbiranje povpre\u010dno 2500-3500 semen lasnih me\u0161i\u010dkov.<\/p>\n<h2><strong>Kaj je metoda neposredne presaditve las (DHI)?<\/strong><\/h2>\n<p>V zadnjem \u010dasu je to metoda, ki primernim pacientom omogo\u010da presaditev las brez britja. Pri tej metodi s posebnim medicinskim peresom, imenovanim choi, vzamemo semena lasnih me\u0161i\u010dkov s podro\u010dja darovalca, ne da bi odprli kanal, in jih z istim medicinskim peresom pod ustreznim kotom in z rahlim pritiskom namestimo na podro\u010dje, ki ga \u017eelimo presaditi.<\/p>\n<h2><strong>KDO BI MORAL RAJE PRESADITI NEOBRITE LASE?<\/strong><\/h2>\n<p>Presaditev neobritih las je ena izmed najbolj za\u017eelenih metod. Zlasti pri \u017eenskah in dolgodlakih mo\u0161kih, ki se ne \u017eelijo stri\u010di. Ljudje, ki imajo raje presaditev neobritih las;<\/p>\n<ul>\n<li>Ljudje, pri katerih je pri\u0161lo do regionalnega izpadanja las zaradi kakr\u0161ne koli nesre\u010de.<\/li>\n<li>\u017denske, ki ne \u017eelijo, da so vsi njihovi lasje obrite.<\/li>\n<li>Mo\u0161ki z dolgimi lasmi \u017eelijo ple\u0161avost pokriti z dolgimi lasmi s presaditvijo neobritih ali delno obritih las.<\/li>\n<li>Tisti z redkimi lasmi in ne ple\u0161avostjo na vrhu glave.<\/li>\n<\/ul>\n<h2><strong>Kako se opravi presaditev neobritega lasi\u0161\u010da in kak\u0161ne so faze?<\/strong><\/h2>\n<ol>\n<li><strong>  Posvetovanje (pregled)<\/strong><\/li>\n<\/ol>\n<p>To je prva faza, v kateri se na\u010drtuje presaditev neobritih las. V tej fazi zdravnik posreduje potrebne informacije osebi, ki ji bo presadil lase, s pregledom in analizo pa ugotovi, ali je primerna za presaditev las. Ko je gotovo, da ni ovir za presaditev las, zdravnik dolo\u010di linijo las za presaditev neobritih las.<\/p>\n<ol start=\"2\">\n<li><strong>  Faza priprave<\/strong><\/li>\n<\/ol>\n<p>Na tej stopnji vse lase operemo in steriliziramo. Specialist dolo\u010di donorsko obmo\u010dje in ga anestezira z lokalno anestezijo.<\/p>\n<ol start=\"3\">\n<li><strong>  Zbiranje semen lasnih korenin (cepljenje)<\/strong><\/li>\n<\/ol>\n<p>Semena lasnih me\u0161i\u010dkov se za\u010dnejo zbirati na donorskem obmo\u010dju, ki se anestezira z lokalno anestezijo. \u0160tevilo semen lasnih me\u0161i\u010dkov, ki jih je treba odvzeti, se dolo\u010di v prvi fazi preiskave. Na splo\u0161no se za donorsko obmo\u010dje izberejo lasje na tilniku, saj so bolj odporni na izpadanje. Zbrana semena zdravih lasnih me\u0161i\u010dkov so pripravljena za prenos na obmo\u010dje, ki ga je treba posaditi.<\/p>\n<ol start=\"4\">\n<li><strong>4.<\/strong> <strong>Odpiranje kanalov<\/strong><\/li>\n<\/ol>\n<p>Semena lasnih me\u0161i\u010dkov, zbrana za presaditev las, morajo biti v isti smeri in globini kot lasje na obmo\u010dju, ki bo posajeno. Zato je treba kot odprtih kanalov odpreti v skladu s smerjo rasti las na obmo\u010dju, ki ga je treba presaditi. V tej fazi se prilagodi razdalja med kanali, kar je postopek, ki zahteva previdnost in lahko vpliva na postopek po setvi. Pri metodi DHI se ta postopek rezkanja ne izvaja, semena lasnih me\u0161i\u010dkov se zbirajo eno za drugim s posebnim peresom neposredno in se z istim peresom z rahlim pritiskom namestijo na obmo\u010dje presaditve las.<\/p>\n<ol start=\"5\">\n<li><strong>  Presaditev las<\/strong><\/li>\n<\/ol>\n<p>Ta faza je zadnja in najpomembnej\u0161a faza presaditve las. Zelo pomembno je, da so zbrana semena lasnih me\u0161i\u010dkov name\u0161\u010dena v odprte kanale pod pravim kotom. Zdravnik specialist namesti ustrezno \u0161tevilo semen lasnih me\u0161i\u010dkov v ustrezne kanale, kot je bilo na\u010drtovano, in opravi presaditev las.<\/p>\n<h2><strong>Prednosti presaditve nepora\u0161\u010denih las<\/strong><\/h2>\n<ol>\n<li>Oseba, ki je bila operirana, se bo lahko v kraj\u0161em \u010dasu vrnila k dru\u017eabnemu \u017eivljenju, saj je podro\u010dje, kjer je bila opravljena presaditev las, prekrito z drugimi lasmi, saj ni zelo o\u010ditno.<\/li>\n<li>Ker je donorsko obmo\u010dje pokrito z drugimi dolgimi lasmi, se po operaciji skorje hitreje zacelijo.<\/li>\n<li>Presaditev neobritih las je postopek, ki je bolj udoben z estetskega in psiholo\u0161kega vidika, zlasti pri \u017eenskah.<\/li>\n<li>Ker se pri presaditvi neobritih las uporabi manj semen lasnih me\u0161i\u010dkov (presadkov), je proces celjenja hitrej\u0161i.<\/li>\n<\/ol>\n\t\t\t\t\t\t\t\t<\/div>\n\t\t\t\t<\/div>\n\t\t\t\t\t<\/div>\n\t\t<\/div>\n\t\t\t\t\t<\/div>\n\t\t<\/section>\n\t\t\t\t<\/div>\n\t\t","protected":false},"excerpt":{"rendered":"<p>Presaditev las brez goleni KAJ JE PRESADITEV NEOBRITIH LAS? Presaditev neobritih las je metoda presaditve las, pri kateri se obrije samo donorsko obmo\u010dje, ne da bi se obrili sprednji, stranski in zadnji deli las ali celotno pora\u0161\u010deno obmo\u010dje glave. Pri tej metodi strokovnjak dolo\u010di linijo las in donorsko obmo\u010dje ter ugotovi, ali je primerno za [&hellip;]<\/p>\n","protected":false},"author":1,"featured_media":0,"parent":0,"menu_order":0,"comment_status":"closed","ping_status":"closed","template":"","meta":{"footnotes":""},"class_list":["post-2438","page","type-page","status-publish","hentry"],"_links":{"self":[{"href":"https:\/\/serpilasamhairclinic.com\/sl\/wp-json\/wp\/v2\/pages\/2438","targetHints":{"allow":["GET"]}}],"collection":[{"href":"https:\/\/serpilasamhairclinic.com\/sl\/wp-json\/wp\/v2\/pages"}],"about":[{"href":"https:\/\/serpilasamhairclinic.com\/sl\/wp-json\/wp\/v2\/types\/page"}],"author":[{"embeddable":true,"href":"https:\/\/serpilasamhairclinic.com\/sl\/wp-json\/wp\/v2\/users\/1"}],"replies":[{"embeddable":true,"href":"https:\/\/serpilasamhairclinic.com\/sl\/wp-json\/wp\/v2\/comments?post=2438"}],"version-history":[{"count":0,"href":"https:\/\/serpilasamhairclinic.com\/sl\/wp-json\/wp\/v2\/pages\/2438\/revisions"}],"wp:attachment":[{"href":"https:\/\/serpilasamhairclinic.com\/sl\/wp-json\/wp\/v2\/media?parent=2438"}],"curies":[{"name":"wp","href":"https:\/\/api.w.org\/{rel}","templated":true}]}}