{"id":2434,"date":"2022-03-17T10:11:13","date_gmt":"2022-03-17T10:11:13","guid":{"rendered":"https:\/\/serpilasamhairclinic.com\/presaditev-las-sapphire\/"},"modified":"2022-11-02T08:04:34","modified_gmt":"2022-11-02T08:04:34","slug":"presaditev-las-sapphire","status":"publish","type":"page","link":"https:\/\/serpilasamhairclinic.com\/sl\/presaditev-las-sapphire\/","title":{"rendered":"Presaditev las Sapphire"},"content":{"rendered":"\t\t<div data-elementor-type=\"wp-page\" data-elementor-id=\"2434\" class=\"elementor elementor-2434 elementor-1155\" data-elementor-post-type=\"page\">\n\t\t\t\t\t\t<section class=\"elementor-section elementor-top-section elementor-element elementor-element-2c1131e elementor-section-boxed elementor-section-height-default elementor-section-height-default\" data-id=\"2c1131e\" data-element_type=\"section\" data-e-type=\"section\" data-settings=\"{&quot;background_background&quot;:&quot;classic&quot;}\">\n\t\t\t\t\t\t<div class=\"elementor-container elementor-column-gap-default\">\n\t\t\t\t\t<div class=\"elementor-column elementor-col-100 elementor-top-column elementor-element elementor-element-b7c6070\" data-id=\"b7c6070\" data-element_type=\"column\" data-e-type=\"column\">\n\t\t\t<div class=\"elementor-widget-wrap elementor-element-populated\">\n\t\t\t\t\t\t<div class=\"elementor-element elementor-element-6d48f61 elementor-widget elementor-widget-heading\" data-id=\"6d48f61\" data-element_type=\"widget\" data-e-type=\"widget\" data-widget_type=\"heading.default\">\n\t\t\t\t<div class=\"elementor-widget-container\">\n\t\t\t\t\t<h1 class=\"elementor-heading-title elementor-size-default\">Presaditev las Sapphire<\/h1>\t\t\t\t<\/div>\n\t\t\t\t<\/div>\n\t\t\t\t\t<\/div>\n\t\t<\/div>\n\t\t\t\t\t<\/div>\n\t\t<\/section>\n\t\t\t\t<section class=\"elementor-section elementor-top-section elementor-element elementor-element-af4e8b8 elementor-section-boxed elementor-section-height-default elementor-section-height-default\" data-id=\"af4e8b8\" data-element_type=\"section\" data-e-type=\"section\">\n\t\t\t\t\t\t<div class=\"elementor-container elementor-column-gap-default\">\n\t\t\t\t\t<div class=\"elementor-column elementor-col-50 elementor-top-column elementor-element elementor-element-cc94c6d\" data-id=\"cc94c6d\" data-element_type=\"column\" data-e-type=\"column\">\n\t\t\t<div class=\"elementor-widget-wrap elementor-element-populated\">\n\t\t\t\t\t\t<div class=\"elementor-element elementor-element-7ff20f8 elementor-widget elementor-widget-image\" data-id=\"7ff20f8\" data-element_type=\"widget\" data-e-type=\"widget\" data-widget_type=\"image.default\">\n\t\t\t\t<div class=\"elementor-widget-container\">\n\t\t\t\t\t\t\t\t\t\t\t\t\t\t\t<img fetchpriority=\"high\" decoding=\"async\" width=\"800\" height=\"480\" src=\"https:\/\/serpilasamhairclinic.com\/wp-content\/uploads\/2022\/02\/hair-transplant-sa-1-1024x615.jpg\" class=\"attachment-large size-large wp-image-2353\" alt=\"\" srcset=\"https:\/\/serpilasamhairclinic.com\/wp-content\/uploads\/2022\/02\/hair-transplant-sa-1-1024x615.jpg 1024w, https:\/\/serpilasamhairclinic.com\/wp-content\/uploads\/2022\/02\/hair-transplant-sa-1-300x180.jpg 300w, https:\/\/serpilasamhairclinic.com\/wp-content\/uploads\/2022\/02\/hair-transplant-sa-1-768x461.jpg 768w, https:\/\/serpilasamhairclinic.com\/wp-content\/uploads\/2022\/02\/hair-transplant-sa-1-1536x922.jpg 1536w, https:\/\/serpilasamhairclinic.com\/wp-content\/uploads\/2022\/02\/hair-transplant-sa-1.jpg 1800w\" sizes=\"(max-width: 800px) 100vw, 800px\" title=\"\">\t\t\t\t\t\t\t\t\t\t\t\t\t\t\t<\/div>\n\t\t\t\t<\/div>\n\t\t\t\t\t<\/div>\n\t\t<\/div>\n\t\t\t\t<div class=\"elementor-column elementor-col-50 elementor-top-column elementor-element elementor-element-5a7d9ee\" data-id=\"5a7d9ee\" data-element_type=\"column\" data-e-type=\"column\">\n\t\t\t<div class=\"elementor-widget-wrap elementor-element-populated\">\n\t\t\t\t\t\t<div class=\"elementor-element elementor-element-ea7f270 elementor-widget elementor-widget-image\" data-id=\"ea7f270\" data-element_type=\"widget\" data-e-type=\"widget\" data-widget_type=\"image.default\">\n\t\t\t\t<div class=\"elementor-widget-container\">\n\t\t\t\t\t\t\t\t\t\t\t\t\t\t\t<img decoding=\"async\" width=\"800\" height=\"480\" src=\"https:\/\/serpilasamhairclinic.com\/wp-content\/uploads\/2022\/02\/hair-transplant-sa-1024x615.jpg\" class=\"attachment-large size-large wp-image-2352\" alt=\"\" srcset=\"https:\/\/serpilasamhairclinic.com\/wp-content\/uploads\/2022\/02\/hair-transplant-sa-1024x615.jpg 1024w, https:\/\/serpilasamhairclinic.com\/wp-content\/uploads\/2022\/02\/hair-transplant-sa-300x180.jpg 300w, https:\/\/serpilasamhairclinic.com\/wp-content\/uploads\/2022\/02\/hair-transplant-sa-768x461.jpg 768w, https:\/\/serpilasamhairclinic.com\/wp-content\/uploads\/2022\/02\/hair-transplant-sa-1536x922.jpg 1536w, https:\/\/serpilasamhairclinic.com\/wp-content\/uploads\/2022\/02\/hair-transplant-sa.jpg 1800w\" sizes=\"(max-width: 800px) 100vw, 800px\" title=\"\">\t\t\t\t\t\t\t\t\t\t\t\t\t\t\t<\/div>\n\t\t\t\t<\/div>\n\t\t\t\t\t<\/div>\n\t\t<\/div>\n\t\t\t\t\t<\/div>\n\t\t<\/section>\n\t\t\t\t<section class=\"elementor-section elementor-top-section elementor-element elementor-element-632af8c elementor-section-boxed elementor-section-height-default elementor-section-height-default\" data-id=\"632af8c\" data-element_type=\"section\" data-e-type=\"section\" id=\"estetik\" data-settings=\"{&quot;background_background&quot;:&quot;classic&quot;}\">\n\t\t\t\t\t\t<div class=\"elementor-container elementor-column-gap-default\">\n\t\t\t\t\t<div class=\"elementor-column elementor-col-100 elementor-top-column elementor-element elementor-element-45c92d73\" data-id=\"45c92d73\" data-element_type=\"column\" data-e-type=\"column\">\n\t\t\t<div class=\"elementor-widget-wrap elementor-element-populated\">\n\t\t\t\t\t\t<div class=\"elementor-element elementor-element-74b40ae elementor-widget elementor-widget-text-editor\" data-id=\"74b40ae\" data-element_type=\"widget\" data-e-type=\"widget\" data-widget_type=\"text-editor.default\">\n\t\t\t\t<div class=\"elementor-widget-container\">\n\t\t\t\t\t\t\t\t\t<p>Danes se skupaj s tehnolo\u0161kim razvojem razvijajo tudi tehnike presajanja las, med katerimi je tudi metoda presajanja las Sapphire. Od leta 2001 se ta metoda pogosto uporablja po vsem svetu. Tehnika presajanja las s safirjem je znana kot metoda presajanja las Sapphire Fue, pri kateri se uporabljajo posebni instrumenti s safirnimi konicami. V nasprotju s splo\u0161nim prepri\u010danjem ti posebni instrumenti s safirno konico niso narejeni iz safirnega kamna. Safirna rezila so izdelana iz sinteti\u010dnega safirja (Al2O3 = aluminijev oksid) in so stokrat trpe\u017enej\u0161a od obi\u010dajnega jekla. Za presaditev las jih pripravijo v posebnih fazah, ki so popolne za operacije presaditve las.<\/p>\n<h2><strong>Kaj je presaditev las Sapphire?<\/strong><\/h2>\n<p>Z metodo presaditve las sapphire je mogo\u010de dose\u010di trajne rezultate pri izpadanju in red\u010denju las, ki so posledica genetskih dejavnikov in okoljskih dejavnikov pri mo\u0161kih in \u017eenskah od preteklosti do danes.<\/p>\n<p>Presaditev las s safirjem; gre za tehniko presaditve las z uporabo rezil s safirnimi konicami, ki se uporablja skupaj z metodo fue. Zaradi uporabljenih safirnih rezil, ker so odprti kanali bolj minimalni, je zdravljenje hitrej\u0161e pri enaki hitrosti.<\/p>\n<h2><strong>Katere so faze presaditve las Sapphire?<\/strong><\/h2>\n<ol>\n<li>Po odlo\u010ditvi za presaditev las s safirjem se najprej opravi celovit zdravni\u0161ki pregled.<\/li>\n<li>Po pregledih in testih se dolo\u010dita obmo\u010dje, ki ga je treba presaditi s safirjem, in donorsko obmo\u010dje. Nato se izri\u0161e lasna linija obmo\u010dja, ki ga je treba presaditi s safirnimi lasmi. Na tej stopnji se dolo\u010di povpre\u010dna koli\u010dina semen lasnih me\u0161i\u010dkov, ki jih je treba odvzeti, glede na \u0161irino obmo\u010dja, ki ga je treba prenesti.<\/li>\n<li>Obmo\u010dje, ki ga \u017eelimo presaditi s safirjem, in donorsko obmo\u010dje anestetiziramo z lokalno anestezijo.<\/li>\n<li>Pri presaditvi las s safirjem se semena lasnih me\u0161i\u010dkov (presadek) odvzamejo z donorskega obmo\u010dja z uporabo mikromotorjev z metodo fue.<\/li>\n<li>Semena lasnih me\u0161i\u010dkov, pridobljena s pomo\u010djo mikromotor\u010dkov, se previdno zberejo v enem delu.<\/li>\n<li>Po kon\u010danem postopku zbiranja lasnih me\u0161i\u010dkov se v naslednjem koraku z rezili s safirnimi konicami odprejo kanali z \u017eeleno bole\u010dino, smerjo in frekvenco na obmo\u010dju, ki ga je treba presaditi.<\/li>\n<li>V zadnjem koraku se semena lasnih me\u0161i\u010dkov, zbrana s pomo\u010djo mikromotor\u010dkov, namestijo v kanale, odprte z rezili s safirnimi konicami. Tako je presaditev las safirja kon\u010dana.<\/li>\n<\/ol>\n<h2><strong>Stvari, ki jih je treba upo\u0161tevati pred presaditvijo las Sapphire<\/strong><\/h2>\n<ul>\n<li>Pred presaditvijo safirnih las ne smete uporabljati zdravil za red\u010denje krvi.<\/li>\n<li>Kajenje in u\u017eivanje alkohola je treba prekiniti vsaj en teden pred presaditvijo las s safirjem.<\/li>\n<li>\u010ce imate kroni\u010dno bolezen ali zdravila, ki jih stalno uporabljate, morate o tem obvestiti svojega zdravnika.<\/li>\n<li>Pred operacijo presaditve las s safirjem se morate dobro spo\u010diti in spati.<\/li>\n<\/ul>\n<h2><strong>Stvari, ki jih je treba upo\u0161tevati po presaditvi las Sapphire<\/strong><\/h2>\n<ol>\n<li>Pred in po operaciji presaditve las s safirjem ne smete nositi tesno prilegajo\u010dih se obla\u010dil, saj lahko med obla\u010denjem po\u0161kodujete presajeno obmo\u010dje.<\/li>\n<li>Po presaditvi las s safirjem ne smete u\u017eivati alkohola in cigaret toliko \u010dasa, kot dolo\u010di zdravnik.<\/li>\n<li>Po operaciji morate zdravila, ki vam jih je dal zdravnik, uporabljati toliko \u010dasa, kot vam je priporo\u010dil zdravnik.<\/li>\n<li>Prvih 15 dni po operaciji presaditve safirnih las se ne smete izpostavljati soncu in se izogibati aktivnostim, kot so morje, tur\u0161ka kopel in savna.<\/li>\n<li>Pri le\u017eanju je treba biti previden in brez odobritve zdravnika ne smete uporabljati dodatkov, kot so klobuki, \u0161ali, rute.<\/li>\n<li>Po transplantaciji safirnih las ne smete z roko pritiskati na presajeno obmo\u010dje.<\/li>\n<li>Dokler vam zdravnik ne odobri, se ne smete bi\u010dati ali uporabljati toplotne obdelave, na primer su\u0161ilnika za lase.<\/li>\n<\/ol>\n<h2><strong>Nega las po presaditvi las Sapphire<\/strong><\/h2>\n<p>Po operaciji presaditve las s safirjem zdravnik obi\u010dajno opravi prvo pranje. V naslednji fazi, ko se izte\u010de \u010das, dolo\u010den s prostorom, lahko umivate s posebnim \u0161amponom, ki ga predpi\u0161e strokovnjak. Po presaditvi las s safirjem ne smete uporabljati nobenih drugih izdelkov, razen zdravil in krem, ki vam jih je priporo\u010dil zdravnik. Po transplantaciji safirnih las se ne priporo\u010da metoda britja brez \u0161karij. Glede na stopnjo okrevanja osebe se lahko brijete po priporo\u010dilu zdravnika. Med okrevanjem na laseh ne uporabljajte nobenih izdelkov za nego las in ne izvajajte nobenih postopkov, pri katerih bi bili izpostavljeni vro\u010dini.<\/p>\n<h2><strong>Kdo lahko opravi presaditev las Sapphire?<\/strong><\/h2>\n<p>Osebe, ki so primerne za presaditev safirnih las, dolo\u010dimo \u0161ele po celovitem pregledu. Poleg zdravja las in lasnih me\u0161i\u010dkov mora biti ugodno tudi va\u0161e splo\u0161no zdravje. Za presaditev las sapphire morate biti starej\u0161i od 18 let.<\/p>\n\t\t\t\t\t\t\t\t<\/div>\n\t\t\t\t<\/div>\n\t\t\t\t\t<\/div>\n\t\t<\/div>\n\t\t\t\t\t<\/div>\n\t\t<\/section>\n\t\t\t\t<\/div>\n\t\t","protected":false},"excerpt":{"rendered":"<p>Presaditev las Sapphire Danes se skupaj s tehnolo\u0161kim razvojem razvijajo tudi tehnike presajanja las, med katerimi je tudi metoda presajanja las Sapphire. Od leta 2001 se ta metoda pogosto uporablja po vsem svetu. Tehnika presajanja las s safirjem je znana kot metoda presajanja las Sapphire Fue, pri kateri se uporabljajo posebni instrumenti s safirnimi konicami. [&hellip;]<\/p>\n","protected":false},"author":1,"featured_media":0,"parent":0,"menu_order":0,"comment_status":"closed","ping_status":"closed","template":"","meta":{"footnotes":""},"class_list":["post-2434","page","type-page","status-publish","hentry"],"_links":{"self":[{"href":"https:\/\/serpilasamhairclinic.com\/sl\/wp-json\/wp\/v2\/pages\/2434","targetHints":{"allow":["GET"]}}],"collection":[{"href":"https:\/\/serpilasamhairclinic.com\/sl\/wp-json\/wp\/v2\/pages"}],"about":[{"href":"https:\/\/serpilasamhairclinic.com\/sl\/wp-json\/wp\/v2\/types\/page"}],"author":[{"embeddable":true,"href":"https:\/\/serpilasamhairclinic.com\/sl\/wp-json\/wp\/v2\/users\/1"}],"replies":[{"embeddable":true,"href":"https:\/\/serpilasamhairclinic.com\/sl\/wp-json\/wp\/v2\/comments?post=2434"}],"version-history":[{"count":0,"href":"https:\/\/serpilasamhairclinic.com\/sl\/wp-json\/wp\/v2\/pages\/2434\/revisions"}],"wp:attachment":[{"href":"https:\/\/serpilasamhairclinic.com\/sl\/wp-json\/wp\/v2\/media?parent=2434"}],"curies":[{"name":"wp","href":"https:\/\/api.w.org\/{rel}","templated":true}]}}