{"id":2433,"date":"2022-03-17T10:01:22","date_gmt":"2022-03-17T10:01:22","guid":{"rendered":"https:\/\/serpilasamhairclinic.com\/presaditev-las-fue\/"},"modified":"2022-11-02T08:04:44","modified_gmt":"2022-11-02T08:04:44","slug":"presaditev-las-fue","status":"publish","type":"page","link":"https:\/\/serpilasamhairclinic.com\/sl\/presaditev-las-fue\/","title":{"rendered":"Presaditev las FUE"},"content":{"rendered":"\t\t<div data-elementor-type=\"wp-page\" data-elementor-id=\"2433\" class=\"elementor elementor-2433 elementor-1130\" data-elementor-post-type=\"page\">\n\t\t\t\t\t\t<section class=\"elementor-section elementor-top-section elementor-element elementor-element-2c1131e elementor-section-boxed elementor-section-height-default elementor-section-height-default\" data-id=\"2c1131e\" data-element_type=\"section\" data-e-type=\"section\" data-settings=\"{&quot;background_background&quot;:&quot;classic&quot;}\">\n\t\t\t\t\t\t<div class=\"elementor-container elementor-column-gap-default\">\n\t\t\t\t\t<div class=\"elementor-column elementor-col-100 elementor-top-column elementor-element elementor-element-b7c6070\" data-id=\"b7c6070\" data-element_type=\"column\" data-e-type=\"column\">\n\t\t\t<div class=\"elementor-widget-wrap elementor-element-populated\">\n\t\t\t\t\t\t<div class=\"elementor-element elementor-element-6d48f61 elementor-widget elementor-widget-heading\" data-id=\"6d48f61\" data-element_type=\"widget\" data-e-type=\"widget\" data-widget_type=\"heading.default\">\n\t\t\t\t<div class=\"elementor-widget-container\">\n\t\t\t\t\t<h1 class=\"elementor-heading-title elementor-size-default\">Presaditev las FUE<\/h1>\t\t\t\t<\/div>\n\t\t\t\t<\/div>\n\t\t\t\t\t<\/div>\n\t\t<\/div>\n\t\t\t\t\t<\/div>\n\t\t<\/section>\n\t\t\t\t<section class=\"elementor-section elementor-top-section elementor-element elementor-element-af4e8b8 elementor-section-boxed elementor-section-height-default elementor-section-height-default\" data-id=\"af4e8b8\" data-element_type=\"section\" data-e-type=\"section\">\n\t\t\t\t\t\t<div class=\"elementor-container elementor-column-gap-default\">\n\t\t\t\t\t<div class=\"elementor-column elementor-col-50 elementor-top-column elementor-element elementor-element-cc94c6d\" data-id=\"cc94c6d\" data-element_type=\"column\" data-e-type=\"column\">\n\t\t\t<div class=\"elementor-widget-wrap elementor-element-populated\">\n\t\t\t\t\t\t<div class=\"elementor-element elementor-element-7ff20f8 elementor-widget elementor-widget-image\" data-id=\"7ff20f8\" data-element_type=\"widget\" data-e-type=\"widget\" data-widget_type=\"image.default\">\n\t\t\t\t<div class=\"elementor-widget-container\">\n\t\t\t\t\t\t\t\t\t\t\t\t\t\t\t<img fetchpriority=\"high\" decoding=\"async\" width=\"800\" height=\"480\" src=\"https:\/\/serpilasamhairclinic.com\/wp-content\/uploads\/2022\/02\/hair-transplant-sa-1-1024x615.jpg\" class=\"attachment-large size-large wp-image-2353\" alt=\"\" srcset=\"https:\/\/serpilasamhairclinic.com\/wp-content\/uploads\/2022\/02\/hair-transplant-sa-1-1024x615.jpg 1024w, https:\/\/serpilasamhairclinic.com\/wp-content\/uploads\/2022\/02\/hair-transplant-sa-1-300x180.jpg 300w, https:\/\/serpilasamhairclinic.com\/wp-content\/uploads\/2022\/02\/hair-transplant-sa-1-768x461.jpg 768w, https:\/\/serpilasamhairclinic.com\/wp-content\/uploads\/2022\/02\/hair-transplant-sa-1-1536x922.jpg 1536w, https:\/\/serpilasamhairclinic.com\/wp-content\/uploads\/2022\/02\/hair-transplant-sa-1.jpg 1800w\" sizes=\"(max-width: 800px) 100vw, 800px\" title=\"\">\t\t\t\t\t\t\t\t\t\t\t\t\t\t\t<\/div>\n\t\t\t\t<\/div>\n\t\t\t\t\t<\/div>\n\t\t<\/div>\n\t\t\t\t<div class=\"elementor-column elementor-col-50 elementor-top-column elementor-element elementor-element-5a7d9ee\" data-id=\"5a7d9ee\" data-element_type=\"column\" data-e-type=\"column\">\n\t\t\t<div class=\"elementor-widget-wrap elementor-element-populated\">\n\t\t\t\t\t\t<div class=\"elementor-element elementor-element-ea7f270 elementor-widget elementor-widget-image\" data-id=\"ea7f270\" data-element_type=\"widget\" data-e-type=\"widget\" data-widget_type=\"image.default\">\n\t\t\t\t<div class=\"elementor-widget-container\">\n\t\t\t\t\t\t\t\t\t\t\t\t\t\t\t<img decoding=\"async\" width=\"800\" height=\"480\" src=\"https:\/\/serpilasamhairclinic.com\/wp-content\/uploads\/2022\/02\/hair-transplant-sa-1024x615.jpg\" class=\"attachment-large size-large wp-image-2352\" alt=\"\" srcset=\"https:\/\/serpilasamhairclinic.com\/wp-content\/uploads\/2022\/02\/hair-transplant-sa-1024x615.jpg 1024w, https:\/\/serpilasamhairclinic.com\/wp-content\/uploads\/2022\/02\/hair-transplant-sa-300x180.jpg 300w, https:\/\/serpilasamhairclinic.com\/wp-content\/uploads\/2022\/02\/hair-transplant-sa-768x461.jpg 768w, https:\/\/serpilasamhairclinic.com\/wp-content\/uploads\/2022\/02\/hair-transplant-sa-1536x922.jpg 1536w, https:\/\/serpilasamhairclinic.com\/wp-content\/uploads\/2022\/02\/hair-transplant-sa.jpg 1800w\" sizes=\"(max-width: 800px) 100vw, 800px\" title=\"\">\t\t\t\t\t\t\t\t\t\t\t\t\t\t\t<\/div>\n\t\t\t\t<\/div>\n\t\t\t\t\t<\/div>\n\t\t<\/div>\n\t\t\t\t\t<\/div>\n\t\t<\/section>\n\t\t\t\t<section class=\"elementor-section elementor-top-section elementor-element elementor-element-632af8c elementor-section-boxed elementor-section-height-default elementor-section-height-default\" data-id=\"632af8c\" data-element_type=\"section\" data-e-type=\"section\" id=\"estetik\" data-settings=\"{&quot;background_background&quot;:&quot;classic&quot;}\">\n\t\t\t\t\t\t<div class=\"elementor-container elementor-column-gap-default\">\n\t\t\t\t\t<div class=\"elementor-column elementor-col-100 elementor-top-column elementor-element elementor-element-45c92d73\" data-id=\"45c92d73\" data-element_type=\"column\" data-e-type=\"column\">\n\t\t\t<div class=\"elementor-widget-wrap elementor-element-populated\">\n\t\t\t\t\t\t<div class=\"elementor-element elementor-element-74b40ae elementor-widget elementor-widget-text-editor\" data-id=\"74b40ae\" data-element_type=\"widget\" data-e-type=\"widget\" data-widget_type=\"text-editor.default\">\n\t\t\t\t<div class=\"elementor-widget-container\">\n\t\t\t\t\t\t\t\t\t<h2><strong>Ekstrakcija folikularnih enot (FUE)<\/strong><\/h2>\n<p>Presaditev las Fue je metoda, ki se najpogosteje uporablja za trajno re\u0161evanje te\u017eav z izpadanjem las in ple\u0161avostjo po vsem svetu. To je metoda, ki jo uporabljajo tako \u017eenske kot tudi mo\u0161ki, da bi dosegli naravne lase na udoben in trajen na\u010din brez bole\u010din.  Tehnika <strong>presajanja las Fue<\/strong> se izvaja tako, da se na pora\u0161\u010denem delu glave odvzamejo semena zdravih lasnih me\u0161i\u010dkov (presadki) in se namestijo na ple\u0161asto mesto, kjer se lasje tanj\u0161ajo ali popolnoma izlo\u010dajo.<\/p>\n<p>Od leta 2004 se varno uporablja po vsem svetu. Tehnika presajanja las Fue se izvaja z metodami <strong>presajanja las<\/strong> Sapphire <strong>Fue<\/strong>, presajanja neobritih las Fue, delno obritih las Fue in presajanja las v sedaciji v skladu z zahtevo in potrebami pacienta. Ne glede na to, ali gre za \u017eensko ali mo\u0161kega, so lasje na\u0161 najpomembnej\u0161i dodatek, zato tehnika presaditve las fue ponuja trajno in naravno re\u0161itev.<\/p>\n<h2><strong>Pred presaditvijo las Fue<\/strong><\/h2>\n<p>Ljudje, ki se odlo\u010dijo za <strong>metodo presaditve las Fue<\/strong>, najprej opravijo prvi pregled pri izku\u0161eni in strokovni osebi. Na tej stopnji zdravnik natan\u010dno pregleda strukturo las, stopnjo redkosti ali ple\u0161avosti, razmerja glave in obraza, pri \u010demer zdravnik nima zdravstvenega stanja, ki bi prepre\u010devalo operacijo. Nato se z milimetrskimi meritvami obmo\u010dja, ki ga je treba presaditi, dolo\u010di linija presaditve las. Ta faza je zelo pomembna za vizualni videz po presaditvi las in jo je treba skrbno obravnavati. Nato opravijo potrebne preiskave in dolo\u010dijo pravi \u010das za presaditev las fue.<\/p>\n<h2><strong>Katere so faze presaditve las FUE?<\/strong><\/h2>\n<ol>\n<li><strong>Zbiranje semen korenine Ha\u0131r<\/strong><\/li>\n<\/ol>\n<p>Po prvem pregledu in pripravi se obmo\u010dja, na katerih se bo izvajala presaditev las FUE, razku\u017eijo in anestetizirajo z lokalno anestezijo, da se zagotovi nebole\u010da operacija. To obmo\u010dje je obi\u010dajno podro\u010dje tilnika, saj so lasje na tilniku bolj odporni na izpadanje. Zdrava in primerna semena lasnih me\u0161i\u010dkov z dolo\u010denega donorskega obmo\u010dja se za\u010dnejo zbirati s pomo\u010djo mikromotor\u010dkov z zelo finimi konicami. Zelo pomembno je, da ta semena lasnih me\u0161i\u010dkov vzamemo zelo previdno, da bodo v naslednji fazi operacije trajna, zato morajo biti zbrana semena lasnih me\u0161i\u010dkov najbolj zdrava. V tej fazi vsebuje vsak lasni me\u0161i\u010dek povpre\u010dno 2,7 dlake. Glede na primernost donorskega obmo\u010dja lahko v eni seji v povpre\u010dju odvzamemo 2000-2500 semen lasnih me\u0161i\u010dkov. Zbrana semena zdravih lasnih korenin skrbno hranimo v posebni raztopini.<\/p>\n<ol start=\"2\">\n<li><strong>Name\u0161\u010danje semen korenine Hair v kanale<\/strong><\/li>\n<\/ol>\n<p>Odprejo se kanali za namestitev semen lasnih me\u0161i\u010dkov, zbranih za presaditev las FUE. V tej fazi zdravnik specialist na obmo\u010dju, kjer bodo presajeni lasje, previdno odpre dolo\u010deno \u0161tevilo kanalov z zelo tankimi zarezami z jeklenimi konicami v obliki svin\u010dnika. Semena lasnih me\u0161i\u010dkov, zbrana pri presaditvi las FUE, se previdno namestijo v kanale, ki se odprejo drug za drugim. V tej fazi je treba paziti na smeri izhoda drugih dlak na obmo\u010dju, kjer bodo name\u0161\u010dene korenine. Postopki presaditve las Fue so kon\u010dani v 6 do 9 urah istega dne.<\/p>\n<h2><strong>Po presaditvi las Fue<\/strong><\/h2>\n<p>Po presaditvi las Fue se na mestu presaditve pojavita rahla oteklina in rde\u010dica, ki pa s\u010dasoma mineta. Po presaditvi las FUE se v enem tednu pojavijo igli\u010daste kraste, ki se s\u010dasoma zacelijo in odpadejo v obliki prhljaja. Med zdravljenjem lahko nekaj \u010dasa \u010dutite blage bole\u010dine in bole\u010dine, kar je normalno in se s\u010dasoma izbolj\u0161a. Po operaciji bo pri\u0161lo do dolo\u010denega izlo\u010danja. Po tretjem mesecu bodo lasje spet za\u010deli rasti. Po \u0161estem mesecu boste imeli bolj\u0161i vizualni videz. Kon\u010dni rezultat bo viden po 12 ali 18 mesecih.<\/p>\n<h2><strong>Kak\u0161ne so prednosti presaditve las Fue?<\/strong><\/h2>\n<p>Prednosti presaditve las Fue so \u0161tevilne, \u010de jih na\u0161tejemo eno za drugo;<\/p>\n<ul>\n<li>Ker med operacijo ni \u0161ivov, ni nevarnosti, da bi po njej nastale brazgotine.<\/li>\n<li>Med postopkom ni bole\u010din, okrevanje pa je kraj\u0161e kot pri drugih metodah.<\/li>\n<li>Po operaciji, od \u0161estega meseca naprej, so lasje vizualno videti dobro.<\/li>\n<li>Trajna re\u0161itev je dose\u017eena v 12 do 18 mesecih po posegu.<\/li>\n<li>Presaditev las Fue je trajna re\u0161itev za izpadanje in ple\u0161avost, zlasti ker je narejena iz zdravih semen lasnih me\u0161i\u010dkov v predelu tilnika.<\/li>\n<\/ul>\n\t\t\t\t\t\t\t\t<\/div>\n\t\t\t\t<\/div>\n\t\t\t\t\t<\/div>\n\t\t<\/div>\n\t\t\t\t\t<\/div>\n\t\t<\/section>\n\t\t\t\t<\/div>\n\t\t","protected":false},"excerpt":{"rendered":"<p>Presaditev las FUE Ekstrakcija folikularnih enot (FUE) Presaditev las Fue je metoda, ki se najpogosteje uporablja za trajno re\u0161evanje te\u017eav z izpadanjem las in ple\u0161avostjo po vsem svetu. To je metoda, ki jo uporabljajo tako \u017eenske kot tudi mo\u0161ki, da bi dosegli naravne lase na udoben in trajen na\u010din brez bole\u010din. Tehnika presajanja las Fue [&hellip;]<\/p>\n","protected":false},"author":1,"featured_media":0,"parent":0,"menu_order":0,"comment_status":"closed","ping_status":"closed","template":"","meta":{"footnotes":""},"class_list":["post-2433","page","type-page","status-publish","hentry"],"_links":{"self":[{"href":"https:\/\/serpilasamhairclinic.com\/sl\/wp-json\/wp\/v2\/pages\/2433","targetHints":{"allow":["GET"]}}],"collection":[{"href":"https:\/\/serpilasamhairclinic.com\/sl\/wp-json\/wp\/v2\/pages"}],"about":[{"href":"https:\/\/serpilasamhairclinic.com\/sl\/wp-json\/wp\/v2\/types\/page"}],"author":[{"embeddable":true,"href":"https:\/\/serpilasamhairclinic.com\/sl\/wp-json\/wp\/v2\/users\/1"}],"replies":[{"embeddable":true,"href":"https:\/\/serpilasamhairclinic.com\/sl\/wp-json\/wp\/v2\/comments?post=2433"}],"version-history":[{"count":0,"href":"https:\/\/serpilasamhairclinic.com\/sl\/wp-json\/wp\/v2\/pages\/2433\/revisions"}],"wp:attachment":[{"href":"https:\/\/serpilasamhairclinic.com\/sl\/wp-json\/wp\/v2\/media?parent=2433"}],"curies":[{"name":"wp","href":"https:\/\/api.w.org\/{rel}","templated":true}]}}