{"id":2432,"date":"2022-03-17T10:09:25","date_gmt":"2022-03-17T10:09:25","guid":{"rendered":"https:\/\/serpilasamhairclinic.com\/presaditev-brade-in-ustnic\/"},"modified":"2022-11-02T08:04:42","modified_gmt":"2022-11-02T08:04:42","slug":"presaditev-brade-in-ustnic","status":"publish","type":"page","link":"https:\/\/serpilasamhairclinic.com\/sl\/presaditev-brade-in-ustnic\/","title":{"rendered":"Presaditev brade in ustnic"},"content":{"rendered":"\t\t<div data-elementor-type=\"wp-page\" data-elementor-id=\"2432\" class=\"elementor elementor-2432 elementor-1150\" data-elementor-post-type=\"page\">\n\t\t\t\t\t\t<section class=\"elementor-section elementor-top-section elementor-element elementor-element-2c1131e elementor-section-boxed elementor-section-height-default elementor-section-height-default\" data-id=\"2c1131e\" data-element_type=\"section\" data-e-type=\"section\" data-settings=\"{&quot;background_background&quot;:&quot;classic&quot;}\">\n\t\t\t\t\t\t<div class=\"elementor-container elementor-column-gap-default\">\n\t\t\t\t\t<div class=\"elementor-column elementor-col-100 elementor-top-column elementor-element elementor-element-b7c6070\" data-id=\"b7c6070\" data-element_type=\"column\" data-e-type=\"column\">\n\t\t\t<div class=\"elementor-widget-wrap elementor-element-populated\">\n\t\t\t\t\t\t<div class=\"elementor-element elementor-element-6d48f61 elementor-widget elementor-widget-heading\" data-id=\"6d48f61\" data-element_type=\"widget\" data-e-type=\"widget\" data-widget_type=\"heading.default\">\n\t\t\t\t<div class=\"elementor-widget-container\">\n\t\t\t\t\t<h1 class=\"elementor-heading-title elementor-size-default\">Presaditev brade in ustnic<\/h1>\t\t\t\t<\/div>\n\t\t\t\t<\/div>\n\t\t\t\t\t<\/div>\n\t\t<\/div>\n\t\t\t\t\t<\/div>\n\t\t<\/section>\n\t\t\t\t<section class=\"elementor-section elementor-top-section elementor-element elementor-element-af4e8b8 elementor-section-boxed elementor-section-height-default elementor-section-height-default\" data-id=\"af4e8b8\" data-element_type=\"section\" data-e-type=\"section\">\n\t\t\t\t\t\t<div class=\"elementor-container elementor-column-gap-default\">\n\t\t\t\t\t<div class=\"elementor-column elementor-col-50 elementor-top-column elementor-element elementor-element-cc94c6d\" data-id=\"cc94c6d\" data-element_type=\"column\" data-e-type=\"column\">\n\t\t\t<div class=\"elementor-widget-wrap elementor-element-populated\">\n\t\t\t\t\t\t<div class=\"elementor-element elementor-element-b02fa68 elementor-widget elementor-widget-image\" data-id=\"b02fa68\" data-element_type=\"widget\" data-e-type=\"widget\" data-widget_type=\"image.default\">\n\t\t\t\t<div class=\"elementor-widget-container\">\n\t\t\t\t\t\t\t\t\t\t\t\t\t\t\t<img fetchpriority=\"high\" decoding=\"async\" width=\"800\" height=\"534\" src=\"https:\/\/serpilasamhairclinic.com\/wp-content\/uploads\/2022\/02\/beard-transplant-1024x683.jpg\" class=\"attachment-large size-large wp-image-2365\" alt=\"\" srcset=\"https:\/\/serpilasamhairclinic.com\/wp-content\/uploads\/2022\/02\/beard-transplant-1024x683.jpg 1024w, https:\/\/serpilasamhairclinic.com\/wp-content\/uploads\/2022\/02\/beard-transplant-300x200.jpg 300w, https:\/\/serpilasamhairclinic.com\/wp-content\/uploads\/2022\/02\/beard-transplant-768x512.jpg 768w, https:\/\/serpilasamhairclinic.com\/wp-content\/uploads\/2022\/02\/beard-transplant-1536x1024.jpg 1536w, https:\/\/serpilasamhairclinic.com\/wp-content\/uploads\/2022\/02\/beard-transplant-2048x1365.jpg 2048w\" sizes=\"(max-width: 800px) 100vw, 800px\" title=\"\">\t\t\t\t\t\t\t\t\t\t\t\t\t\t\t<\/div>\n\t\t\t\t<\/div>\n\t\t\t\t\t<\/div>\n\t\t<\/div>\n\t\t\t\t<div class=\"elementor-column elementor-col-50 elementor-top-column elementor-element elementor-element-5a7d9ee\" data-id=\"5a7d9ee\" data-element_type=\"column\" data-e-type=\"column\">\n\t\t\t<div class=\"elementor-widget-wrap\">\n\t\t\t\t\t\t\t<\/div>\n\t\t<\/div>\n\t\t\t\t\t<\/div>\n\t\t<\/section>\n\t\t\t\t<section class=\"elementor-section elementor-top-section elementor-element elementor-element-632af8c elementor-section-boxed elementor-section-height-default elementor-section-height-default\" data-id=\"632af8c\" data-element_type=\"section\" data-e-type=\"section\" id=\"estetik\" data-settings=\"{&quot;background_background&quot;:&quot;classic&quot;}\">\n\t\t\t\t\t\t<div class=\"elementor-container elementor-column-gap-default\">\n\t\t\t\t\t<div class=\"elementor-column elementor-col-100 elementor-top-column elementor-element elementor-element-45c92d73\" data-id=\"45c92d73\" data-element_type=\"column\" data-e-type=\"column\">\n\t\t\t<div class=\"elementor-widget-wrap elementor-element-populated\">\n\t\t\t\t\t\t<div class=\"elementor-element elementor-element-74b40ae elementor-widget elementor-widget-text-editor\" data-id=\"74b40ae\" data-element_type=\"widget\" data-e-type=\"widget\" data-widget_type=\"text-editor.default\">\n\t\t\t\t<div class=\"elementor-widget-container\">\n\t\t\t\t\t\t\t\t\t<p><strong>Brade in brade<\/strong> imajo pomembno vlogo pri izrazu mo\u0161kega obraza. Brade in brade, ki veljajo za mo\u0161ke dodatke, se lahko zaradi razli\u010dnih razlogov stanj\u0161ajo ali odstranijo. Zaradi nekaterih genetskih dejavnikov morda sploh ne bo pri\u0161la na dan. Do izgube izraza lahko pride zaradi red\u010denja ali odstranjevanja brade in u\u0161i. Za izpadanje in red\u010denje las, zaradi katerih so mo\u0161ki estetsko nesre\u010dni, obstaja re\u0161itev s presaditvijo brade in u\u0161i. \u0160tevilo ljudi, ki se odlo\u010dijo za operacijo presaditve brade in u\u0161i, se iz dneva v dan pove\u010duje. Poleg izgube brade in u\u0161i, zlasti zaradi zdravstvenih razlogov, si tisti, ki \u017eelijo estetsko polnej\u0161i in bolj naraven videz, lahko <strong>presadijo brado in brade<\/strong>. Poleg estetskega vidika je presaditev obrvi najbolj naravna in trajna metoda pri po\u0161kodbah na bradi ali ustih, opeklinah in trajnih brazgotinah.<\/p>\n<h2><strong>Kaj sta brada in musti?<\/strong><\/h2>\n<p>Presaditev brade in u\u0161i je postopek postavljanja red\u010denja ali regionalnega izlo\u010danja na obmo\u010dju obraza in zgornje ustnice pri mo\u0161kih, lasnih me\u0161i\u010dkov, odvzetih semen od same osebe, z odpiranjem zelo majhnih kanalov in njihovim name\u0161\u010danjem v obmo\u010dje <strong>brade ali u\u0161i<\/strong>, ki jih je treba posaditi.<\/p>\n<h2><strong>Kako je s presaditvijo brade in u\u0161i?<\/strong><\/h2>\n<p>Pri presaditvi brade ali u\u0161i se za donorsko obmo\u010dje dolo\u010dijo lasje na zadnjem delu glave, ki so odporni na izlo\u010danje. Druga regija so li\u010dnice in vrat, ki se lahko izberejo kot donorska regija v teh regijah in imajo koreninsko strukturo, primerno za presaditev brade in u\u0161i. Pri nekaterih metodah se glede na strukturo las in korenin na prsih ali hrbtu osebe izberejo za darovalca v teh predelih. Vendar pa struktura las na teh obmo\u010djih ni najbolj\u0161a, ker ni tako trda in vzdr\u017eljiva kot lasje na bradi ali ustih. Na donorskem obmo\u010dju se zberejo zdrava semena lasnih me\u0161i\u010dkov. V naslednjem postopku se odprejo zelo majhni kanali, tako da ni sledi, ki bi lahko bile z estetskega vidika videti slabo. Presaditev brade in u\u0161i se opravi tako, da se v te odprte kanale vstavijo semena lasnih me\u0161i\u010dkov.<\/p>\n<h2><strong>Katere so faze presaditve brade in u\u0161i?<\/strong><\/h2>\n<p>Po odlo\u010ditvi za operacijo presaditve brade ali uhljev je treba dolo\u010diti faze presaditve brade ali uhljev ljudi, ki ne predstavljajo ovire za operacijo;<\/p>\n<ul>\n<li>Pregled in analiza, ali je primeren za presaditev brade ali u\u0161i.<\/li>\n<li>Odlo\u010dite se o obliki brade ali u\u0161i, opravite potrebne meritve in vizualno nari\u0161ite kon\u010dno obliko.<\/li>\n<li>Obmo\u010dje darovalca in presajene brade ali ustne bradavice se anestezirata z lokalno anestezijo.<\/li>\n<li>Glede na potrebno povr\u0161ino se z obmo\u010dja vzame vnaprej dolo\u010deno \u0161tevilo semen lasnih me\u0161i\u010dkov.<\/li>\n<li>Odstranjena semena lasnih me\u0161i\u010dkov se brez \u010dakanja namestijo v ureznine z odprtjem minimalnih kanalov na podro\u010dju u\u0161i ali brade.<\/li>\n<li>Ker sta brada in muce podro\u010dje, ki je jasno vidno na obmo\u010dju obraza, bi morali strokovnjaki ustvariti zelo majhne kanale, da presajeni ljudje v naslednjem postopku ne bi imeli estetskih te\u017eav.<\/li>\n<li>Postopek traja od 1 do 2 uri, odvisno od ljudi, uporabljene metode in velikosti obmo\u010dja. Bolniku po operaciji ni treba ostati v bolni\u0161nici. \u0160e isti dan ga odpustijo.<\/li>\n<\/ul>\n<h2><strong>Pred presaditvijo brade in u\u0161i<\/strong><\/h2>\n<p>Ko se odlo\u010dite za presaditev brade in u\u0161i, mora strokovnjak in izku\u0161en zdravnik opraviti natan\u010den pregled. Po pregledu in potrebnih analizah mora strokovnjak sli\u0161ati \u017eelje osebe, ki se je odlo\u010dila za presaditev brade ali muc, in njena pri\u010dakovanja glede operacije ter sprejeti jasno odlo\u010ditev. V tem postopku se dolo\u010dijo razliti ali stanj\u0161ani deli obraza osebe, ki jo je treba presaditi, in nari\u0161e se kon\u010dna oblika, ki vizualno ustvari predstavo o tem, kako bo videti po operaciji. \u010ce je obmo\u010dje, ki ga je treba zasaditi, veliko, se predvideni videz dolo\u010di z risbami in izmenjajo se ideje.<\/p>\n<h2><strong>Prednosti operacije presaditve brade in u\u0161i<\/strong><\/h2>\n<p>\u010ce ste po pravilni operaciji presaditve brade in u\u0161i upo\u0161tevali navodila zdravnika, boste imeli brado in brke, ki jih od zunaj ni mogo\u010de razumeti.<\/p>\n<p>Po\u010dutili se boste estetsko in psiholo\u0161ko bolj udobno in sre\u010dno. Trajno boste imeli naravno in bujno brado in brke.<\/p>\n\t\t\t\t\t\t\t\t<\/div>\n\t\t\t\t<\/div>\n\t\t\t\t\t<\/div>\n\t\t<\/div>\n\t\t\t\t\t<\/div>\n\t\t<\/section>\n\t\t\t\t<\/div>\n\t\t","protected":false},"excerpt":{"rendered":"<p>Presaditev brade in ustnic Brade in brade imajo pomembno vlogo pri izrazu mo\u0161kega obraza. Brade in brade, ki veljajo za mo\u0161ke dodatke, se lahko zaradi razli\u010dnih razlogov stanj\u0161ajo ali odstranijo. Zaradi nekaterih genetskih dejavnikov morda sploh ne bo pri\u0161la na dan. Do izgube izraza lahko pride zaradi red\u010denja ali odstranjevanja brade in u\u0161i. Za izpadanje [&hellip;]<\/p>\n","protected":false},"author":1,"featured_media":0,"parent":0,"menu_order":0,"comment_status":"closed","ping_status":"closed","template":"","meta":{"footnotes":""},"class_list":["post-2432","page","type-page","status-publish","hentry"],"_links":{"self":[{"href":"https:\/\/serpilasamhairclinic.com\/sl\/wp-json\/wp\/v2\/pages\/2432","targetHints":{"allow":["GET"]}}],"collection":[{"href":"https:\/\/serpilasamhairclinic.com\/sl\/wp-json\/wp\/v2\/pages"}],"about":[{"href":"https:\/\/serpilasamhairclinic.com\/sl\/wp-json\/wp\/v2\/types\/page"}],"author":[{"embeddable":true,"href":"https:\/\/serpilasamhairclinic.com\/sl\/wp-json\/wp\/v2\/users\/1"}],"replies":[{"embeddable":true,"href":"https:\/\/serpilasamhairclinic.com\/sl\/wp-json\/wp\/v2\/comments?post=2432"}],"version-history":[{"count":0,"href":"https:\/\/serpilasamhairclinic.com\/sl\/wp-json\/wp\/v2\/pages\/2432\/revisions"}],"wp:attachment":[{"href":"https:\/\/serpilasamhairclinic.com\/sl\/wp-json\/wp\/v2\/media?parent=2432"}],"curies":[{"name":"wp","href":"https:\/\/api.w.org\/{rel}","templated":true}]}}