{"id":1923,"date":"2022-06-16T06:45:57","date_gmt":"2022-06-16T06:45:57","guid":{"rendered":"https:\/\/serpilasamhairclinic.com\/chirurgia-delle-palpebre\/"},"modified":"2023-01-24T11:17:22","modified_gmt":"2023-01-24T11:17:22","slug":"chirurgia-delle-palpebre","status":"publish","type":"page","link":"https:\/\/serpilasamhairclinic.com\/it\/chirurgia-delle-palpebre\/","title":{"rendered":"Chirurgia delle palpebre"},"content":{"rendered":"\t\t<div data-elementor-type=\"wp-page\" data-elementor-id=\"1923\" class=\"elementor elementor-1923\" data-elementor-post-type=\"page\">\n\t\t\t\t\t\t<section class=\"elementor-section elementor-top-section elementor-element elementor-element-2c1131e elementor-section-boxed elementor-section-height-default elementor-section-height-default\" data-id=\"2c1131e\" data-element_type=\"section\" data-e-type=\"section\" data-settings=\"{&quot;background_background&quot;:&quot;classic&quot;}\">\n\t\t\t\t\t\t<div class=\"elementor-container elementor-column-gap-default\">\n\t\t\t\t\t<div class=\"elementor-column elementor-col-100 elementor-top-column elementor-element elementor-element-b7c6070\" data-id=\"b7c6070\" data-element_type=\"column\" data-e-type=\"column\">\n\t\t\t<div class=\"elementor-widget-wrap elementor-element-populated\">\n\t\t\t\t\t\t<div class=\"elementor-element elementor-element-6d48f61 elementor-widget elementor-widget-heading\" data-id=\"6d48f61\" data-element_type=\"widget\" data-e-type=\"widget\" data-widget_type=\"heading.default\">\n\t\t\t\t<div class=\"elementor-widget-container\">\n\t\t\t\t\t<h1 class=\"elementor-heading-title elementor-size-default\">Chirurgia delle palpebre<\/h1>\t\t\t\t<\/div>\n\t\t\t\t<\/div>\n\t\t\t\t\t<\/div>\n\t\t<\/div>\n\t\t\t\t\t<\/div>\n\t\t<\/section>\n\t\t\t\t<section class=\"elementor-section elementor-top-section elementor-element elementor-element-af4e8b8 elementor-section-boxed elementor-section-height-default elementor-section-height-default\" data-id=\"af4e8b8\" data-element_type=\"section\" data-e-type=\"section\">\n\t\t\t\t\t\t<div class=\"elementor-container elementor-column-gap-default\">\n\t\t\t\t\t<div class=\"elementor-column elementor-col-100 elementor-top-column elementor-element elementor-element-cc94c6d\" data-id=\"cc94c6d\" data-element_type=\"column\" data-e-type=\"column\">\n\t\t\t<div class=\"elementor-widget-wrap elementor-element-populated\">\n\t\t\t\t\t\t<div class=\"elementor-element elementor-element-7ff20f8 elementor-widget elementor-widget-image\" data-id=\"7ff20f8\" data-element_type=\"widget\" data-e-type=\"widget\" data-widget_type=\"image.default\">\n\t\t\t\t<div class=\"elementor-widget-container\">\n\t\t\t\t\t\t\t\t\t\t\t\t\t\t\t<img fetchpriority=\"high\" decoding=\"async\" width=\"800\" height=\"534\" src=\"https:\/\/serpilasamhairclinic.com\/wp-content\/uploads\/2022\/06\/eyelid-surgery-1024x683.jpg\" class=\"attachment-large size-large wp-image-1709\" alt=\"\" srcset=\"https:\/\/serpilasamhairclinic.com\/wp-content\/uploads\/2022\/06\/eyelid-surgery-1024x683.jpg 1024w, https:\/\/serpilasamhairclinic.com\/wp-content\/uploads\/2022\/06\/eyelid-surgery-300x200.jpg 300w, https:\/\/serpilasamhairclinic.com\/wp-content\/uploads\/2022\/06\/eyelid-surgery-768x512.jpg 768w, https:\/\/serpilasamhairclinic.com\/wp-content\/uploads\/2022\/06\/eyelid-surgery-1536x1024.jpg 1536w, https:\/\/serpilasamhairclinic.com\/wp-content\/uploads\/2022\/06\/eyelid-surgery-2048x1365.jpg 2048w\" sizes=\"(max-width: 800px) 100vw, 800px\" title=\"\">\t\t\t\t\t\t\t\t\t\t\t\t\t\t\t<\/div>\n\t\t\t\t<\/div>\n\t\t\t\t\t<\/div>\n\t\t<\/div>\n\t\t\t\t\t<\/div>\n\t\t<\/section>\n\t\t\t\t<section class=\"elementor-section elementor-top-section elementor-element elementor-element-632af8c elementor-section-boxed elementor-section-height-default elementor-section-height-default\" data-id=\"632af8c\" data-element_type=\"section\" data-e-type=\"section\" id=\"estetik\" data-settings=\"{&quot;background_background&quot;:&quot;classic&quot;}\">\n\t\t\t\t\t\t<div class=\"elementor-container elementor-column-gap-default\">\n\t\t\t\t\t<div class=\"elementor-column elementor-col-100 elementor-top-column elementor-element elementor-element-45c92d73\" data-id=\"45c92d73\" data-element_type=\"column\" data-e-type=\"column\">\n\t\t\t<div class=\"elementor-widget-wrap elementor-element-populated\">\n\t\t\t\t\t\t<div class=\"elementor-element elementor-element-74b40ae elementor-widget elementor-widget-text-editor\" data-id=\"74b40ae\" data-element_type=\"widget\" data-e-type=\"widget\" data-widget_type=\"text-editor.default\">\n\t\t\t\t<div class=\"elementor-widget-container\">\n\t\t\t\t\t\t\t\t\t<h2><strong>Cos&#8217;\u00e8 l&#8217;estetica delle palpebre<\/strong><\/h2>\n<p>Gli occhi sono una delle zone pi\u00f9 appariscenti del volto umano. Le persone comunicano spesso con gli occhi. In questi casi, l&#8217;estetica dello sguardo e del contorno occhi diventa un fattore di grande impatto. Considerando le preoccupazioni estetiche, le persone con le palpebre cadenti non vogliono stabilire un contatto visivo, il che causa una mancanza di fiducia in se stessi. Soprattutto le donne hanno difficolt\u00e0 a truccarsi. In termini di salute, le palpebre cadenti impediscono la vista. Vivere una situazione del genere \u00e8 causa di infelicit\u00e0 sia per le donne che per gli uomini. Tuttavia, non dovete vivere questa situazione: grazie allo sviluppo delle innovazioni mediche e tecnologiche, potete liberarvi definitivamente di questi aspetti negativi per la vostra salute e il vostro aspetto estetico, grazie all&#8217;estetica delle palpebre. Se volete che la vostra felicit\u00e0 si rifletta nei vostri occhi, potete sottoporvi a un intervento di estetica palpebrale per eliminare il problema delle palpebre che vi rende infelici.<\/p>\n<h2><strong>Come viene eseguita la chirurgia delle palpebre?<\/strong><\/h2>\n<p>Dopo aver effettuato i controlli necessari prima dell&#8217;intervento di chirurgia palpebrale, i pazienti idonei all&#8217;intervento vengono portati nell&#8217;area richiesta per la procedura. La chirurgia delle palpebre viene solitamente eseguita in anestesia locale e, in alcuni casi, in anestesia generale. La procedura dura da 30 minuti a 1 ora. Nella chirurgia detentiva, il grasso in eccesso viene rimosso dall&#8217;occhio e il tasso di complicazioni da ritiro \u00e8 ridotto. Nella chirurgia delle palpebre, il tessuto cutaneo in eccesso viene rimosso con piccole incisioni e vengono applicati punti di sutura estetici. Si raccomanda l&#8217;applicazione di ghiaccio per ridurre il gonfiore e le ecchimosi dopo l&#8217;intervento.<\/p>\n<h2><strong>Dettagli sulla chirurgia delle palpebre<\/strong><\/h2>\n<p>La zona del viso, in particolare gli occhi, \u00e8 molto importante sia per le donne che per gli uomini in termini di estetica. In alcuni casi, il deterioramento della vista si verifica nella zona degli occhi a causa di incidenti, mentre alcune persone presentano un abbassamento congenito delle palpebre. Con l&#8217;invecchiamento si verifica un abbassamento delle palpebre dovuto all&#8217;indebolimento dei muscoli oculari. In questo caso, il modo per eliminare i problemi estetici e di salute \u00e8 l&#8217;operazione estetica alle palpebre. In termini di salute, con questo semplice intervento \u00e8 possibile risolvere la palpebra cadente a un livello tale da impedire la visione nel tempo. Soprattutto le donne sono infelici a causa dell&#8217;area della piega bassa o piccola quando si truccano, e questa situazione trova una soluzione grazie a un intervento estetico palpebrale molto semplice.<\/p>\n<ul>\n<li>\n<h3><strong>Che cos&#8217;\u00e8 la palpebra cadente?<\/strong><\/h3>\n<\/li>\n<\/ul>\n<p>Alcune persone hanno un aspetto debole e sonnolento a causa delle palpebre cadenti, chiamate ptosi. Questa condizione \u00e8 chiamata caduta delle palpebre. La caduta delle palpebre \u00e8 dovuta al deterioramento dello strato muscolare. Se la palpebra copre la parte colorata dell&#8217;occhio per 1-1,5 mm, \u00e8 sana.<\/p>\n<ul>\n<li>\n<h3><strong>Quali sono le cause delle palpebre cadenti?<\/strong><\/h3>\n<\/li>\n<\/ul>\n<p>Le cause delle palpebre cadenti sono varie. Negli adulti, il deterioramento del tessuto muscolare oculare, l&#8217;uso di lenti per molti anni, i fattori genetici, il deterioramento accidentale della struttura oculare o palpebrale, le malattie del sistema neuromuscolare e, in alcuni casi, il diabete causano la caduta delle palpebre.<\/p>\n<ul>\n<li>\n<h3><strong>La chirurgia delle palpebre \u00e8 difficile?<\/strong><\/h3>\n<\/li>\n<\/ul>\n<p>L&#8217;estetica delle palpebre non \u00e8 un intervento difficile. \u00c8 normale avvertire un leggero dolore dopo l&#8217;intervento. Questi dolori scompaiono in 2-3 giorni.<\/p>\n<h2><strong>Ci saranno lividi dopo l&#8217;intervento alle palpebre?<\/strong><\/h2>\n<p>Uno degli effetti collaterali pi\u00f9 comuni dopo la chirurgia delle palpebre \u00e8 la formazione di lividi intorno agli occhi. Anche se si tratta di un piccolo intervento, l&#8217;estetica delle palpebre \u00e8 un&#8217;operazione chirurgica, quindi \u00e8 molto normale avere lividi e gonfiore. I lividi che si formano iniziano a guarire lentamente nella prima settimana dopo l&#8217;intervento.<\/p>\n<h2><strong>Quanto tempo richiede la chirurgia delle palpebre?<\/strong><\/h2>\n<p>La chirurgia delle palpebre dura in media da 30 minuti a 1 ora.<\/p>\n<h2><strong>Quando \u00e8 previsto il ritorno al lavoro dopo un intervento alle palpebre?<\/strong><\/h2>\n<p>Dopo l&#8217;intervento alle palpebre, \u00e8 possibile tornare alla propria vita lavorativa in media in 7-10 giorni. Il medico stabilisce la data esatta di questo periodo.<\/p>\n<h2><strong>C&#8217;\u00e8 un rischio nella chirurgia estetica delle palpebre?<\/strong><\/h2>\n<p>Ogni intervento chirurgico comporta dei rischi. Poich\u00e9 gli interventi di chirurgia estetica sono pi\u00f9 programmati e pianificati, i fattori di rischio sono minori. Nella chirurgia delle palpebre, sebbene il fattore di rischio sia molto basso, esistono rischi quali il danneggiamento della zona oculare o il mancato raggiungimento dell&#8217;aspetto estetico desiderato.<\/p>\n<h2><strong>Per quanti giorni devo riposare dopo l&#8217;intervento?<\/strong><\/h2>\n<p>Dopo l&#8217;intervento chirurgico alle palpebre sar\u00e0 utile riposare per un certo periodo di tempo e stare lontani da fattori ambientali. Coloro che conducono una vita professionale attiva possono continuare a riposare facendosi consigliare dal proprio medico.<\/p>\n<h2><strong>Quando recarsi dal medico dopo l&#8217;operazione?<\/strong><\/h2>\n<p>Viene eseguito un programma di controllo post-operatorio. In genere, il primo controllo viene eseguito 1 settimana dopo l&#8217;intervento.<\/p>\n<h2><strong>Qual \u00e8 l&#8217;et\u00e0 limite per la chirurgia delle palpebre?<\/strong><\/h2>\n<p>Se la palpebra cadente impedisce la visione, l&#8217;intervento viene eseguito dopo i 18 anni. Il limite massimo di et\u00e0 per l&#8217;operazione \u00e8 di 70 anni. Per coloro che soffrono di palpebre cadenti a causa dell&#8217;invecchiamento, l&#8217;et\u00e0 consigliata \u00e8 dai 30 anni in su.<\/p>\n<h2><strong>Il risultato dell&#8217;intervento varia da persona a persona?<\/strong><\/h2>\n<p>Tutti gli interventi chirurgici variano generalmente da persona a persona. Soprattutto negli interventi estetici, il risultato o la procedura applicata varia a seconda dell&#8217;entit\u00e0 del problema nella struttura cutanea della persona. Il tasso di successo dei risultati varia a seconda del problema del paziente.<\/p>\n<ul>\n<li>\n<h3><strong>La chirurgia estetica delle palpebre \u00e8 permanente?<\/strong><\/h3>\n<\/li>\n<\/ul>\n<p>In particolare, la caduta delle palpebre \u00e8 un segno di invecchiamento. Nessuna operazione \u00e8 garantita per sempre. In questo caso, anche la chirurgia palpebrale pu\u00f2 subire un certo deterioramento nel tempo, anche se non completamente. \u00c8 possibile che queste deformit\u00e0 si manifestino in media tra i cinque e i dieci anni.<\/p>\n<ul>\n<li>\n<h3><strong>Quando si usano le lenti dopo un intervento chirurgico?<\/strong><\/h3>\n<\/li>\n<\/ul>\n<p>Se il medico lo consente, dopo l&#8217;intervento alle palpebre \u00e8 possibile utilizzare le lenti una settimana dopo. Durante questo periodo, gli occhiali possono essere utilizzati con l&#8217;approvazione del medico.<\/p>\n<ul>\n<li>\n<h3><strong>La palpebra cadente si ripresenta?<\/strong><\/h3>\n<\/li>\n<\/ul>\n<p>Quando la chirurgia delle palpebre \u00e8 eseguita da uno specialista, d\u00e0 risultati permanenti. Tuttavia, le deformit\u00e0 sono considerate un processo naturale nell&#8217;avanzare dell&#8217;et\u00e0.<\/p>\n<ul>\n<li>\n<h3><strong>In quanti giorni guarisce la chirurgia delle palpebre?<\/strong><\/h3>\n<\/li>\n<\/ul>\n<p>La palpebra \u00e8 una delle zone pi\u00f9 sensibili. Le incisioni che si formano dopo l&#8217;intervento iniziano a guarire gradualmente in media entro 1 mese.<\/p>\n<ul>\n<li>\n<h3><strong>La perdita della vista si verifica dopo un intervento chirurgico?<\/strong><\/h3>\n<\/li>\n<\/ul>\n<p>Dopo l&#8217;intervento alle palpebre, per un breve periodo di tempo si verifica un offuscamento della vista, che \u00e8 temporaneo. Tuttavia, dopo la chirurgia palpebrale non si verificano danni permanenti alla vista.<\/p>\n\t\t\t\t\t\t\t\t<\/div>\n\t\t\t\t<\/div>\n\t\t\t\t\t<\/div>\n\t\t<\/div>\n\t\t\t\t\t<\/div>\n\t\t<\/section>\n\t\t\t\t<\/div>\n\t\t","protected":false},"excerpt":{"rendered":"<p>Chirurgia delle palpebre Cos&#8217;\u00e8 l&#8217;estetica delle palpebre Gli occhi sono una delle zone pi\u00f9 appariscenti del volto umano. Le persone comunicano spesso con gli occhi. In questi casi, l&#8217;estetica dello sguardo e del contorno occhi diventa un fattore di grande impatto. Considerando le preoccupazioni estetiche, le persone con le palpebre cadenti non vogliono stabilire un [&hellip;]<\/p>\n","protected":false},"author":1,"featured_media":0,"parent":0,"menu_order":0,"comment_status":"closed","ping_status":"closed","template":"","meta":{"footnotes":""},"class_list":["post-1923","page","type-page","status-publish","hentry"],"_links":{"self":[{"href":"https:\/\/serpilasamhairclinic.com\/it\/wp-json\/wp\/v2\/pages\/1923","targetHints":{"allow":["GET"]}}],"collection":[{"href":"https:\/\/serpilasamhairclinic.com\/it\/wp-json\/wp\/v2\/pages"}],"about":[{"href":"https:\/\/serpilasamhairclinic.com\/it\/wp-json\/wp\/v2\/types\/page"}],"author":[{"embeddable":true,"href":"https:\/\/serpilasamhairclinic.com\/it\/wp-json\/wp\/v2\/users\/1"}],"replies":[{"embeddable":true,"href":"https:\/\/serpilasamhairclinic.com\/it\/wp-json\/wp\/v2\/comments?post=1923"}],"version-history":[{"count":0,"href":"https:\/\/serpilasamhairclinic.com\/it\/wp-json\/wp\/v2\/pages\/1923\/revisions"}],"wp:attachment":[{"href":"https:\/\/serpilasamhairclinic.com\/it\/wp-json\/wp\/v2\/media?parent=1923"}],"curies":[{"name":"wp","href":"https:\/\/api.w.org\/{rel}","templated":true}]}}