{"id":1282,"date":"2022-03-17T10:12:37","date_gmt":"2022-03-17T10:12:37","guid":{"rendered":"https:\/\/serpilasamhairclinic.com\/trapianto-di-capelli-senza-barba\/"},"modified":"2022-03-17T10:26:47","modified_gmt":"2022-03-17T10:26:47","slug":"trapianto-di-capelli-senza-barba","status":"publish","type":"page","link":"https:\/\/serpilasamhairclinic.com\/it\/trapianto-di-capelli-senza-barba\/","title":{"rendered":"Trapianto di capelli senza barba"},"content":{"rendered":"\t\t<div data-elementor-type=\"wp-page\" data-elementor-id=\"1282\" class=\"elementor elementor-1282 elementor-1160\" data-elementor-post-type=\"page\">\n\t\t\t\t\t\t<section class=\"elementor-section elementor-top-section elementor-element elementor-element-2c1131e elementor-section-boxed elementor-section-height-default elementor-section-height-default\" data-id=\"2c1131e\" data-element_type=\"section\" data-e-type=\"section\" data-settings=\"{&quot;background_background&quot;:&quot;classic&quot;}\">\n\t\t\t\t\t\t<div class=\"elementor-container elementor-column-gap-default\">\n\t\t\t\t\t<div class=\"elementor-column elementor-col-100 elementor-top-column elementor-element elementor-element-b7c6070\" data-id=\"b7c6070\" data-element_type=\"column\" data-e-type=\"column\">\n\t\t\t<div class=\"elementor-widget-wrap elementor-element-populated\">\n\t\t\t\t\t\t<div class=\"elementor-element elementor-element-6d48f61 elementor-widget elementor-widget-heading\" data-id=\"6d48f61\" data-element_type=\"widget\" data-e-type=\"widget\" data-widget_type=\"heading.default\">\n\t\t\t\t<div class=\"elementor-widget-container\">\n\t\t\t\t\t<h1 class=\"elementor-heading-title elementor-size-default\">Trapianto di capelli senza barba<\/h1>\t\t\t\t<\/div>\n\t\t\t\t<\/div>\n\t\t\t\t\t<\/div>\n\t\t<\/div>\n\t\t\t\t\t<\/div>\n\t\t<\/section>\n\t\t\t\t<section class=\"elementor-section elementor-top-section elementor-element elementor-element-af4e8b8 elementor-section-boxed elementor-section-height-default elementor-section-height-default\" data-id=\"af4e8b8\" data-element_type=\"section\" data-e-type=\"section\">\n\t\t\t\t\t\t<div class=\"elementor-container elementor-column-gap-default\">\n\t\t\t\t\t<div class=\"elementor-column elementor-col-50 elementor-top-column elementor-element elementor-element-cc94c6d\" data-id=\"cc94c6d\" data-element_type=\"column\" data-e-type=\"column\">\n\t\t\t<div class=\"elementor-widget-wrap elementor-element-populated\">\n\t\t\t\t\t\t<div class=\"elementor-element elementor-element-7ff20f8 elementor-widget elementor-widget-image\" data-id=\"7ff20f8\" data-element_type=\"widget\" data-e-type=\"widget\" data-widget_type=\"image.default\">\n\t\t\t\t<div class=\"elementor-widget-container\">\n\t\t\t\t\t\t\t\t\t\t\t\t\t\t\t<img fetchpriority=\"high\" decoding=\"async\" width=\"800\" height=\"480\" src=\"https:\/\/serpilasamhairclinic.com\/wp-content\/uploads\/2022\/02\/serpil-asam-hair-transplant-slider-1024x615.jpg\" class=\"attachment-large size-large wp-image-643\" alt=\"\" srcset=\"https:\/\/serpilasamhairclinic.com\/wp-content\/uploads\/2022\/02\/serpil-asam-hair-transplant-slider-1024x615.jpg 1024w, https:\/\/serpilasamhairclinic.com\/wp-content\/uploads\/2022\/02\/serpil-asam-hair-transplant-slider-300x180.jpg 300w, https:\/\/serpilasamhairclinic.com\/wp-content\/uploads\/2022\/02\/serpil-asam-hair-transplant-slider-768x461.jpg 768w, https:\/\/serpilasamhairclinic.com\/wp-content\/uploads\/2022\/02\/serpil-asam-hair-transplant-slider-1536x922.jpg 1536w, https:\/\/serpilasamhairclinic.com\/wp-content\/uploads\/2022\/02\/serpil-asam-hair-transplant-slider.jpg 1800w\" sizes=\"(max-width: 800px) 100vw, 800px\" title=\"\">\t\t\t\t\t\t\t\t\t\t\t\t\t\t\t<\/div>\n\t\t\t\t<\/div>\n\t\t\t\t\t<\/div>\n\t\t<\/div>\n\t\t\t\t<div class=\"elementor-column elementor-col-50 elementor-top-column elementor-element elementor-element-5a7d9ee\" data-id=\"5a7d9ee\" data-element_type=\"column\" data-e-type=\"column\">\n\t\t\t<div class=\"elementor-widget-wrap elementor-element-populated\">\n\t\t\t\t\t\t<div class=\"elementor-element elementor-element-ea7f270 elementor-widget elementor-widget-image\" data-id=\"ea7f270\" data-element_type=\"widget\" data-e-type=\"widget\" data-widget_type=\"image.default\">\n\t\t\t\t<div class=\"elementor-widget-container\">\n\t\t\t\t\t\t\t\t\t\t\t\t\t\t\t<img decoding=\"async\" width=\"800\" height=\"480\" src=\"https:\/\/serpilasamhairclinic.com\/wp-content\/uploads\/2022\/02\/hair-transplant-sa-1024x615.jpg\" class=\"attachment-large size-large wp-image-577\" alt=\"\" srcset=\"https:\/\/serpilasamhairclinic.com\/wp-content\/uploads\/2022\/02\/hair-transplant-sa-1024x615.jpg 1024w, https:\/\/serpilasamhairclinic.com\/wp-content\/uploads\/2022\/02\/hair-transplant-sa-300x180.jpg 300w, https:\/\/serpilasamhairclinic.com\/wp-content\/uploads\/2022\/02\/hair-transplant-sa-768x461.jpg 768w, https:\/\/serpilasamhairclinic.com\/wp-content\/uploads\/2022\/02\/hair-transplant-sa-1536x922.jpg 1536w, https:\/\/serpilasamhairclinic.com\/wp-content\/uploads\/2022\/02\/hair-transplant-sa.jpg 1800w\" sizes=\"(max-width: 800px) 100vw, 800px\" title=\"\">\t\t\t\t\t\t\t\t\t\t\t\t\t\t\t<\/div>\n\t\t\t\t<\/div>\n\t\t\t\t\t<\/div>\n\t\t<\/div>\n\t\t\t\t\t<\/div>\n\t\t<\/section>\n\t\t\t\t<section class=\"elementor-section elementor-top-section elementor-element elementor-element-632af8c elementor-section-boxed elementor-section-height-default elementor-section-height-default\" data-id=\"632af8c\" data-element_type=\"section\" data-e-type=\"section\" id=\"estetik\" data-settings=\"{&quot;background_background&quot;:&quot;classic&quot;}\">\n\t\t\t\t\t\t<div class=\"elementor-container elementor-column-gap-default\">\n\t\t\t\t\t<div class=\"elementor-column elementor-col-100 elementor-top-column elementor-element elementor-element-45c92d73\" data-id=\"45c92d73\" data-element_type=\"column\" data-e-type=\"column\">\n\t\t\t<div class=\"elementor-widget-wrap elementor-element-populated\">\n\t\t\t\t\t\t<div class=\"elementor-element elementor-element-74b40ae elementor-widget elementor-widget-text-editor\" data-id=\"74b40ae\" data-element_type=\"widget\" data-e-type=\"widget\" data-widget_type=\"text-editor.default\">\n\t\t\t\t<div class=\"elementor-widget-container\">\n\t\t\t\t\t\t\t\t\t<h2><strong>COS&#8217;\u00c8 IL TRAPIANTO DI CAPELLI NON RASATI?<\/strong><\/h2><p><strong>Il trapianto<\/strong> di capelli non rasati \u00e8 un metodo di trapianto di capelli eseguito radendo solo l&#8217;area donatrice senza radere la parte anteriore, laterale e posteriore dei capelli o l&#8217;intera area della testa pelosa. In questo metodo, la determinazione dell&#8217;attaccatura dei capelli e dell&#8217;area donatrice e se \u00e8 adatta per il trapianto di capelli non rasati viene eseguita dall&#8217;esperto. Le persone con i capelli lunghi generalmente preferiscono il trapianto di capelli non rasati. L&#8217;area donatrice rasata \u00e8 facilmente mimetizzata coprendo i capelli lunghi. Trapianto di capelli non rasati Trapianto di capelli parzialmente non rasati folcular un\u0131t extrus\u0131on ( <strong>fue<\/strong> ) e viene eseguito in due metodi come trapianto diretto di capelli ( <strong>dhi<\/strong> ).<\/p><h2><strong>Che cos&#8217;\u00e8 il metodo di estrazione dell&#8217;unit\u00e0 follicolare (fue)?<\/strong><\/h2><p>\u00c8 uno dei metodi per ottenere il trasferimento del follicolo pilifero. In questo metodo, i follicoli piliferi vengono prelevati dall&#8217;area donatrice determinata mediante una procedura microchirurgica e preparati per il trasferimento nell&#8217;area da trapiantare. Consiste in 2 fasi di raccolta e trasferimento e offre l&#8217;opportunit\u00e0 di raccogliere in media 2500-3500 semi di follicolo pilifero nella prima fase di raccolta dei semi del follicolo pilifero.<\/p><h2><strong>Che cos&#8217;\u00e8 il metodo di trapianto diretto di capelli (DHI)?<\/strong><\/h2><p>Recentemente, \u00e8 un metodo che consente ai pazienti idonei di sottoporsi al trapianto di capelli senza radersi. In questo metodo, i semi del follicolo pilifero vengono prelevati dall&#8217;area donatrice con una speciale penna medica chiamata choi senza aprire alcun canale e, con l&#8217;aiuto della stessa penna medica, vengono posizionati ad un angolo appropriato rispetto all&#8217;area da trapiantare con la luce pressione.<\/p><h2><strong>CHI PREFERISCE IL TRAPIANTO DI CAPELLI NON RASATI?<\/strong><\/h2><p>Il trapianto di capelli con la barba lunga \u00e8 uno dei metodi pi\u00f9 preferiti. Soprattutto da donne e uomini con i capelli lunghi che non vogliono tagliarsi i capelli. Persone che preferiscono il trapianto di capelli con la barba lunga;<\/p><ul><li>Persone che soffrono di perdita di capelli regionale a causa di un incidente.<\/li><li>Donne che non vogliono che tutti i loro capelli siano rasati.<\/li><li>Gli uomini con i capelli lunghi vogliono coprire la zona calva con i capelli lunghi grazie al trapianto di capelli non rasati o al trapianto di capelli parzialmente rasati.<\/li><li>Quelli con capelli radi piuttosto che calvizie sulla sommit\u00e0 della testa.<\/li><\/ul><h2><strong>Come viene eseguito il trapianto di capelli non rasati e quali sono le fasi?<\/strong><\/h2><ol><li><strong> Consultazione (Ispezione)<\/strong><\/li><\/ol><p>\u00c8 la prima fase in cui \u00e8 previsto il trapianto di capelli non rasati. In questa fase, il medico trasferisce le informazioni necessarie alla persona che dovr\u00e0 sottoporsi al trapianto di capelli e se \u00e8 adatto al trapianto di capelli \u00e8 determinato dall&#8217;esame e dall&#8217;analisi. Quando \u00e8 certo che non ci sono ostacoli al trapianto di capelli, l&#8217;attaccatura dei capelli per il trapianto di capelli non rasati \u00e8 determinata dal medico.<\/p><ol start=\"2\"><li><strong> Fase di preparazione<\/strong><\/li><\/ol><p>In questa fase, tutti i capelli vengono lavati e sterilizzati. L&#8217;area donatrice \u00e8 determinata dallo specialista e anestetizzata in anestesia locale.<\/p><ol start=\"3\"><li><strong> Raccolta di semi di radice di capelli (innesto)<\/strong><\/li><\/ol><p>I semi del follicolo pilifero vengono iniziati a essere raccolti dall&#8217;area donatrice, che viene anestetizzata con anestesia locale. Il numero di semi del follicolo pilifero da raccogliere viene determinato nella prima fase dell&#8217;esame. In generale, i capelli nella zona della nuca vengono scelti come zona donatrice perch\u00e9 sono pi\u00f9 resistenti alla caduta. I semi sani del follicolo pilifero raccolti sono preparati per il trasferimento nell&#8217;area da piantare.<\/p><ol start=\"4\"><li><strong>4<\/strong> . <strong>Apertura dei canali<\/strong><\/li><\/ol><p>I semi del follicolo pilifero raccolti per il trapianto di capelli dovrebbero essere nella stessa direzione e profondit\u00e0 dei capelli nell&#8217;area da piantare. Per questo motivo, l&#8217;angolo dei canali aperti deve essere aperto secondo la direzione di crescita dei capelli nell&#8217;area da trapiantare. In questa fase viene regolata la distanza dei canali, questo \u00e8 un processo che richiede attenzione e pu\u00f2 influenzare il processo dopo la semina. Nel metodo DHI, questo processo di scanalatura non viene eseguito, i semi del follicolo pilifero vengono raccolti uno ad uno con un&#8217;apposita penna direttamente e posizionati con una leggera pressione sull&#8217;area del trapianto di capelli con la stessa penna.<\/p><ol start=\"5\"><li><strong> Trapianto di capelli<\/strong><\/li><\/ol><p>Questa fase \u00e8 l&#8217;ultima e pi\u00f9 importante fase dell&#8217;operazione di trapianto di capelli. \u00c8 molto importante che i semi del follicolo pilifero raccolti siano posti nei canali aperti ad angolo retto. Il medico specialista posiziona il numero appropriato di semi del follicolo pilifero nei canali appropriati come pianificato ed esegue il trapianto di capelli.<\/p><h2><strong>Vantaggi del trapianto di capelli con la barba lunga<\/strong><\/h2><ol><li>La persona che si sottopone all&#8217;operazione potr\u00e0 tornare alla sua vita sociale in un tempo pi\u00f9 breve, poich\u00e9 la zona in cui viene effettuato il trapianto di capelli \u00e8 ricoperta di altri capelli, in quanto non \u00e8 molto evidente.<\/li><li>Dopo l&#8217;operazione, poich\u00e9 l&#8217;area donatrice \u00e8 ricoperta da altri capelli lunghi, le croste guariscono pi\u00f9 velocemente.<\/li><li>Il trapianto di capelli non rasati \u00e8 un processo pi\u00f9 confortevole in termini di estetica e psicologia, soprattutto nelle donne.<\/li><li>Poich\u00e9 nel trapianto di capelli non rasati vengono utilizzati meno semi di follicolo pilifero (innesti), il processo di guarigione \u00e8 pi\u00f9 veloce.<\/li><\/ol>\t\t\t\t\t\t\t\t<\/div>\n\t\t\t\t<\/div>\n\t\t\t\t\t<\/div>\n\t\t<\/div>\n\t\t\t\t\t<\/div>\n\t\t<\/section>\n\t\t\t\t<\/div>\n\t\t","protected":false},"excerpt":{"rendered":"<p>Trapianto di capelli senza barba COS&#8217;\u00c8 IL TRAPIANTO DI CAPELLI NON RASATI? Il trapianto di capelli non rasati \u00e8 un metodo di trapianto di capelli eseguito radendo solo l&#8217;area donatrice senza radere la parte anteriore, laterale e posteriore dei capelli o l&#8217;intera area della testa pelosa. In questo metodo, la determinazione dell&#8217;attaccatura dei capelli e [&hellip;]<\/p>\n","protected":false},"author":1,"featured_media":0,"parent":0,"menu_order":0,"comment_status":"closed","ping_status":"closed","template":"","meta":{"footnotes":""},"class_list":["post-1282","page","type-page","status-publish","hentry"],"_links":{"self":[{"href":"https:\/\/serpilasamhairclinic.com\/it\/wp-json\/wp\/v2\/pages\/1282","targetHints":{"allow":["GET"]}}],"collection":[{"href":"https:\/\/serpilasamhairclinic.com\/it\/wp-json\/wp\/v2\/pages"}],"about":[{"href":"https:\/\/serpilasamhairclinic.com\/it\/wp-json\/wp\/v2\/types\/page"}],"author":[{"embeddable":true,"href":"https:\/\/serpilasamhairclinic.com\/it\/wp-json\/wp\/v2\/users\/1"}],"replies":[{"embeddable":true,"href":"https:\/\/serpilasamhairclinic.com\/it\/wp-json\/wp\/v2\/comments?post=1282"}],"version-history":[{"count":0,"href":"https:\/\/serpilasamhairclinic.com\/it\/wp-json\/wp\/v2\/pages\/1282\/revisions"}],"wp:attachment":[{"href":"https:\/\/serpilasamhairclinic.com\/it\/wp-json\/wp\/v2\/media?parent=1282"}],"curies":[{"name":"wp","href":"https:\/\/api.w.org\/{rel}","templated":true}]}}