{"id":1266,"date":"2022-03-17T10:11:13","date_gmt":"2022-03-17T10:11:13","guid":{"rendered":"https:\/\/serpilasamhairclinic.com\/trapianto-di-capelli-di-zaffiro\/"},"modified":"2022-03-17T10:25:08","modified_gmt":"2022-03-17T10:25:08","slug":"trapianto-di-capelli-di-zaffiro","status":"publish","type":"page","link":"https:\/\/serpilasamhairclinic.com\/it\/trapianto-di-capelli-di-zaffiro\/","title":{"rendered":"Trapianto di capelli di zaffiro"},"content":{"rendered":"\t\t<div data-elementor-type=\"wp-page\" data-elementor-id=\"1266\" class=\"elementor elementor-1266 elementor-1155\" data-elementor-post-type=\"page\">\n\t\t\t\t\t\t<section class=\"elementor-section elementor-top-section elementor-element elementor-element-2c1131e elementor-section-boxed elementor-section-height-default elementor-section-height-default\" data-id=\"2c1131e\" data-element_type=\"section\" data-e-type=\"section\" data-settings=\"{&quot;background_background&quot;:&quot;classic&quot;}\">\n\t\t\t\t\t\t<div class=\"elementor-container elementor-column-gap-default\">\n\t\t\t\t\t<div class=\"elementor-column elementor-col-100 elementor-top-column elementor-element elementor-element-b7c6070\" data-id=\"b7c6070\" data-element_type=\"column\" data-e-type=\"column\">\n\t\t\t<div class=\"elementor-widget-wrap elementor-element-populated\">\n\t\t\t\t\t\t<div class=\"elementor-element elementor-element-6d48f61 elementor-widget elementor-widget-heading\" data-id=\"6d48f61\" data-element_type=\"widget\" data-e-type=\"widget\" data-widget_type=\"heading.default\">\n\t\t\t\t<div class=\"elementor-widget-container\">\n\t\t\t\t\t<h1 class=\"elementor-heading-title elementor-size-default\">Trapianto di capelli di zaffiro<\/h1>\t\t\t\t<\/div>\n\t\t\t\t<\/div>\n\t\t\t\t\t<\/div>\n\t\t<\/div>\n\t\t\t\t\t<\/div>\n\t\t<\/section>\n\t\t\t\t<section class=\"elementor-section elementor-top-section elementor-element elementor-element-af4e8b8 elementor-section-boxed elementor-section-height-default elementor-section-height-default\" data-id=\"af4e8b8\" data-element_type=\"section\" data-e-type=\"section\">\n\t\t\t\t\t\t<div class=\"elementor-container elementor-column-gap-default\">\n\t\t\t\t\t<div class=\"elementor-column elementor-col-50 elementor-top-column elementor-element elementor-element-cc94c6d\" data-id=\"cc94c6d\" data-element_type=\"column\" data-e-type=\"column\">\n\t\t\t<div class=\"elementor-widget-wrap elementor-element-populated\">\n\t\t\t\t\t\t<div class=\"elementor-element elementor-element-7ff20f8 elementor-widget elementor-widget-image\" data-id=\"7ff20f8\" data-element_type=\"widget\" data-e-type=\"widget\" data-widget_type=\"image.default\">\n\t\t\t\t<div class=\"elementor-widget-container\">\n\t\t\t\t\t\t\t\t\t\t\t\t\t\t\t<img fetchpriority=\"high\" decoding=\"async\" width=\"800\" height=\"480\" src=\"https:\/\/serpilasamhairclinic.com\/wp-content\/uploads\/2022\/02\/hair-transplant-sa-1-1024x615.jpg\" class=\"attachment-large size-large wp-image-583\" alt=\"\" srcset=\"https:\/\/serpilasamhairclinic.com\/wp-content\/uploads\/2022\/02\/hair-transplant-sa-1-1024x615.jpg 1024w, https:\/\/serpilasamhairclinic.com\/wp-content\/uploads\/2022\/02\/hair-transplant-sa-1-300x180.jpg 300w, https:\/\/serpilasamhairclinic.com\/wp-content\/uploads\/2022\/02\/hair-transplant-sa-1-768x461.jpg 768w, https:\/\/serpilasamhairclinic.com\/wp-content\/uploads\/2022\/02\/hair-transplant-sa-1-1536x922.jpg 1536w, https:\/\/serpilasamhairclinic.com\/wp-content\/uploads\/2022\/02\/hair-transplant-sa-1.jpg 1800w\" sizes=\"(max-width: 800px) 100vw, 800px\" title=\"\">\t\t\t\t\t\t\t\t\t\t\t\t\t\t\t<\/div>\n\t\t\t\t<\/div>\n\t\t\t\t\t<\/div>\n\t\t<\/div>\n\t\t\t\t<div class=\"elementor-column elementor-col-50 elementor-top-column elementor-element elementor-element-5a7d9ee\" data-id=\"5a7d9ee\" data-element_type=\"column\" data-e-type=\"column\">\n\t\t\t<div class=\"elementor-widget-wrap elementor-element-populated\">\n\t\t\t\t\t\t<div class=\"elementor-element elementor-element-ea7f270 elementor-widget elementor-widget-image\" data-id=\"ea7f270\" data-element_type=\"widget\" data-e-type=\"widget\" data-widget_type=\"image.default\">\n\t\t\t\t<div class=\"elementor-widget-container\">\n\t\t\t\t\t\t\t\t\t\t\t\t\t\t\t<img decoding=\"async\" width=\"800\" height=\"480\" src=\"https:\/\/serpilasamhairclinic.com\/wp-content\/uploads\/2022\/02\/hair-transplant-sa-1024x615.jpg\" class=\"attachment-large size-large wp-image-577\" alt=\"\" srcset=\"https:\/\/serpilasamhairclinic.com\/wp-content\/uploads\/2022\/02\/hair-transplant-sa-1024x615.jpg 1024w, https:\/\/serpilasamhairclinic.com\/wp-content\/uploads\/2022\/02\/hair-transplant-sa-300x180.jpg 300w, https:\/\/serpilasamhairclinic.com\/wp-content\/uploads\/2022\/02\/hair-transplant-sa-768x461.jpg 768w, https:\/\/serpilasamhairclinic.com\/wp-content\/uploads\/2022\/02\/hair-transplant-sa-1536x922.jpg 1536w, https:\/\/serpilasamhairclinic.com\/wp-content\/uploads\/2022\/02\/hair-transplant-sa.jpg 1800w\" sizes=\"(max-width: 800px) 100vw, 800px\" title=\"\">\t\t\t\t\t\t\t\t\t\t\t\t\t\t\t<\/div>\n\t\t\t\t<\/div>\n\t\t\t\t\t<\/div>\n\t\t<\/div>\n\t\t\t\t\t<\/div>\n\t\t<\/section>\n\t\t\t\t<section class=\"elementor-section elementor-top-section elementor-element elementor-element-632af8c elementor-section-boxed elementor-section-height-default elementor-section-height-default\" data-id=\"632af8c\" data-element_type=\"section\" data-e-type=\"section\" id=\"estetik\" data-settings=\"{&quot;background_background&quot;:&quot;classic&quot;}\">\n\t\t\t\t\t\t<div class=\"elementor-container elementor-column-gap-default\">\n\t\t\t\t\t<div class=\"elementor-column elementor-col-100 elementor-top-column elementor-element elementor-element-45c92d73\" data-id=\"45c92d73\" data-element_type=\"column\" data-e-type=\"column\">\n\t\t\t<div class=\"elementor-widget-wrap elementor-element-populated\">\n\t\t\t\t\t\t<div class=\"elementor-element elementor-element-74b40ae elementor-widget elementor-widget-text-editor\" data-id=\"74b40ae\" data-element_type=\"widget\" data-e-type=\"widget\" data-widget_type=\"text-editor.default\">\n\t\t\t\t<div class=\"elementor-widget-container\">\n\t\t\t\t\t\t\t\t\t<p>Oggi, insieme agli sviluppi tecnologici, ci sono stati sviluppi nelle tecniche di trapianto di capelli, uno dei quali \u00e8 il metodo di trapianto di capelli Sapphire. Dal 2001, questo metodo \u00e8 stato applicato frequentemente in tutto il mondo. La tecnica di trapianto di capelli con zaffiro \u00e8 nota come metodo di trapianto di capelli con zaffiro Fue utilizzando strumenti speciali con punte di zaffiro. Contrariamente alla credenza popolare, questi speciali strumenti con punta in zaffiro non sono realizzati in pietra di zaffiro. Le lame in zaffiro sono realizzate in zaffiro sintetico (Al2O3 = ossido di alluminio) e sono centinaia di volte pi\u00f9 resistenti del normale acciaio. Sono resi perfetti per le operazioni di trapianto di capelli passando attraverso fasi speciali.<\/p><h2><strong>Che cos&#8217;\u00e8 il trapianto di capelli con zaffiro?<\/strong><\/h2><p>\u00c8 possibile ottenere risultati permanenti con il metodo di trapianto di capelli in zaffiro per la caduta e il diradamento dei capelli causati sia da fattori genetici che ambientali negli uomini e nelle donne dal passato fino ai giorni nostri.<\/p><p>Trapianto di capelli con zaffiro; \u00c8 una tecnica di trapianto di capelli che utilizza lame con punta in zaffiro utilizzate insieme al metodo fue. Grazie a queste lame di zaffiro utilizzate, poich\u00e9 i canali aperti sono pi\u00f9 minimi, la guarigione \u00e8 pi\u00f9 rapida alla stessa velocit\u00e0.<\/p><h2><strong>Quali sono le fasi del trapianto di capelli con zaffiro?<\/strong><\/h2><ol><li>Dopo la decisione di sottoporsi a un trapianto di capelli di zaffiro, prima di tutto viene eseguito un controllo medico completo.<\/li><li>Dopo gli esami e le prove, si determina l&#8217;area da trapiantare con zaffiro e l&#8217;area donatrice. Successivamente, viene disegnata l&#8217;attaccatura dei capelli dell&#8217;area da trapiantare con i capelli di zaffiro. In questa fase, la quantit\u00e0 media di semi del follicolo pilifero da prelevare viene determinata in base alla larghezza dell&#8217;area da trasferire.<\/li><li>L&#8217;area da trapiantare con zaffiro e l&#8217;area donatrice vengono anestetizzate in anestesia locale.<\/li><li>Nel trapianto di capelli con zaffiro, i semi del follicolo pilifero (innesto) vengono prelevati dall&#8217;area donatrice utilizzando micro motori con il metodo fue.<\/li><li>I semi del follicolo pilifero presi con l&#8217;aiuto di micromotori vengono raccolti con cura in una sezione.<\/li><li>Dopo che il processo di raccolta del follicolo pilifero \u00e8 stato completato, il passaggio successivo, utilizzando lame con punta di zaffiro, viene aperto canali con il dolore, la direzione e la frequenza desiderati nell&#8217;area da trapiantare.<\/li><li>Come ultimo passaggio, i semi del follicolo pilifero raccolti con l&#8217;aiuto di micromotori vengono posti nei canali aperti con lame a punta di zaffiro. Pertanto, il trapianto di capelli con zaffiro \u00e8 completato.<\/li><\/ol><h2><strong>Cose da considerare prima del trapianto di capelli con zaffiro<\/strong><\/h2><ul><li>I fluidificanti del sangue non devono essere usati prima del trapianto di capelli con zaffiro.<\/li><li>Il fumo e l&#8217;uso di alcol devono essere interrotti almeno 1 settimana prima del trapianto di capelli di zaffiro.<\/li><li>Dovresti informare il tuo medico se hai una malattia cronica o farmaci che usi costantemente.<\/li><li>Dovresti riposare bene e dormire prima dell&#8217;operazione di trapianto di capelli con zaffiro.<\/li><\/ul><h2><strong>Cose da considerare dopo il trapianto di capelli con zaffiro<\/strong><\/h2><ol><li>Non dovresti indossare abiti attillati prima e dopo l&#8217;operazione di trapianto di capelli di zaffiro, potresti danneggiare l&#8217;area trapiantata mentre ti vesti.<\/li><li>Dopo il trapianto di capelli di zaffiro, non dovresti usare alcol e sigarette per il periodo determinato dal tuo medico.<\/li><li>Dopo l&#8217;operazione, dovresti usare i farmaci somministrati dal tuo medico per il periodo raccomandato dal tuo medico.<\/li><li>Non dovresti essere esposto al sole per i primi 15 giorni dopo l&#8217;operazione di trapianto di capelli di zaffiro e dovresti stare lontano da attivit\u00e0 come il mare, il bagno turco e la sauna.<\/li><li>Bisogna fare attenzione mentre si \u00e8 sdraiati e non si devono usare accessori come cappelli, scialli, sciarpe senza l&#8217;approvazione del medico.<\/li><li>Dopo il trapianto di capelli di zaffiro, non dovresti esercitare pressione sull&#8217;area trapiantata a mano.<\/li><li>Fino all&#8217;approvazione del medico, non dovresti raderti o applicare trattamenti termici come un asciugacapelli.<\/li><\/ol><h2><strong>Cura dei capelli dopo il trapianto di capelli con zaffiro<\/strong><\/h2><p>Dopo l&#8217;operazione di trapianto di capelli di zaffiro, il primo lavaggio viene solitamente eseguito dal medico. Nella fase successiva, allo scadere del tempo determinato dallo spazio, il lavaggio pu\u00f2 essere effettuato con uno shampoo speciale prescritto dallo specialista. Dopo il trapianto di capelli di zaffiro, nessun altro prodotto deve essere utilizzato oltre ai farmaci e alle creme consigliati dal medico. Dopo il trapianto di capelli in zaffiro, il metodo di rasatura senza forbici non \u00e8 raccomandato. In base al tasso di recupero della persona, puoi raderti con la raccomandazione del medico. Non utilizzare prodotti per la cura dei capelli sui capelli durante la fase di recupero e non eseguire procedure che saranno esposte al calore.<\/p><h2><strong>Chi pu\u00f2 sottoporsi al trapianto di capelli con zaffiro?<\/strong><\/h2><p>Le persone adatte al trapianto di capelli con zaffiro vengono determinate solo dopo un esame completo. Oltre alla salute dei tuoi capelli e dei follicoli piliferi, anche la tua salute generale dovrebbe essere favorevole. Devi avere pi\u00f9 di 18 anni per applicare il trapianto di capelli con zaffiro.<\/p>\t\t\t\t\t\t\t\t<\/div>\n\t\t\t\t<\/div>\n\t\t\t\t\t<\/div>\n\t\t<\/div>\n\t\t\t\t\t<\/div>\n\t\t<\/section>\n\t\t\t\t<\/div>\n\t\t","protected":false},"excerpt":{"rendered":"<p>Trapianto di capelli di zaffiro Oggi, insieme agli sviluppi tecnologici, ci sono stati sviluppi nelle tecniche di trapianto di capelli, uno dei quali \u00e8 il metodo di trapianto di capelli Sapphire. Dal 2001, questo metodo \u00e8 stato applicato frequentemente in tutto il mondo. La tecnica di trapianto di capelli con zaffiro \u00e8 nota come metodo [&hellip;]<\/p>\n","protected":false},"author":1,"featured_media":0,"parent":0,"menu_order":0,"comment_status":"closed","ping_status":"closed","template":"","meta":{"footnotes":""},"class_list":["post-1266","page","type-page","status-publish","hentry"],"_links":{"self":[{"href":"https:\/\/serpilasamhairclinic.com\/it\/wp-json\/wp\/v2\/pages\/1266","targetHints":{"allow":["GET"]}}],"collection":[{"href":"https:\/\/serpilasamhairclinic.com\/it\/wp-json\/wp\/v2\/pages"}],"about":[{"href":"https:\/\/serpilasamhairclinic.com\/it\/wp-json\/wp\/v2\/types\/page"}],"author":[{"embeddable":true,"href":"https:\/\/serpilasamhairclinic.com\/it\/wp-json\/wp\/v2\/users\/1"}],"replies":[{"embeddable":true,"href":"https:\/\/serpilasamhairclinic.com\/it\/wp-json\/wp\/v2\/comments?post=1266"}],"version-history":[{"count":0,"href":"https:\/\/serpilasamhairclinic.com\/it\/wp-json\/wp\/v2\/pages\/1266\/revisions"}],"wp:attachment":[{"href":"https:\/\/serpilasamhairclinic.com\/it\/wp-json\/wp\/v2\/media?parent=1266"}],"curies":[{"name":"wp","href":"https:\/\/api.w.org\/{rel}","templated":true}]}}