{"id":1250,"date":"2022-03-17T10:07:43","date_gmt":"2022-03-17T10:07:43","guid":{"rendered":"https:\/\/serpilasamhairclinic.com\/trattamento-prp\/"},"modified":"2022-03-17T10:23:44","modified_gmt":"2022-03-17T10:23:44","slug":"trattamento-prp","status":"publish","type":"page","link":"https:\/\/serpilasamhairclinic.com\/it\/trattamento-prp\/","title":{"rendered":"Trattamento PRP"},"content":{"rendered":"\t\t<div data-elementor-type=\"wp-page\" data-elementor-id=\"1250\" class=\"elementor elementor-1250\" data-elementor-post-type=\"page\">\n\t\t\t\t\t\t<section class=\"elementor-section elementor-top-section elementor-element elementor-element-2c1131e elementor-section-boxed elementor-section-height-default elementor-section-height-default\" data-id=\"2c1131e\" data-element_type=\"section\" data-e-type=\"section\" data-settings=\"{&quot;background_background&quot;:&quot;classic&quot;}\">\n\t\t\t\t\t\t<div class=\"elementor-container elementor-column-gap-default\">\n\t\t\t\t\t<div class=\"elementor-column elementor-col-100 elementor-top-column elementor-element elementor-element-b7c6070\" data-id=\"b7c6070\" data-element_type=\"column\" data-e-type=\"column\">\n\t\t\t<div class=\"elementor-widget-wrap elementor-element-populated\">\n\t\t\t\t\t\t<div class=\"elementor-element elementor-element-6d48f61 elementor-widget elementor-widget-heading\" data-id=\"6d48f61\" data-element_type=\"widget\" data-e-type=\"widget\" data-widget_type=\"heading.default\">\n\t\t\t\t<div class=\"elementor-widget-container\">\n\t\t\t\t\t<h1 class=\"elementor-heading-title elementor-size-default\">Trattamento PRP<\/h1>\t\t\t\t<\/div>\n\t\t\t\t<\/div>\n\t\t\t\t\t<\/div>\n\t\t<\/div>\n\t\t\t\t\t<\/div>\n\t\t<\/section>\n\t\t\t\t<section class=\"elementor-section elementor-top-section elementor-element elementor-element-af4e8b8 elementor-section-boxed elementor-section-height-default elementor-section-height-default\" data-id=\"af4e8b8\" data-element_type=\"section\" data-e-type=\"section\">\n\t\t\t\t\t\t<div class=\"elementor-container elementor-column-gap-default\">\n\t\t\t\t\t<div class=\"elementor-column elementor-col-50 elementor-top-column elementor-element elementor-element-cc94c6d\" data-id=\"cc94c6d\" data-element_type=\"column\" data-e-type=\"column\">\n\t\t\t<div class=\"elementor-widget-wrap elementor-element-populated\">\n\t\t\t\t\t\t<div class=\"elementor-element elementor-element-7ff20f8 elementor-widget elementor-widget-image\" data-id=\"7ff20f8\" data-element_type=\"widget\" data-e-type=\"widget\" data-widget_type=\"image.default\">\n\t\t\t\t<div class=\"elementor-widget-container\">\n\t\t\t\t\t\t\t\t\t\t\t\t\t\t\t<img fetchpriority=\"high\" decoding=\"async\" width=\"800\" height=\"480\" src=\"https:\/\/serpilasamhairclinic.com\/wp-content\/uploads\/2022\/02\/hair-transplant-sa-2-1024x615.jpg\" class=\"attachment-large size-large wp-image-589\" alt=\"\" srcset=\"https:\/\/serpilasamhairclinic.com\/wp-content\/uploads\/2022\/02\/hair-transplant-sa-2-1024x615.jpg 1024w, https:\/\/serpilasamhairclinic.com\/wp-content\/uploads\/2022\/02\/hair-transplant-sa-2-300x180.jpg 300w, https:\/\/serpilasamhairclinic.com\/wp-content\/uploads\/2022\/02\/hair-transplant-sa-2-768x461.jpg 768w, https:\/\/serpilasamhairclinic.com\/wp-content\/uploads\/2022\/02\/hair-transplant-sa-2-1536x922.jpg 1536w, https:\/\/serpilasamhairclinic.com\/wp-content\/uploads\/2022\/02\/hair-transplant-sa-2.jpg 1800w\" sizes=\"(max-width: 800px) 100vw, 800px\" title=\"\">\t\t\t\t\t\t\t\t\t\t\t\t\t\t\t<\/div>\n\t\t\t\t<\/div>\n\t\t\t\t\t<\/div>\n\t\t<\/div>\n\t\t\t\t<div class=\"elementor-column elementor-col-50 elementor-top-column elementor-element elementor-element-5a7d9ee\" data-id=\"5a7d9ee\" data-element_type=\"column\" data-e-type=\"column\">\n\t\t\t<div class=\"elementor-widget-wrap elementor-element-populated\">\n\t\t\t\t\t\t<div class=\"elementor-element elementor-element-ea7f270 elementor-widget elementor-widget-image\" data-id=\"ea7f270\" data-element_type=\"widget\" data-e-type=\"widget\" data-widget_type=\"image.default\">\n\t\t\t\t<div class=\"elementor-widget-container\">\n\t\t\t\t\t\t\t\t\t\t\t\t\t\t\t<img decoding=\"async\" width=\"800\" height=\"480\" src=\"https:\/\/serpilasamhairclinic.com\/wp-content\/uploads\/2022\/02\/hair-transplant-sa-1024x615.jpg\" class=\"attachment-large size-large wp-image-577\" alt=\"\" srcset=\"https:\/\/serpilasamhairclinic.com\/wp-content\/uploads\/2022\/02\/hair-transplant-sa-1024x615.jpg 1024w, https:\/\/serpilasamhairclinic.com\/wp-content\/uploads\/2022\/02\/hair-transplant-sa-300x180.jpg 300w, https:\/\/serpilasamhairclinic.com\/wp-content\/uploads\/2022\/02\/hair-transplant-sa-768x461.jpg 768w, https:\/\/serpilasamhairclinic.com\/wp-content\/uploads\/2022\/02\/hair-transplant-sa-1536x922.jpg 1536w, https:\/\/serpilasamhairclinic.com\/wp-content\/uploads\/2022\/02\/hair-transplant-sa.jpg 1800w\" sizes=\"(max-width: 800px) 100vw, 800px\" title=\"\">\t\t\t\t\t\t\t\t\t\t\t\t\t\t\t<\/div>\n\t\t\t\t<\/div>\n\t\t\t\t\t<\/div>\n\t\t<\/div>\n\t\t\t\t\t<\/div>\n\t\t<\/section>\n\t\t\t\t<section class=\"elementor-section elementor-top-section elementor-element elementor-element-632af8c elementor-section-boxed elementor-section-height-default elementor-section-height-default\" data-id=\"632af8c\" data-element_type=\"section\" data-e-type=\"section\" id=\"estetik\" data-settings=\"{&quot;background_background&quot;:&quot;classic&quot;}\">\n\t\t\t\t\t\t<div class=\"elementor-container elementor-column-gap-default\">\n\t\t\t\t\t<div class=\"elementor-column elementor-col-100 elementor-top-column elementor-element elementor-element-45c92d73\" data-id=\"45c92d73\" data-element_type=\"column\" data-e-type=\"column\">\n\t\t\t<div class=\"elementor-widget-wrap elementor-element-populated\">\n\t\t\t\t\t\t<div class=\"elementor-element elementor-element-74b40ae elementor-widget elementor-widget-text-editor\" data-id=\"74b40ae\" data-element_type=\"widget\" data-e-type=\"widget\" data-widget_type=\"text-editor.default\">\n\t\t\t\t<div class=\"elementor-widget-container\">\n\t\t\t\t\t\t\t\t\t<p>PRP; \u00c8 una forma di trattamento con l&#8217;iniezione di una sostanza ottenuta dal sangue stesso della persona. La sostanza iniettata \u00e8 plasma arricchito di piastrine. Il plasma \u00e8 un componente del sangue che aiuta il sangue a coagulare e contiene cellule speciali chiamate piastrine o altri fattori e proteine. Questi plasmi contengono anche proteine che promuovono la crescita cellulare. Separando e concentrando il plasma dal sangue si ottiene il prp, un plasma pi\u00f9 ricco di cellule piastriniche. Pertanto, viene iniettato nei tessuti danneggiati e garantisce la proliferazione delle cellule sane.<\/p><h2><strong>Come \u00e8 il trattamento Prp?<\/strong><\/h2><p>Il trattamento con Prp inizia con il prelievo e la raccolta del sangue del paziente in una provetta. Quindi il sangue viene prelevato in una provetta contenente gel. Il sangue raccolto viene separato entro 5-8 minuti mediante il metodo di centrifugazione. La parte plasmatica del sangue ricca di piastrine e fattori di crescita viene separata. Il sangue ottenuto viene applicato all&#8217;area determinata con l&#8217;aiuto dell&#8217;iniezione.<\/p><p><strong>Aree di trattamento Prp<\/strong><\/p><ul><li>Per donare elasticit\u00e0 e lucentezza alla pelle<\/li><li>Prevenire la caduta dei capelli, rafforzare i capelli<\/li><li>Prevenire rughe e depressioni<\/li><li>Ricostruzione della pelle in ferite, crepe e danni alla pelle<\/li><li>Per fornire la guarigione delle ustioni sulla pelle dopo procedure come il laser.<\/li><li>Viene utilizzato in aree come viso, mani e braccia, interno gambe, collo in estetica medica.<\/li><\/ul><h2><strong>Trattamento Capelli Con Prp<\/strong><\/h2><p>\u00c8 normale perdere 100-150 capelli nella vita quotidiana. Tuttavia, un aumento di questo numero indica che \u00e8 necessario prendere precauzioni. Dopo questo punto, prp \u00e8 uno dei primi metodi che incontrerai. Nel processo in cui i capelli iniziano a cadere frequentemente, puoi scegliere il trattamento prp per l&#8217;attaccamento dei follicoli piliferi e una crescita pi\u00f9 sana dopo l&#8217;operazione di trapianto di capelli.<\/p><p>Per il prp da applicare per la caduta dei capelli, al paziente vengono prelevati in media 10 cc di sangue. Questo sangue prelevato viene separato in due parti come sangue bianco e sangue rosso subendo un processo speciale. C&#8217;\u00e8 un fattore di crescita piastrinico nella parte rossa. Dopo aver applicato un trattamento speciale al sangue rosso, viene iniettato nella parte con spargimento o diluizione con il metodo nap aj. La base di questa applicazione \u00e8 il nutrimento dei capelli e la rigenerazione dei tessuti. Il paziente non avverte alcun dolore durante la procedura.<\/p><h2><strong>Quando dovrebbe essere il Prp dopo il trapianto di capelli?<\/strong><\/h2><p>Il PRP \u00e8 un metodo di trattamento utilizzato da molti anni in tutto il mondo e negli ultimi anni ha iniziato a essere preferito. La crescita dei capelli \u00e8 supportata da questo metodo di trattamento. Pertanto, il trattamento con PRP dopo il trapianto di capelli pu\u00f2 essere raccomandato ad alcune persone. Il PRP \u00e8 una buona opzione per aumentare il successo del trapianto di capelli.<\/p><p>Con il PRP, sul cuoio capelluto compaiono fattori di crescita e piastrine. Ci\u00f2 influisce positivamente sull&#8217;intero processo di guarigione. Tuttavia, affinch\u00e9 il trattamento PRP abbia successo, \u00e8 estremamente importante farlo al momento giusto. Il trattamento PRP pu\u00f2 essere eseguito 10 giorni dopo una procedura di trapianto di capelli senza problemi. Altre sessioni dovrebbero essere programmate dopo 1 mese, 3 mesi e 6 mesi. In generale saranno sufficienti un totale di 4 sedute di trattamento.<\/p><p> Allo stesso tempo, il numero di processi e sessioni pu\u00f2 variare da persona a persona. In questi casi, il trattamento con prp pu\u00f2 essere eseguito 3-4 mesi dopo l&#8217;intervento chirurgico. Il numero di sessioni pu\u00f2 variare a seconda delle condizioni della persona.<\/p><h2><strong>Quanto dura il trattamento dei capelli con Prp?<\/strong><\/h2><p>Il trattamento dei capelli con Prp avviene in sessioni che vengono eseguite in media ogni 15 giorni. Il numero delle sedute pu\u00f2 variare a seconda delle esigenze della persona e della decisione del medico specialista. Il processo dura in media 30 minuti. Questo processo pu\u00f2 richiedere 3-4 mesi o pi\u00f9 a seconda delle esigenze della persona. Dopo che le sessioni di trattamento prp sono state completate, il trattamento prp \u00e8 raccomandato una volta all&#8217;anno.<\/p><h2><strong>Quali sono i vantaggi del trattamento Prp?<\/strong><\/h2><ul><li>Poich\u00e9 il plasma speciale \u00e8 ottenuto dal sangue stesso della persona, non vi \u00e8 alcun rischio di allergia.<\/li><li>Grazie all&#8217;iniezione utilizzata nel trattamento Prp, non ci sono cicatrici dopo la procedura.<\/li><li>Non si avverte dolore durante il trattamento.<\/li><li>Aiuta le ferite a guarire pi\u00f9 velocemente, soprattutto dopo l&#8217;operazione di trapianto di capelli.<\/li><li>Supporta la crescita dei capelli pi\u00f9 sana dopo l&#8217;operazione di trapianto di capelli.<\/li><li>Protegge i capelli dalle fuoriuscite,<\/li><li>Aumenta la vitalit\u00e0 del follicolo pilifero,<\/li><li>Ripara la struttura dei capelli e incoraggia la crescita dei capelli,<\/li><li>Rivitalizza i follicoli piliferi dormienti.<\/li><\/ul><h2><strong>Cosa dovrebbe essere dopo l&#8217;applicazione del PRP?<\/strong><\/h2><ul><li>Dopo l&#8217;applicazione del PRP, \u00e8 opportuno applicare del ghiaccio e utilizzare antidolorifici per il dolore molto lieve.<\/li><li>\u00c8 possibile eseguire semplici esercizi di stretching, ma dovrebbero essere evitati esercizi di resistenza al peso. Il tempo per tornare allo sport pu\u00f2 variare tra 3-6 settimane.<\/li><li>Poich\u00e9 il trattamento con PRP viene applicato sulla zona della testa dopo il trapianto di capelli, \u00e8 necessario non esercitare pressione sull&#8217;area interessata.<\/li><li>Sarebbe opportuno chiedere al medico i farmaci che \u00e8 possibile utilizzare dopo l&#8217;applicazione del PRP e il ritorno allo sport.<\/li><\/ul>\t\t\t\t\t\t\t\t<\/div>\n\t\t\t\t<\/div>\n\t\t\t\t\t<\/div>\n\t\t<\/div>\n\t\t\t\t\t<\/div>\n\t\t<\/section>\n\t\t\t\t<\/div>\n\t\t","protected":false},"excerpt":{"rendered":"<p>Trattamento PRP PRP; \u00c8 una forma di trattamento con l&#8217;iniezione di una sostanza ottenuta dal sangue stesso della persona. La sostanza iniettata \u00e8 plasma arricchito di piastrine. Il plasma \u00e8 un componente del sangue che aiuta il sangue a coagulare e contiene cellule speciali chiamate piastrine o altri fattori e proteine. Questi plasmi contengono anche [&hellip;]<\/p>\n","protected":false},"author":1,"featured_media":0,"parent":0,"menu_order":0,"comment_status":"closed","ping_status":"closed","template":"","meta":{"footnotes":""},"class_list":["post-1250","page","type-page","status-publish","hentry"],"_links":{"self":[{"href":"https:\/\/serpilasamhairclinic.com\/it\/wp-json\/wp\/v2\/pages\/1250","targetHints":{"allow":["GET"]}}],"collection":[{"href":"https:\/\/serpilasamhairclinic.com\/it\/wp-json\/wp\/v2\/pages"}],"about":[{"href":"https:\/\/serpilasamhairclinic.com\/it\/wp-json\/wp\/v2\/types\/page"}],"author":[{"embeddable":true,"href":"https:\/\/serpilasamhairclinic.com\/it\/wp-json\/wp\/v2\/users\/1"}],"replies":[{"embeddable":true,"href":"https:\/\/serpilasamhairclinic.com\/it\/wp-json\/wp\/v2\/comments?post=1250"}],"version-history":[{"count":0,"href":"https:\/\/serpilasamhairclinic.com\/it\/wp-json\/wp\/v2\/pages\/1250\/revisions"}],"wp:attachment":[{"href":"https:\/\/serpilasamhairclinic.com\/it\/wp-json\/wp\/v2\/media?parent=1250"}],"curies":[{"name":"wp","href":"https:\/\/api.w.org\/{rel}","templated":true}]}}