{"id":1216,"date":"2022-03-17T10:01:22","date_gmt":"2022-03-17T10:01:22","guid":{"rendered":"https:\/\/serpilasamhairclinic.com\/trapianto-di-capelli-fue\/"},"modified":"2022-03-17T10:20:53","modified_gmt":"2022-03-17T10:20:53","slug":"trapianto-di-capelli-fue","status":"publish","type":"page","link":"https:\/\/serpilasamhairclinic.com\/it\/trapianto-di-capelli-fue\/","title":{"rendered":"Trapianto di capelli FUE"},"content":{"rendered":"\t\t<div data-elementor-type=\"wp-page\" data-elementor-id=\"1216\" class=\"elementor elementor-1216 elementor-1130\" data-elementor-post-type=\"page\">\n\t\t\t\t\t\t<section class=\"elementor-section elementor-top-section elementor-element elementor-element-2c1131e elementor-section-boxed elementor-section-height-default elementor-section-height-default\" data-id=\"2c1131e\" data-element_type=\"section\" data-e-type=\"section\" data-settings=\"{&quot;background_background&quot;:&quot;classic&quot;}\">\n\t\t\t\t\t\t<div class=\"elementor-container elementor-column-gap-default\">\n\t\t\t\t\t<div class=\"elementor-column elementor-col-100 elementor-top-column elementor-element elementor-element-b7c6070\" data-id=\"b7c6070\" data-element_type=\"column\" data-e-type=\"column\">\n\t\t\t<div class=\"elementor-widget-wrap elementor-element-populated\">\n\t\t\t\t\t\t<div class=\"elementor-element elementor-element-6d48f61 elementor-widget elementor-widget-heading\" data-id=\"6d48f61\" data-element_type=\"widget\" data-e-type=\"widget\" data-widget_type=\"heading.default\">\n\t\t\t\t<div class=\"elementor-widget-container\">\n\t\t\t\t\t<h1 class=\"elementor-heading-title elementor-size-default\">Trapianto di capelli FUE<\/h1>\t\t\t\t<\/div>\n\t\t\t\t<\/div>\n\t\t\t\t\t<\/div>\n\t\t<\/div>\n\t\t\t\t\t<\/div>\n\t\t<\/section>\n\t\t\t\t<section class=\"elementor-section elementor-top-section elementor-element elementor-element-af4e8b8 elementor-section-boxed elementor-section-height-default elementor-section-height-default\" data-id=\"af4e8b8\" data-element_type=\"section\" data-e-type=\"section\">\n\t\t\t\t\t\t<div class=\"elementor-container elementor-column-gap-default\">\n\t\t\t\t\t<div class=\"elementor-column elementor-col-50 elementor-top-column elementor-element elementor-element-cc94c6d\" data-id=\"cc94c6d\" data-element_type=\"column\" data-e-type=\"column\">\n\t\t\t<div class=\"elementor-widget-wrap elementor-element-populated\">\n\t\t\t\t\t\t<div class=\"elementor-element elementor-element-7ff20f8 elementor-widget elementor-widget-image\" data-id=\"7ff20f8\" data-element_type=\"widget\" data-e-type=\"widget\" data-widget_type=\"image.default\">\n\t\t\t\t<div class=\"elementor-widget-container\">\n\t\t\t\t\t\t\t\t\t\t\t\t\t\t\t<img fetchpriority=\"high\" decoding=\"async\" width=\"800\" height=\"480\" src=\"https:\/\/serpilasamhairclinic.com\/wp-content\/uploads\/2022\/02\/hair-transplant-sa-1-1024x615.jpg\" class=\"attachment-large size-large wp-image-583\" alt=\"\" srcset=\"https:\/\/serpilasamhairclinic.com\/wp-content\/uploads\/2022\/02\/hair-transplant-sa-1-1024x615.jpg 1024w, https:\/\/serpilasamhairclinic.com\/wp-content\/uploads\/2022\/02\/hair-transplant-sa-1-300x180.jpg 300w, https:\/\/serpilasamhairclinic.com\/wp-content\/uploads\/2022\/02\/hair-transplant-sa-1-768x461.jpg 768w, https:\/\/serpilasamhairclinic.com\/wp-content\/uploads\/2022\/02\/hair-transplant-sa-1-1536x922.jpg 1536w, https:\/\/serpilasamhairclinic.com\/wp-content\/uploads\/2022\/02\/hair-transplant-sa-1.jpg 1800w\" sizes=\"(max-width: 800px) 100vw, 800px\" title=\"\">\t\t\t\t\t\t\t\t\t\t\t\t\t\t\t<\/div>\n\t\t\t\t<\/div>\n\t\t\t\t\t<\/div>\n\t\t<\/div>\n\t\t\t\t<div class=\"elementor-column elementor-col-50 elementor-top-column elementor-element elementor-element-5a7d9ee\" data-id=\"5a7d9ee\" data-element_type=\"column\" data-e-type=\"column\">\n\t\t\t<div class=\"elementor-widget-wrap elementor-element-populated\">\n\t\t\t\t\t\t<div class=\"elementor-element elementor-element-ea7f270 elementor-widget elementor-widget-image\" data-id=\"ea7f270\" data-element_type=\"widget\" data-e-type=\"widget\" data-widget_type=\"image.default\">\n\t\t\t\t<div class=\"elementor-widget-container\">\n\t\t\t\t\t\t\t\t\t\t\t\t\t\t\t<img decoding=\"async\" width=\"800\" height=\"480\" src=\"https:\/\/serpilasamhairclinic.com\/wp-content\/uploads\/2022\/02\/hair-transplant-sa-1024x615.jpg\" class=\"attachment-large size-large wp-image-577\" alt=\"\" srcset=\"https:\/\/serpilasamhairclinic.com\/wp-content\/uploads\/2022\/02\/hair-transplant-sa-1024x615.jpg 1024w, https:\/\/serpilasamhairclinic.com\/wp-content\/uploads\/2022\/02\/hair-transplant-sa-300x180.jpg 300w, https:\/\/serpilasamhairclinic.com\/wp-content\/uploads\/2022\/02\/hair-transplant-sa-768x461.jpg 768w, https:\/\/serpilasamhairclinic.com\/wp-content\/uploads\/2022\/02\/hair-transplant-sa-1536x922.jpg 1536w, https:\/\/serpilasamhairclinic.com\/wp-content\/uploads\/2022\/02\/hair-transplant-sa.jpg 1800w\" sizes=\"(max-width: 800px) 100vw, 800px\" title=\"\">\t\t\t\t\t\t\t\t\t\t\t\t\t\t\t<\/div>\n\t\t\t\t<\/div>\n\t\t\t\t\t<\/div>\n\t\t<\/div>\n\t\t\t\t\t<\/div>\n\t\t<\/section>\n\t\t\t\t<section class=\"elementor-section elementor-top-section elementor-element elementor-element-632af8c elementor-section-boxed elementor-section-height-default elementor-section-height-default\" data-id=\"632af8c\" data-element_type=\"section\" data-e-type=\"section\" id=\"estetik\" data-settings=\"{&quot;background_background&quot;:&quot;classic&quot;}\">\n\t\t\t\t\t\t<div class=\"elementor-container elementor-column-gap-default\">\n\t\t\t\t\t<div class=\"elementor-column elementor-col-100 elementor-top-column elementor-element elementor-element-45c92d73\" data-id=\"45c92d73\" data-element_type=\"column\" data-e-type=\"column\">\n\t\t\t<div class=\"elementor-widget-wrap elementor-element-populated\">\n\t\t\t\t\t\t<div class=\"elementor-element elementor-element-74b40ae elementor-widget elementor-widget-text-editor\" data-id=\"74b40ae\" data-element_type=\"widget\" data-e-type=\"widget\" data-widget_type=\"text-editor.default\">\n\t\t\t\t<div class=\"elementor-widget-container\">\n\t\t\t\t\t\t\t\t\t<h2><strong>Estrazione di unit\u00e0 follicolari (FUE)<\/strong><\/h2><p>Il trapianto di capelli Fue \u00e8 un metodo pi\u00f9 comunemente utilizzato per la soluzione permanente dei problemi di caduta e caduta dei capelli (calvizie) in tutto il mondo. \u00c8 un metodo preferito dalle donne cos\u00ec come dagli uomini per ottenere capelli naturali in modo confortevole e permanente senza dolore. La tecnica di <strong>trapianto di capelli Fue<\/strong> viene eseguita raccogliendo semi sani di follicolo pilifero (innesti) dall&#8217;area pelosa sulla testa e posizionandoli nell&#8217;area calva dove si sta diradando o perdendo completamente.<\/p><p>\u00c8 stato applicato in sicurezza in tutto il mondo dal 2004. La tecnica di trapianto di capelli Fue viene eseguita con metodi di trapianto di capelli Sapphire <strong>Fue, trapianto di capelli<\/strong> Unshaven Fue, trapianto di capelli parzialmente rasati e metodi di trapianto di capelli Sedated in linea con la richiesta e le esigenze del paziente. Indipendentemente dalla donna o dall&#8217;uomo, i nostri capelli sono il nostro accessorio pi\u00f9 importante, quindi la tecnica del trapianto di capelli fue offre una soluzione permanente e naturale.<\/p><h2><strong>Prima del trapianto di capelli Fue<\/strong><\/h2><p>Le persone che decidono di sottoporsi al <strong>metodo di trapianto di capelli Fue<\/strong> eseguono prima il primo esame con una persona esperta ed esperta. In questa fase, la struttura del capello, i gradi di radianza o calvizie, le proporzioni della testa e del viso vengono meticolosamente esaminati dal medico, che non ha una condizione medica che ne impedisca l&#8217;operazione. Successivamente si determina la linea di trapianto dei capelli effettuando misurazioni millimetriche dell&#8217;area da trapiantare. Questa fase \u00e8 molto importante in termini di aspetto visivo che si verificher\u00e0 dopo il trapianto di capelli e dovrebbe essere trattata meticolosamente. Successivamente, vengono effettuati gli esami necessari e viene determinato il momento giusto per il trapianto di capelli.<\/p><h2><strong>Quali sono le fasi del trapianto di capelli FUE?<\/strong><\/h2><ol><li><strong>Raccogliere semi di radice di capelli<\/strong><\/li><\/ol><p>Dopo la prima fase di esame e preparazione, le aree in cui verr\u00e0 applicato il trapianto di capelli FUE vengono disinfettate e anestetizzate con anestesia locale per garantire un&#8217;operazione indolore. Questa zona \u00e8 solitamente l&#8217;area della nuca perch\u00e9 i capelli nell&#8217;area della nuca sono pi\u00f9 resistenti allo spargimento. I semi sani e idonei del follicolo pilifero dall&#8217;area donatrice determinata vengono avviati a essere raccolti per mezzo di micromotori a punta molto fine. \u00c8 molto importante prendere questi semi del follicolo pilifero con molta attenzione per essere permanenti nella fase successiva dell&#8217;operazione, quindi i semi del follicolo pilifero raccolti dovrebbero essere i pi\u00f9 sani. In questa fase, ogni follicolo pilifero contiene in media 2,7 capelli. A seconda dell&#8217;idoneit\u00e0 dell&#8217;area donatrice, in una singola sessione possono essere prelevati in media 2000-2500 semi di follicolo pilifero. I semi sani della radice dei capelli raccolti vengono conservati con cura in una soluzione speciale.<\/p><ol start=\"2\"><li><strong>Mettere I Semi Di Radice Di Capelli Nei Canali<\/strong><\/li><\/ol><p>I canali devono essere aperti per posizionare i semi del follicolo pilifero raccolti per il trapianto di capelli FUE. In questa fase, il medico specialista apre con cura il numero determinato di canali con sottilissime fessure con punta in acciaio a forma di matita nella zona in cui verranno trapiantati i capelli. I semi del follicolo pilifero raccolti nel trapianto di capelli FUE vengono posizionati con cura nei canali aperti uno per uno. In questa fase, \u00e8 necessario prestare attenzione alle direzioni di uscita di altri peli nell&#8217;area in cui verranno posizionate le radici. Le procedure di trapianto di capelli Fue vengono completate entro 6-9 ore lo stesso giorno.<\/p><h2><strong>Dopo il trapianto di capelli Fue<\/strong><\/h2><p>Dopo il trapianto di capelli Fue, si verificano lievi gonfiori e arrossamenti nell&#8217;area, ma questi passeranno nel tempo. Dopo il trapianto di capelli FUE, entro una settimana si formeranno croste aghiformi che, nel tempo, guariranno e cadranno sotto forma di forfora. Durante il processo di guarigione, per un po&#8217; si possono avvertire lievi dolori e dolori, questo \u00e8 normale e migliora nel tempo. Dopo l&#8217;operazione, ci sar\u00e0 una certa quantit\u00e0 di spargimento. Dopo il 3\u00b0 mese, i capelli riprenderanno a crescere. Dopo il 6\u00b0 mese, avrai un aspetto visivo migliore. Il risultato netto si vedr\u00e0 dopo 12 o 18 mesi.<\/p><h2><strong>Quali sono i vantaggi del trapianto di capelli Fue?<\/strong><\/h2><p>I benefici del trapianto di capelli Fue sono tanti, se li elenchiamo uno per uno;<\/p><ul><li>Poich\u00e9 non c&#8217;\u00e8 sutura durante l&#8217;operazione, non c&#8217;\u00e8 rischio di cicatrici in seguito.<\/li><li>Non c&#8217;\u00e8 dolore durante la procedura e la fase di recupero \u00e8 pi\u00f9 breve rispetto ad altri metodi.<\/li><li>Dopo l&#8217;operazione, a partire dal 6\u00b0 mese, i capelli iniziano ad avere un bell&#8217;aspetto.<\/li><li>Una soluzione permanente si ottiene entro 12-18 mesi dopo l&#8217;operazione.<\/li><li>Il trapianto di capelli fue \u00e8 una soluzione permanente per la caduta e la calvizie, soprattutto perch\u00e9 \u00e8 costituito da semi sani del follicolo pilifero nell&#8217;area della nuca.<\/li><\/ul>\t\t\t\t\t\t\t\t<\/div>\n\t\t\t\t<\/div>\n\t\t\t\t\t<\/div>\n\t\t<\/div>\n\t\t\t\t\t<\/div>\n\t\t<\/section>\n\t\t\t\t<\/div>\n\t\t","protected":false},"excerpt":{"rendered":"<p>Trapianto di capelli FUE Estrazione di unit\u00e0 follicolari (FUE) Il trapianto di capelli Fue \u00e8 un metodo pi\u00f9 comunemente utilizzato per la soluzione permanente dei problemi di caduta e caduta dei capelli (calvizie) in tutto il mondo. \u00c8 un metodo preferito dalle donne cos\u00ec come dagli uomini per ottenere capelli naturali in modo confortevole e [&hellip;]<\/p>\n","protected":false},"author":1,"featured_media":0,"parent":0,"menu_order":0,"comment_status":"closed","ping_status":"closed","template":"","meta":{"footnotes":""},"class_list":["post-1216","page","type-page","status-publish","hentry"],"_links":{"self":[{"href":"https:\/\/serpilasamhairclinic.com\/it\/wp-json\/wp\/v2\/pages\/1216","targetHints":{"allow":["GET"]}}],"collection":[{"href":"https:\/\/serpilasamhairclinic.com\/it\/wp-json\/wp\/v2\/pages"}],"about":[{"href":"https:\/\/serpilasamhairclinic.com\/it\/wp-json\/wp\/v2\/types\/page"}],"author":[{"embeddable":true,"href":"https:\/\/serpilasamhairclinic.com\/it\/wp-json\/wp\/v2\/users\/1"}],"replies":[{"embeddable":true,"href":"https:\/\/serpilasamhairclinic.com\/it\/wp-json\/wp\/v2\/comments?post=1216"}],"version-history":[{"count":0,"href":"https:\/\/serpilasamhairclinic.com\/it\/wp-json\/wp\/v2\/pages\/1216\/revisions"}],"wp:attachment":[{"href":"https:\/\/serpilasamhairclinic.com\/it\/wp-json\/wp\/v2\/media?parent=1216"}],"curies":[{"name":"wp","href":"https:\/\/api.w.org\/{rel}","templated":true}]}}