{"id":1200,"date":"2022-03-17T10:05:13","date_gmt":"2022-03-17T10:05:13","guid":{"rendered":"https:\/\/serpilasamhairclinic.com\/trapianto-di-sopracciglia\/"},"modified":"2022-03-17T10:19:19","modified_gmt":"2022-03-17T10:19:19","slug":"trapianto-di-sopracciglia","status":"publish","type":"page","link":"https:\/\/serpilasamhairclinic.com\/it\/trapianto-di-sopracciglia\/","title":{"rendered":"Trapianto di sopracciglia"},"content":{"rendered":"\t\t<div data-elementor-type=\"wp-page\" data-elementor-id=\"1200\" class=\"elementor elementor-1200 elementor-1140\" data-elementor-post-type=\"page\">\n\t\t\t\t\t\t<section class=\"elementor-section elementor-top-section elementor-element elementor-element-2c1131e elementor-section-boxed elementor-section-height-default elementor-section-height-default\" data-id=\"2c1131e\" data-element_type=\"section\" data-e-type=\"section\" data-settings=\"{&quot;background_background&quot;:&quot;classic&quot;}\">\n\t\t\t\t\t\t<div class=\"elementor-container elementor-column-gap-default\">\n\t\t\t\t\t<div class=\"elementor-column elementor-col-100 elementor-top-column elementor-element elementor-element-b7c6070\" data-id=\"b7c6070\" data-element_type=\"column\" data-e-type=\"column\">\n\t\t\t<div class=\"elementor-widget-wrap elementor-element-populated\">\n\t\t\t\t\t\t<div class=\"elementor-element elementor-element-6d48f61 elementor-widget elementor-widget-heading\" data-id=\"6d48f61\" data-element_type=\"widget\" data-e-type=\"widget\" data-widget_type=\"heading.default\">\n\t\t\t\t<div class=\"elementor-widget-container\">\n\t\t\t\t\t<h1 class=\"elementor-heading-title elementor-size-default\">Trapianto di sopracciglia<\/h1>\t\t\t\t<\/div>\n\t\t\t\t<\/div>\n\t\t\t\t\t<\/div>\n\t\t<\/div>\n\t\t\t\t\t<\/div>\n\t\t<\/section>\n\t\t\t\t<section class=\"elementor-section elementor-top-section elementor-element elementor-element-af4e8b8 elementor-section-boxed elementor-section-height-default elementor-section-height-default\" data-id=\"af4e8b8\" data-element_type=\"section\" data-e-type=\"section\">\n\t\t\t\t\t\t<div class=\"elementor-container elementor-column-gap-default\">\n\t\t\t\t\t<div class=\"elementor-column elementor-col-50 elementor-top-column elementor-element elementor-element-cc94c6d\" data-id=\"cc94c6d\" data-element_type=\"column\" data-e-type=\"column\">\n\t\t\t<div class=\"elementor-widget-wrap\">\n\t\t\t\t\t\t\t<\/div>\n\t\t<\/div>\n\t\t\t\t<div class=\"elementor-column elementor-col-50 elementor-top-column elementor-element elementor-element-5a7d9ee\" data-id=\"5a7d9ee\" data-element_type=\"column\" data-e-type=\"column\">\n\t\t\t<div class=\"elementor-widget-wrap\">\n\t\t\t\t\t\t\t<\/div>\n\t\t<\/div>\n\t\t\t\t\t<\/div>\n\t\t<\/section>\n\t\t\t\t<section class=\"elementor-section elementor-top-section elementor-element elementor-element-632af8c elementor-section-boxed elementor-section-height-default elementor-section-height-default\" data-id=\"632af8c\" data-element_type=\"section\" data-e-type=\"section\" id=\"estetik\" data-settings=\"{&quot;background_background&quot;:&quot;classic&quot;}\">\n\t\t\t\t\t\t<div class=\"elementor-container elementor-column-gap-default\">\n\t\t\t\t\t<div class=\"elementor-column elementor-col-100 elementor-top-column elementor-element elementor-element-45c92d73\" data-id=\"45c92d73\" data-element_type=\"column\" data-e-type=\"column\">\n\t\t\t<div class=\"elementor-widget-wrap elementor-element-populated\">\n\t\t\t\t\t\t<div class=\"elementor-element elementor-element-74b40ae elementor-widget elementor-widget-text-editor\" data-id=\"74b40ae\" data-element_type=\"widget\" data-e-type=\"widget\" data-widget_type=\"text-editor.default\">\n\t\t\t\t<div class=\"elementor-widget-container\">\n\t\t\t\t\t\t\t\t\t<p>Le sopracciglia svolgono un ruolo importante nell&#8217;espressione facciale circondando gli occhi. La perdita di espressione pu\u00f2 verificarsi a causa del diradamento o della caduta delle sopracciglia. C&#8217;\u00e8 una soluzione a questi spargimento e diradamento, che rende le donne infelici in termini di estetica, con il trapianto di sopracciglia. Il numero di persone che si sottopongono a un&#8217;operazione di <strong>trapianto di sopracciglia<\/strong> aumenta di giorno in giorno. Fatta eccezione per la perdita delle sopracciglia, soprattutto per motivi di salute, chi vuole avere un aspetto pi\u00f9 pieno, chiaro e naturale esteticamente si sottopone al trapianto di sopracciglia. A parte le preoccupazioni estetiche, il trapianto di sopracciglia \u00e8 il metodo pi\u00f9 naturale e permanente per le lesioni subite nell&#8217;area delle sopracciglia, ustioni e cicatrici permanenti.<\/p><h2><strong>Che cos&#8217;\u00e8 il trapianto di sopracciglia?<\/strong><\/h2><p>Il trapianto di sopracciglia \u00e8 il processo di posizionamento dei semi del follicolo pilifero prelevati dai follicoli <strong>piliferi<\/strong> della persona di assottigliamento o perdita regionale dei capelli del sopracciglio nell&#8217;area del sopracciglio in donne o uomini, con incisioni molto minime.<\/p><h2><strong>Prima del trapianto di sopracciglia<\/strong><\/h2><p>Dopo aver deciso di sottoporsi a un&#8217;operazione di trapianto di sopracciglia, un attento processo di esame dovrebbe essere eseguito da uno specialista e da un medico esperto. Questo processo \u00e8 molto importante sia per la persona che vuole sottoporsi al trapianto di sopracciglia che per lo specialista. Dopo l&#8217;esame e le analisi necessarie, lo specialista dovrebbe ascoltare i desideri della persona che decide di sottoporsi a un <strong>trapianto di sopracciglia<\/strong> e le sue aspettative dall&#8217;operazione e dovrebbe essere presa una decisione chiara. In questo processo, viene presa la sezione aurea in base al tipo di viso della persona da trapiantare, vengono effettuate le misurazioni necessarie e viene disegnata visivamente la forma finale e un&#8217;idea di come sar\u00e0 dopo l&#8217;operazione.<\/p><h2><strong>Dopo l&#8217;operazione di trapianto di sopracciglia?<\/strong><\/h2><ul><li>Poich\u00e9 l&#8217;operazione del sopracciglio \u00e8 una procedura molto pi\u00f9 breve rispetto ad altri metodi di trapianto, \u00e8 un processo relativamente facile in seguito. La procedura richiede in media da 1 a 2 ore, anche se il processo di recupero dopo la procedura varia da persona a persona, richiede una media di 7 giorni. In questo periodo di 7 giorni, si verifica la formazione di croste nell&#8217;area del sopracciglio trapiantato. Questo aspetto crostoso viene gradualmente versato in questo processo e la persona pu\u00f2 facilmente tornare alla vita sociale e lavorativa. Dopo l&#8217;operazione, dovresti riposare per il periodo determinato dal tuo medico. Dopo l&#8217;operazione di <strong>trapianto del sopracciglio<\/strong> , dovresti applicare la prescrizione completamente e non dovresti esercitare alcuna pressione sull&#8217;area del trapianto del sopracciglio.<\/li><li>In questo processo, quando le sopracciglia iniziano a crescere, pettinarsi delicatamente nella direzione del sopracciglio fisser\u00e0 la direzione delle sopracciglia e visivamente sar\u00e0 buono. Inoltre, le sopracciglia trapiantate crescono pi\u00f9 velocemente delle altre sopracciglia perch\u00e9 sono semi di radice di capelli, quindi dovrebbero essere accorciati ogni 15 giorni o in base alla frequenza di crescita.<\/li><li>Attivit\u00e0 come nuotare in mare e prendere il sole sono severamente vietate per 15 giorni dopo l&#8217;operazione di trapianto del sopracciglio.<\/li><li>Dopo il trapianto di sopracciglia, si dovrebbero aspettare 10-15 giorni per andare in luoghi come l&#8217;hammam e la sauna.<\/li><li>In questo processo, qualsiasi sostanza diversa dai farmaci raccomandati dal medico non dovrebbe essere applicata sulle sopracciglia e il trucco non dovrebbe essere applicato su quella zona.<\/li><li>Potrebbero esserci delle sopracciglia perse per un po&#8217; dopo l&#8217;operazione di trapianto di sopracciglia, questo \u00e8 normale, non essere nervoso.<\/li><li>Le sopracciglia trapiantate inizieranno a crescere di nuovo dopo 3 mesi. Alla fine di un processo di 7-8 mesi, puoi vedere il risultato netto. Tuttavia, questo processo pu\u00f2 richiedere fino a 1 anno. Trascorso questo tempo, avrai sopracciglia naturali e permanenti.<\/li><\/ul><h2><strong>Quali sono le fasi del trapianto di sopracciglia?<\/strong><\/h2><p>Dopo aver deciso l&#8217;operazione di trapianto del sopracciglio, le fasi del <strong>trapianto del sopracciglio<\/strong> delle persone che non costituiscono un ostacolo all&#8217;operazione;<\/p><ul><li>Un esame e un&#8217;analisi dell&#8217;idoneit\u00e0 al trapianto di sopracciglia.<\/li><li>Decidere la forma del sopracciglio e prendere le misure necessarie e disegnare la forma finale della forma del sopracciglio prendendo il rapporto aureo.<\/li><li>L&#8217;area donatrice e le sopracciglia vengono anestetizzate in anestesia locale.<\/li><li>A seconda dell&#8217;area necessaria, il numero di semi del follicolo pilifero determinato in anticipo viene prelevato dall&#8217;area.<\/li><li>I semi del follicolo pilifero rimossi vengono inseriti nei tagli praticando minime incisioni nelle aree determinate sul sopracciglio.<\/li><li>Poich\u00e9 le sopracciglia sono una regione che pu\u00f2 essere vista chiaramente nella zona del viso, nella fase successiva, gli esperti dovrebbero praticare incisioni molto piccole in modo che le persone che si sottopongono al trapianto di sopracciglia non abbiano problemi estetici.<\/li><li>Il processo richiede da 1 a 2 ore a seconda delle persone e del metodo applicato. Il paziente non ha bisogno di rimanere in ospedale dopo l&#8217;operazione. Viene dimesso lo stesso giorno.<\/li><\/ul>\t\t\t\t\t\t\t\t<\/div>\n\t\t\t\t<\/div>\n\t\t\t\t\t<\/div>\n\t\t<\/div>\n\t\t\t\t\t<\/div>\n\t\t<\/section>\n\t\t\t\t<\/div>\n\t\t","protected":false},"excerpt":{"rendered":"<p>Trapianto di sopracciglia Le sopracciglia svolgono un ruolo importante nell&#8217;espressione facciale circondando gli occhi. La perdita di espressione pu\u00f2 verificarsi a causa del diradamento o della caduta delle sopracciglia. C&#8217;\u00e8 una soluzione a questi spargimento e diradamento, che rende le donne infelici in termini di estetica, con il trapianto di sopracciglia. Il numero di persone [&hellip;]<\/p>\n","protected":false},"author":1,"featured_media":0,"parent":0,"menu_order":0,"comment_status":"closed","ping_status":"closed","template":"","meta":{"footnotes":""},"class_list":["post-1200","page","type-page","status-publish","hentry"],"_links":{"self":[{"href":"https:\/\/serpilasamhairclinic.com\/it\/wp-json\/wp\/v2\/pages\/1200","targetHints":{"allow":["GET"]}}],"collection":[{"href":"https:\/\/serpilasamhairclinic.com\/it\/wp-json\/wp\/v2\/pages"}],"about":[{"href":"https:\/\/serpilasamhairclinic.com\/it\/wp-json\/wp\/v2\/types\/page"}],"author":[{"embeddable":true,"href":"https:\/\/serpilasamhairclinic.com\/it\/wp-json\/wp\/v2\/users\/1"}],"replies":[{"embeddable":true,"href":"https:\/\/serpilasamhairclinic.com\/it\/wp-json\/wp\/v2\/comments?post=1200"}],"version-history":[{"count":0,"href":"https:\/\/serpilasamhairclinic.com\/it\/wp-json\/wp\/v2\/pages\/1200\/revisions"}],"wp:attachment":[{"href":"https:\/\/serpilasamhairclinic.com\/it\/wp-json\/wp\/v2\/media?parent=1200"}],"curies":[{"name":"wp","href":"https:\/\/api.w.org\/{rel}","templated":true}]}}