{"id":1184,"date":"2022-03-17T10:09:25","date_gmt":"2022-03-17T10:09:25","guid":{"rendered":"https:\/\/serpilasamhairclinic.com\/trapianto-di-barba-e-baffi\/"},"modified":"2022-03-17T10:17:45","modified_gmt":"2022-03-17T10:17:45","slug":"trapianto-di-barba-e-baffi","status":"publish","type":"page","link":"https:\/\/serpilasamhairclinic.com\/it\/trapianto-di-barba-e-baffi\/","title":{"rendered":"Trapianto di barba e baffi"},"content":{"rendered":"\t\t<div data-elementor-type=\"wp-page\" data-elementor-id=\"1184\" class=\"elementor elementor-1184 elementor-1150\" data-elementor-post-type=\"page\">\n\t\t\t\t\t\t<section class=\"elementor-section elementor-top-section elementor-element elementor-element-2c1131e elementor-section-boxed elementor-section-height-default elementor-section-height-default\" data-id=\"2c1131e\" data-element_type=\"section\" data-e-type=\"section\" data-settings=\"{&quot;background_background&quot;:&quot;classic&quot;}\">\n\t\t\t\t\t\t<div class=\"elementor-container elementor-column-gap-default\">\n\t\t\t\t\t<div class=\"elementor-column elementor-col-100 elementor-top-column elementor-element elementor-element-b7c6070\" data-id=\"b7c6070\" data-element_type=\"column\" data-e-type=\"column\">\n\t\t\t<div class=\"elementor-widget-wrap elementor-element-populated\">\n\t\t\t\t\t\t<div class=\"elementor-element elementor-element-6d48f61 elementor-widget elementor-widget-heading\" data-id=\"6d48f61\" data-element_type=\"widget\" data-e-type=\"widget\" data-widget_type=\"heading.default\">\n\t\t\t\t<div class=\"elementor-widget-container\">\n\t\t\t\t\t<h1 class=\"elementor-heading-title elementor-size-default\">Trapianto di barba e baffi<\/h1>\t\t\t\t<\/div>\n\t\t\t\t<\/div>\n\t\t\t\t\t<\/div>\n\t\t<\/div>\n\t\t\t\t\t<\/div>\n\t\t<\/section>\n\t\t\t\t<section class=\"elementor-section elementor-top-section elementor-element elementor-element-af4e8b8 elementor-section-boxed elementor-section-height-default elementor-section-height-default\" data-id=\"af4e8b8\" data-element_type=\"section\" data-e-type=\"section\">\n\t\t\t\t\t\t<div class=\"elementor-container elementor-column-gap-default\">\n\t\t\t\t\t<div class=\"elementor-column elementor-col-50 elementor-top-column elementor-element elementor-element-cc94c6d\" data-id=\"cc94c6d\" data-element_type=\"column\" data-e-type=\"column\">\n\t\t\t<div class=\"elementor-widget-wrap elementor-element-populated\">\n\t\t\t\t\t\t<div class=\"elementor-element elementor-element-b02fa68 elementor-widget elementor-widget-image\" data-id=\"b02fa68\" data-element_type=\"widget\" data-e-type=\"widget\" data-widget_type=\"image.default\">\n\t\t\t\t<div class=\"elementor-widget-container\">\n\t\t\t\t\t\t\t\t\t\t\t\t\t\t\t<img fetchpriority=\"high\" decoding=\"async\" width=\"800\" height=\"534\" src=\"https:\/\/serpilasamhairclinic.com\/wp-content\/uploads\/2022\/02\/beard-transplant-1024x683.jpg\" class=\"attachment-large size-large wp-image-655\" alt=\"\" srcset=\"https:\/\/serpilasamhairclinic.com\/wp-content\/uploads\/2022\/02\/beard-transplant-1024x683.jpg 1024w, https:\/\/serpilasamhairclinic.com\/wp-content\/uploads\/2022\/02\/beard-transplant-300x200.jpg 300w, https:\/\/serpilasamhairclinic.com\/wp-content\/uploads\/2022\/02\/beard-transplant-768x512.jpg 768w, https:\/\/serpilasamhairclinic.com\/wp-content\/uploads\/2022\/02\/beard-transplant-1536x1024.jpg 1536w, https:\/\/serpilasamhairclinic.com\/wp-content\/uploads\/2022\/02\/beard-transplant-2048x1365.jpg 2048w\" sizes=\"(max-width: 800px) 100vw, 800px\" title=\"\">\t\t\t\t\t\t\t\t\t\t\t\t\t\t\t<\/div>\n\t\t\t\t<\/div>\n\t\t\t\t\t<\/div>\n\t\t<\/div>\n\t\t\t\t<div class=\"elementor-column elementor-col-50 elementor-top-column elementor-element elementor-element-5a7d9ee\" data-id=\"5a7d9ee\" data-element_type=\"column\" data-e-type=\"column\">\n\t\t\t<div class=\"elementor-widget-wrap\">\n\t\t\t\t\t\t\t<\/div>\n\t\t<\/div>\n\t\t\t\t\t<\/div>\n\t\t<\/section>\n\t\t\t\t<section class=\"elementor-section elementor-top-section elementor-element elementor-element-632af8c elementor-section-boxed elementor-section-height-default elementor-section-height-default\" data-id=\"632af8c\" data-element_type=\"section\" data-e-type=\"section\" id=\"estetik\" data-settings=\"{&quot;background_background&quot;:&quot;classic&quot;}\">\n\t\t\t\t\t\t<div class=\"elementor-container elementor-column-gap-default\">\n\t\t\t\t\t<div class=\"elementor-column elementor-col-100 elementor-top-column elementor-element elementor-element-45c92d73\" data-id=\"45c92d73\" data-element_type=\"column\" data-e-type=\"column\">\n\t\t\t<div class=\"elementor-widget-wrap elementor-element-populated\">\n\t\t\t\t\t\t<div class=\"elementor-element elementor-element-74b40ae elementor-widget elementor-widget-text-editor\" data-id=\"74b40ae\" data-element_type=\"widget\" data-e-type=\"widget\" data-widget_type=\"text-editor.default\">\n\t\t\t\t<div class=\"elementor-widget-container\">\n\t\t\t\t\t\t\t\t\t<p><strong>Barbe e baffi<\/strong> svolgono un ruolo importante nell&#8217;espressione facciale degli uomini. Barbe e baffi, che sono considerati accessori da uomo, possono essere assottigliati o persi per vari motivi. Potrebbe non venire fuori affatto a causa di alcuni fattori genetici. La perdita di espressione pu\u00f2 verificarsi a causa del diradamento o della caduta di barba e baffi. C&#8217;\u00e8 una soluzione a questa caduta e diradamento dei capelli, che rende gli uomini infelici dal punto di vista estetico, con il trapianto di barba e baffi. Il numero di persone che si sottopongono ad operazioni di trapianto di barba e baffi aumenta di giorno in giorno. Oltre alla perdita di barba e baffi, soprattutto per motivi di salute, chi desidera un aspetto pi\u00f9 pieno e naturale esteticamente ha il <strong>trapianto di barba e baffi<\/strong> . A parte le preoccupazioni estetiche, il trapianto di sopracciglia \u00e8 il metodo pi\u00f9 naturale e permanente per le lesioni subite nella zona della barba o dei baffi, ustioni e cicatrici permanenti.<\/p><h2><strong>Che cos&#8217;\u00e8 barba e baffi?<\/strong><\/h2><p>Il trapianto di barba e baffi \u00e8 il processo di inserimento di diradamento o spargimento regionale nella zona del viso e del labbro superiore degli uomini, il follicolo pilifero ha prelevato i semi dalla persona stessa, aprendo canali molto piccoli e posizionandoli nella zona della <strong>barba o dei baffi<\/strong> da piantare .<\/p><h2><strong>Com&#8217;\u00e8 il trapianto di barba e baffi?<\/strong><\/h2><p>Trapianto di barba o baffi, i capelli sulla parte posteriore della testa che sono resistenti allo spargimento sono determinati come area donatrice. Un&#8217;altra regione \u00e8 la regione degli zigomi e del collo, che pu\u00f2 essere selezionata come regione donatrice in queste regioni, e hanno una struttura radicolare adatta al trapianto di barba e baffi. In alcuni metodi, in base alla struttura dei capelli e delle radici nel torace o nella regione posteriore della persona, vengono selezionati come donatori in quelle regioni. Tuttavia, la struttura dei capelli in queste aree non \u00e8 preferita perch\u00e9 non \u00e8 dura e resistente come i capelli nella zona della barba o dei baffi. Vengono raccolti semi sani del follicolo pilifero nell&#8217;area donatrice. Nel processo successivo, vengono aperti canali molto piccoli in modo che non ci siano tracce che potrebbero sembrare sgradevoli dal punto di vista estetico. Il trapianto di barba e baffi viene eseguito posizionando i semi dei follicoli piliferi in questi canali aperti.<\/p><h2><strong>Quali sono le fasi del trapianto di barba e baffi?<\/strong><\/h2><p>Dopo aver deciso un&#8217;operazione di trapianto di barba o baffi, le fasi del trapianto di barba o baffi delle persone che non costituiscono un ostacolo all&#8217;operazione;<\/p><ul><li>Un esame e un&#8217;analisi dell&#8217;idoneit\u00e0 al trapianto di barba o baffi.<\/li><li>Si decide la forma della barba o dei baffi, si prendono le misure necessarie e si disegna visivamente la forma finale.<\/li><li>La zona donatrice e la zona dei baffi o della barba da trapiantare vengono anestetizzate in anestesia locale.<\/li><li>A seconda dell&#8217;area necessaria, il numero di semi del follicolo pilifero determinato in anticipo viene prelevato dall&#8217;area.<\/li><li>I semi del follicolo pilifero rimossi vengono inseriti nei tagli aprendo canali minimi sulle aree dei baffi o della barba senza aspettare.<\/li><li>Poich\u00e9 barba e baffi sono una regione che si vede chiaramente nella zona del viso, dovrebbe essere fatto creando canali molto piccoli da specialisti in modo che le persone trapiantate non abbiano problemi estetici nel processo successivo.<\/li><li>Il processo richiede da 1 a 2 ore a seconda delle persone, del metodo applicato e delle dimensioni dell&#8217;area. Il paziente non ha bisogno di rimanere in ospedale dopo l&#8217;operazione. Viene dimesso lo stesso giorno.<\/li><\/ul><h2><strong>Prima del trapianto di barba e baffi<\/strong><\/h2><p>Dopo aver deciso di sottoporsi a un&#8217;operazione di trapianto di barba e baffi, un attento processo di esame dovrebbe essere eseguito da uno specialista e da un medico esperto. Dopo l&#8217;esame e le analisi necessarie, lo specialista dovrebbe ascoltare i desideri della persona che decide di sottoporsi a un trapianto di barba o baffi e le sue aspettative dall&#8217;operazione e dovrebbe essere presa una decisione chiara. In questo processo vengono determinate le parti versate o assottigliate dell&#8217;area del viso della persona da trapiantare e viene disegnata la forma finale che crea un&#8217;idea visiva di come sar\u00e0 dopo l&#8217;operazione. Se l&#8217;area da piantare \u00e8 ampia, l&#8217;aspetto stimato viene determinato con disegni e vengono scambiate idee.<\/p><h2><strong>Vantaggi dell&#8217;operazione di trapianto di barba e baffi<\/strong><\/h2><p>Se hai seguito le indicazioni del tuo medico dopo la corretta operazione di trapianto di barba e baffi, avrai barba e baffi che non possono essere compresi dall&#8217;esterno.<\/p><p>Ti sentirai pi\u00f9 a tuo agio e felice esteticamente e psicologicamente. Avrai barbe e baffi naturali e folti in modo permanente.<\/p>\t\t\t\t\t\t\t\t<\/div>\n\t\t\t\t<\/div>\n\t\t\t\t\t<\/div>\n\t\t<\/div>\n\t\t\t\t\t<\/div>\n\t\t<\/section>\n\t\t\t\t<\/div>\n\t\t","protected":false},"excerpt":{"rendered":"<p>Trapianto di barba e baffi Barbe e baffi svolgono un ruolo importante nell&#8217;espressione facciale degli uomini. Barbe e baffi, che sono considerati accessori da uomo, possono essere assottigliati o persi per vari motivi. Potrebbe non venire fuori affatto a causa di alcuni fattori genetici. La perdita di espressione pu\u00f2 verificarsi a causa del diradamento o [&hellip;]<\/p>\n","protected":false},"author":1,"featured_media":0,"parent":0,"menu_order":0,"comment_status":"closed","ping_status":"closed","template":"","meta":{"footnotes":""},"class_list":["post-1184","page","type-page","status-publish","hentry"],"_links":{"self":[{"href":"https:\/\/serpilasamhairclinic.com\/it\/wp-json\/wp\/v2\/pages\/1184","targetHints":{"allow":["GET"]}}],"collection":[{"href":"https:\/\/serpilasamhairclinic.com\/it\/wp-json\/wp\/v2\/pages"}],"about":[{"href":"https:\/\/serpilasamhairclinic.com\/it\/wp-json\/wp\/v2\/types\/page"}],"author":[{"embeddable":true,"href":"https:\/\/serpilasamhairclinic.com\/it\/wp-json\/wp\/v2\/users\/1"}],"replies":[{"embeddable":true,"href":"https:\/\/serpilasamhairclinic.com\/it\/wp-json\/wp\/v2\/comments?post=1184"}],"version-history":[{"count":0,"href":"https:\/\/serpilasamhairclinic.com\/it\/wp-json\/wp\/v2\/pages\/1184\/revisions"}],"wp:attachment":[{"href":"https:\/\/serpilasamhairclinic.com\/it\/wp-json\/wp\/v2\/media?parent=1184"}],"curies":[{"name":"wp","href":"https:\/\/api.w.org\/{rel}","templated":true}]}}