{"id":1123,"date":"2022-03-11T06:31:58","date_gmt":"2022-03-11T06:31:58","guid":{"rendered":"https:\/\/serpilasamhairclinic.com\/trapianto-di-capelli-dhi\/"},"modified":"2022-03-11T06:38:34","modified_gmt":"2022-03-11T06:38:34","slug":"trapianto-di-capelli-dhi","status":"publish","type":"page","link":"https:\/\/serpilasamhairclinic.com\/it\/trapianto-di-capelli-dhi\/","title":{"rendered":"Trapianto di capelli DHI"},"content":{"rendered":"\t\t<div data-elementor-type=\"wp-page\" data-elementor-id=\"1123\" class=\"elementor elementor-1123 elementor-1103\" data-elementor-post-type=\"page\">\n\t\t\t\t\t\t<section class=\"elementor-section elementor-top-section elementor-element elementor-element-2c1131e elementor-section-boxed elementor-section-height-default elementor-section-height-default\" data-id=\"2c1131e\" data-element_type=\"section\" data-e-type=\"section\" data-settings=\"{&quot;background_background&quot;:&quot;classic&quot;}\">\n\t\t\t\t\t\t<div class=\"elementor-container elementor-column-gap-default\">\n\t\t\t\t\t<div class=\"elementor-column elementor-col-100 elementor-top-column elementor-element elementor-element-b7c6070\" data-id=\"b7c6070\" data-element_type=\"column\" data-e-type=\"column\">\n\t\t\t<div class=\"elementor-widget-wrap elementor-element-populated\">\n\t\t\t\t\t\t<div class=\"elementor-element elementor-element-6d48f61 elementor-widget elementor-widget-heading\" data-id=\"6d48f61\" data-element_type=\"widget\" data-e-type=\"widget\" data-widget_type=\"heading.default\">\n\t\t\t\t<div class=\"elementor-widget-container\">\n\t\t\t\t\t<h1 class=\"elementor-heading-title elementor-size-default\">Trapianto di capelli DHI<\/h1>\t\t\t\t<\/div>\n\t\t\t\t<\/div>\n\t\t\t\t\t<\/div>\n\t\t<\/div>\n\t\t\t\t\t<\/div>\n\t\t<\/section>\n\t\t\t\t<section class=\"elementor-section elementor-top-section elementor-element elementor-element-af4e8b8 elementor-section-boxed elementor-section-height-default elementor-section-height-default\" data-id=\"af4e8b8\" data-element_type=\"section\" data-e-type=\"section\">\n\t\t\t\t\t\t<div class=\"elementor-container elementor-column-gap-default\">\n\t\t\t\t\t<div class=\"elementor-column elementor-col-50 elementor-top-column elementor-element elementor-element-cc94c6d\" data-id=\"cc94c6d\" data-element_type=\"column\" data-e-type=\"column\">\n\t\t\t<div class=\"elementor-widget-wrap elementor-element-populated\">\n\t\t\t\t\t\t<div class=\"elementor-element elementor-element-7ff20f8 elementor-widget elementor-widget-image\" data-id=\"7ff20f8\" data-element_type=\"widget\" data-e-type=\"widget\" data-widget_type=\"image.default\">\n\t\t\t\t<div class=\"elementor-widget-container\">\n\t\t\t\t\t\t\t\t\t\t\t\t\t\t\t<img fetchpriority=\"high\" decoding=\"async\" width=\"800\" height=\"480\" src=\"https:\/\/serpilasamhairclinic.com\/wp-content\/uploads\/2022\/02\/hair-transplant-sa-1-1024x615.jpg\" class=\"attachment-large size-large wp-image-583\" alt=\"\" srcset=\"https:\/\/serpilasamhairclinic.com\/wp-content\/uploads\/2022\/02\/hair-transplant-sa-1-1024x615.jpg 1024w, https:\/\/serpilasamhairclinic.com\/wp-content\/uploads\/2022\/02\/hair-transplant-sa-1-300x180.jpg 300w, https:\/\/serpilasamhairclinic.com\/wp-content\/uploads\/2022\/02\/hair-transplant-sa-1-768x461.jpg 768w, https:\/\/serpilasamhairclinic.com\/wp-content\/uploads\/2022\/02\/hair-transplant-sa-1-1536x922.jpg 1536w, https:\/\/serpilasamhairclinic.com\/wp-content\/uploads\/2022\/02\/hair-transplant-sa-1.jpg 1800w\" sizes=\"(max-width: 800px) 100vw, 800px\" title=\"\">\t\t\t\t\t\t\t\t\t\t\t\t\t\t\t<\/div>\n\t\t\t\t<\/div>\n\t\t\t\t\t<\/div>\n\t\t<\/div>\n\t\t\t\t<div class=\"elementor-column elementor-col-50 elementor-top-column elementor-element elementor-element-5a7d9ee\" data-id=\"5a7d9ee\" data-element_type=\"column\" data-e-type=\"column\">\n\t\t\t<div class=\"elementor-widget-wrap elementor-element-populated\">\n\t\t\t\t\t\t<div class=\"elementor-element elementor-element-ea7f270 elementor-widget elementor-widget-image\" data-id=\"ea7f270\" data-element_type=\"widget\" data-e-type=\"widget\" data-widget_type=\"image.default\">\n\t\t\t\t<div class=\"elementor-widget-container\">\n\t\t\t\t\t\t\t\t\t\t\t\t\t\t\t<img decoding=\"async\" width=\"800\" height=\"480\" src=\"https:\/\/serpilasamhairclinic.com\/wp-content\/uploads\/2022\/02\/hair-transplant-sa-1024x615.jpg\" class=\"attachment-large size-large wp-image-577\" alt=\"\" srcset=\"https:\/\/serpilasamhairclinic.com\/wp-content\/uploads\/2022\/02\/hair-transplant-sa-1024x615.jpg 1024w, https:\/\/serpilasamhairclinic.com\/wp-content\/uploads\/2022\/02\/hair-transplant-sa-300x180.jpg 300w, https:\/\/serpilasamhairclinic.com\/wp-content\/uploads\/2022\/02\/hair-transplant-sa-768x461.jpg 768w, https:\/\/serpilasamhairclinic.com\/wp-content\/uploads\/2022\/02\/hair-transplant-sa-1536x922.jpg 1536w, https:\/\/serpilasamhairclinic.com\/wp-content\/uploads\/2022\/02\/hair-transplant-sa.jpg 1800w\" sizes=\"(max-width: 800px) 100vw, 800px\" title=\"\">\t\t\t\t\t\t\t\t\t\t\t\t\t\t\t<\/div>\n\t\t\t\t<\/div>\n\t\t\t\t\t<\/div>\n\t\t<\/div>\n\t\t\t\t\t<\/div>\n\t\t<\/section>\n\t\t\t\t<section class=\"elementor-section elementor-top-section elementor-element elementor-element-632af8c elementor-section-boxed elementor-section-height-default elementor-section-height-default\" data-id=\"632af8c\" data-element_type=\"section\" data-e-type=\"section\" id=\"estetik\" data-settings=\"{&quot;background_background&quot;:&quot;classic&quot;}\">\n\t\t\t\t\t\t<div class=\"elementor-container elementor-column-gap-default\">\n\t\t\t\t\t<div class=\"elementor-column elementor-col-100 elementor-top-column elementor-element elementor-element-45c92d73\" data-id=\"45c92d73\" data-element_type=\"column\" data-e-type=\"column\">\n\t\t\t<div class=\"elementor-widget-wrap elementor-element-populated\">\n\t\t\t\t\t\t<div class=\"elementor-element elementor-element-74b40ae elementor-widget elementor-widget-text-editor\" data-id=\"74b40ae\" data-element_type=\"widget\" data-e-type=\"widget\" data-widget_type=\"text-editor.default\">\n\t\t\t\t<div class=\"elementor-widget-container\">\n\t\t\t\t\t\t\t\t\t<h2><strong>Trapianto di capelli Dhi (impianto di capelli diretto)<\/strong><\/h2><p><strong>La caduta dei capelli si verifica<\/strong> a causa di motivi come stress, fattori genetici, scarsa qualit\u00e0 della vita e alimentazione inadeguata dal passato fino ai giorni nostri. Sebbene il giudizio generale sembri essere un problema medico ed estetico vissuto dagli uomini, la caduta dei capelli \u00e8 un problema comune sperimentato dalle donne. Oggi, grazie agli sviluppi medici e tecnologici, la caduta dei capelli \u00e8 stata risolta con diversi metodi.<\/p><p>Uno di questi \u00e8 <strong>il trapianto di capelli DHI,<\/strong> &#8220;Impianto di capelli diretto&#8221;.<\/p><h2><strong>Che cos&#8217;\u00e8 il trapianto di capelli Dhi?<\/strong><\/h2><p><strong>Il trapianto di capelli DHI<\/strong> \u00e8 chiamato impianti di capelli diretti. \u00c8 preferito perch\u00e9 \u00e8 pi\u00f9 comodo di altri metodi di trapianto di capelli.<\/p><h2><strong>Cos&#8217;\u00e8 la penna medica Cho\u0131?<\/strong><\/h2><p><strong>La penna medica Choi<\/strong> \u00e8 un dispositivo medico molto sottile e appuntito, che, grazie alla sua particolare struttura, i follicoli piliferi verranno posizionati sulla penna medica choi quindi trapiantati premendo allo stesso modo l&#8217;apposita area retrostante, senza praticare alcuna incisione.<\/p><h2><strong>Preparativi prima del trapianto di capelli Dhi?<\/strong><\/h2><ul><li>\u00c8 necessario fare una pausa dai fluidificanti del sangue prima delle operazioni di trapianto di capelli.<\/li><li>L&#8217;alcol e il fumo devono essere interrotti alcuni giorni prima dell&#8217;operazione.<\/li><li>La clinica dovrebbe essere informata su allergie, malattie croniche e farmaci che vengono utilizzati continuamente.<\/li><li>Prima del trapianto di capelli, le donne dovrebbero evitare procedure come tinture per capelli e henn\u00e9.<\/li><li>Se c&#8217;\u00e8 eczema o malattie simili sul cuoio capelluto, lo specialista dovrebbe essere curato da un dermatologo.<\/li><\/ul><h2><strong>Quali sono le fasi del trapianto di capelli Dhi?<\/strong><\/h2><ul><li>La regione da piantare viene determinata e il disegno necessario viene eseguito dall&#8217;esperto.<\/li><li>Dopo aver determinato l&#8217;area donatrice, viene applicata l&#8217;anestesia locale per rilassare i follicoli piliferi nell&#8217;area.<\/li><li>I semi di follicoli piliferi sani vengono prelevati dall&#8217;area in cui viene applicata l&#8217;anestesia locale, dall&#8217;angolo retto.<\/li><li>Dopo aver inserito semi sani in una speciale penna choi, i semi di radice di capelli sani presi vengono posizionati sull&#8217;area calva<\/li><li>Il trapianto di capelli DHI deve essere eseguito da professionisti esperti in questa procedura.<\/li><li>Dopo la fine del processo di semina, dopo il primo giorno dopo la procedura, viene eseguito un esame di controllo, come in altri metodi. Il lavaggio viene effettuato il secondo giorno.<\/li><\/ul><h2><strong>Raccomandazioni dopo il trapianto di capelli Dhi<\/strong><\/h2><p>L&#8217;alcol e le sigarette non devono essere utilizzati durante il periodo determinato dalla crescita dei capelli dopo <strong>il trapianto di capelli.<\/strong><\/p><ul><li>In nessun caso si deve esercitare pressione sull&#8217;area trapiantata.<\/li><li>Prestare attenzione quando si \u00e8 sdraiati e non devono essere utilizzati accessori come cappelli e sciarpe se non dietro consiglio del medico.<\/li><li>I farmaci prescritti devono essere utilizzati per intero.<\/li><li>Non dovresti usare l&#8217;asciugacapelli fino a quando il tuo medico non l&#8217;approvazione.<\/li><li>Fino all&#8217;approvazione del medico, non dovresti fare esercizi pesanti e attivit\u00e0 sportive faticose, dovresti mangiare frutta e verdura e consumare molta acqua.<\/li><\/ul><h2><strong>Quanto dura il tempo di guarigione del trapianto di capelli Dhi?<\/strong><\/h2><p>Il tempo di recupero del <strong>trapianto di capelli DHI<\/strong> \u00e8 molto pi\u00f9 breve rispetto ad altri metodi. Nel metodo di trapianto di capelli dh\u0131, il paziente viene dimesso lo stesso giorno. Il giorno dopo l&#8217;operazione, il paziente potr\u00e0 tornare al lavoro.<\/p><p>Dopo l&#8217;operazione, i semi cresceranno in 10 giorni, dopodich\u00e9 in 2 mesi alcuni semi inizieranno a cadere ma \u00e8 normale in quella fase, dopo il 3\u00b0 mese i semi inizieranno a crescere.<\/p><p>Dopo il trapianto di capelli dh\u0131 ha\u0131r, il tempo necessario per completare le fasi del trapianto di capelli varia da circa 12 mesi e, al termine di questo processo, hai la possibilit\u00e0 di vedere chiaramente lo stato finale dei tuoi capelli.<\/p><h2><strong>Quali sono i vantaggi del trapianto di capelli Dhi?<\/strong><\/h2><ul><li>Chi non vuole radersi i capelli, in particolare le donne, questo metodo \u00e8 preferito.<\/li><li>Grazie alla speciale <strong>penna medica cho\u0131<\/strong> , il tempo di guarigione \u00e8 pi\u00f9 breve poich\u00e9 le incisioni e i canali non vengono aperti come altri metodi.<\/li><li>Poich\u00e9 i canali di incisione e impianto non sono aperti e l&#8217;area da trattare \u00e8 pi\u00f9 sana, \u00e8 possibile applicare piantagioni pi\u00f9 frequenti, che forniscono un aspetto pi\u00f9 intenso ed estetico nella fase successiva.<\/li><li>Dal momento che non ci sono rasature e tagli nel metodo di trapianto dh\u0131 ha\u0131r, coloro che hanno trapiantato hanno un processo di recupero pi\u00f9 rapido e confortevole.<\/li><li>\u00c8 un metodo alternativo per non radersi, soprattutto per le donne che non vogliono radersi la testa.<\/li><\/ul><h2><strong>Chi sono le persone che non possono sottoporsi al trapianto di capelli Dhi?<\/strong><\/h2><p>Le persone che non possono sottoporsi al trapianto di capelli dh\u0131 sono quelle che hanno determinate malattie. <strong>Il trapianto di capelli<\/strong> non viene applicato a pazienti con queste malattie, epatite c, a\u0131ds, lichen, pseudopelade.<\/p><p>Altre persone per le quali non \u00e8 possibile eseguire il trapianto di capelli dh\u0131 sono i pazienti cronici che non hanno raggiunto un certo stadio e i pazienti con pressione sanguigna e diabete a cui non viene dato il voto del medico.<\/p><p>Poich\u00e9 il trapianto di capelli \u00e8 una procedura eseguita con i propri semi di follicolo pilifero, <strong>il trapianto<\/strong> di capelli non pu\u00f2 essere eseguito su persone che non hanno semi di follicolo pilifero sufficienti e sani.<\/p><p>Il metodo di <strong>trapianto di capelli DHI<\/strong> non \u00e8 raccomandato per le persone che hanno subito pi\u00f9 di 3 operazioni di trapianto di capelli in precedenza e non hanno ottenuto risultati.<\/p><p>Infine, le persone di et\u00e0 inferiore ai 18 anni non possono sottoporsi legalmente al <strong>trapianto di capelli<\/strong> .<\/p>\t\t\t\t\t\t\t\t<\/div>\n\t\t\t\t<\/div>\n\t\t\t\t\t<\/div>\n\t\t<\/div>\n\t\t\t\t\t<\/div>\n\t\t<\/section>\n\t\t\t\t<\/div>\n\t\t","protected":false},"excerpt":{"rendered":"<p>Trapianto di capelli DHI Trapianto di capelli Dhi (impianto di capelli diretto) La caduta dei capelli si verifica a causa di motivi come stress, fattori genetici, scarsa qualit\u00e0 della vita e alimentazione inadeguata dal passato fino ai giorni nostri. Sebbene il giudizio generale sembri essere un problema medico ed estetico vissuto dagli uomini, la caduta [&hellip;]<\/p>\n","protected":false},"author":1,"featured_media":0,"parent":0,"menu_order":0,"comment_status":"closed","ping_status":"closed","template":"","meta":{"footnotes":""},"class_list":["post-1123","page","type-page","status-publish","hentry"],"_links":{"self":[{"href":"https:\/\/serpilasamhairclinic.com\/it\/wp-json\/wp\/v2\/pages\/1123","targetHints":{"allow":["GET"]}}],"collection":[{"href":"https:\/\/serpilasamhairclinic.com\/it\/wp-json\/wp\/v2\/pages"}],"about":[{"href":"https:\/\/serpilasamhairclinic.com\/it\/wp-json\/wp\/v2\/types\/page"}],"author":[{"embeddable":true,"href":"https:\/\/serpilasamhairclinic.com\/it\/wp-json\/wp\/v2\/users\/1"}],"replies":[{"embeddable":true,"href":"https:\/\/serpilasamhairclinic.com\/it\/wp-json\/wp\/v2\/comments?post=1123"}],"version-history":[{"count":0,"href":"https:\/\/serpilasamhairclinic.com\/it\/wp-json\/wp\/v2\/pages\/1123\/revisions"}],"wp:attachment":[{"href":"https:\/\/serpilasamhairclinic.com\/it\/wp-json\/wp\/v2\/media?parent=1123"}],"curies":[{"name":"wp","href":"https:\/\/api.w.org\/{rel}","templated":true}]}}