{"id":1924,"date":"2022-06-19T10:29:53","date_gmt":"2022-06-19T10:29:53","guid":{"rendered":"https:\/\/serpilasamhairclinic.com\/kirurgija-uha-otoplastika\/"},"modified":"2022-08-11T10:58:23","modified_gmt":"2022-08-11T10:58:23","slug":"kirurgija-uha-otoplastika","status":"publish","type":"page","link":"https:\/\/serpilasamhairclinic.com\/hr\/kirurgija-uha-otoplastika\/","title":{"rendered":"Kirurgija uha Otoplastika"},"content":{"rendered":"\t\t<div data-elementor-type=\"wp-page\" data-elementor-id=\"1924\" class=\"elementor elementor-1924\" data-elementor-post-type=\"page\">\n\t\t\t\t\t\t<section class=\"elementor-section elementor-top-section elementor-element elementor-element-2c1131e elementor-section-boxed elementor-section-height-default elementor-section-height-default\" data-id=\"2c1131e\" data-element_type=\"section\" data-e-type=\"section\" data-settings=\"{&quot;background_background&quot;:&quot;classic&quot;}\">\n\t\t\t\t\t\t<div class=\"elementor-container elementor-column-gap-default\">\n\t\t\t\t\t<div class=\"elementor-column elementor-col-100 elementor-top-column elementor-element elementor-element-b7c6070\" data-id=\"b7c6070\" data-element_type=\"column\" data-e-type=\"column\">\n\t\t\t<div class=\"elementor-widget-wrap elementor-element-populated\">\n\t\t\t\t\t\t<div class=\"elementor-element elementor-element-6d48f61 elementor-widget elementor-widget-heading\" data-id=\"6d48f61\" data-element_type=\"widget\" data-e-type=\"widget\" data-widget_type=\"heading.default\">\n\t\t\t\t<div class=\"elementor-widget-container\">\n\t\t\t\t\t<h1 class=\"elementor-heading-title elementor-size-default\">Kirurgija uha Otoplastika<\/h1>\t\t\t\t<\/div>\n\t\t\t\t<\/div>\n\t\t\t\t\t<\/div>\n\t\t<\/div>\n\t\t\t\t\t<\/div>\n\t\t<\/section>\n\t\t\t\t<section class=\"elementor-section elementor-top-section elementor-element elementor-element-af4e8b8 elementor-section-boxed elementor-section-height-default elementor-section-height-default\" data-id=\"af4e8b8\" data-element_type=\"section\" data-e-type=\"section\">\n\t\t\t\t\t\t<div class=\"elementor-container elementor-column-gap-default\">\n\t\t\t\t\t<div class=\"elementor-column elementor-col-100 elementor-top-column elementor-element elementor-element-cc94c6d\" data-id=\"cc94c6d\" data-element_type=\"column\" data-e-type=\"column\">\n\t\t\t<div class=\"elementor-widget-wrap elementor-element-populated\">\n\t\t\t\t\t\t<div class=\"elementor-element elementor-element-7ff20f8 elementor-widget elementor-widget-image\" data-id=\"7ff20f8\" data-element_type=\"widget\" data-e-type=\"widget\" data-widget_type=\"image.default\">\n\t\t\t\t<div class=\"elementor-widget-container\">\n\t\t\t\t\t\t\t\t\t\t\t\t\t\t\t<img fetchpriority=\"high\" decoding=\"async\" width=\"512\" height=\"512\" src=\"https:\/\/serpilasamhairclinic.com\/wp-content\/uploads\/2022\/02\/cropped-serpil-asam-hair-clinic.png\" class=\"attachment-large size-large wp-image-569\" alt=\"\" srcset=\"https:\/\/serpilasamhairclinic.com\/wp-content\/uploads\/2022\/02\/cropped-serpil-asam-hair-clinic.png 512w, https:\/\/serpilasamhairclinic.com\/wp-content\/uploads\/2022\/02\/cropped-serpil-asam-hair-clinic-300x300.png 300w, https:\/\/serpilasamhairclinic.com\/wp-content\/uploads\/2022\/02\/cropped-serpil-asam-hair-clinic-150x150.png 150w, https:\/\/serpilasamhairclinic.com\/wp-content\/uploads\/2022\/02\/cropped-serpil-asam-hair-clinic-270x270.png 270w, https:\/\/serpilasamhairclinic.com\/wp-content\/uploads\/2022\/02\/cropped-serpil-asam-hair-clinic-192x192.png 192w, https:\/\/serpilasamhairclinic.com\/wp-content\/uploads\/2022\/02\/cropped-serpil-asam-hair-clinic-180x180.png 180w, https:\/\/serpilasamhairclinic.com\/wp-content\/uploads\/2022\/02\/cropped-serpil-asam-hair-clinic-32x32.png 32w\" sizes=\"(max-width: 512px) 100vw, 512px\" title=\"\">\t\t\t\t\t\t\t\t\t\t\t\t\t\t\t<\/div>\n\t\t\t\t<\/div>\n\t\t\t\t\t<\/div>\n\t\t<\/div>\n\t\t\t\t\t<\/div>\n\t\t<\/section>\n\t\t\t\t<section class=\"elementor-section elementor-top-section elementor-element elementor-element-632af8c elementor-section-boxed elementor-section-height-default elementor-section-height-default\" data-id=\"632af8c\" data-element_type=\"section\" data-e-type=\"section\" id=\"estetik\" data-settings=\"{&quot;background_background&quot;:&quot;classic&quot;}\">\n\t\t\t\t\t\t<div class=\"elementor-container elementor-column-gap-default\">\n\t\t\t\t\t<div class=\"elementor-column elementor-col-100 elementor-top-column elementor-element elementor-element-45c92d73\" data-id=\"45c92d73\" data-element_type=\"column\" data-e-type=\"column\">\n\t\t\t<div class=\"elementor-widget-wrap elementor-element-populated\">\n\t\t\t\t\t\t<div class=\"elementor-element elementor-element-74b40ae elementor-widget elementor-widget-text-editor\" data-id=\"74b40ae\" data-element_type=\"widget\" data-e-type=\"widget\" data-widget_type=\"text-editor.default\">\n\t\t\t\t<div class=\"elementor-widget-container\">\n\t\t\t\t\t\t\t\t\t<p>Vidljiva je vanjska gra\u0111a u\u0161iju \u010dija je glavna funkcija osjetilo sluha. Iz tog razloga, zbog nekih deformacija ili uro\u0111enih deformacija u u\u0161ima, ljudi su poreme\u0107eni. Deformiteti uha, koji uzrokuju psihi\u010dke probleme u mladosti, osobito kod djece, mogu uzrokovati probleme sa samopouzdanjem u kasnijoj dobi. Zbog toga je estetskom operacijom uha mogu\u0107e trajno rije\u0161iti propadanje strukture uha, koje je zavr\u0161ilo svoj razvoj od 6. godine \u017eivota. Ako ne \u017eelite da se psihologija Va\u0161eg djeteta pogor\u0161a ili ako \u017eelite pove\u0107ati svoje nisko samopouzdanje, mo\u017eete se odlu\u010diti za estetsku operaciju u\u0161iju.<\/p><h2><strong>Estetska operacija uha<\/strong><\/h2><p>U\u0161i zavr\u0161avaju svoj razvoj nakon 6. godine \u017eivota. Pojedinci imaju uro\u0111ene ili slu\u010dajne probleme s u\u0161ima. To kod mnogih ljudi mo\u017ee uzrokovati probleme sa samopouzdanjem. Estetski zahvat u\u0161iju mogu\u0107e je rije\u0161iti ako u\u0161i pri ro\u0111enju potpuno ili djelomi\u010dno nedostaju, hrskavica oko uha str\u0161i, uho izgleda naborano, vrhovi u\u0161iju su pretjerano \u0161iljati, u\u0161i su nagnute prema naprijed ili je slu\u0161alica nagnuta izgubljen kao posljedica nesre\u0107e. U nekim slu\u010dajevima, problem u jednom uhu mo\u017ee se pojaviti u oba uha u nekim slu\u010dajevima. Naj\u010de\u0161\u0107i problem je izbo\u010deno uho. Budu\u0107i da su ljudi estetski nezadovoljni, trajno rje\u0161enje mogu imati s estetskom operacijom u\u0161iju, \u0161to je vrlo jednostavno.<\/p><h2><strong>Kako se izvodi operacija istaknutog uha?<\/strong><\/h2><p>Ako je pacijent na istaknutom uhu odrasla osoba, zahvat po\u010dinje davanjem lokalne anestezije nakon sedativa. Ako je pacijent u mladoj dobi, zahvat se zapo\u010dinje primjenom op\u0107e anestezije. Odre\u0111ena su mjesta za u\u0161ivanje iza uha. Na ko\u017ei iza uha napravi se rez i hrskavi\u010dno tkivo se turpija kroz te rezove kako bi uho dobilo \u017eeljeni zakrivljeni izgled. Kut izme\u0111u uha i glave su\u017eava se \u0161avovima izme\u0111u plohe uha i ovojnice kosti lubanje i \u0161avovima se daje planirani oblik uha. U nekim slu\u010dajevima mo\u017eda \u0107e biti potrebno tretirati i u\u0161nu \u0161koljku kako bi se odr\u017eala proporcija. U tom slu\u010daju tkivo se uklanja iza u\u0161ne resice. U posljednjoj fazi proces se zavr\u0161ava estetskim \u0161avovima.<\/p><h2><strong>Stvari koje treba razmotriti nakon operacije<\/strong><\/h2><p>\u0160to treba uzeti u obzir nakon operacije uha;<\/p><ul><li>Jedan dan nakon operacije potrebno je obaviti previjanje.<\/li><li>Nakon prvog pregleda stavlja se traka za kosu koja nije pretijesna, ali \u0107e dr\u017eati u\u0161i stabilnima. Ovu narukvicu trebate nositi onoliko dugo koliko vam lije\u010dnik preporu\u010di.<\/li><li>Gumicu za kosu treba nositi najmanje 1 mjesec no\u0107u kako bi se sprije\u010dilo uvrtanje i za\u0161titilo uho, posebno no\u0107u.<\/li><li>Nakon operacije potrebno je staviti led kako bi se smanjila oteklina.<\/li><li>Date lijekove treba koristiti u potpunosti.<\/li><li>Mo\u017ee postojati obamrlost ko\u017enog tkiva uha nekoliko tjedana, to je normalno.<\/li><li>Nemojte primjenjivati toplinske tretmane kao \u0161to je su\u0161enje kose dok va\u0161 lije\u010dnik ne odobri.<\/li><li>Problem krvarenja koji se javlja nakon svakog kirur\u0161kog zahvata tako\u0111er se javlja kod operacija uha. Mo\u017ee do\u0107i do nakupljanja krvi u i iza uha, a ako se to dogodi, trebate se posavjetovati s lije\u010dnikom.<\/li><li>Ako se to podru\u010dje nakon operacije ne dodiruje rukom, mo\u017ee do\u0107i do infekcije.<\/li><li>U nekim slu\u010dajevima \u0161avovi u uhu mogu uzrokovati stvaranje akni. U takvoj situaciji obavijestite svog lije\u010dnika i ako je potrebno, \u0161avovi \u0107e se ukloniti postupkom \u010di\u0161\u0107enja.<\/li><\/ul><h2><strong>Postoji li dobna granica za operaciju istaknutog uha?<\/strong><\/h2><p>Razvoj uha uglavnom je zavr\u0161en nakon 6. godine \u017eivota. Iz tog razloga, ako postoji veliki zdravstveni problem, operacija u\u0161iju mo\u017ee se raditi nakon navr\u0161enih 6 godina. Izvo\u0111enje takvih operacija u ranoj dobi skra\u0107uje razdoblje oporavka i sprje\u010dava psihi\u010dke traume koje \u0107e dijete do\u017eivjeti u budu\u0107nosti. Operacija uha se kod djece i mladih izvodi u op\u0107oj anesteziji, a kod odraslih u lokalnoj anesteziji.<\/p><h2><strong>Koliko dugo traje operacija istaknutog uha?<\/strong><\/h2><p>Operacija uha obi\u010dno traje 1,5 sat ako se ne dogodi nikakva dodatna situacija.<\/p><p><strong>Ho\u0107e li biti o\u017eiljaka nakon istaknute operacije uha?<\/strong><\/p><p>Operacija istaknutog uha je zahvat koji se izvodi rezovima na stra\u017enjoj strani uha. Dakle, nema vidljivog traga. Iza uha je vrlo mali o\u010diti o\u017eiljak.<\/p><h2><strong>Spre\u010dava li operacija sluh?<\/strong><\/h2><p>Estetske operacije uha su zahvati kojima se mijenja struktura vanjskog uha, tako da ne ometaju sluh.<\/p><h2><strong>Ho\u0107e li biti bolova nakon istaknute<\/strong> <strong>otoplastike?<\/strong><\/h2><p>Budu\u0107i da je operacija istaknutog uha kirur\u0161ki zahvat, normalno je imati bolove u prvih nekoliko dana. Za to vrijeme mo\u017eete koristiti lijekove protiv bolova koje vam je dao lije\u010dnik. Me\u0111utim, ti bolovi nisu nepodno\u0161ljivi.<\/p><h2><strong>Ho\u0107e li biti o\u010dito da je nakon operacije obavljena zna\u010dajna operacija uha?<\/strong><\/h2><p>Kada imate prvu operaciju, zbog kirur\u0161kog zahvata pojavljuju se otekline i modrice. Ove otekline po\u010dnu padati nakon 1 tjedna i \u0161avovi se izliju, maksimalno 1 mjesec kasnije, nije o\u010dito da imate operaciju.<\/p><h2><strong>Kada se vade \u0161avovi?<\/strong><\/h2><p>Samootapaju\u0107i konci op\u0107enito se koriste kod operacija istaknutih uha. 1 tjedan nakon operacije \u0161avovi se po\u010dinju otapati i potpuno nestaju unutar 2-3 tjedna.<\/p><h2><strong>Kada se kupati nakon operacije?<\/strong><\/h2><p>Nakon operacije uha, voda neko vrijeme ne smije dodirivati za\u0161iveno mjesto. Mo\u017eete se kratko okupati 1 tjedan nakon operacije. Nakon 15 dana mo\u017eete se kupati po \u017eelji.<\/p><h2><strong>Koliko dugo traje traka za glavu?<\/strong><\/h2><p>Nakon operacije istaknutih u\u0161iju preporu\u010da se no\u0161enje gumice za kosu, osobito no\u0107u, kako bi se sprije\u010dilo savijanje u\u0161iju i kako bi se u\u0161i za\u0161titile. Iako se ovo razdoblje razlikuje od osobe do osobe, preporu\u010duje se prosje\u010dno 1 mjesec.<\/p>\t\t\t\t\t\t\t\t<\/div>\n\t\t\t\t<\/div>\n\t\t\t\t\t<\/div>\n\t\t<\/div>\n\t\t\t\t\t<\/div>\n\t\t<\/section>\n\t\t\t\t<\/div>\n\t\t","protected":false},"excerpt":{"rendered":"<p>Kirurgija uha Otoplastika Vidljiva je vanjska gra\u0111a u\u0161iju \u010dija je glavna funkcija osjetilo sluha. Iz tog razloga, zbog nekih deformacija ili uro\u0111enih deformacija u u\u0161ima, ljudi su poreme\u0107eni. Deformiteti uha, koji uzrokuju psihi\u010dke probleme u mladosti, osobito kod djece, mogu uzrokovati probleme sa samopouzdanjem u kasnijoj dobi. Zbog toga je estetskom operacijom uha mogu\u0107e trajno [&hellip;]<\/p>\n","protected":false},"author":1,"featured_media":0,"parent":0,"menu_order":0,"comment_status":"closed","ping_status":"closed","template":"","meta":{"footnotes":""},"class_list":["post-1924","page","type-page","status-publish","hentry"],"_links":{"self":[{"href":"https:\/\/serpilasamhairclinic.com\/hr\/wp-json\/wp\/v2\/pages\/1924","targetHints":{"allow":["GET"]}}],"collection":[{"href":"https:\/\/serpilasamhairclinic.com\/hr\/wp-json\/wp\/v2\/pages"}],"about":[{"href":"https:\/\/serpilasamhairclinic.com\/hr\/wp-json\/wp\/v2\/types\/page"}],"author":[{"embeddable":true,"href":"https:\/\/serpilasamhairclinic.com\/hr\/wp-json\/wp\/v2\/users\/1"}],"replies":[{"embeddable":true,"href":"https:\/\/serpilasamhairclinic.com\/hr\/wp-json\/wp\/v2\/comments?post=1924"}],"version-history":[{"count":0,"href":"https:\/\/serpilasamhairclinic.com\/hr\/wp-json\/wp\/v2\/pages\/1924\/revisions"}],"wp:attachment":[{"href":"https:\/\/serpilasamhairclinic.com\/hr\/wp-json\/wp\/v2\/media?parent=1924"}],"curies":[{"name":"wp","href":"https:\/\/api.w.org\/{rel}","templated":true}]}}