{"id":1904,"date":"2022-06-16T06:45:57","date_gmt":"2022-06-16T06:45:57","guid":{"rendered":"https:\/\/serpilasamhairclinic.com\/operacija-ocnih-kapaka\/"},"modified":"2022-08-11T10:58:27","modified_gmt":"2022-08-11T10:58:27","slug":"operacija-ocnih-kapaka","status":"publish","type":"page","link":"https:\/\/serpilasamhairclinic.com\/hr\/operacija-ocnih-kapaka\/","title":{"rendered":"Operacija o\u010dnih kapaka"},"content":{"rendered":"\t\t<div data-elementor-type=\"wp-page\" data-elementor-id=\"1904\" class=\"elementor elementor-1904 elementor-1702\" data-elementor-post-type=\"page\">\n\t\t\t\t\t\t<section class=\"elementor-section elementor-top-section elementor-element elementor-element-2c1131e elementor-section-boxed elementor-section-height-default elementor-section-height-default\" data-id=\"2c1131e\" data-element_type=\"section\" data-e-type=\"section\" data-settings=\"{&quot;background_background&quot;:&quot;classic&quot;}\">\n\t\t\t\t\t\t<div class=\"elementor-container elementor-column-gap-default\">\n\t\t\t\t\t<div class=\"elementor-column elementor-col-100 elementor-top-column elementor-element elementor-element-b7c6070\" data-id=\"b7c6070\" data-element_type=\"column\" data-e-type=\"column\">\n\t\t\t<div class=\"elementor-widget-wrap elementor-element-populated\">\n\t\t\t\t\t\t<div class=\"elementor-element elementor-element-6d48f61 elementor-widget elementor-widget-heading\" data-id=\"6d48f61\" data-element_type=\"widget\" data-e-type=\"widget\" data-widget_type=\"heading.default\">\n\t\t\t\t<div class=\"elementor-widget-container\">\n\t\t\t\t\t<h1 class=\"elementor-heading-title elementor-size-default\">Operacija o\u010dnih kapaka<\/h1>\t\t\t\t<\/div>\n\t\t\t\t<\/div>\n\t\t\t\t\t<\/div>\n\t\t<\/div>\n\t\t\t\t\t<\/div>\n\t\t<\/section>\n\t\t\t\t<section class=\"elementor-section elementor-top-section elementor-element elementor-element-af4e8b8 elementor-section-boxed elementor-section-height-default elementor-section-height-default\" data-id=\"af4e8b8\" data-element_type=\"section\" data-e-type=\"section\">\n\t\t\t\t\t\t<div class=\"elementor-container elementor-column-gap-default\">\n\t\t\t\t\t<div class=\"elementor-column elementor-col-100 elementor-top-column elementor-element elementor-element-cc94c6d\" data-id=\"cc94c6d\" data-element_type=\"column\" data-e-type=\"column\">\n\t\t\t<div class=\"elementor-widget-wrap elementor-element-populated\">\n\t\t\t\t\t\t<div class=\"elementor-element elementor-element-7ff20f8 elementor-widget elementor-widget-image\" data-id=\"7ff20f8\" data-element_type=\"widget\" data-e-type=\"widget\" data-widget_type=\"image.default\">\n\t\t\t\t<div class=\"elementor-widget-container\">\n\t\t\t\t\t\t\t\t\t\t\t\t\t\t\t<img fetchpriority=\"high\" decoding=\"async\" width=\"800\" height=\"534\" src=\"https:\/\/serpilasamhairclinic.com\/wp-content\/uploads\/2022\/06\/eyelid-surgery-1024x683.jpg\" class=\"attachment-large size-large wp-image-1707\" alt=\"\" srcset=\"https:\/\/serpilasamhairclinic.com\/wp-content\/uploads\/2022\/06\/eyelid-surgery-1024x683.jpg 1024w, https:\/\/serpilasamhairclinic.com\/wp-content\/uploads\/2022\/06\/eyelid-surgery-300x200.jpg 300w, https:\/\/serpilasamhairclinic.com\/wp-content\/uploads\/2022\/06\/eyelid-surgery-768x512.jpg 768w, https:\/\/serpilasamhairclinic.com\/wp-content\/uploads\/2022\/06\/eyelid-surgery-1536x1024.jpg 1536w, https:\/\/serpilasamhairclinic.com\/wp-content\/uploads\/2022\/06\/eyelid-surgery-2048x1365.jpg 2048w\" sizes=\"(max-width: 800px) 100vw, 800px\" title=\"\">\t\t\t\t\t\t\t\t\t\t\t\t\t\t\t<\/div>\n\t\t\t\t<\/div>\n\t\t\t\t\t<\/div>\n\t\t<\/div>\n\t\t\t\t\t<\/div>\n\t\t<\/section>\n\t\t\t\t<section class=\"elementor-section elementor-top-section elementor-element elementor-element-632af8c elementor-section-boxed elementor-section-height-default elementor-section-height-default\" data-id=\"632af8c\" data-element_type=\"section\" data-e-type=\"section\" id=\"estetik\" data-settings=\"{&quot;background_background&quot;:&quot;classic&quot;}\">\n\t\t\t\t\t\t<div class=\"elementor-container elementor-column-gap-default\">\n\t\t\t\t\t<div class=\"elementor-column elementor-col-100 elementor-top-column elementor-element elementor-element-45c92d73\" data-id=\"45c92d73\" data-element_type=\"column\" data-e-type=\"column\">\n\t\t\t<div class=\"elementor-widget-wrap elementor-element-populated\">\n\t\t\t\t\t\t<div class=\"elementor-element elementor-element-74b40ae elementor-widget elementor-widget-text-editor\" data-id=\"74b40ae\" data-element_type=\"widget\" data-e-type=\"widget\" data-widget_type=\"text-editor.default\">\n\t\t\t\t<div class=\"elementor-widget-container\">\n\t\t\t\t\t\t\t\t\t<h2><strong>\u0160to je estetika kapaka<\/strong><\/h2><p>O\u010di su jedno od najupe\u010datljivijih podru\u010dja na ljudskom licu. Ljudi \u010desto uspostavljaju kontakt o\u010dima kada komuniciraju. U takvim slu\u010dajevima estetika va\u0161eg pogleda i podru\u010dja oko o\u010diju postaje vrlo impresivan faktor. S obzirom na estetiku, osobe sa spu\u0161tenim kapcima ne \u017eele uspostaviti kontakt o\u010dima, \u0161to uzrokuje manjak samopouzdanja. Osobito \u017eene imaju pote\u0161ko\u0107a sa \u0161minkanjem. \u0160to se ti\u010de zdravlja, spu\u0161teni kapci sprje\u010davaju vid. Do\u017eivjeti takvu situaciju uzrok je nesre\u0107e i \u017eena i mu\u0161karaca. No, ne morate do\u017eivjeti ovu situaciju, zahvaljuju\u0107i razvoju medicinskih i tehnolo\u0161kih inovacija, mo\u017eete se trajno rije\u0161iti ovih negativnosti za svoje zdravlje i estetski izgled, zahvaljuju\u0107i estetici kapaka. Ukoliko \u017eelite da se Va\u0161a sre\u0107a ogleda u Va\u0161im o\u010dima, mo\u017eete napraviti estetiku kapaka kako biste se rije\u0161ili problema kapaka koji Vas \u010dini nesretnima.<\/p><h2><strong>Kako se izvodi operacija o\u010dnih kapaka?<\/strong><\/h2><p>Nakon obavljenih potrebnih kontrola prije operacije kapaka, pacijenti koji su pogodni za operaciju odvode se u \u017eeljeno podru\u010dje zahvata. Operacija o\u010dnih kapaka obi\u010dno se izvodi u lokalnoj anesteziji, au nekim slu\u010dajevima iu op\u0107oj anesteziji. Postupak traje izme\u0111u 30 minuta i 1 sat. U detencijskim operacijama uklanja se vi\u0161ak masno\u0107e iz oka i smanjuje se stopa komplikacija ustezanja. Kod operacije vje\u0111a malim se rezovima uklanja vi\u0161ak ko\u017enog tkiva i postavljaju se estetski \u0161avovi. Preporu\u010duje se primjena leda kako bi se smanjili otekline i modrice nakon operacije.<\/p><h2><strong>Pojedinosti o operaciji o\u010dnih kapaka<\/strong><\/h2><p>Podru\u010dje lica, posebice o\u010diju, estetski je vrlo va\u017eno i za \u017eene i za mu\u0161karce. U nekim slu\u010dajevima dolazi do pogor\u0161anja vida u podru\u010dju o\u010diju zbog nesre\u0107a, dok neki ljudi imaju uro\u0111eno spu\u0161tanje kapaka. S u\u010dinkom starenja dolazi do spu\u0161tanja vje\u0111a zbog slabljenja o\u010dnih mi\u0161i\u0107a. U ovom slu\u010daju na\u010din otklanjanja estetskih i zdravstvenih problema je estetska operacija kapaka. \u0160to se ti\u010de zdravlja, ovom jednostavnom operacijom mogu\u0107e je rije\u0161iti spu\u0161teni kapak na razini koja \u0107e s vremenom onemogu\u0107iti vid. Posebno su \u017eene nezadovoljne niskim ili malim pregibom prilikom \u0161minkanja, a ova situacija nalazi rje\u0161enje zahvaljuju\u0107i vrlo jednostavnoj estetskoj operaciji kapaka.<\/p><ul><li><h3><strong>\u0160to je spu\u0161teni kapak?<\/strong><\/h3><\/li><\/ul><p>Neki ljudi izgledaju slabo i pospano zbog spu\u0161tenih kapaka koji se nazivaju ptoza. Ovo se stanje naziva spu\u0161tenim kapkom. Spu\u0161teni kapci nastaju zbog propadanja mi\u0161i\u0107nog sloja. Ako kapak prekriva obojeni dio oka 1-1,5 mm, zdrav je.<\/p><ul><li><h3><strong>Koji su uzroci spu\u0161tenih kapaka?<\/strong><\/h3><\/li><\/ul><p>Postoje razli\u010diti uzroci spu\u0161tenih kapaka. U odraslih, propadanje o\u010dnog mi\u0161i\u0107nog tkiva, dugogodi\u0161nje no\u0161enje le\u0107a, genetski \u010dimbenici, slu\u010dajno pogor\u0161anje strukture oka ili vje\u0111e, bolesti neuromuskularnog sustava i u nekim slu\u010dajevima dijabetes uzrokuju spu\u0161tene vje\u0111e.<\/p><ul><li><h3><strong>Je li operacija kapaka te\u0161ka?<\/strong><\/h3><\/li><\/ul><p>Estetika kapaka nije te\u0161ka operacija. Normalno je osjetiti blagu bol nakon operacije. Ovi bolovi prolaze za 2-3 dana.<\/p><h2><strong>Ho\u0107e li biti modrica nakon operacije kapaka?<\/strong><\/h2><p>Jedna od naj\u010de\u0161\u0107ih nuspojava nakon operacije kapaka su modrice oko o\u010diju. \u010cak i ako se radi o malom zahvatu, estetika kapaka je kirur\u0161ki zahvat, pa je sasvim normalno da imate modrice i otekline. Modrice koje nastaju po\u010dinju polako zacjeljivati u prvom tjednu nakon operacije.<\/p><h2><strong>Koliko dugo traje operacija o\u010dnih kapaka?<\/strong><\/h2><p>Operacija o\u010dnih kapaka u prosjeku traje od 30 minuta do 1 sata.<\/p><h2><strong>Kada je povratak na posao nakon operacije kapaka?<\/strong><\/h2><p>Nakon operacije kapaka mo\u017eete se vratiti u svoj radni \u017eivot u prosjeku za 7 do 10 dana. Va\u0161 lije\u010dnik odre\u0111uje to\u010dan datum ovog razdoblja.<\/p><h2><strong>Postoji li rizik od estetske kirurgije kapaka?<\/strong><\/h2><p>U svakoj kirur\u0161koj operaciji postoji odre\u0111eni rizik. Budu\u0107i da su estetske operacije vi\u0161e programirani i planirani zahvati, manje je faktora rizika. Kod operacije kapaka, iako je faktor rizika vrlo nizak, postoje rizici poput o\u0161te\u0107enja podru\u010dja oko o\u010diju ili nepostizanja \u017eeljenog estetskog izgleda.<\/p><h2><strong>Koliko dana trebam odmarati nakon operacije?<\/strong><\/h2><p>Za vas \u0107e biti korisno da se odre\u0111eno vrijeme odmorite i klonite \u010dimbenika okoline nakon operacije kapaka. Oni koji vode aktivan poslovni \u017eivot mogu nastaviti s odmorom uz nalaz lije\u010dnika.<\/p><h2><strong>Kada i\u0107i na kontrolu lije\u010dniku nakon operacije?<\/strong><\/h2><p>Provodi se program postoperativne kontrole. U pravilu se prva kontrola obavlja 1 tjedan nakon operacije.<\/p><h2><strong>Koja je dobna granica za operaciju kapaka?<\/strong><\/h2><p>Ukoliko spu\u0161teni kapak onemogu\u0107uje vid, izvodi se nakon 18. godine. Gornja dobna granica za operaciju je 70 godina. Za one koji imaju spu\u0161tene kapke zbog starenja, preporu\u010dena dob je 30 i vi\u0161e godina.<\/p><h2><strong>Razlikuje li se rezultat operacije od osobe do osobe?<\/strong><\/h2><p>Sve kirur\u0161ke operacije obi\u010dno se razlikuju od osobe do osobe. Osobito kod estetskih operacija, rezultat ili primijenjeni postupak varira ovisno o veli\u010dini problema u strukturi ko\u017ee osobe. Stopa uspje\u0161nosti rezultata varira ovisno o problemu pacijenta.<\/p><ul><li><h3><strong>Je li estetska operacija kapaka trajna?<\/strong><\/h3><\/li><\/ul><p>Konkretno, spu\u0161teni kapci su znak starenja. Nijedna operacija nije zajam\u010dena zauvijek. U tom slu\u010daju, operacija kapaka tako\u0111er mo\u017ee do\u017eivjeti odre\u0111eno pogor\u0161anje tijekom vremena, \u010dak i ako ne potpuno. Postoji mogu\u0107nost da se ovi deformiteti pojave u prosjeku za pet do deset godina.<\/p><ul><li><h3><strong>Kada se koriste le\u0107e nakon operacije?<\/strong><\/h3><\/li><\/ul><p>Ako va\u0161 lije\u010dnik odobri nakon operacije kapaka, mo\u017eete koristiti le\u0107e 1 tjedan kasnije. U tom razdoblju nao\u010dale se mogu koristiti uz odobrenje lije\u010dnika.<\/p><ul><li><h3><strong>Ponavlja li se spu\u0161teni kapak?<\/strong><\/h3><\/li><\/ul><p>Kada operaciju kapaka izvodi specijalist, ona daje trajne rezultate. Me\u0111utim, deformiteti se smatraju prirodnim procesom u starijoj dobi.<\/p><ul><li><h3><strong>Za koliko dana zacjeljuje operacija kapaka?<\/strong><\/h3><\/li><\/ul><p>Kapak je jedno od najosjetljivijih podru\u010dja. Rezovi nastali nakon operacije po\u010dinju postupno zacjeljivati u prosjeku za 1 mjesec.<\/p><ul><li><h3><strong>Javlja li se o\u0161te\u0107enje vida nakon operacije?<\/strong><\/h3><\/li><\/ul><p>Nakon operacije o\u010dnih kapaka javlja se kratkotrajno zamu\u0107enje vida, koje je privremeno. Me\u0111utim, nema trajnog o\u0161te\u0107enja vida nakon operacije vje\u0111a.<\/p>\t\t\t\t\t\t\t\t<\/div>\n\t\t\t\t<\/div>\n\t\t\t\t\t<\/div>\n\t\t<\/div>\n\t\t\t\t\t<\/div>\n\t\t<\/section>\n\t\t\t\t<\/div>\n\t\t","protected":false},"excerpt":{"rendered":"<p>Operacija o\u010dnih kapaka \u0160to je estetika kapaka O\u010di su jedno od najupe\u010datljivijih podru\u010dja na ljudskom licu. Ljudi \u010desto uspostavljaju kontakt o\u010dima kada komuniciraju. U takvim slu\u010dajevima estetika va\u0161eg pogleda i podru\u010dja oko o\u010diju postaje vrlo impresivan faktor. S obzirom na estetiku, osobe sa spu\u0161tenim kapcima ne \u017eele uspostaviti kontakt o\u010dima, \u0161to uzrokuje manjak samopouzdanja. Osobito [&hellip;]<\/p>\n","protected":false},"author":1,"featured_media":0,"parent":0,"menu_order":0,"comment_status":"closed","ping_status":"closed","template":"","meta":{"footnotes":""},"class_list":["post-1904","page","type-page","status-publish","hentry"],"_links":{"self":[{"href":"https:\/\/serpilasamhairclinic.com\/hr\/wp-json\/wp\/v2\/pages\/1904","targetHints":{"allow":["GET"]}}],"collection":[{"href":"https:\/\/serpilasamhairclinic.com\/hr\/wp-json\/wp\/v2\/pages"}],"about":[{"href":"https:\/\/serpilasamhairclinic.com\/hr\/wp-json\/wp\/v2\/types\/page"}],"author":[{"embeddable":true,"href":"https:\/\/serpilasamhairclinic.com\/hr\/wp-json\/wp\/v2\/users\/1"}],"replies":[{"embeddable":true,"href":"https:\/\/serpilasamhairclinic.com\/hr\/wp-json\/wp\/v2\/comments?post=1904"}],"version-history":[{"count":0,"href":"https:\/\/serpilasamhairclinic.com\/hr\/wp-json\/wp\/v2\/pages\/1904\/revisions"}],"wp:attachment":[{"href":"https:\/\/serpilasamhairclinic.com\/hr\/wp-json\/wp\/v2\/media?parent=1904"}],"curies":[{"name":"wp","href":"https:\/\/api.w.org\/{rel}","templated":true}]}}