{"id":1278,"date":"2022-03-17T10:12:37","date_gmt":"2022-03-17T10:12:37","guid":{"rendered":"https:\/\/serpilasamhairclinic.com\/transplantacija-kose-bez-brijanja\/"},"modified":"2022-03-17T10:26:18","modified_gmt":"2022-03-17T10:26:18","slug":"transplantacija-kose-bez-brijanja","status":"publish","type":"page","link":"https:\/\/serpilasamhairclinic.com\/hr\/transplantacija-kose-bez-brijanja\/","title":{"rendered":"Transplantacija kose bez brijanja"},"content":{"rendered":"\t\t<div data-elementor-type=\"wp-page\" data-elementor-id=\"1278\" class=\"elementor elementor-1278 elementor-1160\" data-elementor-post-type=\"page\">\n\t\t\t\t\t\t<section class=\"elementor-section elementor-top-section elementor-element elementor-element-2c1131e elementor-section-boxed elementor-section-height-default elementor-section-height-default\" data-id=\"2c1131e\" data-element_type=\"section\" data-e-type=\"section\" data-settings=\"{&quot;background_background&quot;:&quot;classic&quot;}\">\n\t\t\t\t\t\t<div class=\"elementor-container elementor-column-gap-default\">\n\t\t\t\t\t<div class=\"elementor-column elementor-col-100 elementor-top-column elementor-element elementor-element-b7c6070\" data-id=\"b7c6070\" data-element_type=\"column\" data-e-type=\"column\">\n\t\t\t<div class=\"elementor-widget-wrap elementor-element-populated\">\n\t\t\t\t\t\t<div class=\"elementor-element elementor-element-6d48f61 elementor-widget elementor-widget-heading\" data-id=\"6d48f61\" data-element_type=\"widget\" data-e-type=\"widget\" data-widget_type=\"heading.default\">\n\t\t\t\t<div class=\"elementor-widget-container\">\n\t\t\t\t\t<h1 class=\"elementor-heading-title elementor-size-default\">Transplantacija kose bez brijanja<\/h1>\t\t\t\t<\/div>\n\t\t\t\t<\/div>\n\t\t\t\t\t<\/div>\n\t\t<\/div>\n\t\t\t\t\t<\/div>\n\t\t<\/section>\n\t\t\t\t<section class=\"elementor-section elementor-top-section elementor-element elementor-element-af4e8b8 elementor-section-boxed elementor-section-height-default elementor-section-height-default\" data-id=\"af4e8b8\" data-element_type=\"section\" data-e-type=\"section\">\n\t\t\t\t\t\t<div class=\"elementor-container elementor-column-gap-default\">\n\t\t\t\t\t<div class=\"elementor-column elementor-col-50 elementor-top-column elementor-element elementor-element-cc94c6d\" data-id=\"cc94c6d\" data-element_type=\"column\" data-e-type=\"column\">\n\t\t\t<div class=\"elementor-widget-wrap elementor-element-populated\">\n\t\t\t\t\t\t<div class=\"elementor-element elementor-element-7ff20f8 elementor-widget elementor-widget-image\" data-id=\"7ff20f8\" data-element_type=\"widget\" data-e-type=\"widget\" data-widget_type=\"image.default\">\n\t\t\t\t<div class=\"elementor-widget-container\">\n\t\t\t\t\t\t\t\t\t\t\t\t\t\t\t<img fetchpriority=\"high\" decoding=\"async\" width=\"800\" height=\"480\" src=\"https:\/\/serpilasamhairclinic.com\/wp-content\/uploads\/2022\/02\/serpil-asam-hair-transplant-slider-1024x615.jpg\" class=\"attachment-large size-large wp-image-641\" alt=\"\" srcset=\"https:\/\/serpilasamhairclinic.com\/wp-content\/uploads\/2022\/02\/serpil-asam-hair-transplant-slider-1024x615.jpg 1024w, https:\/\/serpilasamhairclinic.com\/wp-content\/uploads\/2022\/02\/serpil-asam-hair-transplant-slider-300x180.jpg 300w, https:\/\/serpilasamhairclinic.com\/wp-content\/uploads\/2022\/02\/serpil-asam-hair-transplant-slider-768x461.jpg 768w, https:\/\/serpilasamhairclinic.com\/wp-content\/uploads\/2022\/02\/serpil-asam-hair-transplant-slider-1536x922.jpg 1536w, https:\/\/serpilasamhairclinic.com\/wp-content\/uploads\/2022\/02\/serpil-asam-hair-transplant-slider.jpg 1800w\" sizes=\"(max-width: 800px) 100vw, 800px\" title=\"\">\t\t\t\t\t\t\t\t\t\t\t\t\t\t\t<\/div>\n\t\t\t\t<\/div>\n\t\t\t\t\t<\/div>\n\t\t<\/div>\n\t\t\t\t<div class=\"elementor-column elementor-col-50 elementor-top-column elementor-element elementor-element-5a7d9ee\" data-id=\"5a7d9ee\" data-element_type=\"column\" data-e-type=\"column\">\n\t\t\t<div class=\"elementor-widget-wrap elementor-element-populated\">\n\t\t\t\t\t\t<div class=\"elementor-element elementor-element-ea7f270 elementor-widget elementor-widget-image\" data-id=\"ea7f270\" data-element_type=\"widget\" data-e-type=\"widget\" data-widget_type=\"image.default\">\n\t\t\t\t<div class=\"elementor-widget-container\">\n\t\t\t\t\t\t\t\t\t\t\t\t\t\t\t<img decoding=\"async\" width=\"800\" height=\"480\" src=\"https:\/\/serpilasamhairclinic.com\/wp-content\/uploads\/2022\/02\/hair-transplant-sa-1024x615.jpg\" class=\"attachment-large size-large wp-image-575\" alt=\"\" srcset=\"https:\/\/serpilasamhairclinic.com\/wp-content\/uploads\/2022\/02\/hair-transplant-sa-1024x615.jpg 1024w, https:\/\/serpilasamhairclinic.com\/wp-content\/uploads\/2022\/02\/hair-transplant-sa-300x180.jpg 300w, https:\/\/serpilasamhairclinic.com\/wp-content\/uploads\/2022\/02\/hair-transplant-sa-768x461.jpg 768w, https:\/\/serpilasamhairclinic.com\/wp-content\/uploads\/2022\/02\/hair-transplant-sa-1536x922.jpg 1536w, https:\/\/serpilasamhairclinic.com\/wp-content\/uploads\/2022\/02\/hair-transplant-sa.jpg 1800w\" sizes=\"(max-width: 800px) 100vw, 800px\" title=\"\">\t\t\t\t\t\t\t\t\t\t\t\t\t\t\t<\/div>\n\t\t\t\t<\/div>\n\t\t\t\t\t<\/div>\n\t\t<\/div>\n\t\t\t\t\t<\/div>\n\t\t<\/section>\n\t\t\t\t<section class=\"elementor-section elementor-top-section elementor-element elementor-element-632af8c elementor-section-boxed elementor-section-height-default elementor-section-height-default\" data-id=\"632af8c\" data-element_type=\"section\" data-e-type=\"section\" id=\"estetik\" data-settings=\"{&quot;background_background&quot;:&quot;classic&quot;}\">\n\t\t\t\t\t\t<div class=\"elementor-container elementor-column-gap-default\">\n\t\t\t\t\t<div class=\"elementor-column elementor-col-100 elementor-top-column elementor-element elementor-element-45c92d73\" data-id=\"45c92d73\" data-element_type=\"column\" data-e-type=\"column\">\n\t\t\t<div class=\"elementor-widget-wrap elementor-element-populated\">\n\t\t\t\t\t\t<div class=\"elementor-element elementor-element-74b40ae elementor-widget elementor-widget-text-editor\" data-id=\"74b40ae\" data-element_type=\"widget\" data-e-type=\"widget\" data-widget_type=\"text-editor.default\">\n\t\t\t\t<div class=\"elementor-widget-container\">\n\t\t\t\t\t\t\t\t\t<h2><strong>\u0160TO JE TRANSPLANTACIJA NEOBRIJANE KOSE?<\/strong><\/h2><p><strong>Transplantacija neobrijane kose<\/strong> je metoda transplantacije kose koja se izvodi tako da se brije samo donorsko podru\u010dje bez brijanja prednjeg, bo\u010dnog i stra\u017enjeg dijela kose ili cijelog podru\u010dja dlakave glave. Kod ove metode odre\u0111ivanje kose i podru\u010dja donora te je li prikladno za transplantaciju neobrijane kose vr\u0161i stru\u010dnjak. Ljudi s dugom kosom op\u0107enito preferiraju neobrijanu transplantaciju kose. Podru\u010dje obrijanog donora lako se kamuflira pokrivanjem duge kose. Transplantacija neobrijane kose djelomi\u010dno neobrijana transplantacija folikularne un\u0131t ekstruzije ( <strong>fue<\/strong> ) i izvodi se na dvije metode kao izravna transplantacija kose ( <strong>dhi<\/strong> ).<\/p><h2><strong>\u0160to je metoda ekstrakcije folikularne jedinice (fue)?<\/strong><\/h2><p>To je jedna od metoda dobivanja prijenosa folikula dlake. Kod ove metode mikrokirur\u0161kim zahvatom iz utvr\u0111enog donora uzimaju se folikuli dlake i pripremaju za prijenos na podru\u010dje koje se presa\u0111uje. Sastoji se od 2 faze kao \u0161to su prikupljanje i prijenos, a pru\u017ea mogu\u0107nost prikupljanja prosje\u010dno 2500-3500 sjemenki folikula dlake u prvoj fazi prikupljanja sjemena folikula dlake.<\/p><h2><strong>\u0160to je metoda izravne transplantacije kose (DHI)?<\/strong><\/h2><p>Nedavno je to metoda koja pogodnim pacijentima omogu\u0107uje transplantaciju kose bez brijanja. U ovoj se metodi sjeme folikula dlake uzima iz podru\u010dja donora posebnom medicinskom olovkom zvanom choi bez otvaranja kanala, a uz pomo\u0107 iste medicinske olovke stavlja se pod odgovaraju\u0107im kutom u odnosu na podru\u010dje koje se presa\u0111uje svjetlom. pritisak.<\/p><h2><strong>TKO BI RADIO TRANSPLATIRATI NEOBRIJANU KOSU?<\/strong><\/h2><p>Transplantacija neobrijane kose jedna je od najpo\u017eeljnijih metoda. Pogotovo kod \u017eena i dugokosih mu\u0161karaca koji se ne \u017eele \u0161i\u0161ati. Ljudi koji preferiraju neobrijanu transplantaciju kose;<\/p><ul><li>Ljudi koji do\u017eivljavaju regionalni gubitak kose kao rezultat bilo kakve nesre\u0107e.<\/li><li>\u017dene koje ne \u017eele svu kosu obrijanu.<\/li><li>Mu\u0161karci s dugom kosom \u017eele prekriti \u0107elavo podru\u010dje dugom kosom zahvaljuju\u0107i presa\u0111ivanju neobrijane kose ili transplantaciji djelomi\u010dno obrijane kose.<\/li><li>Oni s rijetkom kosom, a ne \u0107elavom na vrhu glave.<\/li><\/ul><h2><strong>Kako se radi transplantacija neobrijane kose i koje su faze?<\/strong><\/h2><ol><li><strong> Konzultacije (inspekcija)<\/strong><\/li><\/ol><p>To je prva faza u kojoj se planira transplantacija neobrijane kose. U ovoj fazi lije\u010dnik prenosi potrebne podatke osobi kojoj \u0107e biti presa\u0111ena kosa, a pregledom i analizom utvr\u0111uje se da li je ona prikladna za transplantaciju kose. Kada je sigurno da nema prepreka za transplantaciju kose, liniju dlake za neobrijanu transplantaciju kose odre\u0111uje lije\u010dnik.<\/p><ol start=\"2\"><li><strong> Pripremna faza<\/strong><\/li><\/ol><p>U ovoj fazi sva kosa se opere i sterilizira. Podru\u010dje donora odre\u0111uje specijalist i anestezira se lokalnom anestezijom.<\/p><ol start=\"3\"><li><strong> Zbirka sjemena korijena kose (cijepljeno)<\/strong><\/li><\/ol><p>Sjeme folikula dlake po\u010dinje se prikupljati iz podru\u010dja donora, koje se anestezira lokalnom anestezijom. U prvoj fazi ispitivanja odre\u0111uje se broj sjemenki folikula dlake koje se prikupljaju. Op\u0107enito, kosa u podru\u010dju potiljka se bira kao donor jer je otpornija na opadanje. Sakupljene zdrave sjemenke folikula dlake spremne su za prijenos na podru\u010dje koje se sadi.<\/p><ol start=\"4\"><li><strong>4<\/strong> . <strong>Otvaranje kanala<\/strong><\/li><\/ol><p>Sjeme folikula dlake prikupljeno za transplantaciju kose treba biti u istom smjeru i dubini kao i kosa na podru\u010dju koje se sadi. Iz tog razloga, kut otvorenih kanala treba otvoriti u skladu sa smjerom rasta dlake na podru\u010dju koje se presa\u0111uje. U ovoj fazi se pode\u0161ava udaljenost kanala, to je proces koji zahtijeva brigu i mo\u017ee utjecati na proces nakon sjetve. U DHI metodi, ovaj proces \u017eljebova se ne izvodi, sjemenke folikula dlake se skupljaju jedno po jedno posebnom olovkom izravno i stavljaju laganim pritiskom na podru\u010dje presa\u0111ene kose istom olovkom.<\/p><ol start=\"5\"><li><strong> Transplantacija kose<\/strong><\/li><\/ol><p>Ova faza je posljednja i najva\u017enija faza operacije transplantacije kose. Vrlo je va\u017eno da se prikupljeno sjeme folikula dlake stavi u otvorene kanale pod pravim kutom. Lije\u010dnik specijalist postavlja odgovaraju\u0107i broj sjemenki folikula dlake u odgovaraju\u0107e kanale prema planu i vr\u0161i transplantaciju kose.<\/p><h2><strong>Prednosti transplantacije neobrijane kose<\/strong><\/h2><ol><li>Operacija \u0107e se mo\u0107i vratiti svom dru\u0161tvenom \u017eivotu u kra\u0107em vremenu, jer je podru\u010dje na kojem se radi transplantacija kose prekriveno drugom kosom, jer to nije ba\u0161 vidljivo.<\/li><li>Nakon operacije, budu\u0107i da je donorsko podru\u010dje prekriveno drugom dugom kosom, kraste br\u017ee zacjeljuju.<\/li><li>Transplantacija neobrijane kose je proces koji je estetski i psihologijski ugodniji, posebice kod \u017eena.<\/li><li>Budu\u0107i da se kod transplantacije neobrijane kose koristi manje sjemenki folikula dlake (graftova), proces ozdravljenja je br\u017ei.<\/li><\/ol>\t\t\t\t\t\t\t\t<\/div>\n\t\t\t\t<\/div>\n\t\t\t\t\t<\/div>\n\t\t<\/div>\n\t\t\t\t\t<\/div>\n\t\t<\/section>\n\t\t\t\t<\/div>\n\t\t","protected":false},"excerpt":{"rendered":"<p>Transplantacija kose bez brijanja \u0160TO JE TRANSPLANTACIJA NEOBRIJANE KOSE? Transplantacija neobrijane kose je metoda transplantacije kose koja se izvodi tako da se brije samo donorsko podru\u010dje bez brijanja prednjeg, bo\u010dnog i stra\u017enjeg dijela kose ili cijelog podru\u010dja dlakave glave. Kod ove metode odre\u0111ivanje kose i podru\u010dja donora te je li prikladno za transplantaciju neobrijane kose [&hellip;]<\/p>\n","protected":false},"author":1,"featured_media":0,"parent":0,"menu_order":0,"comment_status":"closed","ping_status":"closed","template":"","meta":{"footnotes":""},"class_list":["post-1278","page","type-page","status-publish","hentry"],"_links":{"self":[{"href":"https:\/\/serpilasamhairclinic.com\/hr\/wp-json\/wp\/v2\/pages\/1278","targetHints":{"allow":["GET"]}}],"collection":[{"href":"https:\/\/serpilasamhairclinic.com\/hr\/wp-json\/wp\/v2\/pages"}],"about":[{"href":"https:\/\/serpilasamhairclinic.com\/hr\/wp-json\/wp\/v2\/types\/page"}],"author":[{"embeddable":true,"href":"https:\/\/serpilasamhairclinic.com\/hr\/wp-json\/wp\/v2\/users\/1"}],"replies":[{"embeddable":true,"href":"https:\/\/serpilasamhairclinic.com\/hr\/wp-json\/wp\/v2\/comments?post=1278"}],"version-history":[{"count":0,"href":"https:\/\/serpilasamhairclinic.com\/hr\/wp-json\/wp\/v2\/pages\/1278\/revisions"}],"wp:attachment":[{"href":"https:\/\/serpilasamhairclinic.com\/hr\/wp-json\/wp\/v2\/media?parent=1278"}],"curies":[{"name":"wp","href":"https:\/\/api.w.org\/{rel}","templated":true}]}}