{"id":1260,"date":"2022-03-17T10:11:13","date_gmt":"2022-03-17T10:11:13","guid":{"rendered":"https:\/\/serpilasamhairclinic.com\/transplantacija-kose-sa-safirom\/"},"modified":"2022-03-17T10:24:41","modified_gmt":"2022-03-17T10:24:41","slug":"transplantacija-kose-sa-safirom","status":"publish","type":"page","link":"https:\/\/serpilasamhairclinic.com\/hr\/transplantacija-kose-sa-safirom\/","title":{"rendered":"Transplantacija kose sa safirom"},"content":{"rendered":"\t\t<div data-elementor-type=\"wp-page\" data-elementor-id=\"1260\" class=\"elementor elementor-1260 elementor-1155\" data-elementor-post-type=\"page\">\n\t\t\t\t\t\t<section class=\"elementor-section elementor-top-section elementor-element elementor-element-2c1131e elementor-section-boxed elementor-section-height-default elementor-section-height-default\" data-id=\"2c1131e\" data-element_type=\"section\" data-e-type=\"section\" data-settings=\"{&quot;background_background&quot;:&quot;classic&quot;}\">\n\t\t\t\t\t\t<div class=\"elementor-container elementor-column-gap-default\">\n\t\t\t\t\t<div class=\"elementor-column elementor-col-100 elementor-top-column elementor-element elementor-element-b7c6070\" data-id=\"b7c6070\" data-element_type=\"column\" data-e-type=\"column\">\n\t\t\t<div class=\"elementor-widget-wrap elementor-element-populated\">\n\t\t\t\t\t\t<div class=\"elementor-element elementor-element-6d48f61 elementor-widget elementor-widget-heading\" data-id=\"6d48f61\" data-element_type=\"widget\" data-e-type=\"widget\" data-widget_type=\"heading.default\">\n\t\t\t\t<div class=\"elementor-widget-container\">\n\t\t\t\t\t<h1 class=\"elementor-heading-title elementor-size-default\">Transplantacija kose sa safirom<\/h1>\t\t\t\t<\/div>\n\t\t\t\t<\/div>\n\t\t\t\t\t<\/div>\n\t\t<\/div>\n\t\t\t\t\t<\/div>\n\t\t<\/section>\n\t\t\t\t<section class=\"elementor-section elementor-top-section elementor-element elementor-element-af4e8b8 elementor-section-boxed elementor-section-height-default elementor-section-height-default\" data-id=\"af4e8b8\" data-element_type=\"section\" data-e-type=\"section\">\n\t\t\t\t\t\t<div class=\"elementor-container elementor-column-gap-default\">\n\t\t\t\t\t<div class=\"elementor-column elementor-col-50 elementor-top-column elementor-element elementor-element-cc94c6d\" data-id=\"cc94c6d\" data-element_type=\"column\" data-e-type=\"column\">\n\t\t\t<div class=\"elementor-widget-wrap elementor-element-populated\">\n\t\t\t\t\t\t<div class=\"elementor-element elementor-element-7ff20f8 elementor-widget elementor-widget-image\" data-id=\"7ff20f8\" data-element_type=\"widget\" data-e-type=\"widget\" data-widget_type=\"image.default\">\n\t\t\t\t<div class=\"elementor-widget-container\">\n\t\t\t\t\t\t\t\t\t\t\t\t\t\t\t<img fetchpriority=\"high\" decoding=\"async\" width=\"800\" height=\"480\" src=\"https:\/\/serpilasamhairclinic.com\/wp-content\/uploads\/2022\/02\/hair-transplant-sa-1-1024x615.jpg\" class=\"attachment-large size-large wp-image-581\" alt=\"\" srcset=\"https:\/\/serpilasamhairclinic.com\/wp-content\/uploads\/2022\/02\/hair-transplant-sa-1-1024x615.jpg 1024w, https:\/\/serpilasamhairclinic.com\/wp-content\/uploads\/2022\/02\/hair-transplant-sa-1-300x180.jpg 300w, https:\/\/serpilasamhairclinic.com\/wp-content\/uploads\/2022\/02\/hair-transplant-sa-1-768x461.jpg 768w, https:\/\/serpilasamhairclinic.com\/wp-content\/uploads\/2022\/02\/hair-transplant-sa-1-1536x922.jpg 1536w, https:\/\/serpilasamhairclinic.com\/wp-content\/uploads\/2022\/02\/hair-transplant-sa-1.jpg 1800w\" sizes=\"(max-width: 800px) 100vw, 800px\" title=\"\">\t\t\t\t\t\t\t\t\t\t\t\t\t\t\t<\/div>\n\t\t\t\t<\/div>\n\t\t\t\t\t<\/div>\n\t\t<\/div>\n\t\t\t\t<div class=\"elementor-column elementor-col-50 elementor-top-column elementor-element elementor-element-5a7d9ee\" data-id=\"5a7d9ee\" data-element_type=\"column\" data-e-type=\"column\">\n\t\t\t<div class=\"elementor-widget-wrap elementor-element-populated\">\n\t\t\t\t\t\t<div class=\"elementor-element elementor-element-ea7f270 elementor-widget elementor-widget-image\" data-id=\"ea7f270\" data-element_type=\"widget\" data-e-type=\"widget\" data-widget_type=\"image.default\">\n\t\t\t\t<div class=\"elementor-widget-container\">\n\t\t\t\t\t\t\t\t\t\t\t\t\t\t\t<img decoding=\"async\" width=\"800\" height=\"480\" src=\"https:\/\/serpilasamhairclinic.com\/wp-content\/uploads\/2022\/02\/hair-transplant-sa-1024x615.jpg\" class=\"attachment-large size-large wp-image-575\" alt=\"\" srcset=\"https:\/\/serpilasamhairclinic.com\/wp-content\/uploads\/2022\/02\/hair-transplant-sa-1024x615.jpg 1024w, https:\/\/serpilasamhairclinic.com\/wp-content\/uploads\/2022\/02\/hair-transplant-sa-300x180.jpg 300w, https:\/\/serpilasamhairclinic.com\/wp-content\/uploads\/2022\/02\/hair-transplant-sa-768x461.jpg 768w, https:\/\/serpilasamhairclinic.com\/wp-content\/uploads\/2022\/02\/hair-transplant-sa-1536x922.jpg 1536w, https:\/\/serpilasamhairclinic.com\/wp-content\/uploads\/2022\/02\/hair-transplant-sa.jpg 1800w\" sizes=\"(max-width: 800px) 100vw, 800px\" title=\"\">\t\t\t\t\t\t\t\t\t\t\t\t\t\t\t<\/div>\n\t\t\t\t<\/div>\n\t\t\t\t\t<\/div>\n\t\t<\/div>\n\t\t\t\t\t<\/div>\n\t\t<\/section>\n\t\t\t\t<section class=\"elementor-section elementor-top-section elementor-element elementor-element-632af8c elementor-section-boxed elementor-section-height-default elementor-section-height-default\" data-id=\"632af8c\" data-element_type=\"section\" data-e-type=\"section\" id=\"estetik\" data-settings=\"{&quot;background_background&quot;:&quot;classic&quot;}\">\n\t\t\t\t\t\t<div class=\"elementor-container elementor-column-gap-default\">\n\t\t\t\t\t<div class=\"elementor-column elementor-col-100 elementor-top-column elementor-element elementor-element-45c92d73\" data-id=\"45c92d73\" data-element_type=\"column\" data-e-type=\"column\">\n\t\t\t<div class=\"elementor-widget-wrap elementor-element-populated\">\n\t\t\t\t\t\t<div class=\"elementor-element elementor-element-74b40ae elementor-widget elementor-widget-text-editor\" data-id=\"74b40ae\" data-element_type=\"widget\" data-e-type=\"widget\" data-widget_type=\"text-editor.default\">\n\t\t\t\t<div class=\"elementor-widget-container\">\n\t\t\t\t\t\t\t\t\t<p>Danas se, uz tehnolo\u0161ki razvoj, razvijaju i tehnike transplantacije kose, a jedna od njih je i metoda presa\u0111ivanja kose Sapphire. Od 2001. godine ova metoda se \u010desto primjenjuje u cijelom svijetu. Sapphire tehnika transplantacije kose poznata je kao Sapphire Fue metoda transplantacije kose pomo\u0107u posebnih instrumenata sa safirnim vrhovima. Suprotno uvrije\u017eenom mi\u0161ljenju, ovi posebni instrumenti sa safirnim vrhom nisu izra\u0111eni od safirnog kamena. Safirne o\u0161trice proizvode se od sinteti\u010dkog safira (Al2O3 = aluminijev oksid) i stotine su puta izdr\u017eljivije od obi\u010dnog \u010delika. Oni su savr\u0161eni za operacije transplantacije kose prolaze\u0107i kroz posebne faze.<\/p><h2><strong>\u0160to je safirna transplantacija kose?<\/strong><\/h2><p>Safirnom metodom transplantacije kose mogu\u0107e je posti\u0107i trajne rezultate kod ispadanja i stanjivanja kose uzrokovanih genetskim \u010dimbenicima i \u010dimbenicima okoli\u0161a kod mu\u0161karaca i \u017eena od pro\u0161losti do danas.<\/p><p>Transplantacija kose sa safirom; To je tehnika transplantacije kose pomo\u0107u o\u0161trica sa safirnim vrhom koje se koriste zajedno s fue metodom. Zahvaljuju\u0107i ovim kori\u0161tenim safirnim o\u0161tricama, budu\u0107i da su otvoreni kanali minimalniji, zacjeljivanje je br\u017ee i istom brzinom.<\/p><h2><strong>Koje su faze transplantacije kose sa safirom?<\/strong><\/h2><ol><li>Nakon odluke o presa\u0111ivanju kose safirom, prije svega, provodi se opse\u017ena lije\u010dni\u010dka kontrola.<\/li><li>Nakon pregleda i pretraga odre\u0111uje se podru\u010dje za presa\u0111ivanje safirom i donorsko podru\u010dje. Nakon toga se iscrtava kosa safirnom kosom na podru\u010dju koje se presa\u0111uje. U ovoj fazi, prosje\u010dna koli\u010dina sjemenki folikula dlake koje treba uzeti odre\u0111uje se prema \u0161irini podru\u010dja koje se prenosi.<\/li><li>Podru\u010dje za transplantaciju safirom i donorsko podru\u010dje anesteziraju se lokalnom anestezijom.<\/li><li>Kod transplantacije kose safirom, sjemenke folikula dlake (graft) uzimaju se iz podru\u010dja donora pomo\u0107u mikromotora fue metodom.<\/li><li>Sjeme folikula dlake uzeto uz pomo\u0107 mikromotora pa\u017eljivo se skuplja u jedan dio.<\/li><li>Nakon \u0161to je proces prikupljanja folikula dlake dovr\u0161en, sljede\u0107i korak, koriste\u0107i o\u0161trice sa safirnim vrhom, otvaraju se kanali sa \u017eeljenom boli, smjerom i u\u010destalo\u0161\u0107u u podru\u010dju koje se presa\u0111uje.<\/li><li>Kao posljednji korak, sjemenke folikula dlake prikupljene uz pomo\u0107 mikromotora stavljaju se u kanale otvorene o\u0161tricama sa safirnim vrhom. Time je transplantacija safirne kose zavr\u0161ena.<\/li><\/ol><h2><strong>Stvari koje treba razmotriti prije transplantacije kose sa safirom<\/strong><\/h2><ul><li>Prije transplantacije kose sa safirom ne smiju se koristiti sredstva za razrje\u0111ivanje krvi.<\/li><li>Pu\u0161enje i kori\u0161tenje alkohola treba prestati najmanje 1 tjedan prije transplantacije kose sa safirom.<\/li><li>Morate obavijestiti svog lije\u010dnika ako imate kroni\u010dnu bolest ili lijekove koje stalno koristite.<\/li><li>Trebali biste se dobro odmoriti i spavati prije operacije transplantacije kose sa safirom.<\/li><\/ul><h2><strong>Stvari koje treba uzeti u obzir nakon transplantacije kose sa safirom<\/strong><\/h2><ol><li>Prije i nakon operacije transplantacije kose sa safirom ne smijete nositi usku odje\u0107u, jer tijekom obla\u010denja mo\u017eete o\u0161tetiti presa\u0111eno podru\u010dje.<\/li><li>Nakon transplantacije kose sa safirom ne smijete koristiti alkohol i cigarete u razdoblju koje odredi Va\u0161 lije\u010dnik.<\/li><li>Nakon operacije trebate koristiti lijekove koje vam je propisao lije\u010dnik u razdoblju koje vam je preporu\u010dio.<\/li><li>Prvih 15 dana nakon operacije transplantacije kose sa safirom ne biste se trebali izlagati suncu, a trebali biste se kloniti aktivnosti poput mora, turske kupelji i saune.<\/li><li>Treba biti oprezan dok le\u017eite i ne smijete koristiti dodatke poput kapa, \u0161alova, \u0161alova bez odobrenja lije\u010dnika.<\/li><li>Nakon transplantacije kose sa safirom, ne smijete ru\u010dno pritiskati presa\u0111eno podru\u010dje.<\/li><li>Dok va\u0161 lije\u010dnik ne odobri, ne biste se trebali brijati niti primjenjivati toplinsku obradu kao \u0161to je su\u0161ilo za kosu.<\/li><\/ol><h2><strong>Njega kose nakon transplantacije kose sa safirom<\/strong><\/h2><p>Nakon operacije presa\u0111ivanja kose safirom, prvo pranje obi\u010dno obavlja lije\u010dnik. U sljede\u0107oj fazi, kada istekne vrijeme odre\u0111eno prostorom, pranje se mo\u017ee obaviti posebnim \u0161amponom koji propisuje stru\u010dnjak. Nakon transplantacije kose sa safirom, ne smije se koristiti nijedan drugi proizvod osim lijekova i krema koje vam je preporu\u010dio lije\u010dnik. Nakon transplantacije kose sa safirom, ne preporu\u010duje se metoda brijanja bez \u0161kara. Prema stopi oporavka osobe, mo\u017eete se brijati uz preporuku lije\u010dnika. Nemojte koristiti nikakve proizvode za njegu kose na kosi tijekom faze oporavka i nemojte raditi nikakve postupke koji \u0107e biti izlo\u017eeni toplini.<\/p><h2><strong>Tko mo\u017ee imati transplantaciju kose sa safirom?<\/strong><\/h2><p>Osobe prikladne za transplantaciju kose safirom odre\u0111uju se tek nakon sveobuhvatnog pregleda. Osim zdravlja va\u0161e kose i folikula dlake, dobro bi trebalo biti i va\u0161e op\u0107e zdravstveno stanje. Morate biti stariji od 18 godina da biste primijenili transplantaciju kose sa safirom.<\/p>\t\t\t\t\t\t\t\t<\/div>\n\t\t\t\t<\/div>\n\t\t\t\t\t<\/div>\n\t\t<\/div>\n\t\t\t\t\t<\/div>\n\t\t<\/section>\n\t\t\t\t<\/div>\n\t\t","protected":false},"excerpt":{"rendered":"<p>Transplantacija kose sa safirom Danas se, uz tehnolo\u0161ki razvoj, razvijaju i tehnike transplantacije kose, a jedna od njih je i metoda presa\u0111ivanja kose Sapphire. Od 2001. godine ova metoda se \u010desto primjenjuje u cijelom svijetu. Sapphire tehnika transplantacije kose poznata je kao Sapphire Fue metoda transplantacije kose pomo\u0107u posebnih instrumenata sa safirnim vrhovima. Suprotno uvrije\u017eenom [&hellip;]<\/p>\n","protected":false},"author":1,"featured_media":0,"parent":0,"menu_order":0,"comment_status":"closed","ping_status":"closed","template":"","meta":{"footnotes":""},"class_list":["post-1260","page","type-page","status-publish","hentry"],"_links":{"self":[{"href":"https:\/\/serpilasamhairclinic.com\/hr\/wp-json\/wp\/v2\/pages\/1260","targetHints":{"allow":["GET"]}}],"collection":[{"href":"https:\/\/serpilasamhairclinic.com\/hr\/wp-json\/wp\/v2\/pages"}],"about":[{"href":"https:\/\/serpilasamhairclinic.com\/hr\/wp-json\/wp\/v2\/types\/page"}],"author":[{"embeddable":true,"href":"https:\/\/serpilasamhairclinic.com\/hr\/wp-json\/wp\/v2\/users\/1"}],"replies":[{"embeddable":true,"href":"https:\/\/serpilasamhairclinic.com\/hr\/wp-json\/wp\/v2\/comments?post=1260"}],"version-history":[{"count":0,"href":"https:\/\/serpilasamhairclinic.com\/hr\/wp-json\/wp\/v2\/pages\/1260\/revisions"}],"wp:attachment":[{"href":"https:\/\/serpilasamhairclinic.com\/hr\/wp-json\/wp\/v2\/media?parent=1260"}],"curies":[{"name":"wp","href":"https:\/\/api.w.org\/{rel}","templated":true}]}}