{"id":1244,"date":"2022-03-17T10:07:43","date_gmt":"2022-03-17T10:07:43","guid":{"rendered":"https:\/\/serpilasamhairclinic.com\/prp-tretman\/"},"modified":"2022-03-17T10:23:17","modified_gmt":"2022-03-17T10:23:17","slug":"prp-tretman","status":"publish","type":"page","link":"https:\/\/serpilasamhairclinic.com\/hr\/prp-tretman\/","title":{"rendered":"PRP tretman"},"content":{"rendered":"\t\t<div data-elementor-type=\"wp-page\" data-elementor-id=\"1244\" class=\"elementor elementor-1244\" data-elementor-post-type=\"page\">\n\t\t\t\t\t\t<section class=\"elementor-section elementor-top-section elementor-element elementor-element-2c1131e elementor-section-boxed elementor-section-height-default elementor-section-height-default\" data-id=\"2c1131e\" data-element_type=\"section\" data-e-type=\"section\" data-settings=\"{&quot;background_background&quot;:&quot;classic&quot;}\">\n\t\t\t\t\t\t<div class=\"elementor-container elementor-column-gap-default\">\n\t\t\t\t\t<div class=\"elementor-column elementor-col-100 elementor-top-column elementor-element elementor-element-b7c6070\" data-id=\"b7c6070\" data-element_type=\"column\" data-e-type=\"column\">\n\t\t\t<div class=\"elementor-widget-wrap elementor-element-populated\">\n\t\t\t\t\t\t<div class=\"elementor-element elementor-element-6d48f61 elementor-widget elementor-widget-heading\" data-id=\"6d48f61\" data-element_type=\"widget\" data-e-type=\"widget\" data-widget_type=\"heading.default\">\n\t\t\t\t<div class=\"elementor-widget-container\">\n\t\t\t\t\t<h1 class=\"elementor-heading-title elementor-size-default\">PRP tretman<\/h1>\t\t\t\t<\/div>\n\t\t\t\t<\/div>\n\t\t\t\t\t<\/div>\n\t\t<\/div>\n\t\t\t\t\t<\/div>\n\t\t<\/section>\n\t\t\t\t<section class=\"elementor-section elementor-top-section elementor-element elementor-element-af4e8b8 elementor-section-boxed elementor-section-height-default elementor-section-height-default\" data-id=\"af4e8b8\" data-element_type=\"section\" data-e-type=\"section\">\n\t\t\t\t\t\t<div class=\"elementor-container elementor-column-gap-default\">\n\t\t\t\t\t<div class=\"elementor-column elementor-col-50 elementor-top-column elementor-element elementor-element-cc94c6d\" data-id=\"cc94c6d\" data-element_type=\"column\" data-e-type=\"column\">\n\t\t\t<div class=\"elementor-widget-wrap elementor-element-populated\">\n\t\t\t\t\t\t<div class=\"elementor-element elementor-element-7ff20f8 elementor-widget elementor-widget-image\" data-id=\"7ff20f8\" data-element_type=\"widget\" data-e-type=\"widget\" data-widget_type=\"image.default\">\n\t\t\t\t<div class=\"elementor-widget-container\">\n\t\t\t\t\t\t\t\t\t\t\t\t\t\t\t<img fetchpriority=\"high\" decoding=\"async\" width=\"800\" height=\"480\" src=\"https:\/\/serpilasamhairclinic.com\/wp-content\/uploads\/2022\/02\/hair-transplant-sa-2-1024x615.jpg\" class=\"attachment-large size-large wp-image-587\" alt=\"\" srcset=\"https:\/\/serpilasamhairclinic.com\/wp-content\/uploads\/2022\/02\/hair-transplant-sa-2-1024x615.jpg 1024w, https:\/\/serpilasamhairclinic.com\/wp-content\/uploads\/2022\/02\/hair-transplant-sa-2-300x180.jpg 300w, https:\/\/serpilasamhairclinic.com\/wp-content\/uploads\/2022\/02\/hair-transplant-sa-2-768x461.jpg 768w, https:\/\/serpilasamhairclinic.com\/wp-content\/uploads\/2022\/02\/hair-transplant-sa-2-1536x922.jpg 1536w, https:\/\/serpilasamhairclinic.com\/wp-content\/uploads\/2022\/02\/hair-transplant-sa-2.jpg 1800w\" sizes=\"(max-width: 800px) 100vw, 800px\" title=\"\">\t\t\t\t\t\t\t\t\t\t\t\t\t\t\t<\/div>\n\t\t\t\t<\/div>\n\t\t\t\t\t<\/div>\n\t\t<\/div>\n\t\t\t\t<div class=\"elementor-column elementor-col-50 elementor-top-column elementor-element elementor-element-5a7d9ee\" data-id=\"5a7d9ee\" data-element_type=\"column\" data-e-type=\"column\">\n\t\t\t<div class=\"elementor-widget-wrap elementor-element-populated\">\n\t\t\t\t\t\t<div class=\"elementor-element elementor-element-ea7f270 elementor-widget elementor-widget-image\" data-id=\"ea7f270\" data-element_type=\"widget\" data-e-type=\"widget\" data-widget_type=\"image.default\">\n\t\t\t\t<div class=\"elementor-widget-container\">\n\t\t\t\t\t\t\t\t\t\t\t\t\t\t\t<img decoding=\"async\" width=\"800\" height=\"480\" src=\"https:\/\/serpilasamhairclinic.com\/wp-content\/uploads\/2022\/02\/hair-transplant-sa-1024x615.jpg\" class=\"attachment-large size-large wp-image-575\" alt=\"\" srcset=\"https:\/\/serpilasamhairclinic.com\/wp-content\/uploads\/2022\/02\/hair-transplant-sa-1024x615.jpg 1024w, https:\/\/serpilasamhairclinic.com\/wp-content\/uploads\/2022\/02\/hair-transplant-sa-300x180.jpg 300w, https:\/\/serpilasamhairclinic.com\/wp-content\/uploads\/2022\/02\/hair-transplant-sa-768x461.jpg 768w, https:\/\/serpilasamhairclinic.com\/wp-content\/uploads\/2022\/02\/hair-transplant-sa-1536x922.jpg 1536w, https:\/\/serpilasamhairclinic.com\/wp-content\/uploads\/2022\/02\/hair-transplant-sa.jpg 1800w\" sizes=\"(max-width: 800px) 100vw, 800px\" title=\"\">\t\t\t\t\t\t\t\t\t\t\t\t\t\t\t<\/div>\n\t\t\t\t<\/div>\n\t\t\t\t\t<\/div>\n\t\t<\/div>\n\t\t\t\t\t<\/div>\n\t\t<\/section>\n\t\t\t\t<section class=\"elementor-section elementor-top-section elementor-element elementor-element-632af8c elementor-section-boxed elementor-section-height-default elementor-section-height-default\" data-id=\"632af8c\" data-element_type=\"section\" data-e-type=\"section\" id=\"estetik\" data-settings=\"{&quot;background_background&quot;:&quot;classic&quot;}\">\n\t\t\t\t\t\t<div class=\"elementor-container elementor-column-gap-default\">\n\t\t\t\t\t<div class=\"elementor-column elementor-col-100 elementor-top-column elementor-element elementor-element-45c92d73\" data-id=\"45c92d73\" data-element_type=\"column\" data-e-type=\"column\">\n\t\t\t<div class=\"elementor-widget-wrap elementor-element-populated\">\n\t\t\t\t\t\t<div class=\"elementor-element elementor-element-74b40ae elementor-widget elementor-widget-text-editor\" data-id=\"74b40ae\" data-element_type=\"widget\" data-e-type=\"widget\" data-widget_type=\"text-editor.default\">\n\t\t\t\t<div class=\"elementor-widget-container\">\n\t\t\t\t\t\t\t\t\t<p>PRP; To je oblik lije\u010denja injekcijom tvari dobivene iz vlastite krvi osobe. Ubrizgana tvar je plazma oboga\u0107ena trombocitima. Plazma je komponenta krvi koja poma\u017ee zgru\u0161avanju krvi i sadr\u017ei posebne stanice zvane trombociti ili druge \u010dimbenike i proteine. Ove plazme tako\u0111er sadr\u017ee proteine koji poti\u010du rast stanica. Odvajanjem i koncentriranjem plazme iz krvi dobiva se prp, plazma bogatija trombocitnim stanicama. Tako se ubrizgava u o\u0161te\u0107ena tkiva i osigurava proliferaciju zdravih stanica.<\/p><h2><strong>Kako je Prp tretman?<\/strong><\/h2><p>Prp lije\u010denje po\u010dinje uzimanjem krvi pacijenta i prikupljanjem u epruvetu. Zatim se krv uzima u epruvetu koja sadr\u017ei gel. Sakupljena krv se odvaja u roku od 5-8 minuta metodom centrifugiranja. Odvaja se plazma dio krvi bogat trombocitima i faktorima rasta. Dobivena krv se uz pomo\u0107 injekcije nanosi na odre\u0111eno podru\u010dje.<\/p><p><strong>Podru\u010dja Prp tretmana<\/strong><\/p><ul><li>Za davanje elasti\u010dnosti i sjaja ko\u017ei<\/li><li>Sprije\u010dite gubitak kose, oja\u010dajte kosu<\/li><li>Sprije\u010dite bore i depresije<\/li><li>Rekonstrukcija ko\u017ee kod rana, pukotina i o\u0161te\u0107enja ko\u017ee<\/li><li>Za zacjeljivanje opeklina na ko\u017ei nakon zahvata kao \u0161to je laser.<\/li><li>Koristi se u podru\u010djima kao \u0161to su lice, \u0161ake i ruke, unutarnja strana nogu, vrat u medicinskoj estetici.<\/li><\/ul><h2><strong>Tretman kose s Prp<\/strong><\/h2><p>Normalno je izgubiti 100-150 vlasi u svakodnevnom \u017eivotu. Me\u0111utim, pove\u0107anje ovog broja ukazuje na to da morate poduzeti mjere opreza. Nakon ove to\u010dke, prp je jedna od prvih metoda na koje \u0107ete nai\u0107i. U procesu u kojem kosa po\u010dinje \u010desto opadati, mo\u017eete odabrati prp tretman za pri\u010dvr\u0161\u0107ivanje folikula dlake i zdraviji rast nakon operacije transplantacije kose.<\/p><p>Za prp koji se primjenjuje kod ispadanja kose pacijentu se uzima u prosjeku 10 cc krvi. Ova uzeta krv se posebnim procesom odvaja na dva dijela kao bijela krv i crvena krv. U crvenom dijelu nalazi se faktor rasta trombocita. Nakon posebnog tretmana na crvenu krv, ona se ubrizgava u dio s lijevanjem ili razrje\u0111ivanjem nap aj metodom. Temelj ove primjene je prehrana kose i regeneracija tkiva. Pacijent ne osje\u0107a bol tijekom postupka.<\/p><h2><strong>Kada bi trebao biti Prp nakon transplantacije kose?<\/strong><\/h2><p>PRP je metoda lije\u010denja koja se u svijetu koristi ve\u0107 dugi niz godina, a posljednjih godina se sve vi\u0161e preferira. Rast kose je podr\u017ean ovom metodom lije\u010denja. Stoga se nekim ljudima mo\u017ee preporu\u010diti PRP tretman nakon transplantacije kose. PRP je dobra opcija za pove\u0107anje uspjeha transplantacije kose.<\/p><p>Uz PRP, faktori rasta i trombociti se pojavljuju na tjemenu. To pozitivno utje\u010de na cijeli proces ozdravljenja. No, da bi PRP tretman bio uspje\u0161an, iznimno je va\u017eno u\u010diniti ga u pravo vrijeme. PRP tretman mo\u017ee se obaviti 10 dana nakon postupka presa\u0111ivanja kose bez problema. Ostale sesije treba zakazati nakon 1 mjesec, 3 mjeseca i 6 mjeseci. Op\u0107enito, ukupno \u0107e biti dovoljno 4 tretmana.<\/p><p> Istodobno, broj procesa i sesija mo\u017ee varirati od osobe do osobe. U takvim slu\u010dajevima prp tretman se mo\u017ee provesti 3-4 mjeseca nakon operacije. Broj sesija mo\u017ee varirati ovisno o stanju osobe.<\/p><h2><strong>Koliko dugo traje tretman kose s Prp-om?<\/strong><\/h2><p>Tretman kose Prp-om je u seansama koje se rade u prosjeku svakih 15 dana. Broj seansi mo\u017ee varirati ovisno o potrebama osobe i odluci lije\u010dnika specijalista. Proces u prosjeku traje 30 minuta. Ovaj proces mo\u017ee trajati 3-4 mjeseca ili vi\u0161e, ovisno o potrebama osobe. Nakon zavr\u0161etka sesija prp tretmana, preporu\u010duje se prp tretman jednom godi\u0161nje.<\/p><h2><strong>Koje su prednosti Prp tretmana?<\/strong><\/h2><ul><li>Budu\u0107i da se posebna plazma dobiva iz vlastite krvi osobe, ne postoji rizik od alergije.<\/li><li>Zahvaljuju\u0107i injekciji koja se koristi u Prp tretmanu, nakon zahvata nema o\u017eiljka.<\/li><li>Tijekom tretmana se ne osje\u0107a bol.<\/li><li>Poma\u017ee br\u017eem zacjeljivanju rana, osobito nakon operacije presa\u0111ivanja kose.<\/li><li>Podr\u017eava zdraviji rast kose nakon transplantacije kose.<\/li><li>\u0160titi kosu od curenja,<\/li><li>Pove\u0107ava vitalnost folikula dlake,<\/li><li>Popravlja teksturu kose i poti\u010de rast kose,<\/li><li>Revitalizira uspavane folikule dlake.<\/li><\/ul><h2><strong>\u0160to bi trebalo biti nakon primjene PRP-a?<\/strong><\/h2><ul><li>Nakon nano\u0161enja PRP-a, prikladno je primijeniti led i koristiti lijekove protiv bolova za vrlo blage bolove.<\/li><li>Mogu se raditi jednostavne vje\u017ebe istezanja, ali vje\u017ebe otpora na te\u017einu treba izbjegavati. Vrijeme za povratak sportu mo\u017ee varirati izme\u0111u 3-6 tjedana.<\/li><li>Budu\u0107i da se PRP tretman primjenjuje na podru\u010dje glave nakon transplantacije kose, potrebno je ne vr\u0161iti pritisak na to podru\u010dje.<\/li><li>Bilo bi prikladno pitati svog lije\u010dnika o lijekovima koje mo\u017eete koristiti nakon primjene PRP-a i povratka sportu.<\/li><\/ul>\t\t\t\t\t\t\t\t<\/div>\n\t\t\t\t<\/div>\n\t\t\t\t\t<\/div>\n\t\t<\/div>\n\t\t\t\t\t<\/div>\n\t\t<\/section>\n\t\t\t\t<\/div>\n\t\t","protected":false},"excerpt":{"rendered":"<p>PRP tretman PRP; To je oblik lije\u010denja injekcijom tvari dobivene iz vlastite krvi osobe. Ubrizgana tvar je plazma oboga\u0107ena trombocitima. Plazma je komponenta krvi koja poma\u017ee zgru\u0161avanju krvi i sadr\u017ei posebne stanice zvane trombociti ili druge \u010dimbenike i proteine. Ove plazme tako\u0111er sadr\u017ee proteine koji poti\u010du rast stanica. Odvajanjem i koncentriranjem plazme iz krvi dobiva [&hellip;]<\/p>\n","protected":false},"author":1,"featured_media":0,"parent":0,"menu_order":0,"comment_status":"closed","ping_status":"closed","template":"","meta":{"footnotes":""},"class_list":["post-1244","page","type-page","status-publish","hentry"],"_links":{"self":[{"href":"https:\/\/serpilasamhairclinic.com\/hr\/wp-json\/wp\/v2\/pages\/1244","targetHints":{"allow":["GET"]}}],"collection":[{"href":"https:\/\/serpilasamhairclinic.com\/hr\/wp-json\/wp\/v2\/pages"}],"about":[{"href":"https:\/\/serpilasamhairclinic.com\/hr\/wp-json\/wp\/v2\/types\/page"}],"author":[{"embeddable":true,"href":"https:\/\/serpilasamhairclinic.com\/hr\/wp-json\/wp\/v2\/users\/1"}],"replies":[{"embeddable":true,"href":"https:\/\/serpilasamhairclinic.com\/hr\/wp-json\/wp\/v2\/comments?post=1244"}],"version-history":[{"count":0,"href":"https:\/\/serpilasamhairclinic.com\/hr\/wp-json\/wp\/v2\/pages\/1244\/revisions"}],"wp:attachment":[{"href":"https:\/\/serpilasamhairclinic.com\/hr\/wp-json\/wp\/v2\/media?parent=1244"}],"curies":[{"name":"wp","href":"https:\/\/api.w.org\/{rel}","templated":true}]}}