{"id":1228,"date":"2022-03-17T10:02:55","date_gmt":"2022-03-17T10:02:55","guid":{"rendered":"https:\/\/serpilasamhairclinic.com\/transplantacija-kose-tijekom-spavanja\/"},"modified":"2022-03-17T10:21:53","modified_gmt":"2022-03-17T10:21:53","slug":"transplantacija-kose-tijekom-spavanja","status":"publish","type":"page","link":"https:\/\/serpilasamhairclinic.com\/hr\/transplantacija-kose-tijekom-spavanja\/","title":{"rendered":"Transplantacija kose tijekom spavanja"},"content":{"rendered":"\t\t<div data-elementor-type=\"wp-page\" data-elementor-id=\"1228\" class=\"elementor elementor-1228 elementor-1135\" data-elementor-post-type=\"page\">\n\t\t\t\t\t\t<section class=\"elementor-section elementor-top-section elementor-element elementor-element-2c1131e elementor-section-boxed elementor-section-height-default elementor-section-height-default\" data-id=\"2c1131e\" data-element_type=\"section\" data-e-type=\"section\" data-settings=\"{&quot;background_background&quot;:&quot;classic&quot;}\">\n\t\t\t\t\t\t<div class=\"elementor-container elementor-column-gap-default\">\n\t\t\t\t\t<div class=\"elementor-column elementor-col-100 elementor-top-column elementor-element elementor-element-b7c6070\" data-id=\"b7c6070\" data-element_type=\"column\" data-e-type=\"column\">\n\t\t\t<div class=\"elementor-widget-wrap elementor-element-populated\">\n\t\t\t\t\t\t<div class=\"elementor-element elementor-element-6d48f61 elementor-widget elementor-widget-heading\" data-id=\"6d48f61\" data-element_type=\"widget\" data-e-type=\"widget\" data-widget_type=\"heading.default\">\n\t\t\t\t<div class=\"elementor-widget-container\">\n\t\t\t\t\t<h1 class=\"elementor-heading-title elementor-size-default\">Transplantacija kose tijekom spavanja<\/h1>\t\t\t\t<\/div>\n\t\t\t\t<\/div>\n\t\t\t\t\t<\/div>\n\t\t<\/div>\n\t\t\t\t\t<\/div>\n\t\t<\/section>\n\t\t\t\t<section class=\"elementor-section elementor-top-section elementor-element elementor-element-af4e8b8 elementor-section-boxed elementor-section-height-default elementor-section-height-default\" data-id=\"af4e8b8\" data-element_type=\"section\" data-e-type=\"section\">\n\t\t\t\t\t\t<div class=\"elementor-container elementor-column-gap-default\">\n\t\t\t\t\t<div class=\"elementor-column elementor-col-50 elementor-top-column elementor-element elementor-element-cc94c6d\" data-id=\"cc94c6d\" data-element_type=\"column\" data-e-type=\"column\">\n\t\t\t<div class=\"elementor-widget-wrap elementor-element-populated\">\n\t\t\t\t\t\t<div class=\"elementor-element elementor-element-7ff20f8 elementor-widget elementor-widget-image\" data-id=\"7ff20f8\" data-element_type=\"widget\" data-e-type=\"widget\" data-widget_type=\"image.default\">\n\t\t\t\t<div class=\"elementor-widget-container\">\n\t\t\t\t\t\t\t\t\t\t\t\t\t\t\t<img fetchpriority=\"high\" decoding=\"async\" width=\"800\" height=\"480\" src=\"https:\/\/serpilasamhairclinic.com\/wp-content\/uploads\/2022\/02\/hair-transplant-sa-1-1024x615.jpg\" class=\"attachment-large size-large wp-image-581\" alt=\"\" srcset=\"https:\/\/serpilasamhairclinic.com\/wp-content\/uploads\/2022\/02\/hair-transplant-sa-1-1024x615.jpg 1024w, https:\/\/serpilasamhairclinic.com\/wp-content\/uploads\/2022\/02\/hair-transplant-sa-1-300x180.jpg 300w, https:\/\/serpilasamhairclinic.com\/wp-content\/uploads\/2022\/02\/hair-transplant-sa-1-768x461.jpg 768w, https:\/\/serpilasamhairclinic.com\/wp-content\/uploads\/2022\/02\/hair-transplant-sa-1-1536x922.jpg 1536w, https:\/\/serpilasamhairclinic.com\/wp-content\/uploads\/2022\/02\/hair-transplant-sa-1.jpg 1800w\" sizes=\"(max-width: 800px) 100vw, 800px\" title=\"\">\t\t\t\t\t\t\t\t\t\t\t\t\t\t\t<\/div>\n\t\t\t\t<\/div>\n\t\t\t\t\t<\/div>\n\t\t<\/div>\n\t\t\t\t<div class=\"elementor-column elementor-col-50 elementor-top-column elementor-element elementor-element-5a7d9ee\" data-id=\"5a7d9ee\" data-element_type=\"column\" data-e-type=\"column\">\n\t\t\t<div class=\"elementor-widget-wrap elementor-element-populated\">\n\t\t\t\t\t\t<div class=\"elementor-element elementor-element-ea7f270 elementor-widget elementor-widget-image\" data-id=\"ea7f270\" data-element_type=\"widget\" data-e-type=\"widget\" data-widget_type=\"image.default\">\n\t\t\t\t<div class=\"elementor-widget-container\">\n\t\t\t\t\t\t\t\t\t\t\t\t\t\t\t<img decoding=\"async\" width=\"800\" height=\"480\" src=\"https:\/\/serpilasamhairclinic.com\/wp-content\/uploads\/2022\/02\/hair-transplant-sa-1024x615.jpg\" class=\"attachment-large size-large wp-image-575\" alt=\"\" srcset=\"https:\/\/serpilasamhairclinic.com\/wp-content\/uploads\/2022\/02\/hair-transplant-sa-1024x615.jpg 1024w, https:\/\/serpilasamhairclinic.com\/wp-content\/uploads\/2022\/02\/hair-transplant-sa-300x180.jpg 300w, https:\/\/serpilasamhairclinic.com\/wp-content\/uploads\/2022\/02\/hair-transplant-sa-768x461.jpg 768w, https:\/\/serpilasamhairclinic.com\/wp-content\/uploads\/2022\/02\/hair-transplant-sa-1536x922.jpg 1536w, https:\/\/serpilasamhairclinic.com\/wp-content\/uploads\/2022\/02\/hair-transplant-sa.jpg 1800w\" sizes=\"(max-width: 800px) 100vw, 800px\" title=\"\">\t\t\t\t\t\t\t\t\t\t\t\t\t\t\t<\/div>\n\t\t\t\t<\/div>\n\t\t\t\t\t<\/div>\n\t\t<\/div>\n\t\t\t\t\t<\/div>\n\t\t<\/section>\n\t\t\t\t<section class=\"elementor-section elementor-top-section elementor-element elementor-element-632af8c elementor-section-boxed elementor-section-height-default elementor-section-height-default\" data-id=\"632af8c\" data-element_type=\"section\" data-e-type=\"section\" id=\"estetik\" data-settings=\"{&quot;background_background&quot;:&quot;classic&quot;}\">\n\t\t\t\t\t\t<div class=\"elementor-container elementor-column-gap-default\">\n\t\t\t\t\t<div class=\"elementor-column elementor-col-100 elementor-top-column elementor-element elementor-element-45c92d73\" data-id=\"45c92d73\" data-element_type=\"column\" data-e-type=\"column\">\n\t\t\t<div class=\"elementor-widget-wrap elementor-element-populated\">\n\t\t\t\t\t\t<div class=\"elementor-element elementor-element-74b40ae elementor-widget elementor-widget-text-editor\" data-id=\"74b40ae\" data-element_type=\"widget\" data-e-type=\"widget\" data-widget_type=\"text-editor.default\">\n\t\t\t\t<div class=\"elementor-widget-container\">\n\t\t\t\t\t\t\t\t\t<h2><strong>Spavanje nakon transplantacije kose<\/strong><\/h2><p>Metoda transplantacije kose pru\u017ea trajno rje\u0161enje za osobe koje do\u017eivljavaju gubitak kose. U glavama ljudi postoji mnogo upitnika za transplantaciju kose. Jedan od njih je polo\u017eaj za spavanje nakon operacije transplantacije kose. Prva faza nakon transplantacije kose je proces ozdravljenja i u ovoj fazi je va\u017eno razdoblje od <strong>10 dana<\/strong> . Tijekom tog razdoblja, presa\u0111eno podru\u010dje treba pa\u017eljivo za\u0161tititi od bilo kakvog udara, udara i pritiska. To tjera ljude da obrate pa\u017enju, posebno tijekom faze sna kada djelujemo nesvjesno. Budu\u0107i da je to posebno va\u017eno da folikuli dlake prianjaju uz kanale tijekom <strong>10 dana<\/strong> , trebamo paziti na svoj polo\u017eaj <strong>tijekom spavanja<\/strong> .<\/p><h2><strong>Prvi no\u0107ni polo\u017eaj za spavanje nakon transplantacije kose<\/strong><\/h2><p>Prva no\u0107 nakon transplantacije kose vrlo je va\u017ena u smislu dr\u017eanja sjemena posijanog folikula dlake. Iz tog razloga trebamo obratiti pa\u017enju na polo\u017eaj spavanja <strong>prve no\u0107i<\/strong> . Naj\u010de\u0161\u0107a komplikacija nakon operacije transplantacije kose je edem i oteklina. Ako je mogu\u0107e, potrebno je le\u017eati pod kutom od 45 stupnjeva, jer \u0107e potpuno le\u017eanje nakon operacije transplantacije kose uzrokovati edem i otekline. Stavljanje dva jastuka na le\u0111a <strong>prve no\u0107i nakon<\/strong> transplantacije kose pomo\u0107i \u0107e vam da postignete kut od 45 stupnjeva.<\/p><h3><strong>Polo\u017eaj za spavanje 1 tjedan nakon transplantacije kose<\/strong><\/h3><p>Nakon transplantacije kose, ako je operacija primijenjena na podru\u010dju va\u0161e glave, posebno na potiljku darivatelja, potrebno je ne vr\u0161iti pritisak na dokument u smislu njegovog zdravstvenog stanja. Va\u017eno je da obratite pozornost na to kako biste u budu\u0107im fazama postigli \u017eeljeni rezultat, ina\u010de, ako je podru\u010dje presa\u0111ene kose o\u0161te\u0107eno, o\u010dekivani rast kose mo\u017eda ne\u0107e do\u0107i. Ako je presa\u0111ivanje kose obavljeno samo na prednjem dijelu, nakon prvog tjedna mo\u017eete le\u017eati na le\u0111ima. Me\u0111utim, preporu\u010da se u tom razdoblju le\u017eati pod kutom od 45 stupnjeva, ako je mogu\u0107e. Ako se transplantacija kose radi na podru\u010dju tjemena, vode\u0107i ra\u010duna o svim mogu\u0107nostima, mo\u017ee se posti\u0107i kut od 45 stupnjeva te se mo\u017ee koristiti putni jastuk za spavanje. Tijekom ovog jednotjednog razdoblja, trebali biste le\u017eati pod kutom od 45 stupnjeva bez pritiskanja podru\u010dja presa\u0111ene kose.<\/p><h2><strong>Le\u017eati na boku nakon transplantacije kose?<\/strong><\/h2><p>Le\u017eanje na boku nakon transplantacije kose se ne preporu\u010duje jer \u0107e uzrokovati oticanje glave i lica. Me\u0111utim, nakon \u0161to pro\u0111e prvih 10 dana, mo\u017eete le\u017eati na boku uz odobrenje lije\u010dnika. Kod transplantacije kose, ako je donorsko podru\u010dje potiljak, mo\u017eete le\u017eati na boku s podignutim jastukom.<\/p><h3><strong>Kori\u0161tenje medicinskih jastuka i kreveta nakon transplantacije kose<\/strong><\/h3><p>Nakon operacije transplantacije kose dolazi do pote\u0161ko\u0107a jer je poreme\u0107en na\u010din spavanja i oblik ljudi. U tom procesu preporu\u010da se kori\u0161tenje medicinskih jastuka i madraca. Razlog tome su bolovi u predjelu glave, vrata i le\u0111a zbog promjene polo\u017eaja spavanja, a medicinski jastuk i madrac koji se koriste smanjuju te bolove na minimum.<\/p><h2><strong>Koje mjere opreza treba poduzeti prije spavanja nakon transplantacije kose?<\/strong><\/h2><ol><li>Treba napraviti ispravan i principijelan plan spavanja; jer iako transplantacija kose nije bolan proces s lokalnom anestezijom, budu\u0107i da proces oporavka zahtijeva vrijeme, va\u0161e tijelo mo\u017ee izgubiti otpor i proces ozdravljenja mo\u017ee se produljiti ako ne mo\u017eete u\u010dinkovito spavati.<\/li><li>Obratite pa\u017enju na higijenu mjesta gdje spavate; Nakon operacije transplantacije kose otvoreni kanali, \u010dak i ako su vrlo mali, su u obliku otvorenih rana i va\u017eno je da se to podru\u010dje ne inficira.<\/li><li>Na jastucima treba koristiti \u010distu krpu ili ru\u010dnik; Nakon operacije presa\u0111ivanja kose mo\u017ee do\u0107i do krvarenja ili iscjetka iz rana u presa\u0111enim podru\u010djima. Kako biste to sprije\u010dili, mo\u017eete polo\u017eiti ru\u010dnik ili krpu na jastuke.<\/li><li>Treba izbjegavati kontakt podru\u010dja presa\u0111ene kose s jastukom; Pritisak koji \u0107e se pojaviti tijekom ovog kontakta mo\u017ee sprije\u010diti prianjanje sjemenki folikula dlake na podru\u010dje presa\u0111ene kose.<\/li><\/ol><h2><strong>Kada mo\u017eete normalno spavati nakon transplantacije kose?<\/strong><\/h2><p>Mogu\u0107nost normalnog spavanja nakon operacije presa\u0111ivanja kose uvelike ovisi o funkciji va\u0161eg tijela da zacjeljuje rane, pa se ovo vrijeme mo\u017ee razlikovati kod pojedinaca. U tom procesu, ako uzmete u obzir preporuke svog lije\u010dnika i u\u010dinite potrebnu njegu, ovo razdoblje \u0107e se skratiti.<\/p><p>Prvih 10 dana nakon transplantacije kose najva\u017enije je razdoblje u procesu. \u010cak i ako imate pote\u0161ko\u0107a u ovom 10-dnevnom procesu, najbolje je poslu\u0161ati savjet lije\u010dnika i le\u017eati na le\u0111ima pod kutom od 45 stupnjeva.<\/p><p>Ako se u potpunosti pridr\u017eavate lije\u010dni\u010dkih preporuka i le\u017eite pod preporu\u010denim kutom od 45 stupnjeva u razdoblju od 10 dana, ako imate potrebnu stopu oporavka pod kontrolom stru\u010dnjaka, mo\u017eete se prebaciti u svoj rutinski polo\u017eaj za spavanje uz odobrenje svog lije\u010dnika. Ho\u0107e li se to razdoblje skratiti ili produ\u017eiti, u va\u0161im je rukama.<\/p>\t\t\t\t\t\t\t\t<\/div>\n\t\t\t\t<\/div>\n\t\t\t\t\t<\/div>\n\t\t<\/div>\n\t\t\t\t\t<\/div>\n\t\t<\/section>\n\t\t\t\t<\/div>\n\t\t","protected":false},"excerpt":{"rendered":"<p>Transplantacija kose tijekom spavanja Spavanje nakon transplantacije kose Metoda transplantacije kose pru\u017ea trajno rje\u0161enje za osobe koje do\u017eivljavaju gubitak kose. U glavama ljudi postoji mnogo upitnika za transplantaciju kose. Jedan od njih je polo\u017eaj za spavanje nakon operacije transplantacije kose. Prva faza nakon transplantacije kose je proces ozdravljenja i u ovoj fazi je va\u017eno razdoblje [&hellip;]<\/p>\n","protected":false},"author":1,"featured_media":0,"parent":0,"menu_order":0,"comment_status":"closed","ping_status":"closed","template":"","meta":{"footnotes":""},"class_list":["post-1228","page","type-page","status-publish","hentry"],"_links":{"self":[{"href":"https:\/\/serpilasamhairclinic.com\/hr\/wp-json\/wp\/v2\/pages\/1228","targetHints":{"allow":["GET"]}}],"collection":[{"href":"https:\/\/serpilasamhairclinic.com\/hr\/wp-json\/wp\/v2\/pages"}],"about":[{"href":"https:\/\/serpilasamhairclinic.com\/hr\/wp-json\/wp\/v2\/types\/page"}],"author":[{"embeddable":true,"href":"https:\/\/serpilasamhairclinic.com\/hr\/wp-json\/wp\/v2\/users\/1"}],"replies":[{"embeddable":true,"href":"https:\/\/serpilasamhairclinic.com\/hr\/wp-json\/wp\/v2\/comments?post=1228"}],"version-history":[{"count":0,"href":"https:\/\/serpilasamhairclinic.com\/hr\/wp-json\/wp\/v2\/pages\/1228\/revisions"}],"wp:attachment":[{"href":"https:\/\/serpilasamhairclinic.com\/hr\/wp-json\/wp\/v2\/media?parent=1228"}],"curies":[{"name":"wp","href":"https:\/\/api.w.org\/{rel}","templated":true}]}}