{"id":1210,"date":"2022-03-17T10:01:22","date_gmt":"2022-03-17T10:01:22","guid":{"rendered":"https:\/\/serpilasamhairclinic.com\/fue-transplantacija-kose\/"},"modified":"2022-03-17T10:20:27","modified_gmt":"2022-03-17T10:20:27","slug":"fue-transplantacija-kose","status":"publish","type":"page","link":"https:\/\/serpilasamhairclinic.com\/hr\/fue-transplantacija-kose\/","title":{"rendered":"FUE transplantacija kose"},"content":{"rendered":"\t\t<div data-elementor-type=\"wp-page\" data-elementor-id=\"1210\" class=\"elementor elementor-1210 elementor-1130\" data-elementor-post-type=\"page\">\n\t\t\t\t\t\t<section class=\"elementor-section elementor-top-section elementor-element elementor-element-2c1131e elementor-section-boxed elementor-section-height-default elementor-section-height-default\" data-id=\"2c1131e\" data-element_type=\"section\" data-e-type=\"section\" data-settings=\"{&quot;background_background&quot;:&quot;classic&quot;}\">\n\t\t\t\t\t\t<div class=\"elementor-container elementor-column-gap-default\">\n\t\t\t\t\t<div class=\"elementor-column elementor-col-100 elementor-top-column elementor-element elementor-element-b7c6070\" data-id=\"b7c6070\" data-element_type=\"column\" data-e-type=\"column\">\n\t\t\t<div class=\"elementor-widget-wrap elementor-element-populated\">\n\t\t\t\t\t\t<div class=\"elementor-element elementor-element-6d48f61 elementor-widget elementor-widget-heading\" data-id=\"6d48f61\" data-element_type=\"widget\" data-e-type=\"widget\" data-widget_type=\"heading.default\">\n\t\t\t\t<div class=\"elementor-widget-container\">\n\t\t\t\t\t<h1 class=\"elementor-heading-title elementor-size-default\">FUE transplantacija kose<\/h1>\t\t\t\t<\/div>\n\t\t\t\t<\/div>\n\t\t\t\t\t<\/div>\n\t\t<\/div>\n\t\t\t\t\t<\/div>\n\t\t<\/section>\n\t\t\t\t<section class=\"elementor-section elementor-top-section elementor-element elementor-element-af4e8b8 elementor-section-boxed elementor-section-height-default elementor-section-height-default\" data-id=\"af4e8b8\" data-element_type=\"section\" data-e-type=\"section\">\n\t\t\t\t\t\t<div class=\"elementor-container elementor-column-gap-default\">\n\t\t\t\t\t<div class=\"elementor-column elementor-col-50 elementor-top-column elementor-element elementor-element-cc94c6d\" data-id=\"cc94c6d\" data-element_type=\"column\" data-e-type=\"column\">\n\t\t\t<div class=\"elementor-widget-wrap elementor-element-populated\">\n\t\t\t\t\t\t<div class=\"elementor-element elementor-element-7ff20f8 elementor-widget elementor-widget-image\" data-id=\"7ff20f8\" data-element_type=\"widget\" data-e-type=\"widget\" data-widget_type=\"image.default\">\n\t\t\t\t<div class=\"elementor-widget-container\">\n\t\t\t\t\t\t\t\t\t\t\t\t\t\t\t<img fetchpriority=\"high\" decoding=\"async\" width=\"800\" height=\"480\" src=\"https:\/\/serpilasamhairclinic.com\/wp-content\/uploads\/2022\/02\/hair-transplant-sa-1-1024x615.jpg\" class=\"attachment-large size-large wp-image-581\" alt=\"\" srcset=\"https:\/\/serpilasamhairclinic.com\/wp-content\/uploads\/2022\/02\/hair-transplant-sa-1-1024x615.jpg 1024w, https:\/\/serpilasamhairclinic.com\/wp-content\/uploads\/2022\/02\/hair-transplant-sa-1-300x180.jpg 300w, https:\/\/serpilasamhairclinic.com\/wp-content\/uploads\/2022\/02\/hair-transplant-sa-1-768x461.jpg 768w, https:\/\/serpilasamhairclinic.com\/wp-content\/uploads\/2022\/02\/hair-transplant-sa-1-1536x922.jpg 1536w, https:\/\/serpilasamhairclinic.com\/wp-content\/uploads\/2022\/02\/hair-transplant-sa-1.jpg 1800w\" sizes=\"(max-width: 800px) 100vw, 800px\" title=\"\">\t\t\t\t\t\t\t\t\t\t\t\t\t\t\t<\/div>\n\t\t\t\t<\/div>\n\t\t\t\t\t<\/div>\n\t\t<\/div>\n\t\t\t\t<div class=\"elementor-column elementor-col-50 elementor-top-column elementor-element elementor-element-5a7d9ee\" data-id=\"5a7d9ee\" data-element_type=\"column\" data-e-type=\"column\">\n\t\t\t<div class=\"elementor-widget-wrap elementor-element-populated\">\n\t\t\t\t\t\t<div class=\"elementor-element elementor-element-ea7f270 elementor-widget elementor-widget-image\" data-id=\"ea7f270\" data-element_type=\"widget\" data-e-type=\"widget\" data-widget_type=\"image.default\">\n\t\t\t\t<div class=\"elementor-widget-container\">\n\t\t\t\t\t\t\t\t\t\t\t\t\t\t\t<img decoding=\"async\" width=\"800\" height=\"480\" src=\"https:\/\/serpilasamhairclinic.com\/wp-content\/uploads\/2022\/02\/hair-transplant-sa-1024x615.jpg\" class=\"attachment-large size-large wp-image-575\" alt=\"\" srcset=\"https:\/\/serpilasamhairclinic.com\/wp-content\/uploads\/2022\/02\/hair-transplant-sa-1024x615.jpg 1024w, https:\/\/serpilasamhairclinic.com\/wp-content\/uploads\/2022\/02\/hair-transplant-sa-300x180.jpg 300w, https:\/\/serpilasamhairclinic.com\/wp-content\/uploads\/2022\/02\/hair-transplant-sa-768x461.jpg 768w, https:\/\/serpilasamhairclinic.com\/wp-content\/uploads\/2022\/02\/hair-transplant-sa-1536x922.jpg 1536w, https:\/\/serpilasamhairclinic.com\/wp-content\/uploads\/2022\/02\/hair-transplant-sa.jpg 1800w\" sizes=\"(max-width: 800px) 100vw, 800px\" title=\"\">\t\t\t\t\t\t\t\t\t\t\t\t\t\t\t<\/div>\n\t\t\t\t<\/div>\n\t\t\t\t\t<\/div>\n\t\t<\/div>\n\t\t\t\t\t<\/div>\n\t\t<\/section>\n\t\t\t\t<section class=\"elementor-section elementor-top-section elementor-element elementor-element-632af8c elementor-section-boxed elementor-section-height-default elementor-section-height-default\" data-id=\"632af8c\" data-element_type=\"section\" data-e-type=\"section\" id=\"estetik\" data-settings=\"{&quot;background_background&quot;:&quot;classic&quot;}\">\n\t\t\t\t\t\t<div class=\"elementor-container elementor-column-gap-default\">\n\t\t\t\t\t<div class=\"elementor-column elementor-col-100 elementor-top-column elementor-element elementor-element-45c92d73\" data-id=\"45c92d73\" data-element_type=\"column\" data-e-type=\"column\">\n\t\t\t<div class=\"elementor-widget-wrap elementor-element-populated\">\n\t\t\t\t\t\t<div class=\"elementor-element elementor-element-74b40ae elementor-widget elementor-widget-text-editor\" data-id=\"74b40ae\" data-element_type=\"widget\" data-e-type=\"widget\" data-widget_type=\"text-editor.default\">\n\t\t\t\t<div class=\"elementor-widget-container\">\n\t\t\t\t\t\t\t\t\t<h2><strong>Ekstrakcija folikularne jedinice (FUE)<\/strong><\/h2><p>Fue transplantacija kose je metoda koja se naj\u010de\u0161\u0107e koristi za trajno rje\u0161avanje problema gubitka kose (\u0107elavosti) u cijelom svijetu. To je metoda koju preferiraju \u017eene i mu\u0161karci za postizanje prirodne kose na udoban i trajan na\u010din bez boli. <strong>Fue tehnika transplantacije kose<\/strong> izvodi se prikupljanjem zdravih sjemenki folikula dlake (graftova) iz dlakavog podru\u010dja na glavi i stavljanjem u \u0107elavo podru\u010dje gdje dolazi do stanjivanja ili potpunog opadanja.<\/p><p>Sigurno se primjenjuje u cijelom svijetu od 2004. godine. Fue tehnika transplantacije kose izvodi se sa Sapphire <strong>Fue transplantacijom kose<\/strong> , Neobrijanom Fue transplantacijom kose, djelomi\u010dno obrijanom Fue transplantacijom kose i Sedated metodama transplantacije kose u skladu sa zahtjevom i potrebama pacijenta. Bez obzira na \u017eenu ili mu\u0161karca, na\u0161a kosa je na\u0161 najva\u017eniji dodatak, pa fue tehnika transplantacije kose nudi trajno i prirodno rje\u0161enje.<\/p><h2><strong>Prije Fue transplantacije kose<\/strong><\/h2><p>Ljudi koji se odlu\u010de na <strong>Fue metodu transplantacije kose<\/strong> prvo obave prvi pregled kod iskusne i stru\u010dne osobe. U ovoj fazi, strukturu kose, stupnjeve rijetkosti ili \u0107elavosti, proporcije glave i lica pomno pregleda lije\u010dnik, koji nema zdravstveno stanje koje sprje\u010dava operaciju. Nakon toga, linija transplantacije kose odre\u0111uje se milimetrijskim mjerenjima podru\u010dja koje se presa\u0111uje. Ova faza je vrlo va\u017ena u smislu vizualnog izgleda koji \u0107e se pojaviti nakon transplantacije kose i treba je pa\u017eljivo tretirati. Nakon toga se rade potrebni pregledi i odre\u0111uje pravo vrijeme za transplantaciju fue kose.<\/p><h2><strong>Koje su faze FUE transplantacije kose?<\/strong><\/h2><ol><li><strong>Sakupljanje sjemena korijena Ha\u0131ra<\/strong><\/li><\/ol><p>Nakon prve faze pregleda i pripreme, podru\u010dja na kojima \u0107e se primijeniti FUE transplantacija kose dezinficiraju se i anesteziraju lokalnom anestezijom kako bi se osigurala bezbolna operacija. Ovo podru\u010dje je obi\u010dno podru\u010dje zatiljka jer je kosa u podru\u010dju potiljka otpornija na opadanje. Zdravo i prikladno sjeme folikula dlake s odre\u0111enog donora po\u010dinje se prikupljati pomo\u0107u mikromotora s vrlo finim vrhovima. Vrlo je va\u017eno uzeti ove sjemenke folikula dlake vrlo pa\u017eljivo kako bi bile trajne u sljede\u0107oj fazi operacije, pa bi prikupljeno sjeme folikula dlake trebalo biti najzdravije. U ovoj fazi svaki folikul dlake u prosjeku sadr\u017ei 2,7 dla\u010dica. Prema prikladnosti podru\u010dja donora, u jednoj seansi mo\u017ee se uzeti prosje\u010dno 2000-2500 sjemenki folikula dlake. Sakupljene zdrave sjemenke korijena kose pa\u017eljivo se \u010duvaju u posebnoj otopini.<\/p><ol start=\"2\"><li><strong>Stavljanje sjemenki korijena Ha\u0131ra u kanale<\/strong><\/li><\/ol><p>Treba otvoriti kanale za postavljanje sjemenki folikula dlake prikupljenih za FUE transplantaciju kose. U ovoj fazi lije\u010dnik specijalist pa\u017eljivo otvara odre\u0111eni broj kanala s vrlo tankim prorezima s \u010deli\u010dnim vrhom u obliku olovke na podru\u010dju gdje \u0107e se kosa presaditi. Sjeme folikula dlake sakupljeno FUE transplantacijom kose pa\u017eljivo se stavlja u kanale koji se otvaraju jedno po jedno. U ovoj fazi treba obratiti pozornost na smjerove izlaska drugih dla\u010dica u podru\u010dju gdje \u0107e se korijeni postaviti. Fue postupci transplantacije kose gotovi su u roku od 6-9 sati istog dana.<\/p><h2><strong>Nakon Fue transplantacije kose<\/strong><\/h2><p>Nakon Fue transplantacije kose javlja se blagi otok i crvenilo na tom podru\u010dju, ali oni \u0107e s vremenom pro\u0107i. Nakon FUE transplantacije kose, u roku od tjedan dana pojavit \u0107e se igli\u010daste kore koje \u0107e s vremenom zacijeliti i otpasti u obliku peruti. Tijekom procesa ozdravljenja, mo\u017ee se neko vrijeme osje\u0107ati blaga bol i bolovi, \u0161to je normalno i s vremenom se pobolj\u0161ava. Nakon operacije, do\u0107i \u0107e do odre\u0111ene koli\u010dine linjanja. Nakon 3. mjeseca kosa \u0107e ponovno po\u010deti rasti. Nakon 6. mjeseca imat \u0107ete bolji vizualni izgled. Neto rezultat \u0107e se vidjeti nakon 12 ili 18 mjeseci.<\/p><h2><strong>Koje su prednosti Fue transplantacije kose?<\/strong><\/h2><p>Prednosti Fue transplantacije kose su brojne, ako ih navedemo jednu po jednu;<\/p><ul><li>Budu\u0107i da tijekom operacije nema \u0161ava, ne postoji opasnost od nastanka o\u017eiljaka nakon toga.<\/li><li>Tijekom zahvata nema boli, a faza oporavka je kra\u0107a od ostalih metoda.<\/li><li>Nakon operacije, po\u010dev\u0161i od 6. mjeseca, kosa po\u010dinje vizualno dobro izgledati.<\/li><li>Trajno rje\u0161enje posti\u017ee se unutar 12 do 18 mjeseci nakon operacije.<\/li><li>Fue transplantacija kose trajno je rje\u0161enje za opadanje i \u0107elavost, pogotovo jer je napravljena od zdravih sjemenki folikula dlake u podru\u010dju potiljka.<\/li><\/ul>\t\t\t\t\t\t\t\t<\/div>\n\t\t\t\t<\/div>\n\t\t\t\t\t<\/div>\n\t\t<\/div>\n\t\t\t\t\t<\/div>\n\t\t<\/section>\n\t\t\t\t<\/div>\n\t\t","protected":false},"excerpt":{"rendered":"<p>FUE transplantacija kose Ekstrakcija folikularne jedinice (FUE) Fue transplantacija kose je metoda koja se naj\u010de\u0161\u0107e koristi za trajno rje\u0161avanje problema gubitka kose (\u0107elavosti) u cijelom svijetu. To je metoda koju preferiraju \u017eene i mu\u0161karci za postizanje prirodne kose na udoban i trajan na\u010din bez boli. Fue tehnika transplantacije kose izvodi se prikupljanjem zdravih sjemenki folikula [&hellip;]<\/p>\n","protected":false},"author":1,"featured_media":0,"parent":0,"menu_order":0,"comment_status":"closed","ping_status":"closed","template":"","meta":{"footnotes":""},"class_list":["post-1210","page","type-page","status-publish","hentry"],"_links":{"self":[{"href":"https:\/\/serpilasamhairclinic.com\/hr\/wp-json\/wp\/v2\/pages\/1210","targetHints":{"allow":["GET"]}}],"collection":[{"href":"https:\/\/serpilasamhairclinic.com\/hr\/wp-json\/wp\/v2\/pages"}],"about":[{"href":"https:\/\/serpilasamhairclinic.com\/hr\/wp-json\/wp\/v2\/types\/page"}],"author":[{"embeddable":true,"href":"https:\/\/serpilasamhairclinic.com\/hr\/wp-json\/wp\/v2\/users\/1"}],"replies":[{"embeddable":true,"href":"https:\/\/serpilasamhairclinic.com\/hr\/wp-json\/wp\/v2\/comments?post=1210"}],"version-history":[{"count":0,"href":"https:\/\/serpilasamhairclinic.com\/hr\/wp-json\/wp\/v2\/pages\/1210\/revisions"}],"wp:attachment":[{"href":"https:\/\/serpilasamhairclinic.com\/hr\/wp-json\/wp\/v2\/media?parent=1210"}],"curies":[{"name":"wp","href":"https:\/\/api.w.org\/{rel}","templated":true}]}}