{"id":1194,"date":"2022-03-17T10:05:13","date_gmt":"2022-03-17T10:05:13","guid":{"rendered":"https:\/\/serpilasamhairclinic.com\/transplantacija-obrva\/"},"modified":"2022-03-17T10:18:49","modified_gmt":"2022-03-17T10:18:49","slug":"transplantacija-obrva","status":"publish","type":"page","link":"https:\/\/serpilasamhairclinic.com\/hr\/transplantacija-obrva\/","title":{"rendered":"Transplantacija obrva"},"content":{"rendered":"\t\t<div data-elementor-type=\"wp-page\" data-elementor-id=\"1194\" class=\"elementor elementor-1194 elementor-1140\" data-elementor-post-type=\"page\">\n\t\t\t\t\t\t<section class=\"elementor-section elementor-top-section elementor-element elementor-element-2c1131e elementor-section-boxed elementor-section-height-default elementor-section-height-default\" data-id=\"2c1131e\" data-element_type=\"section\" data-e-type=\"section\" data-settings=\"{&quot;background_background&quot;:&quot;classic&quot;}\">\n\t\t\t\t\t\t<div class=\"elementor-container elementor-column-gap-default\">\n\t\t\t\t\t<div class=\"elementor-column elementor-col-100 elementor-top-column elementor-element elementor-element-b7c6070\" data-id=\"b7c6070\" data-element_type=\"column\" data-e-type=\"column\">\n\t\t\t<div class=\"elementor-widget-wrap elementor-element-populated\">\n\t\t\t\t\t\t<div class=\"elementor-element elementor-element-6d48f61 elementor-widget elementor-widget-heading\" data-id=\"6d48f61\" data-element_type=\"widget\" data-e-type=\"widget\" data-widget_type=\"heading.default\">\n\t\t\t\t<div class=\"elementor-widget-container\">\n\t\t\t\t\t<h1 class=\"elementor-heading-title elementor-size-default\">Transplantacija obrva<\/h1>\t\t\t\t<\/div>\n\t\t\t\t<\/div>\n\t\t\t\t\t<\/div>\n\t\t<\/div>\n\t\t\t\t\t<\/div>\n\t\t<\/section>\n\t\t\t\t<section class=\"elementor-section elementor-top-section elementor-element elementor-element-af4e8b8 elementor-section-boxed elementor-section-height-default elementor-section-height-default\" data-id=\"af4e8b8\" data-element_type=\"section\" data-e-type=\"section\">\n\t\t\t\t\t\t<div class=\"elementor-container elementor-column-gap-default\">\n\t\t\t\t\t<div class=\"elementor-column elementor-col-50 elementor-top-column elementor-element elementor-element-cc94c6d\" data-id=\"cc94c6d\" data-element_type=\"column\" data-e-type=\"column\">\n\t\t\t<div class=\"elementor-widget-wrap\">\n\t\t\t\t\t\t\t<\/div>\n\t\t<\/div>\n\t\t\t\t<div class=\"elementor-column elementor-col-50 elementor-top-column elementor-element elementor-element-5a7d9ee\" data-id=\"5a7d9ee\" data-element_type=\"column\" data-e-type=\"column\">\n\t\t\t<div class=\"elementor-widget-wrap\">\n\t\t\t\t\t\t\t<\/div>\n\t\t<\/div>\n\t\t\t\t\t<\/div>\n\t\t<\/section>\n\t\t\t\t<section class=\"elementor-section elementor-top-section elementor-element elementor-element-632af8c elementor-section-boxed elementor-section-height-default elementor-section-height-default\" data-id=\"632af8c\" data-element_type=\"section\" data-e-type=\"section\" id=\"estetik\" data-settings=\"{&quot;background_background&quot;:&quot;classic&quot;}\">\n\t\t\t\t\t\t<div class=\"elementor-container elementor-column-gap-default\">\n\t\t\t\t\t<div class=\"elementor-column elementor-col-100 elementor-top-column elementor-element elementor-element-45c92d73\" data-id=\"45c92d73\" data-element_type=\"column\" data-e-type=\"column\">\n\t\t\t<div class=\"elementor-widget-wrap elementor-element-populated\">\n\t\t\t\t\t\t<div class=\"elementor-element elementor-element-74b40ae elementor-widget elementor-widget-text-editor\" data-id=\"74b40ae\" data-element_type=\"widget\" data-e-type=\"widget\" data-widget_type=\"text-editor.default\">\n\t\t\t\t<div class=\"elementor-widget-container\">\n\t\t\t\t\t\t\t\t\t<p>Obrve igraju va\u017enu ulogu u izrazu lica tako \u0161to okru\u017euju o\u010di. Gubitak izra\u017eaja mo\u017ee nastati kao posljedica stanjivanja ili ispadanja obrva. Za ta linjanja i stanjivanje, zbog kojih su \u017eene estetski nesretne, postoji rje\u0161enje transplantacijom obrva. Broj ljudi koji imaju operaciju <strong>transplantacije obrva<\/strong> raste iz dana u dan. Osim gubitka obrva, posebno zbog zdravstvenih razloga, transplantaciju obrva imaju oni koji \u017eele imati puniji, jasniji i estetski prirodniji izgled. Osim estetskih briga, transplantacija obrva je najprirodnija i najtrajnija metoda za ozljede u podru\u010dju obrva, opekline i trajne o\u017eiljke.<\/p><h2><strong>\u0160to je transplantacija obrva?<\/strong><\/h2><p>Transplantacija obrva je postupak stavljanja sjemenki folikula dlake uzetih iz vlastitih <strong>folikula dlake<\/strong> osobe koja je prorijedila ili regionalnog gubitka dlaka obrva u predjelu obrva kod \u017eena ili mu\u0161karaca, uz vrlo minimalne rezove.<\/p><h2><strong>Prije transplantacije obrva<\/strong><\/h2><p>Nakon \u0161to se odlu\u010dite na operaciju transplantacije obrva, potrebno je pa\u017eljivo ispitivanje od strane stru\u010dnjaka i iskusnog lije\u010dnika. Ovaj proces je vrlo va\u017ean i za osobu koja \u017eeli na transplantaciju obrva i za specijaliste. Nakon pregleda i potrebnih analiza specijalist treba saslu\u0161ati \u017eelje osobe koja se odlu\u010di na <strong>transplantaciju obrva<\/strong> i njena o\u010dekivanja od operacije te donijeti jasnu odluku. U tom procesu uzima se zlatni omjer prema tipu lica transplantirane osobe, te se vr\u0161e potrebna mjerenja te se vizualno crta kona\u010dni oblik i predo\u010dava kako \u0107e biti nakon operacije.<\/p><h2><strong>Nakon operacije transplantacije obrva?<\/strong><\/h2><ul><li>Budu\u0107i da je operacija obrva mnogo kra\u0107a od ostalih metoda transplantacije, to je relativno lak proces nakon toga. Zahvat traje u prosjeku 1 do 2 sata, iako se proces oporavka nakon zahvata razlikuje od osobe do osobe, u prosjeku traje 7 dana. U tom razdoblju od 7 dana dolazi do pojave krusti u podru\u010dju presa\u0111enih obrva. Ova pojava kore postupno se izlijeva u tom procesu, a osoba se lako mo\u017ee vratiti dru\u0161tvenom i poslovnom \u017eivotu. Nakon operacije trebate mirovati onoliko koliko vam je odredio lije\u010dnik. Nakon operacije <strong>transplantacije obrva<\/strong> , trebali biste u potpunosti primijeniti recept i ne smijete vr\u0161iti nikakav pritisak na podru\u010dje transplantacije obrva.<\/li><li>U tom procesu, kada obrve po\u010dnu rasti, nje\u017eno \u010de\u0161ljanje u smjeru va\u0161e obrve \u0107e popraviti smjer obrva i vizualno \u0107e biti dobro. Osim toga, presa\u0111ene obrve rastu br\u017ee od ostalih obrva jer su sjemenke korijena dlake pa ih treba skra\u0107ivati svakih 15 dana ili prema u\u010destalosti rasta.<\/li><li>Aktivnosti poput kupanja u moru i sun\u010danja strogo su zabranjene 15 dana nakon operacije transplantacije obrva.<\/li><li>Nakon transplantacije obrva treba pri\u010dekati 10-15 dana za odlazak na mjesta kao \u0161to su hamam i sauna.<\/li><li>U tom procesu, bilo koja druga supstanca osim lijekova koje vam je preporu\u010dio lije\u010dnik ne smije se nanositi na obrve i \u0161minka se ne smije nanositi na to podru\u010dje.<\/li><li>Nakon transplantacije obrva neko vrijeme mo\u017ee do\u0107i do ispadanja obrva, to je normalno, nemojte biti nervozni.<\/li><li>Transplantirane obrve \u0107e ponovno po\u010deti rasti nakon 3 mjeseca. Na kraju procesa od 7-8 mjeseci, mo\u017eete vidjeti neto rezultat. Me\u0111utim, ovaj proces mo\u017ee potrajati do 1 godine. Nakon isteka tog vremena, imat \u0107ete prirodne i trajne obrve.<\/li><\/ul><h2><strong>Koje su faze transplantacije obrva?<\/strong><\/h2><p>Nakon odluke o operaciji transplantacije obrva, faze <strong>transplantacije obrva<\/strong> osobama koje ne predstavljaju prepreku operaciji;<\/p><ul><li>Pregled i analiza je li prikladan za transplantaciju obrva.<\/li><li>Odlu\u010divanje o obliku obrva i izrada potrebnih mjerenja te iscrtavanje kona\u010dnog oblika oblika obrva uzimanjem zlatnog omjera.<\/li><li>Donatorsko podru\u010dje i obrve anesteziraju se lokalnom anestezijom.<\/li><li>Prema potrebnoj povr\u0161ini, iz povr\u0161ine se uzima prethodno odre\u0111en broj sjemenki folikula dlake.<\/li><li>Uklonjene sjemenke folikula dlake stavljaju se u rezove minimalnim rezovima u podru\u010djima koja su odre\u0111ena na obrvi.<\/li><li>Budu\u0107i da su obrve regija koja se jasno vidi na podru\u010dju lica, u sljede\u0107oj fazi stru\u010dnjaci trebaju napraviti vrlo male rezove kako osobe koje imaju transplantaciju obrva ne bi imale estetske probleme.<\/li><li>Proces traje izme\u0111u 1 ili 2 sata, ovisno o osobama i primijenjenoj metodi. Nakon operacije pacijent ne mora ostati u bolnici. Otpu\u0161ten je istog dana.<\/li><\/ul>\t\t\t\t\t\t\t\t<\/div>\n\t\t\t\t<\/div>\n\t\t\t\t\t<\/div>\n\t\t<\/div>\n\t\t\t\t\t<\/div>\n\t\t<\/section>\n\t\t\t\t<\/div>\n\t\t","protected":false},"excerpt":{"rendered":"<p>Transplantacija obrva Obrve igraju va\u017enu ulogu u izrazu lica tako \u0161to okru\u017euju o\u010di. Gubitak izra\u017eaja mo\u017ee nastati kao posljedica stanjivanja ili ispadanja obrva. Za ta linjanja i stanjivanje, zbog kojih su \u017eene estetski nesretne, postoji rje\u0161enje transplantacijom obrva. Broj ljudi koji imaju operaciju transplantacije obrva raste iz dana u dan. Osim gubitka obrva, posebno zbog [&hellip;]<\/p>\n","protected":false},"author":1,"featured_media":0,"parent":0,"menu_order":0,"comment_status":"closed","ping_status":"closed","template":"","meta":{"footnotes":""},"class_list":["post-1194","page","type-page","status-publish","hentry"],"_links":{"self":[{"href":"https:\/\/serpilasamhairclinic.com\/hr\/wp-json\/wp\/v2\/pages\/1194","targetHints":{"allow":["GET"]}}],"collection":[{"href":"https:\/\/serpilasamhairclinic.com\/hr\/wp-json\/wp\/v2\/pages"}],"about":[{"href":"https:\/\/serpilasamhairclinic.com\/hr\/wp-json\/wp\/v2\/types\/page"}],"author":[{"embeddable":true,"href":"https:\/\/serpilasamhairclinic.com\/hr\/wp-json\/wp\/v2\/users\/1"}],"replies":[{"embeddable":true,"href":"https:\/\/serpilasamhairclinic.com\/hr\/wp-json\/wp\/v2\/comments?post=1194"}],"version-history":[{"count":0,"href":"https:\/\/serpilasamhairclinic.com\/hr\/wp-json\/wp\/v2\/pages\/1194\/revisions"}],"wp:attachment":[{"href":"https:\/\/serpilasamhairclinic.com\/hr\/wp-json\/wp\/v2\/media?parent=1194"}],"curies":[{"name":"wp","href":"https:\/\/api.w.org\/{rel}","templated":true}]}}