{"id":1178,"date":"2022-03-17T10:09:25","date_gmt":"2022-03-17T10:09:25","guid":{"rendered":"https:\/\/serpilasamhairclinic.com\/transplantacija-brade-i-brkova\/"},"modified":"2022-03-17T10:17:20","modified_gmt":"2022-03-17T10:17:20","slug":"transplantacija-brade-i-brkova","status":"publish","type":"page","link":"https:\/\/serpilasamhairclinic.com\/hr\/transplantacija-brade-i-brkova\/","title":{"rendered":"Transplantacija brade i brkova"},"content":{"rendered":"\t\t<div data-elementor-type=\"wp-page\" data-elementor-id=\"1178\" class=\"elementor elementor-1178 elementor-1150\" data-elementor-post-type=\"page\">\n\t\t\t\t\t\t<section class=\"elementor-section elementor-top-section elementor-element elementor-element-2c1131e elementor-section-boxed elementor-section-height-default elementor-section-height-default\" data-id=\"2c1131e\" data-element_type=\"section\" data-e-type=\"section\" data-settings=\"{&quot;background_background&quot;:&quot;classic&quot;}\">\n\t\t\t\t\t\t<div class=\"elementor-container elementor-column-gap-default\">\n\t\t\t\t\t<div class=\"elementor-column elementor-col-100 elementor-top-column elementor-element elementor-element-b7c6070\" data-id=\"b7c6070\" data-element_type=\"column\" data-e-type=\"column\">\n\t\t\t<div class=\"elementor-widget-wrap elementor-element-populated\">\n\t\t\t\t\t\t<div class=\"elementor-element elementor-element-6d48f61 elementor-widget elementor-widget-heading\" data-id=\"6d48f61\" data-element_type=\"widget\" data-e-type=\"widget\" data-widget_type=\"heading.default\">\n\t\t\t\t<div class=\"elementor-widget-container\">\n\t\t\t\t\t<h1 class=\"elementor-heading-title elementor-size-default\">Transplantacija brade i brkova<\/h1>\t\t\t\t<\/div>\n\t\t\t\t<\/div>\n\t\t\t\t\t<\/div>\n\t\t<\/div>\n\t\t\t\t\t<\/div>\n\t\t<\/section>\n\t\t\t\t<section class=\"elementor-section elementor-top-section elementor-element elementor-element-af4e8b8 elementor-section-boxed elementor-section-height-default elementor-section-height-default\" data-id=\"af4e8b8\" data-element_type=\"section\" data-e-type=\"section\">\n\t\t\t\t\t\t<div class=\"elementor-container elementor-column-gap-default\">\n\t\t\t\t\t<div class=\"elementor-column elementor-col-50 elementor-top-column elementor-element elementor-element-cc94c6d\" data-id=\"cc94c6d\" data-element_type=\"column\" data-e-type=\"column\">\n\t\t\t<div class=\"elementor-widget-wrap elementor-element-populated\">\n\t\t\t\t\t\t<div class=\"elementor-element elementor-element-b02fa68 elementor-widget elementor-widget-image\" data-id=\"b02fa68\" data-element_type=\"widget\" data-e-type=\"widget\" data-widget_type=\"image.default\">\n\t\t\t\t<div class=\"elementor-widget-container\">\n\t\t\t\t\t\t\t\t\t\t\t\t\t\t\t<img fetchpriority=\"high\" decoding=\"async\" width=\"800\" height=\"534\" src=\"https:\/\/serpilasamhairclinic.com\/wp-content\/uploads\/2022\/02\/beard-transplant-1024x683.jpg\" class=\"attachment-large size-large wp-image-653\" alt=\"\" srcset=\"https:\/\/serpilasamhairclinic.com\/wp-content\/uploads\/2022\/02\/beard-transplant-1024x683.jpg 1024w, https:\/\/serpilasamhairclinic.com\/wp-content\/uploads\/2022\/02\/beard-transplant-300x200.jpg 300w, https:\/\/serpilasamhairclinic.com\/wp-content\/uploads\/2022\/02\/beard-transplant-768x512.jpg 768w, https:\/\/serpilasamhairclinic.com\/wp-content\/uploads\/2022\/02\/beard-transplant-1536x1024.jpg 1536w, https:\/\/serpilasamhairclinic.com\/wp-content\/uploads\/2022\/02\/beard-transplant-2048x1365.jpg 2048w\" sizes=\"(max-width: 800px) 100vw, 800px\" title=\"\">\t\t\t\t\t\t\t\t\t\t\t\t\t\t\t<\/div>\n\t\t\t\t<\/div>\n\t\t\t\t\t<\/div>\n\t\t<\/div>\n\t\t\t\t<div class=\"elementor-column elementor-col-50 elementor-top-column elementor-element elementor-element-5a7d9ee\" data-id=\"5a7d9ee\" data-element_type=\"column\" data-e-type=\"column\">\n\t\t\t<div class=\"elementor-widget-wrap\">\n\t\t\t\t\t\t\t<\/div>\n\t\t<\/div>\n\t\t\t\t\t<\/div>\n\t\t<\/section>\n\t\t\t\t<section class=\"elementor-section elementor-top-section elementor-element elementor-element-632af8c elementor-section-boxed elementor-section-height-default elementor-section-height-default\" data-id=\"632af8c\" data-element_type=\"section\" data-e-type=\"section\" id=\"estetik\" data-settings=\"{&quot;background_background&quot;:&quot;classic&quot;}\">\n\t\t\t\t\t\t<div class=\"elementor-container elementor-column-gap-default\">\n\t\t\t\t\t<div class=\"elementor-column elementor-col-100 elementor-top-column elementor-element elementor-element-45c92d73\" data-id=\"45c92d73\" data-element_type=\"column\" data-e-type=\"column\">\n\t\t\t<div class=\"elementor-widget-wrap elementor-element-populated\">\n\t\t\t\t\t\t<div class=\"elementor-element elementor-element-74b40ae elementor-widget elementor-widget-text-editor\" data-id=\"74b40ae\" data-element_type=\"widget\" data-e-type=\"widget\" data-widget_type=\"text-editor.default\">\n\t\t\t\t<div class=\"elementor-widget-container\">\n\t\t\t\t\t\t\t\t\t<p><strong>Brada i brkovi<\/strong> igraju va\u017enu ulogu u izrazu lica mu\u0161karaca. Brada i brkovi, koji se smatraju mu\u0161kim dodacima, mogu se stanjiti ili osipati iz raznih razloga. Mo\u017eda uop\u0107e ne\u0107e iza\u0107i zbog nekih genetskih \u010dimbenika. Gubitak izra\u017eaja mo\u017ee nastati kao posljedica stanjivanja ili opadanja brade i brkova. Za to opadanje i stanjivanje kose, zbog \u010dega su mu\u0161karci estetski nesretni, postoji rje\u0161enje transplantacijom brade i brkova. Broj ljudi koji imaju operacije transplantacije brade i brkova raste iz dana u dan. Osim gubitka brade i brkova, posebno zbog zdravstvenih razloga, oni koji \u017eele potpuniji i estetski prirodniji izgled imaju <strong>transplantaciju brade i brkova<\/strong> . Osim estetskih briga, transplantacija obrva je najprirodnija i najtrajnija metoda za ozljede na podru\u010dju brade ili brkova, opekline i trajne o\u017eiljke.<\/p><h2><strong>\u0160to su brada i brkovi?<\/strong><\/h2><p>Transplantacija brade i brkova je proces stavljanja stanjivanja ili regionalnog osipanja u podru\u010dje lica i gornje usne kod mu\u0161karaca, pri \u010demu je folikul dlake uzeo sjeme od same osobe, otvaranjem vrlo malih kanala i stavljanjem u podru\u010dje <strong>brade ili brkova<\/strong> za sadnju. .<\/p><h2><strong>Kako je transplantacija brade i brkova?<\/strong><\/h2><p>Transplantacija brade ili brkova, kosa na potiljku koja je otporna na opadanje odre\u0111uje se kao donorsko podru\u010dje. Druga regija je regija jagodica i vrata, koja se u tim regijama mo\u017ee odabrati kao regija donora, a imaju strukturu korijena pogodnu za transplantaciju brade i brkova. U nekim metodama, prema strukturi dlake i korijena u prsnom ili stra\u017enjem dijelu osobe, oni se biraju kao donator u tim regijama. Me\u0111utim, struktura kose na tim podru\u010djima nije po\u017eeljna jer nije tako tvrda i izdr\u017eljiva kao kosa na podru\u010dju brade ili brkova. Sakupljaju se zdrave sjemenke folikula dlake u podru\u010dju donora. U sljede\u0107em postupku otvaraju se vrlo mali kanali kako ne bi ostali tragovi koji bi estetski mogli izgledati lo\u0161e. Transplantacija brade i brkova vr\u0161i se postavljanjem sjemena folikula dlake u te otvorene kanale.<\/p><h2><strong>Koje su faze transplantacije brade i brkova?<\/strong><\/h2><p>Nakon odluke o operaciji transplantacije brade ili brkova, faze transplantacije brade ili brkova osobama koje ne predstavljaju prepreku operaciji;<\/p><ul><li>Pregled i analiza je li prikladan za transplantaciju brade ili brkova.<\/li><li>Odlu\u010duje se oblik brade ili brkova te se izvode potrebne mjere i vizualno se crta kona\u010dni oblik.<\/li><li>Donatorsko podru\u010dje i podru\u010dje brkova ili brade koje se presa\u0111uje anesteziraju se lokalnom anestezijom.<\/li><li>Prema potrebnoj povr\u0161ini, iz povr\u0161ine se uzima prethodno odre\u0111en broj sjemenki folikula dlake.<\/li><li>Uklonjene sjemenke folikula dlake stavljaju se u posjekotine otvaranjem minimalnih kanala na podru\u010djima brkova ili brade bez \u010dekanja.<\/li><li>Budu\u0107i da su brada i brkovi regija koja se jasno vidi u predjelu lica, to treba u\u010diniti tako \u0161to \u0107e stru\u010dnjaci napraviti vrlo male kanale kako presa\u0111ene osobe u sljede\u0107em procesu ne bi imale estetske probleme.<\/li><li>Proces traje izme\u0111u 1 i 2 sata, ovisno o ljudima, primijenjenoj metodi i veli\u010dini podru\u010dja. Nakon operacije pacijent ne mora ostati u bolnici. Otpu\u0161ten je istog dana.<\/li><\/ul><h2><strong>Prije transplantacije brade i brkova<\/strong><\/h2><p>Nakon \u0161to se odlu\u010dite na operaciju transplantacije brade i brkova, potrebno je pa\u017eljivo ispitivanje od strane stru\u010dnjaka i iskusnog lije\u010dnika. Nakon pregleda i potrebnih analiza specijalist treba saslu\u0161ati \u017eelje osobe koja se odlu\u010di na transplantaciju brade ili brkova i njihova o\u010dekivanja od operacije te donijeti jasnu odluku. U tom procesu se utvr\u0111uju izliveni ili stanjivi dijelovi lica presa\u0111ene osobe i crta se kona\u010dni oblik te se stvara predod\u017eba o tome kako \u0107e biti vizualno nakon operacije. Ako je povr\u0161ina za sa\u0111enje velika, crte\u017eima se odre\u0111uje procijenjeni izgled i razmjenjuju se ideje.<\/p><h2><strong>Prednosti operacije transplantacije brade i brkova<\/strong><\/h2><p>Ako ste nakon ispravne operacije transplantacije brade i brkova slijedili upute svog lije\u010dnika, imat \u0107ete bradu i brkove koji se izvana ne mogu razumjeti.<\/p><p>Osje\u0107at \u0107ete se ugodnije i sretnije estetski i psihi\u010dki. Trajno \u0107ete imati prirodnu i gustu bradu i brkove.<\/p>\t\t\t\t\t\t\t\t<\/div>\n\t\t\t\t<\/div>\n\t\t\t\t\t<\/div>\n\t\t<\/div>\n\t\t\t\t\t<\/div>\n\t\t<\/section>\n\t\t\t\t<\/div>\n\t\t","protected":false},"excerpt":{"rendered":"<p>Transplantacija brade i brkova Brada i brkovi igraju va\u017enu ulogu u izrazu lica mu\u0161karaca. Brada i brkovi, koji se smatraju mu\u0161kim dodacima, mogu se stanjiti ili osipati iz raznih razloga. Mo\u017eda uop\u0107e ne\u0107e iza\u0107i zbog nekih genetskih \u010dimbenika. Gubitak izra\u017eaja mo\u017ee nastati kao posljedica stanjivanja ili opadanja brade i brkova. Za to opadanje i stanjivanje [&hellip;]<\/p>\n","protected":false},"author":1,"featured_media":0,"parent":0,"menu_order":0,"comment_status":"closed","ping_status":"closed","template":"","meta":{"footnotes":""},"class_list":["post-1178","page","type-page","status-publish","hentry"],"_links":{"self":[{"href":"https:\/\/serpilasamhairclinic.com\/hr\/wp-json\/wp\/v2\/pages\/1178","targetHints":{"allow":["GET"]}}],"collection":[{"href":"https:\/\/serpilasamhairclinic.com\/hr\/wp-json\/wp\/v2\/pages"}],"about":[{"href":"https:\/\/serpilasamhairclinic.com\/hr\/wp-json\/wp\/v2\/types\/page"}],"author":[{"embeddable":true,"href":"https:\/\/serpilasamhairclinic.com\/hr\/wp-json\/wp\/v2\/users\/1"}],"replies":[{"embeddable":true,"href":"https:\/\/serpilasamhairclinic.com\/hr\/wp-json\/wp\/v2\/comments?post=1178"}],"version-history":[{"count":0,"href":"https:\/\/serpilasamhairclinic.com\/hr\/wp-json\/wp\/v2\/pages\/1178\/revisions"}],"wp:attachment":[{"href":"https:\/\/serpilasamhairclinic.com\/hr\/wp-json\/wp\/v2\/media?parent=1178"}],"curies":[{"name":"wp","href":"https:\/\/api.w.org\/{rel}","templated":true}]}}