{"id":1119,"date":"2022-03-11T06:31:58","date_gmt":"2022-03-11T06:31:58","guid":{"rendered":"https:\/\/serpilasamhairclinic.com\/dhi-transplantacija-kose\/"},"modified":"2022-03-11T06:37:27","modified_gmt":"2022-03-11T06:37:27","slug":"dhi-transplantacija-kose","status":"publish","type":"page","link":"https:\/\/serpilasamhairclinic.com\/hr\/dhi-transplantacija-kose\/","title":{"rendered":"DHI transplantacija kose"},"content":{"rendered":"\t\t<div data-elementor-type=\"wp-page\" data-elementor-id=\"1119\" class=\"elementor elementor-1119 elementor-1103\" data-elementor-post-type=\"page\">\n\t\t\t\t\t\t<section class=\"elementor-section elementor-top-section elementor-element elementor-element-2c1131e elementor-section-boxed elementor-section-height-default elementor-section-height-default\" data-id=\"2c1131e\" data-element_type=\"section\" data-e-type=\"section\" data-settings=\"{&quot;background_background&quot;:&quot;classic&quot;}\">\n\t\t\t\t\t\t<div class=\"elementor-container elementor-column-gap-default\">\n\t\t\t\t\t<div class=\"elementor-column elementor-col-100 elementor-top-column elementor-element elementor-element-b7c6070\" data-id=\"b7c6070\" data-element_type=\"column\" data-e-type=\"column\">\n\t\t\t<div class=\"elementor-widget-wrap elementor-element-populated\">\n\t\t\t\t\t\t<div class=\"elementor-element elementor-element-6d48f61 elementor-widget elementor-widget-heading\" data-id=\"6d48f61\" data-element_type=\"widget\" data-e-type=\"widget\" data-widget_type=\"heading.default\">\n\t\t\t\t<div class=\"elementor-widget-container\">\n\t\t\t\t\t<h1 class=\"elementor-heading-title elementor-size-default\">DHI transplantacija kose<\/h1>\t\t\t\t<\/div>\n\t\t\t\t<\/div>\n\t\t\t\t\t<\/div>\n\t\t<\/div>\n\t\t\t\t\t<\/div>\n\t\t<\/section>\n\t\t\t\t<section class=\"elementor-section elementor-top-section elementor-element elementor-element-af4e8b8 elementor-section-boxed elementor-section-height-default elementor-section-height-default\" data-id=\"af4e8b8\" data-element_type=\"section\" data-e-type=\"section\">\n\t\t\t\t\t\t<div class=\"elementor-container elementor-column-gap-default\">\n\t\t\t\t\t<div class=\"elementor-column elementor-col-50 elementor-top-column elementor-element elementor-element-cc94c6d\" data-id=\"cc94c6d\" data-element_type=\"column\" data-e-type=\"column\">\n\t\t\t<div class=\"elementor-widget-wrap elementor-element-populated\">\n\t\t\t\t\t\t<div class=\"elementor-element elementor-element-7ff20f8 elementor-widget elementor-widget-image\" data-id=\"7ff20f8\" data-element_type=\"widget\" data-e-type=\"widget\" data-widget_type=\"image.default\">\n\t\t\t\t<div class=\"elementor-widget-container\">\n\t\t\t\t\t\t\t\t\t\t\t\t\t\t\t<img fetchpriority=\"high\" decoding=\"async\" width=\"800\" height=\"480\" src=\"https:\/\/serpilasamhairclinic.com\/wp-content\/uploads\/2022\/02\/hair-transplant-sa-1-1024x615.jpg\" class=\"attachment-large size-large wp-image-581\" alt=\"\" srcset=\"https:\/\/serpilasamhairclinic.com\/wp-content\/uploads\/2022\/02\/hair-transplant-sa-1-1024x615.jpg 1024w, https:\/\/serpilasamhairclinic.com\/wp-content\/uploads\/2022\/02\/hair-transplant-sa-1-300x180.jpg 300w, https:\/\/serpilasamhairclinic.com\/wp-content\/uploads\/2022\/02\/hair-transplant-sa-1-768x461.jpg 768w, https:\/\/serpilasamhairclinic.com\/wp-content\/uploads\/2022\/02\/hair-transplant-sa-1-1536x922.jpg 1536w, https:\/\/serpilasamhairclinic.com\/wp-content\/uploads\/2022\/02\/hair-transplant-sa-1.jpg 1800w\" sizes=\"(max-width: 800px) 100vw, 800px\" title=\"\">\t\t\t\t\t\t\t\t\t\t\t\t\t\t\t<\/div>\n\t\t\t\t<\/div>\n\t\t\t\t\t<\/div>\n\t\t<\/div>\n\t\t\t\t<div class=\"elementor-column elementor-col-50 elementor-top-column elementor-element elementor-element-5a7d9ee\" data-id=\"5a7d9ee\" data-element_type=\"column\" data-e-type=\"column\">\n\t\t\t<div class=\"elementor-widget-wrap elementor-element-populated\">\n\t\t\t\t\t\t<div class=\"elementor-element elementor-element-ea7f270 elementor-widget elementor-widget-image\" data-id=\"ea7f270\" data-element_type=\"widget\" data-e-type=\"widget\" data-widget_type=\"image.default\">\n\t\t\t\t<div class=\"elementor-widget-container\">\n\t\t\t\t\t\t\t\t\t\t\t\t\t\t\t<img decoding=\"async\" width=\"800\" height=\"480\" src=\"https:\/\/serpilasamhairclinic.com\/wp-content\/uploads\/2022\/02\/hair-transplant-sa-1024x615.jpg\" class=\"attachment-large size-large wp-image-575\" alt=\"\" srcset=\"https:\/\/serpilasamhairclinic.com\/wp-content\/uploads\/2022\/02\/hair-transplant-sa-1024x615.jpg 1024w, https:\/\/serpilasamhairclinic.com\/wp-content\/uploads\/2022\/02\/hair-transplant-sa-300x180.jpg 300w, https:\/\/serpilasamhairclinic.com\/wp-content\/uploads\/2022\/02\/hair-transplant-sa-768x461.jpg 768w, https:\/\/serpilasamhairclinic.com\/wp-content\/uploads\/2022\/02\/hair-transplant-sa-1536x922.jpg 1536w, https:\/\/serpilasamhairclinic.com\/wp-content\/uploads\/2022\/02\/hair-transplant-sa.jpg 1800w\" sizes=\"(max-width: 800px) 100vw, 800px\" title=\"\">\t\t\t\t\t\t\t\t\t\t\t\t\t\t\t<\/div>\n\t\t\t\t<\/div>\n\t\t\t\t\t<\/div>\n\t\t<\/div>\n\t\t\t\t\t<\/div>\n\t\t<\/section>\n\t\t\t\t<section class=\"elementor-section elementor-top-section elementor-element elementor-element-632af8c elementor-section-boxed elementor-section-height-default elementor-section-height-default\" data-id=\"632af8c\" data-element_type=\"section\" data-e-type=\"section\" id=\"estetik\" data-settings=\"{&quot;background_background&quot;:&quot;classic&quot;}\">\n\t\t\t\t\t\t<div class=\"elementor-container elementor-column-gap-default\">\n\t\t\t\t\t<div class=\"elementor-column elementor-col-100 elementor-top-column elementor-element elementor-element-45c92d73\" data-id=\"45c92d73\" data-element_type=\"column\" data-e-type=\"column\">\n\t\t\t<div class=\"elementor-widget-wrap elementor-element-populated\">\n\t\t\t\t\t\t<div class=\"elementor-element elementor-element-74b40ae elementor-widget elementor-widget-text-editor\" data-id=\"74b40ae\" data-element_type=\"widget\" data-e-type=\"widget\" data-widget_type=\"text-editor.default\">\n\t\t\t\t<div class=\"elementor-widget-container\">\n\t\t\t\t\t\t\t\t\t<h2><strong>Dhi transplantacija kose (izravna implantacija kose)<\/strong><\/h2><p><strong>Gubitak kose nastaje<\/strong> zbog razloga poput stresa, genetskih \u010dimbenika, niske kvalitete \u017eivota i neadekvatne prehrane od pro\u0161losti do danas. Iako se op\u0107enito \u010dini da je to medicinski i estetski problem s kojim se susre\u0107u mu\u0161karci, gubitak kose je \u010dest problem s kojim se susre\u0107u \u017eene. Danas je, zahvaljuju\u0107i medicinskom i tehnolo\u0161kom razvoju, gubitak kose rije\u0161en razli\u010ditim metodama.<\/p><p>Jedna od njih je <strong>DHI transplantacija kose,<\/strong> \u201cDirect Hair Implant\u201d.<\/p><h2><strong>\u0160to je Dhi transplantacija kose?<\/strong><\/h2><p><strong>DHI transplantacija kose<\/strong> naziva se izravnim implantatima kose. Po\u017eeljna je jer je udobnija od ostalih metoda transplantacije kose.<\/p><h2><strong>\u0160to je Cho\u0131 medicinska olovka?<\/strong><\/h2><p><strong>Choi medicinska olovka<\/strong> je vrlo tanak i \u0161iljast medicinski ure\u0111aj, koji se zahvaljuju\u0107i svojoj posebnoj strukturi stavlja na choi medicinsku olovku, a zatim se presa\u0111uje pritiskom na posebno podru\u010dje iza njega na isti na\u010din, bez ikakvih rezova.<\/p><h2><strong>Pripreme prije Dhi transplantacije kose?<\/strong><\/h2><ul><li>Prije operacije transplantacije kose potrebno je napraviti pauzu od razrje\u0111iva\u010da krvi.<\/li><li>Nekoliko dana prije operacije treba prestati s alkoholom i pu\u0161enjem.<\/li><li>Ambulantu treba informirati o alergijama, kroni\u010dnim bolestima i lijekovima koji se kontinuirano koriste.<\/li><li>Prije transplantacije kose \u017eene bi trebale izbjegavati postupke poput bojenja kose i kane.<\/li><li>Ako na tjemenu ima ekcema ili sli\u010dnih bolesti, specijalista treba lije\u010diti dermatolog.<\/li><\/ul><h2><strong>Koje su faze Dhi transplantacije kose?<\/strong><\/h2><ul><li>Odre\u0111uje se podru\u010dje za sadnju i stru\u010dnjak izra\u0111uje potreban crte\u017e.<\/li><li>Nakon \u0161to se odredi donorsko podru\u010dje, primjenjuje se lokalna anestezija kako bi se opustili folikuli dlake u tom podru\u010dju.<\/li><li>Sjeme zdravih folikula dlake uzima se iz podru\u010dja gdje se primjenjuje lokalna anestezija, iz pravog kuta.<\/li><li>Nakon umetanja zdravih sjemenki u posebnu choi olovku, Taken zdrave sjemenke korijena kose stavljaju se na \u0107elavo podru\u010dje<\/li><li>DHI transplantaciju kose moraju obaviti profesionalci koji su stru\u010dni za ovaj postupak.<\/li><li>Nakon zavr\u0161etka postupka sjetve, nakon prvog dana nakon zahvata obavlja se kontrolni pregled, kao i kod ostalih metoda. Pranje se obavlja drugi dan.<\/li><\/ul><h2><strong>Preporuke nakon Dhi transplantacije kose<\/strong><\/h2><p>Alkohol i cigarete ne smiju se koristiti tijekom razdoblja odre\u0111enog rastom kose nakon <strong>transplantacije kose.<\/strong><\/p><ul><li>Ni u kojem slu\u010daju se ne smije vr\u0161iti pritisak na presa\u0111eno podru\u010dje.<\/li><li>Treba biti oprezan dok le\u017eite, a pribor kao \u0161to su kape i \u0161alovi ne smiju se koristiti osim po preporuci lije\u010dnika.<\/li><li>Propisane lijekove treba koristiti u potpunosti.<\/li><li>Ne smijete koristiti su\u0161ilo za kosu dok vam lije\u010dnik ne odobri.<\/li><li>Dok vam lije\u010dnik ne odobri, ne biste trebali raditi te\u0161ke vje\u017ebe i naporne sportske aktivnosti, trebali biste jesti vo\u0107e i povr\u0107e te piti puno vode.<\/li><\/ul><h2><strong>Koliko dugo traje lije\u010denje Dhi transplantacijom kose?<\/strong><\/h2><p>Vrijeme oporavka <strong>DHI transplantacije kose<\/strong> puno je kra\u0107e od ostalih metoda. Kod dh\u0131 metode transplantacije kose, pacijent se otpu\u0161ta istog dana. Dan nakon operacije pacijent \u0107e se mo\u0107i vratiti na posao.<\/p><p>Nakon operacije, sjeme \u0107e izrasti za 10 dana, nakon toga za 2 mjeseca neke sjemenke \u0107e po\u010deti opadati ali je u toj fazi normalno, nakon 3. mjeseca sjeme \u0107e po\u010deti rasti.<\/p><p>Nakon dh\u0131 ha\u0131r transplantacije, vrijeme potrebno za zavr\u0161etak faza transplantacije kose varira od oko 12 mjeseci, a na kraju ovog procesa imate priliku jasno vidjeti kona\u010dno stanje va\u0161e kose.<\/p><h2><strong>Koje su prednosti Dhi transplantacije kose?<\/strong><\/h2><ul><li>Tko ne \u017eeli brijati kosu, posebno \u017eene, ova metoda je po\u017eeljna.<\/li><li>Zahvaljuju\u0107i posebnoj <strong>medicinskoj olovci cho\u0131<\/strong> , vrijeme cijeljenja je kra\u0107e jer se rezovi i kanali ne otvaraju kao druge metode.<\/li><li>Budu\u0107i da se rezni i sadni kanali ne otvaraju i da je povr\u0161ina koja se tretira zdravija, mo\u017ee se primijeniti \u010de\u0161\u0107a sadnja, \u0161to u sljede\u0107oj fazi daje intenzivniji i estetskiji izgled.<\/li><li>Budu\u0107i da u metodi transplantacije dh\u0131 ha\u0131r nema brijanja i posjekotina, oni koji su presa\u0111eni imaju br\u017ei i ugodniji proces oporavka.<\/li><li>To je alternativna metoda nebrijanja, posebno za \u017eene koje ne \u017eele brijati glavu.<\/li><\/ul><h2><strong>Tko su ljudi koji ne mogu imati Dhi transplantaciju kose?<\/strong><\/h2><p>Ljudi koji ne mogu imati transplantaciju dh\u0131 kose su oni koji imaju odre\u0111ene bolesti. <strong>Transplantacija kose<\/strong> se ne primjenjuje kod pacijenata s ovim bolestima, hepatitisom c, aidsom, li\u0161ajevima, pseudopeladom.<\/p><p>Druge osobe kojima se ne mo\u017ee izvesti dh\u0131 transplantacija kose su kroni\u010dni bolesnici koji nisu dosegli odre\u0111eni stadij, te bolesnici s krvnim tlakom i dijabetesom koji nemaju lije\u010dni\u010dki glas.<\/p><p>Budu\u0107i da je transplantacija kose postupak koji se izvodi vlastitim sjemenkama folikula dlake, <strong>transplantacija kose<\/strong> se ne mo\u017ee izvesti osobama koje nemaju dovoljno i zdravih sjemenki folikula dlake.<\/p><p><strong>DHI metoda transplantacije kose<\/strong> ne preporu\u010da se osobama koje su prije bile podvrgnute vi\u0161e od 3 operacije transplantacije kose i nisu postigle rezultate.<\/p><p>Kona\u010dno, osobe mla\u0111e od 18 godina ne mogu se legalno podvrgnuti <strong>transplantaciji kose<\/strong> .<\/p>\t\t\t\t\t\t\t\t<\/div>\n\t\t\t\t<\/div>\n\t\t\t\t\t<\/div>\n\t\t<\/div>\n\t\t\t\t\t<\/div>\n\t\t<\/section>\n\t\t\t\t<\/div>\n\t\t","protected":false},"excerpt":{"rendered":"<p>DHI transplantacija kose Dhi transplantacija kose (izravna implantacija kose) Gubitak kose nastaje zbog razloga poput stresa, genetskih \u010dimbenika, niske kvalitete \u017eivota i neadekvatne prehrane od pro\u0161losti do danas. Iako se op\u0107enito \u010dini da je to medicinski i estetski problem s kojim se susre\u0107u mu\u0161karci, gubitak kose je \u010dest problem s kojim se susre\u0107u \u017eene. Danas [&hellip;]<\/p>\n","protected":false},"author":1,"featured_media":0,"parent":0,"menu_order":0,"comment_status":"closed","ping_status":"closed","template":"","meta":{"footnotes":""},"class_list":["post-1119","page","type-page","status-publish","hentry"],"_links":{"self":[{"href":"https:\/\/serpilasamhairclinic.com\/hr\/wp-json\/wp\/v2\/pages\/1119","targetHints":{"allow":["GET"]}}],"collection":[{"href":"https:\/\/serpilasamhairclinic.com\/hr\/wp-json\/wp\/v2\/pages"}],"about":[{"href":"https:\/\/serpilasamhairclinic.com\/hr\/wp-json\/wp\/v2\/types\/page"}],"author":[{"embeddable":true,"href":"https:\/\/serpilasamhairclinic.com\/hr\/wp-json\/wp\/v2\/users\/1"}],"replies":[{"embeddable":true,"href":"https:\/\/serpilasamhairclinic.com\/hr\/wp-json\/wp\/v2\/comments?post=1119"}],"version-history":[{"count":0,"href":"https:\/\/serpilasamhairclinic.com\/hr\/wp-json\/wp\/v2\/pages\/1119\/revisions"}],"wp:attachment":[{"href":"https:\/\/serpilasamhairclinic.com\/hr\/wp-json\/wp\/v2\/media?parent=1119"}],"curies":[{"name":"wp","href":"https:\/\/api.w.org\/{rel}","templated":true}]}}