{"id":1056,"date":"2022-02-21T09:30:06","date_gmt":"2022-02-21T09:30:06","guid":{"rendered":"https:\/\/serpilasamhairclinic.com\/rinoplastika\/"},"modified":"2022-03-09T09:48:31","modified_gmt":"2022-03-09T09:48:31","slug":"rinoplastika","status":"publish","type":"page","link":"https:\/\/serpilasamhairclinic.com\/hr\/rinoplastika\/","title":{"rendered":"Rinoplastika"},"content":{"rendered":"\t\t<div data-elementor-type=\"wp-page\" data-elementor-id=\"1056\" class=\"elementor elementor-1056\" data-elementor-post-type=\"page\">\n\t\t\t\t\t\t<section class=\"elementor-section elementor-top-section elementor-element elementor-element-2c1131e elementor-section-boxed elementor-section-height-default elementor-section-height-default\" data-id=\"2c1131e\" data-element_type=\"section\" data-e-type=\"section\" data-settings=\"{&quot;background_background&quot;:&quot;classic&quot;}\">\n\t\t\t\t\t\t<div class=\"elementor-container elementor-column-gap-default\">\n\t\t\t\t\t<div class=\"elementor-column elementor-col-100 elementor-top-column elementor-element elementor-element-b7c6070\" data-id=\"b7c6070\" data-element_type=\"column\" data-e-type=\"column\">\n\t\t\t<div class=\"elementor-widget-wrap elementor-element-populated\">\n\t\t\t\t\t\t<div class=\"elementor-element elementor-element-6d48f61 elementor-widget elementor-widget-heading\" data-id=\"6d48f61\" data-element_type=\"widget\" data-e-type=\"widget\" data-widget_type=\"heading.default\">\n\t\t\t\t<div class=\"elementor-widget-container\">\n\t\t\t\t\t<h1 class=\"elementor-heading-title elementor-size-default\">Rinoplastika<\/h1>\t\t\t\t<\/div>\n\t\t\t\t<\/div>\n\t\t\t\t\t<\/div>\n\t\t<\/div>\n\t\t\t\t\t<\/div>\n\t\t<\/section>\n\t\t\t\t<section class=\"elementor-section elementor-top-section elementor-element elementor-element-af4e8b8 elementor-section-boxed elementor-section-height-default elementor-section-height-default\" data-id=\"af4e8b8\" data-element_type=\"section\" data-e-type=\"section\">\n\t\t\t\t\t\t<div class=\"elementor-container elementor-column-gap-default\">\n\t\t\t\t\t<div class=\"elementor-column elementor-col-50 elementor-top-column elementor-element elementor-element-cc94c6d\" data-id=\"cc94c6d\" data-element_type=\"column\" data-e-type=\"column\">\n\t\t\t<div class=\"elementor-widget-wrap elementor-element-populated\">\n\t\t\t\t\t\t<div class=\"elementor-element elementor-element-7ff20f8 elementor-widget elementor-widget-image\" data-id=\"7ff20f8\" data-element_type=\"widget\" data-e-type=\"widget\" data-widget_type=\"image.default\">\n\t\t\t\t<div class=\"elementor-widget-container\">\n\t\t\t\t\t\t\t\t\t\t\t\t\t\t\t<img fetchpriority=\"high\" decoding=\"async\" width=\"800\" height=\"480\" src=\"https:\/\/serpilasamhairclinic.com\/wp-content\/uploads\/2022\/02\/rhinoplasty-sa-2-1024x615.jpg\" class=\"attachment-large size-large wp-image-617\" alt=\"\" srcset=\"https:\/\/serpilasamhairclinic.com\/wp-content\/uploads\/2022\/02\/rhinoplasty-sa-2-1024x615.jpg 1024w, https:\/\/serpilasamhairclinic.com\/wp-content\/uploads\/2022\/02\/rhinoplasty-sa-2-300x180.jpg 300w, https:\/\/serpilasamhairclinic.com\/wp-content\/uploads\/2022\/02\/rhinoplasty-sa-2-768x461.jpg 768w, https:\/\/serpilasamhairclinic.com\/wp-content\/uploads\/2022\/02\/rhinoplasty-sa-2-1536x922.jpg 1536w, https:\/\/serpilasamhairclinic.com\/wp-content\/uploads\/2022\/02\/rhinoplasty-sa-2.jpg 1800w\" sizes=\"(max-width: 800px) 100vw, 800px\" title=\"\">\t\t\t\t\t\t\t\t\t\t\t\t\t\t\t<\/div>\n\t\t\t\t<\/div>\n\t\t\t\t\t<\/div>\n\t\t<\/div>\n\t\t\t\t<div class=\"elementor-column elementor-col-50 elementor-top-column elementor-element elementor-element-5a7d9ee\" data-id=\"5a7d9ee\" data-element_type=\"column\" data-e-type=\"column\">\n\t\t\t<div class=\"elementor-widget-wrap elementor-element-populated\">\n\t\t\t\t\t\t<div class=\"elementor-element elementor-element-ea7f270 elementor-widget elementor-widget-image\" data-id=\"ea7f270\" data-element_type=\"widget\" data-e-type=\"widget\" data-widget_type=\"image.default\">\n\t\t\t\t<div class=\"elementor-widget-container\">\n\t\t\t\t\t\t\t\t\t\t\t\t\t\t\t<img decoding=\"async\" width=\"800\" height=\"480\" src=\"https:\/\/serpilasamhairclinic.com\/wp-content\/uploads\/2022\/02\/rhinoplasty-sa-1-1024x615.jpg\" class=\"attachment-large size-large wp-image-611\" alt=\"\" srcset=\"https:\/\/serpilasamhairclinic.com\/wp-content\/uploads\/2022\/02\/rhinoplasty-sa-1-1024x615.jpg 1024w, https:\/\/serpilasamhairclinic.com\/wp-content\/uploads\/2022\/02\/rhinoplasty-sa-1-300x180.jpg 300w, https:\/\/serpilasamhairclinic.com\/wp-content\/uploads\/2022\/02\/rhinoplasty-sa-1-768x461.jpg 768w, https:\/\/serpilasamhairclinic.com\/wp-content\/uploads\/2022\/02\/rhinoplasty-sa-1-1536x922.jpg 1536w, https:\/\/serpilasamhairclinic.com\/wp-content\/uploads\/2022\/02\/rhinoplasty-sa-1.jpg 1800w\" sizes=\"(max-width: 800px) 100vw, 800px\" title=\"\">\t\t\t\t\t\t\t\t\t\t\t\t\t\t\t<\/div>\n\t\t\t\t<\/div>\n\t\t\t\t\t<\/div>\n\t\t<\/div>\n\t\t\t\t\t<\/div>\n\t\t<\/section>\n\t\t\t\t<section class=\"elementor-section elementor-top-section elementor-element elementor-element-632af8c elementor-section-boxed elementor-section-height-default elementor-section-height-default\" data-id=\"632af8c\" data-element_type=\"section\" data-e-type=\"section\" id=\"estetik\" data-settings=\"{&quot;background_background&quot;:&quot;classic&quot;}\">\n\t\t\t\t\t\t<div class=\"elementor-container elementor-column-gap-default\">\n\t\t\t\t\t<div class=\"elementor-column elementor-col-100 elementor-top-column elementor-element elementor-element-45c92d73\" data-id=\"45c92d73\" data-element_type=\"column\" data-e-type=\"column\">\n\t\t\t<div class=\"elementor-widget-wrap elementor-element-populated\">\n\t\t\t\t\t\t<div class=\"elementor-element elementor-element-74b40ae elementor-widget elementor-widget-text-editor\" data-id=\"74b40ae\" data-element_type=\"widget\" data-e-type=\"widget\" data-widget_type=\"text-editor.default\">\n\t\t\t\t<div class=\"elementor-widget-container\">\n\t\t\t\t\t\t\t\t\t<p>Operacije rinoplastike mogu se izvoditi nakon 18. godine \u017eivota kod mu\u0161karaca i 17. godine kod \u017eena. Ovi zahvati ne samo da daju nosu estetski izgled, ve\u0107 i otklanjaju neke probleme kao \u0161to su pote\u0161ko\u0107e s disanjem. Jedno od najupe\u010datljivijih podru\u010dja tijekom dru\u0161tvene komunikacije je nos. Kako nos izgleda utje\u010de na sliku osobe. Za <strong>rinoplastiku<\/strong> ljudi \u010desto preferiraju prirodan izgled. Kako bi se postigao ovaj izgled, mogu se primijeniti postupci poput podizanja nosa, ra\u0161panja nosa i korekcije zakrivljenog nosa. Prije nego \u0161to se izvedu ove operacije, nos se mo\u017ee vidjeti u 3D, \u0161to olak\u0161ava osobi da odlu\u010di.<\/p><h2>Koliko traje operacija rinoplastike?<\/h2><p><br><strong>Operacija rinoplastike<\/strong> traje otprilike 1 do 2 sata. Ako je operacija sekundarna ili kompliciranija, trajanje mo\u017ee biti dulje. Kako bi pacijentima bilo ugodno, prije operacije <strong>rinoplastike<\/strong> mo\u017ee biti potrebna anestezija. Rijetko se operacije mogu izvesti uz sedaciju. Za izvo\u0111enje operacije potrebno je razviti strukturu nosa. Osobito mladi ljudi koji su u adolescenciji mogu biti psihi\u010dki negativno pogo\u0111eni zbog strukture nosa. U nazo\u010dnosti takve situacije, svoje dijete mo\u017eete odvesti lije\u010dniku i saznati je li prikladno za operaciju.<\/p><h2>Kako je proces oporavka kod rinoplastike?<\/h2><p><br><span style=\"text-decoration: underline;\">Oporavak u operaciji rinoplastike<\/span> nije trenutan. Potrebno je najmanje tjedan dana da se ljudi vrate svom normalnom \u017eivotu. Ne bi bilo ispravno ulaziti u dru\u0161tveni \u017eivot prije ovog razdoblja. Nakon zavr\u0161etka operacije pacijentu se stavlja gips i trake na nos. Gips i trake se uklanjaju nakon prosje\u010dno 1 tjedna. Nakon operacije pacijent mo\u017ee osjetiti otekline i modrice. Otekline i modrice nestaju u roku od 10 dana. Nije mogu\u0107e da nos poprimi svoj puni oblik odmah nakon rinoplastike. Potrebno je pri\u010dekati neko vrijeme da nos poprimi kona\u010dni oblik. Nakon uklanjanja \u017ebuke s nosa, pojavit \u0107e se estetski nos. Me\u0111utim, nije mogu\u0107e da nos poprimi svoj kona\u010dni oblik prije nego \u0161to pro\u0111e 1 godina. Budu\u0107i da ne\u0107e biti oteklina i modrica u nosu, svakodnevni \u017eivot ljudi ne\u0107e biti \u0161tetno pogo\u0111en ni prije nego \u0161to nos dobije svoj kona\u010dni oblik.<\/p><h2>Je li mogu\u0107e popraviti neuspjele operacije rinoplastike?<\/h2><p><br>Mo\u017eda postoji <strong>neuspje\u0161na operacija rinoplastike<\/strong> . Glavni cilj u operacijama je posti\u0107i rezultat koji je kompatibilan s licem pacijenta, izgleda prirodno i ispunjava svoju funkciju. Uspjeh operacije nosa ovisi o mnogim razli\u010ditim \u010dimbenicima, kao \u0161to je iskustvo lije\u010dnika. Ne mo\u017ee svaki kirurg imati dovoljno znanja i iskustva za uspje\u0161nu operaciju nosa. Ljudi koji su prije imali operaciju nosa mo\u017eda \u0107e po\u017eeljeti ponovno operirati nos kako bi ispravili neuspje\u0161ne rezultate. Pacijenti postaju tjeskobniji kada \u017eele drugu operaciju nosa. Me\u0111utim, mogu\u0107e je ispraviti neuspje\u0161ne operacije.<\/p><h2>Kombiniraju li se operacije rinoplastike s drugim operacijama?<\/h2><p><br>Mogu\u0107e je izvesti <span style=\"text-decoration: underline;\">kombiniranu operaciju rinoplastike<\/span> . Ostale operacije koje se mogu kombinirati mogu se navesti kako slijedi:<\/p><p>smanjenje grudi,<br>pove\u0107anje grudi,<br>uklanjanje masno\u0107e,<br>ginekomastija itd.<br>Operacije \u010dela, jagodica i brade tako\u0111er se mogu uspje\u0161no izvoditi zajedno s operacijama nosa kako bi se osigurao zlatni omjer.<\/p><h2>\u0160to je estetika vrha nosa?<\/h2><p><br><strong>Estetika vrha nosa<\/strong> jedan je od naj\u010de\u0161\u0107e izvo\u0111enih zahvata. Oblik vrha nosa odre\u0111uje kako \u0107e cijeli nos izgledati. Neke deformacije na vrhu nosa mogu dovesti do lo\u0161eg izgleda. Uobi\u010dajene deformacije vrhova nosa uklju\u010duju:<\/p><p>Podizanje vrha nosa,<br>Vrh nosa je du\u017ei nego \u0161to bi trebao biti,<br>\u0161iljasti vrh nosa,<br>Vrh nosa koji izgleda stisnut,<br>Vrh nosa je nizak,<br>U slu\u010dajevima kada nosnice nisu simetri\u010dne jedna s drugom, mo\u017ee biti potrebna estetika vrha nosa.<br>Estetika vrha nosa poznata je kao podgrana rinoplastike. Ni u jednoj od ovih operacija ne dira se ko\u0161tani dio nosa. Zahvat se izvodi samo s mekim tkivom koji se nalazi na vrhu nosa. To je razlog za\u0161to je estetika vrha nosa lak\u0161a od operacija rinoplastike.<\/p><h2>Kako se izvode operacije rinoplastike?<\/h2><p><br>Prije izvo\u0111enja <span style=\"text-decoration: underline;\">rinoplastike<\/span> obi\u010dno je potrebna op\u0107a anestezija. U slu\u010dajevima kada \u0107e biti napravljeni mali dodiri, lokalna anestezija tako\u0111er mo\u017ee biti potrebna pod kontrolom kirurga. Za ove operacije potrebno je u prosjeku 1 dan. Postoje 2 razli\u010dite tehnike rinoplastike koje su najpo\u017eeljnije. U prvoj tehnici pravi se mali rez izme\u0111u nosnica i njime se \u017eeli pro\u0161iriti vidno polje kirurga kroz taj rez. Ako osoba ima uznapredovalu deformaciju nosa ili ako je ovo druga operacija pacijenta, potrebno je izvesti otvorenu operaciju. Ako se koristi tehnika otvorene operacije, proces ozdravljenja \u0107e se produ\u017eiti. Osim toga, edemi, modrice i sli\u010dni problemi nakon operacije \u0107e se vi\u0161e vidjeti.<\/p><h2>\u0160to treba uzeti u obzir nakon rinoplastike?<\/h2><p><br><strong>Stvari koje treba uzeti u obzir nakon rinoplastike<\/strong> , mo\u017eete provesti operaciju bezbolno i udobno. Bol je \u010desta nakon operacije. Iz tog razloga potrebno je pacijentu primijeniti lijekove protiv bolova prije nego \u0161to pro\u0111e u\u010dinak op\u0107e anestezije. Lije\u010dnik \u0107e vam dati neke lijekove koje \u0107ete koristiti nakon operacije. Va\u017eno je koristiti ove lijekove bez prekida. Ne preporu\u010duje se ustajanje izme\u0111u prva 4 sata i 6 sati nakon operacije. Kada prvi put ustanete, mo\u017eete nai\u0107i na probleme kao \u0161to su nesvjestica i vrtoglavica. Zato vam treba pomo\u0107 ro\u0111aka. Nakon operacije mo\u017ee curiti krv iz nosa. To je sasvim normalno. Iako pacijenti toga nisu svjesni, zbog ove situacije mogu biti uznemireni pritu\u017ebama na mu\u010dninu. U prvih 6 sati nakon operacije, ako pacijent nema problema s mu\u010dninom, mo\u017ee se piti voda i mala koli\u010dina slane hrane.<\/p><p>U prvim danima nakon operacije preporu\u010duje se teku\u0107a prehrana. Bolesnici mogu osjetiti otekline i modrice, osobito ispod o\u010diju, oko nosa i na odre\u0111enim dijelovima lica. Kako dani prolaze, te pritu\u017ebe nestaju. Va\u017eno je da jastuke dr\u017eite visoko kako biste smanjili tegobe. Osim toga, u prvih 15 dana nakon operacije ne smije se uvla\u010diti voda u nos. Normalno je da nos ostane za\u010depljen nakon operacije. Ne preporu\u010duje se kori\u0161tenje nao\u010dala prvih 6 mjeseci nakon operacije.<\/p><h2>Spre\u010davaju li operacije rinoplastike disanje?<\/h2><p><br><span style=\"text-decoration: underline;\">Disanje se definitivno ne sprje\u010dava u operaciji rinoplastike<\/span> . Svrha ovih operacija je da osoba lak\u0161e di\u0161e. Prilikom dobivanja estetskog nosa vrlo je va\u017eno da nos istovremeno bude funkcionalan. Kako bi se nos vidio \u010disto estetski, funkcije nosa se ne bi smjele \u017ertvovati. Sluznica koja prekriva unutarnju stranu nosa mo\u017ee nabubriti i pove\u0107ati se zbog razloga kao \u0161to su alergije i pu\u0161enje. Ova stanja mogu uzrokovati da pacijent osje\u0107a za\u010depljenost nosa. U takvom slu\u010daju pacijente je potrebno pregledati. Ako postoje opstruktivni razlozi, te razloge treba eliminirati tijekom operacije. Ina\u010de, prolaz zraka mo\u017ee se suziti za 10 do 20 posto.<\/p><h2>\u0160to trebam u\u010diniti nakon rinoplastike?<\/h2><p><br><strong>Stvari koje treba u\u010diniti nakon rinoplastike<\/strong> mogu se navesti na sljede\u0107i na\u010din:<\/p><p>Nemojte ozlijediti nos dok perete zube,<br>Odmarajte se u krevetu tjedan dana nakon operacije,<br>Mo\u017eete oprati lice bez smo\u010divanja zavoja,<br>Ne perite kosu 1 tjedan,<br>Nemojte obavljati duge telefonske razgovore,<br>Nakon operacije rinoplastike oko o\u010diju i obraza mo\u017eete nanositi led i hladne gelove,<br>Nemojte jesti jako vru\u0107u hranu,<br>Spavajte s 2 ili 4 jastuka, a ne samo s jednim.<br>Pazite da ne okre\u0107ete glavu vi\u0161e od 45 stupnjeva,<br>Nemojte se baviti sportom 2 tjedna nakon operacije,<br>Nemojte imati spolni odnos<br>Nemojte \u017evakati jako tvrdu hranu,<\/p>\t\t\t\t\t\t\t\t<\/div>\n\t\t\t\t<\/div>\n\t\t\t\t\t<\/div>\n\t\t<\/div>\n\t\t\t\t\t<\/div>\n\t\t<\/section>\n\t\t\t\t<\/div>\n\t\t","protected":false},"excerpt":{"rendered":"<p>Rinoplastika Operacije rinoplastike mogu se izvoditi nakon 18. godine \u017eivota kod mu\u0161karaca i 17. godine kod \u017eena. Ovi zahvati ne samo da daju nosu estetski izgled, ve\u0107 i otklanjaju neke probleme kao \u0161to su pote\u0161ko\u0107e s disanjem. Jedno od najupe\u010datljivijih podru\u010dja tijekom dru\u0161tvene komunikacije je nos. Kako nos izgleda utje\u010de na sliku osobe. Za rinoplastiku [&hellip;]<\/p>\n","protected":false},"author":1,"featured_media":0,"parent":0,"menu_order":0,"comment_status":"closed","ping_status":"closed","template":"","meta":{"footnotes":""},"class_list":["post-1056","page","type-page","status-publish","hentry"],"_links":{"self":[{"href":"https:\/\/serpilasamhairclinic.com\/hr\/wp-json\/wp\/v2\/pages\/1056","targetHints":{"allow":["GET"]}}],"collection":[{"href":"https:\/\/serpilasamhairclinic.com\/hr\/wp-json\/wp\/v2\/pages"}],"about":[{"href":"https:\/\/serpilasamhairclinic.com\/hr\/wp-json\/wp\/v2\/types\/page"}],"author":[{"embeddable":true,"href":"https:\/\/serpilasamhairclinic.com\/hr\/wp-json\/wp\/v2\/users\/1"}],"replies":[{"embeddable":true,"href":"https:\/\/serpilasamhairclinic.com\/hr\/wp-json\/wp\/v2\/comments?post=1056"}],"version-history":[{"count":0,"href":"https:\/\/serpilasamhairclinic.com\/hr\/wp-json\/wp\/v2\/pages\/1056\/revisions"}],"wp:attachment":[{"href":"https:\/\/serpilasamhairclinic.com\/hr\/wp-json\/wp\/v2\/media?parent=1056"}],"curies":[{"name":"wp","href":"https:\/\/api.w.org\/{rel}","templated":true}]}}