{"id":1925,"date":"2022-06-16T06:45:57","date_gmt":"2022-06-16T06:45:57","guid":{"rendered":"https:\/\/serpilasamhairclinic.com\/chirurgie-des-paupieres\/"},"modified":"2023-01-24T11:17:20","modified_gmt":"2023-01-24T11:17:20","slug":"chirurgie-des-paupieres","status":"publish","type":"page","link":"https:\/\/serpilasamhairclinic.com\/fr\/chirurgie-des-paupieres\/","title":{"rendered":"Chirurgie des paupi\u00e8res"},"content":{"rendered":"\t\t<div data-elementor-type=\"wp-page\" data-elementor-id=\"1925\" class=\"elementor elementor-1925\" data-elementor-post-type=\"page\">\n\t\t\t\t\t\t<section class=\"elementor-section elementor-top-section elementor-element elementor-element-2c1131e elementor-section-boxed elementor-section-height-default elementor-section-height-default\" data-id=\"2c1131e\" data-element_type=\"section\" data-e-type=\"section\" data-settings=\"{&quot;background_background&quot;:&quot;classic&quot;}\">\n\t\t\t\t\t\t<div class=\"elementor-container elementor-column-gap-default\">\n\t\t\t\t\t<div class=\"elementor-column elementor-col-100 elementor-top-column elementor-element elementor-element-b7c6070\" data-id=\"b7c6070\" data-element_type=\"column\" data-e-type=\"column\">\n\t\t\t<div class=\"elementor-widget-wrap elementor-element-populated\">\n\t\t\t\t\t\t<div class=\"elementor-element elementor-element-6d48f61 elementor-widget elementor-widget-heading\" data-id=\"6d48f61\" data-element_type=\"widget\" data-e-type=\"widget\" data-widget_type=\"heading.default\">\n\t\t\t\t<div class=\"elementor-widget-container\">\n\t\t\t\t\t<h1 class=\"elementor-heading-title elementor-size-default\">Chirurgie des paupi\u00e8res<\/h1>\t\t\t\t<\/div>\n\t\t\t\t<\/div>\n\t\t\t\t\t<\/div>\n\t\t<\/div>\n\t\t\t\t\t<\/div>\n\t\t<\/section>\n\t\t\t\t<section class=\"elementor-section elementor-top-section elementor-element elementor-element-af4e8b8 elementor-section-boxed elementor-section-height-default elementor-section-height-default\" data-id=\"af4e8b8\" data-element_type=\"section\" data-e-type=\"section\">\n\t\t\t\t\t\t<div class=\"elementor-container elementor-column-gap-default\">\n\t\t\t\t\t<div class=\"elementor-column elementor-col-100 elementor-top-column elementor-element elementor-element-cc94c6d\" data-id=\"cc94c6d\" data-element_type=\"column\" data-e-type=\"column\">\n\t\t\t<div class=\"elementor-widget-wrap elementor-element-populated\">\n\t\t\t\t\t\t<div class=\"elementor-element elementor-element-7ff20f8 elementor-widget elementor-widget-image\" data-id=\"7ff20f8\" data-element_type=\"widget\" data-e-type=\"widget\" data-widget_type=\"image.default\">\n\t\t\t\t<div class=\"elementor-widget-container\">\n\t\t\t\t\t\t\t\t\t\t\t\t\t\t\t<img fetchpriority=\"high\" decoding=\"async\" width=\"800\" height=\"534\" src=\"https:\/\/serpilasamhairclinic.com\/wp-content\/uploads\/2022\/06\/eyelid-surgery-1024x683.jpg\" class=\"attachment-large size-large wp-image-1708\" alt=\"\" srcset=\"https:\/\/serpilasamhairclinic.com\/wp-content\/uploads\/2022\/06\/eyelid-surgery-1024x683.jpg 1024w, https:\/\/serpilasamhairclinic.com\/wp-content\/uploads\/2022\/06\/eyelid-surgery-300x200.jpg 300w, https:\/\/serpilasamhairclinic.com\/wp-content\/uploads\/2022\/06\/eyelid-surgery-768x512.jpg 768w, https:\/\/serpilasamhairclinic.com\/wp-content\/uploads\/2022\/06\/eyelid-surgery-1536x1024.jpg 1536w, https:\/\/serpilasamhairclinic.com\/wp-content\/uploads\/2022\/06\/eyelid-surgery-2048x1365.jpg 2048w\" sizes=\"(max-width: 800px) 100vw, 800px\" title=\"\">\t\t\t\t\t\t\t\t\t\t\t\t\t\t\t<\/div>\n\t\t\t\t<\/div>\n\t\t\t\t\t<\/div>\n\t\t<\/div>\n\t\t\t\t\t<\/div>\n\t\t<\/section>\n\t\t\t\t<section class=\"elementor-section elementor-top-section elementor-element elementor-element-632af8c elementor-section-boxed elementor-section-height-default elementor-section-height-default\" data-id=\"632af8c\" data-element_type=\"section\" data-e-type=\"section\" id=\"estetik\" data-settings=\"{&quot;background_background&quot;:&quot;classic&quot;}\">\n\t\t\t\t\t\t<div class=\"elementor-container elementor-column-gap-default\">\n\t\t\t\t\t<div class=\"elementor-column elementor-col-100 elementor-top-column elementor-element elementor-element-45c92d73\" data-id=\"45c92d73\" data-element_type=\"column\" data-e-type=\"column\">\n\t\t\t<div class=\"elementor-widget-wrap elementor-element-populated\">\n\t\t\t\t\t\t<div class=\"elementor-element elementor-element-74b40ae elementor-widget elementor-widget-text-editor\" data-id=\"74b40ae\" data-element_type=\"widget\" data-e-type=\"widget\" data-widget_type=\"text-editor.default\">\n\t\t\t\t<div class=\"elementor-widget-container\">\n\t\t\t\t\t\t\t\t\t<h2><strong>Qu&rsquo;est-ce que l&rsquo;esth\u00e9tique des paupi\u00e8res ?<\/strong><\/h2>\n<p>Les yeux sont l&rsquo;une des zones les plus frappantes du visage humain. Les gens \u00e9tablissent souvent un contact visuel lorsqu&rsquo;ils communiquent. Dans ce cas, l&rsquo;esth\u00e9tique de votre regard et de votre contour des yeux devient un facteur tr\u00e8s impressionnant. En ce qui concerne les pr\u00e9occupations d&rsquo;ordre esth\u00e9tique, les personnes dont les paupi\u00e8res sont tombantes ne veulent pas \u00e9tablir de contact visuel, ce qui entra\u00eene un manque de confiance en soi. Les femmes en particulier ont des difficult\u00e9s \u00e0 se maquiller. En termes de sant\u00e9, les paupi\u00e8res tombantes nuisent \u00e0 votre vue. Vivre une telle situation est une cause de malheur, tant pour les femmes que pour les hommes. Cependant, vous n&rsquo;avez pas \u00e0 vivre cette situation, gr\u00e2ce au d\u00e9veloppement des innovations m\u00e9dicales et technologiques, vous pouvez vous d\u00e9barrasser d\u00e9finitivement de ces n\u00e9gativit\u00e9s pour votre sant\u00e9 et votre apparence esth\u00e9tique, gr\u00e2ce \u00e0 l&rsquo;esth\u00e9tique des paupi\u00e8res. Si vous voulez que votre bonheur se refl\u00e8te dans vos yeux, vous pouvez recourir \u00e0 l&rsquo;esth\u00e9tique des paupi\u00e8res pour vous d\u00e9barrasser du probl\u00e8me de paupi\u00e8res qui vous rend malheureux.<\/p>\n<h2><strong>Comment la chirurgie des paupi\u00e8res est-elle pratiqu\u00e9e ?<\/strong><\/h2>\n<p>Apr\u00e8s avoir effectu\u00e9 les contr\u00f4les n\u00e9cessaires avant l&rsquo;op\u00e9ration des paupi\u00e8res, les patients qui sont aptes \u00e0 subir l&rsquo;op\u00e9ration sont emmen\u00e9s dans la zone requise pour l&rsquo;intervention. La chirurgie des paupi\u00e8res est g\u00e9n\u00e9ralement r\u00e9alis\u00e9e sous anesth\u00e9sie locale et, dans certains cas, sous anesth\u00e9sie g\u00e9n\u00e9rale. La proc\u00e9dure dure entre 30 minutes et 1 heure. Dans la chirurgie de r\u00e9tention, l&rsquo;exc\u00e8s de graisse est retir\u00e9 de l&rsquo;\u0153il et le taux de complications de retrait est r\u00e9duit. Dans la chirurgie des paupi\u00e8res, l&rsquo;exc\u00e8s de tissu cutan\u00e9 est retir\u00e9 par de petites incisions et des points de suture esth\u00e9tiques sont plac\u00e9s. L&rsquo;application de glace est recommand\u00e9e pour r\u00e9duire le gonflement et les ecchymoses apr\u00e8s l&rsquo;op\u00e9ration.<\/p>\n<h2><strong>D\u00e9tails sur la chirurgie des paupi\u00e8res<\/strong><\/h2>\n<p>La zone du visage, en particulier les yeux, est tr\u00e8s importante pour les femmes et les hommes en termes d&rsquo;esth\u00e9tique. Dans certains cas, une d\u00e9t\u00e9rioration visuelle est constat\u00e9e dans la zone oculaire \u00e0 la suite d&rsquo;un accident, tandis que certaines personnes pr\u00e9sentent une chute cong\u00e9nitale des paupi\u00e8res. Avec l&rsquo;effet du vieillissement, on observe un affaissement des paupi\u00e8res d\u00fb \u00e0 l&rsquo;affaiblissement des muscles oculaires. Dans ce cas, le moyen d&rsquo;\u00e9liminer les probl\u00e8mes esth\u00e9tiques et de sant\u00e9 est l&rsquo;op\u00e9ration esth\u00e9tique des paupi\u00e8res. En termes de sant\u00e9, il est possible de r\u00e9soudre le probl\u00e8me de la paupi\u00e8re tombante \u00e0 un niveau qui emp\u00eachera la vision dans le temps gr\u00e2ce \u00e0 cette op\u00e9ration facile. Ce sont surtout les femmes qui sont malheureuses \u00e0 cause d&rsquo;une zone de plis trop petite ou trop basse lors du maquillage. Cette situation trouve une solution gr\u00e2ce \u00e0 une op\u00e9ration esth\u00e9tique des paupi\u00e8res tr\u00e8s simple.<\/p>\n<ul>\n<li>\n<h3><strong>Qu&rsquo;est-ce qu&rsquo;une paupi\u00e8re tombante ?<\/strong><\/h3>\n<\/li>\n<\/ul>\n<p>Certaines personnes ont une apparence faible et endormie en raison de paupi\u00e8res tombantes appel\u00e9es ptosis. Cet \u00e9tat s&rsquo;appelle l&rsquo;abaissement des paupi\u00e8res. La chute des paupi\u00e8res est due \u00e0 une d\u00e9t\u00e9rioration de la couche musculaire. Si la paupi\u00e8re recouvre la partie color\u00e9e de l&rsquo;\u0153il de 1 \u00e0 1,5 mm, elle est saine.<\/p>\n<ul>\n<li>\n<h3><strong>Quelles sont les causes des paupi\u00e8res tombantes ?<\/strong><\/h3>\n<\/li>\n<\/ul>\n<p>Les paupi\u00e8res tombantes ont des causes diverses. Chez l&rsquo;adulte, la d\u00e9t\u00e9rioration du tissu musculaire oculaire, le port de lentilles pendant de nombreuses ann\u00e9es, des facteurs g\u00e9n\u00e9tiques, une d\u00e9t\u00e9rioration accidentelle de la structure de l&rsquo;\u0153il ou de la paupi\u00e8re, des maladies du syst\u00e8me neuromusculaire et, dans certains cas, le diab\u00e8te provoquent des paupi\u00e8res tombantes.<\/p>\n<ul>\n<li>\n<h3><strong>La chirurgie des paupi\u00e8res est-elle difficile ?<\/strong><\/h3>\n<\/li>\n<\/ul>\n<p>L&rsquo;esth\u00e9tique des paupi\u00e8res n&rsquo;est pas une op\u00e9ration difficile. Il est normal de ressentir une l\u00e9g\u00e8re douleur apr\u00e8s l&rsquo;op\u00e9ration. Ces douleurs disparaissent en 2 ou 3 jours.<\/p>\n<h2><strong>Y aura-t-il des ecchymoses apr\u00e8s une chirurgie des paupi\u00e8res ?<\/strong><\/h2>\n<p>L&rsquo;un des effets secondaires les plus courants apr\u00e8s une chirurgie des paupi\u00e8res est l&rsquo;apparition de bleus autour des yeux. M\u00eame s&rsquo;il s&rsquo;agit d&rsquo;une petite intervention, l&rsquo;esth\u00e9tique des paupi\u00e8res est une op\u00e9ration chirurgicale, il est donc tout \u00e0 fait normal d&rsquo;avoir des bleus et des gonflements. Les bleus qui apparaissent commencent \u00e0 gu\u00e9rir lentement au cours de la premi\u00e8re semaine apr\u00e8s l&rsquo;op\u00e9ration.<\/p>\n<h2><strong>Combien de temps dure une chirurgie des paupi\u00e8res ?<\/strong><\/h2>\n<p>La chirurgie des paupi\u00e8res dure en moyenne de 30 minutes \u00e0 1 heure.<\/p>\n<h2><strong>Quand la reprise du travail est-elle possible apr\u00e8s une chirurgie des paupi\u00e8res ?<\/strong><\/h2>\n<p>Apr\u00e8s une op\u00e9ration des paupi\u00e8res, vous pouvez reprendre votre vie professionnelle en 7 \u00e0 10 jours en moyenne. Votre m\u00e9decin d\u00e9termine la date exacte de cette p\u00e9riode.<\/p>\n<h2><strong>La chirurgie esth\u00e9tique des paupi\u00e8res comporte-t-elle des risques ?<\/strong><\/h2>\n<p>Toute op\u00e9ration chirurgicale comporte un certain risque. Les chirurgies esth\u00e9tiques \u00e9tant des interventions plus programm\u00e9es et planifi\u00e9es, il y a moins de facteurs de risque. Dans le cas de la chirurgie des paupi\u00e8res, bien que le facteur de risque soit tr\u00e8s faible, il existe des risques tels que celui d&rsquo;endommager la zone oculaire ou de ne pas obtenir l&rsquo;aspect esth\u00e9tique souhait\u00e9.<\/p>\n<h2><strong>Combien de jours dois-je me reposer apr\u00e8s l&rsquo;op\u00e9ration ?<\/strong><\/h2>\n<p>Il vous sera b\u00e9n\u00e9fique de vous reposer pendant un certain temps et de rester \u00e0 l&rsquo;\u00e9cart des facteurs environnementaux apr\u00e8s une op\u00e9ration des paupi\u00e8res. Ceux qui m\u00e8nent une vie professionnelle active peuvent continuer \u00e0 se reposer en obtenant un rapport de leur m\u00e9decin.<\/p>\n<h2><strong>Quand se rendre au contr\u00f4le du m\u00e9decin apr\u00e8s l&rsquo;op\u00e9ration ?<\/strong><\/h2>\n<p>Un programme de contr\u00f4le postop\u00e9ratoire est effectu\u00e9. En g\u00e9n\u00e9ral, le premier contr\u00f4le est effectu\u00e9 1 semaine apr\u00e8s l&rsquo;op\u00e9ration.<\/p>\n<h2><strong>Quel est l&rsquo;\u00e2ge limite pour la chirurgie des paupi\u00e8res ?<\/strong><\/h2>\n<p>Si la paupi\u00e8re tombante emp\u00eache la vision, elle est pratiqu\u00e9e apr\u00e8s l&rsquo;\u00e2ge de 18 ans. La limite d&rsquo;\u00e2ge sup\u00e9rieure pour l&rsquo;op\u00e9ration est de 70 ans. Pour ceux qui ont des paupi\u00e8res tombantes en raison du vieillissement, l&rsquo;\u00e2ge recommand\u00e9 est de 30 ans et plus.<\/p>\n<h2><strong>Le r\u00e9sultat de l&rsquo;op\u00e9ration diff\u00e8re-t-il d&rsquo;une personne \u00e0 l&rsquo;autre ?<\/strong><\/h2>\n<p>Toutes les op\u00e9rations chirurgicales varient g\u00e9n\u00e9ralement d&rsquo;une personne \u00e0 l&rsquo;autre. En particulier dans les op\u00e9rations esth\u00e9tiques, le r\u00e9sultat ou la proc\u00e9dure appliqu\u00e9e varie en fonction de l&rsquo;importance du probl\u00e8me dans la structure de la peau de la personne. Le taux de r\u00e9ussite des r\u00e9sultats varie en fonction du probl\u00e8me du patient.<\/p>\n<ul>\n<li>\n<h3><strong>La chirurgie esth\u00e9tique des paupi\u00e8res est-elle permanente ?<\/strong><\/h3>\n<\/li>\n<\/ul>\n<p>En particulier, l&rsquo;affaissement des paupi\u00e8res est un signe de vieillissement. Aucune op\u00e9ration n&rsquo;est garantie \u00e0 jamais. Dans ce cas, la chirurgie des paupi\u00e8res peut \u00e9galement subir une certaine d\u00e9t\u00e9rioration avec le temps, m\u00eame si elle n&rsquo;est pas totale. Il est possible que ces d\u00e9formations se produisent dans un d\u00e9lai moyen de cinq \u00e0 dix ans.<\/p>\n<ul>\n<li>\n<h3><strong>Quand utilise-t-on les lentilles apr\u00e8s une op\u00e9ration ?<\/strong><\/h3>\n<\/li>\n<\/ul>\n<p>Si votre m\u00e9decin l&rsquo;approuve apr\u00e8s une op\u00e9ration des paupi\u00e8res, vous pouvez utiliser des lentilles une semaine plus tard. Pendant cette p\u00e9riode, les lunettes peuvent \u00eatre utilis\u00e9es avec l&rsquo;accord du m\u00e9decin.<\/p>\n<ul>\n<li>\n<h3><strong>La paupi\u00e8re tombante se reproduit-elle ?<\/strong><\/h3>\n<\/li>\n<\/ul>\n<p>Lorsque la chirurgie des paupi\u00e8res est r\u00e9alis\u00e9e par un sp\u00e9cialiste, elle donne des r\u00e9sultats permanents. Cependant, les d\u00e9formations sont consid\u00e9r\u00e9es comme un processus naturel \u00e0 un \u00e2ge avanc\u00e9.<\/p>\n<ul>\n<li>\n<h3><strong>En combien de jours la chirurgie des paupi\u00e8res gu\u00e9rit-elle ?<\/strong><\/h3>\n<\/li>\n<\/ul>\n<p>La paupi\u00e8re est l&rsquo;une des zones les plus sensibles. Les incisions form\u00e9es apr\u00e8s l&rsquo;op\u00e9ration commencent \u00e0 se cicatriser progressivement dans un d\u00e9lai moyen d&rsquo;un mois.<\/p>\n<ul>\n<li>\n<h3><strong>La d\u00e9ficience visuelle survient-elle apr\u00e8s une intervention chirurgicale ?<\/strong><\/h3>\n<\/li>\n<\/ul>\n<p>Apr\u00e8s une op\u00e9ration des paupi\u00e8res, la vision est brouill\u00e9e pendant un court moment, ce qui est temporaire. Cependant, il n&rsquo;y a pas de d\u00e9ficience visuelle permanente apr\u00e8s une op\u00e9ration des paupi\u00e8res.<\/p>\n\t\t\t\t\t\t\t\t<\/div>\n\t\t\t\t<\/div>\n\t\t\t\t\t<\/div>\n\t\t<\/div>\n\t\t\t\t\t<\/div>\n\t\t<\/section>\n\t\t\t\t<\/div>\n\t\t","protected":false},"excerpt":{"rendered":"<p>Chirurgie des paupi\u00e8res Qu&rsquo;est-ce que l&rsquo;esth\u00e9tique des paupi\u00e8res ? Les yeux sont l&rsquo;une des zones les plus frappantes du visage humain. Les gens \u00e9tablissent souvent un contact visuel lorsqu&rsquo;ils communiquent. Dans ce cas, l&rsquo;esth\u00e9tique de votre regard et de votre contour des yeux devient un facteur tr\u00e8s impressionnant. En ce qui concerne les pr\u00e9occupations d&rsquo;ordre [&hellip;]<\/p>\n","protected":false},"author":1,"featured_media":0,"parent":0,"menu_order":0,"comment_status":"closed","ping_status":"closed","template":"","meta":{"footnotes":""},"class_list":["post-1925","page","type-page","status-publish","hentry"],"_links":{"self":[{"href":"https:\/\/serpilasamhairclinic.com\/fr\/wp-json\/wp\/v2\/pages\/1925","targetHints":{"allow":["GET"]}}],"collection":[{"href":"https:\/\/serpilasamhairclinic.com\/fr\/wp-json\/wp\/v2\/pages"}],"about":[{"href":"https:\/\/serpilasamhairclinic.com\/fr\/wp-json\/wp\/v2\/types\/page"}],"author":[{"embeddable":true,"href":"https:\/\/serpilasamhairclinic.com\/fr\/wp-json\/wp\/v2\/users\/1"}],"replies":[{"embeddable":true,"href":"https:\/\/serpilasamhairclinic.com\/fr\/wp-json\/wp\/v2\/comments?post=1925"}],"version-history":[{"count":0,"href":"https:\/\/serpilasamhairclinic.com\/fr\/wp-json\/wp\/v2\/pages\/1925\/revisions"}],"wp:attachment":[{"href":"https:\/\/serpilasamhairclinic.com\/fr\/wp-json\/wp\/v2\/media?parent=1925"}],"curies":[{"name":"wp","href":"https:\/\/api.w.org\/{rel}","templated":true}]}}