{"id":1902,"date":"2022-06-19T10:29:53","date_gmt":"2022-06-19T10:29:53","guid":{"rendered":"https:\/\/serpilasamhairclinic.com\/chirurgie-de-loreille-otoplastie\/"},"modified":"2023-01-24T11:17:28","modified_gmt":"2023-01-24T11:17:28","slug":"chirurgie-de-loreille-otoplastie","status":"publish","type":"page","link":"https:\/\/serpilasamhairclinic.com\/fr\/chirurgie-de-loreille-otoplastie\/","title":{"rendered":"Chirurgie de l&rsquo;oreille Otoplastie"},"content":{"rendered":"\t\t<div data-elementor-type=\"wp-page\" data-elementor-id=\"1902\" class=\"elementor elementor-1902\" data-elementor-post-type=\"page\">\n\t\t\t\t\t\t<section class=\"elementor-section elementor-top-section elementor-element elementor-element-2c1131e elementor-section-boxed elementor-section-height-default elementor-section-height-default\" data-id=\"2c1131e\" data-element_type=\"section\" data-e-type=\"section\" data-settings=\"{&quot;background_background&quot;:&quot;classic&quot;}\">\n\t\t\t\t\t\t<div class=\"elementor-container elementor-column-gap-default\">\n\t\t\t\t\t<div class=\"elementor-column elementor-col-100 elementor-top-column elementor-element elementor-element-b7c6070\" data-id=\"b7c6070\" data-element_type=\"column\" data-e-type=\"column\">\n\t\t\t<div class=\"elementor-widget-wrap elementor-element-populated\">\n\t\t\t\t\t\t<div class=\"elementor-element elementor-element-6d48f61 elementor-widget elementor-widget-heading\" data-id=\"6d48f61\" data-element_type=\"widget\" data-e-type=\"widget\" data-widget_type=\"heading.default\">\n\t\t\t\t<div class=\"elementor-widget-container\">\n\t\t\t\t\t<h1 class=\"elementor-heading-title elementor-size-default\">Chirurgie de l'oreille Otoplastie<\/h1>\t\t\t\t<\/div>\n\t\t\t\t<\/div>\n\t\t\t\t\t<\/div>\n\t\t<\/div>\n\t\t\t\t\t<\/div>\n\t\t<\/section>\n\t\t\t\t<section class=\"elementor-section elementor-top-section elementor-element elementor-element-af4e8b8 elementor-section-boxed elementor-section-height-default elementor-section-height-default\" data-id=\"af4e8b8\" data-element_type=\"section\" data-e-type=\"section\">\n\t\t\t\t\t\t<div class=\"elementor-container elementor-column-gap-default\">\n\t\t\t\t\t<div class=\"elementor-column elementor-col-100 elementor-top-column elementor-element elementor-element-cc94c6d\" data-id=\"cc94c6d\" data-element_type=\"column\" data-e-type=\"column\">\n\t\t\t<div class=\"elementor-widget-wrap elementor-element-populated\">\n\t\t\t\t\t\t<div class=\"elementor-element elementor-element-7ff20f8 elementor-widget elementor-widget-image\" data-id=\"7ff20f8\" data-element_type=\"widget\" data-e-type=\"widget\" data-widget_type=\"image.default\">\n\t\t\t\t<div class=\"elementor-widget-container\">\n\t\t\t\t\t\t\t\t\t\t\t\t\t\t\t<img fetchpriority=\"high\" decoding=\"async\" width=\"512\" height=\"512\" src=\"https:\/\/serpilasamhairclinic.com\/wp-content\/uploads\/2022\/02\/cropped-serpil-asam-hair-clinic.png\" class=\"attachment-large size-large wp-image-570\" alt=\"\" srcset=\"https:\/\/serpilasamhairclinic.com\/wp-content\/uploads\/2022\/02\/cropped-serpil-asam-hair-clinic.png 512w, https:\/\/serpilasamhairclinic.com\/wp-content\/uploads\/2022\/02\/cropped-serpil-asam-hair-clinic-300x300.png 300w, https:\/\/serpilasamhairclinic.com\/wp-content\/uploads\/2022\/02\/cropped-serpil-asam-hair-clinic-150x150.png 150w, https:\/\/serpilasamhairclinic.com\/wp-content\/uploads\/2022\/02\/cropped-serpil-asam-hair-clinic-270x270.png 270w, https:\/\/serpilasamhairclinic.com\/wp-content\/uploads\/2022\/02\/cropped-serpil-asam-hair-clinic-192x192.png 192w, https:\/\/serpilasamhairclinic.com\/wp-content\/uploads\/2022\/02\/cropped-serpil-asam-hair-clinic-180x180.png 180w, https:\/\/serpilasamhairclinic.com\/wp-content\/uploads\/2022\/02\/cropped-serpil-asam-hair-clinic-32x32.png 32w\" sizes=\"(max-width: 512px) 100vw, 512px\" title=\"\">\t\t\t\t\t\t\t\t\t\t\t\t\t\t\t<\/div>\n\t\t\t\t<\/div>\n\t\t\t\t\t<\/div>\n\t\t<\/div>\n\t\t\t\t\t<\/div>\n\t\t<\/section>\n\t\t\t\t<section class=\"elementor-section elementor-top-section elementor-element elementor-element-632af8c elementor-section-boxed elementor-section-height-default elementor-section-height-default\" data-id=\"632af8c\" data-element_type=\"section\" data-e-type=\"section\" id=\"estetik\" data-settings=\"{&quot;background_background&quot;:&quot;classic&quot;}\">\n\t\t\t\t\t\t<div class=\"elementor-container elementor-column-gap-default\">\n\t\t\t\t\t<div class=\"elementor-column elementor-col-100 elementor-top-column elementor-element elementor-element-45c92d73\" data-id=\"45c92d73\" data-element_type=\"column\" data-e-type=\"column\">\n\t\t\t<div class=\"elementor-widget-wrap elementor-element-populated\">\n\t\t\t\t\t\t<div class=\"elementor-element elementor-element-74b40ae elementor-widget elementor-widget-text-editor\" data-id=\"74b40ae\" data-element_type=\"widget\" data-e-type=\"widget\" data-widget_type=\"text-editor.default\">\n\t\t\t\t<div class=\"elementor-widget-container\">\n\t\t\t\t\t\t\t\t\t<p>La structure externe des oreilles, dont la fonction principale est le sens de l&rsquo;audition, est visible. C&rsquo;est pourquoi certaines d\u00e9formations ou malformations cong\u00e9nitales des oreilles perturbent les gens. Les d\u00e9formations de l&rsquo;oreille, qui provoquent des probl\u00e8mes psychologiques \u00e0 un jeune \u00e2ge, surtout chez les enfants, peuvent entra\u00eener des probl\u00e8mes de confiance en soi \u00e0 un \u00e2ge plus avanc\u00e9. Pour cette raison, il est possible d&rsquo;avoir une solution permanente \u00e0 la d\u00e9t\u00e9rioration de la structure de l&rsquo;oreille, qui a termin\u00e9 son d\u00e9veloppement \u00e0 partir de l&rsquo;\u00e2ge de 6 ans, avec une op\u00e9ration esth\u00e9tique de l&rsquo;oreille. Si vous ne voulez pas que la psychologie de vos enfants se d\u00e9t\u00e9riore ou si vous voulez augmenter votre faible estime de soi, vous pouvez choisir la chirurgie esth\u00e9tique de l&rsquo;oreille.<\/p>\n<h2><strong>Op\u00e9ration esth\u00e9tique de l&rsquo;oreille<\/strong><\/h2>\n<p>Les oreilles ach\u00e8vent leur d\u00e9veloppement apr\u00e8s l&rsquo;\u00e2ge de 6 ans. Des probl\u00e8mes cong\u00e9nitaux ou accidentels au niveau des oreilles sont constat\u00e9s chez certains individus. Cela peut entra\u00eener des probl\u00e8mes de confiance en soi chez de nombreuses personnes. Il est possible de r\u00e9soudre l&rsquo;op\u00e9ration d&rsquo;esth\u00e9tique de l&rsquo;oreille si les oreilles sont totalement ou partiellement absentes \u00e0 la naissance, si le cartilage autour de l&rsquo;oreille est pro\u00e9minent, si l&rsquo;oreille a l&rsquo;air rid\u00e9e, si les embouts sont excessivement pointus, si les oreilles sont inclin\u00e9es vers l&rsquo;avant ou si la pi\u00e8ce d&rsquo;oreille a \u00e9t\u00e9 perdue \u00e0 la suite d&rsquo;un accident. Dans certains cas, le probl\u00e8me rencontr\u00e9 dans une oreille peut appara\u00eetre dans les deux oreilles. Le probl\u00e8me le plus courant est l&rsquo;aspect pro\u00e9minent des oreilles. Puisque les gens sont m\u00e9contents en termes d&rsquo;esth\u00e9tique, ils peuvent avoir une solution permanente avec la chirurgie esth\u00e9tique de l&rsquo;oreille, qui est tr\u00e8s facile.<\/p>\n<h2><strong>Comment se d\u00e9roule la chirurgie des oreilles d\u00e9coll\u00e9es ?<\/strong><\/h2>\n<p>Si le patient de la chirurgie de l&rsquo;oreille pro\u00e9minente est un adulte, la proc\u00e9dure commence par une anesth\u00e9sie locale apr\u00e8s l&rsquo;administration d&rsquo;un m\u00e9dicament s\u00e9datif. Si le patient est jeune, la proc\u00e9dure commence par une anesth\u00e9sie g\u00e9n\u00e9rale. Les endroits \u00e0 suturer derri\u00e8re l&rsquo;oreille sont d\u00e9termin\u00e9s. Une incision est pratiqu\u00e9e sur la peau derri\u00e8re l&rsquo;oreille et le tissu cartilagineux est lim\u00e9 \u00e0 travers ces coupures pour donner \u00e0 l&rsquo;oreille l&rsquo;aspect incurv\u00e9 souhait\u00e9. L&rsquo;angle entre l&rsquo;oreille et la t\u00eate est r\u00e9tr\u00e9ci par des points de suture entre la surface de l&rsquo;oreille et la membrane de l&rsquo;os du cr\u00e2ne et la forme pr\u00e9vue de l&rsquo;oreille est donn\u00e9e par des points de suture. Dans certains cas, le lobe de l&rsquo;oreille doit \u00e9galement \u00eatre trait\u00e9 pour maintenir la proportion. Dans ce cas, le tissu est pr\u00e9lev\u00e9 derri\u00e8re le lobe de l&rsquo;oreille. Dans la derni\u00e8re \u00e9tape, le processus est compl\u00e9t\u00e9 par des sutures esth\u00e9tiques.<\/p>\n<h2><strong>Les choses \u00e0 prendre en compte apr\u00e8s une intervention chirurgicale<\/strong><\/h2>\n<p>Les choses \u00e0 prendre en compte apr\u00e8s une op\u00e9ration de l&rsquo;oreille ;<\/p>\n<ul>\n<li>Un jour apr\u00e8s l&rsquo;op\u00e9ration, le pansement doit \u00eatre fait.<\/li>\n<li>Apr\u00e8s la premi\u00e8re inspection, on fixe un bandeau de cheveux qui n&rsquo;est pas trop serr\u00e9 mais qui maintiendra les oreilles stables. Vous devez porter ce bracelet aussi longtemps que votre m\u00e9decin le recommande.<\/li>\n<li>Un bandeau doit \u00eatre port\u00e9 pendant au moins un mois la nuit pour \u00e9viter les torsions et prot\u00e9ger l&rsquo;oreille, surtout la nuit.<\/li>\n<li>Apr\u00e8s l&rsquo;op\u00e9ration, il faut appliquer de la glace pour r\u00e9duire le gonflement.<\/li>\n<li>Les m\u00e9dicaments donn\u00e9s doivent \u00eatre utilis\u00e9s compl\u00e8tement.<\/li>\n<li>Il peut y avoir un engourdissement du tissu cutan\u00e9 de l&rsquo;oreille pendant quelques semaines, ce qui est normal.<\/li>\n<li>N&rsquo;appliquez pas de traitements thermiques tels que le s\u00e9chage des cheveux avant l&rsquo;approbation de votre m\u00e9decin.<\/li>\n<li>Le probl\u00e8me de saignement que l&rsquo;on observe apr\u00e8s toute intervention chirurgicale se retrouve \u00e9galement dans les op\u00e9rations de l&rsquo;oreille. Il peut y avoir une accumulation de sang dans et derri\u00e8re l&rsquo;oreille, et si cela se produit, vous devez consulter votre m\u00e9decin.<\/li>\n<li>Si la zone n&rsquo;est pas touch\u00e9e par les mains apr\u00e8s l&rsquo;op\u00e9ration, une infection peut se produire.<\/li>\n<li>Dans certains cas, les points de suture plac\u00e9s dans l&rsquo;oreille peuvent provoquer la formation d&rsquo;acn\u00e9. Dans une telle situation, pr\u00e9venez votre m\u00e9decin et, si n\u00e9cessaire, les points de suture seront retir\u00e9s par un processus de nettoyage.<\/li>\n<\/ul>\n<h2><strong>Y a-t-il une limite d&rsquo;\u00e2ge pour la chirurgie des oreilles d\u00e9coll\u00e9es ?<\/strong><\/h2>\n<p>Le d\u00e9veloppement de l&rsquo;oreille est en grande partie achev\u00e9 apr\u00e8s l&rsquo;\u00e2ge de 6 ans. C&rsquo;est pourquoi, en cas de gros probl\u00e8me de sant\u00e9, la chirurgie de l&rsquo;oreille peut \u00eatre pratiqu\u00e9e apr\u00e8s l&rsquo;\u00e2ge de 6 ans. La r\u00e9alisation de ces op\u00e9rations \u00e0 un jeune \u00e2ge permet \u00e0 la fois de raccourcir la p\u00e9riode de r\u00e9cup\u00e9ration et de pr\u00e9venir les traumatismes psychologiques que l&rsquo;enfant subira \u00e0 l&rsquo;avenir. La chirurgie de l&rsquo;oreille est r\u00e9alis\u00e9e sous anesth\u00e9sie g\u00e9n\u00e9rale chez les enfants et les jeunes, tandis qu&rsquo;elle est r\u00e9alis\u00e9e sous anesth\u00e9sie locale chez les adultes.<\/p>\n<h2><strong>Combien de temps prend la chirurgie des oreilles d\u00e9coll\u00e9es ?<\/strong><\/h2>\n<p>La chirurgie de l&rsquo;oreille dure g\u00e9n\u00e9ralement une heure et demie si aucune situation suppl\u00e9mentaire ne se pr\u00e9sente.<\/p>\n<p><strong>Y aura-t-il des cicatrices apr\u00e8s la chirurgie des oreilles d\u00e9coll\u00e9es ?<\/strong><\/p>\n<p>L&rsquo;op\u00e9ration de l&rsquo;oreille pro\u00e9minente est une intervention r\u00e9alis\u00e9e au moyen d&rsquo;incisions pratiqu\u00e9es \u00e0 l&rsquo;arri\u00e8re de l&rsquo;oreille. Il n&rsquo;y a donc pas de trace visible. Derri\u00e8re l&rsquo;oreille, il y a une cicatrice tr\u00e8s peu visible.<\/p>\n<h2><strong>La chirurgie emp\u00eache-t-elle d&rsquo;entendre ?<\/strong><\/h2>\n<p>Les chirurgies esth\u00e9tiques de l&rsquo;oreille sont des op\u00e9rations r\u00e9alis\u00e9es pour modifier la structure de l&rsquo;oreille externe, afin de ne pas g\u00eaner l&rsquo;audition.<\/p>\n<h2><strong>Y aura-t-il des douleurs apr\u00e8s une otoplastie <\/strong><strong>otoplastie ?<\/strong><\/h2>\n<p>La chirurgie des oreilles pro\u00e9minentes \u00e9tant une intervention chirurgicale, il est normal de ressentir des douleurs les premiers jours. Pendant cette p\u00e9riode, vous pouvez utiliser des analg\u00e9siques donn\u00e9s par votre m\u00e9decin. Cependant, ces douleurs ne sont pas insupportables.<\/p>\n<h2><strong>Apr\u00e8s l&rsquo;op\u00e9ration, sera-t-il \u00e9vident que l&rsquo;on a op\u00e9r\u00e9 l&rsquo;oreille pro\u00e9minente ?<\/strong><\/h2>\n<p>Lors de la premi\u00e8re intervention, la proc\u00e9dure chirurgicale entra\u00eene un gonflement et des ecchymoses. Ces gonflements commencent \u00e0 diminuer apr\u00e8s 1 semaine et les points de suture sont vers\u00e9s, au maximum 1 mois plus tard, il n&rsquo;est pas \u00e9vident que vous ayez subi une op\u00e9ration.<\/p>\n<h2><strong>Quand les points de suture sont-ils retir\u00e9s ?<\/strong><\/h2>\n<p>Les sutures auto-dissolvantes sont g\u00e9n\u00e9ralement utilis\u00e9es dans les chirurgies de l&rsquo;oreille pro\u00e9minente. 1 semaine apr\u00e8s l&rsquo;op\u00e9ration, les sutures commencent \u00e0 se dissoudre et disparaissent compl\u00e8tement en 2 \u00e0 3 semaines.<\/p>\n<h2><strong>Quand prendre un bain apr\u00e8s une intervention chirurgicale ?<\/strong><\/h2>\n<p>Apr\u00e8s votre op\u00e9ration de l&rsquo;oreille, l&rsquo;eau ne doit pas toucher la zone de suture pendant un certain temps. Vous pouvez prendre un petit bain 1 semaine apr\u00e8s l&rsquo;op\u00e9ration. Apr\u00e8s 15 jours, vous pouvez prendre un bain comme vous le souhaitez.<\/p>\n<h2><strong>Quelle est la dur\u00e9e d&rsquo;utilisation du bandeau ?<\/strong><\/h2>\n<p>Apr\u00e8s une chirurgie des oreilles pro\u00e9minentes, il est recommand\u00e9 de porter un bandeau, surtout la nuit, pour \u00e9viter que les oreilles ne se plient et pour prot\u00e9ger les oreilles. Bien que cette p\u00e9riode varie d&rsquo;une personne \u00e0 l&rsquo;autre, une moyenne d&rsquo;un mois est recommand\u00e9e.<\/p>\n\t\t\t\t\t\t\t\t<\/div>\n\t\t\t\t<\/div>\n\t\t\t\t\t<\/div>\n\t\t<\/div>\n\t\t\t\t\t<\/div>\n\t\t<\/section>\n\t\t\t\t<\/div>\n\t\t","protected":false},"excerpt":{"rendered":"<p>Chirurgie de l&rsquo;oreille Otoplastie La structure externe des oreilles, dont la fonction principale est le sens de l&rsquo;audition, est visible. C&rsquo;est pourquoi certaines d\u00e9formations ou malformations cong\u00e9nitales des oreilles perturbent les gens. Les d\u00e9formations de l&rsquo;oreille, qui provoquent des probl\u00e8mes psychologiques \u00e0 un jeune \u00e2ge, surtout chez les enfants, peuvent entra\u00eener des probl\u00e8mes de confiance [&hellip;]<\/p>\n","protected":false},"author":1,"featured_media":0,"parent":0,"menu_order":0,"comment_status":"closed","ping_status":"closed","template":"","meta":{"footnotes":""},"class_list":["post-1902","page","type-page","status-publish","hentry"],"_links":{"self":[{"href":"https:\/\/serpilasamhairclinic.com\/fr\/wp-json\/wp\/v2\/pages\/1902","targetHints":{"allow":["GET"]}}],"collection":[{"href":"https:\/\/serpilasamhairclinic.com\/fr\/wp-json\/wp\/v2\/pages"}],"about":[{"href":"https:\/\/serpilasamhairclinic.com\/fr\/wp-json\/wp\/v2\/types\/page"}],"author":[{"embeddable":true,"href":"https:\/\/serpilasamhairclinic.com\/fr\/wp-json\/wp\/v2\/users\/1"}],"replies":[{"embeddable":true,"href":"https:\/\/serpilasamhairclinic.com\/fr\/wp-json\/wp\/v2\/comments?post=1902"}],"version-history":[{"count":0,"href":"https:\/\/serpilasamhairclinic.com\/fr\/wp-json\/wp\/v2\/pages\/1902\/revisions"}],"wp:attachment":[{"href":"https:\/\/serpilasamhairclinic.com\/fr\/wp-json\/wp\/v2\/media?parent=1902"}],"curies":[{"name":"wp","href":"https:\/\/api.w.org\/{rel}","templated":true}]}}