{"id":1280,"date":"2022-03-17T10:12:37","date_gmt":"2022-03-17T10:12:37","guid":{"rendered":"https:\/\/serpilasamhairclinic.com\/greffe-de-cheveux-sans-rasage\/"},"modified":"2022-03-17T10:26:31","modified_gmt":"2022-03-17T10:26:31","slug":"greffe-de-cheveux-sans-rasage","status":"publish","type":"page","link":"https:\/\/serpilasamhairclinic.com\/fr\/greffe-de-cheveux-sans-rasage\/","title":{"rendered":"Greffe de cheveux sans rasage"},"content":{"rendered":"\t\t<div data-elementor-type=\"wp-page\" data-elementor-id=\"1280\" class=\"elementor elementor-1280 elementor-1160\" data-elementor-post-type=\"page\">\n\t\t\t\t\t\t<section class=\"elementor-section elementor-top-section elementor-element elementor-element-2c1131e elementor-section-boxed elementor-section-height-default elementor-section-height-default\" data-id=\"2c1131e\" data-element_type=\"section\" data-e-type=\"section\" data-settings=\"{&quot;background_background&quot;:&quot;classic&quot;}\">\n\t\t\t\t\t\t<div class=\"elementor-container elementor-column-gap-default\">\n\t\t\t\t\t<div class=\"elementor-column elementor-col-100 elementor-top-column elementor-element elementor-element-b7c6070\" data-id=\"b7c6070\" data-element_type=\"column\" data-e-type=\"column\">\n\t\t\t<div class=\"elementor-widget-wrap elementor-element-populated\">\n\t\t\t\t\t\t<div class=\"elementor-element elementor-element-6d48f61 elementor-widget elementor-widget-heading\" data-id=\"6d48f61\" data-element_type=\"widget\" data-e-type=\"widget\" data-widget_type=\"heading.default\">\n\t\t\t\t<div class=\"elementor-widget-container\">\n\t\t\t\t\t<h1 class=\"elementor-heading-title elementor-size-default\">Greffe de cheveux sans rasage<\/h1>\t\t\t\t<\/div>\n\t\t\t\t<\/div>\n\t\t\t\t\t<\/div>\n\t\t<\/div>\n\t\t\t\t\t<\/div>\n\t\t<\/section>\n\t\t\t\t<section class=\"elementor-section elementor-top-section elementor-element elementor-element-af4e8b8 elementor-section-boxed elementor-section-height-default elementor-section-height-default\" data-id=\"af4e8b8\" data-element_type=\"section\" data-e-type=\"section\">\n\t\t\t\t\t\t<div class=\"elementor-container elementor-column-gap-default\">\n\t\t\t\t\t<div class=\"elementor-column elementor-col-50 elementor-top-column elementor-element elementor-element-cc94c6d\" data-id=\"cc94c6d\" data-element_type=\"column\" data-e-type=\"column\">\n\t\t\t<div class=\"elementor-widget-wrap elementor-element-populated\">\n\t\t\t\t\t\t<div class=\"elementor-element elementor-element-7ff20f8 elementor-widget elementor-widget-image\" data-id=\"7ff20f8\" data-element_type=\"widget\" data-e-type=\"widget\" data-widget_type=\"image.default\">\n\t\t\t\t<div class=\"elementor-widget-container\">\n\t\t\t\t\t\t\t\t\t\t\t\t\t\t\t<img fetchpriority=\"high\" decoding=\"async\" width=\"800\" height=\"480\" src=\"https:\/\/serpilasamhairclinic.com\/wp-content\/uploads\/2022\/02\/serpil-asam-hair-transplant-slider-1024x615.jpg\" class=\"attachment-large size-large wp-image-642\" alt=\"\" srcset=\"https:\/\/serpilasamhairclinic.com\/wp-content\/uploads\/2022\/02\/serpil-asam-hair-transplant-slider-1024x615.jpg 1024w, https:\/\/serpilasamhairclinic.com\/wp-content\/uploads\/2022\/02\/serpil-asam-hair-transplant-slider-300x180.jpg 300w, https:\/\/serpilasamhairclinic.com\/wp-content\/uploads\/2022\/02\/serpil-asam-hair-transplant-slider-768x461.jpg 768w, https:\/\/serpilasamhairclinic.com\/wp-content\/uploads\/2022\/02\/serpil-asam-hair-transplant-slider-1536x922.jpg 1536w, https:\/\/serpilasamhairclinic.com\/wp-content\/uploads\/2022\/02\/serpil-asam-hair-transplant-slider.jpg 1800w\" sizes=\"(max-width: 800px) 100vw, 800px\" title=\"\">\t\t\t\t\t\t\t\t\t\t\t\t\t\t\t<\/div>\n\t\t\t\t<\/div>\n\t\t\t\t\t<\/div>\n\t\t<\/div>\n\t\t\t\t<div class=\"elementor-column elementor-col-50 elementor-top-column elementor-element elementor-element-5a7d9ee\" data-id=\"5a7d9ee\" data-element_type=\"column\" data-e-type=\"column\">\n\t\t\t<div class=\"elementor-widget-wrap elementor-element-populated\">\n\t\t\t\t\t\t<div class=\"elementor-element elementor-element-ea7f270 elementor-widget elementor-widget-image\" data-id=\"ea7f270\" data-element_type=\"widget\" data-e-type=\"widget\" data-widget_type=\"image.default\">\n\t\t\t\t<div class=\"elementor-widget-container\">\n\t\t\t\t\t\t\t\t\t\t\t\t\t\t\t<img decoding=\"async\" width=\"800\" height=\"480\" src=\"https:\/\/serpilasamhairclinic.com\/wp-content\/uploads\/2022\/02\/hair-transplant-sa-1024x615.jpg\" class=\"attachment-large size-large wp-image-576\" alt=\"\" srcset=\"https:\/\/serpilasamhairclinic.com\/wp-content\/uploads\/2022\/02\/hair-transplant-sa-1024x615.jpg 1024w, https:\/\/serpilasamhairclinic.com\/wp-content\/uploads\/2022\/02\/hair-transplant-sa-300x180.jpg 300w, https:\/\/serpilasamhairclinic.com\/wp-content\/uploads\/2022\/02\/hair-transplant-sa-768x461.jpg 768w, https:\/\/serpilasamhairclinic.com\/wp-content\/uploads\/2022\/02\/hair-transplant-sa-1536x922.jpg 1536w, https:\/\/serpilasamhairclinic.com\/wp-content\/uploads\/2022\/02\/hair-transplant-sa.jpg 1800w\" sizes=\"(max-width: 800px) 100vw, 800px\" title=\"\">\t\t\t\t\t\t\t\t\t\t\t\t\t\t\t<\/div>\n\t\t\t\t<\/div>\n\t\t\t\t\t<\/div>\n\t\t<\/div>\n\t\t\t\t\t<\/div>\n\t\t<\/section>\n\t\t\t\t<section class=\"elementor-section elementor-top-section elementor-element elementor-element-632af8c elementor-section-boxed elementor-section-height-default elementor-section-height-default\" data-id=\"632af8c\" data-element_type=\"section\" data-e-type=\"section\" id=\"estetik\" data-settings=\"{&quot;background_background&quot;:&quot;classic&quot;}\">\n\t\t\t\t\t\t<div class=\"elementor-container elementor-column-gap-default\">\n\t\t\t\t\t<div class=\"elementor-column elementor-col-100 elementor-top-column elementor-element elementor-element-45c92d73\" data-id=\"45c92d73\" data-element_type=\"column\" data-e-type=\"column\">\n\t\t\t<div class=\"elementor-widget-wrap elementor-element-populated\">\n\t\t\t\t\t\t<div class=\"elementor-element elementor-element-74b40ae elementor-widget elementor-widget-text-editor\" data-id=\"74b40ae\" data-element_type=\"widget\" data-e-type=\"widget\" data-widget_type=\"text-editor.default\">\n\t\t\t\t<div class=\"elementor-widget-container\">\n\t\t\t\t\t\t\t\t\t<h2><strong>QU&rsquo;EST-CE QUE LA GREFFE DE CHEVEUX SANS RASAGE ?<\/strong><\/h2><p><strong>La greffe de cheveux non ras\u00e9e<\/strong> est une m\u00e9thode de greffe de cheveux r\u00e9alis\u00e9e en rasant uniquement la zone donneuse sans raser les parties avant, lat\u00e9rales et arri\u00e8re des cheveux ou toute la zone de la t\u00eate poilue. Dans cette m\u00e9thode, la d\u00e9termination de la racine des cheveux et de la zone donneuse et si elle convient \u00e0 la greffe de cheveux non ras\u00e9s est effectu\u00e9e par l&rsquo;expert. Les personnes aux cheveux longs pr\u00e9f\u00e8rent g\u00e9n\u00e9ralement la greffe de cheveux non ras\u00e9s. La zone donneuse ras\u00e9e se camoufle facilement en couvrant les cheveux longs. Greffe de cheveux non ras\u00e9e Greffe de cheveux partiellement non ras\u00e9e Extrusion d&rsquo;unit\u00e9 folliculaire ( <strong>fue<\/strong> ) et elle est r\u00e9alis\u00e9e selon deux m\u00e9thodes en tant que greffe de cheveux directe ( <strong>dhi<\/strong> ).<\/p><h2><strong>Qu&rsquo;est-ce que la m\u00e9thode d&rsquo;extraction d&rsquo;unit\u00e9s folliculaires (fue)&nbsp;?<\/strong><\/h2><p>C&rsquo;est l&rsquo;une des m\u00e9thodes d&rsquo;obtention du transfert de follicule pileux. Dans cette m\u00e9thode, les follicules pileux sont pr\u00e9lev\u00e9s de la zone donneuse d\u00e9termin\u00e9e par une proc\u00e9dure microchirurgicale et pr\u00e9par\u00e9s pour \u00eatre transf\u00e9r\u00e9s dans la zone \u00e0 transplanter. Il se compose de 2 \u00e9tapes de collecte et de transfert, et il offre la possibilit\u00e9 de collecter 2500 \u00e0 3500 graines de follicule pileux en moyenne lors de la premi\u00e8re \u00e9tape de collecte de graines de follicule pileux.<\/p><h2><strong>Qu&rsquo;est-ce que la m\u00e9thode de greffe directe de cheveux (DHI) ?<\/strong><\/h2><p>R\u00e9cemment, c&rsquo;est une m\u00e9thode qui permet aux patients appropri\u00e9s d&rsquo;avoir une greffe de cheveux sans se raser. Dans cette m\u00e9thode, les graines du follicule pileux sont pr\u00e9lev\u00e9es de la zone donneuse avec un stylo m\u00e9dical sp\u00e9cial appel\u00e9 choi sans ouvrir aucun canal, et \u00e0 l&rsquo;aide du m\u00eame stylo m\u00e9dical, elles sont plac\u00e9es \u00e0 un angle appropri\u00e9 par rapport \u00e0 la zone \u00e0 transplanter avec de la lumi\u00e8re. pression.<\/p><h2><strong>QUI DEVRAIT PREFERER UNE GREFFE DE CHEVEUX SANS RASAGE ?<\/strong><\/h2><p>La greffe de cheveux non ras\u00e9s est l&rsquo;une des m\u00e9thodes les plus pr\u00e9f\u00e9r\u00e9es. Surtout par les femmes et les hommes aux cheveux longs qui ne veulent pas se couper les cheveux. Les personnes qui pr\u00e9f\u00e8rent la greffe de cheveux non ras\u00e9s;<\/p><ul><li>Les personnes qui subissent une perte de cheveux r\u00e9gionale \u00e0 la suite d&rsquo;un accident.<\/li><li>Les femmes qui ne veulent pas que tous leurs cheveux soient ras\u00e9s.<\/li><li>Les hommes aux cheveux longs veulent couvrir la zone chauve avec des cheveux longs gr\u00e2ce \u00e0 une greffe de cheveux non ras\u00e9s ou \u00e0 une greffe de cheveux partiellement ras\u00e9s.<\/li><li>Ceux qui ont les cheveux clairsem\u00e9s plut\u00f4t que la calvitie sur le dessus de la t\u00eate.<\/li><\/ul><h2><strong>Comment se fait la greffe de cheveux non ras\u00e9s et quelles sont les \u00e9tapes&nbsp;?<\/strong><\/h2><ol><li><strong> Consultat\u0131on (Inspection)<\/strong><\/li><\/ol><p>C&rsquo;est la premi\u00e8re \u00e9tape dans laquelle une greffe de cheveux non ras\u00e9s est pr\u00e9vue. \u00c0 ce stade, le m\u00e9decin transf\u00e8re les informations n\u00e9cessaires \u00e0 la personne qui subira une greffe de cheveux, et si elle convient \u00e0 la greffe de cheveux, elle est d\u00e9termin\u00e9e par examen et analyse. Lorsqu&rsquo;il est certain qu&rsquo;il n&rsquo;y a pas d&rsquo;obstacle \u00e0 la greffe de cheveux, la racine des cheveux pour la greffe de cheveux non ras\u00e9s est d\u00e9termin\u00e9e par le m\u00e9decin.<\/p><ol start=\"2\"><li><strong> \u00c9tape de pr\u00e9paration<\/strong><\/li><\/ol><p>A ce stade, tous les cheveux sont lav\u00e9s et st\u00e9rilis\u00e9s. La zone donneuse est d\u00e9termin\u00e9e par le sp\u00e9cialiste et anesth\u00e9si\u00e9e avec une anesth\u00e9sie locale.<\/p><ol start=\"3\"><li><strong> Collection de graines de racine de cheveux (greffe)<\/strong><\/li><\/ol><p>Les graines de follicule pileux commencent \u00e0 \u00eatre collect\u00e9es dans la zone donneuse, qui est anesth\u00e9si\u00e9e avec une anesth\u00e9sie locale. Le nombre de graines de follicules pileux \u00e0 collecter est d\u00e9termin\u00e9 lors de la premi\u00e8re \u00e9tape de l&rsquo;examen. En g\u00e9n\u00e9ral, les cheveux de la nuque sont choisis comme zone donneuse car ils sont plus r\u00e9sistants \u00e0 la chute. Les graines de follicules pileux sains collect\u00e9es sont pr\u00e9par\u00e9es pour \u00eatre transf\u00e9r\u00e9es dans la zone \u00e0 planter.<\/p><ol start=\"4\"><li><strong>4<\/strong> . <strong>Ouverture des canaux<\/strong><\/li><\/ol><p>Les graines de follicule pileux collect\u00e9es pour la greffe de cheveux doivent \u00eatre dans la m\u00eame direction et profondeur que les cheveux dans la zone \u00e0 planter. Pour cette raison, l&rsquo;angle des canaux ouverts doit \u00eatre ouvert en fonction de la direction de la croissance des cheveux dans la zone \u00e0 transplanter. A ce stade, la distance des canaux est ajust\u00e9e, c&rsquo;est un processus qui n\u00e9cessite des pr\u00e9cautions et peut affecter le processus apr\u00e8s le semis. Dans la m\u00e9thode DHI, ce processus de rainurage n&rsquo;est pas effectu\u00e9, les graines du follicule pileux sont collect\u00e9es une par une avec un stylo sp\u00e9cial directement et plac\u00e9es avec une l\u00e9g\u00e8re pression sur la zone de greffe de cheveux avec le m\u00eame stylo.<\/p><ol start=\"5\"><li><strong> Greffe de cheveux<\/strong><\/li><\/ol><p>Cette \u00e9tape est la derni\u00e8re et la plus importante \u00e9tape de l&rsquo;op\u00e9ration de greffe de cheveux. Il est tr\u00e8s important que les graines de follicule pileux collect\u00e9es soient plac\u00e9es dans les canaux ouverts \u00e0 angle droit. Le m\u00e9decin sp\u00e9cialiste place le nombre appropri\u00e9 de graines de follicule pileux dans les canaux appropri\u00e9s comme pr\u00e9vu et effectue la greffe de cheveux.<\/p><h2><strong>Avantages de la greffe de cheveux non ras\u00e9s<\/strong><\/h2><ol><li>La personne op\u00e9r\u00e9e pourra reprendre sa vie sociale plus rapidement, car la zone o\u00f9 se fait la greffe de cheveux est recouverte d&rsquo;autres cheveux, ce qui n&rsquo;est pas tr\u00e8s \u00e9vident.<\/li><li>Apr\u00e8s l&rsquo;op\u00e9ration, la zone donneuse \u00e9tant recouverte d&rsquo;autres cheveux longs, les cro\u00fbtes gu\u00e9rissent plus rapidement.<\/li><li>La greffe de cheveux sans rasage est un processus plus confortable sur le plan esth\u00e9tique et psychologique, en particulier chez les femmes.<\/li><li>\u00c9tant donn\u00e9 que moins de graines de follicule pileux (greffes) sont utilis\u00e9es dans la greffe de cheveux non ras\u00e9s, le processus de gu\u00e9rison est plus rapide.<\/li><\/ol>\t\t\t\t\t\t\t\t<\/div>\n\t\t\t\t<\/div>\n\t\t\t\t\t<\/div>\n\t\t<\/div>\n\t\t\t\t\t<\/div>\n\t\t<\/section>\n\t\t\t\t<\/div>\n\t\t","protected":false},"excerpt":{"rendered":"<p>Greffe de cheveux sans rasage QU&rsquo;EST-CE QUE LA GREFFE DE CHEVEUX SANS RASAGE ? La greffe de cheveux non ras\u00e9e est une m\u00e9thode de greffe de cheveux r\u00e9alis\u00e9e en rasant uniquement la zone donneuse sans raser les parties avant, lat\u00e9rales et arri\u00e8re des cheveux ou toute la zone de la t\u00eate poilue. Dans cette m\u00e9thode, [&hellip;]<\/p>\n","protected":false},"author":1,"featured_media":0,"parent":0,"menu_order":0,"comment_status":"closed","ping_status":"closed","template":"","meta":{"footnotes":""},"class_list":["post-1280","page","type-page","status-publish","hentry"],"_links":{"self":[{"href":"https:\/\/serpilasamhairclinic.com\/fr\/wp-json\/wp\/v2\/pages\/1280","targetHints":{"allow":["GET"]}}],"collection":[{"href":"https:\/\/serpilasamhairclinic.com\/fr\/wp-json\/wp\/v2\/pages"}],"about":[{"href":"https:\/\/serpilasamhairclinic.com\/fr\/wp-json\/wp\/v2\/types\/page"}],"author":[{"embeddable":true,"href":"https:\/\/serpilasamhairclinic.com\/fr\/wp-json\/wp\/v2\/users\/1"}],"replies":[{"embeddable":true,"href":"https:\/\/serpilasamhairclinic.com\/fr\/wp-json\/wp\/v2\/comments?post=1280"}],"version-history":[{"count":0,"href":"https:\/\/serpilasamhairclinic.com\/fr\/wp-json\/wp\/v2\/pages\/1280\/revisions"}],"wp:attachment":[{"href":"https:\/\/serpilasamhairclinic.com\/fr\/wp-json\/wp\/v2\/media?parent=1280"}],"curies":[{"name":"wp","href":"https:\/\/api.w.org\/{rel}","templated":true}]}}