{"id":1262,"date":"2022-03-17T10:11:13","date_gmt":"2022-03-17T10:11:13","guid":{"rendered":"https:\/\/serpilasamhairclinic.com\/greffe-de-cheveux-saphir\/"},"modified":"2022-03-17T10:24:56","modified_gmt":"2022-03-17T10:24:56","slug":"greffe-de-cheveux-saphir","status":"publish","type":"page","link":"https:\/\/serpilasamhairclinic.com\/fr\/greffe-de-cheveux-saphir\/","title":{"rendered":"Greffe de Cheveux Saphir"},"content":{"rendered":"\t\t<div data-elementor-type=\"wp-page\" data-elementor-id=\"1262\" class=\"elementor elementor-1262 elementor-1155\" data-elementor-post-type=\"page\">\n\t\t\t\t\t\t<section class=\"elementor-section elementor-top-section elementor-element elementor-element-2c1131e elementor-section-boxed elementor-section-height-default elementor-section-height-default\" data-id=\"2c1131e\" data-element_type=\"section\" data-e-type=\"section\" data-settings=\"{&quot;background_background&quot;:&quot;classic&quot;}\">\n\t\t\t\t\t\t<div class=\"elementor-container elementor-column-gap-default\">\n\t\t\t\t\t<div class=\"elementor-column elementor-col-100 elementor-top-column elementor-element elementor-element-b7c6070\" data-id=\"b7c6070\" data-element_type=\"column\" data-e-type=\"column\">\n\t\t\t<div class=\"elementor-widget-wrap elementor-element-populated\">\n\t\t\t\t\t\t<div class=\"elementor-element elementor-element-6d48f61 elementor-widget elementor-widget-heading\" data-id=\"6d48f61\" data-element_type=\"widget\" data-e-type=\"widget\" data-widget_type=\"heading.default\">\n\t\t\t\t<div class=\"elementor-widget-container\">\n\t\t\t\t\t<h1 class=\"elementor-heading-title elementor-size-default\">Greffe de Cheveux Saphir<\/h1>\t\t\t\t<\/div>\n\t\t\t\t<\/div>\n\t\t\t\t\t<\/div>\n\t\t<\/div>\n\t\t\t\t\t<\/div>\n\t\t<\/section>\n\t\t\t\t<section class=\"elementor-section elementor-top-section elementor-element elementor-element-af4e8b8 elementor-section-boxed elementor-section-height-default elementor-section-height-default\" data-id=\"af4e8b8\" data-element_type=\"section\" data-e-type=\"section\">\n\t\t\t\t\t\t<div class=\"elementor-container elementor-column-gap-default\">\n\t\t\t\t\t<div class=\"elementor-column elementor-col-50 elementor-top-column elementor-element elementor-element-cc94c6d\" data-id=\"cc94c6d\" data-element_type=\"column\" data-e-type=\"column\">\n\t\t\t<div class=\"elementor-widget-wrap elementor-element-populated\">\n\t\t\t\t\t\t<div class=\"elementor-element elementor-element-7ff20f8 elementor-widget elementor-widget-image\" data-id=\"7ff20f8\" data-element_type=\"widget\" data-e-type=\"widget\" data-widget_type=\"image.default\">\n\t\t\t\t<div class=\"elementor-widget-container\">\n\t\t\t\t\t\t\t\t\t\t\t\t\t\t\t<img fetchpriority=\"high\" decoding=\"async\" width=\"800\" height=\"480\" src=\"https:\/\/serpilasamhairclinic.com\/wp-content\/uploads\/2022\/02\/hair-transplant-sa-1-1024x615.jpg\" class=\"attachment-large size-large wp-image-582\" alt=\"\" srcset=\"https:\/\/serpilasamhairclinic.com\/wp-content\/uploads\/2022\/02\/hair-transplant-sa-1-1024x615.jpg 1024w, https:\/\/serpilasamhairclinic.com\/wp-content\/uploads\/2022\/02\/hair-transplant-sa-1-300x180.jpg 300w, https:\/\/serpilasamhairclinic.com\/wp-content\/uploads\/2022\/02\/hair-transplant-sa-1-768x461.jpg 768w, https:\/\/serpilasamhairclinic.com\/wp-content\/uploads\/2022\/02\/hair-transplant-sa-1-1536x922.jpg 1536w, https:\/\/serpilasamhairclinic.com\/wp-content\/uploads\/2022\/02\/hair-transplant-sa-1.jpg 1800w\" sizes=\"(max-width: 800px) 100vw, 800px\" title=\"\">\t\t\t\t\t\t\t\t\t\t\t\t\t\t\t<\/div>\n\t\t\t\t<\/div>\n\t\t\t\t\t<\/div>\n\t\t<\/div>\n\t\t\t\t<div class=\"elementor-column elementor-col-50 elementor-top-column elementor-element elementor-element-5a7d9ee\" data-id=\"5a7d9ee\" data-element_type=\"column\" data-e-type=\"column\">\n\t\t\t<div class=\"elementor-widget-wrap elementor-element-populated\">\n\t\t\t\t\t\t<div class=\"elementor-element elementor-element-ea7f270 elementor-widget elementor-widget-image\" data-id=\"ea7f270\" data-element_type=\"widget\" data-e-type=\"widget\" data-widget_type=\"image.default\">\n\t\t\t\t<div class=\"elementor-widget-container\">\n\t\t\t\t\t\t\t\t\t\t\t\t\t\t\t<img decoding=\"async\" width=\"800\" height=\"480\" src=\"https:\/\/serpilasamhairclinic.com\/wp-content\/uploads\/2022\/02\/hair-transplant-sa-1024x615.jpg\" class=\"attachment-large size-large wp-image-576\" alt=\"\" srcset=\"https:\/\/serpilasamhairclinic.com\/wp-content\/uploads\/2022\/02\/hair-transplant-sa-1024x615.jpg 1024w, https:\/\/serpilasamhairclinic.com\/wp-content\/uploads\/2022\/02\/hair-transplant-sa-300x180.jpg 300w, https:\/\/serpilasamhairclinic.com\/wp-content\/uploads\/2022\/02\/hair-transplant-sa-768x461.jpg 768w, https:\/\/serpilasamhairclinic.com\/wp-content\/uploads\/2022\/02\/hair-transplant-sa-1536x922.jpg 1536w, https:\/\/serpilasamhairclinic.com\/wp-content\/uploads\/2022\/02\/hair-transplant-sa.jpg 1800w\" sizes=\"(max-width: 800px) 100vw, 800px\" title=\"\">\t\t\t\t\t\t\t\t\t\t\t\t\t\t\t<\/div>\n\t\t\t\t<\/div>\n\t\t\t\t\t<\/div>\n\t\t<\/div>\n\t\t\t\t\t<\/div>\n\t\t<\/section>\n\t\t\t\t<section class=\"elementor-section elementor-top-section elementor-element elementor-element-632af8c elementor-section-boxed elementor-section-height-default elementor-section-height-default\" data-id=\"632af8c\" data-element_type=\"section\" data-e-type=\"section\" id=\"estetik\" data-settings=\"{&quot;background_background&quot;:&quot;classic&quot;}\">\n\t\t\t\t\t\t<div class=\"elementor-container elementor-column-gap-default\">\n\t\t\t\t\t<div class=\"elementor-column elementor-col-100 elementor-top-column elementor-element elementor-element-45c92d73\" data-id=\"45c92d73\" data-element_type=\"column\" data-e-type=\"column\">\n\t\t\t<div class=\"elementor-widget-wrap elementor-element-populated\">\n\t\t\t\t\t\t<div class=\"elementor-element elementor-element-74b40ae elementor-widget elementor-widget-text-editor\" data-id=\"74b40ae\" data-element_type=\"widget\" data-e-type=\"widget\" data-widget_type=\"text-editor.default\">\n\t\t\t\t<div class=\"elementor-widget-container\">\n\t\t\t\t\t\t\t\t\t<p>Aujourd&rsquo;hui, parall\u00e8lement aux d\u00e9veloppements technologiques, il y a eu des d\u00e9veloppements dans les techniques de greffe de cheveux, dont l&rsquo;une est la m\u00e9thode de greffe de cheveux Sapphire. Depuis 2001, cette m\u00e9thode a \u00e9t\u00e9 fr\u00e9quemment appliqu\u00e9e \u00e0 travers le monde. La technique de greffe de cheveux en saphir est connue sous le nom de m\u00e9thode de greffe de cheveux Sapphire Fue utilisant des instruments sp\u00e9ciaux avec des pointes en saphir. Contrairement \u00e0 la croyance populaire, ces instruments sp\u00e9ciaux \u00e0 pointe de saphir ne sont pas en pierre de saphir. Les lames en saphir sont fabriqu\u00e9es \u00e0 partir de saphir synth\u00e9tique (Al2O3 = oxyde d&rsquo;aluminium) et sont des centaines de fois plus durables que l&rsquo;acier normal. Ils sont parfaits pour les op\u00e9rations de greffe de cheveux en passant par des \u00e9tapes sp\u00e9ciales.<\/p><h2><strong>Qu&rsquo;est-ce que la greffe de cheveux saphir?<\/strong><\/h2><p>Il est possible d&rsquo;obtenir des r\u00e9sultats permanents avec la m\u00e9thode de greffe de cheveux saphir pour la perte et l&rsquo;amincissement des cheveux caus\u00e9s \u00e0 la fois par des facteurs g\u00e9n\u00e9tiques et des facteurs environnementaux chez les hommes et les femmes du pass\u00e9 \u00e0 nos jours.<\/p><p>Greffe de cheveux saphir; Il s&rsquo;agit d&rsquo;une technique de greffe de cheveux utilisant des lames \u00e0 pointe de saphir utilis\u00e9es avec la m\u00e9thode fue. Gr\u00e2ce \u00e0 ces lames de saphir utilis\u00e9es, puisque les canaux ouverts sont plus minimes, la gu\u00e9rison est plus rapide au m\u00eame rythme.<\/p><h2><strong>Quelles sont les \u00e9tapes de la greffe de cheveux saphir ?<\/strong><\/h2><ol><li>Apr\u00e8s la d\u00e9cision d&rsquo;avoir une greffe de cheveux en saphir, tout d&rsquo;abord, un contr\u00f4le m\u00e9dical complet est effectu\u00e9.<\/li><li>Apr\u00e8s les examens et les tests, la zone \u00e0 transplanter avec du saphir et la zone donneuse sont d\u00e9termin\u00e9es. Ensuite, la racine des cheveux de la zone \u00e0 transplanter avec des cheveux en saphir est dessin\u00e9e. A ce stade, la quantit\u00e9 moyenne de graines de follicules pileux \u00e0 pr\u00e9lever est d\u00e9termin\u00e9e en fonction de la largeur de la zone \u00e0 transf\u00e9rer.<\/li><li>La zone \u00e0 transplanter avec du saphir et la zone donneuse sont anesth\u00e9si\u00e9es avec une anesth\u00e9sie locale.<\/li><li>Dans la greffe de cheveux en saphir, les graines de follicule pileux (greffe) sont pr\u00e9lev\u00e9es de la zone donneuse \u00e0 l&rsquo;aide de micromoteurs avec la m\u00e9thode fue.<\/li><li>Les graines de follicule pileux prises \u00e0 l&rsquo;aide de micro-moteurs sont soigneusement collect\u00e9es dans une section.<\/li><li>Une fois le processus de collecte du follicule pileux termin\u00e9, l&rsquo;\u00e9tape suivante, \u00e0 l&rsquo;aide de lames \u00e0 pointe de saphir, consiste \u00e0 ouvrir des canaux avec la douleur, la direction et la fr\u00e9quence souhait\u00e9es dans la zone \u00e0 transplanter.<\/li><li>Comme derni\u00e8re \u00e9tape, les graines du follicule pileux collect\u00e9es \u00e0 l&rsquo;aide de micro-moteurs sont plac\u00e9es dans les canaux ouverts avec des lames \u00e0 pointe de saphir. Ainsi, la greffe de cheveux en saphir est termin\u00e9e.<\/li><\/ol><h2><strong>Choses \u00e0 consid\u00e9rer avant la greffe de cheveux saphir<\/strong><\/h2><ul><li>Les anticoagulants ne doivent pas \u00eatre utilis\u00e9s avant la greffe de cheveux en saphir.<\/li><li>Le tabagisme et la consommation d&rsquo;alcool doivent \u00eatre arr\u00eat\u00e9s au moins 1 semaine avant la greffe de cheveux en saphir.<\/li><li>Vous devez informer votre m\u00e9decin si vous souffrez d&rsquo;une maladie chronique ou si vous prenez constamment des m\u00e9dicaments.<\/li><li>Vous devriez bien vous reposer et dormir avant l&rsquo;op\u00e9ration de greffe de cheveux en saphir.<\/li><\/ul><h2><strong>Choses \u00e0 consid\u00e9rer apr\u00e8s la greffe de cheveux en saphir<\/strong><\/h2><ol><li>Vous ne devez pas porter de v\u00eatements moulants avant et apr\u00e8s l&rsquo;op\u00e9ration de greffe de cheveux en saphir, vous pourriez endommager la zone transplant\u00e9e en vous habillant.<\/li><li>Apr\u00e8s la greffe de cheveux en saphir, vous ne devez pas consommer d&rsquo;alcool ni de cigarettes pendant la p\u00e9riode d\u00e9termin\u00e9e par votre m\u00e9decin.<\/li><li>Apr\u00e8s l&rsquo;op\u00e9ration, vous devez utiliser les m\u00e9dicaments donn\u00e9s par votre m\u00e9decin pendant la p\u00e9riode recommand\u00e9e par votre m\u00e9decin.<\/li><li>Vous ne devez pas vous exposer au soleil pendant les 15 premiers jours apr\u00e8s l&rsquo;op\u00e9ration de greffe de cheveux en saphir, et vous devez rester \u00e0 l&rsquo;\u00e9cart des activit\u00e9s telles que la mer, le bain turc et le sauna.<\/li><li>Des pr\u00e9cautions doivent \u00eatre prises en position couch\u00e9e et vous ne devez pas utiliser d&rsquo;accessoires tels que des chapeaux, des ch\u00e2les, des \u00e9charpes sans l&rsquo;approbation du m\u00e9decin.<\/li><li>Apr\u00e8s la greffe de cheveux en saphir, vous ne devez pas appliquer de pression manuelle sur la zone transplant\u00e9e.<\/li><li>Jusqu&rsquo;\u00e0 ce que votre m\u00e9decin vous approuve, vous ne devez pas vous raser ni appliquer de traitement thermique tel qu&rsquo;un s\u00e8che-cheveux.<\/li><\/ol><h2><strong>Soins des cheveux apr\u00e8s la greffe de cheveux saphir<\/strong><\/h2><p>Apr\u00e8s l&rsquo;op\u00e9ration de greffe de cheveux en saphir, le premier lavage est g\u00e9n\u00e9ralement effectu\u00e9 par le m\u00e9decin. \u00c0 l&rsquo;\u00e9tape suivante, lorsque le temps d\u00e9termin\u00e9 par l&rsquo;espace expire, le lavage peut \u00eatre effectu\u00e9 avec un shampooing sp\u00e9cial prescrit par le sp\u00e9cialiste. Apr\u00e8s la greffe de cheveux en saphir, aucun autre produit ne doit \u00eatre utilis\u00e9 autre que les m\u00e9dicaments et les cr\u00e8mes recommand\u00e9s par votre m\u00e9decin. Apr\u00e8s la greffe de cheveux en saphir, la m\u00e9thode de rasage sans ciseaux n&rsquo;est pas recommand\u00e9e. Selon le taux de r\u00e9cup\u00e9ration de la personne, vous pouvez vous raser sur recommandation du m\u00e9decin. N&rsquo;utilisez aucun produit de soins capillaires sur vos cheveux pendant la phase de r\u00e9cup\u00e9ration et n&rsquo;ayez aucune proc\u00e9dure qui sera expos\u00e9e \u00e0 la chaleur.<\/p><h2><strong>Qui peut avoir une greffe de cheveux en saphir ?<\/strong><\/h2><p>Les personnes aptes \u00e0 la greffe de cheveux en saphir ne sont d\u00e9termin\u00e9es qu&rsquo;apr\u00e8s un examen approfondi. Outre la sant\u00e9 de vos cheveux et de vos follicules pileux, votre \u00e9tat de sant\u00e9 g\u00e9n\u00e9ral devrait \u00e9galement \u00eatre favorable. Vous devez avoir plus de 18 ans pour appliquer la greffe de cheveux en saphir.<\/p>\t\t\t\t\t\t\t\t<\/div>\n\t\t\t\t<\/div>\n\t\t\t\t\t<\/div>\n\t\t<\/div>\n\t\t\t\t\t<\/div>\n\t\t<\/section>\n\t\t\t\t<\/div>\n\t\t","protected":false},"excerpt":{"rendered":"<p>Greffe de Cheveux Saphir Aujourd&rsquo;hui, parall\u00e8lement aux d\u00e9veloppements technologiques, il y a eu des d\u00e9veloppements dans les techniques de greffe de cheveux, dont l&rsquo;une est la m\u00e9thode de greffe de cheveux Sapphire. Depuis 2001, cette m\u00e9thode a \u00e9t\u00e9 fr\u00e9quemment appliqu\u00e9e \u00e0 travers le monde. La technique de greffe de cheveux en saphir est connue sous [&hellip;]<\/p>\n","protected":false},"author":1,"featured_media":0,"parent":0,"menu_order":0,"comment_status":"closed","ping_status":"closed","template":"","meta":{"footnotes":""},"class_list":["post-1262","page","type-page","status-publish","hentry"],"_links":{"self":[{"href":"https:\/\/serpilasamhairclinic.com\/fr\/wp-json\/wp\/v2\/pages\/1262","targetHints":{"allow":["GET"]}}],"collection":[{"href":"https:\/\/serpilasamhairclinic.com\/fr\/wp-json\/wp\/v2\/pages"}],"about":[{"href":"https:\/\/serpilasamhairclinic.com\/fr\/wp-json\/wp\/v2\/types\/page"}],"author":[{"embeddable":true,"href":"https:\/\/serpilasamhairclinic.com\/fr\/wp-json\/wp\/v2\/users\/1"}],"replies":[{"embeddable":true,"href":"https:\/\/serpilasamhairclinic.com\/fr\/wp-json\/wp\/v2\/comments?post=1262"}],"version-history":[{"count":0,"href":"https:\/\/serpilasamhairclinic.com\/fr\/wp-json\/wp\/v2\/pages\/1262\/revisions"}],"wp:attachment":[{"href":"https:\/\/serpilasamhairclinic.com\/fr\/wp-json\/wp\/v2\/media?parent=1262"}],"curies":[{"name":"wp","href":"https:\/\/api.w.org\/{rel}","templated":true}]}}