{"id":1246,"date":"2022-03-17T10:07:43","date_gmt":"2022-03-17T10:07:43","guid":{"rendered":"https:\/\/serpilasamhairclinic.com\/traitement-prp\/"},"modified":"2022-03-17T10:23:33","modified_gmt":"2022-03-17T10:23:33","slug":"traitement-prp","status":"publish","type":"page","link":"https:\/\/serpilasamhairclinic.com\/fr\/traitement-prp\/","title":{"rendered":"Traitement PRP"},"content":{"rendered":"\t\t<div data-elementor-type=\"wp-page\" data-elementor-id=\"1246\" class=\"elementor elementor-1246\" data-elementor-post-type=\"page\">\n\t\t\t\t\t\t<section class=\"elementor-section elementor-top-section elementor-element elementor-element-2c1131e elementor-section-boxed elementor-section-height-default elementor-section-height-default\" data-id=\"2c1131e\" data-element_type=\"section\" data-e-type=\"section\" data-settings=\"{&quot;background_background&quot;:&quot;classic&quot;}\">\n\t\t\t\t\t\t<div class=\"elementor-container elementor-column-gap-default\">\n\t\t\t\t\t<div class=\"elementor-column elementor-col-100 elementor-top-column elementor-element elementor-element-b7c6070\" data-id=\"b7c6070\" data-element_type=\"column\" data-e-type=\"column\">\n\t\t\t<div class=\"elementor-widget-wrap elementor-element-populated\">\n\t\t\t\t\t\t<div class=\"elementor-element elementor-element-6d48f61 elementor-widget elementor-widget-heading\" data-id=\"6d48f61\" data-element_type=\"widget\" data-e-type=\"widget\" data-widget_type=\"heading.default\">\n\t\t\t\t<div class=\"elementor-widget-container\">\n\t\t\t\t\t<h1 class=\"elementor-heading-title elementor-size-default\">Traitement PRP<\/h1>\t\t\t\t<\/div>\n\t\t\t\t<\/div>\n\t\t\t\t\t<\/div>\n\t\t<\/div>\n\t\t\t\t\t<\/div>\n\t\t<\/section>\n\t\t\t\t<section class=\"elementor-section elementor-top-section elementor-element elementor-element-af4e8b8 elementor-section-boxed elementor-section-height-default elementor-section-height-default\" data-id=\"af4e8b8\" data-element_type=\"section\" data-e-type=\"section\">\n\t\t\t\t\t\t<div class=\"elementor-container elementor-column-gap-default\">\n\t\t\t\t\t<div class=\"elementor-column elementor-col-50 elementor-top-column elementor-element elementor-element-cc94c6d\" data-id=\"cc94c6d\" data-element_type=\"column\" data-e-type=\"column\">\n\t\t\t<div class=\"elementor-widget-wrap elementor-element-populated\">\n\t\t\t\t\t\t<div class=\"elementor-element elementor-element-7ff20f8 elementor-widget elementor-widget-image\" data-id=\"7ff20f8\" data-element_type=\"widget\" data-e-type=\"widget\" data-widget_type=\"image.default\">\n\t\t\t\t<div class=\"elementor-widget-container\">\n\t\t\t\t\t\t\t\t\t\t\t\t\t\t\t<img fetchpriority=\"high\" decoding=\"async\" width=\"800\" height=\"480\" src=\"https:\/\/serpilasamhairclinic.com\/wp-content\/uploads\/2022\/02\/hair-transplant-sa-2-1024x615.jpg\" class=\"attachment-large size-large wp-image-588\" alt=\"\" srcset=\"https:\/\/serpilasamhairclinic.com\/wp-content\/uploads\/2022\/02\/hair-transplant-sa-2-1024x615.jpg 1024w, https:\/\/serpilasamhairclinic.com\/wp-content\/uploads\/2022\/02\/hair-transplant-sa-2-300x180.jpg 300w, https:\/\/serpilasamhairclinic.com\/wp-content\/uploads\/2022\/02\/hair-transplant-sa-2-768x461.jpg 768w, https:\/\/serpilasamhairclinic.com\/wp-content\/uploads\/2022\/02\/hair-transplant-sa-2-1536x922.jpg 1536w, https:\/\/serpilasamhairclinic.com\/wp-content\/uploads\/2022\/02\/hair-transplant-sa-2.jpg 1800w\" sizes=\"(max-width: 800px) 100vw, 800px\" title=\"\">\t\t\t\t\t\t\t\t\t\t\t\t\t\t\t<\/div>\n\t\t\t\t<\/div>\n\t\t\t\t\t<\/div>\n\t\t<\/div>\n\t\t\t\t<div class=\"elementor-column elementor-col-50 elementor-top-column elementor-element elementor-element-5a7d9ee\" data-id=\"5a7d9ee\" data-element_type=\"column\" data-e-type=\"column\">\n\t\t\t<div class=\"elementor-widget-wrap elementor-element-populated\">\n\t\t\t\t\t\t<div class=\"elementor-element elementor-element-ea7f270 elementor-widget elementor-widget-image\" data-id=\"ea7f270\" data-element_type=\"widget\" data-e-type=\"widget\" data-widget_type=\"image.default\">\n\t\t\t\t<div class=\"elementor-widget-container\">\n\t\t\t\t\t\t\t\t\t\t\t\t\t\t\t<img decoding=\"async\" width=\"800\" height=\"480\" src=\"https:\/\/serpilasamhairclinic.com\/wp-content\/uploads\/2022\/02\/hair-transplant-sa-1024x615.jpg\" class=\"attachment-large size-large wp-image-576\" alt=\"\" srcset=\"https:\/\/serpilasamhairclinic.com\/wp-content\/uploads\/2022\/02\/hair-transplant-sa-1024x615.jpg 1024w, https:\/\/serpilasamhairclinic.com\/wp-content\/uploads\/2022\/02\/hair-transplant-sa-300x180.jpg 300w, https:\/\/serpilasamhairclinic.com\/wp-content\/uploads\/2022\/02\/hair-transplant-sa-768x461.jpg 768w, https:\/\/serpilasamhairclinic.com\/wp-content\/uploads\/2022\/02\/hair-transplant-sa-1536x922.jpg 1536w, https:\/\/serpilasamhairclinic.com\/wp-content\/uploads\/2022\/02\/hair-transplant-sa.jpg 1800w\" sizes=\"(max-width: 800px) 100vw, 800px\" title=\"\">\t\t\t\t\t\t\t\t\t\t\t\t\t\t\t<\/div>\n\t\t\t\t<\/div>\n\t\t\t\t\t<\/div>\n\t\t<\/div>\n\t\t\t\t\t<\/div>\n\t\t<\/section>\n\t\t\t\t<section class=\"elementor-section elementor-top-section elementor-element elementor-element-632af8c elementor-section-boxed elementor-section-height-default elementor-section-height-default\" data-id=\"632af8c\" data-element_type=\"section\" data-e-type=\"section\" id=\"estetik\" data-settings=\"{&quot;background_background&quot;:&quot;classic&quot;}\">\n\t\t\t\t\t\t<div class=\"elementor-container elementor-column-gap-default\">\n\t\t\t\t\t<div class=\"elementor-column elementor-col-100 elementor-top-column elementor-element elementor-element-45c92d73\" data-id=\"45c92d73\" data-element_type=\"column\" data-e-type=\"column\">\n\t\t\t<div class=\"elementor-widget-wrap elementor-element-populated\">\n\t\t\t\t\t\t<div class=\"elementor-element elementor-element-74b40ae elementor-widget elementor-widget-text-editor\" data-id=\"74b40ae\" data-element_type=\"widget\" data-e-type=\"widget\" data-widget_type=\"text-editor.default\">\n\t\t\t\t<div class=\"elementor-widget-container\">\n\t\t\t\t\t\t\t\t\t<p>PRP&nbsp;; Il s&rsquo;agit d&rsquo;une forme de traitement par injection d&rsquo;une substance obtenue \u00e0 partir du propre sang de la personne. La substance inject\u00e9e est du plasma enrichi en plaquettes. Le plasma est un composant du sang qui aide le sang \u00e0 coaguler et contient des cellules sp\u00e9ciales appel\u00e9es plaquettes ou d&rsquo;autres facteurs et prot\u00e9ines. Ces plasmas contiennent \u00e9galement des prot\u00e9ines qui favorisent la croissance cellulaire. En s\u00e9parant et en concentrant le plasma du sang, on obtient la prp, un plasma plus riche en cellules plaquettaires. Ainsi, il est inject\u00e9 dans les tissus endommag\u00e9s et assure la prolif\u00e9ration des cellules saines.<\/p><h2><strong>Comment est le traitement Prp?<\/strong><\/h2><p>Le traitement Prp commence par le pr\u00e9l\u00e8vement du sang du patient et sa collecte dans un tube. Ensuite, le sang est pr\u00e9lev\u00e9 dans un tube contenant du gel. Le sang collect\u00e9 est s\u00e9par\u00e9 en 5 \u00e0 8 minutes par la m\u00e9thode de centrifugation. La partie plasmatique du sang riche en plaquettes et en facteurs de croissance est s\u00e9par\u00e9e. Le sang obtenu est appliqu\u00e9 sur la zone d\u00e9termin\u00e9e \u00e0 l&rsquo;aide d&rsquo;une injection.<\/p><p><strong>Domaines de traitement Prp<\/strong><\/p><ul><li>Pour redonner \u00e9lasticit\u00e9 et brillance \u00e0 la peau<\/li><li>Pr\u00e9venir la chute des cheveux, renforcer les cheveux<\/li><li>Pr\u00e9venir les rides et les d\u00e9pressions<\/li><li>Reconstruire la peau dans les plaies, les fissures et les l\u00e9sions cutan\u00e9es<\/li><li>Pour assurer la gu\u00e9rison des br\u00fblures sur la peau apr\u00e8s des proc\u00e9dures telles que le laser.<\/li><li>Il est utilis\u00e9 dans des domaines tels que le visage, les mains et les bras, l&rsquo;int\u00e9rieur des jambes, le cou en esth\u00e9tique m\u00e9dicale.<\/li><\/ul><h2><strong>Traitement des cheveux avec Prp<\/strong><\/h2><p>Il est normal de perdre 100 \u00e0 150 cheveux au quotidien. Cependant, une augmentation de ce nombre indique que vous devez prendre des pr\u00e9cautions. Apr\u00e8s ce point, le prp est l&rsquo;une des premi\u00e8res m\u00e9thodes que vous rencontrerez. Dans le processus o\u00f9 les cheveux commencent \u00e0 tomber fr\u00e9quemment, vous pouvez choisir le traitement prp pour la fixation des follicules pileux et une croissance plus saine apr\u00e8s l&rsquo;op\u00e9ration de greffe de cheveux.<\/p><p>Pour que le prp soit appliqu\u00e9 contre la chute des cheveux, une moyenne de 10 cc de sang est pr\u00e9lev\u00e9e sur le patient. Ce sang pr\u00e9lev\u00e9 est s\u00e9par\u00e9 en deux parties sous forme de sang blanc et de sang rouge en subissant un processus sp\u00e9cial. Il y a un facteur de croissance plaquettaire dans la partie rouge. Apr\u00e8s qu&rsquo;un traitement sp\u00e9cial a \u00e9t\u00e9 appliqu\u00e9 au sang rouge, il est inject\u00e9 dans la partie avec excr\u00e9tion ou dilution avec la m\u00e9thode nap aj. La base de cette application est la nutrition des cheveux et la r\u00e9g\u00e9n\u00e9ration des tissus. Le patient ne ressent aucune douleur pendant la proc\u00e9dure.<\/p><h2><strong>Quand la Prp devrait-elle \u00eatre apr\u00e8s la greffe de cheveux&nbsp;?<\/strong><\/h2><p>Le PRP est une m\u00e9thode de traitement utilis\u00e9e dans le monde entier depuis de nombreuses ann\u00e9es, et elle a commenc\u00e9 \u00e0 \u00eatre davantage pr\u00e9f\u00e9r\u00e9e ces derni\u00e8res ann\u00e9es. La croissance des cheveux est soutenue par cette m\u00e9thode de traitement. Par cons\u00e9quent, le traitement PRP apr\u00e8s la greffe de cheveux peut \u00eatre recommand\u00e9 \u00e0 certaines personnes. Le PRP est une bonne option pour augmenter le succ\u00e8s de la greffe de cheveux.<\/p><p>Avec le PRP, des facteurs de croissance et des plaquettes apparaissent sur le cuir chevelu. Cela affecte positivement l&rsquo;ensemble du processus de gu\u00e9rison. Cependant, pour que le traitement PRP r\u00e9ussisse, il est extr\u00eamement important de le faire au bon moment. Le traitement PRP peut \u00eatre effectu\u00e9 10 jours apr\u00e8s une proc\u00e9dure de greffe de cheveux sans probl\u00e8me. D&rsquo;autres s\u00e9ances doivent \u00eatre programm\u00e9es apr\u00e8s 1 mois, 3 mois et 6 mois. En g\u00e9n\u00e9ral, un total de 4 s\u00e9ances de traitement suffira.<\/p><p> Dans le m\u00eame temps, le nombre de processus et de sessions peut varier d&rsquo;une personne \u00e0 l&rsquo;autre. Dans de tels cas, le traitement prp peut \u00eatre effectu\u00e9 3 \u00e0 4 mois apr\u00e8s la chirurgie. Le nombre de s\u00e9ances peut varier selon l&rsquo;\u00e9tat de la personne.<\/p><h2><strong>Combien de temps dure le traitement capillaire avec Prp ?<\/strong><\/h2><p>Le traitement capillaire avec la Prp se fait en s\u00e9ances qui se font en moyenne tous les 15 jours. Le nombre de s\u00e9ances peut varier en fonction des besoins de la personne et de la d\u00e9cision du m\u00e9decin sp\u00e9cialiste. Le processus prend en moyenne 30 minutes. Ce processus peut prendre 3-4 mois ou plus selon les besoins de la personne. Une fois les s\u00e9ances de traitement prp termin\u00e9es, un traitement prp est recommand\u00e9 une fois par an.<\/p><h2><strong>Quels sont les avantages du traitement Prp?<\/strong><\/h2><ul><li>\u00c9tant donn\u00e9 que le plasma sp\u00e9cial est obtenu \u00e0 partir du propre sang de la personne, il n&rsquo;y a aucun risque d&rsquo;allergie.<\/li><li>Gr\u00e2ce \u00e0 l&rsquo;injection utilis\u00e9e dans le traitement Prp, il n&rsquo;y a pas de cicatrice apr\u00e8s la proc\u00e9dure.<\/li><li>Aucune douleur n&rsquo;est ressentie pendant le traitement.<\/li><li>Il aide les plaies \u00e0 gu\u00e9rir plus rapidement, surtout apr\u00e8s l&rsquo;op\u00e9ration de greffe de cheveux.<\/li><li>Favorise la croissance saine des cheveux apr\u00e8s l&rsquo;op\u00e9ration de greffe de cheveux.<\/li><li>Prot\u00e8ge les cheveux contre les \u00e9claboussures,<\/li><li>Augmente la vitalit\u00e9 du follicule pileux,<\/li><li>R\u00e9pare la texture des cheveux et favorise la croissance des cheveux,<\/li><li>Revitalise les follicules pileux dormants.<\/li><\/ul><h2><strong>Que devrait-il se passer apr\u00e8s l&rsquo;application du PRP&nbsp;?<\/strong><\/h2><ul><li>Apr\u00e8s l&rsquo;application du PRP, il convient d&rsquo;appliquer de la glace et d&rsquo;utiliser des analg\u00e9siques pour les douleurs tr\u00e8s l\u00e9g\u00e8res.<\/li><li>Des exercices d&rsquo;\u00e9tirement simples peuvent \u00eatre effectu\u00e9s, mais les exercices de r\u00e9sistance au poids doivent \u00eatre \u00e9vit\u00e9s. Le d\u00e9lai de reprise du sport peut varier entre 3 et 6 semaines.<\/li><li>\u00c9tant donn\u00e9 que le traitement PRP est appliqu\u00e9 sur la zone de la t\u00eate apr\u00e8s la greffe de cheveux, il est n\u00e9cessaire de ne pas appliquer de pression sur la zone it.<\/li><li>Il serait opportun de demander \u00e0 votre m\u00e9decin quels m\u00e9dicaments vous pouvez utiliser apr\u00e8s l&rsquo;application du PRP et votre retour au sport.<\/li><\/ul>\t\t\t\t\t\t\t\t<\/div>\n\t\t\t\t<\/div>\n\t\t\t\t\t<\/div>\n\t\t<\/div>\n\t\t\t\t\t<\/div>\n\t\t<\/section>\n\t\t\t\t<\/div>\n\t\t","protected":false},"excerpt":{"rendered":"<p>Traitement PRP PRP&nbsp;; Il s&rsquo;agit d&rsquo;une forme de traitement par injection d&rsquo;une substance obtenue \u00e0 partir du propre sang de la personne. La substance inject\u00e9e est du plasma enrichi en plaquettes. Le plasma est un composant du sang qui aide le sang \u00e0 coaguler et contient des cellules sp\u00e9ciales appel\u00e9es plaquettes ou d&rsquo;autres facteurs et [&hellip;]<\/p>\n","protected":false},"author":1,"featured_media":0,"parent":0,"menu_order":0,"comment_status":"closed","ping_status":"closed","template":"","meta":{"footnotes":""},"class_list":["post-1246","page","type-page","status-publish","hentry"],"_links":{"self":[{"href":"https:\/\/serpilasamhairclinic.com\/fr\/wp-json\/wp\/v2\/pages\/1246","targetHints":{"allow":["GET"]}}],"collection":[{"href":"https:\/\/serpilasamhairclinic.com\/fr\/wp-json\/wp\/v2\/pages"}],"about":[{"href":"https:\/\/serpilasamhairclinic.com\/fr\/wp-json\/wp\/v2\/types\/page"}],"author":[{"embeddable":true,"href":"https:\/\/serpilasamhairclinic.com\/fr\/wp-json\/wp\/v2\/users\/1"}],"replies":[{"embeddable":true,"href":"https:\/\/serpilasamhairclinic.com\/fr\/wp-json\/wp\/v2\/comments?post=1246"}],"version-history":[{"count":0,"href":"https:\/\/serpilasamhairclinic.com\/fr\/wp-json\/wp\/v2\/pages\/1246\/revisions"}],"wp:attachment":[{"href":"https:\/\/serpilasamhairclinic.com\/fr\/wp-json\/wp\/v2\/media?parent=1246"}],"curies":[{"name":"wp","href":"https:\/\/api.w.org\/{rel}","templated":true}]}}