{"id":1230,"date":"2022-03-17T10:02:55","date_gmt":"2022-03-17T10:02:55","guid":{"rendered":"https:\/\/serpilasamhairclinic.com\/greffe-de-cheveux-pendant-le-sommeil\/"},"modified":"2022-03-17T10:22:08","modified_gmt":"2022-03-17T10:22:08","slug":"greffe-de-cheveux-pendant-le-sommeil","status":"publish","type":"page","link":"https:\/\/serpilasamhairclinic.com\/fr\/greffe-de-cheveux-pendant-le-sommeil\/","title":{"rendered":"Greffe de cheveux pendant le sommeil"},"content":{"rendered":"\t\t<div data-elementor-type=\"wp-page\" data-elementor-id=\"1230\" class=\"elementor elementor-1230 elementor-1135\" data-elementor-post-type=\"page\">\n\t\t\t\t\t\t<section class=\"elementor-section elementor-top-section elementor-element elementor-element-2c1131e elementor-section-boxed elementor-section-height-default elementor-section-height-default\" data-id=\"2c1131e\" data-element_type=\"section\" data-e-type=\"section\" data-settings=\"{&quot;background_background&quot;:&quot;classic&quot;}\">\n\t\t\t\t\t\t<div class=\"elementor-container elementor-column-gap-default\">\n\t\t\t\t\t<div class=\"elementor-column elementor-col-100 elementor-top-column elementor-element elementor-element-b7c6070\" data-id=\"b7c6070\" data-element_type=\"column\" data-e-type=\"column\">\n\t\t\t<div class=\"elementor-widget-wrap elementor-element-populated\">\n\t\t\t\t\t\t<div class=\"elementor-element elementor-element-6d48f61 elementor-widget elementor-widget-heading\" data-id=\"6d48f61\" data-element_type=\"widget\" data-e-type=\"widget\" data-widget_type=\"heading.default\">\n\t\t\t\t<div class=\"elementor-widget-container\">\n\t\t\t\t\t<h1 class=\"elementor-heading-title elementor-size-default\">Greffe de cheveux pendant le sommeil<\/h1>\t\t\t\t<\/div>\n\t\t\t\t<\/div>\n\t\t\t\t\t<\/div>\n\t\t<\/div>\n\t\t\t\t\t<\/div>\n\t\t<\/section>\n\t\t\t\t<section class=\"elementor-section elementor-top-section elementor-element elementor-element-af4e8b8 elementor-section-boxed elementor-section-height-default elementor-section-height-default\" data-id=\"af4e8b8\" data-element_type=\"section\" data-e-type=\"section\">\n\t\t\t\t\t\t<div class=\"elementor-container elementor-column-gap-default\">\n\t\t\t\t\t<div class=\"elementor-column elementor-col-50 elementor-top-column elementor-element elementor-element-cc94c6d\" data-id=\"cc94c6d\" data-element_type=\"column\" data-e-type=\"column\">\n\t\t\t<div class=\"elementor-widget-wrap elementor-element-populated\">\n\t\t\t\t\t\t<div class=\"elementor-element elementor-element-7ff20f8 elementor-widget elementor-widget-image\" data-id=\"7ff20f8\" data-element_type=\"widget\" data-e-type=\"widget\" data-widget_type=\"image.default\">\n\t\t\t\t<div class=\"elementor-widget-container\">\n\t\t\t\t\t\t\t\t\t\t\t\t\t\t\t<img fetchpriority=\"high\" decoding=\"async\" width=\"800\" height=\"480\" src=\"https:\/\/serpilasamhairclinic.com\/wp-content\/uploads\/2022\/02\/hair-transplant-sa-1-1024x615.jpg\" class=\"attachment-large size-large wp-image-582\" alt=\"\" srcset=\"https:\/\/serpilasamhairclinic.com\/wp-content\/uploads\/2022\/02\/hair-transplant-sa-1-1024x615.jpg 1024w, https:\/\/serpilasamhairclinic.com\/wp-content\/uploads\/2022\/02\/hair-transplant-sa-1-300x180.jpg 300w, https:\/\/serpilasamhairclinic.com\/wp-content\/uploads\/2022\/02\/hair-transplant-sa-1-768x461.jpg 768w, https:\/\/serpilasamhairclinic.com\/wp-content\/uploads\/2022\/02\/hair-transplant-sa-1-1536x922.jpg 1536w, https:\/\/serpilasamhairclinic.com\/wp-content\/uploads\/2022\/02\/hair-transplant-sa-1.jpg 1800w\" sizes=\"(max-width: 800px) 100vw, 800px\" title=\"\">\t\t\t\t\t\t\t\t\t\t\t\t\t\t\t<\/div>\n\t\t\t\t<\/div>\n\t\t\t\t\t<\/div>\n\t\t<\/div>\n\t\t\t\t<div class=\"elementor-column elementor-col-50 elementor-top-column elementor-element elementor-element-5a7d9ee\" data-id=\"5a7d9ee\" data-element_type=\"column\" data-e-type=\"column\">\n\t\t\t<div class=\"elementor-widget-wrap elementor-element-populated\">\n\t\t\t\t\t\t<div class=\"elementor-element elementor-element-ea7f270 elementor-widget elementor-widget-image\" data-id=\"ea7f270\" data-element_type=\"widget\" data-e-type=\"widget\" data-widget_type=\"image.default\">\n\t\t\t\t<div class=\"elementor-widget-container\">\n\t\t\t\t\t\t\t\t\t\t\t\t\t\t\t<img decoding=\"async\" width=\"800\" height=\"480\" src=\"https:\/\/serpilasamhairclinic.com\/wp-content\/uploads\/2022\/02\/hair-transplant-sa-1024x615.jpg\" class=\"attachment-large size-large wp-image-576\" alt=\"\" srcset=\"https:\/\/serpilasamhairclinic.com\/wp-content\/uploads\/2022\/02\/hair-transplant-sa-1024x615.jpg 1024w, https:\/\/serpilasamhairclinic.com\/wp-content\/uploads\/2022\/02\/hair-transplant-sa-300x180.jpg 300w, https:\/\/serpilasamhairclinic.com\/wp-content\/uploads\/2022\/02\/hair-transplant-sa-768x461.jpg 768w, https:\/\/serpilasamhairclinic.com\/wp-content\/uploads\/2022\/02\/hair-transplant-sa-1536x922.jpg 1536w, https:\/\/serpilasamhairclinic.com\/wp-content\/uploads\/2022\/02\/hair-transplant-sa.jpg 1800w\" sizes=\"(max-width: 800px) 100vw, 800px\" title=\"\">\t\t\t\t\t\t\t\t\t\t\t\t\t\t\t<\/div>\n\t\t\t\t<\/div>\n\t\t\t\t\t<\/div>\n\t\t<\/div>\n\t\t\t\t\t<\/div>\n\t\t<\/section>\n\t\t\t\t<section class=\"elementor-section elementor-top-section elementor-element elementor-element-632af8c elementor-section-boxed elementor-section-height-default elementor-section-height-default\" data-id=\"632af8c\" data-element_type=\"section\" data-e-type=\"section\" id=\"estetik\" data-settings=\"{&quot;background_background&quot;:&quot;classic&quot;}\">\n\t\t\t\t\t\t<div class=\"elementor-container elementor-column-gap-default\">\n\t\t\t\t\t<div class=\"elementor-column elementor-col-100 elementor-top-column elementor-element elementor-element-45c92d73\" data-id=\"45c92d73\" data-element_type=\"column\" data-e-type=\"column\">\n\t\t\t<div class=\"elementor-widget-wrap elementor-element-populated\">\n\t\t\t\t\t\t<div class=\"elementor-element elementor-element-74b40ae elementor-widget elementor-widget-text-editor\" data-id=\"74b40ae\" data-element_type=\"widget\" data-e-type=\"widget\" data-widget_type=\"text-editor.default\">\n\t\t\t\t<div class=\"elementor-widget-container\">\n\t\t\t\t\t\t\t\t\t<h2><strong>Dormir apr\u00e8s la greffe de cheveux<\/strong><\/h2><p>La m\u00e9thode de greffe de cheveux offre une solution permanente aux personnes souffrant de perte de cheveux. Il y a beaucoup de points d&rsquo;interrogation dans l&rsquo;esprit des gens pour avoir une greffe de cheveux. L&rsquo;un d&rsquo;eux est la position de sommeil apr\u00e8s l&rsquo;op\u00e9ration de greffe de cheveux. La premi\u00e8re \u00e9tape apr\u00e8s l&rsquo;op\u00e9ration de greffe de cheveux est le processus de gu\u00e9rison et la p\u00e9riode <strong>de 10 jours<\/strong> est importante \u00e0 ce stade. Pendant cette p\u00e9riode, la zone transplant\u00e9e doit \u00eatre soigneusement prot\u00e9g\u00e9e de tout impact, impact et pression. Cela oblige les gens \u00e0 faire attention, en particulier pendant la phase de sommeil lorsque nous agissons inconsciemment. Comme cela est particuli\u00e8rement important pour que les follicules pileux adh\u00e8rent aux canaux pendant la p\u00e9riode de <strong>10 jours<\/strong> , nous devons faire attention \u00e0 notre position <strong>pendant le sommeil<\/strong> .<\/p><h2><strong>Premi\u00e8re position de sommeil nocturne apr\u00e8s la greffe de cheveux<\/strong><\/h2><p>La premi\u00e8re nuit apr\u00e8s la greffe de cheveux est tr\u00e8s importante en termes de maintien des graines du follicule pileux sem\u00e9. Pour cette raison, nous devons faire attention \u00e0 notre position de sommeil la <strong>premi\u00e8re nuit<\/strong> . La complication la plus courante apr\u00e8s une greffe de cheveux est l&rsquo;\u0153d\u00e8me et l&rsquo;enflure. Si possible, il est n\u00e9cessaire de s&rsquo;allonger \u00e0 un angle de 45 degr\u00e9s, car s&rsquo;allonger compl\u00e8tement apr\u00e8s l&rsquo;op\u00e9ration de greffe de cheveux provoquera un \u0153d\u00e8me et un gonflement. Mettre deux oreillers sur votre dos la <strong>premi\u00e8re nuit apr\u00e8s<\/strong> la greffe de cheveux vous aidera \u00e0 atteindre un angle de 45 degr\u00e9s.<\/p><h3><strong>1 semaine de position de sommeil apr\u00e8s la greffe de cheveux<\/strong><\/h3><p>Apr\u00e8s la greffe de cheveux, si l&rsquo;op\u00e9ration a \u00e9t\u00e9 appliqu\u00e9e sur votre t\u00eate, en particulier la nuque du donneur, il est n\u00e9cessaire de ne pas exercer de pression sur le document en termes de sant\u00e9. Il est important que vous pr\u00eatiez attention \u00e0 cela afin d&rsquo;obtenir le r\u00e9sultat souhait\u00e9 dans les \u00e9tapes futures, sinon, si la zone de greffe de cheveux est endommag\u00e9e, la croissance des cheveux attendue peut ne pas se produire. Si la greffe de cheveux a \u00e9t\u00e9 effectu\u00e9e uniquement sur la zone avant, apr\u00e8s la premi\u00e8re semaine, vous pouvez vous allonger sur le dos. Cependant, il est recommand\u00e9 de s&rsquo;allonger \u00e0 un angle de 45 degr\u00e9s pendant cette p\u00e9riode, si possible. Si la greffe de cheveux est effectu\u00e9e sur la couronne, en tenant compte de toutes les possibilit\u00e9s, un angle de 45 degr\u00e9s peut \u00eatre atteint et un oreiller de voyage peut \u00eatre utilis\u00e9 pour dormir. Pendant cette p\u00e9riode d&rsquo;une semaine, vous devez vous allonger \u00e0 un angle de 45 degr\u00e9s sans appliquer de pression sur la zone de greffe de cheveux.<\/p><h2><strong>Allong\u00e9 sur le c\u00f4t\u00e9 apr\u00e8s la greffe de cheveux&nbsp;?<\/strong><\/h2><p>Il n&rsquo;est pas recommand\u00e9 de s&rsquo;allonger sur le c\u00f4t\u00e9 apr\u00e8s la greffe de cheveux car cela provoquerait un gonflement de la t\u00eate et du visage. Cependant, une fois les 10 premiers jours \u00e9coul\u00e9s, vous pouvez vous allonger sur le c\u00f4t\u00e9 avec l&rsquo;approbation du m\u00e9decin. Dans la greffe de cheveux, si la zone donneuse est la nuque, vous pouvez vous allonger sur le c\u00f4t\u00e9 avec un oreiller sur\u00e9lev\u00e9.<\/p><h3><strong>Utilisation d&rsquo;oreillers et de lits m\u00e9dicaux apr\u00e8s une greffe de cheveux<\/strong><\/h3><p>Apr\u00e8s l&rsquo;op\u00e9ration de greffe de cheveux, il y a des difficult\u00e9s car le rythme de sommeil et la forme des personnes sont perturb\u00e9s. Dans ce processus, l&rsquo;utilisation d&rsquo;oreillers et de matelas m\u00e9dicaux est recommand\u00e9e. La raison en est la douleur dans la t\u00eate, le cou et le dos due au changement de position de sommeil, et l&rsquo;oreiller m\u00e9dical et le matelas utilis\u00e9s r\u00e9duisent ces douleurs au minimum.<\/p><h2><strong>Quelles sont les pr\u00e9cautions \u00e0 prendre avant de dormir apr\u00e8s une greffe de cheveux ?<\/strong><\/h2><ol><li>Un plan de sommeil correct et fond\u00e9 sur des principes doit \u00eatre \u00e9tabli; car bien que la greffe de cheveux ne soit pas un processus douloureux avec une anesth\u00e9sie locale, puisque le processus de r\u00e9cup\u00e9ration prend du temps, votre corps peut perdre de la r\u00e9sistance et votre processus de gu\u00e9rison peut \u00eatre prolong\u00e9 si vous ne pouvez pas dormir efficacement.<\/li><li>Faites attention \u00e0 l&rsquo;hygi\u00e8ne de l&rsquo;endroit o\u00f9 vous dormez; Apr\u00e8s l&rsquo;op\u00e9ration de greffe de cheveux, les canaux ouverts, m\u00eame s&rsquo;ils sont tr\u00e8s petits, se pr\u00e9sentent sous la forme de plaies ouvertes et il est important que cette zone ne s&rsquo;infecte pas.<\/li><li>Un chiffon ou une serviette propre doit \u00eatre utilis\u00e9 sur les oreillers; Apr\u00e8s l&rsquo;op\u00e9ration de greffe de cheveux, il peut y avoir des saignements ou des \u00e9coulements des plaies dans les zones transplant\u00e9es. Pour \u00e9viter cela, vous pouvez poser une serviette ou un chiffon sur vos oreillers.<\/li><li>Le contact de la zone de greffe de cheveux avec l&rsquo;oreiller doit \u00eatre \u00e9vit\u00e9 ; La pression qui se produira lors de ce contact peut emp\u00eacher les graines du follicule pileux d&rsquo;adh\u00e9rer \u00e0 la zone de greffe de cheveux.<\/li><\/ol><h2><strong>Quand pouvez-vous dormir normalement apr\u00e8s une greffe de cheveux&nbsp;?<\/strong><\/h2><p>\u00catre capable de dormir normalement apr\u00e8s l&rsquo;op\u00e9ration de greffe de cheveux d\u00e9pend en grande partie de la fonction de cicatrisation des plaies de votre corps, cette dur\u00e9e peut donc varier d&rsquo;une personne \u00e0 l&rsquo;autre. Dans ce processus, si vous tenez compte des recommandations de votre m\u00e9decin et faites les soins n\u00e9cessaires, ce d\u00e9lai sera raccourci.<\/p><p>Les 10 premiers jours apr\u00e8s l&rsquo;op\u00e9ration de greffe de cheveux sont la p\u00e9riode la plus importante du processus. M\u00eame si vous rencontrez des difficult\u00e9s dans ce processus de 10 jours, il est pr\u00e9f\u00e9rable d&rsquo;\u00e9couter les conseils de votre m\u00e9decin et de vous allonger sur le dos avec un angle de 45 degr\u00e9s.<\/p><p>Si vous suivez compl\u00e8tement les recommandations du m\u00e9decin et que vous vous allongez avec l&rsquo;angle recommand\u00e9 de 45 degr\u00e9s sur une p\u00e9riode de 10 jours, si vous avez le taux de r\u00e9cup\u00e9ration n\u00e9cessaire sous le contr\u00f4le du sp\u00e9cialiste, vous pouvez passer \u00e0 votre position de sommeil habituelle avec l&rsquo;approbation de votre m\u00e9decin. Que cette p\u00e9riode soit raccourcie ou prolong\u00e9e est entre vos mains.<\/p>\t\t\t\t\t\t\t\t<\/div>\n\t\t\t\t<\/div>\n\t\t\t\t\t<\/div>\n\t\t<\/div>\n\t\t\t\t\t<\/div>\n\t\t<\/section>\n\t\t\t\t<\/div>\n\t\t","protected":false},"excerpt":{"rendered":"<p>Greffe de cheveux pendant le sommeil Dormir apr\u00e8s la greffe de cheveux La m\u00e9thode de greffe de cheveux offre une solution permanente aux personnes souffrant de perte de cheveux. Il y a beaucoup de points d&rsquo;interrogation dans l&rsquo;esprit des gens pour avoir une greffe de cheveux. L&rsquo;un d&rsquo;eux est la position de sommeil apr\u00e8s l&rsquo;op\u00e9ration [&hellip;]<\/p>\n","protected":false},"author":1,"featured_media":0,"parent":0,"menu_order":0,"comment_status":"closed","ping_status":"closed","template":"","meta":{"footnotes":""},"class_list":["post-1230","page","type-page","status-publish","hentry"],"_links":{"self":[{"href":"https:\/\/serpilasamhairclinic.com\/fr\/wp-json\/wp\/v2\/pages\/1230","targetHints":{"allow":["GET"]}}],"collection":[{"href":"https:\/\/serpilasamhairclinic.com\/fr\/wp-json\/wp\/v2\/pages"}],"about":[{"href":"https:\/\/serpilasamhairclinic.com\/fr\/wp-json\/wp\/v2\/types\/page"}],"author":[{"embeddable":true,"href":"https:\/\/serpilasamhairclinic.com\/fr\/wp-json\/wp\/v2\/users\/1"}],"replies":[{"embeddable":true,"href":"https:\/\/serpilasamhairclinic.com\/fr\/wp-json\/wp\/v2\/comments?post=1230"}],"version-history":[{"count":0,"href":"https:\/\/serpilasamhairclinic.com\/fr\/wp-json\/wp\/v2\/pages\/1230\/revisions"}],"wp:attachment":[{"href":"https:\/\/serpilasamhairclinic.com\/fr\/wp-json\/wp\/v2\/media?parent=1230"}],"curies":[{"name":"wp","href":"https:\/\/api.w.org\/{rel}","templated":true}]}}