{"id":1214,"date":"2022-03-17T10:01:22","date_gmt":"2022-03-17T10:01:22","guid":{"rendered":"https:\/\/serpilasamhairclinic.com\/greffe-de-cheveux-fue\/"},"modified":"2022-03-17T10:20:40","modified_gmt":"2022-03-17T10:20:40","slug":"greffe-de-cheveux-fue","status":"publish","type":"page","link":"https:\/\/serpilasamhairclinic.com\/fr\/greffe-de-cheveux-fue\/","title":{"rendered":"Greffe de cheveux FUE"},"content":{"rendered":"\t\t<div data-elementor-type=\"wp-page\" data-elementor-id=\"1214\" class=\"elementor elementor-1214 elementor-1130\" data-elementor-post-type=\"page\">\n\t\t\t\t\t\t<section class=\"elementor-section elementor-top-section elementor-element elementor-element-2c1131e elementor-section-boxed elementor-section-height-default elementor-section-height-default\" data-id=\"2c1131e\" data-element_type=\"section\" data-e-type=\"section\" data-settings=\"{&quot;background_background&quot;:&quot;classic&quot;}\">\n\t\t\t\t\t\t<div class=\"elementor-container elementor-column-gap-default\">\n\t\t\t\t\t<div class=\"elementor-column elementor-col-100 elementor-top-column elementor-element elementor-element-b7c6070\" data-id=\"b7c6070\" data-element_type=\"column\" data-e-type=\"column\">\n\t\t\t<div class=\"elementor-widget-wrap elementor-element-populated\">\n\t\t\t\t\t\t<div class=\"elementor-element elementor-element-6d48f61 elementor-widget elementor-widget-heading\" data-id=\"6d48f61\" data-element_type=\"widget\" data-e-type=\"widget\" data-widget_type=\"heading.default\">\n\t\t\t\t<div class=\"elementor-widget-container\">\n\t\t\t\t\t<h1 class=\"elementor-heading-title elementor-size-default\">Greffe de cheveux FUE<\/h1>\t\t\t\t<\/div>\n\t\t\t\t<\/div>\n\t\t\t\t\t<\/div>\n\t\t<\/div>\n\t\t\t\t\t<\/div>\n\t\t<\/section>\n\t\t\t\t<section class=\"elementor-section elementor-top-section elementor-element elementor-element-af4e8b8 elementor-section-boxed elementor-section-height-default elementor-section-height-default\" data-id=\"af4e8b8\" data-element_type=\"section\" data-e-type=\"section\">\n\t\t\t\t\t\t<div class=\"elementor-container elementor-column-gap-default\">\n\t\t\t\t\t<div class=\"elementor-column elementor-col-50 elementor-top-column elementor-element elementor-element-cc94c6d\" data-id=\"cc94c6d\" data-element_type=\"column\" data-e-type=\"column\">\n\t\t\t<div class=\"elementor-widget-wrap elementor-element-populated\">\n\t\t\t\t\t\t<div class=\"elementor-element elementor-element-7ff20f8 elementor-widget elementor-widget-image\" data-id=\"7ff20f8\" data-element_type=\"widget\" data-e-type=\"widget\" data-widget_type=\"image.default\">\n\t\t\t\t<div class=\"elementor-widget-container\">\n\t\t\t\t\t\t\t\t\t\t\t\t\t\t\t<img fetchpriority=\"high\" decoding=\"async\" width=\"800\" height=\"480\" src=\"https:\/\/serpilasamhairclinic.com\/wp-content\/uploads\/2022\/02\/hair-transplant-sa-1-1024x615.jpg\" class=\"attachment-large size-large wp-image-582\" alt=\"\" srcset=\"https:\/\/serpilasamhairclinic.com\/wp-content\/uploads\/2022\/02\/hair-transplant-sa-1-1024x615.jpg 1024w, https:\/\/serpilasamhairclinic.com\/wp-content\/uploads\/2022\/02\/hair-transplant-sa-1-300x180.jpg 300w, https:\/\/serpilasamhairclinic.com\/wp-content\/uploads\/2022\/02\/hair-transplant-sa-1-768x461.jpg 768w, https:\/\/serpilasamhairclinic.com\/wp-content\/uploads\/2022\/02\/hair-transplant-sa-1-1536x922.jpg 1536w, https:\/\/serpilasamhairclinic.com\/wp-content\/uploads\/2022\/02\/hair-transplant-sa-1.jpg 1800w\" sizes=\"(max-width: 800px) 100vw, 800px\" title=\"\">\t\t\t\t\t\t\t\t\t\t\t\t\t\t\t<\/div>\n\t\t\t\t<\/div>\n\t\t\t\t\t<\/div>\n\t\t<\/div>\n\t\t\t\t<div class=\"elementor-column elementor-col-50 elementor-top-column elementor-element elementor-element-5a7d9ee\" data-id=\"5a7d9ee\" data-element_type=\"column\" data-e-type=\"column\">\n\t\t\t<div class=\"elementor-widget-wrap elementor-element-populated\">\n\t\t\t\t\t\t<div class=\"elementor-element elementor-element-ea7f270 elementor-widget elementor-widget-image\" data-id=\"ea7f270\" data-element_type=\"widget\" data-e-type=\"widget\" data-widget_type=\"image.default\">\n\t\t\t\t<div class=\"elementor-widget-container\">\n\t\t\t\t\t\t\t\t\t\t\t\t\t\t\t<img decoding=\"async\" width=\"800\" height=\"480\" src=\"https:\/\/serpilasamhairclinic.com\/wp-content\/uploads\/2022\/02\/hair-transplant-sa-1024x615.jpg\" class=\"attachment-large size-large wp-image-576\" alt=\"\" srcset=\"https:\/\/serpilasamhairclinic.com\/wp-content\/uploads\/2022\/02\/hair-transplant-sa-1024x615.jpg 1024w, https:\/\/serpilasamhairclinic.com\/wp-content\/uploads\/2022\/02\/hair-transplant-sa-300x180.jpg 300w, https:\/\/serpilasamhairclinic.com\/wp-content\/uploads\/2022\/02\/hair-transplant-sa-768x461.jpg 768w, https:\/\/serpilasamhairclinic.com\/wp-content\/uploads\/2022\/02\/hair-transplant-sa-1536x922.jpg 1536w, https:\/\/serpilasamhairclinic.com\/wp-content\/uploads\/2022\/02\/hair-transplant-sa.jpg 1800w\" sizes=\"(max-width: 800px) 100vw, 800px\" title=\"\">\t\t\t\t\t\t\t\t\t\t\t\t\t\t\t<\/div>\n\t\t\t\t<\/div>\n\t\t\t\t\t<\/div>\n\t\t<\/div>\n\t\t\t\t\t<\/div>\n\t\t<\/section>\n\t\t\t\t<section class=\"elementor-section elementor-top-section elementor-element elementor-element-632af8c elementor-section-boxed elementor-section-height-default elementor-section-height-default\" data-id=\"632af8c\" data-element_type=\"section\" data-e-type=\"section\" id=\"estetik\" data-settings=\"{&quot;background_background&quot;:&quot;classic&quot;}\">\n\t\t\t\t\t\t<div class=\"elementor-container elementor-column-gap-default\">\n\t\t\t\t\t<div class=\"elementor-column elementor-col-100 elementor-top-column elementor-element elementor-element-45c92d73\" data-id=\"45c92d73\" data-element_type=\"column\" data-e-type=\"column\">\n\t\t\t<div class=\"elementor-widget-wrap elementor-element-populated\">\n\t\t\t\t\t\t<div class=\"elementor-element elementor-element-74b40ae elementor-widget elementor-widget-text-editor\" data-id=\"74b40ae\" data-element_type=\"widget\" data-e-type=\"widget\" data-widget_type=\"text-editor.default\">\n\t\t\t\t<div class=\"elementor-widget-container\">\n\t\t\t\t\t\t\t\t\t<h2><strong>Extraction d&rsquo;unit\u00e9s folliculaires (FUE)<\/strong><\/h2><p>La greffe de cheveux Fue est une m\u00e9thode la plus couramment utilis\u00e9e pour la solution permanente des probl\u00e8mes de perte de cheveux et de perte de cheveux (calvitie) dans le monde entier. C&rsquo;est une m\u00e9thode pr\u00e9f\u00e9r\u00e9e des femmes comme des hommes pour obtenir des cheveux naturels de mani\u00e8re confortable et permanente sans douleur. La technique de <strong>greffe de cheveux Fue<\/strong> est r\u00e9alis\u00e9e en collectant des graines de follicules pileux sains (greffes) de la zone poilue sur la t\u00eate et en les pla\u00e7ant dans la zone chauve o\u00f9 il y a amincissement ou perte compl\u00e8te.<\/p><p>Il est appliqu\u00e9 en toute s\u00e9curit\u00e9 dans le monde entier depuis 2004. La technique de greffe de cheveux Fue est r\u00e9alis\u00e9e avec la greffe de cheveux Sapphire <strong>Fue, la greffe de cheveux<\/strong> Unshaven Fue, la greffe de cheveux partiellement ras\u00e9e Fue et les m\u00e9thodes de greffe de cheveux sous s\u00e9dation en fonction de la demande et des besoins du patient. Ind\u00e9pendamment de la femme ou de l&rsquo;homme, nos cheveux sont notre accessoire le plus important, donc la technique de greffe de cheveux fue offre une solution permanente et naturelle.<\/p><h2><strong>Avant la greffe de cheveux Fue<\/strong><\/h2><p>Les personnes qui d\u00e9cident d&rsquo;avoir <strong>la m\u00e9thode de greffe de cheveux Fue<\/strong> effectuent d&rsquo;abord le premier examen avec une personne exp\u00e9riment\u00e9e et experte. \u00c0 ce stade, la structure des cheveux, les degr\u00e9s de clairsem\u00e9 ou de calvitie, les proportions de la t\u00eate et du visage sont minutieusement examin\u00e9s par le m\u00e9decin, qui n&rsquo;a pas de condition m\u00e9dicale emp\u00eachant l&rsquo;op\u00e9ration. Ensuite, la ligne de greffe de cheveux est d\u00e9termin\u00e9e en effectuant des mesures millim\u00e9triques de la zone \u00e0 greffer. Cette \u00e9tape est tr\u00e8s importante en termes d&rsquo;aspect visuel qui se produira apr\u00e8s la greffe de cheveux et doit \u00eatre trait\u00e9e avec soin. Ensuite, les examens n\u00e9cessaires sont effectu\u00e9s et le bon moment pour la greffe de cheveux fue est d\u00e9termin\u00e9.<\/p><h2><strong>Quelles sont les \u00e9tapes de la greffe de cheveux FUE ?<\/strong><\/h2><ol><li><strong>Collect\u0131ng Hair Root Seeds<\/strong><\/li><\/ol><p>Apr\u00e8s le premier examen et la phase de pr\u00e9paration, les zones o\u00f9 la greffe de cheveux FUE sera appliqu\u00e9e sont d\u00e9sinfect\u00e9es et anesth\u00e9si\u00e9es avec une anesth\u00e9sie locale pour assurer une op\u00e9ration sans douleur. Cette zone est g\u00e9n\u00e9ralement la zone de la nuque car les poils de la zone de la nuque sont plus r\u00e9sistants \u00e0 la chute. Des graines de follicule pileux saines et appropri\u00e9es de la zone donneuse d\u00e9termin\u00e9e commencent \u00e0 \u00eatre collect\u00e9es au moyen de micromoteurs \u00e0 pointe tr\u00e8s fine. Il est tr\u00e8s important de prendre ces graines de follicule pileux tr\u00e8s soigneusement afin d&rsquo;\u00eatre permanentes dans la prochaine \u00e9tape de l&rsquo;op\u00e9ration, de sorte que les graines de follicule pileux collect\u00e9es devraient \u00eatre les plus saines. A ce stade, chaque follicule pileux contient en moyenne 2,7 cheveux. Selon l&rsquo;ad\u00e9quation de la zone donneuse, une moyenne de 2000 \u00e0 2500 graines de follicule pileux peut \u00eatre pr\u00e9lev\u00e9e en une seule s\u00e9ance. Les graines de racines de cheveux saines collect\u00e9es sont soigneusement conserv\u00e9es dans une solution sp\u00e9ciale.<\/p><ol start=\"2\"><li><strong>Placer les graines de racine de cheveux dans les canaux<\/strong><\/li><\/ol><p>Les canaux doivent \u00eatre ouverts pour placer les graines du follicule pileux collect\u00e9es pour la greffe de cheveux FUE. A ce stade, le m\u00e9decin sp\u00e9cialiste ouvre soigneusement le nombre d\u00e9termin\u00e9 de canaux avec de tr\u00e8s fines fentes \u00e0 pointe d&rsquo;acier en forme de crayon dans la zone o\u00f9 les cheveux seront transplant\u00e9s. Les graines de follicule pileux collect\u00e9es lors de la greffe de cheveux FUE sont soigneusement plac\u00e9es dans les canaux ouverts un par un. \u00c0 ce stade, il convient de pr\u00eater attention aux directions de sortie des autres poils dans la zone o\u00f9 les racines seront plac\u00e9es. Les proc\u00e9dures de greffe de cheveux Fue sont termin\u00e9es dans les 6 \u00e0 9 heures le m\u00eame jour.<\/p><h2><strong>Apr\u00e8s la greffe de cheveux Fue<\/strong><\/h2><p>Apr\u00e8s la greffe de cheveux Fue, un l\u00e9ger gonflement et une rougeur apparaissent dans la r\u00e9gion, mais ceux-ci passeront avec le temps. Apr\u00e8s la greffe de cheveux FUE, des cro\u00fbtes en forme d&rsquo;aiguilles appara\u00eetront en une semaine et, avec le temps, elles gu\u00e9riront et tomberont sous forme de pellicules. Pendant le processus de gu\u00e9rison, une l\u00e9g\u00e8re douleur et des courbatures peuvent \u00eatre ressenties pendant un certain temps, cela est normal et s&rsquo;am\u00e9liore avec le temps. Apr\u00e8s l&rsquo;op\u00e9ration, il y aura une certaine perte. Apr\u00e8s le 3\u00e8me mois, les cheveux recommenceront \u00e0 pousser. Apr\u00e8s le 6\u00e8me mois, vous aurez une meilleure apparence visuelle. Le r\u00e9sultat net sera visible apr\u00e8s 12 ou 18 mois.<\/p><h2><strong>Quels sont les avantages de la greffe de cheveux Fue ?<\/strong><\/h2><p>Les avantages de la greffe de cheveux Fue sont nombreux, si nous les \u00e9num\u00e9rons un par un ;<\/p><ul><li>Comme il n&rsquo;y a pas de suture pendant l&rsquo;op\u00e9ration, il n&rsquo;y a aucun risque de cicatrisation par la suite.<\/li><li>Il n&rsquo;y a pas de douleur pendant la proc\u00e9dure et la phase de r\u00e9cup\u00e9ration est plus courte que les autres m\u00e9thodes.<\/li><li>Apr\u00e8s l&rsquo;op\u00e9ration, \u00e0 partir du 6\u00e8me mois, les cheveux commencent \u00e0 bien para\u00eetre visuellement.<\/li><li>Une solution permanente est obtenue dans les 12 \u00e0 18 mois apr\u00e8s l&rsquo;op\u00e9ration.<\/li><li>La greffe de cheveux Fue est une solution permanente \u00e0 la perte de cheveux et \u00e0 la calvitie, d&rsquo;autant plus qu&rsquo;elle est fabriqu\u00e9e \u00e0 partir de graines de follicules pileux sains dans la r\u00e9gion de la nuque.<\/li><\/ul>\t\t\t\t\t\t\t\t<\/div>\n\t\t\t\t<\/div>\n\t\t\t\t\t<\/div>\n\t\t<\/div>\n\t\t\t\t\t<\/div>\n\t\t<\/section>\n\t\t\t\t<\/div>\n\t\t","protected":false},"excerpt":{"rendered":"<p>Greffe de cheveux FUE Extraction d&rsquo;unit\u00e9s folliculaires (FUE) La greffe de cheveux Fue est une m\u00e9thode la plus couramment utilis\u00e9e pour la solution permanente des probl\u00e8mes de perte de cheveux et de perte de cheveux (calvitie) dans le monde entier. C&rsquo;est une m\u00e9thode pr\u00e9f\u00e9r\u00e9e des femmes comme des hommes pour obtenir des cheveux naturels de [&hellip;]<\/p>\n","protected":false},"author":1,"featured_media":0,"parent":0,"menu_order":0,"comment_status":"closed","ping_status":"closed","template":"","meta":{"footnotes":""},"class_list":["post-1214","page","type-page","status-publish","hentry"],"_links":{"self":[{"href":"https:\/\/serpilasamhairclinic.com\/fr\/wp-json\/wp\/v2\/pages\/1214","targetHints":{"allow":["GET"]}}],"collection":[{"href":"https:\/\/serpilasamhairclinic.com\/fr\/wp-json\/wp\/v2\/pages"}],"about":[{"href":"https:\/\/serpilasamhairclinic.com\/fr\/wp-json\/wp\/v2\/types\/page"}],"author":[{"embeddable":true,"href":"https:\/\/serpilasamhairclinic.com\/fr\/wp-json\/wp\/v2\/users\/1"}],"replies":[{"embeddable":true,"href":"https:\/\/serpilasamhairclinic.com\/fr\/wp-json\/wp\/v2\/comments?post=1214"}],"version-history":[{"count":0,"href":"https:\/\/serpilasamhairclinic.com\/fr\/wp-json\/wp\/v2\/pages\/1214\/revisions"}],"wp:attachment":[{"href":"https:\/\/serpilasamhairclinic.com\/fr\/wp-json\/wp\/v2\/media?parent=1214"}],"curies":[{"name":"wp","href":"https:\/\/api.w.org\/{rel}","templated":true}]}}