{"id":1196,"date":"2022-03-17T10:05:13","date_gmt":"2022-03-17T10:05:13","guid":{"rendered":"https:\/\/serpilasamhairclinic.com\/greffe-de-sourcils\/"},"modified":"2022-03-17T10:19:08","modified_gmt":"2022-03-17T10:19:08","slug":"greffe-de-sourcils","status":"publish","type":"page","link":"https:\/\/serpilasamhairclinic.com\/fr\/greffe-de-sourcils\/","title":{"rendered":"Greffe de sourcils"},"content":{"rendered":"\t\t<div data-elementor-type=\"wp-page\" data-elementor-id=\"1196\" class=\"elementor elementor-1196 elementor-1140\" data-elementor-post-type=\"page\">\n\t\t\t\t\t\t<section class=\"elementor-section elementor-top-section elementor-element elementor-element-2c1131e elementor-section-boxed elementor-section-height-default elementor-section-height-default\" data-id=\"2c1131e\" data-element_type=\"section\" data-e-type=\"section\" data-settings=\"{&quot;background_background&quot;:&quot;classic&quot;}\">\n\t\t\t\t\t\t<div class=\"elementor-container elementor-column-gap-default\">\n\t\t\t\t\t<div class=\"elementor-column elementor-col-100 elementor-top-column elementor-element elementor-element-b7c6070\" data-id=\"b7c6070\" data-element_type=\"column\" data-e-type=\"column\">\n\t\t\t<div class=\"elementor-widget-wrap elementor-element-populated\">\n\t\t\t\t\t\t<div class=\"elementor-element elementor-element-6d48f61 elementor-widget elementor-widget-heading\" data-id=\"6d48f61\" data-element_type=\"widget\" data-e-type=\"widget\" data-widget_type=\"heading.default\">\n\t\t\t\t<div class=\"elementor-widget-container\">\n\t\t\t\t\t<h1 class=\"elementor-heading-title elementor-size-default\">Greffe de sourcils<\/h1>\t\t\t\t<\/div>\n\t\t\t\t<\/div>\n\t\t\t\t\t<\/div>\n\t\t<\/div>\n\t\t\t\t\t<\/div>\n\t\t<\/section>\n\t\t\t\t<section class=\"elementor-section elementor-top-section elementor-element elementor-element-af4e8b8 elementor-section-boxed elementor-section-height-default elementor-section-height-default\" data-id=\"af4e8b8\" data-element_type=\"section\" data-e-type=\"section\">\n\t\t\t\t\t\t<div class=\"elementor-container elementor-column-gap-default\">\n\t\t\t\t\t<div class=\"elementor-column elementor-col-50 elementor-top-column elementor-element elementor-element-cc94c6d\" data-id=\"cc94c6d\" data-element_type=\"column\" data-e-type=\"column\">\n\t\t\t<div class=\"elementor-widget-wrap\">\n\t\t\t\t\t\t\t<\/div>\n\t\t<\/div>\n\t\t\t\t<div class=\"elementor-column elementor-col-50 elementor-top-column elementor-element elementor-element-5a7d9ee\" data-id=\"5a7d9ee\" data-element_type=\"column\" data-e-type=\"column\">\n\t\t\t<div class=\"elementor-widget-wrap\">\n\t\t\t\t\t\t\t<\/div>\n\t\t<\/div>\n\t\t\t\t\t<\/div>\n\t\t<\/section>\n\t\t\t\t<section class=\"elementor-section elementor-top-section elementor-element elementor-element-632af8c elementor-section-boxed elementor-section-height-default elementor-section-height-default\" data-id=\"632af8c\" data-element_type=\"section\" data-e-type=\"section\" id=\"estetik\" data-settings=\"{&quot;background_background&quot;:&quot;classic&quot;}\">\n\t\t\t\t\t\t<div class=\"elementor-container elementor-column-gap-default\">\n\t\t\t\t\t<div class=\"elementor-column elementor-col-100 elementor-top-column elementor-element elementor-element-45c92d73\" data-id=\"45c92d73\" data-element_type=\"column\" data-e-type=\"column\">\n\t\t\t<div class=\"elementor-widget-wrap elementor-element-populated\">\n\t\t\t\t\t\t<div class=\"elementor-element elementor-element-74b40ae elementor-widget elementor-widget-text-editor\" data-id=\"74b40ae\" data-element_type=\"widget\" data-e-type=\"widget\" data-widget_type=\"text-editor.default\">\n\t\t\t\t<div class=\"elementor-widget-container\">\n\t\t\t\t\t\t\t\t\t<p>Les sourcils jouent un r\u00f4le important dans l&rsquo;expression du visage en entourant les yeux. Une perte d&rsquo;expression peut survenir \u00e0 la suite d&rsquo;un amincissement ou d&rsquo;une chute des sourcils. Il existe une solution \u00e0 ces pertes et amincissements, qui rendent les femmes malheureuses en termes d&rsquo;esth\u00e9tique, avec la greffe de sourcils. Le nombre de personnes qui subissent une <strong>greffe de sourcils<\/strong> augmente de jour en jour. \u00c0 l&rsquo;exception de la perte de sourcils, notamment pour des raisons de sant\u00e9, ceux qui souhaitent avoir une apparence esth\u00e9tique plus compl\u00e8te, plus claire et plus naturelle ont une greffe de sourcils. Outre les pr\u00e9occupations esth\u00e9tiques, la greffe de sourcils est la m\u00e9thode la plus naturelle et la plus permanente pour les blessures subies dans la zone des sourcils, les br\u00fblures et les cicatrices permanentes.<\/p><h2><strong>Qu&rsquo;est-ce que la greffe de sourcils ?<\/strong><\/h2><p>La greffe de sourcils est le processus consistant \u00e0 placer les graines de follicules pileux pr\u00e9lev\u00e9es sur les propres <strong>follicules pileux<\/strong> de la personne en cas d&rsquo;amincissement ou de perte de cheveux r\u00e9gionale des sourcils dans la zone des sourcils chez les femmes ou les hommes, avec des incisions tr\u00e8s minimes.<\/p><h2><strong>Avant la greffe de sourcils<\/strong><\/h2><p>Apr\u00e8s avoir d\u00e9cid\u00e9 de subir une greffe de sourcils, un examen minutieux doit \u00eatre effectu\u00e9 par un m\u00e9decin sp\u00e9cialiste et exp\u00e9riment\u00e9. Ce processus est tr\u00e8s important \u00e0 la fois pour la personne qui souhaite subir une greffe de sourcils et pour le sp\u00e9cialiste. Apr\u00e8s l&rsquo;examen et les analyses n\u00e9cessaires, les souhaits de la personne qui d\u00e9cide de subir une <strong>greffe de sourcils<\/strong> et ses attentes vis-\u00e0-vis de l&rsquo;op\u00e9ration doivent \u00eatre entendus par le sp\u00e9cialiste et une d\u00e9cision claire doit \u00eatre prise. Dans ce processus, le nombre d&rsquo;or est pris en fonction du type de visage de la personne \u00e0 transplanter, et les mesures n\u00e9cessaires sont effectu\u00e9es, et la forme finale est dessin\u00e9e visuellement et une id\u00e9e de ce qu&rsquo;elle sera apr\u00e8s l&rsquo;op\u00e9ration.<\/p><h2><strong>Apr\u00e8s l&rsquo;op\u00e9ration de greffe de sourcils&nbsp;?<\/strong><\/h2><ul><li>\u00c9tant donn\u00e9 que l&rsquo;op\u00e9ration des sourcils est une proc\u00e9dure beaucoup plus courte que les autres m\u00e9thodes de transplantation, il s&rsquo;agit d&rsquo;un processus relativement facile par la suite. La proc\u00e9dure prend en moyenne 1 \u00e0 2 heures, bien que le processus de r\u00e9cup\u00e9ration apr\u00e8s la proc\u00e9dure varie d&rsquo;une personne \u00e0 l&rsquo;autre, il prend en moyenne 7 jours. Au cours de cette p\u00e9riode de 7 jours, des cro\u00fbtes se forment dans la zone des sourcils transplant\u00e9s. Cette apparence de cro\u00fbte se r\u00e9pand progressivement dans ce processus et la personne peut facilement retourner \u00e0 la vie sociale et professionnelle. Apr\u00e8s l&rsquo;op\u00e9ration, vous devez vous reposer pendant la p\u00e9riode d\u00e9termin\u00e9e par votre m\u00e9decin. Apr\u00e8s l&rsquo;op\u00e9ration de <strong>greffe de sourcils<\/strong> , vous devez appliquer compl\u00e8tement la prescription et vous ne devez appliquer aucune pression sur la zone de greffe de sourcils.<\/li><li>Dans ce processus, lorsque les sourcils commencent \u00e0 pousser, peigner doucement dans la direction de votre sourcil fixera la direction des sourcils et sera visuellement bon. De plus, les sourcils transplant\u00e9s poussent plus vite que les autres sourcils car ce sont des graines de racines de cheveux, ils doivent donc \u00eatre raccourcis tous les 15 jours ou selon la fr\u00e9quence de croissance.<\/li><li>Les activit\u00e9s telles que nager dans la mer et bronzer sont strictement interdites pendant 15 jours apr\u00e8s l&rsquo;op\u00e9ration de greffe de sourcils.<\/li><li>Apr\u00e8s la greffe de sourcils, il faut attendre 10 \u00e0 15 jours pour se rendre dans des lieux comme le hammam et le sauna.<\/li><li>Dans ce processus, aucune substance autre que les m\u00e9dicaments recommand\u00e9s par votre m\u00e9decin ne doit \u00eatre appliqu\u00e9e sur les sourcils et le maquillage ne doit pas \u00eatre appliqu\u00e9 sur cette zone.<\/li><li>Il peut y avoir une perte de sourcils pendant un certain temps apr\u00e8s l&rsquo;op\u00e9ration de greffe de sourcils, c&rsquo;est normal, ne soyez pas nerveux.<\/li><li>Les sourcils transplant\u00e9s recommenceront \u00e0 pousser apr\u00e8s 3 mois. \u00c0 la fin d&rsquo;un processus de 7 \u00e0 8 mois, vous pouvez voir le r\u00e9sultat net. Cependant, ce processus peut prendre jusqu&rsquo;\u00e0 1 an. Pass\u00e9 ce d\u00e9lai, vous aurez des sourcils naturels et permanents.<\/li><\/ul><h2><strong>Quelles sont les \u00e9tapes de la greffe de sourcils&nbsp;?<\/strong><\/h2><p>Apr\u00e8s avoir d\u00e9cid\u00e9 de l&rsquo;op\u00e9ration de greffe de sourcils, les \u00e9tapes de la <strong>greffe de sourcils<\/strong> des personnes qui ne constituent pas un obstacle \u00e0 l&rsquo;op\u00e9ration&nbsp;;<\/p><ul><li>Un examen et une analyse pour savoir s&rsquo;il convient \u00e0 la greffe de sourcils.<\/li><li>D\u00e9cider de la forme des sourcils et effectuer les mesures n\u00e9cessaires et dessiner la forme finale de la forme des sourcils en prenant le nombre d&rsquo;or.<\/li><li>La zone donneuse et les sourcils sont anesth\u00e9si\u00e9s avec une anesth\u00e9sie locale.<\/li><li>Selon la zone n\u00e9cessaire, le nombre de graines de follicule pileux d\u00e9termin\u00e9 au pr\u00e9alable est pr\u00e9lev\u00e9 sur la zone.<\/li><li>Les graines de follicule pileux retir\u00e9es sont plac\u00e9es dans les coupes en faisant des incisions minimales dans les zones d\u00e9termin\u00e9es sur le sourcil.<\/li><li>\u00c9tant donn\u00e9 que les sourcils sont une r\u00e9gion clairement visible dans la zone du visage, \u00e0 l&rsquo;\u00e9tape suivante, de tr\u00e8s petites incisions doivent \u00eatre pratiqu\u00e9es par des experts afin que les personnes qui subissent une greffe de sourcils ne rencontrent pas de probl\u00e8mes esth\u00e9tiques.<\/li><li>Le processus prend entre 1 ou 2 heures selon les personnes et la m\u00e9thode appliqu\u00e9e. Le patient n&rsquo;a pas besoin de rester \u00e0 l&rsquo;h\u00f4pital apr\u00e8s l&rsquo;op\u00e9ration. Il est lib\u00e9r\u00e9 le m\u00eame jour.<\/li><\/ul>\t\t\t\t\t\t\t\t<\/div>\n\t\t\t\t<\/div>\n\t\t\t\t\t<\/div>\n\t\t<\/div>\n\t\t\t\t\t<\/div>\n\t\t<\/section>\n\t\t\t\t<\/div>\n\t\t","protected":false},"excerpt":{"rendered":"<p>Greffe de sourcils Les sourcils jouent un r\u00f4le important dans l&rsquo;expression du visage en entourant les yeux. Une perte d&rsquo;expression peut survenir \u00e0 la suite d&rsquo;un amincissement ou d&rsquo;une chute des sourcils. Il existe une solution \u00e0 ces pertes et amincissements, qui rendent les femmes malheureuses en termes d&rsquo;esth\u00e9tique, avec la greffe de sourcils. Le [&hellip;]<\/p>\n","protected":false},"author":1,"featured_media":0,"parent":0,"menu_order":0,"comment_status":"closed","ping_status":"closed","template":"","meta":{"footnotes":""},"class_list":["post-1196","page","type-page","status-publish","hentry"],"_links":{"self":[{"href":"https:\/\/serpilasamhairclinic.com\/fr\/wp-json\/wp\/v2\/pages\/1196","targetHints":{"allow":["GET"]}}],"collection":[{"href":"https:\/\/serpilasamhairclinic.com\/fr\/wp-json\/wp\/v2\/pages"}],"about":[{"href":"https:\/\/serpilasamhairclinic.com\/fr\/wp-json\/wp\/v2\/types\/page"}],"author":[{"embeddable":true,"href":"https:\/\/serpilasamhairclinic.com\/fr\/wp-json\/wp\/v2\/users\/1"}],"replies":[{"embeddable":true,"href":"https:\/\/serpilasamhairclinic.com\/fr\/wp-json\/wp\/v2\/comments?post=1196"}],"version-history":[{"count":0,"href":"https:\/\/serpilasamhairclinic.com\/fr\/wp-json\/wp\/v2\/pages\/1196\/revisions"}],"wp:attachment":[{"href":"https:\/\/serpilasamhairclinic.com\/fr\/wp-json\/wp\/v2\/media?parent=1196"}],"curies":[{"name":"wp","href":"https:\/\/api.w.org\/{rel}","templated":true}]}}