{"id":1180,"date":"2022-03-17T10:09:25","date_gmt":"2022-03-17T10:09:25","guid":{"rendered":"https:\/\/serpilasamhairclinic.com\/greffe-de-barbe-et-de-moustache\/"},"modified":"2022-03-17T10:17:35","modified_gmt":"2022-03-17T10:17:35","slug":"greffe-de-barbe-et-de-moustache","status":"publish","type":"page","link":"https:\/\/serpilasamhairclinic.com\/fr\/greffe-de-barbe-et-de-moustache\/","title":{"rendered":"Greffe de barbe et de moustache"},"content":{"rendered":"\t\t<div data-elementor-type=\"wp-page\" data-elementor-id=\"1180\" class=\"elementor elementor-1180 elementor-1150\" data-elementor-post-type=\"page\">\n\t\t\t\t\t\t<section class=\"elementor-section elementor-top-section elementor-element elementor-element-2c1131e elementor-section-boxed elementor-section-height-default elementor-section-height-default\" data-id=\"2c1131e\" data-element_type=\"section\" data-e-type=\"section\" data-settings=\"{&quot;background_background&quot;:&quot;classic&quot;}\">\n\t\t\t\t\t\t<div class=\"elementor-container elementor-column-gap-default\">\n\t\t\t\t\t<div class=\"elementor-column elementor-col-100 elementor-top-column elementor-element elementor-element-b7c6070\" data-id=\"b7c6070\" data-element_type=\"column\" data-e-type=\"column\">\n\t\t\t<div class=\"elementor-widget-wrap elementor-element-populated\">\n\t\t\t\t\t\t<div class=\"elementor-element elementor-element-6d48f61 elementor-widget elementor-widget-heading\" data-id=\"6d48f61\" data-element_type=\"widget\" data-e-type=\"widget\" data-widget_type=\"heading.default\">\n\t\t\t\t<div class=\"elementor-widget-container\">\n\t\t\t\t\t<h1 class=\"elementor-heading-title elementor-size-default\">Greffe de barbe et de moustache<\/h1>\t\t\t\t<\/div>\n\t\t\t\t<\/div>\n\t\t\t\t\t<\/div>\n\t\t<\/div>\n\t\t\t\t\t<\/div>\n\t\t<\/section>\n\t\t\t\t<section class=\"elementor-section elementor-top-section elementor-element elementor-element-af4e8b8 elementor-section-boxed elementor-section-height-default elementor-section-height-default\" data-id=\"af4e8b8\" data-element_type=\"section\" data-e-type=\"section\">\n\t\t\t\t\t\t<div class=\"elementor-container elementor-column-gap-default\">\n\t\t\t\t\t<div class=\"elementor-column elementor-col-50 elementor-top-column elementor-element elementor-element-cc94c6d\" data-id=\"cc94c6d\" data-element_type=\"column\" data-e-type=\"column\">\n\t\t\t<div class=\"elementor-widget-wrap elementor-element-populated\">\n\t\t\t\t\t\t<div class=\"elementor-element elementor-element-b02fa68 elementor-widget elementor-widget-image\" data-id=\"b02fa68\" data-element_type=\"widget\" data-e-type=\"widget\" data-widget_type=\"image.default\">\n\t\t\t\t<div class=\"elementor-widget-container\">\n\t\t\t\t\t\t\t\t\t\t\t\t\t\t\t<img fetchpriority=\"high\" decoding=\"async\" width=\"800\" height=\"534\" src=\"https:\/\/serpilasamhairclinic.com\/wp-content\/uploads\/2022\/02\/beard-transplant-1024x683.jpg\" class=\"attachment-large size-large wp-image-654\" alt=\"\" srcset=\"https:\/\/serpilasamhairclinic.com\/wp-content\/uploads\/2022\/02\/beard-transplant-1024x683.jpg 1024w, https:\/\/serpilasamhairclinic.com\/wp-content\/uploads\/2022\/02\/beard-transplant-300x200.jpg 300w, https:\/\/serpilasamhairclinic.com\/wp-content\/uploads\/2022\/02\/beard-transplant-768x512.jpg 768w, https:\/\/serpilasamhairclinic.com\/wp-content\/uploads\/2022\/02\/beard-transplant-1536x1024.jpg 1536w, https:\/\/serpilasamhairclinic.com\/wp-content\/uploads\/2022\/02\/beard-transplant-2048x1365.jpg 2048w\" sizes=\"(max-width: 800px) 100vw, 800px\" title=\"\">\t\t\t\t\t\t\t\t\t\t\t\t\t\t\t<\/div>\n\t\t\t\t<\/div>\n\t\t\t\t\t<\/div>\n\t\t<\/div>\n\t\t\t\t<div class=\"elementor-column elementor-col-50 elementor-top-column elementor-element elementor-element-5a7d9ee\" data-id=\"5a7d9ee\" data-element_type=\"column\" data-e-type=\"column\">\n\t\t\t<div class=\"elementor-widget-wrap\">\n\t\t\t\t\t\t\t<\/div>\n\t\t<\/div>\n\t\t\t\t\t<\/div>\n\t\t<\/section>\n\t\t\t\t<section class=\"elementor-section elementor-top-section elementor-element elementor-element-632af8c elementor-section-boxed elementor-section-height-default elementor-section-height-default\" data-id=\"632af8c\" data-element_type=\"section\" data-e-type=\"section\" id=\"estetik\" data-settings=\"{&quot;background_background&quot;:&quot;classic&quot;}\">\n\t\t\t\t\t\t<div class=\"elementor-container elementor-column-gap-default\">\n\t\t\t\t\t<div class=\"elementor-column elementor-col-100 elementor-top-column elementor-element elementor-element-45c92d73\" data-id=\"45c92d73\" data-element_type=\"column\" data-e-type=\"column\">\n\t\t\t<div class=\"elementor-widget-wrap elementor-element-populated\">\n\t\t\t\t\t\t<div class=\"elementor-element elementor-element-74b40ae elementor-widget elementor-widget-text-editor\" data-id=\"74b40ae\" data-element_type=\"widget\" data-e-type=\"widget\" data-widget_type=\"text-editor.default\">\n\t\t\t\t<div class=\"elementor-widget-container\">\n\t\t\t\t\t\t\t\t\t<p><strong>La barbe et la moustache<\/strong> jouent un r\u00f4le important dans l&rsquo;expression faciale des hommes. Les barbes et les moustaches, qui sont consid\u00e9r\u00e9es comme des accessoires pour hommes, peuvent \u00eatre amincis ou tomber pour diverses raisons. Il peut ne pas sortir du tout en raison de certains facteurs g\u00e9n\u00e9tiques. Une perte d&rsquo;expression peut survenir \u00e0 la suite d&rsquo;un amincissement ou d&rsquo;une perte de barbe et de moustache. Il existe une solution \u00e0 ces chutes et amincissements de cheveux, qui rendent les hommes m\u00e9contents sur le plan esth\u00e9tique, avec la greffe de barbe et de moustache. Le nombre de personnes qui subissent des op\u00e9rations de greffe de barbe et de moustache augmente de jour en jour. En plus de la perte de barbe et de moustache, notamment pour des raisons de sant\u00e9, ceux qui souhaitent une apparence plus compl\u00e8te et plus naturelle sur le plan esth\u00e9tique ont une <strong>greffe de barbe et de moustache<\/strong> . Outre les pr\u00e9occupations esth\u00e9tiques, la greffe de sourcils est la m\u00e9thode la plus naturelle et la plus permanente pour les blessures subies au niveau de la barbe ou de la moustache, les br\u00fblures et les cicatrices permanentes.<\/p><h2><strong>Qu&rsquo;est-ce qu&rsquo;une barbe et une moustache&nbsp;?<\/strong><\/h2><p>La greffe de barbe et de moustache est le processus consistant \u00e0 placer un amincissement ou une perte r\u00e9gionale dans la zone du visage et de la l\u00e8vre sup\u00e9rieure des hommes, le follicule pileux pr\u00e9lev\u00e9 des graines de la personne elle-m\u00eame, en ouvrant de tr\u00e8s petits canaux et en les pla\u00e7ant dans la zone de la <strong>barbe ou de la moustache<\/strong> \u00e0 planter .<\/p><h2><strong>Comment se d\u00e9roule la greffe de barbe et de moustache ?<\/strong><\/h2><p>Greffe de barbe ou de moustache, les cheveux \u00e0 l&rsquo;arri\u00e8re de la t\u00eate r\u00e9sistants \u00e0 la chute sont d\u00e9termin\u00e9s comme zone donneuse. Une autre r\u00e9gion est les pommettes et la r\u00e9gion du cou, qui peuvent \u00eatre s\u00e9lectionn\u00e9es comme r\u00e9gion donneuse dans ces r\u00e9gions, et elles ont une structure racinaire adapt\u00e9e \u00e0 la greffe de barbe et de moustache. Dans certaines m\u00e9thodes, selon la structure des cheveux et des racines dans la r\u00e9gion de la poitrine ou du dos de la personne, ils sont s\u00e9lectionn\u00e9s comme donneur dans ces r\u00e9gions. Cependant, la structure des cheveux dans ces zones n&rsquo;est pas pr\u00e9f\u00e9r\u00e9e car elle n&rsquo;est pas aussi dure et durable que les cheveux dans la zone de la barbe ou de la moustache. Des graines de follicules pileux sains dans la zone donneuse sont collect\u00e9es. Dans le processus suivant, de tr\u00e8s petits canaux sont ouverts afin qu&rsquo;il n&rsquo;y ait pas de traces qui peuvent sembler mauvaises d&rsquo;un point de vue esth\u00e9tique. La greffe de barbe et de moustache est r\u00e9alis\u00e9e en pla\u00e7ant les graines des follicules pileux dans ces canaux ouverts.<\/p><h2><strong>Quelles sont les \u00e9tapes de la greffe de barbe et de moustache ?<\/strong><\/h2><p>Apr\u00e8s avoir d\u00e9cid\u00e9 d&rsquo;une op\u00e9ration de greffe de barbe ou de moustache, les \u00e9tapes de greffe de barbe ou de moustache des personnes ne constituant pas un obstacle \u00e0 l&rsquo;op\u00e9ration ;<\/p><ul><li>Un examen et une analyse pour savoir s&rsquo;il convient \u00e0 la greffe de barbe ou de moustache.<\/li><li>La forme de la barbe ou de la moustache est d\u00e9cid\u00e9e et les mesures n\u00e9cessaires sont prises et la forme finale est dessin\u00e9e visuellement.<\/li><li>La zone donneuse et la zone de la moustache ou de la barbe \u00e0 greffer sont anesth\u00e9si\u00e9es avec une anesth\u00e9sie locale.<\/li><li>Selon la zone n\u00e9cessaire, le nombre de graines de follicule pileux d\u00e9termin\u00e9 au pr\u00e9alable est pr\u00e9lev\u00e9 sur la zone.<\/li><li>Les graines de follicule pileux retir\u00e9es sont plac\u00e9es dans les coupes en ouvrant des canaux minimaux sur les zones de la moustache ou de la barbe sans attendre.<\/li><li>\u00c9tant donn\u00e9 que la barbe et la moustache sont une r\u00e9gion clairement visible dans la zone du visage, cela devrait \u00eatre fait en cr\u00e9ant de tr\u00e8s petits canaux par des sp\u00e9cialistes afin que les personnes transplant\u00e9es ne rencontrent pas de probl\u00e8mes esth\u00e9tiques lors du processus suivant.<\/li><li>Le processus prend entre 1 et 2 heures selon les personnes, la m\u00e9thode appliqu\u00e9e et la taille de la zone. Le patient n&rsquo;a pas besoin de rester \u00e0 l&rsquo;h\u00f4pital apr\u00e8s l&rsquo;op\u00e9ration. Il est lib\u00e9r\u00e9 le m\u00eame jour.<\/li><\/ul><h2><strong>Avant la greffe de barbe et de moustache<\/strong><\/h2><p>Apr\u00e8s avoir d\u00e9cid\u00e9 de subir une greffe de barbe et de moustache, un examen minutieux doit \u00eatre effectu\u00e9 par un m\u00e9decin sp\u00e9cialiste et exp\u00e9riment\u00e9. Apr\u00e8s l&rsquo;examen et les analyses n\u00e9cessaires, les souhaits de la personne qui d\u00e9cide de se faire greffer la barbe ou la moustache et ses attentes vis-\u00e0-vis de l&rsquo;op\u00e9ration doivent \u00eatre entendus par le sp\u00e9cialiste, et une d\u00e9cision claire doit \u00eatre prise. Dans ce processus, les parties renvers\u00e9es ou amincies de la zone du visage de la personne \u00e0 transplanter sont d\u00e9termin\u00e9es et la forme finale est dessin\u00e9e et cela donne une id\u00e9e visuelle de ce qu&rsquo;elle sera apr\u00e8s l&rsquo;op\u00e9ration. Si la zone \u00e0 planter est grande, l&rsquo;apparence estim\u00e9e est d\u00e9termin\u00e9e avec des dessins et des id\u00e9es sont \u00e9chang\u00e9es.<\/p><h2><strong>Avantages de l&rsquo;op\u00e9ration de greffe de barbe et de moustache<\/strong><\/h2><p>Si vous avez suivi les instructions de votre m\u00e9decin apr\u00e8s la bonne op\u00e9ration de greffe de barbe et de moustache, vous aurez une barbe et une moustache incompr\u00e9hensibles de l&rsquo;ext\u00e9rieur.<\/p><p>Vous vous sentirez plus \u00e0 l&rsquo;aise et heureux esth\u00e9tiquement et psychologiquement. Vous aurez des barbes et des moustaches naturelles et touffues en permanence.<\/p>\t\t\t\t\t\t\t\t<\/div>\n\t\t\t\t<\/div>\n\t\t\t\t\t<\/div>\n\t\t<\/div>\n\t\t\t\t\t<\/div>\n\t\t<\/section>\n\t\t\t\t<\/div>\n\t\t","protected":false},"excerpt":{"rendered":"<p>Greffe de barbe et de moustache La barbe et la moustache jouent un r\u00f4le important dans l&rsquo;expression faciale des hommes. Les barbes et les moustaches, qui sont consid\u00e9r\u00e9es comme des accessoires pour hommes, peuvent \u00eatre amincis ou tomber pour diverses raisons. Il peut ne pas sortir du tout en raison de certains facteurs g\u00e9n\u00e9tiques. Une [&hellip;]<\/p>\n","protected":false},"author":1,"featured_media":0,"parent":0,"menu_order":0,"comment_status":"closed","ping_status":"closed","template":"","meta":{"footnotes":""},"class_list":["post-1180","page","type-page","status-publish","hentry"],"_links":{"self":[{"href":"https:\/\/serpilasamhairclinic.com\/fr\/wp-json\/wp\/v2\/pages\/1180","targetHints":{"allow":["GET"]}}],"collection":[{"href":"https:\/\/serpilasamhairclinic.com\/fr\/wp-json\/wp\/v2\/pages"}],"about":[{"href":"https:\/\/serpilasamhairclinic.com\/fr\/wp-json\/wp\/v2\/types\/page"}],"author":[{"embeddable":true,"href":"https:\/\/serpilasamhairclinic.com\/fr\/wp-json\/wp\/v2\/users\/1"}],"replies":[{"embeddable":true,"href":"https:\/\/serpilasamhairclinic.com\/fr\/wp-json\/wp\/v2\/comments?post=1180"}],"version-history":[{"count":0,"href":"https:\/\/serpilasamhairclinic.com\/fr\/wp-json\/wp\/v2\/pages\/1180\/revisions"}],"wp:attachment":[{"href":"https:\/\/serpilasamhairclinic.com\/fr\/wp-json\/wp\/v2\/media?parent=1180"}],"curies":[{"name":"wp","href":"https:\/\/api.w.org\/{rel}","templated":true}]}}