{"id":1121,"date":"2022-03-11T06:31:58","date_gmt":"2022-03-11T06:31:58","guid":{"rendered":"https:\/\/serpilasamhairclinic.com\/greffe-de-cheveux-dhi\/"},"modified":"2022-03-11T06:37:27","modified_gmt":"2022-03-11T06:37:27","slug":"greffe-de-cheveux-dhi","status":"publish","type":"page","link":"https:\/\/serpilasamhairclinic.com\/fr\/greffe-de-cheveux-dhi\/","title":{"rendered":"Greffe de cheveux DHI"},"content":{"rendered":"\t\t<div data-elementor-type=\"wp-page\" data-elementor-id=\"1121\" class=\"elementor elementor-1121 elementor-1103\" data-elementor-post-type=\"page\">\n\t\t\t\t\t\t<section class=\"elementor-section elementor-top-section elementor-element elementor-element-2c1131e elementor-section-boxed elementor-section-height-default elementor-section-height-default\" data-id=\"2c1131e\" data-element_type=\"section\" data-e-type=\"section\" data-settings=\"{&quot;background_background&quot;:&quot;classic&quot;}\">\n\t\t\t\t\t\t<div class=\"elementor-container elementor-column-gap-default\">\n\t\t\t\t\t<div class=\"elementor-column elementor-col-100 elementor-top-column elementor-element elementor-element-b7c6070\" data-id=\"b7c6070\" data-element_type=\"column\" data-e-type=\"column\">\n\t\t\t<div class=\"elementor-widget-wrap elementor-element-populated\">\n\t\t\t\t\t\t<div class=\"elementor-element elementor-element-6d48f61 elementor-widget elementor-widget-heading\" data-id=\"6d48f61\" data-element_type=\"widget\" data-e-type=\"widget\" data-widget_type=\"heading.default\">\n\t\t\t\t<div class=\"elementor-widget-container\">\n\t\t\t\t\t<h1 class=\"elementor-heading-title elementor-size-default\">Greffe de cheveux DHI<\/h1>\t\t\t\t<\/div>\n\t\t\t\t<\/div>\n\t\t\t\t\t<\/div>\n\t\t<\/div>\n\t\t\t\t\t<\/div>\n\t\t<\/section>\n\t\t\t\t<section class=\"elementor-section elementor-top-section elementor-element elementor-element-af4e8b8 elementor-section-boxed elementor-section-height-default elementor-section-height-default\" data-id=\"af4e8b8\" data-element_type=\"section\" data-e-type=\"section\">\n\t\t\t\t\t\t<div class=\"elementor-container elementor-column-gap-default\">\n\t\t\t\t\t<div class=\"elementor-column elementor-col-50 elementor-top-column elementor-element elementor-element-cc94c6d\" data-id=\"cc94c6d\" data-element_type=\"column\" data-e-type=\"column\">\n\t\t\t<div class=\"elementor-widget-wrap elementor-element-populated\">\n\t\t\t\t\t\t<div class=\"elementor-element elementor-element-7ff20f8 elementor-widget elementor-widget-image\" data-id=\"7ff20f8\" data-element_type=\"widget\" data-e-type=\"widget\" data-widget_type=\"image.default\">\n\t\t\t\t<div class=\"elementor-widget-container\">\n\t\t\t\t\t\t\t\t\t\t\t\t\t\t\t<img fetchpriority=\"high\" decoding=\"async\" width=\"800\" height=\"480\" src=\"https:\/\/serpilasamhairclinic.com\/wp-content\/uploads\/2022\/02\/hair-transplant-sa-1-1024x615.jpg\" class=\"attachment-large size-large wp-image-582\" alt=\"\" srcset=\"https:\/\/serpilasamhairclinic.com\/wp-content\/uploads\/2022\/02\/hair-transplant-sa-1-1024x615.jpg 1024w, https:\/\/serpilasamhairclinic.com\/wp-content\/uploads\/2022\/02\/hair-transplant-sa-1-300x180.jpg 300w, https:\/\/serpilasamhairclinic.com\/wp-content\/uploads\/2022\/02\/hair-transplant-sa-1-768x461.jpg 768w, https:\/\/serpilasamhairclinic.com\/wp-content\/uploads\/2022\/02\/hair-transplant-sa-1-1536x922.jpg 1536w, https:\/\/serpilasamhairclinic.com\/wp-content\/uploads\/2022\/02\/hair-transplant-sa-1.jpg 1800w\" sizes=\"(max-width: 800px) 100vw, 800px\" title=\"\">\t\t\t\t\t\t\t\t\t\t\t\t\t\t\t<\/div>\n\t\t\t\t<\/div>\n\t\t\t\t\t<\/div>\n\t\t<\/div>\n\t\t\t\t<div class=\"elementor-column elementor-col-50 elementor-top-column elementor-element elementor-element-5a7d9ee\" data-id=\"5a7d9ee\" data-element_type=\"column\" data-e-type=\"column\">\n\t\t\t<div class=\"elementor-widget-wrap elementor-element-populated\">\n\t\t\t\t\t\t<div class=\"elementor-element elementor-element-ea7f270 elementor-widget elementor-widget-image\" data-id=\"ea7f270\" data-element_type=\"widget\" data-e-type=\"widget\" data-widget_type=\"image.default\">\n\t\t\t\t<div class=\"elementor-widget-container\">\n\t\t\t\t\t\t\t\t\t\t\t\t\t\t\t<img decoding=\"async\" width=\"800\" height=\"480\" src=\"https:\/\/serpilasamhairclinic.com\/wp-content\/uploads\/2022\/02\/hair-transplant-sa-1024x615.jpg\" class=\"attachment-large size-large wp-image-576\" alt=\"\" srcset=\"https:\/\/serpilasamhairclinic.com\/wp-content\/uploads\/2022\/02\/hair-transplant-sa-1024x615.jpg 1024w, https:\/\/serpilasamhairclinic.com\/wp-content\/uploads\/2022\/02\/hair-transplant-sa-300x180.jpg 300w, https:\/\/serpilasamhairclinic.com\/wp-content\/uploads\/2022\/02\/hair-transplant-sa-768x461.jpg 768w, https:\/\/serpilasamhairclinic.com\/wp-content\/uploads\/2022\/02\/hair-transplant-sa-1536x922.jpg 1536w, https:\/\/serpilasamhairclinic.com\/wp-content\/uploads\/2022\/02\/hair-transplant-sa.jpg 1800w\" sizes=\"(max-width: 800px) 100vw, 800px\" title=\"\">\t\t\t\t\t\t\t\t\t\t\t\t\t\t\t<\/div>\n\t\t\t\t<\/div>\n\t\t\t\t\t<\/div>\n\t\t<\/div>\n\t\t\t\t\t<\/div>\n\t\t<\/section>\n\t\t\t\t<section class=\"elementor-section elementor-top-section elementor-element elementor-element-632af8c elementor-section-boxed elementor-section-height-default elementor-section-height-default\" data-id=\"632af8c\" data-element_type=\"section\" data-e-type=\"section\" id=\"estetik\" data-settings=\"{&quot;background_background&quot;:&quot;classic&quot;}\">\n\t\t\t\t\t\t<div class=\"elementor-container elementor-column-gap-default\">\n\t\t\t\t\t<div class=\"elementor-column elementor-col-100 elementor-top-column elementor-element elementor-element-45c92d73\" data-id=\"45c92d73\" data-element_type=\"column\" data-e-type=\"column\">\n\t\t\t<div class=\"elementor-widget-wrap elementor-element-populated\">\n\t\t\t\t\t\t<div class=\"elementor-element elementor-element-74b40ae elementor-widget elementor-widget-text-editor\" data-id=\"74b40ae\" data-element_type=\"widget\" data-e-type=\"widget\" data-widget_type=\"text-editor.default\">\n\t\t\t\t<div class=\"elementor-widget-container\">\n\t\t\t\t\t\t\t\t\t<h2><strong>Greffe de cheveux Dhi (implantation directe de cheveux)<\/strong><\/h2><p><strong>La perte de cheveux survient<\/strong> pour des raisons telles que le stress, des facteurs g\u00e9n\u00e9tiques, une mauvaise qualit\u00e9 de vie et une alimentation inad\u00e9quate du pass\u00e9 \u00e0 nos jours. Bien que le jugement g\u00e9n\u00e9ral semble \u00eatre un probl\u00e8me m\u00e9dical et esth\u00e9tique v\u00e9cu par les hommes, la perte de cheveux est un probl\u00e8me courant chez les femmes. Aujourd&rsquo;hui, gr\u00e2ce aux d\u00e9veloppements m\u00e9dicaux et technologiques, la perte de cheveux a \u00e9t\u00e9 r\u00e9solue par diff\u00e9rentes m\u00e9thodes.<\/p><p>L&rsquo;un d&rsquo;eux est <strong>la greffe de cheveux DHI,<\/strong> \u00ab\u00a0Direct Hair Implant\u00a0\u00bb.<\/p><h2><strong>Qu&rsquo;est-ce que la greffe de cheveux Dhi?<\/strong><\/h2><p><strong>La greffe de cheveux DHI<\/strong> est appel\u00e9e implants capillaires directs. Il est pr\u00e9f\u00e9r\u00e9 car il est plus confortable que les autres m\u00e9thodes de greffe de cheveux.<\/p><h2><strong>Qu&rsquo;est-ce que le stylo m\u00e9dical Cho\u0131 ?<\/strong><\/h2><p><strong>Le stylo m\u00e9dical Choi<\/strong> est un dispositif m\u00e9dical tr\u00e8s fin et pointu, qui, gr\u00e2ce \u00e0 sa structure sp\u00e9ciale, les follicules pileux seront plac\u00e9s sur le stylo m\u00e9dical Choi puis transplant\u00e9s en appuyant de la m\u00eame mani\u00e8re sur la zone sp\u00e9ciale situ\u00e9e derri\u00e8re, sans faire d&rsquo;incisions.<\/p><h2><strong>Pr\u00e9parations avant la greffe de cheveux Dhi&nbsp;?<\/strong><\/h2><ul><li>Il est n\u00e9cessaire de faire une pause dans les anticoagulants avant les op\u00e9rations de greffe de cheveux.<\/li><li>L&rsquo;alcool et le tabac doivent \u00eatre arr\u00eat\u00e9s quelques jours avant l&rsquo;op\u00e9ration.<\/li><li>La clinique doit \u00eatre inform\u00e9e des allergies, des maladies chroniques et des m\u00e9dicaments utilis\u00e9s en permanence.<\/li><li>Avant la greffe de cheveux, les femmes doivent \u00e9viter les proc\u00e9dures telles que la teinture des cheveux et le henn\u00e9.<\/li><li>S&rsquo;il y a de l&rsquo;ecz\u00e9ma ou des maladies similaires sur le cuir chevelu, le sp\u00e9cialiste doit \u00eatre trait\u00e9 par un dermatologue.<\/li><\/ul><h2><strong>Quelles sont les \u00e9tapes de la greffe de cheveux Dhi ?<\/strong><\/h2><ul><li>La r\u00e9gion \u00e0 planter est d\u00e9termin\u00e9e et le dessin n\u00e9cessaire est r\u00e9alis\u00e9 par l&rsquo;expert.<\/li><li>Une fois la zone donneuse d\u00e9termin\u00e9e, une anesth\u00e9sie locale est appliqu\u00e9e pour d\u00e9tendre les follicules pileux de la zone.<\/li><li>Les graines de follicules pileux sains sont pr\u00e9lev\u00e9es dans la zone o\u00f9 l&rsquo;anesth\u00e9sie locale est appliqu\u00e9e, \u00e0 angle droit.<\/li><li>Apr\u00e8s avoir ins\u00e9r\u00e9 des graines saines dans un stylo choi sp\u00e9cial, les graines de racines de cheveux sains prises sont plac\u00e9es sur la zone chauve<\/li><li>La greffe de cheveux DHI doit \u00eatre effectu\u00e9e par des professionnels experts dans cette proc\u00e9dure.<\/li><li>Apr\u00e8s la fin du processus de semis, un examen de contr\u00f4le est effectu\u00e9 apr\u00e8s le premier jour apr\u00e8s la proc\u00e9dure, comme dans d&rsquo;autres m\u00e9thodes. Le lavage est fait le deuxi\u00e8me jour.<\/li><\/ul><h2><strong>Recommandations apr\u00e8s la greffe de cheveux Dhi<\/strong><\/h2><p>L&rsquo;alcool et les cigarettes ne doivent pas \u00eatre utilis\u00e9s pendant la p\u00e9riode d\u00e9termin\u00e9e par la croissance des <strong>cheveux apr\u00e8s la greffe de cheveux.<\/strong><\/p><ul><li>En aucun cas, une pression ne doit \u00eatre appliqu\u00e9e sur la zone transplant\u00e9e.<\/li><li>Des pr\u00e9cautions doivent \u00eatre prises en position couch\u00e9e et les accessoires tels que les chapeaux et les foulards ne doivent pas \u00eatre utilis\u00e9s, sauf sur recommandation du m\u00e9decin.<\/li><li>Les m\u00e9dicaments prescrits doivent \u00eatre utilis\u00e9s int\u00e9gralement.<\/li><li>Vous ne devez pas utiliser le s\u00e8che-cheveux avant l&rsquo;approbation de votre m\u00e9decin.<\/li><li>Jusqu&rsquo;\u00e0 l&rsquo;approbation de votre m\u00e9decin, vous ne devez pas faire d&rsquo;exercices intenses ni d&rsquo;activit\u00e9s sportives intenses, vous devez manger des fruits et des l\u00e9gumes et consommer beaucoup d&rsquo;eau.<\/li><\/ul><h2><strong>Quelle est la dur\u00e9e de gu\u00e9rison de la greffe de cheveux Dhi&nbsp;?<\/strong><\/h2><p>Le temps de r\u00e9cup\u00e9ration de <strong>la greffe de cheveux DHI<\/strong> est beaucoup plus court que les autres m\u00e9thodes. Dans la m\u00e9thode de greffe de cheveux dhi, le patient sort le m\u00eame jour. Le lendemain de l&rsquo;op\u00e9ration, le patient pourra reprendre son travail.<\/p><p>Apr\u00e8s l&rsquo;op\u00e9ration, les graines pousseront en 10 jours, apr\u00e8s quoi en 2 mois certaines des graines commenceront \u00e0 tomber mais c&rsquo;est normal \u00e0 ce stade, apr\u00e8s le 3\u00e8me mois, les graines commenceront \u00e0 pousser.<\/p><p>Apr\u00e8s la greffe de cheveux, le temps n\u00e9cessaire pour terminer les \u00e9tapes de la greffe de cheveux varie d&rsquo;environ 12 mois, et \u00e0 la fin de ce processus, vous avez la chance de voir clairement l&rsquo;\u00e9tat final de vos cheveux.<\/p><h2><strong>Quels sont les avantages de la greffe de cheveux Dhi ?<\/strong><\/h2><ul><li>Qui ne veut pas se raser les cheveux, en particulier les femmes, cette m\u00e9thode est pr\u00e9f\u00e9r\u00e9e.<\/li><li>Gr\u00e2ce au <strong>stylo m\u00e9dical sp\u00e9cial cho\u0131<\/strong> , le temps de gu\u00e9rison est plus court car les incisions et les canaux ne sont pas ouverts comme les autres m\u00e9thodes.<\/li><li>\u00c9tant donn\u00e9 que les canaux d&rsquo;incision et de plantation ne sont pas ouverts et que la zone \u00e0 traiter est plus saine, une plantation plus fr\u00e9quente peut \u00eatre appliqu\u00e9e, ce qui donne un aspect plus intense et esth\u00e9tique \u00e0 l&rsquo;\u00e9tape suivante.<\/li><li>Puisqu&rsquo;il n&rsquo;y a pas de rasage et de coupures dans la m\u00e9thode de greffe de cheveux dhi, ceux qui ont transplant\u00e9 ont un processus de r\u00e9cup\u00e9ration plus rapide et plus confortable.<\/li><li>C&rsquo;est une m\u00e9thode alternative pour ne pas se raser, surtout pour les femmes qui ne veulent pas se raser la t\u00eate.<\/li><\/ul><h2><strong>Qui sont les personnes qui ne peuvent pas avoir de greffe de cheveux Dhi ?<\/strong><\/h2><p>Les personnes qui ne peuvent pas avoir la greffe de cheveux dhi sont celles qui ont certaines maladies. <strong>La greffe de cheveux<\/strong> n&rsquo;est pas appliqu\u00e9e aux patients atteints de ces maladies, h\u00e9patite c, sida, lichen, pseudopelade.<\/p><p>Les autres personnes pour lesquelles la greffe de cheveux dhi ne peut pas \u00eatre effectu\u00e9e sont les patients chroniques qui n&rsquo;ont pas atteint un certain stade, et les patients souffrant d&rsquo;hypertension art\u00e9rielle et de diab\u00e8te qui ne re\u00e7oivent pas le vote d&rsquo;un m\u00e9decin.<\/p><p>\u00c9tant donn\u00e9 que la greffe de cheveux est une proc\u00e9dure effectu\u00e9e avec leurs propres graines de follicule pileux, <strong>la greffe<\/strong> de cheveux ne peut pas \u00eatre effectu\u00e9e sur des personnes qui n&rsquo;ont pas suffisamment de graines de follicule pileux en bonne sant\u00e9.<\/p><p>La m\u00e9thode <strong>de greffe de cheveux DHI<\/strong> n&rsquo;est pas recommand\u00e9e pour les personnes qui ont d\u00e9j\u00e0 subi plus de 3 op\u00e9rations de greffe de cheveux et qui n&rsquo;ont pas obtenu de r\u00e9sultats.<\/p><p>Enfin, les personnes de moins de 18 ans ne peuvent l\u00e9galement subir <strong>une greffe de cheveux<\/strong> .<\/p>\t\t\t\t\t\t\t\t<\/div>\n\t\t\t\t<\/div>\n\t\t\t\t\t<\/div>\n\t\t<\/div>\n\t\t\t\t\t<\/div>\n\t\t<\/section>\n\t\t\t\t<\/div>\n\t\t","protected":false},"excerpt":{"rendered":"<p>Greffe de cheveux DHI Greffe de cheveux Dhi (implantation directe de cheveux) La perte de cheveux survient pour des raisons telles que le stress, des facteurs g\u00e9n\u00e9tiques, une mauvaise qualit\u00e9 de vie et une alimentation inad\u00e9quate du pass\u00e9 \u00e0 nos jours. Bien que le jugement g\u00e9n\u00e9ral semble \u00eatre un probl\u00e8me m\u00e9dical et esth\u00e9tique v\u00e9cu par [&hellip;]<\/p>\n","protected":false},"author":1,"featured_media":0,"parent":0,"menu_order":0,"comment_status":"closed","ping_status":"closed","template":"","meta":{"footnotes":""},"class_list":["post-1121","page","type-page","status-publish","hentry"],"_links":{"self":[{"href":"https:\/\/serpilasamhairclinic.com\/fr\/wp-json\/wp\/v2\/pages\/1121","targetHints":{"allow":["GET"]}}],"collection":[{"href":"https:\/\/serpilasamhairclinic.com\/fr\/wp-json\/wp\/v2\/pages"}],"about":[{"href":"https:\/\/serpilasamhairclinic.com\/fr\/wp-json\/wp\/v2\/types\/page"}],"author":[{"embeddable":true,"href":"https:\/\/serpilasamhairclinic.com\/fr\/wp-json\/wp\/v2\/users\/1"}],"replies":[{"embeddable":true,"href":"https:\/\/serpilasamhairclinic.com\/fr\/wp-json\/wp\/v2\/comments?post=1121"}],"version-history":[{"count":0,"href":"https:\/\/serpilasamhairclinic.com\/fr\/wp-json\/wp\/v2\/pages\/1121\/revisions"}],"wp:attachment":[{"href":"https:\/\/serpilasamhairclinic.com\/fr\/wp-json\/wp\/v2\/media?parent=1121"}],"curies":[{"name":"wp","href":"https:\/\/api.w.org\/{rel}","templated":true}]}}